{"id":22315,"date":"2020-09-23T20:02:15","date_gmt":"2020-09-23T18:02:15","guid":{"rendered":"https:\/\/www.chocolate7.com\/?post_type=product&#038;p=22315"},"modified":"2026-04-01T17:27:46","modified_gmt":"2026-04-01T15:27:46","slug":"georgia-ramon-belize","status":"publish","type":"product","link":"https:\/\/www.chocolate7.com\/en\/shop\/bar\/100-en-3\/georgia-ramon-belize\/","title":{"rendered":"Georgia Ramon Belize"},"content":{"rendered":"<p style=\"text-align: left\">100% chocolate bar &#8211; Made by Georgia Ramon<\/p>\n<p style=\"text-align: left\">Der Staat Belize liegt in Zentralamerika und befindet sich im S\u00fcdosten der Halbinsel Yucat\u00e1n. Belize grenzt im Norden an Mexiko und im S\u00fcden und Westen an Guatemala.\u00a0Zwischen 250 v. Chr. und 900 v. Chr. siedelten sich in diesem Gebiet und in Teilen von Honduras und El Salvador die Maya an und kultivierten Kakao.<br \/>\nAuch heute leben noch Nachfahren der Urv\u00e4ter der Kakaokultur in Belize und pflegen das \u00fcber Jahrhunderte \u00fcberlieferte Wissen \u00fcber Kakao. Der Bio-Kakao aus Belize ist einer der sehr wenigen und seltenen Heirloom-Kakaosorten. Ein wahres Erbst\u00fcck des vor Jahrhunderten in Belize angebauten Kakaos.<\/p>\n","protected":false},"excerpt":{"rendered":"<p>Georgia Ramon is a bean to bar chocolate maker from Germany. This fine chocolate bar is made with cocoa from Belize. Georgia Ramon Belize 100% is a dark chocolate with a pleasantly acid taste, with aromatic notes of nuts, grapes, cereals, spices, smoked wood<\/p>\n","protected":false},"featured_media":22359,"template":"","meta":[],"pwb-brand":[3348],"product_brand":[],"product_cat":[3251,3252],"product_tag":[],"giftcard-category":[],"class_list":{"0":"post-22315","1":"product","2":"type-product","3":"status-publish","4":"has-post-thumbnail","6":"pwb-brand-georgia-ramon-en","7":"product_cat-bar","8":"product_cat-100-en-3","9":"pa_acidita-3-en","10":"pa_allergeni-may-contain-traces-of-nuts-and-milk-vegan-gluten-free","11":"pa_amarezza-4-en","12":"pa_astringenza-1-en","13":"pa_cacao-100-en","14":"pa_carboidrati-7-g-en","15":"pa_carboidrati-zuccheri-06-g-en","16":"pa_dolcezza-1-en","17":"pa_grassi-54-g-en","18":"pa_grassi-saturi-33-g-en","19":"pa_ingredienti-cocoa-mass-en","20":"pa_note-di-degustazione-nuts-grapes-cereals-spices-legno-affumicato","21":"pa_paese-delle-fave-di-cacao-belize-en","22":"pa_paese-produttore-germany","23":"pa_percentuale-di-cacao-100-en","24":"pa_proteine-13-g-en","25":"pa_sale-001-g-en","26":"pa_tipo-di-cioccolato-100-en","27":"pa_valore-energetico-570-kcal-2-386-kj-en","29":"first","30":"instock","31":"taxable","32":"shipping-taxable","33":"purchasable","34":"product-type-simple"},"yoast_head":"<!-- This site is optimized with the Yoast SEO plugin v23.3 - https:\/\/yoast.com\/wordpress\/plugins\/seo\/ -->\n<title>Georgia Ramon Belize - Chocolate7<\/title>\n<meta name=\"robots\" content=\"index, follow, max-snippet:-1, max-image-preview:large, max-video-preview:-1\" \/>\n<link rel=\"canonical\" href=\"https:\/\/www.chocolate7.com\/shop\/tavoletta\/100\/georgia-ramon-belize\/\" \/>\n<meta property=\"og:locale\" content=\"en_US\" \/>\n<meta property=\"og:type\" content=\"article\" \/>\n<meta property=\"og:title\" content=\"Georgia Ramon Belize - Chocolate7\" \/>\n<meta property=\"og:description\" content=\"Georgia Ramon is a bean to bar chocolate maker from Germany. This fine chocolate bar is made with cocoa from Belize. Georgia Ramon Belize 100% is a dark chocolate with a pleasantly acid taste, with aromatic notes of nuts, grapes, cereals, spices, smoked wood\" \/>\n<meta property=\"og:url\" content=\"https:\/\/www.chocolate7.com\/shop\/tavoletta\/100\/georgia-ramon-belize\/\" \/>\n<meta property=\"og:site_name\" content=\"Chocolate7\" \/>\n<meta property=\"article:publisher\" content=\"https:\/\/www.facebook.com\/cremino.gianduia.1\" \/>\n<meta property=\"article:modified_time\" content=\"2026-04-01T15:27:46+00:00\" \/>\n<meta property=\"og:image\" content=\"https:\/\/www.chocolate7.com\/wp-content\/uploads\/2020\/09\/IMG_20200929_172313_748-e1601393423815.jpg\" \/>\n\t<meta property=\"og:image:width\" content=\"600\" \/>\n\t<meta property=\"og:image:height\" content=\"600\" \/>\n\t<meta property=\"og:image:type\" content=\"image\/jpeg\" \/>\n<meta name=\"twitter:card\" content=\"summary_large_image\" \/>\n<meta name=\"twitter:site\" content=\"@GianduiaCremino\" \/>\n<meta name=\"twitter:label1\" content=\"Est. reading time\" \/>\n\t<meta name=\"twitter:data1\" content=\"1 minute\" \/>\n<script type=\"application\/ld+json\" class=\"yoast-schema-graph\">{\"@context\":\"https:\/\/schema.org\",\"@graph\":[{\"@type\":\"WebPage\",\"@id\":\"https:\/\/www.chocolate7.com\/shop\/tavoletta\/100\/georgia-ramon-belize\/\",\"url\":\"https:\/\/www.chocolate7.com\/shop\/tavoletta\/100\/georgia-ramon-belize\/\",\"name\":\"Georgia Ramon Belize - Chocolate7\",\"isPartOf\":{\"@id\":\"https:\/\/www.chocolate7.com\/#website\"},\"primaryImageOfPage\":{\"@id\":\"https:\/\/www.chocolate7.com\/shop\/tavoletta\/100\/georgia-ramon-belize\/#primaryimage\"},\"image\":{\"@id\":\"https:\/\/www.chocolate7.com\/shop\/tavoletta\/100\/georgia-ramon-belize\/#primaryimage\"},\"thumbnailUrl\":\"https:\/\/www.chocolate7.com\/wp-content\/uploads\/2020\/09\/IMG_20200929_172313_748-e1601393423815.jpg\",\"datePublished\":\"2020-09-23T18:02:15+00:00\",\"dateModified\":\"2026-04-01T15:27:46+00:00\",\"breadcrumb\":{\"@id\":\"https:\/\/www.chocolate7.com\/shop\/tavoletta\/100\/georgia-ramon-belize\/#breadcrumb\"},\"inLanguage\":\"en-US\",\"potentialAction\":[{\"@type\":\"ReadAction\",\"target\":[\"https:\/\/www.chocolate7.com\/shop\/tavoletta\/100\/georgia-ramon-belize\/\"]}]},{\"@type\":\"ImageObject\",\"inLanguage\":\"en-US\",\"@id\":\"https:\/\/www.chocolate7.com\/shop\/tavoletta\/100\/georgia-ramon-belize\/#primaryimage\",\"url\":\"https:\/\/www.chocolate7.com\/wp-content\/uploads\/2020\/09\/IMG_20200929_172313_748-e1601393423815.jpg\",\"contentUrl\":\"https:\/\/www.chocolate7.com\/wp-content\/uploads\/2020\/09\/IMG_20200929_172313_748-e1601393423815.jpg\",\"width\":600,\"height\":600},{\"@type\":\"BreadcrumbList\",\"@id\":\"https:\/\/www.chocolate7.com\/shop\/tavoletta\/100\/georgia-ramon-belize\/#breadcrumb\",\"itemListElement\":[{\"@type\":\"ListItem\",\"position\":1,\"name\":\"Home\",\"item\":\"https:\/\/www.chocolate7.com\/en\/\"},{\"@type\":\"ListItem\",\"position\":2,\"name\":\"Shop\",\"item\":\"https:\/\/www.chocolate7.com\/en\/store\/\"},{\"@type\":\"ListItem\",\"position\":3,\"name\":\"Georgia Ramon Belize\"}]},{\"@type\":\"WebSite\",\"@id\":\"https:\/\/www.chocolate7.com\/#website\",\"url\":\"https:\/\/www.chocolate7.com\/\",\"name\":\"Chocolate7\",\"description\":\"The fine &amp; luxury chocolate selection\",\"publisher\":{\"@id\":\"https:\/\/www.chocolate7.com\/#organization\"},\"potentialAction\":[{\"@type\":\"SearchAction\",\"target\":{\"@type\":\"EntryPoint\",\"urlTemplate\":\"https:\/\/www.chocolate7.com\/?s={search_term_string}\"},\"query-input\":\"required name=search_term_string\"}],\"inLanguage\":\"en-US\"},{\"@type\":\"Organization\",\"@id\":\"https:\/\/www.chocolate7.com\/#organization\",\"name\":\"Choc7 di Benedetto Giovanni\",\"url\":\"https:\/\/www.chocolate7.com\/\",\"logo\":{\"@type\":\"ImageObject\",\"inLanguage\":\"en-US\",\"@id\":\"https:\/\/www.chocolate7.com\/#\/schema\/logo\/image\/\",\"url\":\"https:\/\/www.chocolate7.com\/wp-content\/uploads\/2018\/10\/logo_chocolate.png\",\"contentUrl\":\"https:\/\/www.chocolate7.com\/wp-content\/uploads\/2018\/10\/logo_chocolate.png\",\"width\":200,\"height\":41,\"caption\":\"Choc7 di Benedetto Giovanni\"},\"image\":{\"@id\":\"https:\/\/www.chocolate7.com\/#\/schema\/logo\/image\/\"},\"sameAs\":[\"https:\/\/www.facebook.com\/cremino.gianduia.1\",\"https:\/\/x.com\/GianduiaCremino\",\"https:\/\/www.instagram.com\/creminogianduia\/\",\"https:\/\/www.pinterest.com.au\/creminogianduia\/\",\"https:\/\/www.youtube.com\/channel\/UCWFQlcc9EQnAsLkD8rBsgig\"]}]}<\/script>\n<!-- \/ Yoast SEO plugin. -->","yoast_head_json":{"title":"Georgia Ramon Belize - Chocolate7","robots":{"index":"index","follow":"follow","max-snippet":"max-snippet:-1","max-image-preview":"max-image-preview:large","max-video-preview":"max-video-preview:-1"},"canonical":"https:\/\/www.chocolate7.com\/shop\/tavoletta\/100\/georgia-ramon-belize\/","og_locale":"en_US","og_type":"article","og_title":"Georgia Ramon Belize - Chocolate7","og_description":"Georgia Ramon is a bean to bar chocolate maker from Germany. This fine chocolate bar is made with cocoa from Belize. Georgia Ramon Belize 100% is a dark chocolate with a pleasantly acid taste, with aromatic notes of nuts, grapes, cereals, spices, smoked wood","og_url":"https:\/\/www.chocolate7.com\/shop\/tavoletta\/100\/georgia-ramon-belize\/","og_site_name":"Chocolate7","article_publisher":"https:\/\/www.facebook.com\/cremino.gianduia.1","article_modified_time":"2026-04-01T15:27:46+00:00","og_image":[{"width":600,"height":600,"url":"https:\/\/www.chocolate7.com\/wp-content\/uploads\/2020\/09\/IMG_20200929_172313_748-e1601393423815.jpg","type":"image\/jpeg"}],"twitter_card":"summary_large_image","twitter_site":"@GianduiaCremino","twitter_misc":{"Est. reading time":"1 minute"},"schema":{"@context":"https:\/\/schema.org","@graph":[{"@type":"WebPage","@id":"https:\/\/www.chocolate7.com\/shop\/tavoletta\/100\/georgia-ramon-belize\/","url":"https:\/\/www.chocolate7.com\/shop\/tavoletta\/100\/georgia-ramon-belize\/","name":"Georgia Ramon Belize - Chocolate7","isPartOf":{"@id":"https:\/\/www.chocolate7.com\/#website"},"primaryImageOfPage":{"@id":"https:\/\/www.chocolate7.com\/shop\/tavoletta\/100\/georgia-ramon-belize\/#primaryimage"},"image":{"@id":"https:\/\/www.chocolate7.com\/shop\/tavoletta\/100\/georgia-ramon-belize\/#primaryimage"},"thumbnailUrl":"https:\/\/www.chocolate7.com\/wp-content\/uploads\/2020\/09\/IMG_20200929_172313_748-e1601393423815.jpg","datePublished":"2020-09-23T18:02:15+00:00","dateModified":"2026-04-01T15:27:46+00:00","breadcrumb":{"@id":"https:\/\/www.chocolate7.com\/shop\/tavoletta\/100\/georgia-ramon-belize\/#breadcrumb"},"inLanguage":"en-US","potentialAction":[{"@type":"ReadAction","target":["https:\/\/www.chocolate7.com\/shop\/tavoletta\/100\/georgia-ramon-belize\/"]}]},{"@type":"ImageObject","inLanguage":"en-US","@id":"https:\/\/www.chocolate7.com\/shop\/tavoletta\/100\/georgia-ramon-belize\/#primaryimage","url":"https:\/\/www.chocolate7.com\/wp-content\/uploads\/2020\/09\/IMG_20200929_172313_748-e1601393423815.jpg","contentUrl":"https:\/\/www.chocolate7.com\/wp-content\/uploads\/2020\/09\/IMG_20200929_172313_748-e1601393423815.jpg","width":600,"height":600},{"@type":"BreadcrumbList","@id":"https:\/\/www.chocolate7.com\/shop\/tavoletta\/100\/georgia-ramon-belize\/#breadcrumb","itemListElement":[{"@type":"ListItem","position":1,"name":"Home","item":"https:\/\/www.chocolate7.com\/en\/"},{"@type":"ListItem","position":2,"name":"Shop","item":"https:\/\/www.chocolate7.com\/en\/store\/"},{"@type":"ListItem","position":3,"name":"Georgia Ramon Belize"}]},{"@type":"WebSite","@id":"https:\/\/www.chocolate7.com\/#website","url":"https:\/\/www.chocolate7.com\/","name":"Chocolate7","description":"The fine &amp; luxury chocolate selection","publisher":{"@id":"https:\/\/www.chocolate7.com\/#organization"},"potentialAction":[{"@type":"SearchAction","target":{"@type":"EntryPoint","urlTemplate":"https:\/\/www.chocolate7.com\/?s={search_term_string}"},"query-input":"required name=search_term_string"}],"inLanguage":"en-US"},{"@type":"Organization","@id":"https:\/\/www.chocolate7.com\/#organization","name":"Choc7 di Benedetto Giovanni","url":"https:\/\/www.chocolate7.com\/","logo":{"@type":"ImageObject","inLanguage":"en-US","@id":"https:\/\/www.chocolate7.com\/#\/schema\/logo\/image\/","url":"https:\/\/www.chocolate7.com\/wp-content\/uploads\/2018\/10\/logo_chocolate.png","contentUrl":"https:\/\/www.chocolate7.com\/wp-content\/uploads\/2018\/10\/logo_chocolate.png","width":200,"height":41,"caption":"Choc7 di Benedetto Giovanni"},"image":{"@id":"https:\/\/www.chocolate7.com\/#\/schema\/logo\/image\/"},"sameAs":["https:\/\/www.facebook.com\/cremino.gianduia.1","https:\/\/x.com\/GianduiaCremino","https:\/\/www.instagram.com\/creminogianduia\/","https:\/\/www.pinterest.com.au\/creminogianduia\/","https:\/\/www.youtube.com\/channel\/UCWFQlcc9EQnAsLkD8rBsgig"]}]}},"brands":[{"id":3348,"name":"Georgia Ramon","slug":"georgia-ramon-en"}],"_links":{"self":[{"href":"https:\/\/www.chocolate7.com\/en\/wp-json\/wp\/v2\/product\/22315","targetHints":{"allow":["GET"]}}],"collection":[{"href":"https:\/\/www.chocolate7.com\/en\/wp-json\/wp\/v2\/product"}],"about":[{"href":"https:\/\/www.chocolate7.com\/en\/wp-json\/wp\/v2\/types\/product"}],"wp:featuredmedia":[{"embeddable":true,"href":"https:\/\/www.chocolate7.com\/en\/wp-json\/wp\/v2\/media\/22359"}],"wp:attachment":[{"href":"https:\/\/www.chocolate7.com\/en\/wp-json\/wp\/v2\/media?parent=22315"}],"wp:term":[{"taxonomy":"pwb-brand","embeddable":true,"href":"https:\/\/www.chocolate7.com\/en\/wp-json\/wp\/v2\/pwb-brand?post=22315"},{"taxonomy":"product_brand","embeddable":true,"href":"https:\/\/www.chocolate7.com\/en\/wp-json\/wp\/v2\/product_brand?post=22315"},{"taxonomy":"product_cat","embeddable":true,"href":"https:\/\/www.chocolate7.com\/en\/wp-json\/wp\/v2\/product_cat?post=22315"},{"taxonomy":"product_tag","embeddable":true,"href":"https:\/\/www.chocolate7.com\/en\/wp-json\/wp\/v2\/product_tag?post=22315"},{"taxonomy":"giftcard-category","embeddable":true,"href":"https:\/\/www.chocolate7.com\/en\/wp-json\/wp\/v2\/giftcard-category?post=22315"}],"curies":[{"name":"wp","href":"https:\/\/api.w.org\/{rel}","templated":true}]}}