{"id":22317,"date":"2020-09-24T17:29:06","date_gmt":"2020-09-24T15:29:07","guid":{"rendered":"https:\/\/www.chocolate7.com\/?post_type=product&#038;p=22317"},"modified":"2023-10-10T00:13:28","modified_gmt":"2023-10-09T22:13:28","slug":"georgia-ramon-peru-chuncho","status":"publish","type":"product","link":"https:\/\/www.chocolate7.com\/en\/shop\/bar\/dark-chocolate-en-2\/georgia-ramon-peru-chuncho\/","title":{"rendered":"Georgia Ramon Peru Chuncho"},"content":{"rendered":"<p style=\"text-align: left\">Dark chocolate bar &#8211; Made by Georgia Ramon<\/p>\n<p style=\"text-align: left\">Peru ist ein Staat im westlichen S\u00fcdamerika und grenzt im Norden an Ecuador und Kolumbien, im Osten an Brasilien, im S\u00fcdosten an Bolivien, im S\u00fcden an Chile und im Westen an den Pazifik.\u00a0Die teilweise bis zu 200 Jahre alten Chuncho-B\u00e4ume wachsen in f\u00fcr Kakao ungew\u00f6hnliche H\u00f6hen unweit der Inkast\u00e4tte Machu Picchu. Chuncho-Kakao z\u00e4hlt zu den aromatischsten und \u00e4ltesten Kakaosorten der Welt.<\/p>\n","protected":false},"excerpt":{"rendered":"<p>Georgia Ramon is a bean to bar chocolate maker from Germany. This fine chocolate bar is made with cocoa from Peru (Cusco valley, Chuncho). Georgia Ramon Peru Chuncho 74% is a dark chocolate with a balanced taste, with aromatic notes of dried flowers, honey, grapefruit, apple, pineapple, kiwi, passion fruit, blueberries, blackberries, herbaceous, ginger<\/p>\n","protected":false},"featured_media":22357,"template":"","meta":[],"pwb-brand":[3348],"product_brand":[],"product_cat":[3251,3255],"product_tag":[],"giftcard-category":[],"class_list":{"0":"post-22317","1":"product","2":"type-product","3":"status-publish","4":"has-post-thumbnail","6":"pwb-brand-georgia-ramon-en","7":"product_cat-bar","8":"product_cat-dark-chocolate-en-2","9":"pa_acidita-4-en","10":"pa_allergeni-may-contain-traces-of-nuts-and-milk-vegan-gluten-free","11":"pa_amarezza-2-en","12":"pa_astringenza-1-en","13":"pa_cacao-70-79-en","14":"pa_carboidrati-32-g-en","15":"pa_carboidrati-zuccheri-26-g-en","16":"pa_certificazioni-unless-otherwise-indicated-all-raw-materials-come-from-organic-farming-de-oko-003-non-eu-agriculture-en","17":"pa_dolcezza-3-en","18":"pa_grassi-43-g-en","19":"pa_grassi-saturi-29-g-en","20":"pa_ingredienti-cocoa-mass-raw-cane-sugar-cocoa-butter","21":"pa_ingredienti-cocoa-mass-raw-cane-sugar-cocoa-butter-unless-otherwise-indicated-all-raw-materials-come-from-organic-farming-de-oko-003-non-eu-agriculture","22":"pa_note-di-degustazione-dried-flowers-honey-grapefruit-apple-pineapple-kiwi-passion-fruit-blueberries-blackberries-herbaceous-ginger","23":"pa_paese-delle-fave-di-cacao-peru-en","24":"pa_paese-produttore-germany","25":"pa_percentuale-di-cacao-74-en","26":"pa_proteine-8-g-en","27":"pa_regione-chuncho-en","28":"pa_sale-002-g-en","29":"pa_tipo-di-cioccolato-fondente-en","30":"pa_valore-energetico-572-kcal-2-395-kj-en","31":"pa_varieta-delle-fave-cusco-valley-en","33":"first","34":"outofstock","35":"taxable","36":"shipping-taxable","37":"purchasable","38":"product-type-simple"},"yoast_head":"<!-- This site is optimized with the Yoast SEO plugin v23.3 - https:\/\/yoast.com\/wordpress\/plugins\/seo\/ -->\n<title>Georgia Ramon Peru Chuncho - Chocolate7<\/title>\n<meta name=\"robots\" content=\"index, follow, max-snippet:-1, max-image-preview:large, max-video-preview:-1\" \/>\n<link rel=\"canonical\" href=\"https:\/\/www.chocolate7.com\/en\/shop\/bar\/dark-chocolate-en-2\/georgia-ramon-peru-chuncho\/\" \/>\n<meta property=\"og:locale\" content=\"en_US\" \/>\n<meta property=\"og:type\" content=\"article\" \/>\n<meta property=\"og:title\" content=\"Georgia Ramon Peru Chuncho - Chocolate7\" \/>\n<meta property=\"og:description\" content=\"Georgia Ramon is a bean to bar chocolate maker from Germany. This fine chocolate bar is made with cocoa from Peru (Cusco valley, Chuncho). Georgia Ramon Peru Chuncho 74% is a dark chocolate with a balanced taste, with aromatic notes of dried flowers, honey, grapefruit, apple, pineapple, kiwi, passion fruit, blueberries, blackberries, herbaceous, ginger\" \/>\n<meta property=\"og:url\" content=\"https:\/\/www.chocolate7.com\/en\/shop\/bar\/dark-chocolate-en-2\/georgia-ramon-peru-chuncho\/\" \/>\n<meta property=\"og:site_name\" content=\"Chocolate7\" \/>\n<meta property=\"article:publisher\" content=\"https:\/\/www.facebook.com\/cremino.gianduia.1\" \/>\n<meta property=\"article:modified_time\" content=\"2023-10-09T22:13:28+00:00\" \/>\n<meta property=\"og:image\" content=\"https:\/\/www.chocolate7.com\/wp-content\/uploads\/2020\/09\/IMG_20200929_171826_979-e1601392843419.jpg\" \/>\n\t<meta property=\"og:image:width\" content=\"600\" \/>\n\t<meta property=\"og:image:height\" content=\"600\" \/>\n\t<meta property=\"og:image:type\" content=\"image\/jpeg\" \/>\n<meta name=\"twitter:card\" content=\"summary_large_image\" \/>\n<meta name=\"twitter:site\" content=\"@GianduiaCremino\" \/>\n<script type=\"application\/ld+json\" class=\"yoast-schema-graph\">{\"@context\":\"https:\/\/schema.org\",\"@graph\":[{\"@type\":\"WebPage\",\"@id\":\"https:\/\/www.chocolate7.com\/en\/shop\/bar\/dark-chocolate-en-2\/georgia-ramon-peru-chuncho\/\",\"url\":\"https:\/\/www.chocolate7.com\/en\/shop\/bar\/dark-chocolate-en-2\/georgia-ramon-peru-chuncho\/\",\"name\":\"Georgia Ramon Peru Chuncho - Chocolate7\",\"isPartOf\":{\"@id\":\"https:\/\/www.chocolate7.com\/#website\"},\"primaryImageOfPage\":{\"@id\":\"https:\/\/www.chocolate7.com\/en\/shop\/bar\/dark-chocolate-en-2\/georgia-ramon-peru-chuncho\/#primaryimage\"},\"image\":{\"@id\":\"https:\/\/www.chocolate7.com\/en\/shop\/bar\/dark-chocolate-en-2\/georgia-ramon-peru-chuncho\/#primaryimage\"},\"thumbnailUrl\":\"https:\/\/www.chocolate7.com\/wp-content\/uploads\/2020\/09\/IMG_20200929_171826_979-e1601392843419.jpg\",\"datePublished\":\"2020-09-24T15:29:07+00:00\",\"dateModified\":\"2023-10-09T22:13:28+00:00\",\"breadcrumb\":{\"@id\":\"https:\/\/www.chocolate7.com\/en\/shop\/bar\/dark-chocolate-en-2\/georgia-ramon-peru-chuncho\/#breadcrumb\"},\"inLanguage\":\"en-US\",\"potentialAction\":[{\"@type\":\"ReadAction\",\"target\":[\"https:\/\/www.chocolate7.com\/en\/shop\/bar\/dark-chocolate-en-2\/georgia-ramon-peru-chuncho\/\"]}]},{\"@type\":\"ImageObject\",\"inLanguage\":\"en-US\",\"@id\":\"https:\/\/www.chocolate7.com\/en\/shop\/bar\/dark-chocolate-en-2\/georgia-ramon-peru-chuncho\/#primaryimage\",\"url\":\"https:\/\/www.chocolate7.com\/wp-content\/uploads\/2020\/09\/IMG_20200929_171826_979-e1601392843419.jpg\",\"contentUrl\":\"https:\/\/www.chocolate7.com\/wp-content\/uploads\/2020\/09\/IMG_20200929_171826_979-e1601392843419.jpg\",\"width\":600,\"height\":600},{\"@type\":\"BreadcrumbList\",\"@id\":\"https:\/\/www.chocolate7.com\/en\/shop\/bar\/dark-chocolate-en-2\/georgia-ramon-peru-chuncho\/#breadcrumb\",\"itemListElement\":[{\"@type\":\"ListItem\",\"position\":1,\"name\":\"Home\",\"item\":\"https:\/\/www.chocolate7.com\/en\/\"},{\"@type\":\"ListItem\",\"position\":2,\"name\":\"Shop\",\"item\":\"https:\/\/www.chocolate7.com\/en\/store\/\"},{\"@type\":\"ListItem\",\"position\":3,\"name\":\"Georgia Ramon Peru Chuncho\"}]},{\"@type\":\"WebSite\",\"@id\":\"https:\/\/www.chocolate7.com\/#website\",\"url\":\"https:\/\/www.chocolate7.com\/\",\"name\":\"Chocolate7\",\"description\":\"The fine &amp; luxury chocolate selection\",\"publisher\":{\"@id\":\"https:\/\/www.chocolate7.com\/#organization\"},\"potentialAction\":[{\"@type\":\"SearchAction\",\"target\":{\"@type\":\"EntryPoint\",\"urlTemplate\":\"https:\/\/www.chocolate7.com\/?s={search_term_string}\"},\"query-input\":\"required name=search_term_string\"}],\"inLanguage\":\"en-US\"},{\"@type\":\"Organization\",\"@id\":\"https:\/\/www.chocolate7.com\/#organization\",\"name\":\"Choc7 di Benedetto Giovanni\",\"url\":\"https:\/\/www.chocolate7.com\/\",\"logo\":{\"@type\":\"ImageObject\",\"inLanguage\":\"en-US\",\"@id\":\"https:\/\/www.chocolate7.com\/#\/schema\/logo\/image\/\",\"url\":\"https:\/\/www.chocolate7.com\/wp-content\/uploads\/2018\/10\/logo_chocolate.png\",\"contentUrl\":\"https:\/\/www.chocolate7.com\/wp-content\/uploads\/2018\/10\/logo_chocolate.png\",\"width\":200,\"height\":41,\"caption\":\"Choc7 di Benedetto Giovanni\"},\"image\":{\"@id\":\"https:\/\/www.chocolate7.com\/#\/schema\/logo\/image\/\"},\"sameAs\":[\"https:\/\/www.facebook.com\/cremino.gianduia.1\",\"https:\/\/x.com\/GianduiaCremino\",\"https:\/\/www.instagram.com\/creminogianduia\/\",\"https:\/\/www.pinterest.com.au\/creminogianduia\/\",\"https:\/\/www.youtube.com\/channel\/UCWFQlcc9EQnAsLkD8rBsgig\"]}]}<\/script>\n<!-- \/ Yoast SEO plugin. -->","yoast_head_json":{"title":"Georgia Ramon Peru Chuncho - Chocolate7","robots":{"index":"index","follow":"follow","max-snippet":"max-snippet:-1","max-image-preview":"max-image-preview:large","max-video-preview":"max-video-preview:-1"},"canonical":"https:\/\/www.chocolate7.com\/en\/shop\/bar\/dark-chocolate-en-2\/georgia-ramon-peru-chuncho\/","og_locale":"en_US","og_type":"article","og_title":"Georgia Ramon Peru Chuncho - Chocolate7","og_description":"Georgia Ramon is a bean to bar chocolate maker from Germany. This fine chocolate bar is made with cocoa from Peru (Cusco valley, Chuncho). Georgia Ramon Peru Chuncho 74% is a dark chocolate with a balanced taste, with aromatic notes of dried flowers, honey, grapefruit, apple, pineapple, kiwi, passion fruit, blueberries, blackberries, herbaceous, ginger","og_url":"https:\/\/www.chocolate7.com\/en\/shop\/bar\/dark-chocolate-en-2\/georgia-ramon-peru-chuncho\/","og_site_name":"Chocolate7","article_publisher":"https:\/\/www.facebook.com\/cremino.gianduia.1","article_modified_time":"2023-10-09T22:13:28+00:00","og_image":[{"width":600,"height":600,"url":"https:\/\/www.chocolate7.com\/wp-content\/uploads\/2020\/09\/IMG_20200929_171826_979-e1601392843419.jpg","type":"image\/jpeg"}],"twitter_card":"summary_large_image","twitter_site":"@GianduiaCremino","schema":{"@context":"https:\/\/schema.org","@graph":[{"@type":"WebPage","@id":"https:\/\/www.chocolate7.com\/en\/shop\/bar\/dark-chocolate-en-2\/georgia-ramon-peru-chuncho\/","url":"https:\/\/www.chocolate7.com\/en\/shop\/bar\/dark-chocolate-en-2\/georgia-ramon-peru-chuncho\/","name":"Georgia Ramon Peru Chuncho - Chocolate7","isPartOf":{"@id":"https:\/\/www.chocolate7.com\/#website"},"primaryImageOfPage":{"@id":"https:\/\/www.chocolate7.com\/en\/shop\/bar\/dark-chocolate-en-2\/georgia-ramon-peru-chuncho\/#primaryimage"},"image":{"@id":"https:\/\/www.chocolate7.com\/en\/shop\/bar\/dark-chocolate-en-2\/georgia-ramon-peru-chuncho\/#primaryimage"},"thumbnailUrl":"https:\/\/www.chocolate7.com\/wp-content\/uploads\/2020\/09\/IMG_20200929_171826_979-e1601392843419.jpg","datePublished":"2020-09-24T15:29:07+00:00","dateModified":"2023-10-09T22:13:28+00:00","breadcrumb":{"@id":"https:\/\/www.chocolate7.com\/en\/shop\/bar\/dark-chocolate-en-2\/georgia-ramon-peru-chuncho\/#breadcrumb"},"inLanguage":"en-US","potentialAction":[{"@type":"ReadAction","target":["https:\/\/www.chocolate7.com\/en\/shop\/bar\/dark-chocolate-en-2\/georgia-ramon-peru-chuncho\/"]}]},{"@type":"ImageObject","inLanguage":"en-US","@id":"https:\/\/www.chocolate7.com\/en\/shop\/bar\/dark-chocolate-en-2\/georgia-ramon-peru-chuncho\/#primaryimage","url":"https:\/\/www.chocolate7.com\/wp-content\/uploads\/2020\/09\/IMG_20200929_171826_979-e1601392843419.jpg","contentUrl":"https:\/\/www.chocolate7.com\/wp-content\/uploads\/2020\/09\/IMG_20200929_171826_979-e1601392843419.jpg","width":600,"height":600},{"@type":"BreadcrumbList","@id":"https:\/\/www.chocolate7.com\/en\/shop\/bar\/dark-chocolate-en-2\/georgia-ramon-peru-chuncho\/#breadcrumb","itemListElement":[{"@type":"ListItem","position":1,"name":"Home","item":"https:\/\/www.chocolate7.com\/en\/"},{"@type":"ListItem","position":2,"name":"Shop","item":"https:\/\/www.chocolate7.com\/en\/store\/"},{"@type":"ListItem","position":3,"name":"Georgia Ramon Peru Chuncho"}]},{"@type":"WebSite","@id":"https:\/\/www.chocolate7.com\/#website","url":"https:\/\/www.chocolate7.com\/","name":"Chocolate7","description":"The fine &amp; luxury chocolate selection","publisher":{"@id":"https:\/\/www.chocolate7.com\/#organization"},"potentialAction":[{"@type":"SearchAction","target":{"@type":"EntryPoint","urlTemplate":"https:\/\/www.chocolate7.com\/?s={search_term_string}"},"query-input":"required name=search_term_string"}],"inLanguage":"en-US"},{"@type":"Organization","@id":"https:\/\/www.chocolate7.com\/#organization","name":"Choc7 di Benedetto Giovanni","url":"https:\/\/www.chocolate7.com\/","logo":{"@type":"ImageObject","inLanguage":"en-US","@id":"https:\/\/www.chocolate7.com\/#\/schema\/logo\/image\/","url":"https:\/\/www.chocolate7.com\/wp-content\/uploads\/2018\/10\/logo_chocolate.png","contentUrl":"https:\/\/www.chocolate7.com\/wp-content\/uploads\/2018\/10\/logo_chocolate.png","width":200,"height":41,"caption":"Choc7 di Benedetto Giovanni"},"image":{"@id":"https:\/\/www.chocolate7.com\/#\/schema\/logo\/image\/"},"sameAs":["https:\/\/www.facebook.com\/cremino.gianduia.1","https:\/\/x.com\/GianduiaCremino","https:\/\/www.instagram.com\/creminogianduia\/","https:\/\/www.pinterest.com.au\/creminogianduia\/","https:\/\/www.youtube.com\/channel\/UCWFQlcc9EQnAsLkD8rBsgig"]}]}},"brands":[{"id":3348,"name":"Georgia Ramon","slug":"georgia-ramon-en"}],"_links":{"self":[{"href":"https:\/\/www.chocolate7.com\/en\/wp-json\/wp\/v2\/product\/22317","targetHints":{"allow":["GET"]}}],"collection":[{"href":"https:\/\/www.chocolate7.com\/en\/wp-json\/wp\/v2\/product"}],"about":[{"href":"https:\/\/www.chocolate7.com\/en\/wp-json\/wp\/v2\/types\/product"}],"wp:featuredmedia":[{"embeddable":true,"href":"https:\/\/www.chocolate7.com\/en\/wp-json\/wp\/v2\/media\/22357"}],"wp:attachment":[{"href":"https:\/\/www.chocolate7.com\/en\/wp-json\/wp\/v2\/media?parent=22317"}],"wp:term":[{"taxonomy":"pwb-brand","embeddable":true,"href":"https:\/\/www.chocolate7.com\/en\/wp-json\/wp\/v2\/pwb-brand?post=22317"},{"taxonomy":"product_brand","embeddable":true,"href":"https:\/\/www.chocolate7.com\/en\/wp-json\/wp\/v2\/product_brand?post=22317"},{"taxonomy":"product_cat","embeddable":true,"href":"https:\/\/www.chocolate7.com\/en\/wp-json\/wp\/v2\/product_cat?post=22317"},{"taxonomy":"product_tag","embeddable":true,"href":"https:\/\/www.chocolate7.com\/en\/wp-json\/wp\/v2\/product_tag?post=22317"},{"taxonomy":"giftcard-category","embeddable":true,"href":"https:\/\/www.chocolate7.com\/en\/wp-json\/wp\/v2\/giftcard-category?post=22317"}],"curies":[{"name":"wp","href":"https:\/\/api.w.org\/{rel}","templated":true}]}}