{"id":22637,"date":"2020-10-24T15:18:03","date_gmt":"2020-10-24T13:18:03","guid":{"rendered":"https:\/\/www.chocolate7.com\/?post_type=product&#038;p=22637"},"modified":"2020-10-27T00:10:37","modified_gmt":"2020-10-26T23:10:37","slug":"encuentro-madagascar-sambirano-bejofo-with-pink-pepper","status":"publish","type":"product","link":"https:\/\/www.chocolate7.com\/en\/shop\/bar\/dark-chocolate-milk-chocolate-en\/encuentro-madagascar-sambirano-bejofo-with-pink-pepper\/","title":{"rendered":"Encuentro Madagascar Sambirano Bejofo with pink pepper"},"content":{"rendered":"<p style=\"text-align: left\"><a href=\"https:\/\/www.chocolate7.com\/en\/categoria\/bar\/\/dark-chocolate-milk-chocolate-en&#038;filter_tipo-di-cioccolato=flavoured-filled-inclusions-dark-chocolate\" rel=\"nofollow\">Flavoured \/ filled \/ inclusions dark chocolate<\/a> bar &#8211; Made by Encuentro<\/p>\n<p style=\"text-align: left\">Cette recette \u00e9pic\u00e9es marie notre chocolat 70% Madagascar avec du poivre rose provenant de la m\u00eame propri\u00e9t\u00e9 Bejofo de Bertil Akesson. Une explosion de saveurs m\u00ealant la fraicheur acidul\u00e9e aux notes de framboise de notre chocolat avec le parfum et le l\u00e9ger piquant du poivre rose.<\/p>\n","protected":false},"excerpt":{"rendered":"<p><span class=\"tlid-translation translation\" lang=\"en\"><span class=\"\" title=\"\"><span title=\"\">Encuentro is a bean to bar chocolate maker from France.<\/span> <span title=\"\">This fine chocolate bar is made with cocoa from Madagascar (Sambirano, Bejofo).<\/span> <span title=\"\">Encuentro Madagascar Sambirano Bejofo pink pepper 70% is a dark chocolate with pink pepper with a pleasantly acid taste, with aromatic notes of citrus, strawberry, wild berries and pink pepper<\/span><\/span><\/span><\/p>\n","protected":false},"featured_media":22699,"template":"","meta":[],"pwb-brand":[5613],"product_brand":[],"product_cat":[3251,3256],"product_tag":[],"giftcard-category":[],"class_list":{"0":"post-22637","1":"product","2":"type-product","3":"status-publish","4":"has-post-thumbnail","6":"pwb-brand-encuentro-en-2","7":"product_cat-bar","8":"product_cat-dark-chocolate-milk-chocolate-en","9":"pa_acidita-3-en","10":"pa_allergeni-may-contain-traces-of-nuts-and-sesame","11":"pa_amarezza-2-en","12":"pa_astringenza-1-en","13":"pa_cacao-61-70-en","14":"pa_certificazioni-organic","15":"pa_dolcezza-2-en","16":"pa_ingredienti-organic-cocoa-beans-organic-cane-sugar-and-pink-pepper","17":"pa_note-di-degustazione-citrus-strawberry-berries-pink-pepper","18":"pa_paese-delle-fave-di-cacao-madagascar-en","19":"pa_paese-produttore-france","20":"pa_percentuale-di-cacao-70-en","21":"pa_regione-sambirano-en","22":"pa_tipo-di-cioccolato-flavoured-filled-inclusions-dark-chocolate-bar","23":"pa_varieta-delle-fave-bejofo-en","25":"first","26":"outofstock","27":"taxable","28":"shipping-taxable","29":"purchasable","30":"product-type-simple"},"yoast_head":"<!-- This site is optimized with the Yoast SEO plugin v23.3 - https:\/\/yoast.com\/wordpress\/plugins\/seo\/ -->\n<title>Encuentro Madagascar Sambirano Bejofo with pink pepper - Chocolate7<\/title>\n<meta name=\"robots\" content=\"index, follow, max-snippet:-1, max-image-preview:large, max-video-preview:-1\" \/>\n<link rel=\"canonical\" href=\"https:\/\/www.chocolate7.com\/en\/shop\/bar\/dark-chocolate-milk-chocolate-en\/encuentro-madagascar-sambirano-bejofo-with-pink-pepper\/\" \/>\n<meta property=\"og:locale\" content=\"en_US\" \/>\n<meta property=\"og:type\" content=\"article\" \/>\n<meta property=\"og:title\" content=\"Encuentro Madagascar Sambirano Bejofo with pink pepper - Chocolate7\" \/>\n<meta property=\"og:description\" content=\"Encuentro is a bean to bar chocolate maker from France. This fine chocolate bar is made with cocoa from Madagascar (Sambirano, Bejofo). Encuentro Madagascar Sambirano Bejofo pink pepper 70% is a dark chocolate with pink pepper with a pleasantly acid taste, with aromatic notes of citrus, strawberry, wild berries and pink pepper\" \/>\n<meta property=\"og:url\" content=\"https:\/\/www.chocolate7.com\/en\/shop\/bar\/dark-chocolate-milk-chocolate-en\/encuentro-madagascar-sambirano-bejofo-with-pink-pepper\/\" \/>\n<meta property=\"og:site_name\" content=\"Chocolate7\" \/>\n<meta property=\"article:publisher\" content=\"https:\/\/www.facebook.com\/cremino.gianduia.1\" \/>\n<meta property=\"article:modified_time\" content=\"2020-10-26T23:10:37+00:00\" \/>\n<meta property=\"og:image\" content=\"https:\/\/www.chocolate7.com\/wp-content\/uploads\/2020\/10\/IMG_20201026_190700_721-e1603736516486.jpg\" \/>\n\t<meta property=\"og:image:width\" content=\"600\" \/>\n\t<meta property=\"og:image:height\" content=\"600\" \/>\n\t<meta property=\"og:image:type\" content=\"image\/jpeg\" \/>\n<meta name=\"twitter:card\" content=\"summary_large_image\" \/>\n<meta name=\"twitter:site\" content=\"@GianduiaCremino\" \/>\n<script type=\"application\/ld+json\" class=\"yoast-schema-graph\">{\"@context\":\"https:\/\/schema.org\",\"@graph\":[{\"@type\":\"WebPage\",\"@id\":\"https:\/\/www.chocolate7.com\/en\/shop\/bar\/dark-chocolate-milk-chocolate-en\/encuentro-madagascar-sambirano-bejofo-with-pink-pepper\/\",\"url\":\"https:\/\/www.chocolate7.com\/en\/shop\/bar\/dark-chocolate-milk-chocolate-en\/encuentro-madagascar-sambirano-bejofo-with-pink-pepper\/\",\"name\":\"Encuentro Madagascar Sambirano Bejofo with pink pepper - Chocolate7\",\"isPartOf\":{\"@id\":\"https:\/\/www.chocolate7.com\/#website\"},\"primaryImageOfPage\":{\"@id\":\"https:\/\/www.chocolate7.com\/en\/shop\/bar\/dark-chocolate-milk-chocolate-en\/encuentro-madagascar-sambirano-bejofo-with-pink-pepper\/#primaryimage\"},\"image\":{\"@id\":\"https:\/\/www.chocolate7.com\/en\/shop\/bar\/dark-chocolate-milk-chocolate-en\/encuentro-madagascar-sambirano-bejofo-with-pink-pepper\/#primaryimage\"},\"thumbnailUrl\":\"https:\/\/www.chocolate7.com\/wp-content\/uploads\/2020\/10\/IMG_20201026_190700_721-e1603736516486.jpg\",\"datePublished\":\"2020-10-24T13:18:03+00:00\",\"dateModified\":\"2020-10-26T23:10:37+00:00\",\"breadcrumb\":{\"@id\":\"https:\/\/www.chocolate7.com\/en\/shop\/bar\/dark-chocolate-milk-chocolate-en\/encuentro-madagascar-sambirano-bejofo-with-pink-pepper\/#breadcrumb\"},\"inLanguage\":\"en-US\",\"potentialAction\":[{\"@type\":\"ReadAction\",\"target\":[\"https:\/\/www.chocolate7.com\/en\/shop\/bar\/dark-chocolate-milk-chocolate-en\/encuentro-madagascar-sambirano-bejofo-with-pink-pepper\/\"]}]},{\"@type\":\"ImageObject\",\"inLanguage\":\"en-US\",\"@id\":\"https:\/\/www.chocolate7.com\/en\/shop\/bar\/dark-chocolate-milk-chocolate-en\/encuentro-madagascar-sambirano-bejofo-with-pink-pepper\/#primaryimage\",\"url\":\"https:\/\/www.chocolate7.com\/wp-content\/uploads\/2020\/10\/IMG_20201026_190700_721-e1603736516486.jpg\",\"contentUrl\":\"https:\/\/www.chocolate7.com\/wp-content\/uploads\/2020\/10\/IMG_20201026_190700_721-e1603736516486.jpg\",\"width\":600,\"height\":600},{\"@type\":\"BreadcrumbList\",\"@id\":\"https:\/\/www.chocolate7.com\/en\/shop\/bar\/dark-chocolate-milk-chocolate-en\/encuentro-madagascar-sambirano-bejofo-with-pink-pepper\/#breadcrumb\",\"itemListElement\":[{\"@type\":\"ListItem\",\"position\":1,\"name\":\"Home\",\"item\":\"https:\/\/www.chocolate7.com\/en\/\"},{\"@type\":\"ListItem\",\"position\":2,\"name\":\"Shop\",\"item\":\"https:\/\/www.chocolate7.com\/en\/store\/\"},{\"@type\":\"ListItem\",\"position\":3,\"name\":\"Encuentro Madagascar Sambirano Bejofo with pink pepper\"}]},{\"@type\":\"WebSite\",\"@id\":\"https:\/\/www.chocolate7.com\/#website\",\"url\":\"https:\/\/www.chocolate7.com\/\",\"name\":\"Chocolate7\",\"description\":\"The fine &amp; luxury chocolate selection\",\"publisher\":{\"@id\":\"https:\/\/www.chocolate7.com\/#organization\"},\"potentialAction\":[{\"@type\":\"SearchAction\",\"target\":{\"@type\":\"EntryPoint\",\"urlTemplate\":\"https:\/\/www.chocolate7.com\/?s={search_term_string}\"},\"query-input\":\"required name=search_term_string\"}],\"inLanguage\":\"en-US\"},{\"@type\":\"Organization\",\"@id\":\"https:\/\/www.chocolate7.com\/#organization\",\"name\":\"Choc7 di Benedetto Giovanni\",\"url\":\"https:\/\/www.chocolate7.com\/\",\"logo\":{\"@type\":\"ImageObject\",\"inLanguage\":\"en-US\",\"@id\":\"https:\/\/www.chocolate7.com\/#\/schema\/logo\/image\/\",\"url\":\"https:\/\/www.chocolate7.com\/wp-content\/uploads\/2018\/10\/logo_chocolate.png\",\"contentUrl\":\"https:\/\/www.chocolate7.com\/wp-content\/uploads\/2018\/10\/logo_chocolate.png\",\"width\":200,\"height\":41,\"caption\":\"Choc7 di Benedetto Giovanni\"},\"image\":{\"@id\":\"https:\/\/www.chocolate7.com\/#\/schema\/logo\/image\/\"},\"sameAs\":[\"https:\/\/www.facebook.com\/cremino.gianduia.1\",\"https:\/\/x.com\/GianduiaCremino\",\"https:\/\/www.instagram.com\/creminogianduia\/\",\"https:\/\/www.pinterest.com.au\/creminogianduia\/\",\"https:\/\/www.youtube.com\/channel\/UCWFQlcc9EQnAsLkD8rBsgig\"]}]}<\/script>\n<!-- \/ Yoast SEO plugin. -->","yoast_head_json":{"title":"Encuentro Madagascar Sambirano Bejofo with pink pepper - Chocolate7","robots":{"index":"index","follow":"follow","max-snippet":"max-snippet:-1","max-image-preview":"max-image-preview:large","max-video-preview":"max-video-preview:-1"},"canonical":"https:\/\/www.chocolate7.com\/en\/shop\/bar\/dark-chocolate-milk-chocolate-en\/encuentro-madagascar-sambirano-bejofo-with-pink-pepper\/","og_locale":"en_US","og_type":"article","og_title":"Encuentro Madagascar Sambirano Bejofo with pink pepper - Chocolate7","og_description":"Encuentro is a bean to bar chocolate maker from France. This fine chocolate bar is made with cocoa from Madagascar (Sambirano, Bejofo). Encuentro Madagascar Sambirano Bejofo pink pepper 70% is a dark chocolate with pink pepper with a pleasantly acid taste, with aromatic notes of citrus, strawberry, wild berries and pink pepper","og_url":"https:\/\/www.chocolate7.com\/en\/shop\/bar\/dark-chocolate-milk-chocolate-en\/encuentro-madagascar-sambirano-bejofo-with-pink-pepper\/","og_site_name":"Chocolate7","article_publisher":"https:\/\/www.facebook.com\/cremino.gianduia.1","article_modified_time":"2020-10-26T23:10:37+00:00","og_image":[{"width":600,"height":600,"url":"https:\/\/www.chocolate7.com\/wp-content\/uploads\/2020\/10\/IMG_20201026_190700_721-e1603736516486.jpg","type":"image\/jpeg"}],"twitter_card":"summary_large_image","twitter_site":"@GianduiaCremino","schema":{"@context":"https:\/\/schema.org","@graph":[{"@type":"WebPage","@id":"https:\/\/www.chocolate7.com\/en\/shop\/bar\/dark-chocolate-milk-chocolate-en\/encuentro-madagascar-sambirano-bejofo-with-pink-pepper\/","url":"https:\/\/www.chocolate7.com\/en\/shop\/bar\/dark-chocolate-milk-chocolate-en\/encuentro-madagascar-sambirano-bejofo-with-pink-pepper\/","name":"Encuentro Madagascar Sambirano Bejofo with pink pepper - Chocolate7","isPartOf":{"@id":"https:\/\/www.chocolate7.com\/#website"},"primaryImageOfPage":{"@id":"https:\/\/www.chocolate7.com\/en\/shop\/bar\/dark-chocolate-milk-chocolate-en\/encuentro-madagascar-sambirano-bejofo-with-pink-pepper\/#primaryimage"},"image":{"@id":"https:\/\/www.chocolate7.com\/en\/shop\/bar\/dark-chocolate-milk-chocolate-en\/encuentro-madagascar-sambirano-bejofo-with-pink-pepper\/#primaryimage"},"thumbnailUrl":"https:\/\/www.chocolate7.com\/wp-content\/uploads\/2020\/10\/IMG_20201026_190700_721-e1603736516486.jpg","datePublished":"2020-10-24T13:18:03+00:00","dateModified":"2020-10-26T23:10:37+00:00","breadcrumb":{"@id":"https:\/\/www.chocolate7.com\/en\/shop\/bar\/dark-chocolate-milk-chocolate-en\/encuentro-madagascar-sambirano-bejofo-with-pink-pepper\/#breadcrumb"},"inLanguage":"en-US","potentialAction":[{"@type":"ReadAction","target":["https:\/\/www.chocolate7.com\/en\/shop\/bar\/dark-chocolate-milk-chocolate-en\/encuentro-madagascar-sambirano-bejofo-with-pink-pepper\/"]}]},{"@type":"ImageObject","inLanguage":"en-US","@id":"https:\/\/www.chocolate7.com\/en\/shop\/bar\/dark-chocolate-milk-chocolate-en\/encuentro-madagascar-sambirano-bejofo-with-pink-pepper\/#primaryimage","url":"https:\/\/www.chocolate7.com\/wp-content\/uploads\/2020\/10\/IMG_20201026_190700_721-e1603736516486.jpg","contentUrl":"https:\/\/www.chocolate7.com\/wp-content\/uploads\/2020\/10\/IMG_20201026_190700_721-e1603736516486.jpg","width":600,"height":600},{"@type":"BreadcrumbList","@id":"https:\/\/www.chocolate7.com\/en\/shop\/bar\/dark-chocolate-milk-chocolate-en\/encuentro-madagascar-sambirano-bejofo-with-pink-pepper\/#breadcrumb","itemListElement":[{"@type":"ListItem","position":1,"name":"Home","item":"https:\/\/www.chocolate7.com\/en\/"},{"@type":"ListItem","position":2,"name":"Shop","item":"https:\/\/www.chocolate7.com\/en\/store\/"},{"@type":"ListItem","position":3,"name":"Encuentro Madagascar Sambirano Bejofo with pink pepper"}]},{"@type":"WebSite","@id":"https:\/\/www.chocolate7.com\/#website","url":"https:\/\/www.chocolate7.com\/","name":"Chocolate7","description":"The fine &amp; luxury chocolate selection","publisher":{"@id":"https:\/\/www.chocolate7.com\/#organization"},"potentialAction":[{"@type":"SearchAction","target":{"@type":"EntryPoint","urlTemplate":"https:\/\/www.chocolate7.com\/?s={search_term_string}"},"query-input":"required name=search_term_string"}],"inLanguage":"en-US"},{"@type":"Organization","@id":"https:\/\/www.chocolate7.com\/#organization","name":"Choc7 di Benedetto Giovanni","url":"https:\/\/www.chocolate7.com\/","logo":{"@type":"ImageObject","inLanguage":"en-US","@id":"https:\/\/www.chocolate7.com\/#\/schema\/logo\/image\/","url":"https:\/\/www.chocolate7.com\/wp-content\/uploads\/2018\/10\/logo_chocolate.png","contentUrl":"https:\/\/www.chocolate7.com\/wp-content\/uploads\/2018\/10\/logo_chocolate.png","width":200,"height":41,"caption":"Choc7 di Benedetto Giovanni"},"image":{"@id":"https:\/\/www.chocolate7.com\/#\/schema\/logo\/image\/"},"sameAs":["https:\/\/www.facebook.com\/cremino.gianduia.1","https:\/\/x.com\/GianduiaCremino","https:\/\/www.instagram.com\/creminogianduia\/","https:\/\/www.pinterest.com.au\/creminogianduia\/","https:\/\/www.youtube.com\/channel\/UCWFQlcc9EQnAsLkD8rBsgig"]}]}},"brands":[{"id":5613,"name":"Encuentro","slug":"encuentro-en-2"}],"_links":{"self":[{"href":"https:\/\/www.chocolate7.com\/en\/wp-json\/wp\/v2\/product\/22637","targetHints":{"allow":["GET"]}}],"collection":[{"href":"https:\/\/www.chocolate7.com\/en\/wp-json\/wp\/v2\/product"}],"about":[{"href":"https:\/\/www.chocolate7.com\/en\/wp-json\/wp\/v2\/types\/product"}],"wp:featuredmedia":[{"embeddable":true,"href":"https:\/\/www.chocolate7.com\/en\/wp-json\/wp\/v2\/media\/22699"}],"wp:attachment":[{"href":"https:\/\/www.chocolate7.com\/en\/wp-json\/wp\/v2\/media?parent=22637"}],"wp:term":[{"taxonomy":"pwb-brand","embeddable":true,"href":"https:\/\/www.chocolate7.com\/en\/wp-json\/wp\/v2\/pwb-brand?post=22637"},{"taxonomy":"product_brand","embeddable":true,"href":"https:\/\/www.chocolate7.com\/en\/wp-json\/wp\/v2\/product_brand?post=22637"},{"taxonomy":"product_cat","embeddable":true,"href":"https:\/\/www.chocolate7.com\/en\/wp-json\/wp\/v2\/product_cat?post=22637"},{"taxonomy":"product_tag","embeddable":true,"href":"https:\/\/www.chocolate7.com\/en\/wp-json\/wp\/v2\/product_tag?post=22637"},{"taxonomy":"giftcard-category","embeddable":true,"href":"https:\/\/www.chocolate7.com\/en\/wp-json\/wp\/v2\/giftcard-category?post=22637"}],"curies":[{"name":"wp","href":"https:\/\/api.w.org\/{rel}","templated":true}]}}