{"id":22791,"date":"2020-11-03T14:29:17","date_gmt":"2020-11-03T13:29:17","guid":{"rendered":"https:\/\/www.chocolate7.com\/shop\/uncategorized\/millesime-guatemala\/"},"modified":"2020-11-12T14:39:08","modified_gmt":"2020-11-12T13:39:08","slug":"millesime-squares-with-pistachios-and-guatemala-dark-chocolate","status":"publish","type":"product","link":"https:\/\/www.chocolate7.com\/en\/shop\/pralines-chocolates-bonbons-cremini-truffles\/millesime-squares-with-pistachios-and-guatemala-dark-chocolate\/","title":{"rendered":"Mill\u00e9sime Squares pistachios and Guatemala dark chocolate"},"content":{"rendered":"<p style=\"text-align: left\">Dark chocolate bar- Made by Mill\u00e9sime<\/p>\n<p style=\"text-align: left\">Ce cacao d\u2019exception est r\u00e9colt\u00e9 par les agriculteurs autochtones Q\u2019eqchi Maya au c\u0153ur des r\u00e9gions de Cahabon et de Lachu\u00e1. Issu des r\u00e9gions historiques de la culture du cacao Maya, ce chocolat r\u00e9v\u00e8le des ar\u00f4mes tr\u00e8s d\u00e9licats de fleurs, mais aussi de fruits comme la prune et l\u2019abricot. La d\u00e9gustation se termine par une pointe de caramel.<\/p>\n","protected":false},"excerpt":{"rendered":"<p>Mill\u00e9sime, is a bean to bar chocolate maker from Belgium. This box contains squares of pistachios and fine dark chocolate (74%) made with cocoa from Guatemala (Cahabon).<\/p>\n","protected":false},"featured_media":22907,"template":"","meta":[],"pwb-brand":[],"product_brand":[],"product_cat":[3240],"product_tag":[],"giftcard-category":[],"class_list":{"0":"post-22791","1":"product","2":"type-product","3":"status-publish","4":"has-post-thumbnail","6":"product_cat-pralines-chocolates-bonbons-cremini-truffles","7":"product_shipping_class-1-en","8":"pa_allergeni-pistachios-may-contain-nuts","9":"pa_cacao-70-79-en","10":"pa_carboidrati-3522-g-en","11":"pa_carboidrati-zuccheri-24-g-en","12":"pa_codice-a-barre-0745125088228-en","13":"pa_conservazione-store-between-16-and-20-c-in-a-dry-place-protected-from-light","14":"pa_fibre-928-g-en","15":"pa_grassi-4536-g-en","16":"pa_grassi-saturi-148-g-en","17":"pa_ingredienti-organic-cocoa-beans-organic-cane-sugar-organic-cocoa-butter-organic-pistachios","18":"pa_note-di-degustazione-floral-notes-apricot-plum-pistachios-caramel","19":"pa_paese-delle-fave-di-cacao-guatemala-en","20":"pa_paese-produttore-belgium","21":"pa_percentuale-di-cacao-74-en","22":"pa_proteine-84-g-en","23":"pa_regione-cahabon-en","24":"pa_sale-0-g-en","25":"pa_tipo-di-cioccolato-pralines-chocolates-bonbons-cremini-truffles","26":"pa_valore-energetico-57216-kcal-239392-kj-en","28":"first","29":"outofstock","30":"taxable","31":"shipping-taxable","32":"purchasable","33":"product-type-simple"},"yoast_head":"<!-- This site is optimized with the Yoast SEO plugin v23.3 - https:\/\/yoast.com\/wordpress\/plugins\/seo\/ -->\n<title>Mill\u00e9sime Squares pistachios and Guatemala dark chocolate - Chocolate7<\/title>\n<meta name=\"robots\" content=\"index, follow, max-snippet:-1, max-image-preview:large, max-video-preview:-1\" \/>\n<link rel=\"canonical\" href=\"https:\/\/www.chocolate7.com\/en\/shop\/pralines-chocolates-bonbons-cremini-truffles\/millesime-squares-with-pistachios-and-guatemala-dark-chocolate\/\" \/>\n<meta property=\"og:locale\" content=\"en_US\" \/>\n<meta property=\"og:type\" content=\"article\" \/>\n<meta property=\"og:title\" content=\"Mill\u00e9sime Squares pistachios and Guatemala dark chocolate - Chocolate7\" \/>\n<meta property=\"og:description\" content=\"Mill\u00e9sime, is a bean to bar chocolate maker from Belgium. This box contains squares of pistachios and fine dark chocolate (74%) made with cocoa from Guatemala (Cahabon).\" \/>\n<meta property=\"og:url\" content=\"https:\/\/www.chocolate7.com\/en\/shop\/pralines-chocolates-bonbons-cremini-truffles\/millesime-squares-with-pistachios-and-guatemala-dark-chocolate\/\" \/>\n<meta property=\"og:site_name\" content=\"Chocolate7\" \/>\n<meta property=\"article:publisher\" content=\"https:\/\/www.facebook.com\/cremino.gianduia.1\" \/>\n<meta property=\"article:modified_time\" content=\"2020-11-12T13:39:08+00:00\" \/>\n<meta property=\"og:image\" content=\"https:\/\/www.chocolate7.com\/wp-content\/uploads\/2020\/11\/IMG_20201109_162230_146-e1604936068630.jpg\" \/>\n\t<meta property=\"og:image:width\" content=\"600\" \/>\n\t<meta property=\"og:image:height\" content=\"600\" \/>\n\t<meta property=\"og:image:type\" content=\"image\/jpeg\" \/>\n<meta name=\"twitter:card\" content=\"summary_large_image\" \/>\n<meta name=\"twitter:site\" content=\"@GianduiaCremino\" \/>\n<script type=\"application\/ld+json\" class=\"yoast-schema-graph\">{\"@context\":\"https:\/\/schema.org\",\"@graph\":[{\"@type\":\"WebPage\",\"@id\":\"https:\/\/www.chocolate7.com\/en\/shop\/pralines-chocolates-bonbons-cremini-truffles\/millesime-squares-with-pistachios-and-guatemala-dark-chocolate\/\",\"url\":\"https:\/\/www.chocolate7.com\/en\/shop\/pralines-chocolates-bonbons-cremini-truffles\/millesime-squares-with-pistachios-and-guatemala-dark-chocolate\/\",\"name\":\"Mill\u00e9sime Squares pistachios and Guatemala dark chocolate - Chocolate7\",\"isPartOf\":{\"@id\":\"https:\/\/www.chocolate7.com\/#website\"},\"primaryImageOfPage\":{\"@id\":\"https:\/\/www.chocolate7.com\/en\/shop\/pralines-chocolates-bonbons-cremini-truffles\/millesime-squares-with-pistachios-and-guatemala-dark-chocolate\/#primaryimage\"},\"image\":{\"@id\":\"https:\/\/www.chocolate7.com\/en\/shop\/pralines-chocolates-bonbons-cremini-truffles\/millesime-squares-with-pistachios-and-guatemala-dark-chocolate\/#primaryimage\"},\"thumbnailUrl\":\"https:\/\/www.chocolate7.com\/wp-content\/uploads\/2020\/11\/IMG_20201109_162230_146-e1604936068630.jpg\",\"datePublished\":\"2020-11-03T13:29:17+00:00\",\"dateModified\":\"2020-11-12T13:39:08+00:00\",\"breadcrumb\":{\"@id\":\"https:\/\/www.chocolate7.com\/en\/shop\/pralines-chocolates-bonbons-cremini-truffles\/millesime-squares-with-pistachios-and-guatemala-dark-chocolate\/#breadcrumb\"},\"inLanguage\":\"en-US\",\"potentialAction\":[{\"@type\":\"ReadAction\",\"target\":[\"https:\/\/www.chocolate7.com\/en\/shop\/pralines-chocolates-bonbons-cremini-truffles\/millesime-squares-with-pistachios-and-guatemala-dark-chocolate\/\"]}]},{\"@type\":\"ImageObject\",\"inLanguage\":\"en-US\",\"@id\":\"https:\/\/www.chocolate7.com\/en\/shop\/pralines-chocolates-bonbons-cremini-truffles\/millesime-squares-with-pistachios-and-guatemala-dark-chocolate\/#primaryimage\",\"url\":\"https:\/\/www.chocolate7.com\/wp-content\/uploads\/2020\/11\/IMG_20201109_162230_146-e1604936068630.jpg\",\"contentUrl\":\"https:\/\/www.chocolate7.com\/wp-content\/uploads\/2020\/11\/IMG_20201109_162230_146-e1604936068630.jpg\",\"width\":600,\"height\":600},{\"@type\":\"BreadcrumbList\",\"@id\":\"https:\/\/www.chocolate7.com\/en\/shop\/pralines-chocolates-bonbons-cremini-truffles\/millesime-squares-with-pistachios-and-guatemala-dark-chocolate\/#breadcrumb\",\"itemListElement\":[{\"@type\":\"ListItem\",\"position\":1,\"name\":\"Home\",\"item\":\"https:\/\/www.chocolate7.com\/en\/\"},{\"@type\":\"ListItem\",\"position\":2,\"name\":\"Shop\",\"item\":\"https:\/\/www.chocolate7.com\/en\/store\/\"},{\"@type\":\"ListItem\",\"position\":3,\"name\":\"Mill\u00e9sime Squares pistachios and Guatemala dark chocolate\"}]},{\"@type\":\"WebSite\",\"@id\":\"https:\/\/www.chocolate7.com\/#website\",\"url\":\"https:\/\/www.chocolate7.com\/\",\"name\":\"Chocolate7\",\"description\":\"The fine &amp; luxury chocolate selection\",\"publisher\":{\"@id\":\"https:\/\/www.chocolate7.com\/#organization\"},\"potentialAction\":[{\"@type\":\"SearchAction\",\"target\":{\"@type\":\"EntryPoint\",\"urlTemplate\":\"https:\/\/www.chocolate7.com\/?s={search_term_string}\"},\"query-input\":\"required name=search_term_string\"}],\"inLanguage\":\"en-US\"},{\"@type\":\"Organization\",\"@id\":\"https:\/\/www.chocolate7.com\/#organization\",\"name\":\"Choc7 di Benedetto Giovanni\",\"url\":\"https:\/\/www.chocolate7.com\/\",\"logo\":{\"@type\":\"ImageObject\",\"inLanguage\":\"en-US\",\"@id\":\"https:\/\/www.chocolate7.com\/#\/schema\/logo\/image\/\",\"url\":\"https:\/\/www.chocolate7.com\/wp-content\/uploads\/2018\/10\/logo_chocolate.png\",\"contentUrl\":\"https:\/\/www.chocolate7.com\/wp-content\/uploads\/2018\/10\/logo_chocolate.png\",\"width\":200,\"height\":41,\"caption\":\"Choc7 di Benedetto Giovanni\"},\"image\":{\"@id\":\"https:\/\/www.chocolate7.com\/#\/schema\/logo\/image\/\"},\"sameAs\":[\"https:\/\/www.facebook.com\/cremino.gianduia.1\",\"https:\/\/x.com\/GianduiaCremino\",\"https:\/\/www.instagram.com\/creminogianduia\/\",\"https:\/\/www.pinterest.com.au\/creminogianduia\/\",\"https:\/\/www.youtube.com\/channel\/UCWFQlcc9EQnAsLkD8rBsgig\"]}]}<\/script>\n<!-- \/ Yoast SEO plugin. -->","yoast_head_json":{"title":"Mill\u00e9sime Squares pistachios and Guatemala dark chocolate - Chocolate7","robots":{"index":"index","follow":"follow","max-snippet":"max-snippet:-1","max-image-preview":"max-image-preview:large","max-video-preview":"max-video-preview:-1"},"canonical":"https:\/\/www.chocolate7.com\/en\/shop\/pralines-chocolates-bonbons-cremini-truffles\/millesime-squares-with-pistachios-and-guatemala-dark-chocolate\/","og_locale":"en_US","og_type":"article","og_title":"Mill\u00e9sime Squares pistachios and Guatemala dark chocolate - Chocolate7","og_description":"Mill\u00e9sime, is a bean to bar chocolate maker from Belgium. This box contains squares of pistachios and fine dark chocolate (74%) made with cocoa from Guatemala (Cahabon).","og_url":"https:\/\/www.chocolate7.com\/en\/shop\/pralines-chocolates-bonbons-cremini-truffles\/millesime-squares-with-pistachios-and-guatemala-dark-chocolate\/","og_site_name":"Chocolate7","article_publisher":"https:\/\/www.facebook.com\/cremino.gianduia.1","article_modified_time":"2020-11-12T13:39:08+00:00","og_image":[{"width":600,"height":600,"url":"https:\/\/www.chocolate7.com\/wp-content\/uploads\/2020\/11\/IMG_20201109_162230_146-e1604936068630.jpg","type":"image\/jpeg"}],"twitter_card":"summary_large_image","twitter_site":"@GianduiaCremino","schema":{"@context":"https:\/\/schema.org","@graph":[{"@type":"WebPage","@id":"https:\/\/www.chocolate7.com\/en\/shop\/pralines-chocolates-bonbons-cremini-truffles\/millesime-squares-with-pistachios-and-guatemala-dark-chocolate\/","url":"https:\/\/www.chocolate7.com\/en\/shop\/pralines-chocolates-bonbons-cremini-truffles\/millesime-squares-with-pistachios-and-guatemala-dark-chocolate\/","name":"Mill\u00e9sime Squares pistachios and Guatemala dark chocolate - Chocolate7","isPartOf":{"@id":"https:\/\/www.chocolate7.com\/#website"},"primaryImageOfPage":{"@id":"https:\/\/www.chocolate7.com\/en\/shop\/pralines-chocolates-bonbons-cremini-truffles\/millesime-squares-with-pistachios-and-guatemala-dark-chocolate\/#primaryimage"},"image":{"@id":"https:\/\/www.chocolate7.com\/en\/shop\/pralines-chocolates-bonbons-cremini-truffles\/millesime-squares-with-pistachios-and-guatemala-dark-chocolate\/#primaryimage"},"thumbnailUrl":"https:\/\/www.chocolate7.com\/wp-content\/uploads\/2020\/11\/IMG_20201109_162230_146-e1604936068630.jpg","datePublished":"2020-11-03T13:29:17+00:00","dateModified":"2020-11-12T13:39:08+00:00","breadcrumb":{"@id":"https:\/\/www.chocolate7.com\/en\/shop\/pralines-chocolates-bonbons-cremini-truffles\/millesime-squares-with-pistachios-and-guatemala-dark-chocolate\/#breadcrumb"},"inLanguage":"en-US","potentialAction":[{"@type":"ReadAction","target":["https:\/\/www.chocolate7.com\/en\/shop\/pralines-chocolates-bonbons-cremini-truffles\/millesime-squares-with-pistachios-and-guatemala-dark-chocolate\/"]}]},{"@type":"ImageObject","inLanguage":"en-US","@id":"https:\/\/www.chocolate7.com\/en\/shop\/pralines-chocolates-bonbons-cremini-truffles\/millesime-squares-with-pistachios-and-guatemala-dark-chocolate\/#primaryimage","url":"https:\/\/www.chocolate7.com\/wp-content\/uploads\/2020\/11\/IMG_20201109_162230_146-e1604936068630.jpg","contentUrl":"https:\/\/www.chocolate7.com\/wp-content\/uploads\/2020\/11\/IMG_20201109_162230_146-e1604936068630.jpg","width":600,"height":600},{"@type":"BreadcrumbList","@id":"https:\/\/www.chocolate7.com\/en\/shop\/pralines-chocolates-bonbons-cremini-truffles\/millesime-squares-with-pistachios-and-guatemala-dark-chocolate\/#breadcrumb","itemListElement":[{"@type":"ListItem","position":1,"name":"Home","item":"https:\/\/www.chocolate7.com\/en\/"},{"@type":"ListItem","position":2,"name":"Shop","item":"https:\/\/www.chocolate7.com\/en\/store\/"},{"@type":"ListItem","position":3,"name":"Mill\u00e9sime Squares pistachios and Guatemala dark chocolate"}]},{"@type":"WebSite","@id":"https:\/\/www.chocolate7.com\/#website","url":"https:\/\/www.chocolate7.com\/","name":"Chocolate7","description":"The fine &amp; luxury chocolate selection","publisher":{"@id":"https:\/\/www.chocolate7.com\/#organization"},"potentialAction":[{"@type":"SearchAction","target":{"@type":"EntryPoint","urlTemplate":"https:\/\/www.chocolate7.com\/?s={search_term_string}"},"query-input":"required name=search_term_string"}],"inLanguage":"en-US"},{"@type":"Organization","@id":"https:\/\/www.chocolate7.com\/#organization","name":"Choc7 di Benedetto Giovanni","url":"https:\/\/www.chocolate7.com\/","logo":{"@type":"ImageObject","inLanguage":"en-US","@id":"https:\/\/www.chocolate7.com\/#\/schema\/logo\/image\/","url":"https:\/\/www.chocolate7.com\/wp-content\/uploads\/2018\/10\/logo_chocolate.png","contentUrl":"https:\/\/www.chocolate7.com\/wp-content\/uploads\/2018\/10\/logo_chocolate.png","width":200,"height":41,"caption":"Choc7 di Benedetto Giovanni"},"image":{"@id":"https:\/\/www.chocolate7.com\/#\/schema\/logo\/image\/"},"sameAs":["https:\/\/www.facebook.com\/cremino.gianduia.1","https:\/\/x.com\/GianduiaCremino","https:\/\/www.instagram.com\/creminogianduia\/","https:\/\/www.pinterest.com.au\/creminogianduia\/","https:\/\/www.youtube.com\/channel\/UCWFQlcc9EQnAsLkD8rBsgig"]}]}},"brands":[],"_links":{"self":[{"href":"https:\/\/www.chocolate7.com\/en\/wp-json\/wp\/v2\/product\/22791","targetHints":{"allow":["GET"]}}],"collection":[{"href":"https:\/\/www.chocolate7.com\/en\/wp-json\/wp\/v2\/product"}],"about":[{"href":"https:\/\/www.chocolate7.com\/en\/wp-json\/wp\/v2\/types\/product"}],"wp:featuredmedia":[{"embeddable":true,"href":"https:\/\/www.chocolate7.com\/en\/wp-json\/wp\/v2\/media\/22907"}],"wp:attachment":[{"href":"https:\/\/www.chocolate7.com\/en\/wp-json\/wp\/v2\/media?parent=22791"}],"wp:term":[{"taxonomy":"pwb-brand","embeddable":true,"href":"https:\/\/www.chocolate7.com\/en\/wp-json\/wp\/v2\/pwb-brand?post=22791"},{"taxonomy":"product_brand","embeddable":true,"href":"https:\/\/www.chocolate7.com\/en\/wp-json\/wp\/v2\/product_brand?post=22791"},{"taxonomy":"product_cat","embeddable":true,"href":"https:\/\/www.chocolate7.com\/en\/wp-json\/wp\/v2\/product_cat?post=22791"},{"taxonomy":"product_tag","embeddable":true,"href":"https:\/\/www.chocolate7.com\/en\/wp-json\/wp\/v2\/product_tag?post=22791"},{"taxonomy":"giftcard-category","embeddable":true,"href":"https:\/\/www.chocolate7.com\/en\/wp-json\/wp\/v2\/giftcard-category?post=22791"}],"curies":[{"name":"wp","href":"https:\/\/api.w.org\/{rel}","templated":true}]}}