{"id":23310,"date":"2020-12-27T14:07:10","date_gmt":"2020-12-27T13:07:10","guid":{"rendered":"https:\/\/www.chocolate7.com\/?post_type=product&#038;p=23310"},"modified":"2022-05-09T16:26:55","modified_gmt":"2022-05-09T14:26:55","slug":"wooden-tasting-box-of-7-varieties-dark-chocolate-from-80-to-2","status":"publish","type":"product","link":"https:\/\/www.chocolate7.com\/en\/shop\/bar\/dark-chocolate-en-2\/wooden-tasting-box-of-7-varieties-dark-chocolate-from-80-to-2\/","title":{"rendered":"Wooden tasting box of 7 varieties dark chocolate from 80% to"},"content":{"rendered":"<p style=\"text-align: left\">Wooden tasting box of 7 varieties of dark chocolate 80-90% &#8211; Selected by Chocolate7<\/p>\n<div class=\"woocommerce-product-details__short-description\">\n<p>&nbsp;<\/p>\n<\/div>\n","protected":false},"excerpt":{"rendered":"<p>Do you want to give the best chocolate in the world?Give our gift boxes. Our refined wooden boxes are the ideal gift for those who love bean to bar chocolate. Within our boxes you will find the products of the best chocolate makers in the world, selected for you by Chocolate7. Each box is a unique sensory experience that will excite every chocolate lover.<\/p>\n<p>Box contents:<\/p>\n<p>Momotombo Nicaragua Nueva Segovia 90%<\/p>\n<p>Legast Colombia Tierralta 90%<\/p>\n<p>Encuentro Bolivia Emmoni 85%<\/p>\n<p>Letterpress Giamaica Bachelor\u2019s Hall 85%<\/p>\n<p>Cacao Experience Tanzania Kilombero Valley 80%<\/p>\n<p>Maran\u00e0 Per\u00f9 Cusco Chuncho 80%<\/p>\n<div class=\"dePhmb\">\n<div class=\"eyKpYb\">\n<div class=\"J0lOec\">Ma\u00fca Ecuador Cotopaxi Hacienda Limon 80%<\/div>\n<div><\/div>\n<\/div>\n<\/div>\n<div><\/div>\n<div class=\"dePhmb\">\n<div class=\"eyKpYb\">\n<div><\/div>\n<div><\/div>\n<\/div>\n<\/div>\n","protected":false},"featured_media":23010,"template":"","meta":[],"pwb-brand":[6038],"product_brand":[],"product_cat":[3251,3255,4521,3215,3245],"product_tag":[],"giftcard-category":[],"class_list":{"0":"post-23310","1":"product","2":"type-product","3":"status-publish","4":"has-post-thumbnail","6":"pwb-brand-chocolate7-en","7":"product_cat-bar","8":"product_cat-dark-chocolate-en-2","9":"product_cat-easter","10":"product_cat-gift-box","11":"product_cat-tasting-box","13":"first","14":"outofstock","15":"taxable","16":"shipping-taxable","17":"purchasable","18":"product-type-simple"},"yoast_head":"<!-- This site is optimized with the Yoast SEO plugin v23.3 - https:\/\/yoast.com\/wordpress\/plugins\/seo\/ -->\n<title>Wooden tasting box of 7 varieties dark chocolate from 80% to - Chocolate7<\/title>\n<meta name=\"robots\" content=\"index, follow, max-snippet:-1, max-image-preview:large, max-video-preview:-1\" \/>\n<link rel=\"canonical\" href=\"https:\/\/www.chocolate7.com\/en\/shop\/bar\/dark-chocolate-en-2\/wooden-tasting-box-of-7-varieties-dark-chocolate-from-80-to-2\/\" \/>\n<meta property=\"og:locale\" content=\"en_US\" \/>\n<meta property=\"og:type\" content=\"article\" \/>\n<meta property=\"og:title\" content=\"Wooden tasting box of 7 varieties dark chocolate from 80% to - Chocolate7\" \/>\n<meta property=\"og:description\" content=\"Do you want to give the best chocolate in the world?Give our gift boxes. Our refined wooden boxes are the ideal gift for those who love bean to bar chocolate. Within our boxes you will find the products of the best chocolate makers in the world, selected for you by Chocolate7. Each box is a unique sensory experience that will excite every chocolate lover.  Box contents:  Momotombo Nicaragua Nueva Segovia 90%  Legast Colombia Tierralta 90%  Encuentro Bolivia Emmoni 85%  Letterpress Giamaica Bachelor\u2019s Hall 85%  Cacao Experience Tanzania Kilombero Valley 80%  Maran\u00e0 Per\u00f9 Cusco Chuncho 80%   Ma\u00fca Ecuador Cotopaxi Hacienda Limon 80%\" \/>\n<meta property=\"og:url\" content=\"https:\/\/www.chocolate7.com\/en\/shop\/bar\/dark-chocolate-en-2\/wooden-tasting-box-of-7-varieties-dark-chocolate-from-80-to-2\/\" \/>\n<meta property=\"og:site_name\" content=\"Chocolate7\" \/>\n<meta property=\"article:publisher\" content=\"https:\/\/www.facebook.com\/cremino.gianduia.1\" \/>\n<meta property=\"article:modified_time\" content=\"2022-05-09T14:26:55+00:00\" \/>\n<meta property=\"og:image\" content=\"https:\/\/www.chocolate7.com\/wp-content\/uploads\/2020\/11\/IMG_20201125_120427_373-e1606327846745.jpg\" \/>\n\t<meta property=\"og:image:width\" content=\"600\" \/>\n\t<meta property=\"og:image:height\" content=\"600\" \/>\n\t<meta property=\"og:image:type\" content=\"image\/jpeg\" \/>\n<meta name=\"twitter:card\" content=\"summary_large_image\" \/>\n<meta name=\"twitter:site\" content=\"@GianduiaCremino\" \/>\n<script type=\"application\/ld+json\" class=\"yoast-schema-graph\">{\"@context\":\"https:\/\/schema.org\",\"@graph\":[{\"@type\":\"WebPage\",\"@id\":\"https:\/\/www.chocolate7.com\/en\/shop\/bar\/dark-chocolate-en-2\/wooden-tasting-box-of-7-varieties-dark-chocolate-from-80-to-2\/\",\"url\":\"https:\/\/www.chocolate7.com\/en\/shop\/bar\/dark-chocolate-en-2\/wooden-tasting-box-of-7-varieties-dark-chocolate-from-80-to-2\/\",\"name\":\"Wooden tasting box of 7 varieties dark chocolate from 80% to - Chocolate7\",\"isPartOf\":{\"@id\":\"https:\/\/www.chocolate7.com\/#website\"},\"primaryImageOfPage\":{\"@id\":\"https:\/\/www.chocolate7.com\/en\/shop\/bar\/dark-chocolate-en-2\/wooden-tasting-box-of-7-varieties-dark-chocolate-from-80-to-2\/#primaryimage\"},\"image\":{\"@id\":\"https:\/\/www.chocolate7.com\/en\/shop\/bar\/dark-chocolate-en-2\/wooden-tasting-box-of-7-varieties-dark-chocolate-from-80-to-2\/#primaryimage\"},\"thumbnailUrl\":\"https:\/\/www.chocolate7.com\/wp-content\/uploads\/2020\/11\/IMG_20201125_120427_373-e1606327846745.jpg\",\"datePublished\":\"2020-12-27T13:07:10+00:00\",\"dateModified\":\"2022-05-09T14:26:55+00:00\",\"breadcrumb\":{\"@id\":\"https:\/\/www.chocolate7.com\/en\/shop\/bar\/dark-chocolate-en-2\/wooden-tasting-box-of-7-varieties-dark-chocolate-from-80-to-2\/#breadcrumb\"},\"inLanguage\":\"en-US\",\"potentialAction\":[{\"@type\":\"ReadAction\",\"target\":[\"https:\/\/www.chocolate7.com\/en\/shop\/bar\/dark-chocolate-en-2\/wooden-tasting-box-of-7-varieties-dark-chocolate-from-80-to-2\/\"]}]},{\"@type\":\"ImageObject\",\"inLanguage\":\"en-US\",\"@id\":\"https:\/\/www.chocolate7.com\/en\/shop\/bar\/dark-chocolate-en-2\/wooden-tasting-box-of-7-varieties-dark-chocolate-from-80-to-2\/#primaryimage\",\"url\":\"https:\/\/www.chocolate7.com\/wp-content\/uploads\/2020\/11\/IMG_20201125_120427_373-e1606327846745.jpg\",\"contentUrl\":\"https:\/\/www.chocolate7.com\/wp-content\/uploads\/2020\/11\/IMG_20201125_120427_373-e1606327846745.jpg\",\"width\":600,\"height\":600},{\"@type\":\"BreadcrumbList\",\"@id\":\"https:\/\/www.chocolate7.com\/en\/shop\/bar\/dark-chocolate-en-2\/wooden-tasting-box-of-7-varieties-dark-chocolate-from-80-to-2\/#breadcrumb\",\"itemListElement\":[{\"@type\":\"ListItem\",\"position\":1,\"name\":\"Home\",\"item\":\"https:\/\/www.chocolate7.com\/en\/\"},{\"@type\":\"ListItem\",\"position\":2,\"name\":\"Shop\",\"item\":\"https:\/\/www.chocolate7.com\/en\/store\/\"},{\"@type\":\"ListItem\",\"position\":3,\"name\":\"Wooden tasting box of 7 varieties dark chocolate from 80% to\"}]},{\"@type\":\"WebSite\",\"@id\":\"https:\/\/www.chocolate7.com\/#website\",\"url\":\"https:\/\/www.chocolate7.com\/\",\"name\":\"Chocolate7\",\"description\":\"The fine &amp; luxury chocolate selection\",\"publisher\":{\"@id\":\"https:\/\/www.chocolate7.com\/#organization\"},\"potentialAction\":[{\"@type\":\"SearchAction\",\"target\":{\"@type\":\"EntryPoint\",\"urlTemplate\":\"https:\/\/www.chocolate7.com\/?s={search_term_string}\"},\"query-input\":\"required name=search_term_string\"}],\"inLanguage\":\"en-US\"},{\"@type\":\"Organization\",\"@id\":\"https:\/\/www.chocolate7.com\/#organization\",\"name\":\"Choc7 di Benedetto Giovanni\",\"url\":\"https:\/\/www.chocolate7.com\/\",\"logo\":{\"@type\":\"ImageObject\",\"inLanguage\":\"en-US\",\"@id\":\"https:\/\/www.chocolate7.com\/#\/schema\/logo\/image\/\",\"url\":\"https:\/\/www.chocolate7.com\/wp-content\/uploads\/2018\/10\/logo_chocolate.png\",\"contentUrl\":\"https:\/\/www.chocolate7.com\/wp-content\/uploads\/2018\/10\/logo_chocolate.png\",\"width\":200,\"height\":41,\"caption\":\"Choc7 di Benedetto Giovanni\"},\"image\":{\"@id\":\"https:\/\/www.chocolate7.com\/#\/schema\/logo\/image\/\"},\"sameAs\":[\"https:\/\/www.facebook.com\/cremino.gianduia.1\",\"https:\/\/x.com\/GianduiaCremino\",\"https:\/\/www.instagram.com\/creminogianduia\/\",\"https:\/\/www.pinterest.com.au\/creminogianduia\/\",\"https:\/\/www.youtube.com\/channel\/UCWFQlcc9EQnAsLkD8rBsgig\"]}]}<\/script>\n<!-- \/ Yoast SEO plugin. -->","yoast_head_json":{"title":"Wooden tasting box of 7 varieties dark chocolate from 80% to - Chocolate7","robots":{"index":"index","follow":"follow","max-snippet":"max-snippet:-1","max-image-preview":"max-image-preview:large","max-video-preview":"max-video-preview:-1"},"canonical":"https:\/\/www.chocolate7.com\/en\/shop\/bar\/dark-chocolate-en-2\/wooden-tasting-box-of-7-varieties-dark-chocolate-from-80-to-2\/","og_locale":"en_US","og_type":"article","og_title":"Wooden tasting box of 7 varieties dark chocolate from 80% to - Chocolate7","og_description":"Do you want to give the best chocolate in the world?Give our gift boxes. Our refined wooden boxes are the ideal gift for those who love bean to bar chocolate. Within our boxes you will find the products of the best chocolate makers in the world, selected for you by Chocolate7. Each box is a unique sensory experience that will excite every chocolate lover.  Box contents:  Momotombo Nicaragua Nueva Segovia 90%  Legast Colombia Tierralta 90%  Encuentro Bolivia Emmoni 85%  Letterpress Giamaica Bachelor\u2019s Hall 85%  Cacao Experience Tanzania Kilombero Valley 80%  Maran\u00e0 Per\u00f9 Cusco Chuncho 80%   Ma\u00fca Ecuador Cotopaxi Hacienda Limon 80%","og_url":"https:\/\/www.chocolate7.com\/en\/shop\/bar\/dark-chocolate-en-2\/wooden-tasting-box-of-7-varieties-dark-chocolate-from-80-to-2\/","og_site_name":"Chocolate7","article_publisher":"https:\/\/www.facebook.com\/cremino.gianduia.1","article_modified_time":"2022-05-09T14:26:55+00:00","og_image":[{"width":600,"height":600,"url":"https:\/\/www.chocolate7.com\/wp-content\/uploads\/2020\/11\/IMG_20201125_120427_373-e1606327846745.jpg","type":"image\/jpeg"}],"twitter_card":"summary_large_image","twitter_site":"@GianduiaCremino","schema":{"@context":"https:\/\/schema.org","@graph":[{"@type":"WebPage","@id":"https:\/\/www.chocolate7.com\/en\/shop\/bar\/dark-chocolate-en-2\/wooden-tasting-box-of-7-varieties-dark-chocolate-from-80-to-2\/","url":"https:\/\/www.chocolate7.com\/en\/shop\/bar\/dark-chocolate-en-2\/wooden-tasting-box-of-7-varieties-dark-chocolate-from-80-to-2\/","name":"Wooden tasting box of 7 varieties dark chocolate from 80% to - Chocolate7","isPartOf":{"@id":"https:\/\/www.chocolate7.com\/#website"},"primaryImageOfPage":{"@id":"https:\/\/www.chocolate7.com\/en\/shop\/bar\/dark-chocolate-en-2\/wooden-tasting-box-of-7-varieties-dark-chocolate-from-80-to-2\/#primaryimage"},"image":{"@id":"https:\/\/www.chocolate7.com\/en\/shop\/bar\/dark-chocolate-en-2\/wooden-tasting-box-of-7-varieties-dark-chocolate-from-80-to-2\/#primaryimage"},"thumbnailUrl":"https:\/\/www.chocolate7.com\/wp-content\/uploads\/2020\/11\/IMG_20201125_120427_373-e1606327846745.jpg","datePublished":"2020-12-27T13:07:10+00:00","dateModified":"2022-05-09T14:26:55+00:00","breadcrumb":{"@id":"https:\/\/www.chocolate7.com\/en\/shop\/bar\/dark-chocolate-en-2\/wooden-tasting-box-of-7-varieties-dark-chocolate-from-80-to-2\/#breadcrumb"},"inLanguage":"en-US","potentialAction":[{"@type":"ReadAction","target":["https:\/\/www.chocolate7.com\/en\/shop\/bar\/dark-chocolate-en-2\/wooden-tasting-box-of-7-varieties-dark-chocolate-from-80-to-2\/"]}]},{"@type":"ImageObject","inLanguage":"en-US","@id":"https:\/\/www.chocolate7.com\/en\/shop\/bar\/dark-chocolate-en-2\/wooden-tasting-box-of-7-varieties-dark-chocolate-from-80-to-2\/#primaryimage","url":"https:\/\/www.chocolate7.com\/wp-content\/uploads\/2020\/11\/IMG_20201125_120427_373-e1606327846745.jpg","contentUrl":"https:\/\/www.chocolate7.com\/wp-content\/uploads\/2020\/11\/IMG_20201125_120427_373-e1606327846745.jpg","width":600,"height":600},{"@type":"BreadcrumbList","@id":"https:\/\/www.chocolate7.com\/en\/shop\/bar\/dark-chocolate-en-2\/wooden-tasting-box-of-7-varieties-dark-chocolate-from-80-to-2\/#breadcrumb","itemListElement":[{"@type":"ListItem","position":1,"name":"Home","item":"https:\/\/www.chocolate7.com\/en\/"},{"@type":"ListItem","position":2,"name":"Shop","item":"https:\/\/www.chocolate7.com\/en\/store\/"},{"@type":"ListItem","position":3,"name":"Wooden tasting box of 7 varieties dark chocolate from 80% to"}]},{"@type":"WebSite","@id":"https:\/\/www.chocolate7.com\/#website","url":"https:\/\/www.chocolate7.com\/","name":"Chocolate7","description":"The fine &amp; luxury chocolate selection","publisher":{"@id":"https:\/\/www.chocolate7.com\/#organization"},"potentialAction":[{"@type":"SearchAction","target":{"@type":"EntryPoint","urlTemplate":"https:\/\/www.chocolate7.com\/?s={search_term_string}"},"query-input":"required name=search_term_string"}],"inLanguage":"en-US"},{"@type":"Organization","@id":"https:\/\/www.chocolate7.com\/#organization","name":"Choc7 di Benedetto Giovanni","url":"https:\/\/www.chocolate7.com\/","logo":{"@type":"ImageObject","inLanguage":"en-US","@id":"https:\/\/www.chocolate7.com\/#\/schema\/logo\/image\/","url":"https:\/\/www.chocolate7.com\/wp-content\/uploads\/2018\/10\/logo_chocolate.png","contentUrl":"https:\/\/www.chocolate7.com\/wp-content\/uploads\/2018\/10\/logo_chocolate.png","width":200,"height":41,"caption":"Choc7 di Benedetto Giovanni"},"image":{"@id":"https:\/\/www.chocolate7.com\/#\/schema\/logo\/image\/"},"sameAs":["https:\/\/www.facebook.com\/cremino.gianduia.1","https:\/\/x.com\/GianduiaCremino","https:\/\/www.instagram.com\/creminogianduia\/","https:\/\/www.pinterest.com.au\/creminogianduia\/","https:\/\/www.youtube.com\/channel\/UCWFQlcc9EQnAsLkD8rBsgig"]}]}},"brands":[{"id":6038,"name":"Chocolate7","slug":"chocolate7-en"}],"_links":{"self":[{"href":"https:\/\/www.chocolate7.com\/en\/wp-json\/wp\/v2\/product\/23310","targetHints":{"allow":["GET"]}}],"collection":[{"href":"https:\/\/www.chocolate7.com\/en\/wp-json\/wp\/v2\/product"}],"about":[{"href":"https:\/\/www.chocolate7.com\/en\/wp-json\/wp\/v2\/types\/product"}],"wp:featuredmedia":[{"embeddable":true,"href":"https:\/\/www.chocolate7.com\/en\/wp-json\/wp\/v2\/media\/23010"}],"wp:attachment":[{"href":"https:\/\/www.chocolate7.com\/en\/wp-json\/wp\/v2\/media?parent=23310"}],"wp:term":[{"taxonomy":"pwb-brand","embeddable":true,"href":"https:\/\/www.chocolate7.com\/en\/wp-json\/wp\/v2\/pwb-brand?post=23310"},{"taxonomy":"product_brand","embeddable":true,"href":"https:\/\/www.chocolate7.com\/en\/wp-json\/wp\/v2\/product_brand?post=23310"},{"taxonomy":"product_cat","embeddable":true,"href":"https:\/\/www.chocolate7.com\/en\/wp-json\/wp\/v2\/product_cat?post=23310"},{"taxonomy":"product_tag","embeddable":true,"href":"https:\/\/www.chocolate7.com\/en\/wp-json\/wp\/v2\/product_tag?post=23310"},{"taxonomy":"giftcard-category","embeddable":true,"href":"https:\/\/www.chocolate7.com\/en\/wp-json\/wp\/v2\/giftcard-category?post=23310"}],"curies":[{"name":"wp","href":"https:\/\/api.w.org\/{rel}","templated":true}]}}