{"id":23366,"date":"2021-01-15T12:34:26","date_gmt":"2021-01-15T11:34:27","guid":{"rendered":"https:\/\/www.chocolate7.com\/?post_type=product&#038;p=23366"},"modified":"2021-01-15T12:47:27","modified_gmt":"2021-01-15T11:47:27","slug":"kuna-ecuador-raw-nibs-atacama-salt","status":"publish","type":"product","link":"https:\/\/www.chocolate7.com\/en\/shop\/bar\/dark-chocolate-milk-chocolate-en\/kuna-ecuador-raw-nibs-atacama-salt\/","title":{"rendered":"Kun\u00e0 Ecuador raw nibs Atacama salt"},"content":{"rendered":"<p style=\"text-align: left\"><a href=\"https:\/\/www.chocolate7.com\/en\/categoria\/bar\/\/dark-chocolate-milk-chocolate-en\">Flavoured \/ filled \/ inclusions dark chocolate<\/a> <a href=\"https:\/\/www.chocolate7.com\/en\/categoria\/bar\/\">Bar<\/a> \u2013 Made by Kun\u00e0<\/p>\n<p style=\"text-align: left\">\n","protected":false},"excerpt":{"rendered":"<p><span class=\"JLqJ4b ChMk0b\">Kun\u00e0 is a bean to bar chocolate maker from Ecuador.<\/span> <span class=\"JLqJ4b ChMk0b\">This fine chocolate bar is made with cocoa from Ecuador.<\/span> <span class=\"JLqJ4b ChMk0b\">Kun\u00e0 Atacama salt and cocoa nibs 71% is a dark chocolate with pleasantly sweet taste inclusions, with floral aromatic notes, salted caramel and cocoa<\/span><\/p>\n","protected":false},"featured_media":23377,"template":"","meta":[],"pwb-brand":[3408],"product_brand":[],"product_cat":[3251,3256],"product_tag":[],"giftcard-category":[],"class_list":{"0":"post-23366","1":"product","2":"type-product","3":"status-publish","4":"has-post-thumbnail","6":"pwb-brand-kuna-en","7":"product_cat-bar","8":"product_cat-dark-chocolate-milk-chocolate-en","9":"pa_acidita-1-en","10":"pa_amarezza-1-en","11":"pa_cacao-71-80-en","12":"pa_carboidrati-40-g-en","13":"pa_carboidrati-zuccheri-27g-en","14":"pa_certificazioni-organic-certified-by-kiwa-bcs-oko-garantie-gmbh-en","15":"pa_codice-a-barre-7862116610381-en","16":"pa_conservazione-store-in-a-cool-dry-place","17":"pa_dolcezza-3-en","18":"pa_grassi-47-g-en","19":"pa_grassi-saturi-27-g-en","20":"pa_note-di-degustazione-floral-notes-salted-caramel-and-cocoa","21":"pa_paese-delle-fave-di-cacao-ecuador-en","22":"pa_paese-produttore-ecuador-en","23":"pa_percentuale-di-cacao-71-en","24":"pa_proteine-7-g-en","25":"pa_tipo-di-cioccolato-flavoured-filled-inclusions-dark-chocolate-bar","26":"pa_valore-energetico-2516-kj-600-kcal-en","28":"first","29":"outofstock","30":"taxable","31":"shipping-taxable","32":"purchasable","33":"product-type-simple"},"yoast_head":"<!-- This site is optimized with the Yoast SEO plugin v23.3 - https:\/\/yoast.com\/wordpress\/plugins\/seo\/ -->\n<title>Kun\u00e0 Ecuador raw nibs Atacama salt - Chocolate7<\/title>\n<meta name=\"robots\" content=\"index, follow, max-snippet:-1, max-image-preview:large, max-video-preview:-1\" \/>\n<link rel=\"canonical\" href=\"https:\/\/www.chocolate7.com\/en\/shop\/bar\/dark-chocolate-milk-chocolate-en\/kuna-ecuador-raw-nibs-atacama-salt\/\" \/>\n<meta property=\"og:locale\" content=\"en_US\" \/>\n<meta property=\"og:type\" content=\"article\" \/>\n<meta property=\"og:title\" content=\"Kun\u00e0 Ecuador raw nibs Atacama salt - Chocolate7\" \/>\n<meta property=\"og:description\" content=\"Kun\u00e0 is a bean to bar chocolate maker from Ecuador. This fine chocolate bar is made with cocoa from Ecuador. Kun\u00e0 Atacama salt and cocoa nibs 71% is a dark chocolate with pleasantly sweet taste inclusions, with floral aromatic notes, salted caramel and cocoa\" \/>\n<meta property=\"og:url\" content=\"https:\/\/www.chocolate7.com\/en\/shop\/bar\/dark-chocolate-milk-chocolate-en\/kuna-ecuador-raw-nibs-atacama-salt\/\" \/>\n<meta property=\"og:site_name\" content=\"Chocolate7\" \/>\n<meta property=\"article:publisher\" content=\"https:\/\/www.facebook.com\/cremino.gianduia.1\" \/>\n<meta property=\"article:modified_time\" content=\"2021-01-15T11:47:27+00:00\" \/>\n<meta property=\"og:image\" content=\"https:\/\/www.chocolate7.com\/wp-content\/uploads\/2021\/01\/IMG_20210115_164532_767-e1610725679719.jpg\" \/>\n\t<meta property=\"og:image:width\" content=\"600\" \/>\n\t<meta property=\"og:image:height\" content=\"600\" \/>\n\t<meta property=\"og:image:type\" content=\"image\/jpeg\" \/>\n<meta name=\"twitter:card\" content=\"summary_large_image\" \/>\n<meta name=\"twitter:site\" content=\"@GianduiaCremino\" \/>\n<script type=\"application\/ld+json\" class=\"yoast-schema-graph\">{\"@context\":\"https:\/\/schema.org\",\"@graph\":[{\"@type\":\"WebPage\",\"@id\":\"https:\/\/www.chocolate7.com\/en\/shop\/bar\/dark-chocolate-milk-chocolate-en\/kuna-ecuador-raw-nibs-atacama-salt\/\",\"url\":\"https:\/\/www.chocolate7.com\/en\/shop\/bar\/dark-chocolate-milk-chocolate-en\/kuna-ecuador-raw-nibs-atacama-salt\/\",\"name\":\"Kun\u00e0 Ecuador raw nibs Atacama salt - Chocolate7\",\"isPartOf\":{\"@id\":\"https:\/\/www.chocolate7.com\/#website\"},\"primaryImageOfPage\":{\"@id\":\"https:\/\/www.chocolate7.com\/en\/shop\/bar\/dark-chocolate-milk-chocolate-en\/kuna-ecuador-raw-nibs-atacama-salt\/#primaryimage\"},\"image\":{\"@id\":\"https:\/\/www.chocolate7.com\/en\/shop\/bar\/dark-chocolate-milk-chocolate-en\/kuna-ecuador-raw-nibs-atacama-salt\/#primaryimage\"},\"thumbnailUrl\":\"https:\/\/www.chocolate7.com\/wp-content\/uploads\/2021\/01\/IMG_20210115_164532_767-e1610725679719.jpg\",\"datePublished\":\"2021-01-15T11:34:27+00:00\",\"dateModified\":\"2021-01-15T11:47:27+00:00\",\"breadcrumb\":{\"@id\":\"https:\/\/www.chocolate7.com\/en\/shop\/bar\/dark-chocolate-milk-chocolate-en\/kuna-ecuador-raw-nibs-atacama-salt\/#breadcrumb\"},\"inLanguage\":\"en-US\",\"potentialAction\":[{\"@type\":\"ReadAction\",\"target\":[\"https:\/\/www.chocolate7.com\/en\/shop\/bar\/dark-chocolate-milk-chocolate-en\/kuna-ecuador-raw-nibs-atacama-salt\/\"]}]},{\"@type\":\"ImageObject\",\"inLanguage\":\"en-US\",\"@id\":\"https:\/\/www.chocolate7.com\/en\/shop\/bar\/dark-chocolate-milk-chocolate-en\/kuna-ecuador-raw-nibs-atacama-salt\/#primaryimage\",\"url\":\"https:\/\/www.chocolate7.com\/wp-content\/uploads\/2021\/01\/IMG_20210115_164532_767-e1610725679719.jpg\",\"contentUrl\":\"https:\/\/www.chocolate7.com\/wp-content\/uploads\/2021\/01\/IMG_20210115_164532_767-e1610725679719.jpg\",\"width\":600,\"height\":600},{\"@type\":\"BreadcrumbList\",\"@id\":\"https:\/\/www.chocolate7.com\/en\/shop\/bar\/dark-chocolate-milk-chocolate-en\/kuna-ecuador-raw-nibs-atacama-salt\/#breadcrumb\",\"itemListElement\":[{\"@type\":\"ListItem\",\"position\":1,\"name\":\"Home\",\"item\":\"https:\/\/www.chocolate7.com\/en\/\"},{\"@type\":\"ListItem\",\"position\":2,\"name\":\"Shop\",\"item\":\"https:\/\/www.chocolate7.com\/en\/store\/\"},{\"@type\":\"ListItem\",\"position\":3,\"name\":\"Kun\u00e0 Ecuador raw nibs Atacama salt\"}]},{\"@type\":\"WebSite\",\"@id\":\"https:\/\/www.chocolate7.com\/#website\",\"url\":\"https:\/\/www.chocolate7.com\/\",\"name\":\"Chocolate7\",\"description\":\"The fine &amp; luxury chocolate selection\",\"publisher\":{\"@id\":\"https:\/\/www.chocolate7.com\/#organization\"},\"potentialAction\":[{\"@type\":\"SearchAction\",\"target\":{\"@type\":\"EntryPoint\",\"urlTemplate\":\"https:\/\/www.chocolate7.com\/?s={search_term_string}\"},\"query-input\":\"required name=search_term_string\"}],\"inLanguage\":\"en-US\"},{\"@type\":\"Organization\",\"@id\":\"https:\/\/www.chocolate7.com\/#organization\",\"name\":\"Choc7 di Benedetto Giovanni\",\"url\":\"https:\/\/www.chocolate7.com\/\",\"logo\":{\"@type\":\"ImageObject\",\"inLanguage\":\"en-US\",\"@id\":\"https:\/\/www.chocolate7.com\/#\/schema\/logo\/image\/\",\"url\":\"https:\/\/www.chocolate7.com\/wp-content\/uploads\/2018\/10\/logo_chocolate.png\",\"contentUrl\":\"https:\/\/www.chocolate7.com\/wp-content\/uploads\/2018\/10\/logo_chocolate.png\",\"width\":200,\"height\":41,\"caption\":\"Choc7 di Benedetto Giovanni\"},\"image\":{\"@id\":\"https:\/\/www.chocolate7.com\/#\/schema\/logo\/image\/\"},\"sameAs\":[\"https:\/\/www.facebook.com\/cremino.gianduia.1\",\"https:\/\/x.com\/GianduiaCremino\",\"https:\/\/www.instagram.com\/creminogianduia\/\",\"https:\/\/www.pinterest.com.au\/creminogianduia\/\",\"https:\/\/www.youtube.com\/channel\/UCWFQlcc9EQnAsLkD8rBsgig\"]}]}<\/script>\n<!-- \/ Yoast SEO plugin. -->","yoast_head_json":{"title":"Kun\u00e0 Ecuador raw nibs Atacama salt - Chocolate7","robots":{"index":"index","follow":"follow","max-snippet":"max-snippet:-1","max-image-preview":"max-image-preview:large","max-video-preview":"max-video-preview:-1"},"canonical":"https:\/\/www.chocolate7.com\/en\/shop\/bar\/dark-chocolate-milk-chocolate-en\/kuna-ecuador-raw-nibs-atacama-salt\/","og_locale":"en_US","og_type":"article","og_title":"Kun\u00e0 Ecuador raw nibs Atacama salt - Chocolate7","og_description":"Kun\u00e0 is a bean to bar chocolate maker from Ecuador. This fine chocolate bar is made with cocoa from Ecuador. Kun\u00e0 Atacama salt and cocoa nibs 71% is a dark chocolate with pleasantly sweet taste inclusions, with floral aromatic notes, salted caramel and cocoa","og_url":"https:\/\/www.chocolate7.com\/en\/shop\/bar\/dark-chocolate-milk-chocolate-en\/kuna-ecuador-raw-nibs-atacama-salt\/","og_site_name":"Chocolate7","article_publisher":"https:\/\/www.facebook.com\/cremino.gianduia.1","article_modified_time":"2021-01-15T11:47:27+00:00","og_image":[{"width":600,"height":600,"url":"https:\/\/www.chocolate7.com\/wp-content\/uploads\/2021\/01\/IMG_20210115_164532_767-e1610725679719.jpg","type":"image\/jpeg"}],"twitter_card":"summary_large_image","twitter_site":"@GianduiaCremino","schema":{"@context":"https:\/\/schema.org","@graph":[{"@type":"WebPage","@id":"https:\/\/www.chocolate7.com\/en\/shop\/bar\/dark-chocolate-milk-chocolate-en\/kuna-ecuador-raw-nibs-atacama-salt\/","url":"https:\/\/www.chocolate7.com\/en\/shop\/bar\/dark-chocolate-milk-chocolate-en\/kuna-ecuador-raw-nibs-atacama-salt\/","name":"Kun\u00e0 Ecuador raw nibs Atacama salt - Chocolate7","isPartOf":{"@id":"https:\/\/www.chocolate7.com\/#website"},"primaryImageOfPage":{"@id":"https:\/\/www.chocolate7.com\/en\/shop\/bar\/dark-chocolate-milk-chocolate-en\/kuna-ecuador-raw-nibs-atacama-salt\/#primaryimage"},"image":{"@id":"https:\/\/www.chocolate7.com\/en\/shop\/bar\/dark-chocolate-milk-chocolate-en\/kuna-ecuador-raw-nibs-atacama-salt\/#primaryimage"},"thumbnailUrl":"https:\/\/www.chocolate7.com\/wp-content\/uploads\/2021\/01\/IMG_20210115_164532_767-e1610725679719.jpg","datePublished":"2021-01-15T11:34:27+00:00","dateModified":"2021-01-15T11:47:27+00:00","breadcrumb":{"@id":"https:\/\/www.chocolate7.com\/en\/shop\/bar\/dark-chocolate-milk-chocolate-en\/kuna-ecuador-raw-nibs-atacama-salt\/#breadcrumb"},"inLanguage":"en-US","potentialAction":[{"@type":"ReadAction","target":["https:\/\/www.chocolate7.com\/en\/shop\/bar\/dark-chocolate-milk-chocolate-en\/kuna-ecuador-raw-nibs-atacama-salt\/"]}]},{"@type":"ImageObject","inLanguage":"en-US","@id":"https:\/\/www.chocolate7.com\/en\/shop\/bar\/dark-chocolate-milk-chocolate-en\/kuna-ecuador-raw-nibs-atacama-salt\/#primaryimage","url":"https:\/\/www.chocolate7.com\/wp-content\/uploads\/2021\/01\/IMG_20210115_164532_767-e1610725679719.jpg","contentUrl":"https:\/\/www.chocolate7.com\/wp-content\/uploads\/2021\/01\/IMG_20210115_164532_767-e1610725679719.jpg","width":600,"height":600},{"@type":"BreadcrumbList","@id":"https:\/\/www.chocolate7.com\/en\/shop\/bar\/dark-chocolate-milk-chocolate-en\/kuna-ecuador-raw-nibs-atacama-salt\/#breadcrumb","itemListElement":[{"@type":"ListItem","position":1,"name":"Home","item":"https:\/\/www.chocolate7.com\/en\/"},{"@type":"ListItem","position":2,"name":"Shop","item":"https:\/\/www.chocolate7.com\/en\/store\/"},{"@type":"ListItem","position":3,"name":"Kun\u00e0 Ecuador raw nibs Atacama salt"}]},{"@type":"WebSite","@id":"https:\/\/www.chocolate7.com\/#website","url":"https:\/\/www.chocolate7.com\/","name":"Chocolate7","description":"The fine &amp; luxury chocolate selection","publisher":{"@id":"https:\/\/www.chocolate7.com\/#organization"},"potentialAction":[{"@type":"SearchAction","target":{"@type":"EntryPoint","urlTemplate":"https:\/\/www.chocolate7.com\/?s={search_term_string}"},"query-input":"required name=search_term_string"}],"inLanguage":"en-US"},{"@type":"Organization","@id":"https:\/\/www.chocolate7.com\/#organization","name":"Choc7 di Benedetto Giovanni","url":"https:\/\/www.chocolate7.com\/","logo":{"@type":"ImageObject","inLanguage":"en-US","@id":"https:\/\/www.chocolate7.com\/#\/schema\/logo\/image\/","url":"https:\/\/www.chocolate7.com\/wp-content\/uploads\/2018\/10\/logo_chocolate.png","contentUrl":"https:\/\/www.chocolate7.com\/wp-content\/uploads\/2018\/10\/logo_chocolate.png","width":200,"height":41,"caption":"Choc7 di Benedetto Giovanni"},"image":{"@id":"https:\/\/www.chocolate7.com\/#\/schema\/logo\/image\/"},"sameAs":["https:\/\/www.facebook.com\/cremino.gianduia.1","https:\/\/x.com\/GianduiaCremino","https:\/\/www.instagram.com\/creminogianduia\/","https:\/\/www.pinterest.com.au\/creminogianduia\/","https:\/\/www.youtube.com\/channel\/UCWFQlcc9EQnAsLkD8rBsgig"]}]}},"brands":[{"id":3408,"name":"Kun\u00e0","slug":"kuna-en"}],"_links":{"self":[{"href":"https:\/\/www.chocolate7.com\/en\/wp-json\/wp\/v2\/product\/23366","targetHints":{"allow":["GET"]}}],"collection":[{"href":"https:\/\/www.chocolate7.com\/en\/wp-json\/wp\/v2\/product"}],"about":[{"href":"https:\/\/www.chocolate7.com\/en\/wp-json\/wp\/v2\/types\/product"}],"wp:featuredmedia":[{"embeddable":true,"href":"https:\/\/www.chocolate7.com\/en\/wp-json\/wp\/v2\/media\/23377"}],"wp:attachment":[{"href":"https:\/\/www.chocolate7.com\/en\/wp-json\/wp\/v2\/media?parent=23366"}],"wp:term":[{"taxonomy":"pwb-brand","embeddable":true,"href":"https:\/\/www.chocolate7.com\/en\/wp-json\/wp\/v2\/pwb-brand?post=23366"},{"taxonomy":"product_brand","embeddable":true,"href":"https:\/\/www.chocolate7.com\/en\/wp-json\/wp\/v2\/product_brand?post=23366"},{"taxonomy":"product_cat","embeddable":true,"href":"https:\/\/www.chocolate7.com\/en\/wp-json\/wp\/v2\/product_cat?post=23366"},{"taxonomy":"product_tag","embeddable":true,"href":"https:\/\/www.chocolate7.com\/en\/wp-json\/wp\/v2\/product_tag?post=23366"},{"taxonomy":"giftcard-category","embeddable":true,"href":"https:\/\/www.chocolate7.com\/en\/wp-json\/wp\/v2\/giftcard-category?post=23366"}],"curies":[{"name":"wp","href":"https:\/\/api.w.org\/{rel}","templated":true}]}}