{"id":23569,"date":"2021-02-15T17:39:42","date_gmt":"2021-02-15T16:39:43","guid":{"rendered":"https:\/\/www.chocolate7.com\/?post_type=product&#038;p=23569"},"modified":"2025-12-02T16:57:23","modified_gmt":"2025-12-02T15:57:23","slug":"ajala-haiti-pisa","status":"publish","type":"product","link":"https:\/\/www.chocolate7.com\/en\/shop\/bar\/dark-chocolate-en-2\/ajala-haiti-pisa\/","title":{"rendered":"Ajala Haiti PISA"},"content":{"rendered":"<p style=\"text-align: left\">Dark chocolate bar &#8211; made by Ajala<\/p>\n<p style=\"text-align: left\">Ka\u017ed\u00e1 single origin \u010dokol\u00e1da je chu\u0165ovy\u0301 origin\u00e1l. Jedine\u010dnou a neopakovatelnou chu\u0165 j\u00ed zaru\u010duj\u00ed ty nejkvalitn\u011bj\u0161\u00ed kakaov\u00e9 boby poch\u00e1zej\u00edc\u00ed v\u017edy z jedin\u00e9ho regionu. \u010cokol\u00e1da, kterou dr\u017e\u00edte v ruce\u00a0m\u00e1 p\u016fvod na Haiti v regionu Grand Nord. Do programu zdej\u0161\u00edho podniku PISA je zapojeno 1500 m\u00edstn\u00edch farm\u00e1\u0159\u016f, z toho 400 \u017een.<\/p>\n","protected":false},"excerpt":{"rendered":"<p>Ajala, is a bean to bar chocolate maker from Czech Republic. This fine chocolate bar is made with cocoa from Haiti (PISA). Ajala Haiti PISA 70% is a dark chocolate with a pleasantly sweet taste, with aromatic notes of dates, toasted nuts and nougat<\/p>\n","protected":false},"featured_media":23571,"template":"","meta":[],"pwb-brand":[3285],"product_brand":[],"product_cat":[3251,3255],"product_tag":[],"giftcard-category":[],"class_list":{"0":"post-23569","1":"product","2":"type-product","3":"status-publish","4":"has-post-thumbnail","6":"pwb-brand-ajala-en","7":"product_cat-bar","8":"product_cat-dark-chocolate-en-2","9":"pa_acidita-1-en","10":"pa_allergeni-may-contain-traces-of-nuts-en","11":"pa_amarezza-1-en","12":"pa_cacao-70-79-en","13":"pa_carboidrati-459-g-en","14":"pa_carboidrati-zuccheri-335-g-en","15":"pa_codice-a-barre-8594184560181-en","16":"pa_conservazione-store-at-room-temperature","17":"pa_dolcezza-3-en","18":"pa_grassi-411-g-en","19":"pa_grassi-saturi-2561-g-en","20":"pa_ingredienti-organic-cocoa-beans-organic-dehydrated-cane-sugar","21":"pa_note-di-degustazione-dates-toasted-nuts-nougat","22":"pa_paese-delle-fave-di-cacao-haiti-en","23":"pa_paese-produttore-czech-republic","24":"pa_percentuale-di-cacao-70-en","25":"pa_proteine-86-g-en","26":"pa_sale-0079-g-en","27":"pa_tipo-di-cioccolato-fondente-en","28":"pa_valore-energetico-2461-kj-588-kcal-en","30":"first","31":"outofstock","32":"taxable","33":"shipping-taxable","34":"purchasable","35":"product-type-simple"},"yoast_head":"<!-- This site is optimized with the Yoast SEO plugin v23.3 - https:\/\/yoast.com\/wordpress\/plugins\/seo\/ -->\n<title>Ajala Haiti PISA - Chocolate7<\/title>\n<meta name=\"robots\" content=\"index, follow, max-snippet:-1, max-image-preview:large, max-video-preview:-1\" \/>\n<link rel=\"canonical\" href=\"https:\/\/www.chocolate7.com\/shop\/tavoletta\/fondente\/ajala-haiti-pisa\/\" \/>\n<meta property=\"og:locale\" content=\"en_US\" \/>\n<meta property=\"og:type\" content=\"article\" \/>\n<meta property=\"og:title\" content=\"Ajala Haiti PISA - Chocolate7\" \/>\n<meta property=\"og:description\" content=\"Ajala, is a bean to bar chocolate maker from Czech Republic. This fine chocolate bar is made with cocoa from Haiti (PISA). Ajala Haiti PISA 70% is a dark chocolate with a pleasantly sweet taste, with aromatic notes of dates, toasted nuts and nougat\" \/>\n<meta property=\"og:url\" content=\"https:\/\/www.chocolate7.com\/shop\/tavoletta\/fondente\/ajala-haiti-pisa\/\" \/>\n<meta property=\"og:site_name\" content=\"Chocolate7\" \/>\n<meta property=\"article:publisher\" content=\"https:\/\/www.facebook.com\/cremino.gianduia.1\" \/>\n<meta property=\"article:modified_time\" content=\"2025-12-02T15:57:23+00:00\" \/>\n<meta property=\"og:image\" content=\"https:\/\/www.chocolate7.com\/wp-content\/uploads\/2021\/02\/IMG_20210215_173749_220-e1613407667349.jpg\" \/>\n\t<meta property=\"og:image:width\" content=\"600\" \/>\n\t<meta property=\"og:image:height\" content=\"600\" \/>\n\t<meta property=\"og:image:type\" content=\"image\/jpeg\" \/>\n<meta name=\"twitter:card\" content=\"summary_large_image\" \/>\n<meta name=\"twitter:site\" content=\"@GianduiaCremino\" \/>\n<script type=\"application\/ld+json\" class=\"yoast-schema-graph\">{\"@context\":\"https:\/\/schema.org\",\"@graph\":[{\"@type\":\"WebPage\",\"@id\":\"https:\/\/www.chocolate7.com\/shop\/tavoletta\/fondente\/ajala-haiti-pisa\/\",\"url\":\"https:\/\/www.chocolate7.com\/shop\/tavoletta\/fondente\/ajala-haiti-pisa\/\",\"name\":\"Ajala Haiti PISA - Chocolate7\",\"isPartOf\":{\"@id\":\"https:\/\/www.chocolate7.com\/#website\"},\"primaryImageOfPage\":{\"@id\":\"https:\/\/www.chocolate7.com\/shop\/tavoletta\/fondente\/ajala-haiti-pisa\/#primaryimage\"},\"image\":{\"@id\":\"https:\/\/www.chocolate7.com\/shop\/tavoletta\/fondente\/ajala-haiti-pisa\/#primaryimage\"},\"thumbnailUrl\":\"https:\/\/www.chocolate7.com\/wp-content\/uploads\/2021\/02\/IMG_20210215_173749_220-e1613407667349.jpg\",\"datePublished\":\"2021-02-15T16:39:43+00:00\",\"dateModified\":\"2025-12-02T15:57:23+00:00\",\"breadcrumb\":{\"@id\":\"https:\/\/www.chocolate7.com\/shop\/tavoletta\/fondente\/ajala-haiti-pisa\/#breadcrumb\"},\"inLanguage\":\"en-US\",\"potentialAction\":[{\"@type\":\"ReadAction\",\"target\":[\"https:\/\/www.chocolate7.com\/shop\/tavoletta\/fondente\/ajala-haiti-pisa\/\"]}]},{\"@type\":\"ImageObject\",\"inLanguage\":\"en-US\",\"@id\":\"https:\/\/www.chocolate7.com\/shop\/tavoletta\/fondente\/ajala-haiti-pisa\/#primaryimage\",\"url\":\"https:\/\/www.chocolate7.com\/wp-content\/uploads\/2021\/02\/IMG_20210215_173749_220-e1613407667349.jpg\",\"contentUrl\":\"https:\/\/www.chocolate7.com\/wp-content\/uploads\/2021\/02\/IMG_20210215_173749_220-e1613407667349.jpg\",\"width\":600,\"height\":600},{\"@type\":\"BreadcrumbList\",\"@id\":\"https:\/\/www.chocolate7.com\/shop\/tavoletta\/fondente\/ajala-haiti-pisa\/#breadcrumb\",\"itemListElement\":[{\"@type\":\"ListItem\",\"position\":1,\"name\":\"Home\",\"item\":\"https:\/\/www.chocolate7.com\/en\/\"},{\"@type\":\"ListItem\",\"position\":2,\"name\":\"Shop\",\"item\":\"https:\/\/www.chocolate7.com\/en\/store\/\"},{\"@type\":\"ListItem\",\"position\":3,\"name\":\"Ajala Haiti PISA\"}]},{\"@type\":\"WebSite\",\"@id\":\"https:\/\/www.chocolate7.com\/#website\",\"url\":\"https:\/\/www.chocolate7.com\/\",\"name\":\"Chocolate7\",\"description\":\"The fine &amp; luxury chocolate selection\",\"publisher\":{\"@id\":\"https:\/\/www.chocolate7.com\/#organization\"},\"potentialAction\":[{\"@type\":\"SearchAction\",\"target\":{\"@type\":\"EntryPoint\",\"urlTemplate\":\"https:\/\/www.chocolate7.com\/?s={search_term_string}\"},\"query-input\":\"required name=search_term_string\"}],\"inLanguage\":\"en-US\"},{\"@type\":\"Organization\",\"@id\":\"https:\/\/www.chocolate7.com\/#organization\",\"name\":\"Choc7 di Benedetto Giovanni\",\"url\":\"https:\/\/www.chocolate7.com\/\",\"logo\":{\"@type\":\"ImageObject\",\"inLanguage\":\"en-US\",\"@id\":\"https:\/\/www.chocolate7.com\/#\/schema\/logo\/image\/\",\"url\":\"https:\/\/www.chocolate7.com\/wp-content\/uploads\/2018\/10\/logo_chocolate.png\",\"contentUrl\":\"https:\/\/www.chocolate7.com\/wp-content\/uploads\/2018\/10\/logo_chocolate.png\",\"width\":200,\"height\":41,\"caption\":\"Choc7 di Benedetto Giovanni\"},\"image\":{\"@id\":\"https:\/\/www.chocolate7.com\/#\/schema\/logo\/image\/\"},\"sameAs\":[\"https:\/\/www.facebook.com\/cremino.gianduia.1\",\"https:\/\/x.com\/GianduiaCremino\",\"https:\/\/www.instagram.com\/creminogianduia\/\",\"https:\/\/www.pinterest.com.au\/creminogianduia\/\",\"https:\/\/www.youtube.com\/channel\/UCWFQlcc9EQnAsLkD8rBsgig\"]}]}<\/script>\n<!-- \/ Yoast SEO plugin. -->","yoast_head_json":{"title":"Ajala Haiti PISA - Chocolate7","robots":{"index":"index","follow":"follow","max-snippet":"max-snippet:-1","max-image-preview":"max-image-preview:large","max-video-preview":"max-video-preview:-1"},"canonical":"https:\/\/www.chocolate7.com\/shop\/tavoletta\/fondente\/ajala-haiti-pisa\/","og_locale":"en_US","og_type":"article","og_title":"Ajala Haiti PISA - Chocolate7","og_description":"Ajala, is a bean to bar chocolate maker from Czech Republic. This fine chocolate bar is made with cocoa from Haiti (PISA). Ajala Haiti PISA 70% is a dark chocolate with a pleasantly sweet taste, with aromatic notes of dates, toasted nuts and nougat","og_url":"https:\/\/www.chocolate7.com\/shop\/tavoletta\/fondente\/ajala-haiti-pisa\/","og_site_name":"Chocolate7","article_publisher":"https:\/\/www.facebook.com\/cremino.gianduia.1","article_modified_time":"2025-12-02T15:57:23+00:00","og_image":[{"width":600,"height":600,"url":"https:\/\/www.chocolate7.com\/wp-content\/uploads\/2021\/02\/IMG_20210215_173749_220-e1613407667349.jpg","type":"image\/jpeg"}],"twitter_card":"summary_large_image","twitter_site":"@GianduiaCremino","schema":{"@context":"https:\/\/schema.org","@graph":[{"@type":"WebPage","@id":"https:\/\/www.chocolate7.com\/shop\/tavoletta\/fondente\/ajala-haiti-pisa\/","url":"https:\/\/www.chocolate7.com\/shop\/tavoletta\/fondente\/ajala-haiti-pisa\/","name":"Ajala Haiti PISA - Chocolate7","isPartOf":{"@id":"https:\/\/www.chocolate7.com\/#website"},"primaryImageOfPage":{"@id":"https:\/\/www.chocolate7.com\/shop\/tavoletta\/fondente\/ajala-haiti-pisa\/#primaryimage"},"image":{"@id":"https:\/\/www.chocolate7.com\/shop\/tavoletta\/fondente\/ajala-haiti-pisa\/#primaryimage"},"thumbnailUrl":"https:\/\/www.chocolate7.com\/wp-content\/uploads\/2021\/02\/IMG_20210215_173749_220-e1613407667349.jpg","datePublished":"2021-02-15T16:39:43+00:00","dateModified":"2025-12-02T15:57:23+00:00","breadcrumb":{"@id":"https:\/\/www.chocolate7.com\/shop\/tavoletta\/fondente\/ajala-haiti-pisa\/#breadcrumb"},"inLanguage":"en-US","potentialAction":[{"@type":"ReadAction","target":["https:\/\/www.chocolate7.com\/shop\/tavoletta\/fondente\/ajala-haiti-pisa\/"]}]},{"@type":"ImageObject","inLanguage":"en-US","@id":"https:\/\/www.chocolate7.com\/shop\/tavoletta\/fondente\/ajala-haiti-pisa\/#primaryimage","url":"https:\/\/www.chocolate7.com\/wp-content\/uploads\/2021\/02\/IMG_20210215_173749_220-e1613407667349.jpg","contentUrl":"https:\/\/www.chocolate7.com\/wp-content\/uploads\/2021\/02\/IMG_20210215_173749_220-e1613407667349.jpg","width":600,"height":600},{"@type":"BreadcrumbList","@id":"https:\/\/www.chocolate7.com\/shop\/tavoletta\/fondente\/ajala-haiti-pisa\/#breadcrumb","itemListElement":[{"@type":"ListItem","position":1,"name":"Home","item":"https:\/\/www.chocolate7.com\/en\/"},{"@type":"ListItem","position":2,"name":"Shop","item":"https:\/\/www.chocolate7.com\/en\/store\/"},{"@type":"ListItem","position":3,"name":"Ajala Haiti PISA"}]},{"@type":"WebSite","@id":"https:\/\/www.chocolate7.com\/#website","url":"https:\/\/www.chocolate7.com\/","name":"Chocolate7","description":"The fine &amp; luxury chocolate selection","publisher":{"@id":"https:\/\/www.chocolate7.com\/#organization"},"potentialAction":[{"@type":"SearchAction","target":{"@type":"EntryPoint","urlTemplate":"https:\/\/www.chocolate7.com\/?s={search_term_string}"},"query-input":"required name=search_term_string"}],"inLanguage":"en-US"},{"@type":"Organization","@id":"https:\/\/www.chocolate7.com\/#organization","name":"Choc7 di Benedetto Giovanni","url":"https:\/\/www.chocolate7.com\/","logo":{"@type":"ImageObject","inLanguage":"en-US","@id":"https:\/\/www.chocolate7.com\/#\/schema\/logo\/image\/","url":"https:\/\/www.chocolate7.com\/wp-content\/uploads\/2018\/10\/logo_chocolate.png","contentUrl":"https:\/\/www.chocolate7.com\/wp-content\/uploads\/2018\/10\/logo_chocolate.png","width":200,"height":41,"caption":"Choc7 di Benedetto Giovanni"},"image":{"@id":"https:\/\/www.chocolate7.com\/#\/schema\/logo\/image\/"},"sameAs":["https:\/\/www.facebook.com\/cremino.gianduia.1","https:\/\/x.com\/GianduiaCremino","https:\/\/www.instagram.com\/creminogianduia\/","https:\/\/www.pinterest.com.au\/creminogianduia\/","https:\/\/www.youtube.com\/channel\/UCWFQlcc9EQnAsLkD8rBsgig"]}]}},"brands":[{"id":3285,"name":"Ajala","slug":"ajala-en"}],"_links":{"self":[{"href":"https:\/\/www.chocolate7.com\/en\/wp-json\/wp\/v2\/product\/23569","targetHints":{"allow":["GET"]}}],"collection":[{"href":"https:\/\/www.chocolate7.com\/en\/wp-json\/wp\/v2\/product"}],"about":[{"href":"https:\/\/www.chocolate7.com\/en\/wp-json\/wp\/v2\/types\/product"}],"wp:featuredmedia":[{"embeddable":true,"href":"https:\/\/www.chocolate7.com\/en\/wp-json\/wp\/v2\/media\/23571"}],"wp:attachment":[{"href":"https:\/\/www.chocolate7.com\/en\/wp-json\/wp\/v2\/media?parent=23569"}],"wp:term":[{"taxonomy":"pwb-brand","embeddable":true,"href":"https:\/\/www.chocolate7.com\/en\/wp-json\/wp\/v2\/pwb-brand?post=23569"},{"taxonomy":"product_brand","embeddable":true,"href":"https:\/\/www.chocolate7.com\/en\/wp-json\/wp\/v2\/product_brand?post=23569"},{"taxonomy":"product_cat","embeddable":true,"href":"https:\/\/www.chocolate7.com\/en\/wp-json\/wp\/v2\/product_cat?post=23569"},{"taxonomy":"product_tag","embeddable":true,"href":"https:\/\/www.chocolate7.com\/en\/wp-json\/wp\/v2\/product_tag?post=23569"},{"taxonomy":"giftcard-category","embeddable":true,"href":"https:\/\/www.chocolate7.com\/en\/wp-json\/wp\/v2\/giftcard-category?post=23569"}],"curies":[{"name":"wp","href":"https:\/\/api.w.org\/{rel}","templated":true}]}}