{"id":23775,"date":"2021-03-11T18:24:06","date_gmt":"2021-03-11T17:24:07","guid":{"rendered":"https:\/\/www.chocolate7.com\/?post_type=product&#038;p=23775"},"modified":"2023-03-14T16:38:56","modified_gmt":"2023-03-14T15:38:56","slug":"encuentro-friture-easter-3-varieties","status":"publish","type":"product","link":"https:\/\/www.chocolate7.com\/en\/shop\/bar\/dark-chocolate-en-2\/encuentro-friture-easter-3-varieties\/","title":{"rendered":"Encuentro Friture Easter 3 varieties"},"content":{"rendered":"<p style=\"text-align: left\">Dark Chocolate friture Easter Tasting Box &#8211; Made by Encuentro<\/p>\n<div class=\"woocommerce-product-details__short-description\">\n<p>Cette friture a \u00e9t\u00e9 r\u00e9alis\u00e9e avec 3 terroirs 70% diff\u00e9rents. Elle vous permettra de d\u00e9couvrir et\/ou d&#8217;appr\u00e9cier notre approche du chocolat par terroir !\u00a0Aucun de nos chocolats ne pr\u00e9sente d&#8217;amertume.<\/p>\n<p>Une boite contient environ\u00a0<strong>2<\/strong><strong>5 pi\u00e8ces.<\/strong><\/p>\n<p>Cette friture ravira les enfants comme les adultes !<\/p>\n<p>Pas de plastique chez Encuentro. Notre\u00a0friture est emball\u00e9e dans un bel \u00e9crin\u00a0recyclable !<\/p>\n<p><strong>Poids net<\/strong>\u00a0: 150g (soit 99\u20ac\/kg)<\/p>\n<p><strong>Dimensions bo\u00eete:<\/strong>\u00a09cm x 9cm x 5cm<\/p>\n<\/div>\n","protected":false},"excerpt":{"rendered":"<p>Encuentro is a bean to bar chocolate maker from France. The perfect gift for anyone who loves quality chocolate. This refined box contains 3 different varieties of Encuentro 70% chocolate, with different shapes, which are a real pleasure for any artisan chocolate lover.<\/p>\n<p>Box contents:<\/p>\n<p>Bali chocolate 70%<\/p>\n<p>Congo chocolate 70%<\/p>\n<p>Peru chocolate 70%<\/p>\n<h1 class=\"product_title entry-title\"><\/h1>\n","protected":false},"featured_media":23819,"template":"","meta":[],"pwb-brand":[5613],"product_brand":[],"product_cat":[3255,3215,3240,3245],"product_tag":[],"giftcard-category":[],"class_list":{"0":"post-23775","1":"product","2":"type-product","3":"status-publish","4":"has-post-thumbnail","6":"pwb-brand-encuentro-en-2","7":"product_cat-dark-chocolate-en-2","8":"product_cat-gift-box","9":"product_cat-pralines-chocolates-bonbons-cremini-truffles","10":"product_cat-tasting-box","11":"pa_cacao-70-79-en","12":"pa_paese-delle-fave-di-cacao-bali-en","13":"pa_paese-delle-fave-di-cacao-democratic-republic-of-congo","14":"pa_paese-delle-fave-di-cacao-peru-en","15":"pa_paese-produttore-france","16":"pa_percentuale-di-cacao-70-en","18":"first","19":"outofstock","20":"featured","21":"taxable","22":"shipping-taxable","23":"purchasable","24":"product-type-simple"},"yoast_head":"<!-- This site is optimized with the Yoast SEO plugin v23.3 - https:\/\/yoast.com\/wordpress\/plugins\/seo\/ -->\n<title>Encuentro Friture Easter 3 varieties - Chocolate7<\/title>\n<meta name=\"robots\" content=\"index, follow, max-snippet:-1, max-image-preview:large, max-video-preview:-1\" \/>\n<link rel=\"canonical\" href=\"https:\/\/www.chocolate7.com\/shop\/tavoletta\/fondente\/encuentro-frittura-di-pasqua-3-varieta\/\" \/>\n<meta property=\"og:locale\" content=\"en_US\" \/>\n<meta property=\"og:type\" content=\"article\" \/>\n<meta property=\"og:title\" content=\"Encuentro Friture Easter 3 varieties - Chocolate7\" \/>\n<meta property=\"og:description\" content=\"Encuentro is a bean to bar chocolate maker from France. The perfect gift for anyone who loves quality chocolate. This refined box contains 3 different varieties of Encuentro 70% chocolate, with different shapes, which are a real pleasure for any artisan chocolate lover.  Box contents:  Bali chocolate 70%  Congo chocolate 70%  Peru chocolate 70%\" \/>\n<meta property=\"og:url\" content=\"https:\/\/www.chocolate7.com\/shop\/tavoletta\/fondente\/encuentro-frittura-di-pasqua-3-varieta\/\" \/>\n<meta property=\"og:site_name\" content=\"Chocolate7\" \/>\n<meta property=\"article:publisher\" content=\"https:\/\/www.facebook.com\/cremino.gianduia.1\" \/>\n<meta property=\"article:modified_time\" content=\"2023-03-14T15:38:56+00:00\" \/>\n<meta property=\"og:image\" content=\"https:\/\/www.chocolate7.com\/wp-content\/uploads\/2021\/03\/IMG_20210313_165010_458-e1615651292885.jpg\" \/>\n\t<meta property=\"og:image:width\" content=\"600\" \/>\n\t<meta property=\"og:image:height\" content=\"600\" \/>\n\t<meta property=\"og:image:type\" content=\"image\/jpeg\" \/>\n<meta name=\"twitter:card\" content=\"summary_large_image\" \/>\n<meta name=\"twitter:site\" content=\"@GianduiaCremino\" \/>\n<script type=\"application\/ld+json\" class=\"yoast-schema-graph\">{\"@context\":\"https:\/\/schema.org\",\"@graph\":[{\"@type\":\"WebPage\",\"@id\":\"https:\/\/www.chocolate7.com\/shop\/tavoletta\/fondente\/encuentro-frittura-di-pasqua-3-varieta\/\",\"url\":\"https:\/\/www.chocolate7.com\/shop\/tavoletta\/fondente\/encuentro-frittura-di-pasqua-3-varieta\/\",\"name\":\"Encuentro Friture Easter 3 varieties - Chocolate7\",\"isPartOf\":{\"@id\":\"https:\/\/www.chocolate7.com\/#website\"},\"primaryImageOfPage\":{\"@id\":\"https:\/\/www.chocolate7.com\/shop\/tavoletta\/fondente\/encuentro-frittura-di-pasqua-3-varieta\/#primaryimage\"},\"image\":{\"@id\":\"https:\/\/www.chocolate7.com\/shop\/tavoletta\/fondente\/encuentro-frittura-di-pasqua-3-varieta\/#primaryimage\"},\"thumbnailUrl\":\"https:\/\/www.chocolate7.com\/wp-content\/uploads\/2021\/03\/IMG_20210313_165010_458-e1615651292885.jpg\",\"datePublished\":\"2021-03-11T17:24:07+00:00\",\"dateModified\":\"2023-03-14T15:38:56+00:00\",\"breadcrumb\":{\"@id\":\"https:\/\/www.chocolate7.com\/shop\/tavoletta\/fondente\/encuentro-frittura-di-pasqua-3-varieta\/#breadcrumb\"},\"inLanguage\":\"en-US\",\"potentialAction\":[{\"@type\":\"ReadAction\",\"target\":[\"https:\/\/www.chocolate7.com\/shop\/tavoletta\/fondente\/encuentro-frittura-di-pasqua-3-varieta\/\"]}]},{\"@type\":\"ImageObject\",\"inLanguage\":\"en-US\",\"@id\":\"https:\/\/www.chocolate7.com\/shop\/tavoletta\/fondente\/encuentro-frittura-di-pasqua-3-varieta\/#primaryimage\",\"url\":\"https:\/\/www.chocolate7.com\/wp-content\/uploads\/2021\/03\/IMG_20210313_165010_458-e1615651292885.jpg\",\"contentUrl\":\"https:\/\/www.chocolate7.com\/wp-content\/uploads\/2021\/03\/IMG_20210313_165010_458-e1615651292885.jpg\",\"width\":600,\"height\":600},{\"@type\":\"BreadcrumbList\",\"@id\":\"https:\/\/www.chocolate7.com\/shop\/tavoletta\/fondente\/encuentro-frittura-di-pasqua-3-varieta\/#breadcrumb\",\"itemListElement\":[{\"@type\":\"ListItem\",\"position\":1,\"name\":\"Home\",\"item\":\"https:\/\/www.chocolate7.com\/en\/\"},{\"@type\":\"ListItem\",\"position\":2,\"name\":\"Shop\",\"item\":\"https:\/\/www.chocolate7.com\/en\/store\/\"},{\"@type\":\"ListItem\",\"position\":3,\"name\":\"Encuentro Friture Easter 3 varieties\"}]},{\"@type\":\"WebSite\",\"@id\":\"https:\/\/www.chocolate7.com\/#website\",\"url\":\"https:\/\/www.chocolate7.com\/\",\"name\":\"Chocolate7\",\"description\":\"The fine &amp; luxury chocolate selection\",\"publisher\":{\"@id\":\"https:\/\/www.chocolate7.com\/#organization\"},\"potentialAction\":[{\"@type\":\"SearchAction\",\"target\":{\"@type\":\"EntryPoint\",\"urlTemplate\":\"https:\/\/www.chocolate7.com\/?s={search_term_string}\"},\"query-input\":\"required name=search_term_string\"}],\"inLanguage\":\"en-US\"},{\"@type\":\"Organization\",\"@id\":\"https:\/\/www.chocolate7.com\/#organization\",\"name\":\"Choc7 di Benedetto Giovanni\",\"url\":\"https:\/\/www.chocolate7.com\/\",\"logo\":{\"@type\":\"ImageObject\",\"inLanguage\":\"en-US\",\"@id\":\"https:\/\/www.chocolate7.com\/#\/schema\/logo\/image\/\",\"url\":\"https:\/\/www.chocolate7.com\/wp-content\/uploads\/2018\/10\/logo_chocolate.png\",\"contentUrl\":\"https:\/\/www.chocolate7.com\/wp-content\/uploads\/2018\/10\/logo_chocolate.png\",\"width\":200,\"height\":41,\"caption\":\"Choc7 di Benedetto Giovanni\"},\"image\":{\"@id\":\"https:\/\/www.chocolate7.com\/#\/schema\/logo\/image\/\"},\"sameAs\":[\"https:\/\/www.facebook.com\/cremino.gianduia.1\",\"https:\/\/x.com\/GianduiaCremino\",\"https:\/\/www.instagram.com\/creminogianduia\/\",\"https:\/\/www.pinterest.com.au\/creminogianduia\/\",\"https:\/\/www.youtube.com\/channel\/UCWFQlcc9EQnAsLkD8rBsgig\"]}]}<\/script>\n<!-- \/ Yoast SEO plugin. -->","yoast_head_json":{"title":"Encuentro Friture Easter 3 varieties - Chocolate7","robots":{"index":"index","follow":"follow","max-snippet":"max-snippet:-1","max-image-preview":"max-image-preview:large","max-video-preview":"max-video-preview:-1"},"canonical":"https:\/\/www.chocolate7.com\/shop\/tavoletta\/fondente\/encuentro-frittura-di-pasqua-3-varieta\/","og_locale":"en_US","og_type":"article","og_title":"Encuentro Friture Easter 3 varieties - Chocolate7","og_description":"Encuentro is a bean to bar chocolate maker from France. The perfect gift for anyone who loves quality chocolate. This refined box contains 3 different varieties of Encuentro 70% chocolate, with different shapes, which are a real pleasure for any artisan chocolate lover.  Box contents:  Bali chocolate 70%  Congo chocolate 70%  Peru chocolate 70%","og_url":"https:\/\/www.chocolate7.com\/shop\/tavoletta\/fondente\/encuentro-frittura-di-pasqua-3-varieta\/","og_site_name":"Chocolate7","article_publisher":"https:\/\/www.facebook.com\/cremino.gianduia.1","article_modified_time":"2023-03-14T15:38:56+00:00","og_image":[{"width":600,"height":600,"url":"https:\/\/www.chocolate7.com\/wp-content\/uploads\/2021\/03\/IMG_20210313_165010_458-e1615651292885.jpg","type":"image\/jpeg"}],"twitter_card":"summary_large_image","twitter_site":"@GianduiaCremino","schema":{"@context":"https:\/\/schema.org","@graph":[{"@type":"WebPage","@id":"https:\/\/www.chocolate7.com\/shop\/tavoletta\/fondente\/encuentro-frittura-di-pasqua-3-varieta\/","url":"https:\/\/www.chocolate7.com\/shop\/tavoletta\/fondente\/encuentro-frittura-di-pasqua-3-varieta\/","name":"Encuentro Friture Easter 3 varieties - Chocolate7","isPartOf":{"@id":"https:\/\/www.chocolate7.com\/#website"},"primaryImageOfPage":{"@id":"https:\/\/www.chocolate7.com\/shop\/tavoletta\/fondente\/encuentro-frittura-di-pasqua-3-varieta\/#primaryimage"},"image":{"@id":"https:\/\/www.chocolate7.com\/shop\/tavoletta\/fondente\/encuentro-frittura-di-pasqua-3-varieta\/#primaryimage"},"thumbnailUrl":"https:\/\/www.chocolate7.com\/wp-content\/uploads\/2021\/03\/IMG_20210313_165010_458-e1615651292885.jpg","datePublished":"2021-03-11T17:24:07+00:00","dateModified":"2023-03-14T15:38:56+00:00","breadcrumb":{"@id":"https:\/\/www.chocolate7.com\/shop\/tavoletta\/fondente\/encuentro-frittura-di-pasqua-3-varieta\/#breadcrumb"},"inLanguage":"en-US","potentialAction":[{"@type":"ReadAction","target":["https:\/\/www.chocolate7.com\/shop\/tavoletta\/fondente\/encuentro-frittura-di-pasqua-3-varieta\/"]}]},{"@type":"ImageObject","inLanguage":"en-US","@id":"https:\/\/www.chocolate7.com\/shop\/tavoletta\/fondente\/encuentro-frittura-di-pasqua-3-varieta\/#primaryimage","url":"https:\/\/www.chocolate7.com\/wp-content\/uploads\/2021\/03\/IMG_20210313_165010_458-e1615651292885.jpg","contentUrl":"https:\/\/www.chocolate7.com\/wp-content\/uploads\/2021\/03\/IMG_20210313_165010_458-e1615651292885.jpg","width":600,"height":600},{"@type":"BreadcrumbList","@id":"https:\/\/www.chocolate7.com\/shop\/tavoletta\/fondente\/encuentro-frittura-di-pasqua-3-varieta\/#breadcrumb","itemListElement":[{"@type":"ListItem","position":1,"name":"Home","item":"https:\/\/www.chocolate7.com\/en\/"},{"@type":"ListItem","position":2,"name":"Shop","item":"https:\/\/www.chocolate7.com\/en\/store\/"},{"@type":"ListItem","position":3,"name":"Encuentro Friture Easter 3 varieties"}]},{"@type":"WebSite","@id":"https:\/\/www.chocolate7.com\/#website","url":"https:\/\/www.chocolate7.com\/","name":"Chocolate7","description":"The fine &amp; luxury chocolate selection","publisher":{"@id":"https:\/\/www.chocolate7.com\/#organization"},"potentialAction":[{"@type":"SearchAction","target":{"@type":"EntryPoint","urlTemplate":"https:\/\/www.chocolate7.com\/?s={search_term_string}"},"query-input":"required name=search_term_string"}],"inLanguage":"en-US"},{"@type":"Organization","@id":"https:\/\/www.chocolate7.com\/#organization","name":"Choc7 di Benedetto Giovanni","url":"https:\/\/www.chocolate7.com\/","logo":{"@type":"ImageObject","inLanguage":"en-US","@id":"https:\/\/www.chocolate7.com\/#\/schema\/logo\/image\/","url":"https:\/\/www.chocolate7.com\/wp-content\/uploads\/2018\/10\/logo_chocolate.png","contentUrl":"https:\/\/www.chocolate7.com\/wp-content\/uploads\/2018\/10\/logo_chocolate.png","width":200,"height":41,"caption":"Choc7 di Benedetto Giovanni"},"image":{"@id":"https:\/\/www.chocolate7.com\/#\/schema\/logo\/image\/"},"sameAs":["https:\/\/www.facebook.com\/cremino.gianduia.1","https:\/\/x.com\/GianduiaCremino","https:\/\/www.instagram.com\/creminogianduia\/","https:\/\/www.pinterest.com.au\/creminogianduia\/","https:\/\/www.youtube.com\/channel\/UCWFQlcc9EQnAsLkD8rBsgig"]}]}},"brands":[{"id":5613,"name":"Encuentro","slug":"encuentro-en-2"}],"_links":{"self":[{"href":"https:\/\/www.chocolate7.com\/en\/wp-json\/wp\/v2\/product\/23775","targetHints":{"allow":["GET"]}}],"collection":[{"href":"https:\/\/www.chocolate7.com\/en\/wp-json\/wp\/v2\/product"}],"about":[{"href":"https:\/\/www.chocolate7.com\/en\/wp-json\/wp\/v2\/types\/product"}],"wp:featuredmedia":[{"embeddable":true,"href":"https:\/\/www.chocolate7.com\/en\/wp-json\/wp\/v2\/media\/23819"}],"wp:attachment":[{"href":"https:\/\/www.chocolate7.com\/en\/wp-json\/wp\/v2\/media?parent=23775"}],"wp:term":[{"taxonomy":"pwb-brand","embeddable":true,"href":"https:\/\/www.chocolate7.com\/en\/wp-json\/wp\/v2\/pwb-brand?post=23775"},{"taxonomy":"product_brand","embeddable":true,"href":"https:\/\/www.chocolate7.com\/en\/wp-json\/wp\/v2\/product_brand?post=23775"},{"taxonomy":"product_cat","embeddable":true,"href":"https:\/\/www.chocolate7.com\/en\/wp-json\/wp\/v2\/product_cat?post=23775"},{"taxonomy":"product_tag","embeddable":true,"href":"https:\/\/www.chocolate7.com\/en\/wp-json\/wp\/v2\/product_tag?post=23775"},{"taxonomy":"giftcard-category","embeddable":true,"href":"https:\/\/www.chocolate7.com\/en\/wp-json\/wp\/v2\/giftcard-category?post=23775"}],"curies":[{"name":"wp","href":"https:\/\/api.w.org\/{rel}","templated":true}]}}