{"id":23837,"date":"2021-03-14T16:21:40","date_gmt":"2021-03-14T15:21:41","guid":{"rendered":"https:\/\/www.chocolate7.com\/?post_type=product&#038;p=23837"},"modified":"2022-05-16T17:02:43","modified_gmt":"2022-05-16T15:02:43","slug":"tasting-kit-7-varieties-dark-chocolate-from-80-to","status":"publish","type":"product","link":"https:\/\/www.chocolate7.com\/en\/shop\/bar\/dark-chocolate-en-2\/tasting-kit-7-varieties-dark-chocolate-from-80-to\/","title":{"rendered":"Tasting kit 7 varieties dark chocolate from 80% to"},"content":{"rendered":"<p style=\"text-align: left\">Tasting kit 7 varieties dark chocolate 80-89% &#8211; Selected by Chocolate7<\/p>\n<div class=\"woocommerce-product-details__short-description\">\n<p>Vuoi assaggiare il miglior cioccolato del mondo? Prova i nostri Kit degustazione. I nostri Kit degustazione sono ideali per chi ama il cioccolato artigianale di qualit\u00e0. Potrai assaggiare le tavolette prodotte usando diverse variet\u00e0 di cacao lavorate dai migliori cioccolatieri del mondo, tavolette selezionate per voi da Chocolate7. Ogni Kit degustazione \u00e8 un\u2019esperienza sensoriale unica che sapr\u00e0 emozionare ogni amante del cioccolato.<\/p>\n<\/div>\n","protected":false},"excerpt":{"rendered":"<p>Do you want to taste the best chocolate in the world? Try our tasting kits. Our tasting kits are ideal for those who love quality artisan chocolate. You will be able to taste the bars made using different varieties of cocoa processed by the best bean to bar chocolate maker in the world, bars selected for you by Chocolate7. Each tasting kit is a unique sensory experience that will excite every chocolate lover.<\/p>\n<p>Kit contents:<\/p>\n<p>Letterpress Giamaica Bachelor\u2019s Hall 85%<\/p>\n<p>Ma\u00fca Per\u00f9 Piura Buenos Aires 85%<\/p>\n<p>Encuentro Bolivia Emmoni 85%<\/p>\n<p>Legast Colombia Riviera 82%<\/p>\n<p>Qantu Per\u00f9 Cusco Kimbiri la qu\u00eate de Don Maximo 80%<\/p>\n<p>Maran\u00e0 Per\u00f9 Cusco Chuncho 80%<\/p>\n<p>Cacao Experience Tanzania Kilombero Valley 80%<\/p>\n","protected":false},"featured_media":23419,"template":"","meta":[],"pwb-brand":[6038],"product_brand":[],"product_cat":[3251,3255,3215,3245],"product_tag":[],"giftcard-category":[],"class_list":{"0":"post-23837","1":"product","2":"type-product","3":"status-publish","4":"has-post-thumbnail","6":"pwb-brand-chocolate7-en","7":"product_cat-bar","8":"product_cat-dark-chocolate-en-2","9":"product_cat-gift-box","10":"product_cat-tasting-box","11":"pa_cacao-80-89-en","12":"pa_percentuale-di-cacao-89-en","13":"pa_tipo-di-cioccolato-fondente-en","15":"first","16":"outofstock","17":"taxable","18":"shipping-taxable","19":"purchasable","20":"product-type-simple"},"yoast_head":"<!-- This site is optimized with the Yoast SEO plugin v23.3 - https:\/\/yoast.com\/wordpress\/plugins\/seo\/ -->\n<title>Tasting kit 7 varieties dark chocolate from 80% to - Chocolate7<\/title>\n<meta name=\"robots\" content=\"index, follow, max-snippet:-1, max-image-preview:large, max-video-preview:-1\" \/>\n<link rel=\"canonical\" href=\"https:\/\/www.chocolate7.com\/en\/shop\/bar\/dark-chocolate-en-2\/tasting-kit-7-varieties-dark-chocolate-from-80-to\/\" \/>\n<meta property=\"og:locale\" content=\"en_US\" \/>\n<meta property=\"og:type\" content=\"article\" \/>\n<meta property=\"og:title\" content=\"Tasting kit 7 varieties dark chocolate from 80% to - Chocolate7\" \/>\n<meta property=\"og:description\" content=\"Do you want to taste the best chocolate in the world? Try our tasting kits. Our tasting kits are ideal for those who love quality artisan chocolate. You will be able to taste the bars made using different varieties of cocoa processed by the best bean to bar chocolate maker in the world, bars selected for you by Chocolate7. Each tasting kit is a unique sensory experience that will excite every chocolate lover.  Kit contents:  Letterpress Giamaica Bachelor\u2019s Hall 85%  Ma\u00fca Per\u00f9 Piura Buenos Aires 85%  Encuentro Bolivia Emmoni 85%  Legast Colombia Riviera 82%  Qantu Per\u00f9 Cusco Kimbiri la qu\u00eate de Don Maximo 80%  Maran\u00e0 Per\u00f9 Cusco Chuncho 80%  Cacao Experience Tanzania Kilombero Valley 80%\" \/>\n<meta property=\"og:url\" content=\"https:\/\/www.chocolate7.com\/en\/shop\/bar\/dark-chocolate-en-2\/tasting-kit-7-varieties-dark-chocolate-from-80-to\/\" \/>\n<meta property=\"og:site_name\" content=\"Chocolate7\" \/>\n<meta property=\"article:publisher\" content=\"https:\/\/www.facebook.com\/cremino.gianduia.1\" \/>\n<meta property=\"article:modified_time\" content=\"2022-05-16T15:02:43+00:00\" \/>\n<meta property=\"og:image\" content=\"https:\/\/www.chocolate7.com\/wp-content\/uploads\/2021\/01\/IMG_20210121_182635_503-e1611773397615.jpg\" \/>\n\t<meta property=\"og:image:width\" content=\"600\" \/>\n\t<meta property=\"og:image:height\" content=\"600\" \/>\n\t<meta property=\"og:image:type\" content=\"image\/jpeg\" \/>\n<meta name=\"twitter:card\" content=\"summary_large_image\" \/>\n<meta name=\"twitter:site\" content=\"@GianduiaCremino\" \/>\n<script type=\"application\/ld+json\" class=\"yoast-schema-graph\">{\"@context\":\"https:\/\/schema.org\",\"@graph\":[{\"@type\":\"WebPage\",\"@id\":\"https:\/\/www.chocolate7.com\/en\/shop\/bar\/dark-chocolate-en-2\/tasting-kit-7-varieties-dark-chocolate-from-80-to\/\",\"url\":\"https:\/\/www.chocolate7.com\/en\/shop\/bar\/dark-chocolate-en-2\/tasting-kit-7-varieties-dark-chocolate-from-80-to\/\",\"name\":\"Tasting kit 7 varieties dark chocolate from 80% to - Chocolate7\",\"isPartOf\":{\"@id\":\"https:\/\/www.chocolate7.com\/#website\"},\"primaryImageOfPage\":{\"@id\":\"https:\/\/www.chocolate7.com\/en\/shop\/bar\/dark-chocolate-en-2\/tasting-kit-7-varieties-dark-chocolate-from-80-to\/#primaryimage\"},\"image\":{\"@id\":\"https:\/\/www.chocolate7.com\/en\/shop\/bar\/dark-chocolate-en-2\/tasting-kit-7-varieties-dark-chocolate-from-80-to\/#primaryimage\"},\"thumbnailUrl\":\"https:\/\/www.chocolate7.com\/wp-content\/uploads\/2021\/01\/IMG_20210121_182635_503-e1611773397615.jpg\",\"datePublished\":\"2021-03-14T15:21:41+00:00\",\"dateModified\":\"2022-05-16T15:02:43+00:00\",\"breadcrumb\":{\"@id\":\"https:\/\/www.chocolate7.com\/en\/shop\/bar\/dark-chocolate-en-2\/tasting-kit-7-varieties-dark-chocolate-from-80-to\/#breadcrumb\"},\"inLanguage\":\"en-US\",\"potentialAction\":[{\"@type\":\"ReadAction\",\"target\":[\"https:\/\/www.chocolate7.com\/en\/shop\/bar\/dark-chocolate-en-2\/tasting-kit-7-varieties-dark-chocolate-from-80-to\/\"]}]},{\"@type\":\"ImageObject\",\"inLanguage\":\"en-US\",\"@id\":\"https:\/\/www.chocolate7.com\/en\/shop\/bar\/dark-chocolate-en-2\/tasting-kit-7-varieties-dark-chocolate-from-80-to\/#primaryimage\",\"url\":\"https:\/\/www.chocolate7.com\/wp-content\/uploads\/2021\/01\/IMG_20210121_182635_503-e1611773397615.jpg\",\"contentUrl\":\"https:\/\/www.chocolate7.com\/wp-content\/uploads\/2021\/01\/IMG_20210121_182635_503-e1611773397615.jpg\",\"width\":600,\"height\":600},{\"@type\":\"BreadcrumbList\",\"@id\":\"https:\/\/www.chocolate7.com\/en\/shop\/bar\/dark-chocolate-en-2\/tasting-kit-7-varieties-dark-chocolate-from-80-to\/#breadcrumb\",\"itemListElement\":[{\"@type\":\"ListItem\",\"position\":1,\"name\":\"Home\",\"item\":\"https:\/\/www.chocolate7.com\/en\/\"},{\"@type\":\"ListItem\",\"position\":2,\"name\":\"Shop\",\"item\":\"https:\/\/www.chocolate7.com\/en\/store\/\"},{\"@type\":\"ListItem\",\"position\":3,\"name\":\"Tasting kit 7 varieties dark chocolate from 80% to\"}]},{\"@type\":\"WebSite\",\"@id\":\"https:\/\/www.chocolate7.com\/#website\",\"url\":\"https:\/\/www.chocolate7.com\/\",\"name\":\"Chocolate7\",\"description\":\"The fine &amp; luxury chocolate selection\",\"publisher\":{\"@id\":\"https:\/\/www.chocolate7.com\/#organization\"},\"potentialAction\":[{\"@type\":\"SearchAction\",\"target\":{\"@type\":\"EntryPoint\",\"urlTemplate\":\"https:\/\/www.chocolate7.com\/?s={search_term_string}\"},\"query-input\":\"required name=search_term_string\"}],\"inLanguage\":\"en-US\"},{\"@type\":\"Organization\",\"@id\":\"https:\/\/www.chocolate7.com\/#organization\",\"name\":\"Choc7 di Benedetto Giovanni\",\"url\":\"https:\/\/www.chocolate7.com\/\",\"logo\":{\"@type\":\"ImageObject\",\"inLanguage\":\"en-US\",\"@id\":\"https:\/\/www.chocolate7.com\/#\/schema\/logo\/image\/\",\"url\":\"https:\/\/www.chocolate7.com\/wp-content\/uploads\/2018\/10\/logo_chocolate.png\",\"contentUrl\":\"https:\/\/www.chocolate7.com\/wp-content\/uploads\/2018\/10\/logo_chocolate.png\",\"width\":200,\"height\":41,\"caption\":\"Choc7 di Benedetto Giovanni\"},\"image\":{\"@id\":\"https:\/\/www.chocolate7.com\/#\/schema\/logo\/image\/\"},\"sameAs\":[\"https:\/\/www.facebook.com\/cremino.gianduia.1\",\"https:\/\/x.com\/GianduiaCremino\",\"https:\/\/www.instagram.com\/creminogianduia\/\",\"https:\/\/www.pinterest.com.au\/creminogianduia\/\",\"https:\/\/www.youtube.com\/channel\/UCWFQlcc9EQnAsLkD8rBsgig\"]}]}<\/script>\n<!-- \/ Yoast SEO plugin. -->","yoast_head_json":{"title":"Tasting kit 7 varieties dark chocolate from 80% to - Chocolate7","robots":{"index":"index","follow":"follow","max-snippet":"max-snippet:-1","max-image-preview":"max-image-preview:large","max-video-preview":"max-video-preview:-1"},"canonical":"https:\/\/www.chocolate7.com\/en\/shop\/bar\/dark-chocolate-en-2\/tasting-kit-7-varieties-dark-chocolate-from-80-to\/","og_locale":"en_US","og_type":"article","og_title":"Tasting kit 7 varieties dark chocolate from 80% to - Chocolate7","og_description":"Do you want to taste the best chocolate in the world? Try our tasting kits. Our tasting kits are ideal for those who love quality artisan chocolate. You will be able to taste the bars made using different varieties of cocoa processed by the best bean to bar chocolate maker in the world, bars selected for you by Chocolate7. Each tasting kit is a unique sensory experience that will excite every chocolate lover.  Kit contents:  Letterpress Giamaica Bachelor\u2019s Hall 85%  Ma\u00fca Per\u00f9 Piura Buenos Aires 85%  Encuentro Bolivia Emmoni 85%  Legast Colombia Riviera 82%  Qantu Per\u00f9 Cusco Kimbiri la qu\u00eate de Don Maximo 80%  Maran\u00e0 Per\u00f9 Cusco Chuncho 80%  Cacao Experience Tanzania Kilombero Valley 80%","og_url":"https:\/\/www.chocolate7.com\/en\/shop\/bar\/dark-chocolate-en-2\/tasting-kit-7-varieties-dark-chocolate-from-80-to\/","og_site_name":"Chocolate7","article_publisher":"https:\/\/www.facebook.com\/cremino.gianduia.1","article_modified_time":"2022-05-16T15:02:43+00:00","og_image":[{"width":600,"height":600,"url":"https:\/\/www.chocolate7.com\/wp-content\/uploads\/2021\/01\/IMG_20210121_182635_503-e1611773397615.jpg","type":"image\/jpeg"}],"twitter_card":"summary_large_image","twitter_site":"@GianduiaCremino","schema":{"@context":"https:\/\/schema.org","@graph":[{"@type":"WebPage","@id":"https:\/\/www.chocolate7.com\/en\/shop\/bar\/dark-chocolate-en-2\/tasting-kit-7-varieties-dark-chocolate-from-80-to\/","url":"https:\/\/www.chocolate7.com\/en\/shop\/bar\/dark-chocolate-en-2\/tasting-kit-7-varieties-dark-chocolate-from-80-to\/","name":"Tasting kit 7 varieties dark chocolate from 80% to - Chocolate7","isPartOf":{"@id":"https:\/\/www.chocolate7.com\/#website"},"primaryImageOfPage":{"@id":"https:\/\/www.chocolate7.com\/en\/shop\/bar\/dark-chocolate-en-2\/tasting-kit-7-varieties-dark-chocolate-from-80-to\/#primaryimage"},"image":{"@id":"https:\/\/www.chocolate7.com\/en\/shop\/bar\/dark-chocolate-en-2\/tasting-kit-7-varieties-dark-chocolate-from-80-to\/#primaryimage"},"thumbnailUrl":"https:\/\/www.chocolate7.com\/wp-content\/uploads\/2021\/01\/IMG_20210121_182635_503-e1611773397615.jpg","datePublished":"2021-03-14T15:21:41+00:00","dateModified":"2022-05-16T15:02:43+00:00","breadcrumb":{"@id":"https:\/\/www.chocolate7.com\/en\/shop\/bar\/dark-chocolate-en-2\/tasting-kit-7-varieties-dark-chocolate-from-80-to\/#breadcrumb"},"inLanguage":"en-US","potentialAction":[{"@type":"ReadAction","target":["https:\/\/www.chocolate7.com\/en\/shop\/bar\/dark-chocolate-en-2\/tasting-kit-7-varieties-dark-chocolate-from-80-to\/"]}]},{"@type":"ImageObject","inLanguage":"en-US","@id":"https:\/\/www.chocolate7.com\/en\/shop\/bar\/dark-chocolate-en-2\/tasting-kit-7-varieties-dark-chocolate-from-80-to\/#primaryimage","url":"https:\/\/www.chocolate7.com\/wp-content\/uploads\/2021\/01\/IMG_20210121_182635_503-e1611773397615.jpg","contentUrl":"https:\/\/www.chocolate7.com\/wp-content\/uploads\/2021\/01\/IMG_20210121_182635_503-e1611773397615.jpg","width":600,"height":600},{"@type":"BreadcrumbList","@id":"https:\/\/www.chocolate7.com\/en\/shop\/bar\/dark-chocolate-en-2\/tasting-kit-7-varieties-dark-chocolate-from-80-to\/#breadcrumb","itemListElement":[{"@type":"ListItem","position":1,"name":"Home","item":"https:\/\/www.chocolate7.com\/en\/"},{"@type":"ListItem","position":2,"name":"Shop","item":"https:\/\/www.chocolate7.com\/en\/store\/"},{"@type":"ListItem","position":3,"name":"Tasting kit 7 varieties dark chocolate from 80% to"}]},{"@type":"WebSite","@id":"https:\/\/www.chocolate7.com\/#website","url":"https:\/\/www.chocolate7.com\/","name":"Chocolate7","description":"The fine &amp; luxury chocolate selection","publisher":{"@id":"https:\/\/www.chocolate7.com\/#organization"},"potentialAction":[{"@type":"SearchAction","target":{"@type":"EntryPoint","urlTemplate":"https:\/\/www.chocolate7.com\/?s={search_term_string}"},"query-input":"required name=search_term_string"}],"inLanguage":"en-US"},{"@type":"Organization","@id":"https:\/\/www.chocolate7.com\/#organization","name":"Choc7 di Benedetto Giovanni","url":"https:\/\/www.chocolate7.com\/","logo":{"@type":"ImageObject","inLanguage":"en-US","@id":"https:\/\/www.chocolate7.com\/#\/schema\/logo\/image\/","url":"https:\/\/www.chocolate7.com\/wp-content\/uploads\/2018\/10\/logo_chocolate.png","contentUrl":"https:\/\/www.chocolate7.com\/wp-content\/uploads\/2018\/10\/logo_chocolate.png","width":200,"height":41,"caption":"Choc7 di Benedetto Giovanni"},"image":{"@id":"https:\/\/www.chocolate7.com\/#\/schema\/logo\/image\/"},"sameAs":["https:\/\/www.facebook.com\/cremino.gianduia.1","https:\/\/x.com\/GianduiaCremino","https:\/\/www.instagram.com\/creminogianduia\/","https:\/\/www.pinterest.com.au\/creminogianduia\/","https:\/\/www.youtube.com\/channel\/UCWFQlcc9EQnAsLkD8rBsgig"]}]}},"brands":[{"id":6038,"name":"Chocolate7","slug":"chocolate7-en"}],"_links":{"self":[{"href":"https:\/\/www.chocolate7.com\/en\/wp-json\/wp\/v2\/product\/23837","targetHints":{"allow":["GET"]}}],"collection":[{"href":"https:\/\/www.chocolate7.com\/en\/wp-json\/wp\/v2\/product"}],"about":[{"href":"https:\/\/www.chocolate7.com\/en\/wp-json\/wp\/v2\/types\/product"}],"wp:featuredmedia":[{"embeddable":true,"href":"https:\/\/www.chocolate7.com\/en\/wp-json\/wp\/v2\/media\/23419"}],"wp:attachment":[{"href":"https:\/\/www.chocolate7.com\/en\/wp-json\/wp\/v2\/media?parent=23837"}],"wp:term":[{"taxonomy":"pwb-brand","embeddable":true,"href":"https:\/\/www.chocolate7.com\/en\/wp-json\/wp\/v2\/pwb-brand?post=23837"},{"taxonomy":"product_brand","embeddable":true,"href":"https:\/\/www.chocolate7.com\/en\/wp-json\/wp\/v2\/product_brand?post=23837"},{"taxonomy":"product_cat","embeddable":true,"href":"https:\/\/www.chocolate7.com\/en\/wp-json\/wp\/v2\/product_cat?post=23837"},{"taxonomy":"product_tag","embeddable":true,"href":"https:\/\/www.chocolate7.com\/en\/wp-json\/wp\/v2\/product_tag?post=23837"},{"taxonomy":"giftcard-category","embeddable":true,"href":"https:\/\/www.chocolate7.com\/en\/wp-json\/wp\/v2\/giftcard-category?post=23837"}],"curies":[{"name":"wp","href":"https:\/\/api.w.org\/{rel}","templated":true}]}}