{"id":24038,"date":"2021-04-17T12:56:12","date_gmt":"2021-04-17T10:56:12","guid":{"rendered":"https:\/\/www.chocolate7.com\/?post_type=product&#038;p=24038"},"modified":"2022-05-25T12:52:27","modified_gmt":"2022-05-25T10:52:27","slug":"wooden-tasting-box-7-varieties-dark-chocolate-from-70-to","status":"publish","type":"product","link":"https:\/\/www.chocolate7.com\/en\/shop\/bar\/dark-chocolate-en-2\/wooden-tasting-box-7-varieties-dark-chocolate-from-70-to\/","title":{"rendered":"Wooden tasting box 7 varieties dark chocolate from 70 to"},"content":{"rendered":"<p style=\"text-align: left\">Wooden tasting box 7 varieties dark chocolate from 70% to 79% &#8211; Selected by Chocolate7<\/p>\n<div class=\"woocommerce-product-details__short-description\">\n<p>Vuoi regalare il miglior cioccolato del mondo? Regala i nostri cofanetti. I nostri raffinati cofanetti in legno, sono il regalo ideale per chi ama il cioccolato artigianale di qualit\u00e0. All\u2019interno dei nostri cofanetti potrai trovare i prodotti degli migliori cioccolatieri del mondo, selezionati per voi da Chocolate7. Ogni cofanetto \u00e8 un\u2019esperienza sensoriale unica che sapr\u00e0 emozionare ogni amante del cioccolato.<\/p>\n<\/div>\n","protected":false},"excerpt":{"rendered":"<p>Do you want to give the best chocolate in the world? Give our gift boxes. Our refined wooden boxes are the ideal gift for those who love bean to bar chocolate. Within our boxes you will find the products of the best chocolate makers in the world, selected for you by Chocolate7. Each box is a unique sensory experience that will excite every chocolate lover.<\/p>\n<p>Box contents:<\/p>\n<p>R\u00f3zsav\u00f6lgyi Csokol\u00e1d\u00e9 Venezuela Porcelana 71%<\/p>\n<p>Ma\u00fca Panama Bocas del Toro Finca R\u00edo Uyama 72%<\/p>\n<p>Sirene Peru Tingo Maria 73%<\/p>\n<p>Fruition Bolivia Wild Forest of It\u00e9nez 74%<\/p>\n<p>Markham &amp; Fitz Haiti PISA 75%<\/p>\n<p>La f\u00e8verie by Hasnaa Venezuela Chuao Aragua 77%<\/p>\n<p>Legast Colombia Sierra Nevada 78%<\/p>\n","protected":false},"featured_media":23010,"template":"","meta":[],"pwb-brand":[6038],"product_brand":[],"product_cat":[3251,3255,3215,3245],"product_tag":[],"giftcard-category":[],"class_list":{"0":"post-24038","1":"product","2":"type-product","3":"status-publish","4":"has-post-thumbnail","6":"pwb-brand-chocolate7-en","7":"product_cat-bar","8":"product_cat-dark-chocolate-en-2","9":"product_cat-gift-box","10":"product_cat-tasting-box","11":"pa_cacao-70-79-en","12":"pa_percentuale-di-cacao-79-en","13":"pa_tipo-di-cioccolato-fondente-en","15":"first","16":"outofstock","17":"taxable","18":"shipping-taxable","19":"purchasable","20":"product-type-simple"},"yoast_head":"<!-- This site is optimized with the Yoast SEO plugin v23.3 - https:\/\/yoast.com\/wordpress\/plugins\/seo\/ -->\n<title>Wooden tasting box 7 varieties dark chocolate from 70 to - Chocolate7<\/title>\n<meta name=\"robots\" content=\"index, follow, max-snippet:-1, max-image-preview:large, max-video-preview:-1\" \/>\n<link rel=\"canonical\" href=\"https:\/\/www.chocolate7.com\/en\/shop\/bar\/dark-chocolate-en-2\/wooden-tasting-box-7-varieties-dark-chocolate-from-70-to\/\" \/>\n<meta property=\"og:locale\" content=\"en_US\" \/>\n<meta property=\"og:type\" content=\"article\" \/>\n<meta property=\"og:title\" content=\"Wooden tasting box 7 varieties dark chocolate from 70 to - Chocolate7\" \/>\n<meta property=\"og:description\" content=\"Do you want to give the best chocolate in the world? Give our gift boxes. Our refined wooden boxes are the ideal gift for those who love bean to bar chocolate. Within our boxes you will find the products of the best chocolate makers in the world, selected for you by Chocolate7. Each box is a unique sensory experience that will excite every chocolate lover.  Box contents:  R\u00f3zsav\u00f6lgyi Csokol\u00e1d\u00e9 Venezuela Porcelana 71%  Ma\u00fca Panama Bocas del Toro Finca R\u00edo Uyama 72%  Sirene Peru Tingo Maria 73%  Fruition Bolivia Wild Forest of It\u00e9nez 74%  Markham &amp; Fitz Haiti PISA 75%  La f\u00e8verie by Hasnaa Venezuela Chuao Aragua 77%  Legast Colombia Sierra Nevada 78%\" \/>\n<meta property=\"og:url\" content=\"https:\/\/www.chocolate7.com\/en\/shop\/bar\/dark-chocolate-en-2\/wooden-tasting-box-7-varieties-dark-chocolate-from-70-to\/\" \/>\n<meta property=\"og:site_name\" content=\"Chocolate7\" \/>\n<meta property=\"article:publisher\" content=\"https:\/\/www.facebook.com\/cremino.gianduia.1\" \/>\n<meta property=\"article:modified_time\" content=\"2022-05-25T10:52:27+00:00\" \/>\n<meta property=\"og:image\" content=\"https:\/\/www.chocolate7.com\/wp-content\/uploads\/2020\/11\/IMG_20201125_120427_373-e1606327846745.jpg\" \/>\n\t<meta property=\"og:image:width\" content=\"600\" \/>\n\t<meta property=\"og:image:height\" content=\"600\" \/>\n\t<meta property=\"og:image:type\" content=\"image\/jpeg\" \/>\n<meta name=\"twitter:card\" content=\"summary_large_image\" \/>\n<meta name=\"twitter:site\" content=\"@GianduiaCremino\" \/>\n<script type=\"application\/ld+json\" class=\"yoast-schema-graph\">{\"@context\":\"https:\/\/schema.org\",\"@graph\":[{\"@type\":\"WebPage\",\"@id\":\"https:\/\/www.chocolate7.com\/en\/shop\/bar\/dark-chocolate-en-2\/wooden-tasting-box-7-varieties-dark-chocolate-from-70-to\/\",\"url\":\"https:\/\/www.chocolate7.com\/en\/shop\/bar\/dark-chocolate-en-2\/wooden-tasting-box-7-varieties-dark-chocolate-from-70-to\/\",\"name\":\"Wooden tasting box 7 varieties dark chocolate from 70 to - Chocolate7\",\"isPartOf\":{\"@id\":\"https:\/\/www.chocolate7.com\/#website\"},\"primaryImageOfPage\":{\"@id\":\"https:\/\/www.chocolate7.com\/en\/shop\/bar\/dark-chocolate-en-2\/wooden-tasting-box-7-varieties-dark-chocolate-from-70-to\/#primaryimage\"},\"image\":{\"@id\":\"https:\/\/www.chocolate7.com\/en\/shop\/bar\/dark-chocolate-en-2\/wooden-tasting-box-7-varieties-dark-chocolate-from-70-to\/#primaryimage\"},\"thumbnailUrl\":\"https:\/\/www.chocolate7.com\/wp-content\/uploads\/2020\/11\/IMG_20201125_120427_373-e1606327846745.jpg\",\"datePublished\":\"2021-04-17T10:56:12+00:00\",\"dateModified\":\"2022-05-25T10:52:27+00:00\",\"breadcrumb\":{\"@id\":\"https:\/\/www.chocolate7.com\/en\/shop\/bar\/dark-chocolate-en-2\/wooden-tasting-box-7-varieties-dark-chocolate-from-70-to\/#breadcrumb\"},\"inLanguage\":\"en-US\",\"potentialAction\":[{\"@type\":\"ReadAction\",\"target\":[\"https:\/\/www.chocolate7.com\/en\/shop\/bar\/dark-chocolate-en-2\/wooden-tasting-box-7-varieties-dark-chocolate-from-70-to\/\"]}]},{\"@type\":\"ImageObject\",\"inLanguage\":\"en-US\",\"@id\":\"https:\/\/www.chocolate7.com\/en\/shop\/bar\/dark-chocolate-en-2\/wooden-tasting-box-7-varieties-dark-chocolate-from-70-to\/#primaryimage\",\"url\":\"https:\/\/www.chocolate7.com\/wp-content\/uploads\/2020\/11\/IMG_20201125_120427_373-e1606327846745.jpg\",\"contentUrl\":\"https:\/\/www.chocolate7.com\/wp-content\/uploads\/2020\/11\/IMG_20201125_120427_373-e1606327846745.jpg\",\"width\":600,\"height\":600},{\"@type\":\"BreadcrumbList\",\"@id\":\"https:\/\/www.chocolate7.com\/en\/shop\/bar\/dark-chocolate-en-2\/wooden-tasting-box-7-varieties-dark-chocolate-from-70-to\/#breadcrumb\",\"itemListElement\":[{\"@type\":\"ListItem\",\"position\":1,\"name\":\"Home\",\"item\":\"https:\/\/www.chocolate7.com\/en\/\"},{\"@type\":\"ListItem\",\"position\":2,\"name\":\"Shop\",\"item\":\"https:\/\/www.chocolate7.com\/en\/store\/\"},{\"@type\":\"ListItem\",\"position\":3,\"name\":\"Wooden tasting box 7 varieties dark chocolate from 70 to\"}]},{\"@type\":\"WebSite\",\"@id\":\"https:\/\/www.chocolate7.com\/#website\",\"url\":\"https:\/\/www.chocolate7.com\/\",\"name\":\"Chocolate7\",\"description\":\"The fine &amp; luxury chocolate selection\",\"publisher\":{\"@id\":\"https:\/\/www.chocolate7.com\/#organization\"},\"potentialAction\":[{\"@type\":\"SearchAction\",\"target\":{\"@type\":\"EntryPoint\",\"urlTemplate\":\"https:\/\/www.chocolate7.com\/?s={search_term_string}\"},\"query-input\":\"required name=search_term_string\"}],\"inLanguage\":\"en-US\"},{\"@type\":\"Organization\",\"@id\":\"https:\/\/www.chocolate7.com\/#organization\",\"name\":\"Choc7 di Benedetto Giovanni\",\"url\":\"https:\/\/www.chocolate7.com\/\",\"logo\":{\"@type\":\"ImageObject\",\"inLanguage\":\"en-US\",\"@id\":\"https:\/\/www.chocolate7.com\/#\/schema\/logo\/image\/\",\"url\":\"https:\/\/www.chocolate7.com\/wp-content\/uploads\/2018\/10\/logo_chocolate.png\",\"contentUrl\":\"https:\/\/www.chocolate7.com\/wp-content\/uploads\/2018\/10\/logo_chocolate.png\",\"width\":200,\"height\":41,\"caption\":\"Choc7 di Benedetto Giovanni\"},\"image\":{\"@id\":\"https:\/\/www.chocolate7.com\/#\/schema\/logo\/image\/\"},\"sameAs\":[\"https:\/\/www.facebook.com\/cremino.gianduia.1\",\"https:\/\/x.com\/GianduiaCremino\",\"https:\/\/www.instagram.com\/creminogianduia\/\",\"https:\/\/www.pinterest.com.au\/creminogianduia\/\",\"https:\/\/www.youtube.com\/channel\/UCWFQlcc9EQnAsLkD8rBsgig\"]}]}<\/script>\n<!-- \/ Yoast SEO plugin. -->","yoast_head_json":{"title":"Wooden tasting box 7 varieties dark chocolate from 70 to - Chocolate7","robots":{"index":"index","follow":"follow","max-snippet":"max-snippet:-1","max-image-preview":"max-image-preview:large","max-video-preview":"max-video-preview:-1"},"canonical":"https:\/\/www.chocolate7.com\/en\/shop\/bar\/dark-chocolate-en-2\/wooden-tasting-box-7-varieties-dark-chocolate-from-70-to\/","og_locale":"en_US","og_type":"article","og_title":"Wooden tasting box 7 varieties dark chocolate from 70 to - Chocolate7","og_description":"Do you want to give the best chocolate in the world? Give our gift boxes. Our refined wooden boxes are the ideal gift for those who love bean to bar chocolate. Within our boxes you will find the products of the best chocolate makers in the world, selected for you by Chocolate7. Each box is a unique sensory experience that will excite every chocolate lover.  Box contents:  R\u00f3zsav\u00f6lgyi Csokol\u00e1d\u00e9 Venezuela Porcelana 71%  Ma\u00fca Panama Bocas del Toro Finca R\u00edo Uyama 72%  Sirene Peru Tingo Maria 73%  Fruition Bolivia Wild Forest of It\u00e9nez 74%  Markham &amp; Fitz Haiti PISA 75%  La f\u00e8verie by Hasnaa Venezuela Chuao Aragua 77%  Legast Colombia Sierra Nevada 78%","og_url":"https:\/\/www.chocolate7.com\/en\/shop\/bar\/dark-chocolate-en-2\/wooden-tasting-box-7-varieties-dark-chocolate-from-70-to\/","og_site_name":"Chocolate7","article_publisher":"https:\/\/www.facebook.com\/cremino.gianduia.1","article_modified_time":"2022-05-25T10:52:27+00:00","og_image":[{"width":600,"height":600,"url":"https:\/\/www.chocolate7.com\/wp-content\/uploads\/2020\/11\/IMG_20201125_120427_373-e1606327846745.jpg","type":"image\/jpeg"}],"twitter_card":"summary_large_image","twitter_site":"@GianduiaCremino","schema":{"@context":"https:\/\/schema.org","@graph":[{"@type":"WebPage","@id":"https:\/\/www.chocolate7.com\/en\/shop\/bar\/dark-chocolate-en-2\/wooden-tasting-box-7-varieties-dark-chocolate-from-70-to\/","url":"https:\/\/www.chocolate7.com\/en\/shop\/bar\/dark-chocolate-en-2\/wooden-tasting-box-7-varieties-dark-chocolate-from-70-to\/","name":"Wooden tasting box 7 varieties dark chocolate from 70 to - Chocolate7","isPartOf":{"@id":"https:\/\/www.chocolate7.com\/#website"},"primaryImageOfPage":{"@id":"https:\/\/www.chocolate7.com\/en\/shop\/bar\/dark-chocolate-en-2\/wooden-tasting-box-7-varieties-dark-chocolate-from-70-to\/#primaryimage"},"image":{"@id":"https:\/\/www.chocolate7.com\/en\/shop\/bar\/dark-chocolate-en-2\/wooden-tasting-box-7-varieties-dark-chocolate-from-70-to\/#primaryimage"},"thumbnailUrl":"https:\/\/www.chocolate7.com\/wp-content\/uploads\/2020\/11\/IMG_20201125_120427_373-e1606327846745.jpg","datePublished":"2021-04-17T10:56:12+00:00","dateModified":"2022-05-25T10:52:27+00:00","breadcrumb":{"@id":"https:\/\/www.chocolate7.com\/en\/shop\/bar\/dark-chocolate-en-2\/wooden-tasting-box-7-varieties-dark-chocolate-from-70-to\/#breadcrumb"},"inLanguage":"en-US","potentialAction":[{"@type":"ReadAction","target":["https:\/\/www.chocolate7.com\/en\/shop\/bar\/dark-chocolate-en-2\/wooden-tasting-box-7-varieties-dark-chocolate-from-70-to\/"]}]},{"@type":"ImageObject","inLanguage":"en-US","@id":"https:\/\/www.chocolate7.com\/en\/shop\/bar\/dark-chocolate-en-2\/wooden-tasting-box-7-varieties-dark-chocolate-from-70-to\/#primaryimage","url":"https:\/\/www.chocolate7.com\/wp-content\/uploads\/2020\/11\/IMG_20201125_120427_373-e1606327846745.jpg","contentUrl":"https:\/\/www.chocolate7.com\/wp-content\/uploads\/2020\/11\/IMG_20201125_120427_373-e1606327846745.jpg","width":600,"height":600},{"@type":"BreadcrumbList","@id":"https:\/\/www.chocolate7.com\/en\/shop\/bar\/dark-chocolate-en-2\/wooden-tasting-box-7-varieties-dark-chocolate-from-70-to\/#breadcrumb","itemListElement":[{"@type":"ListItem","position":1,"name":"Home","item":"https:\/\/www.chocolate7.com\/en\/"},{"@type":"ListItem","position":2,"name":"Shop","item":"https:\/\/www.chocolate7.com\/en\/store\/"},{"@type":"ListItem","position":3,"name":"Wooden tasting box 7 varieties dark chocolate from 70 to"}]},{"@type":"WebSite","@id":"https:\/\/www.chocolate7.com\/#website","url":"https:\/\/www.chocolate7.com\/","name":"Chocolate7","description":"The fine &amp; luxury chocolate selection","publisher":{"@id":"https:\/\/www.chocolate7.com\/#organization"},"potentialAction":[{"@type":"SearchAction","target":{"@type":"EntryPoint","urlTemplate":"https:\/\/www.chocolate7.com\/?s={search_term_string}"},"query-input":"required name=search_term_string"}],"inLanguage":"en-US"},{"@type":"Organization","@id":"https:\/\/www.chocolate7.com\/#organization","name":"Choc7 di Benedetto Giovanni","url":"https:\/\/www.chocolate7.com\/","logo":{"@type":"ImageObject","inLanguage":"en-US","@id":"https:\/\/www.chocolate7.com\/#\/schema\/logo\/image\/","url":"https:\/\/www.chocolate7.com\/wp-content\/uploads\/2018\/10\/logo_chocolate.png","contentUrl":"https:\/\/www.chocolate7.com\/wp-content\/uploads\/2018\/10\/logo_chocolate.png","width":200,"height":41,"caption":"Choc7 di Benedetto Giovanni"},"image":{"@id":"https:\/\/www.chocolate7.com\/#\/schema\/logo\/image\/"},"sameAs":["https:\/\/www.facebook.com\/cremino.gianduia.1","https:\/\/x.com\/GianduiaCremino","https:\/\/www.instagram.com\/creminogianduia\/","https:\/\/www.pinterest.com.au\/creminogianduia\/","https:\/\/www.youtube.com\/channel\/UCWFQlcc9EQnAsLkD8rBsgig"]}]}},"brands":[{"id":6038,"name":"Chocolate7","slug":"chocolate7-en"}],"_links":{"self":[{"href":"https:\/\/www.chocolate7.com\/en\/wp-json\/wp\/v2\/product\/24038","targetHints":{"allow":["GET"]}}],"collection":[{"href":"https:\/\/www.chocolate7.com\/en\/wp-json\/wp\/v2\/product"}],"about":[{"href":"https:\/\/www.chocolate7.com\/en\/wp-json\/wp\/v2\/types\/product"}],"wp:featuredmedia":[{"embeddable":true,"href":"https:\/\/www.chocolate7.com\/en\/wp-json\/wp\/v2\/media\/23010"}],"wp:attachment":[{"href":"https:\/\/www.chocolate7.com\/en\/wp-json\/wp\/v2\/media?parent=24038"}],"wp:term":[{"taxonomy":"pwb-brand","embeddable":true,"href":"https:\/\/www.chocolate7.com\/en\/wp-json\/wp\/v2\/pwb-brand?post=24038"},{"taxonomy":"product_brand","embeddable":true,"href":"https:\/\/www.chocolate7.com\/en\/wp-json\/wp\/v2\/product_brand?post=24038"},{"taxonomy":"product_cat","embeddable":true,"href":"https:\/\/www.chocolate7.com\/en\/wp-json\/wp\/v2\/product_cat?post=24038"},{"taxonomy":"product_tag","embeddable":true,"href":"https:\/\/www.chocolate7.com\/en\/wp-json\/wp\/v2\/product_tag?post=24038"},{"taxonomy":"giftcard-category","embeddable":true,"href":"https:\/\/www.chocolate7.com\/en\/wp-json\/wp\/v2\/giftcard-category?post=24038"}],"curies":[{"name":"wp","href":"https:\/\/api.w.org\/{rel}","templated":true}]}}