{"id":24207,"date":"2021-04-30T17:24:03","date_gmt":"2021-04-30T15:24:04","guid":{"rendered":"https:\/\/www.chocolate7.com\/?post_type=product&#038;p=24207"},"modified":"2021-04-30T18:46:52","modified_gmt":"2021-04-30T16:46:52","slug":"hasnaa-coffer-12-dark-and-milk-chocolate-pralines","status":"publish","type":"product","link":"https:\/\/www.chocolate7.com\/en\/shop\/gift-box\/hasnaa-coffer-12-dark-and-milk-chocolate-pralines\/","title":{"rendered":"Hasna\u00e2 Coffer 12 dark and milk chocolate pralines"},"content":{"rendered":"<p style=\"text-align: left\">Dark, milk pralines \/ inclusions \/ filling \/ flavored &#8211; Made by Hasna\u00e2<\/p>\n<p>La\u00a0<strong>meilleure fa\u00e7on de d\u00e9couvrir l&#8217;univers gourmand d&#8217;Hasna\u00e2<\/strong>, avec\u00a0un assortiment de 12 chocolats<strong>\u00a0enrob\u00e9s de chocolat noir ET lait.<\/strong><\/p>\n<p><em>Livr\u00e9 avec un guide de d\u00e9gustation.<\/em><\/p>\n<p><em>Les \u00e9crins sont compos\u00e9s en fonction de la disponibilit\u00e9 des produits et de la saisonnalit\u00e9 des ingr\u00e9dients.<\/em><\/p>\n","protected":false},"excerpt":{"rendered":"<p>Hasna\u00e2 is a bean to bar chocolate maker from France. This coffer contains 12 fine dark and milk chocolate pralines, to discover the gourmet universe of Hasna\u00e2. The coffer are composed according to the seasonality of the ingredients.<\/p>\n","protected":false},"featured_media":24209,"template":"","meta":[],"pwb-brand":[7239],"product_brand":[],"product_cat":[3215,3240],"product_tag":[],"giftcard-category":[],"class_list":{"0":"post-24207","1":"product","2":"type-product","3":"status-publish","4":"has-post-thumbnail","6":"pwb-brand-hasnaa","7":"product_cat-gift-box","8":"product_cat-pralines-chocolates-bonbons-cremini-truffles","9":"pa_allergeni-cream-nuts-butter-milk-powder-alcohol-feuilletine","10":"pa_ingredienti-cardamom-licorice-thyme-lavender-green-anise-coriander-ginger-pepper-maldon-salt-fleur-de-sel-de-guerande-timut-pepper-earl-gray-tea-coffee-vanilla-bean-verbena","11":"pa_ingredienti-butter-powdered-milk-bean-chips-fruit-purees-spices-and-herbs","12":"pa_ingredienti-cocoa-sugars-sucrose-glucose-dextrose-sorbitol-honey-cream","13":"pa_ingredienti-nuts-almonds-hazelnuts-pistachios-black-and-white-sesame-walnuts-peanuts","14":"pa_paese-produttore-france","15":"pa_tipo-di-cioccolato-pralines-chocolates-bonbons-cremini-truffles","17":"first","18":"outofstock","19":"taxable","20":"shipping-taxable","21":"purchasable","22":"product-type-simple"},"yoast_head":"<!-- This site is optimized with the Yoast SEO plugin v23.3 - https:\/\/yoast.com\/wordpress\/plugins\/seo\/ -->\n<title>Hasna\u00e2 Coffer 12 dark and milk chocolate pralines - Chocolate7<\/title>\n<meta name=\"robots\" content=\"index, follow, max-snippet:-1, max-image-preview:large, max-video-preview:-1\" \/>\n<link rel=\"canonical\" href=\"https:\/\/www.chocolate7.com\/en\/shop\/gift-box\/hasnaa-coffer-12-dark-and-milk-chocolate-pralines\/\" \/>\n<meta property=\"og:locale\" content=\"en_US\" \/>\n<meta property=\"og:type\" content=\"article\" \/>\n<meta property=\"og:title\" content=\"Hasna\u00e2 Coffer 12 dark and milk chocolate pralines - Chocolate7\" \/>\n<meta property=\"og:description\" content=\"Hasna\u00e2 is a bean to bar chocolate maker from France. This coffer contains 12 fine dark and milk chocolate pralines, to discover the gourmet universe of Hasna\u00e2. The coffer are composed according to the seasonality of the ingredients.\" \/>\n<meta property=\"og:url\" content=\"https:\/\/www.chocolate7.com\/en\/shop\/gift-box\/hasnaa-coffer-12-dark-and-milk-chocolate-pralines\/\" \/>\n<meta property=\"og:site_name\" content=\"Chocolate7\" \/>\n<meta property=\"article:publisher\" content=\"https:\/\/www.facebook.com\/cremino.gianduia.1\" \/>\n<meta property=\"article:modified_time\" content=\"2021-04-30T16:46:52+00:00\" \/>\n<meta property=\"og:image\" content=\"https:\/\/www.chocolate7.com\/wp-content\/uploads\/2021\/04\/IMG_20210430_161041_709-e1619797299695.jpg\" \/>\n\t<meta property=\"og:image:width\" content=\"600\" \/>\n\t<meta property=\"og:image:height\" content=\"600\" \/>\n\t<meta property=\"og:image:type\" content=\"image\/jpeg\" \/>\n<meta name=\"twitter:card\" content=\"summary_large_image\" \/>\n<meta name=\"twitter:site\" content=\"@GianduiaCremino\" \/>\n<script type=\"application\/ld+json\" class=\"yoast-schema-graph\">{\"@context\":\"https:\/\/schema.org\",\"@graph\":[{\"@type\":\"WebPage\",\"@id\":\"https:\/\/www.chocolate7.com\/en\/shop\/gift-box\/hasnaa-coffer-12-dark-and-milk-chocolate-pralines\/\",\"url\":\"https:\/\/www.chocolate7.com\/en\/shop\/gift-box\/hasnaa-coffer-12-dark-and-milk-chocolate-pralines\/\",\"name\":\"Hasna\u00e2 Coffer 12 dark and milk chocolate pralines - Chocolate7\",\"isPartOf\":{\"@id\":\"https:\/\/www.chocolate7.com\/#website\"},\"primaryImageOfPage\":{\"@id\":\"https:\/\/www.chocolate7.com\/en\/shop\/gift-box\/hasnaa-coffer-12-dark-and-milk-chocolate-pralines\/#primaryimage\"},\"image\":{\"@id\":\"https:\/\/www.chocolate7.com\/en\/shop\/gift-box\/hasnaa-coffer-12-dark-and-milk-chocolate-pralines\/#primaryimage\"},\"thumbnailUrl\":\"https:\/\/www.chocolate7.com\/wp-content\/uploads\/2021\/04\/IMG_20210430_161041_709-e1619797299695.jpg\",\"datePublished\":\"2021-04-30T15:24:04+00:00\",\"dateModified\":\"2021-04-30T16:46:52+00:00\",\"breadcrumb\":{\"@id\":\"https:\/\/www.chocolate7.com\/en\/shop\/gift-box\/hasnaa-coffer-12-dark-and-milk-chocolate-pralines\/#breadcrumb\"},\"inLanguage\":\"en-US\",\"potentialAction\":[{\"@type\":\"ReadAction\",\"target\":[\"https:\/\/www.chocolate7.com\/en\/shop\/gift-box\/hasnaa-coffer-12-dark-and-milk-chocolate-pralines\/\"]}]},{\"@type\":\"ImageObject\",\"inLanguage\":\"en-US\",\"@id\":\"https:\/\/www.chocolate7.com\/en\/shop\/gift-box\/hasnaa-coffer-12-dark-and-milk-chocolate-pralines\/#primaryimage\",\"url\":\"https:\/\/www.chocolate7.com\/wp-content\/uploads\/2021\/04\/IMG_20210430_161041_709-e1619797299695.jpg\",\"contentUrl\":\"https:\/\/www.chocolate7.com\/wp-content\/uploads\/2021\/04\/IMG_20210430_161041_709-e1619797299695.jpg\",\"width\":600,\"height\":600},{\"@type\":\"BreadcrumbList\",\"@id\":\"https:\/\/www.chocolate7.com\/en\/shop\/gift-box\/hasnaa-coffer-12-dark-and-milk-chocolate-pralines\/#breadcrumb\",\"itemListElement\":[{\"@type\":\"ListItem\",\"position\":1,\"name\":\"Home\",\"item\":\"https:\/\/www.chocolate7.com\/en\/\"},{\"@type\":\"ListItem\",\"position\":2,\"name\":\"Shop\",\"item\":\"https:\/\/www.chocolate7.com\/en\/store\/\"},{\"@type\":\"ListItem\",\"position\":3,\"name\":\"Hasna\u00e2 Coffer 12 dark and milk chocolate pralines\"}]},{\"@type\":\"WebSite\",\"@id\":\"https:\/\/www.chocolate7.com\/#website\",\"url\":\"https:\/\/www.chocolate7.com\/\",\"name\":\"Chocolate7\",\"description\":\"The fine &amp; luxury chocolate selection\",\"publisher\":{\"@id\":\"https:\/\/www.chocolate7.com\/#organization\"},\"potentialAction\":[{\"@type\":\"SearchAction\",\"target\":{\"@type\":\"EntryPoint\",\"urlTemplate\":\"https:\/\/www.chocolate7.com\/?s={search_term_string}\"},\"query-input\":\"required name=search_term_string\"}],\"inLanguage\":\"en-US\"},{\"@type\":\"Organization\",\"@id\":\"https:\/\/www.chocolate7.com\/#organization\",\"name\":\"Choc7 di Benedetto Giovanni\",\"url\":\"https:\/\/www.chocolate7.com\/\",\"logo\":{\"@type\":\"ImageObject\",\"inLanguage\":\"en-US\",\"@id\":\"https:\/\/www.chocolate7.com\/#\/schema\/logo\/image\/\",\"url\":\"https:\/\/www.chocolate7.com\/wp-content\/uploads\/2018\/10\/logo_chocolate.png\",\"contentUrl\":\"https:\/\/www.chocolate7.com\/wp-content\/uploads\/2018\/10\/logo_chocolate.png\",\"width\":200,\"height\":41,\"caption\":\"Choc7 di Benedetto Giovanni\"},\"image\":{\"@id\":\"https:\/\/www.chocolate7.com\/#\/schema\/logo\/image\/\"},\"sameAs\":[\"https:\/\/www.facebook.com\/cremino.gianduia.1\",\"https:\/\/x.com\/GianduiaCremino\",\"https:\/\/www.instagram.com\/creminogianduia\/\",\"https:\/\/www.pinterest.com.au\/creminogianduia\/\",\"https:\/\/www.youtube.com\/channel\/UCWFQlcc9EQnAsLkD8rBsgig\"]}]}<\/script>\n<!-- \/ Yoast SEO plugin. -->","yoast_head_json":{"title":"Hasna\u00e2 Coffer 12 dark and milk chocolate pralines - Chocolate7","robots":{"index":"index","follow":"follow","max-snippet":"max-snippet:-1","max-image-preview":"max-image-preview:large","max-video-preview":"max-video-preview:-1"},"canonical":"https:\/\/www.chocolate7.com\/en\/shop\/gift-box\/hasnaa-coffer-12-dark-and-milk-chocolate-pralines\/","og_locale":"en_US","og_type":"article","og_title":"Hasna\u00e2 Coffer 12 dark and milk chocolate pralines - Chocolate7","og_description":"Hasna\u00e2 is a bean to bar chocolate maker from France. This coffer contains 12 fine dark and milk chocolate pralines, to discover the gourmet universe of Hasna\u00e2. The coffer are composed according to the seasonality of the ingredients.","og_url":"https:\/\/www.chocolate7.com\/en\/shop\/gift-box\/hasnaa-coffer-12-dark-and-milk-chocolate-pralines\/","og_site_name":"Chocolate7","article_publisher":"https:\/\/www.facebook.com\/cremino.gianduia.1","article_modified_time":"2021-04-30T16:46:52+00:00","og_image":[{"width":600,"height":600,"url":"https:\/\/www.chocolate7.com\/wp-content\/uploads\/2021\/04\/IMG_20210430_161041_709-e1619797299695.jpg","type":"image\/jpeg"}],"twitter_card":"summary_large_image","twitter_site":"@GianduiaCremino","schema":{"@context":"https:\/\/schema.org","@graph":[{"@type":"WebPage","@id":"https:\/\/www.chocolate7.com\/en\/shop\/gift-box\/hasnaa-coffer-12-dark-and-milk-chocolate-pralines\/","url":"https:\/\/www.chocolate7.com\/en\/shop\/gift-box\/hasnaa-coffer-12-dark-and-milk-chocolate-pralines\/","name":"Hasna\u00e2 Coffer 12 dark and milk chocolate pralines - Chocolate7","isPartOf":{"@id":"https:\/\/www.chocolate7.com\/#website"},"primaryImageOfPage":{"@id":"https:\/\/www.chocolate7.com\/en\/shop\/gift-box\/hasnaa-coffer-12-dark-and-milk-chocolate-pralines\/#primaryimage"},"image":{"@id":"https:\/\/www.chocolate7.com\/en\/shop\/gift-box\/hasnaa-coffer-12-dark-and-milk-chocolate-pralines\/#primaryimage"},"thumbnailUrl":"https:\/\/www.chocolate7.com\/wp-content\/uploads\/2021\/04\/IMG_20210430_161041_709-e1619797299695.jpg","datePublished":"2021-04-30T15:24:04+00:00","dateModified":"2021-04-30T16:46:52+00:00","breadcrumb":{"@id":"https:\/\/www.chocolate7.com\/en\/shop\/gift-box\/hasnaa-coffer-12-dark-and-milk-chocolate-pralines\/#breadcrumb"},"inLanguage":"en-US","potentialAction":[{"@type":"ReadAction","target":["https:\/\/www.chocolate7.com\/en\/shop\/gift-box\/hasnaa-coffer-12-dark-and-milk-chocolate-pralines\/"]}]},{"@type":"ImageObject","inLanguage":"en-US","@id":"https:\/\/www.chocolate7.com\/en\/shop\/gift-box\/hasnaa-coffer-12-dark-and-milk-chocolate-pralines\/#primaryimage","url":"https:\/\/www.chocolate7.com\/wp-content\/uploads\/2021\/04\/IMG_20210430_161041_709-e1619797299695.jpg","contentUrl":"https:\/\/www.chocolate7.com\/wp-content\/uploads\/2021\/04\/IMG_20210430_161041_709-e1619797299695.jpg","width":600,"height":600},{"@type":"BreadcrumbList","@id":"https:\/\/www.chocolate7.com\/en\/shop\/gift-box\/hasnaa-coffer-12-dark-and-milk-chocolate-pralines\/#breadcrumb","itemListElement":[{"@type":"ListItem","position":1,"name":"Home","item":"https:\/\/www.chocolate7.com\/en\/"},{"@type":"ListItem","position":2,"name":"Shop","item":"https:\/\/www.chocolate7.com\/en\/store\/"},{"@type":"ListItem","position":3,"name":"Hasna\u00e2 Coffer 12 dark and milk chocolate pralines"}]},{"@type":"WebSite","@id":"https:\/\/www.chocolate7.com\/#website","url":"https:\/\/www.chocolate7.com\/","name":"Chocolate7","description":"The fine &amp; luxury chocolate selection","publisher":{"@id":"https:\/\/www.chocolate7.com\/#organization"},"potentialAction":[{"@type":"SearchAction","target":{"@type":"EntryPoint","urlTemplate":"https:\/\/www.chocolate7.com\/?s={search_term_string}"},"query-input":"required name=search_term_string"}],"inLanguage":"en-US"},{"@type":"Organization","@id":"https:\/\/www.chocolate7.com\/#organization","name":"Choc7 di Benedetto Giovanni","url":"https:\/\/www.chocolate7.com\/","logo":{"@type":"ImageObject","inLanguage":"en-US","@id":"https:\/\/www.chocolate7.com\/#\/schema\/logo\/image\/","url":"https:\/\/www.chocolate7.com\/wp-content\/uploads\/2018\/10\/logo_chocolate.png","contentUrl":"https:\/\/www.chocolate7.com\/wp-content\/uploads\/2018\/10\/logo_chocolate.png","width":200,"height":41,"caption":"Choc7 di Benedetto Giovanni"},"image":{"@id":"https:\/\/www.chocolate7.com\/#\/schema\/logo\/image\/"},"sameAs":["https:\/\/www.facebook.com\/cremino.gianduia.1","https:\/\/x.com\/GianduiaCremino","https:\/\/www.instagram.com\/creminogianduia\/","https:\/\/www.pinterest.com.au\/creminogianduia\/","https:\/\/www.youtube.com\/channel\/UCWFQlcc9EQnAsLkD8rBsgig"]}]}},"brands":[{"id":7239,"name":"Hasna\u00e2","slug":"hasnaa"}],"_links":{"self":[{"href":"https:\/\/www.chocolate7.com\/en\/wp-json\/wp\/v2\/product\/24207","targetHints":{"allow":["GET"]}}],"collection":[{"href":"https:\/\/www.chocolate7.com\/en\/wp-json\/wp\/v2\/product"}],"about":[{"href":"https:\/\/www.chocolate7.com\/en\/wp-json\/wp\/v2\/types\/product"}],"wp:featuredmedia":[{"embeddable":true,"href":"https:\/\/www.chocolate7.com\/en\/wp-json\/wp\/v2\/media\/24209"}],"wp:attachment":[{"href":"https:\/\/www.chocolate7.com\/en\/wp-json\/wp\/v2\/media?parent=24207"}],"wp:term":[{"taxonomy":"pwb-brand","embeddable":true,"href":"https:\/\/www.chocolate7.com\/en\/wp-json\/wp\/v2\/pwb-brand?post=24207"},{"taxonomy":"product_brand","embeddable":true,"href":"https:\/\/www.chocolate7.com\/en\/wp-json\/wp\/v2\/product_brand?post=24207"},{"taxonomy":"product_cat","embeddable":true,"href":"https:\/\/www.chocolate7.com\/en\/wp-json\/wp\/v2\/product_cat?post=24207"},{"taxonomy":"product_tag","embeddable":true,"href":"https:\/\/www.chocolate7.com\/en\/wp-json\/wp\/v2\/product_tag?post=24207"},{"taxonomy":"giftcard-category","embeddable":true,"href":"https:\/\/www.chocolate7.com\/en\/wp-json\/wp\/v2\/giftcard-category?post=24207"}],"curies":[{"name":"wp","href":"https:\/\/api.w.org\/{rel}","templated":true}]}}