{"id":24434,"date":"2021-09-23T14:25:02","date_gmt":"2021-09-23T12:25:02","guid":{"rendered":"https:\/\/www.chocolate7.com\/?post_type=product&#038;p=24434"},"modified":"2021-09-23T14:37:11","modified_gmt":"2021-09-23T12:37:11","slug":"georgia-ramon-tanzania-kokoa-kamili-crunchy","status":"publish","type":"product","link":"https:\/\/www.chocolate7.com\/en\/shop\/bar\/100-en-3\/georgia-ramon-tanzania-kokoa-kamili-crunchy\/","title":{"rendered":"Georgia Ramon Tanzania Kokoa Kamili Crunchy"},"content":{"rendered":"<p style=\"text-align: left\">100% bar &#8211; Made by Georgia Ramon<\/p>\n<p>Mit einer Fl\u00e4che von rund einer Millionen Quadratkilometern ist Tanzania das gr\u00f6\u00dfte Land Ostafrikas und fast dreimal so gro\u00df wie Deutschland. Mehr als ein Drittel steht unter Naturschutz.<\/p>\n<p>Unsere Kakaobohnen aus Tanzania beziehen wir von der Kooperative\u00a0<strong>Kokoa Kamili<\/strong>. Gegr\u00fcndet von Simran Bindra und Brian LoBue, arbeitet Kokoa Kamili mit \u00fcber 2000 Kleinbauern eng zusammen. Die meisten Landwirte besitzen zwischen 0,5 und Zwei Hektar Land. F\u00fcr viele ist Kakao eine ihrer wichtigsten Einkommensquellen.<\/p>\n","protected":false},"excerpt":{"rendered":"<p>Georgia Ramon is a bean to bar chocolate maker from Germany. This bar is made with cocoa from Tanzania (Kokoa Kamili). Georgia Ramon Tanzania Kokoa Kamili crunchy 100% is a cocoa with a bitter taste, with aromatic notes of citrus and roasted nuts<\/p>\n","protected":false},"featured_media":24465,"template":"","meta":[],"pwb-brand":[3348],"product_brand":[],"product_cat":[3251,3252],"product_tag":[],"giftcard-category":[],"class_list":{"0":"post-24434","1":"product","2":"type-product","3":"status-publish","4":"has-post-thumbnail","6":"pwb-brand-georgia-ramon-en","7":"product_cat-bar","8":"product_cat-100-en-3","9":"pa_acidita-4-en","10":"pa_allergeni-may-contain-traces-of-nuts-and-milk-vegan-gluten-free","11":"pa_amarezza-5-en","12":"pa_astringenza-1-en","13":"pa_cacao-100-en","14":"pa_carboidrati-7-g-en","15":"pa_carboidrati-zuccheri-06-g-en","16":"pa_dolcezza-1-en","17":"pa_grassi-54-g-en","18":"pa_grassi-saturi-33-g-en","19":"pa_ingredienti-cocoa-mass-roasted-cocoa-nibs","20":"pa_ingredienti-unless-otherwise-indicated-all-raw-materials-come-from-organic-farming-de-oko-003-agriculture-outside-the-eu","21":"pa_note-di-degustazione-citrus-fruits-roasted-nuts","22":"pa_paese-delle-fave-di-cacao-tanzania-en","23":"pa_paese-produttore-germany","24":"pa_percentuale-di-cacao-100-en","25":"pa_proteine-13-g-en","26":"pa_sale-001-g-en","27":"pa_tipo-di-cioccolato-100-en","28":"pa_valore-energetico-570-kcal-2-386-kj-en","30":"first","31":"instock","32":"taxable","33":"shipping-taxable","34":"purchasable","35":"product-type-simple"},"yoast_head":"<!-- This site is optimized with the Yoast SEO plugin v23.3 - https:\/\/yoast.com\/wordpress\/plugins\/seo\/ -->\n<title>Georgia Ramon Tanzania Kokoa Kamili Crunchy - Chocolate7<\/title>\n<meta name=\"robots\" content=\"index, follow, max-snippet:-1, max-image-preview:large, max-video-preview:-1\" \/>\n<link rel=\"canonical\" href=\"https:\/\/www.chocolate7.com\/shop\/tavoletta\/100\/georgia-ramon-tanzania-kokoa-kamili-crunchy\/\" \/>\n<meta property=\"og:locale\" content=\"en_US\" \/>\n<meta property=\"og:type\" content=\"article\" \/>\n<meta property=\"og:title\" content=\"Georgia Ramon Tanzania Kokoa Kamili Crunchy - Chocolate7\" \/>\n<meta property=\"og:description\" content=\"Georgia Ramon is a bean to bar chocolate maker from Germany. This bar is made with cocoa from Tanzania (Kokoa Kamili). Georgia Ramon Tanzania Kokoa Kamili crunchy 100% is a cocoa with a bitter taste, with aromatic notes of citrus and roasted nuts\" \/>\n<meta property=\"og:url\" content=\"https:\/\/www.chocolate7.com\/shop\/tavoletta\/100\/georgia-ramon-tanzania-kokoa-kamili-crunchy\/\" \/>\n<meta property=\"og:site_name\" content=\"Chocolate7\" \/>\n<meta property=\"article:publisher\" content=\"https:\/\/www.facebook.com\/cremino.gianduia.1\" \/>\n<meta property=\"article:modified_time\" content=\"2021-09-23T12:37:11+00:00\" \/>\n<meta property=\"og:image\" content=\"https:\/\/www.chocolate7.com\/wp-content\/uploads\/2021\/09\/20210927_155807-e1632751331369.jpg\" \/>\n\t<meta property=\"og:image:width\" content=\"600\" \/>\n\t<meta property=\"og:image:height\" content=\"600\" \/>\n\t<meta property=\"og:image:type\" content=\"image\/jpeg\" \/>\n<meta name=\"twitter:card\" content=\"summary_large_image\" \/>\n<meta name=\"twitter:site\" content=\"@GianduiaCremino\" \/>\n<script type=\"application\/ld+json\" class=\"yoast-schema-graph\">{\"@context\":\"https:\/\/schema.org\",\"@graph\":[{\"@type\":\"WebPage\",\"@id\":\"https:\/\/www.chocolate7.com\/shop\/tavoletta\/100\/georgia-ramon-tanzania-kokoa-kamili-crunchy\/\",\"url\":\"https:\/\/www.chocolate7.com\/shop\/tavoletta\/100\/georgia-ramon-tanzania-kokoa-kamili-crunchy\/\",\"name\":\"Georgia Ramon Tanzania Kokoa Kamili Crunchy - Chocolate7\",\"isPartOf\":{\"@id\":\"https:\/\/www.chocolate7.com\/#website\"},\"primaryImageOfPage\":{\"@id\":\"https:\/\/www.chocolate7.com\/shop\/tavoletta\/100\/georgia-ramon-tanzania-kokoa-kamili-crunchy\/#primaryimage\"},\"image\":{\"@id\":\"https:\/\/www.chocolate7.com\/shop\/tavoletta\/100\/georgia-ramon-tanzania-kokoa-kamili-crunchy\/#primaryimage\"},\"thumbnailUrl\":\"https:\/\/www.chocolate7.com\/wp-content\/uploads\/2021\/09\/20210927_155807-e1632751331369.jpg\",\"datePublished\":\"2021-09-23T12:25:02+00:00\",\"dateModified\":\"2021-09-23T12:37:11+00:00\",\"breadcrumb\":{\"@id\":\"https:\/\/www.chocolate7.com\/shop\/tavoletta\/100\/georgia-ramon-tanzania-kokoa-kamili-crunchy\/#breadcrumb\"},\"inLanguage\":\"en-US\",\"potentialAction\":[{\"@type\":\"ReadAction\",\"target\":[\"https:\/\/www.chocolate7.com\/shop\/tavoletta\/100\/georgia-ramon-tanzania-kokoa-kamili-crunchy\/\"]}]},{\"@type\":\"ImageObject\",\"inLanguage\":\"en-US\",\"@id\":\"https:\/\/www.chocolate7.com\/shop\/tavoletta\/100\/georgia-ramon-tanzania-kokoa-kamili-crunchy\/#primaryimage\",\"url\":\"https:\/\/www.chocolate7.com\/wp-content\/uploads\/2021\/09\/20210927_155807-e1632751331369.jpg\",\"contentUrl\":\"https:\/\/www.chocolate7.com\/wp-content\/uploads\/2021\/09\/20210927_155807-e1632751331369.jpg\",\"width\":600,\"height\":600},{\"@type\":\"BreadcrumbList\",\"@id\":\"https:\/\/www.chocolate7.com\/shop\/tavoletta\/100\/georgia-ramon-tanzania-kokoa-kamili-crunchy\/#breadcrumb\",\"itemListElement\":[{\"@type\":\"ListItem\",\"position\":1,\"name\":\"Home\",\"item\":\"https:\/\/www.chocolate7.com\/en\/\"},{\"@type\":\"ListItem\",\"position\":2,\"name\":\"Shop\",\"item\":\"https:\/\/www.chocolate7.com\/en\/store\/\"},{\"@type\":\"ListItem\",\"position\":3,\"name\":\"Georgia Ramon Tanzania Kokoa Kamili Crunchy\"}]},{\"@type\":\"WebSite\",\"@id\":\"https:\/\/www.chocolate7.com\/#website\",\"url\":\"https:\/\/www.chocolate7.com\/\",\"name\":\"Chocolate7\",\"description\":\"The fine &amp; luxury chocolate selection\",\"publisher\":{\"@id\":\"https:\/\/www.chocolate7.com\/#organization\"},\"potentialAction\":[{\"@type\":\"SearchAction\",\"target\":{\"@type\":\"EntryPoint\",\"urlTemplate\":\"https:\/\/www.chocolate7.com\/?s={search_term_string}\"},\"query-input\":\"required name=search_term_string\"}],\"inLanguage\":\"en-US\"},{\"@type\":\"Organization\",\"@id\":\"https:\/\/www.chocolate7.com\/#organization\",\"name\":\"Choc7 di Benedetto Giovanni\",\"url\":\"https:\/\/www.chocolate7.com\/\",\"logo\":{\"@type\":\"ImageObject\",\"inLanguage\":\"en-US\",\"@id\":\"https:\/\/www.chocolate7.com\/#\/schema\/logo\/image\/\",\"url\":\"https:\/\/www.chocolate7.com\/wp-content\/uploads\/2018\/10\/logo_chocolate.png\",\"contentUrl\":\"https:\/\/www.chocolate7.com\/wp-content\/uploads\/2018\/10\/logo_chocolate.png\",\"width\":200,\"height\":41,\"caption\":\"Choc7 di Benedetto Giovanni\"},\"image\":{\"@id\":\"https:\/\/www.chocolate7.com\/#\/schema\/logo\/image\/\"},\"sameAs\":[\"https:\/\/www.facebook.com\/cremino.gianduia.1\",\"https:\/\/x.com\/GianduiaCremino\",\"https:\/\/www.instagram.com\/creminogianduia\/\",\"https:\/\/www.pinterest.com.au\/creminogianduia\/\",\"https:\/\/www.youtube.com\/channel\/UCWFQlcc9EQnAsLkD8rBsgig\"]}]}<\/script>\n<!-- \/ Yoast SEO plugin. -->","yoast_head_json":{"title":"Georgia Ramon Tanzania Kokoa Kamili Crunchy - Chocolate7","robots":{"index":"index","follow":"follow","max-snippet":"max-snippet:-1","max-image-preview":"max-image-preview:large","max-video-preview":"max-video-preview:-1"},"canonical":"https:\/\/www.chocolate7.com\/shop\/tavoletta\/100\/georgia-ramon-tanzania-kokoa-kamili-crunchy\/","og_locale":"en_US","og_type":"article","og_title":"Georgia Ramon Tanzania Kokoa Kamili Crunchy - Chocolate7","og_description":"Georgia Ramon is a bean to bar chocolate maker from Germany. This bar is made with cocoa from Tanzania (Kokoa Kamili). Georgia Ramon Tanzania Kokoa Kamili crunchy 100% is a cocoa with a bitter taste, with aromatic notes of citrus and roasted nuts","og_url":"https:\/\/www.chocolate7.com\/shop\/tavoletta\/100\/georgia-ramon-tanzania-kokoa-kamili-crunchy\/","og_site_name":"Chocolate7","article_publisher":"https:\/\/www.facebook.com\/cremino.gianduia.1","article_modified_time":"2021-09-23T12:37:11+00:00","og_image":[{"width":600,"height":600,"url":"https:\/\/www.chocolate7.com\/wp-content\/uploads\/2021\/09\/20210927_155807-e1632751331369.jpg","type":"image\/jpeg"}],"twitter_card":"summary_large_image","twitter_site":"@GianduiaCremino","schema":{"@context":"https:\/\/schema.org","@graph":[{"@type":"WebPage","@id":"https:\/\/www.chocolate7.com\/shop\/tavoletta\/100\/georgia-ramon-tanzania-kokoa-kamili-crunchy\/","url":"https:\/\/www.chocolate7.com\/shop\/tavoletta\/100\/georgia-ramon-tanzania-kokoa-kamili-crunchy\/","name":"Georgia Ramon Tanzania Kokoa Kamili Crunchy - Chocolate7","isPartOf":{"@id":"https:\/\/www.chocolate7.com\/#website"},"primaryImageOfPage":{"@id":"https:\/\/www.chocolate7.com\/shop\/tavoletta\/100\/georgia-ramon-tanzania-kokoa-kamili-crunchy\/#primaryimage"},"image":{"@id":"https:\/\/www.chocolate7.com\/shop\/tavoletta\/100\/georgia-ramon-tanzania-kokoa-kamili-crunchy\/#primaryimage"},"thumbnailUrl":"https:\/\/www.chocolate7.com\/wp-content\/uploads\/2021\/09\/20210927_155807-e1632751331369.jpg","datePublished":"2021-09-23T12:25:02+00:00","dateModified":"2021-09-23T12:37:11+00:00","breadcrumb":{"@id":"https:\/\/www.chocolate7.com\/shop\/tavoletta\/100\/georgia-ramon-tanzania-kokoa-kamili-crunchy\/#breadcrumb"},"inLanguage":"en-US","potentialAction":[{"@type":"ReadAction","target":["https:\/\/www.chocolate7.com\/shop\/tavoletta\/100\/georgia-ramon-tanzania-kokoa-kamili-crunchy\/"]}]},{"@type":"ImageObject","inLanguage":"en-US","@id":"https:\/\/www.chocolate7.com\/shop\/tavoletta\/100\/georgia-ramon-tanzania-kokoa-kamili-crunchy\/#primaryimage","url":"https:\/\/www.chocolate7.com\/wp-content\/uploads\/2021\/09\/20210927_155807-e1632751331369.jpg","contentUrl":"https:\/\/www.chocolate7.com\/wp-content\/uploads\/2021\/09\/20210927_155807-e1632751331369.jpg","width":600,"height":600},{"@type":"BreadcrumbList","@id":"https:\/\/www.chocolate7.com\/shop\/tavoletta\/100\/georgia-ramon-tanzania-kokoa-kamili-crunchy\/#breadcrumb","itemListElement":[{"@type":"ListItem","position":1,"name":"Home","item":"https:\/\/www.chocolate7.com\/en\/"},{"@type":"ListItem","position":2,"name":"Shop","item":"https:\/\/www.chocolate7.com\/en\/store\/"},{"@type":"ListItem","position":3,"name":"Georgia Ramon Tanzania Kokoa Kamili Crunchy"}]},{"@type":"WebSite","@id":"https:\/\/www.chocolate7.com\/#website","url":"https:\/\/www.chocolate7.com\/","name":"Chocolate7","description":"The fine &amp; luxury chocolate selection","publisher":{"@id":"https:\/\/www.chocolate7.com\/#organization"},"potentialAction":[{"@type":"SearchAction","target":{"@type":"EntryPoint","urlTemplate":"https:\/\/www.chocolate7.com\/?s={search_term_string}"},"query-input":"required name=search_term_string"}],"inLanguage":"en-US"},{"@type":"Organization","@id":"https:\/\/www.chocolate7.com\/#organization","name":"Choc7 di Benedetto Giovanni","url":"https:\/\/www.chocolate7.com\/","logo":{"@type":"ImageObject","inLanguage":"en-US","@id":"https:\/\/www.chocolate7.com\/#\/schema\/logo\/image\/","url":"https:\/\/www.chocolate7.com\/wp-content\/uploads\/2018\/10\/logo_chocolate.png","contentUrl":"https:\/\/www.chocolate7.com\/wp-content\/uploads\/2018\/10\/logo_chocolate.png","width":200,"height":41,"caption":"Choc7 di Benedetto Giovanni"},"image":{"@id":"https:\/\/www.chocolate7.com\/#\/schema\/logo\/image\/"},"sameAs":["https:\/\/www.facebook.com\/cremino.gianduia.1","https:\/\/x.com\/GianduiaCremino","https:\/\/www.instagram.com\/creminogianduia\/","https:\/\/www.pinterest.com.au\/creminogianduia\/","https:\/\/www.youtube.com\/channel\/UCWFQlcc9EQnAsLkD8rBsgig"]}]}},"brands":[{"id":3348,"name":"Georgia Ramon","slug":"georgia-ramon-en"}],"_links":{"self":[{"href":"https:\/\/www.chocolate7.com\/en\/wp-json\/wp\/v2\/product\/24434","targetHints":{"allow":["GET"]}}],"collection":[{"href":"https:\/\/www.chocolate7.com\/en\/wp-json\/wp\/v2\/product"}],"about":[{"href":"https:\/\/www.chocolate7.com\/en\/wp-json\/wp\/v2\/types\/product"}],"wp:featuredmedia":[{"embeddable":true,"href":"https:\/\/www.chocolate7.com\/en\/wp-json\/wp\/v2\/media\/24465"}],"wp:attachment":[{"href":"https:\/\/www.chocolate7.com\/en\/wp-json\/wp\/v2\/media?parent=24434"}],"wp:term":[{"taxonomy":"pwb-brand","embeddable":true,"href":"https:\/\/www.chocolate7.com\/en\/wp-json\/wp\/v2\/pwb-brand?post=24434"},{"taxonomy":"product_brand","embeddable":true,"href":"https:\/\/www.chocolate7.com\/en\/wp-json\/wp\/v2\/product_brand?post=24434"},{"taxonomy":"product_cat","embeddable":true,"href":"https:\/\/www.chocolate7.com\/en\/wp-json\/wp\/v2\/product_cat?post=24434"},{"taxonomy":"product_tag","embeddable":true,"href":"https:\/\/www.chocolate7.com\/en\/wp-json\/wp\/v2\/product_tag?post=24434"},{"taxonomy":"giftcard-category","embeddable":true,"href":"https:\/\/www.chocolate7.com\/en\/wp-json\/wp\/v2\/giftcard-category?post=24434"}],"curies":[{"name":"wp","href":"https:\/\/api.w.org\/{rel}","templated":true}]}}