{"id":24529,"date":"2021-09-28T19:13:44","date_gmt":"2021-09-28T17:13:44","guid":{"rendered":"https:\/\/www.chocolate7.com\/?post_type=product&#038;p=24529"},"modified":"2021-09-28T19:34:44","modified_gmt":"2021-09-28T17:34:44","slug":"rozsavolgyi-csokolade-peru-gran-nativo-blanco","status":"publish","type":"product","link":"https:\/\/www.chocolate7.com\/en\/shop\/bar\/dark-chocolate-en-2\/rozsavolgyi-csokolade-peru-gran-nativo-blanco\/","title":{"rendered":"R\u00f3zsav\u00f6lgyi Csokol\u00e1d\u00e9 Peru Gran nativo blanco"},"content":{"rendered":"<p style=\"text-align: left\">Dark chocolate bar &#8211; Made by R\u00f3zsav\u00f6lgyi Csokol\u00e1d\u00e9<\/p>\n<p style=\"text-align: left\">Gran Nativo Blanco cocoa is grown by smallholder members of the Norandino cooperative in the Piura region, North of Peru. This criollo cacao varietal is completely white, with intense aroma of gooseberries and lime, which you can find luckily in our chocolate as well.<\/p>\n","protected":false},"excerpt":{"rendered":"<p>R\u00f3zsav\u00f6lgyi Csokol\u00e1d\u00e9 is a bean to bar chocolate maker from Hungary. This fine chocolate bar is made with cocoa from Peru (Piura, gran blanco). R\u00f3zsav\u00f6lgyi Csokol\u00e1d\u00e9 Peru Piura Gran blanco 72% is a pleasantly acidic dark chocolate with floral aromatic notes of lime, gooseberry, caramel<\/p>\n","protected":false},"featured_media":24533,"template":"","meta":[],"pwb-brand":[4820],"product_brand":[],"product_cat":[3251,3255],"product_tag":[],"giftcard-category":[],"class_list":{"0":"post-24529","1":"product","2":"type-product","3":"status-publish","4":"has-post-thumbnail","6":"pwb-brand-rozsavolgyi-csokolade-en","7":"product_cat-bar","8":"product_cat-dark-chocolate-en-2","9":"pa_acidita-4-en","10":"pa_allergeni-maycontain-traces-of-nuts-and-milk-powder","11":"pa_amarezza-2-en","12":"pa_astringenza-1-en","13":"pa_cacao-70-79-en","14":"pa_carboidrati-52-g-en","15":"pa_carboidrati-zuccheri-27-g-en","16":"pa_codice-a-barre-5999885346707-en","17":"pa_conservazione-conservare-in-luogo-fresco-e-asciutto-en","18":"pa_dolcezza-2-en","19":"pa_grassi-31-g-en","20":"pa_grassi-saturi-18-g-en","21":"pa_ingredienti-cocoa-beans-organic-cane-sugar-organic-cocoa-butter","22":"pa_note-di-degustazione-floral-notes-lime-gooseberry-caramel","23":"pa_paese-delle-fave-di-cacao-peru-en","24":"pa_paese-produttore-hungary","25":"pa_percentuale-di-cacao-72-en","26":"pa_proteine-10-g-en","27":"pa_regione-piura-en","28":"pa_sale-0-g-en","29":"pa_tipo-di-cioccolato-fondente-en","30":"pa_valore-energetico-1872-kj-464-kcal-en","32":"first","33":"instock","34":"taxable","35":"shipping-taxable","36":"purchasable","37":"product-type-simple"},"yoast_head":"<!-- This site is optimized with the Yoast SEO plugin v23.3 - https:\/\/yoast.com\/wordpress\/plugins\/seo\/ -->\n<title>R\u00f3zsav\u00f6lgyi Csokol\u00e1d\u00e9 Peru Gran nativo blanco - Chocolate7<\/title>\n<meta name=\"robots\" content=\"index, follow, max-snippet:-1, max-image-preview:large, max-video-preview:-1\" \/>\n<link rel=\"canonical\" href=\"https:\/\/www.chocolate7.com\/shop\/tavoletta\/fondente\/rozsavolgyi-csokolade-peru-gran-nativo-blanco\/\" \/>\n<meta property=\"og:locale\" content=\"en_US\" \/>\n<meta property=\"og:type\" content=\"article\" \/>\n<meta property=\"og:title\" content=\"R\u00f3zsav\u00f6lgyi Csokol\u00e1d\u00e9 Peru Gran nativo blanco - Chocolate7\" \/>\n<meta property=\"og:description\" content=\"R\u00f3zsav\u00f6lgyi Csokol\u00e1d\u00e9 is a bean to bar chocolate maker from Hungary. This fine chocolate bar is made with cocoa from Peru (Piura, gran blanco). R\u00f3zsav\u00f6lgyi Csokol\u00e1d\u00e9 Peru Piura Gran blanco 72% is a pleasantly acidic dark chocolate with floral aromatic notes of lime, gooseberry, caramel\" \/>\n<meta property=\"og:url\" content=\"https:\/\/www.chocolate7.com\/shop\/tavoletta\/fondente\/rozsavolgyi-csokolade-peru-gran-nativo-blanco\/\" \/>\n<meta property=\"og:site_name\" content=\"Chocolate7\" \/>\n<meta property=\"article:publisher\" content=\"https:\/\/www.facebook.com\/cremino.gianduia.1\" \/>\n<meta property=\"article:modified_time\" content=\"2021-09-28T17:34:44+00:00\" \/>\n<meta property=\"og:image\" content=\"https:\/\/www.chocolate7.com\/wp-content\/uploads\/2021\/09\/20210928_191756-e1632850325659.jpg\" \/>\n\t<meta property=\"og:image:width\" content=\"600\" \/>\n\t<meta property=\"og:image:height\" content=\"600\" \/>\n\t<meta property=\"og:image:type\" content=\"image\/jpeg\" \/>\n<meta name=\"twitter:card\" content=\"summary_large_image\" \/>\n<meta name=\"twitter:site\" content=\"@GianduiaCremino\" \/>\n<script type=\"application\/ld+json\" class=\"yoast-schema-graph\">{\"@context\":\"https:\/\/schema.org\",\"@graph\":[{\"@type\":\"WebPage\",\"@id\":\"https:\/\/www.chocolate7.com\/shop\/tavoletta\/fondente\/rozsavolgyi-csokolade-peru-gran-nativo-blanco\/\",\"url\":\"https:\/\/www.chocolate7.com\/shop\/tavoletta\/fondente\/rozsavolgyi-csokolade-peru-gran-nativo-blanco\/\",\"name\":\"R\u00f3zsav\u00f6lgyi Csokol\u00e1d\u00e9 Peru Gran nativo blanco - Chocolate7\",\"isPartOf\":{\"@id\":\"https:\/\/www.chocolate7.com\/#website\"},\"primaryImageOfPage\":{\"@id\":\"https:\/\/www.chocolate7.com\/shop\/tavoletta\/fondente\/rozsavolgyi-csokolade-peru-gran-nativo-blanco\/#primaryimage\"},\"image\":{\"@id\":\"https:\/\/www.chocolate7.com\/shop\/tavoletta\/fondente\/rozsavolgyi-csokolade-peru-gran-nativo-blanco\/#primaryimage\"},\"thumbnailUrl\":\"https:\/\/www.chocolate7.com\/wp-content\/uploads\/2021\/09\/20210928_191756-e1632850325659.jpg\",\"datePublished\":\"2021-09-28T17:13:44+00:00\",\"dateModified\":\"2021-09-28T17:34:44+00:00\",\"breadcrumb\":{\"@id\":\"https:\/\/www.chocolate7.com\/shop\/tavoletta\/fondente\/rozsavolgyi-csokolade-peru-gran-nativo-blanco\/#breadcrumb\"},\"inLanguage\":\"en-US\",\"potentialAction\":[{\"@type\":\"ReadAction\",\"target\":[\"https:\/\/www.chocolate7.com\/shop\/tavoletta\/fondente\/rozsavolgyi-csokolade-peru-gran-nativo-blanco\/\"]}]},{\"@type\":\"ImageObject\",\"inLanguage\":\"en-US\",\"@id\":\"https:\/\/www.chocolate7.com\/shop\/tavoletta\/fondente\/rozsavolgyi-csokolade-peru-gran-nativo-blanco\/#primaryimage\",\"url\":\"https:\/\/www.chocolate7.com\/wp-content\/uploads\/2021\/09\/20210928_191756-e1632850325659.jpg\",\"contentUrl\":\"https:\/\/www.chocolate7.com\/wp-content\/uploads\/2021\/09\/20210928_191756-e1632850325659.jpg\",\"width\":600,\"height\":600},{\"@type\":\"BreadcrumbList\",\"@id\":\"https:\/\/www.chocolate7.com\/shop\/tavoletta\/fondente\/rozsavolgyi-csokolade-peru-gran-nativo-blanco\/#breadcrumb\",\"itemListElement\":[{\"@type\":\"ListItem\",\"position\":1,\"name\":\"Home\",\"item\":\"https:\/\/www.chocolate7.com\/en\/\"},{\"@type\":\"ListItem\",\"position\":2,\"name\":\"Shop\",\"item\":\"https:\/\/www.chocolate7.com\/en\/store\/\"},{\"@type\":\"ListItem\",\"position\":3,\"name\":\"R\u00f3zsav\u00f6lgyi Csokol\u00e1d\u00e9 Peru Gran nativo blanco\"}]},{\"@type\":\"WebSite\",\"@id\":\"https:\/\/www.chocolate7.com\/#website\",\"url\":\"https:\/\/www.chocolate7.com\/\",\"name\":\"Chocolate7\",\"description\":\"The fine &amp; luxury chocolate selection\",\"publisher\":{\"@id\":\"https:\/\/www.chocolate7.com\/#organization\"},\"potentialAction\":[{\"@type\":\"SearchAction\",\"target\":{\"@type\":\"EntryPoint\",\"urlTemplate\":\"https:\/\/www.chocolate7.com\/?s={search_term_string}\"},\"query-input\":\"required name=search_term_string\"}],\"inLanguage\":\"en-US\"},{\"@type\":\"Organization\",\"@id\":\"https:\/\/www.chocolate7.com\/#organization\",\"name\":\"Choc7 di Benedetto Giovanni\",\"url\":\"https:\/\/www.chocolate7.com\/\",\"logo\":{\"@type\":\"ImageObject\",\"inLanguage\":\"en-US\",\"@id\":\"https:\/\/www.chocolate7.com\/#\/schema\/logo\/image\/\",\"url\":\"https:\/\/www.chocolate7.com\/wp-content\/uploads\/2018\/10\/logo_chocolate.png\",\"contentUrl\":\"https:\/\/www.chocolate7.com\/wp-content\/uploads\/2018\/10\/logo_chocolate.png\",\"width\":200,\"height\":41,\"caption\":\"Choc7 di Benedetto Giovanni\"},\"image\":{\"@id\":\"https:\/\/www.chocolate7.com\/#\/schema\/logo\/image\/\"},\"sameAs\":[\"https:\/\/www.facebook.com\/cremino.gianduia.1\",\"https:\/\/x.com\/GianduiaCremino\",\"https:\/\/www.instagram.com\/creminogianduia\/\",\"https:\/\/www.pinterest.com.au\/creminogianduia\/\",\"https:\/\/www.youtube.com\/channel\/UCWFQlcc9EQnAsLkD8rBsgig\"]}]}<\/script>\n<!-- \/ Yoast SEO plugin. -->","yoast_head_json":{"title":"R\u00f3zsav\u00f6lgyi Csokol\u00e1d\u00e9 Peru Gran nativo blanco - Chocolate7","robots":{"index":"index","follow":"follow","max-snippet":"max-snippet:-1","max-image-preview":"max-image-preview:large","max-video-preview":"max-video-preview:-1"},"canonical":"https:\/\/www.chocolate7.com\/shop\/tavoletta\/fondente\/rozsavolgyi-csokolade-peru-gran-nativo-blanco\/","og_locale":"en_US","og_type":"article","og_title":"R\u00f3zsav\u00f6lgyi Csokol\u00e1d\u00e9 Peru Gran nativo blanco - Chocolate7","og_description":"R\u00f3zsav\u00f6lgyi Csokol\u00e1d\u00e9 is a bean to bar chocolate maker from Hungary. This fine chocolate bar is made with cocoa from Peru (Piura, gran blanco). R\u00f3zsav\u00f6lgyi Csokol\u00e1d\u00e9 Peru Piura Gran blanco 72% is a pleasantly acidic dark chocolate with floral aromatic notes of lime, gooseberry, caramel","og_url":"https:\/\/www.chocolate7.com\/shop\/tavoletta\/fondente\/rozsavolgyi-csokolade-peru-gran-nativo-blanco\/","og_site_name":"Chocolate7","article_publisher":"https:\/\/www.facebook.com\/cremino.gianduia.1","article_modified_time":"2021-09-28T17:34:44+00:00","og_image":[{"width":600,"height":600,"url":"https:\/\/www.chocolate7.com\/wp-content\/uploads\/2021\/09\/20210928_191756-e1632850325659.jpg","type":"image\/jpeg"}],"twitter_card":"summary_large_image","twitter_site":"@GianduiaCremino","schema":{"@context":"https:\/\/schema.org","@graph":[{"@type":"WebPage","@id":"https:\/\/www.chocolate7.com\/shop\/tavoletta\/fondente\/rozsavolgyi-csokolade-peru-gran-nativo-blanco\/","url":"https:\/\/www.chocolate7.com\/shop\/tavoletta\/fondente\/rozsavolgyi-csokolade-peru-gran-nativo-blanco\/","name":"R\u00f3zsav\u00f6lgyi Csokol\u00e1d\u00e9 Peru Gran nativo blanco - Chocolate7","isPartOf":{"@id":"https:\/\/www.chocolate7.com\/#website"},"primaryImageOfPage":{"@id":"https:\/\/www.chocolate7.com\/shop\/tavoletta\/fondente\/rozsavolgyi-csokolade-peru-gran-nativo-blanco\/#primaryimage"},"image":{"@id":"https:\/\/www.chocolate7.com\/shop\/tavoletta\/fondente\/rozsavolgyi-csokolade-peru-gran-nativo-blanco\/#primaryimage"},"thumbnailUrl":"https:\/\/www.chocolate7.com\/wp-content\/uploads\/2021\/09\/20210928_191756-e1632850325659.jpg","datePublished":"2021-09-28T17:13:44+00:00","dateModified":"2021-09-28T17:34:44+00:00","breadcrumb":{"@id":"https:\/\/www.chocolate7.com\/shop\/tavoletta\/fondente\/rozsavolgyi-csokolade-peru-gran-nativo-blanco\/#breadcrumb"},"inLanguage":"en-US","potentialAction":[{"@type":"ReadAction","target":["https:\/\/www.chocolate7.com\/shop\/tavoletta\/fondente\/rozsavolgyi-csokolade-peru-gran-nativo-blanco\/"]}]},{"@type":"ImageObject","inLanguage":"en-US","@id":"https:\/\/www.chocolate7.com\/shop\/tavoletta\/fondente\/rozsavolgyi-csokolade-peru-gran-nativo-blanco\/#primaryimage","url":"https:\/\/www.chocolate7.com\/wp-content\/uploads\/2021\/09\/20210928_191756-e1632850325659.jpg","contentUrl":"https:\/\/www.chocolate7.com\/wp-content\/uploads\/2021\/09\/20210928_191756-e1632850325659.jpg","width":600,"height":600},{"@type":"BreadcrumbList","@id":"https:\/\/www.chocolate7.com\/shop\/tavoletta\/fondente\/rozsavolgyi-csokolade-peru-gran-nativo-blanco\/#breadcrumb","itemListElement":[{"@type":"ListItem","position":1,"name":"Home","item":"https:\/\/www.chocolate7.com\/en\/"},{"@type":"ListItem","position":2,"name":"Shop","item":"https:\/\/www.chocolate7.com\/en\/store\/"},{"@type":"ListItem","position":3,"name":"R\u00f3zsav\u00f6lgyi Csokol\u00e1d\u00e9 Peru Gran nativo blanco"}]},{"@type":"WebSite","@id":"https:\/\/www.chocolate7.com\/#website","url":"https:\/\/www.chocolate7.com\/","name":"Chocolate7","description":"The fine &amp; luxury chocolate selection","publisher":{"@id":"https:\/\/www.chocolate7.com\/#organization"},"potentialAction":[{"@type":"SearchAction","target":{"@type":"EntryPoint","urlTemplate":"https:\/\/www.chocolate7.com\/?s={search_term_string}"},"query-input":"required name=search_term_string"}],"inLanguage":"en-US"},{"@type":"Organization","@id":"https:\/\/www.chocolate7.com\/#organization","name":"Choc7 di Benedetto Giovanni","url":"https:\/\/www.chocolate7.com\/","logo":{"@type":"ImageObject","inLanguage":"en-US","@id":"https:\/\/www.chocolate7.com\/#\/schema\/logo\/image\/","url":"https:\/\/www.chocolate7.com\/wp-content\/uploads\/2018\/10\/logo_chocolate.png","contentUrl":"https:\/\/www.chocolate7.com\/wp-content\/uploads\/2018\/10\/logo_chocolate.png","width":200,"height":41,"caption":"Choc7 di Benedetto Giovanni"},"image":{"@id":"https:\/\/www.chocolate7.com\/#\/schema\/logo\/image\/"},"sameAs":["https:\/\/www.facebook.com\/cremino.gianduia.1","https:\/\/x.com\/GianduiaCremino","https:\/\/www.instagram.com\/creminogianduia\/","https:\/\/www.pinterest.com.au\/creminogianduia\/","https:\/\/www.youtube.com\/channel\/UCWFQlcc9EQnAsLkD8rBsgig"]}]}},"brands":[{"id":4820,"name":"R\u00f3zsav\u00f6lgyi Csokol\u00e1d\u00e9","slug":"rozsavolgyi-csokolade-en"}],"_links":{"self":[{"href":"https:\/\/www.chocolate7.com\/en\/wp-json\/wp\/v2\/product\/24529","targetHints":{"allow":["GET"]}}],"collection":[{"href":"https:\/\/www.chocolate7.com\/en\/wp-json\/wp\/v2\/product"}],"about":[{"href":"https:\/\/www.chocolate7.com\/en\/wp-json\/wp\/v2\/types\/product"}],"wp:featuredmedia":[{"embeddable":true,"href":"https:\/\/www.chocolate7.com\/en\/wp-json\/wp\/v2\/media\/24533"}],"wp:attachment":[{"href":"https:\/\/www.chocolate7.com\/en\/wp-json\/wp\/v2\/media?parent=24529"}],"wp:term":[{"taxonomy":"pwb-brand","embeddable":true,"href":"https:\/\/www.chocolate7.com\/en\/wp-json\/wp\/v2\/pwb-brand?post=24529"},{"taxonomy":"product_brand","embeddable":true,"href":"https:\/\/www.chocolate7.com\/en\/wp-json\/wp\/v2\/product_brand?post=24529"},{"taxonomy":"product_cat","embeddable":true,"href":"https:\/\/www.chocolate7.com\/en\/wp-json\/wp\/v2\/product_cat?post=24529"},{"taxonomy":"product_tag","embeddable":true,"href":"https:\/\/www.chocolate7.com\/en\/wp-json\/wp\/v2\/product_tag?post=24529"},{"taxonomy":"giftcard-category","embeddable":true,"href":"https:\/\/www.chocolate7.com\/en\/wp-json\/wp\/v2\/giftcard-category?post=24529"}],"curies":[{"name":"wp","href":"https:\/\/api.w.org\/{rel}","templated":true}]}}