{"id":24879,"date":"2021-11-16T15:33:28","date_gmt":"2021-11-16T14:33:29","guid":{"rendered":"https:\/\/www.chocolate7.com\/?post_type=product&#038;p=24879"},"modified":"2025-03-11T00:53:06","modified_gmt":"2025-03-10T23:53:06","slug":"qantu-peru-cusco-kimbiri-la-quete-de-don-maximo","status":"publish","type":"product","link":"https:\/\/www.chocolate7.com\/en\/shop\/bar\/dark-chocolate-en-2\/qantu-peru-cusco-kimbiri-la-quete-de-don-maximo\/","title":{"rendered":"Qantu Peru Cusco Kimbiri la qu\u00eate de Don Maximo"},"content":{"rendered":"<p style=\"text-align: left\">Dark chocolate bar &#8211; Made by Qantu<\/p>\n<p>The cocoa for this chocolate comes from a single plantation: Bellavista, which belongs to our friend Don M\u00e1ximo. A true cocoa aficionado and collector of varieties with unique peculiarities, M\u00e1ximo ferments and dries the cocoa beans himself, experimenting with different methods. M\u00e1ximo have complete Qantu&#8217;s admiration for his commitment to growing cocoa and preserving pure and rare varieties.<\/p>\n<p>Origin of cocoa:\u00a0Kimbiri, Cusco, Peru<\/p>\n<ul>\n<li>The eye: dark brown<\/li>\n<li>The nose: palo santo, touch of pepper.<\/li>\n<li>The mouth : Notes: almond, cedar, woody with a slight astringency reminiscent of pecans.<br \/>\nOverall: moderate fruity like blackcurrant.<br \/>\nPersistence: 10 to 15 minutes of happiness after each bite.<\/li>\n<\/ul>\n","protected":false},"excerpt":{"rendered":"<p>Qantu, is a bean to bar chocolate maker from Canada. This fine chocolate bar is made with cocoa from Peru (Cusco, Kimbiri). Qantu Peru Cusco Kimbiri la qu\u00eate de Don Maximo 80% is a dark chocolate with a pleasantly bitter taste, with aromatic notes of cedar, black currant, pecans, almonds, pepper, wood (Palo Santo).<\/p>\n<p>&nbsp;<\/p>\n<p>.<\/p>\n","protected":false},"featured_media":24881,"template":"","meta":[],"pwb-brand":[3456],"product_brand":[],"product_cat":[3251,3255],"product_tag":[],"giftcard-category":[],"class_list":{"0":"post-24879","1":"product","2":"type-product","3":"status-publish","4":"has-post-thumbnail","6":"pwb-brand-quantu","7":"product_cat-bar","8":"product_cat-dark-chocolate-en-2","9":"pa_acidita-2-en","10":"pa_allergeni-may-contain-traces-of-nuts-and-milk","11":"pa_amarezza-4-en","12":"pa_astringenza-1-en","13":"pa_cacao-80-89-en","14":"pa_carboidrati-40-g-en","15":"pa_carboidrati-zuccheri-20-g-en","16":"pa_codice-a-barre-628011743008-en","17":"pa_conservazione-conservare-in-luogo-fresco-e-asciutto-en","18":"pa_dolcezza-2-en","19":"pa_grassi-44-g-en","20":"pa_grassi-saturi-24-g-en","21":"pa_ingredienti-cacao-cane-sugar-cocoa-butter","22":"pa_note-di-degustazione-cedar-black-currant-pecan-almond-pepper-wood-palo-santo","23":"pa_paese-delle-fave-di-cacao-peru-en","24":"pa_paese-produttore-canada-en","25":"pa_percentuale-di-cacao-80-en","26":"pa_proteine-12-g-en","27":"pa_regione-cusco-en","28":"pa_sale-0008-g-en","29":"pa_tipo-di-cioccolato-fondente-en","30":"pa_valore-energetico-2259-kj-540-kcal-en","31":"pa_varieta-delle-fave-kimbiri-en","33":"first","34":"instock","35":"taxable","36":"shipping-taxable","37":"purchasable","38":"product-type-simple"},"yoast_head":"<!-- This site is optimized with the Yoast SEO plugin v23.3 - https:\/\/yoast.com\/wordpress\/plugins\/seo\/ -->\n<title>Qantu Peru Cusco Kimbiri la qu\u00eate de Don Maximo - Chocolate7<\/title>\n<meta name=\"robots\" content=\"index, follow, max-snippet:-1, max-image-preview:large, max-video-preview:-1\" \/>\n<link rel=\"canonical\" href=\"https:\/\/www.chocolate7.com\/shop\/tavoletta\/fondente\/qantu-peru-cusco-kimbiri-la-quete-de-don-maximo\/\" \/>\n<meta property=\"og:locale\" content=\"en_US\" \/>\n<meta property=\"og:type\" content=\"article\" \/>\n<meta property=\"og:title\" content=\"Qantu Peru Cusco Kimbiri la qu\u00eate de Don Maximo - Chocolate7\" \/>\n<meta property=\"og:description\" content=\"Qantu, is a bean to bar chocolate maker from Canada. This fine chocolate bar is made with cocoa from Peru (Cusco, Kimbiri). Qantu Peru Cusco Kimbiri la qu\u00eate de Don Maximo 80% is a dark chocolate with a pleasantly bitter taste, with aromatic notes of cedar, black currant, pecans, almonds, pepper, wood (Palo Santo).  &nbsp;  .\" \/>\n<meta property=\"og:url\" content=\"https:\/\/www.chocolate7.com\/shop\/tavoletta\/fondente\/qantu-peru-cusco-kimbiri-la-quete-de-don-maximo\/\" \/>\n<meta property=\"og:site_name\" content=\"Chocolate7\" \/>\n<meta property=\"article:publisher\" content=\"https:\/\/www.facebook.com\/cremino.gianduia.1\" \/>\n<meta property=\"article:modified_time\" content=\"2025-03-10T23:53:06+00:00\" \/>\n<meta property=\"og:image\" content=\"https:\/\/www.chocolate7.com\/wp-content\/uploads\/2021\/11\/IMG_20211116_153025_950-e1637074131929.jpg\" \/>\n\t<meta property=\"og:image:width\" content=\"600\" \/>\n\t<meta property=\"og:image:height\" content=\"600\" \/>\n\t<meta property=\"og:image:type\" content=\"image\/jpeg\" \/>\n<meta name=\"twitter:card\" content=\"summary_large_image\" \/>\n<meta name=\"twitter:site\" content=\"@GianduiaCremino\" \/>\n<meta name=\"twitter:label1\" content=\"Est. reading time\" \/>\n\t<meta name=\"twitter:data1\" content=\"1 minute\" \/>\n<script type=\"application\/ld+json\" class=\"yoast-schema-graph\">{\"@context\":\"https:\/\/schema.org\",\"@graph\":[{\"@type\":\"WebPage\",\"@id\":\"https:\/\/www.chocolate7.com\/shop\/tavoletta\/fondente\/qantu-peru-cusco-kimbiri-la-quete-de-don-maximo\/\",\"url\":\"https:\/\/www.chocolate7.com\/shop\/tavoletta\/fondente\/qantu-peru-cusco-kimbiri-la-quete-de-don-maximo\/\",\"name\":\"Qantu Peru Cusco Kimbiri la qu\u00eate de Don Maximo - Chocolate7\",\"isPartOf\":{\"@id\":\"https:\/\/www.chocolate7.com\/#website\"},\"primaryImageOfPage\":{\"@id\":\"https:\/\/www.chocolate7.com\/shop\/tavoletta\/fondente\/qantu-peru-cusco-kimbiri-la-quete-de-don-maximo\/#primaryimage\"},\"image\":{\"@id\":\"https:\/\/www.chocolate7.com\/shop\/tavoletta\/fondente\/qantu-peru-cusco-kimbiri-la-quete-de-don-maximo\/#primaryimage\"},\"thumbnailUrl\":\"https:\/\/www.chocolate7.com\/wp-content\/uploads\/2021\/11\/IMG_20211116_153025_950-e1637074131929.jpg\",\"datePublished\":\"2021-11-16T14:33:29+00:00\",\"dateModified\":\"2025-03-10T23:53:06+00:00\",\"breadcrumb\":{\"@id\":\"https:\/\/www.chocolate7.com\/shop\/tavoletta\/fondente\/qantu-peru-cusco-kimbiri-la-quete-de-don-maximo\/#breadcrumb\"},\"inLanguage\":\"en-US\",\"potentialAction\":[{\"@type\":\"ReadAction\",\"target\":[\"https:\/\/www.chocolate7.com\/shop\/tavoletta\/fondente\/qantu-peru-cusco-kimbiri-la-quete-de-don-maximo\/\"]}]},{\"@type\":\"ImageObject\",\"inLanguage\":\"en-US\",\"@id\":\"https:\/\/www.chocolate7.com\/shop\/tavoletta\/fondente\/qantu-peru-cusco-kimbiri-la-quete-de-don-maximo\/#primaryimage\",\"url\":\"https:\/\/www.chocolate7.com\/wp-content\/uploads\/2021\/11\/IMG_20211116_153025_950-e1637074131929.jpg\",\"contentUrl\":\"https:\/\/www.chocolate7.com\/wp-content\/uploads\/2021\/11\/IMG_20211116_153025_950-e1637074131929.jpg\",\"width\":600,\"height\":600},{\"@type\":\"BreadcrumbList\",\"@id\":\"https:\/\/www.chocolate7.com\/shop\/tavoletta\/fondente\/qantu-peru-cusco-kimbiri-la-quete-de-don-maximo\/#breadcrumb\",\"itemListElement\":[{\"@type\":\"ListItem\",\"position\":1,\"name\":\"Home\",\"item\":\"https:\/\/www.chocolate7.com\/en\/\"},{\"@type\":\"ListItem\",\"position\":2,\"name\":\"Shop\",\"item\":\"https:\/\/www.chocolate7.com\/en\/store\/\"},{\"@type\":\"ListItem\",\"position\":3,\"name\":\"Qantu Peru Cusco Kimbiri la qu\u00eate de Don Maximo\"}]},{\"@type\":\"WebSite\",\"@id\":\"https:\/\/www.chocolate7.com\/#website\",\"url\":\"https:\/\/www.chocolate7.com\/\",\"name\":\"Chocolate7\",\"description\":\"The fine &amp; luxury chocolate selection\",\"publisher\":{\"@id\":\"https:\/\/www.chocolate7.com\/#organization\"},\"potentialAction\":[{\"@type\":\"SearchAction\",\"target\":{\"@type\":\"EntryPoint\",\"urlTemplate\":\"https:\/\/www.chocolate7.com\/?s={search_term_string}\"},\"query-input\":\"required name=search_term_string\"}],\"inLanguage\":\"en-US\"},{\"@type\":\"Organization\",\"@id\":\"https:\/\/www.chocolate7.com\/#organization\",\"name\":\"Choc7 di Benedetto Giovanni\",\"url\":\"https:\/\/www.chocolate7.com\/\",\"logo\":{\"@type\":\"ImageObject\",\"inLanguage\":\"en-US\",\"@id\":\"https:\/\/www.chocolate7.com\/#\/schema\/logo\/image\/\",\"url\":\"https:\/\/www.chocolate7.com\/wp-content\/uploads\/2018\/10\/logo_chocolate.png\",\"contentUrl\":\"https:\/\/www.chocolate7.com\/wp-content\/uploads\/2018\/10\/logo_chocolate.png\",\"width\":200,\"height\":41,\"caption\":\"Choc7 di Benedetto Giovanni\"},\"image\":{\"@id\":\"https:\/\/www.chocolate7.com\/#\/schema\/logo\/image\/\"},\"sameAs\":[\"https:\/\/www.facebook.com\/cremino.gianduia.1\",\"https:\/\/x.com\/GianduiaCremino\",\"https:\/\/www.instagram.com\/creminogianduia\/\",\"https:\/\/www.pinterest.com.au\/creminogianduia\/\",\"https:\/\/www.youtube.com\/channel\/UCWFQlcc9EQnAsLkD8rBsgig\"]}]}<\/script>\n<!-- \/ Yoast SEO plugin. -->","yoast_head_json":{"title":"Qantu Peru Cusco Kimbiri la qu\u00eate de Don Maximo - Chocolate7","robots":{"index":"index","follow":"follow","max-snippet":"max-snippet:-1","max-image-preview":"max-image-preview:large","max-video-preview":"max-video-preview:-1"},"canonical":"https:\/\/www.chocolate7.com\/shop\/tavoletta\/fondente\/qantu-peru-cusco-kimbiri-la-quete-de-don-maximo\/","og_locale":"en_US","og_type":"article","og_title":"Qantu Peru Cusco Kimbiri la qu\u00eate de Don Maximo - Chocolate7","og_description":"Qantu, is a bean to bar chocolate maker from Canada. This fine chocolate bar is made with cocoa from Peru (Cusco, Kimbiri). Qantu Peru Cusco Kimbiri la qu\u00eate de Don Maximo 80% is a dark chocolate with a pleasantly bitter taste, with aromatic notes of cedar, black currant, pecans, almonds, pepper, wood (Palo Santo).  &nbsp;  .","og_url":"https:\/\/www.chocolate7.com\/shop\/tavoletta\/fondente\/qantu-peru-cusco-kimbiri-la-quete-de-don-maximo\/","og_site_name":"Chocolate7","article_publisher":"https:\/\/www.facebook.com\/cremino.gianduia.1","article_modified_time":"2025-03-10T23:53:06+00:00","og_image":[{"width":600,"height":600,"url":"https:\/\/www.chocolate7.com\/wp-content\/uploads\/2021\/11\/IMG_20211116_153025_950-e1637074131929.jpg","type":"image\/jpeg"}],"twitter_card":"summary_large_image","twitter_site":"@GianduiaCremino","twitter_misc":{"Est. reading time":"1 minute"},"schema":{"@context":"https:\/\/schema.org","@graph":[{"@type":"WebPage","@id":"https:\/\/www.chocolate7.com\/shop\/tavoletta\/fondente\/qantu-peru-cusco-kimbiri-la-quete-de-don-maximo\/","url":"https:\/\/www.chocolate7.com\/shop\/tavoletta\/fondente\/qantu-peru-cusco-kimbiri-la-quete-de-don-maximo\/","name":"Qantu Peru Cusco Kimbiri la qu\u00eate de Don Maximo - Chocolate7","isPartOf":{"@id":"https:\/\/www.chocolate7.com\/#website"},"primaryImageOfPage":{"@id":"https:\/\/www.chocolate7.com\/shop\/tavoletta\/fondente\/qantu-peru-cusco-kimbiri-la-quete-de-don-maximo\/#primaryimage"},"image":{"@id":"https:\/\/www.chocolate7.com\/shop\/tavoletta\/fondente\/qantu-peru-cusco-kimbiri-la-quete-de-don-maximo\/#primaryimage"},"thumbnailUrl":"https:\/\/www.chocolate7.com\/wp-content\/uploads\/2021\/11\/IMG_20211116_153025_950-e1637074131929.jpg","datePublished":"2021-11-16T14:33:29+00:00","dateModified":"2025-03-10T23:53:06+00:00","breadcrumb":{"@id":"https:\/\/www.chocolate7.com\/shop\/tavoletta\/fondente\/qantu-peru-cusco-kimbiri-la-quete-de-don-maximo\/#breadcrumb"},"inLanguage":"en-US","potentialAction":[{"@type":"ReadAction","target":["https:\/\/www.chocolate7.com\/shop\/tavoletta\/fondente\/qantu-peru-cusco-kimbiri-la-quete-de-don-maximo\/"]}]},{"@type":"ImageObject","inLanguage":"en-US","@id":"https:\/\/www.chocolate7.com\/shop\/tavoletta\/fondente\/qantu-peru-cusco-kimbiri-la-quete-de-don-maximo\/#primaryimage","url":"https:\/\/www.chocolate7.com\/wp-content\/uploads\/2021\/11\/IMG_20211116_153025_950-e1637074131929.jpg","contentUrl":"https:\/\/www.chocolate7.com\/wp-content\/uploads\/2021\/11\/IMG_20211116_153025_950-e1637074131929.jpg","width":600,"height":600},{"@type":"BreadcrumbList","@id":"https:\/\/www.chocolate7.com\/shop\/tavoletta\/fondente\/qantu-peru-cusco-kimbiri-la-quete-de-don-maximo\/#breadcrumb","itemListElement":[{"@type":"ListItem","position":1,"name":"Home","item":"https:\/\/www.chocolate7.com\/en\/"},{"@type":"ListItem","position":2,"name":"Shop","item":"https:\/\/www.chocolate7.com\/en\/store\/"},{"@type":"ListItem","position":3,"name":"Qantu Peru Cusco Kimbiri la qu\u00eate de Don Maximo"}]},{"@type":"WebSite","@id":"https:\/\/www.chocolate7.com\/#website","url":"https:\/\/www.chocolate7.com\/","name":"Chocolate7","description":"The fine &amp; luxury chocolate selection","publisher":{"@id":"https:\/\/www.chocolate7.com\/#organization"},"potentialAction":[{"@type":"SearchAction","target":{"@type":"EntryPoint","urlTemplate":"https:\/\/www.chocolate7.com\/?s={search_term_string}"},"query-input":"required name=search_term_string"}],"inLanguage":"en-US"},{"@type":"Organization","@id":"https:\/\/www.chocolate7.com\/#organization","name":"Choc7 di Benedetto Giovanni","url":"https:\/\/www.chocolate7.com\/","logo":{"@type":"ImageObject","inLanguage":"en-US","@id":"https:\/\/www.chocolate7.com\/#\/schema\/logo\/image\/","url":"https:\/\/www.chocolate7.com\/wp-content\/uploads\/2018\/10\/logo_chocolate.png","contentUrl":"https:\/\/www.chocolate7.com\/wp-content\/uploads\/2018\/10\/logo_chocolate.png","width":200,"height":41,"caption":"Choc7 di Benedetto Giovanni"},"image":{"@id":"https:\/\/www.chocolate7.com\/#\/schema\/logo\/image\/"},"sameAs":["https:\/\/www.facebook.com\/cremino.gianduia.1","https:\/\/x.com\/GianduiaCremino","https:\/\/www.instagram.com\/creminogianduia\/","https:\/\/www.pinterest.com.au\/creminogianduia\/","https:\/\/www.youtube.com\/channel\/UCWFQlcc9EQnAsLkD8rBsgig"]}]}},"brands":[{"id":3456,"name":"Quantu","slug":"quantu"}],"_links":{"self":[{"href":"https:\/\/www.chocolate7.com\/en\/wp-json\/wp\/v2\/product\/24879","targetHints":{"allow":["GET"]}}],"collection":[{"href":"https:\/\/www.chocolate7.com\/en\/wp-json\/wp\/v2\/product"}],"about":[{"href":"https:\/\/www.chocolate7.com\/en\/wp-json\/wp\/v2\/types\/product"}],"wp:featuredmedia":[{"embeddable":true,"href":"https:\/\/www.chocolate7.com\/en\/wp-json\/wp\/v2\/media\/24881"}],"wp:attachment":[{"href":"https:\/\/www.chocolate7.com\/en\/wp-json\/wp\/v2\/media?parent=24879"}],"wp:term":[{"taxonomy":"pwb-brand","embeddable":true,"href":"https:\/\/www.chocolate7.com\/en\/wp-json\/wp\/v2\/pwb-brand?post=24879"},{"taxonomy":"product_brand","embeddable":true,"href":"https:\/\/www.chocolate7.com\/en\/wp-json\/wp\/v2\/product_brand?post=24879"},{"taxonomy":"product_cat","embeddable":true,"href":"https:\/\/www.chocolate7.com\/en\/wp-json\/wp\/v2\/product_cat?post=24879"},{"taxonomy":"product_tag","embeddable":true,"href":"https:\/\/www.chocolate7.com\/en\/wp-json\/wp\/v2\/product_tag?post=24879"},{"taxonomy":"giftcard-category","embeddable":true,"href":"https:\/\/www.chocolate7.com\/en\/wp-json\/wp\/v2\/giftcard-category?post=24879"}],"curies":[{"name":"wp","href":"https:\/\/api.w.org\/{rel}","templated":true}]}}