{"id":24887,"date":"2021-11-16T16:54:48","date_gmt":"2021-11-16T15:54:49","guid":{"rendered":"https:\/\/www.chocolate7.com\/?post_type=product&#038;p=24887"},"modified":"2021-11-16T17:15:29","modified_gmt":"2021-11-16T16:15:29","slug":"svenska-kakaobolaget-dominican-republic-oko-caribe-cardamom","status":"publish","type":"product","link":"https:\/\/www.chocolate7.com\/en\/shop\/bar\/dark-chocolate-milk-chocolate-en\/svenska-kakaobolaget-dominican-republic-oko-caribe-cardamom\/","title":{"rendered":"Svenska Kakaobolaget Dominican Republic \u00d6ko Caribe Cardamom"},"content":{"rendered":"<p style=\"text-align: left\">Dark chocolate bar with inclusions \/ filled \/ flavored &#8211; Made by Svenska Kakaobolaget<\/p>\n<p style=\"text-align: left\"><i>En m\u00f6rk choklad d\u00e4r vi adderat aromatisk kardemumma. Perfekt f\u00f6r fikastunden till trekaffet.<\/i><\/p>\n<p><em>B\u00f6norna i den h\u00e4r chokladen kommer fr\u00e5n producenten \u00d6ko Caribe i det kakaorika Duarteomr\u00e5det i Dominikanska republiken.\u00a0\u00d6ko Caribe samarbetar med 180 b\u00f6nder och hj\u00e4lper dem med utbildning f\u00f6r att skapa en h\u00e5llbar kakaoproduktion.<\/em><\/p>\n<p>All v\u00e5r choklad \u00e4r tillverkad bean to bar i v\u00e5r fabrik p\u00e5 \u00d6sterlen. Vi v\u00e4ljer ut kakaon med stor omsorg f\u00f6r b\u00e5de smak och natur. Vi betalar alltid betydligt mer \u00e4n fairtradepriset f\u00f6r v\u00e5r kakao och den \u00e4r alltid h\u00e5llbart odlad. Det tycker vi \u00e4r gott p\u00e5 riktigt. Du hittar v\u00e5ra sourcingrapporter\u00a0<a href=\"https:\/\/shop.kakaobolaget.se\/pages\/sourcing-reports\" target=\"_blank\" rel=\"noopener noreferrer\">h\u00e4r<\/a>.<\/p>\n","protected":false},"excerpt":{"rendered":"<p>Svenska Kakaobolaget is a bean to bar chocolate maker from Sweden. This fine chocolate bar is made with cocoa from Dominican Republic (\u00d6ko Caribe). Svenska Kakaobolaget Dominican Republic \u00d6ko Caribe cardamom 71% is a pleasantly bitter dark chocolate flavored with cardamom<\/p>\n","protected":false},"featured_media":24889,"template":"","meta":[],"pwb-brand":[3453],"product_brand":[],"product_cat":[3251,3256],"product_tag":[],"giftcard-category":[],"class_list":{"0":"post-24887","1":"product","2":"type-product","3":"status-publish","4":"has-post-thumbnail","6":"pwb-brand-svenska-kakaobolaget-en","7":"product_cat-bar","8":"product_cat-dark-chocolate-milk-chocolate-en","9":"pa_acidita-2-en","10":"pa_allergeni-nuts-and-dairy-are-used-in-our-factory-en-2","11":"pa_amarezza-3-en","12":"pa_astringenza-2-en","13":"pa_cacao-70-79-en","14":"pa_carboidrati-35-g-en","15":"pa_carboidrati-zuccheri-29-g-en","16":"pa_codice-a-barre-7350083513403-en","17":"pa_conservazione-store-in-a-cool-dry-place","18":"pa_dolcezza-2-en","19":"pa_grassi-39-g-en","20":"pa_grassi-saturi-24-g-en","21":"pa_ingredienti-cacao-beans-cane-sugar-cardamom","22":"pa_note-di-degustazione-cardamom","23":"pa_paese-delle-fave-di-cacao-dominican-republic","24":"pa_paese-produttore-sweden","25":"pa_percentuale-di-cacao-71-en","26":"pa_proteine-79-g-en","27":"pa_regione-oko-caribe-en","28":"pa_sale-01-g-en","29":"pa_tipo-di-cioccolato-flavoured-filled-inclusions-dark-chocolate-bar","30":"pa_valore-energetico-550-kcal-2301-kj-en","32":"first","33":"instock","34":"taxable","35":"shipping-taxable","36":"purchasable","37":"product-type-simple"},"yoast_head":"<!-- This site is optimized with the Yoast SEO plugin v23.3 - https:\/\/yoast.com\/wordpress\/plugins\/seo\/ -->\n<title>Svenska Kakaobolaget Dominican Republic \u00d6ko Caribe Cardamom - Chocolate7<\/title>\n<meta name=\"robots\" content=\"index, follow, max-snippet:-1, max-image-preview:large, max-video-preview:-1\" \/>\n<link rel=\"canonical\" href=\"https:\/\/www.chocolate7.com\/shop\/tavoletta\/fondente-inclusioni-ripieno-aromatizzato\/svenska-kakaobolaget-repubblica-dominicaca-oko-caribe-cardamomo\/\" \/>\n<meta property=\"og:locale\" content=\"en_US\" \/>\n<meta property=\"og:type\" content=\"article\" \/>\n<meta property=\"og:title\" content=\"Svenska Kakaobolaget Dominican Republic \u00d6ko Caribe Cardamom - Chocolate7\" \/>\n<meta property=\"og:description\" content=\"Svenska Kakaobolaget is a bean to bar chocolate maker from Sweden. This fine chocolate bar is made with cocoa from Dominican Republic (\u00d6ko Caribe). Svenska Kakaobolaget Dominican Republic \u00d6ko Caribe cardamom 71% is a pleasantly bitter dark chocolate flavored with cardamom\" \/>\n<meta property=\"og:url\" content=\"https:\/\/www.chocolate7.com\/shop\/tavoletta\/fondente-inclusioni-ripieno-aromatizzato\/svenska-kakaobolaget-repubblica-dominicaca-oko-caribe-cardamomo\/\" \/>\n<meta property=\"og:site_name\" content=\"Chocolate7\" \/>\n<meta property=\"article:publisher\" content=\"https:\/\/www.facebook.com\/cremino.gianduia.1\" \/>\n<meta property=\"article:modified_time\" content=\"2021-11-16T16:15:29+00:00\" \/>\n<meta property=\"og:image\" content=\"https:\/\/www.chocolate7.com\/wp-content\/uploads\/2021\/11\/IMG_20211116_164741_183-e1637078776168.jpg\" \/>\n\t<meta property=\"og:image:width\" content=\"600\" \/>\n\t<meta property=\"og:image:height\" content=\"600\" \/>\n\t<meta property=\"og:image:type\" content=\"image\/jpeg\" \/>\n<meta name=\"twitter:card\" content=\"summary_large_image\" \/>\n<meta name=\"twitter:site\" content=\"@GianduiaCremino\" \/>\n<meta name=\"twitter:label1\" content=\"Est. reading time\" \/>\n\t<meta name=\"twitter:data1\" content=\"1 minute\" \/>\n<script type=\"application\/ld+json\" class=\"yoast-schema-graph\">{\"@context\":\"https:\/\/schema.org\",\"@graph\":[{\"@type\":\"WebPage\",\"@id\":\"https:\/\/www.chocolate7.com\/shop\/tavoletta\/fondente-inclusioni-ripieno-aromatizzato\/svenska-kakaobolaget-repubblica-dominicaca-oko-caribe-cardamomo\/\",\"url\":\"https:\/\/www.chocolate7.com\/shop\/tavoletta\/fondente-inclusioni-ripieno-aromatizzato\/svenska-kakaobolaget-repubblica-dominicaca-oko-caribe-cardamomo\/\",\"name\":\"Svenska Kakaobolaget Dominican Republic \u00d6ko Caribe Cardamom - Chocolate7\",\"isPartOf\":{\"@id\":\"https:\/\/www.chocolate7.com\/#website\"},\"primaryImageOfPage\":{\"@id\":\"https:\/\/www.chocolate7.com\/shop\/tavoletta\/fondente-inclusioni-ripieno-aromatizzato\/svenska-kakaobolaget-repubblica-dominicaca-oko-caribe-cardamomo\/#primaryimage\"},\"image\":{\"@id\":\"https:\/\/www.chocolate7.com\/shop\/tavoletta\/fondente-inclusioni-ripieno-aromatizzato\/svenska-kakaobolaget-repubblica-dominicaca-oko-caribe-cardamomo\/#primaryimage\"},\"thumbnailUrl\":\"https:\/\/www.chocolate7.com\/wp-content\/uploads\/2021\/11\/IMG_20211116_164741_183-e1637078776168.jpg\",\"datePublished\":\"2021-11-16T15:54:49+00:00\",\"dateModified\":\"2021-11-16T16:15:29+00:00\",\"breadcrumb\":{\"@id\":\"https:\/\/www.chocolate7.com\/shop\/tavoletta\/fondente-inclusioni-ripieno-aromatizzato\/svenska-kakaobolaget-repubblica-dominicaca-oko-caribe-cardamomo\/#breadcrumb\"},\"inLanguage\":\"en-US\",\"potentialAction\":[{\"@type\":\"ReadAction\",\"target\":[\"https:\/\/www.chocolate7.com\/shop\/tavoletta\/fondente-inclusioni-ripieno-aromatizzato\/svenska-kakaobolaget-repubblica-dominicaca-oko-caribe-cardamomo\/\"]}]},{\"@type\":\"ImageObject\",\"inLanguage\":\"en-US\",\"@id\":\"https:\/\/www.chocolate7.com\/shop\/tavoletta\/fondente-inclusioni-ripieno-aromatizzato\/svenska-kakaobolaget-repubblica-dominicaca-oko-caribe-cardamomo\/#primaryimage\",\"url\":\"https:\/\/www.chocolate7.com\/wp-content\/uploads\/2021\/11\/IMG_20211116_164741_183-e1637078776168.jpg\",\"contentUrl\":\"https:\/\/www.chocolate7.com\/wp-content\/uploads\/2021\/11\/IMG_20211116_164741_183-e1637078776168.jpg\",\"width\":600,\"height\":600},{\"@type\":\"BreadcrumbList\",\"@id\":\"https:\/\/www.chocolate7.com\/shop\/tavoletta\/fondente-inclusioni-ripieno-aromatizzato\/svenska-kakaobolaget-repubblica-dominicaca-oko-caribe-cardamomo\/#breadcrumb\",\"itemListElement\":[{\"@type\":\"ListItem\",\"position\":1,\"name\":\"Home\",\"item\":\"https:\/\/www.chocolate7.com\/en\/\"},{\"@type\":\"ListItem\",\"position\":2,\"name\":\"Shop\",\"item\":\"https:\/\/www.chocolate7.com\/en\/store\/\"},{\"@type\":\"ListItem\",\"position\":3,\"name\":\"Svenska Kakaobolaget Dominican Republic \u00d6ko Caribe Cardamom\"}]},{\"@type\":\"WebSite\",\"@id\":\"https:\/\/www.chocolate7.com\/#website\",\"url\":\"https:\/\/www.chocolate7.com\/\",\"name\":\"Chocolate7\",\"description\":\"The fine &amp; luxury chocolate selection\",\"publisher\":{\"@id\":\"https:\/\/www.chocolate7.com\/#organization\"},\"potentialAction\":[{\"@type\":\"SearchAction\",\"target\":{\"@type\":\"EntryPoint\",\"urlTemplate\":\"https:\/\/www.chocolate7.com\/?s={search_term_string}\"},\"query-input\":\"required name=search_term_string\"}],\"inLanguage\":\"en-US\"},{\"@type\":\"Organization\",\"@id\":\"https:\/\/www.chocolate7.com\/#organization\",\"name\":\"Choc7 di Benedetto Giovanni\",\"url\":\"https:\/\/www.chocolate7.com\/\",\"logo\":{\"@type\":\"ImageObject\",\"inLanguage\":\"en-US\",\"@id\":\"https:\/\/www.chocolate7.com\/#\/schema\/logo\/image\/\",\"url\":\"https:\/\/www.chocolate7.com\/wp-content\/uploads\/2018\/10\/logo_chocolate.png\",\"contentUrl\":\"https:\/\/www.chocolate7.com\/wp-content\/uploads\/2018\/10\/logo_chocolate.png\",\"width\":200,\"height\":41,\"caption\":\"Choc7 di Benedetto Giovanni\"},\"image\":{\"@id\":\"https:\/\/www.chocolate7.com\/#\/schema\/logo\/image\/\"},\"sameAs\":[\"https:\/\/www.facebook.com\/cremino.gianduia.1\",\"https:\/\/x.com\/GianduiaCremino\",\"https:\/\/www.instagram.com\/creminogianduia\/\",\"https:\/\/www.pinterest.com.au\/creminogianduia\/\",\"https:\/\/www.youtube.com\/channel\/UCWFQlcc9EQnAsLkD8rBsgig\"]}]}<\/script>\n<!-- \/ Yoast SEO plugin. -->","yoast_head_json":{"title":"Svenska Kakaobolaget Dominican Republic \u00d6ko Caribe Cardamom - Chocolate7","robots":{"index":"index","follow":"follow","max-snippet":"max-snippet:-1","max-image-preview":"max-image-preview:large","max-video-preview":"max-video-preview:-1"},"canonical":"https:\/\/www.chocolate7.com\/shop\/tavoletta\/fondente-inclusioni-ripieno-aromatizzato\/svenska-kakaobolaget-repubblica-dominicaca-oko-caribe-cardamomo\/","og_locale":"en_US","og_type":"article","og_title":"Svenska Kakaobolaget Dominican Republic \u00d6ko Caribe Cardamom - Chocolate7","og_description":"Svenska Kakaobolaget is a bean to bar chocolate maker from Sweden. This fine chocolate bar is made with cocoa from Dominican Republic (\u00d6ko Caribe). Svenska Kakaobolaget Dominican Republic \u00d6ko Caribe cardamom 71% is a pleasantly bitter dark chocolate flavored with cardamom","og_url":"https:\/\/www.chocolate7.com\/shop\/tavoletta\/fondente-inclusioni-ripieno-aromatizzato\/svenska-kakaobolaget-repubblica-dominicaca-oko-caribe-cardamomo\/","og_site_name":"Chocolate7","article_publisher":"https:\/\/www.facebook.com\/cremino.gianduia.1","article_modified_time":"2021-11-16T16:15:29+00:00","og_image":[{"width":600,"height":600,"url":"https:\/\/www.chocolate7.com\/wp-content\/uploads\/2021\/11\/IMG_20211116_164741_183-e1637078776168.jpg","type":"image\/jpeg"}],"twitter_card":"summary_large_image","twitter_site":"@GianduiaCremino","twitter_misc":{"Est. reading time":"1 minute"},"schema":{"@context":"https:\/\/schema.org","@graph":[{"@type":"WebPage","@id":"https:\/\/www.chocolate7.com\/shop\/tavoletta\/fondente-inclusioni-ripieno-aromatizzato\/svenska-kakaobolaget-repubblica-dominicaca-oko-caribe-cardamomo\/","url":"https:\/\/www.chocolate7.com\/shop\/tavoletta\/fondente-inclusioni-ripieno-aromatizzato\/svenska-kakaobolaget-repubblica-dominicaca-oko-caribe-cardamomo\/","name":"Svenska Kakaobolaget Dominican Republic \u00d6ko Caribe Cardamom - Chocolate7","isPartOf":{"@id":"https:\/\/www.chocolate7.com\/#website"},"primaryImageOfPage":{"@id":"https:\/\/www.chocolate7.com\/shop\/tavoletta\/fondente-inclusioni-ripieno-aromatizzato\/svenska-kakaobolaget-repubblica-dominicaca-oko-caribe-cardamomo\/#primaryimage"},"image":{"@id":"https:\/\/www.chocolate7.com\/shop\/tavoletta\/fondente-inclusioni-ripieno-aromatizzato\/svenska-kakaobolaget-repubblica-dominicaca-oko-caribe-cardamomo\/#primaryimage"},"thumbnailUrl":"https:\/\/www.chocolate7.com\/wp-content\/uploads\/2021\/11\/IMG_20211116_164741_183-e1637078776168.jpg","datePublished":"2021-11-16T15:54:49+00:00","dateModified":"2021-11-16T16:15:29+00:00","breadcrumb":{"@id":"https:\/\/www.chocolate7.com\/shop\/tavoletta\/fondente-inclusioni-ripieno-aromatizzato\/svenska-kakaobolaget-repubblica-dominicaca-oko-caribe-cardamomo\/#breadcrumb"},"inLanguage":"en-US","potentialAction":[{"@type":"ReadAction","target":["https:\/\/www.chocolate7.com\/shop\/tavoletta\/fondente-inclusioni-ripieno-aromatizzato\/svenska-kakaobolaget-repubblica-dominicaca-oko-caribe-cardamomo\/"]}]},{"@type":"ImageObject","inLanguage":"en-US","@id":"https:\/\/www.chocolate7.com\/shop\/tavoletta\/fondente-inclusioni-ripieno-aromatizzato\/svenska-kakaobolaget-repubblica-dominicaca-oko-caribe-cardamomo\/#primaryimage","url":"https:\/\/www.chocolate7.com\/wp-content\/uploads\/2021\/11\/IMG_20211116_164741_183-e1637078776168.jpg","contentUrl":"https:\/\/www.chocolate7.com\/wp-content\/uploads\/2021\/11\/IMG_20211116_164741_183-e1637078776168.jpg","width":600,"height":600},{"@type":"BreadcrumbList","@id":"https:\/\/www.chocolate7.com\/shop\/tavoletta\/fondente-inclusioni-ripieno-aromatizzato\/svenska-kakaobolaget-repubblica-dominicaca-oko-caribe-cardamomo\/#breadcrumb","itemListElement":[{"@type":"ListItem","position":1,"name":"Home","item":"https:\/\/www.chocolate7.com\/en\/"},{"@type":"ListItem","position":2,"name":"Shop","item":"https:\/\/www.chocolate7.com\/en\/store\/"},{"@type":"ListItem","position":3,"name":"Svenska Kakaobolaget Dominican Republic \u00d6ko Caribe Cardamom"}]},{"@type":"WebSite","@id":"https:\/\/www.chocolate7.com\/#website","url":"https:\/\/www.chocolate7.com\/","name":"Chocolate7","description":"The fine &amp; luxury chocolate selection","publisher":{"@id":"https:\/\/www.chocolate7.com\/#organization"},"potentialAction":[{"@type":"SearchAction","target":{"@type":"EntryPoint","urlTemplate":"https:\/\/www.chocolate7.com\/?s={search_term_string}"},"query-input":"required name=search_term_string"}],"inLanguage":"en-US"},{"@type":"Organization","@id":"https:\/\/www.chocolate7.com\/#organization","name":"Choc7 di Benedetto Giovanni","url":"https:\/\/www.chocolate7.com\/","logo":{"@type":"ImageObject","inLanguage":"en-US","@id":"https:\/\/www.chocolate7.com\/#\/schema\/logo\/image\/","url":"https:\/\/www.chocolate7.com\/wp-content\/uploads\/2018\/10\/logo_chocolate.png","contentUrl":"https:\/\/www.chocolate7.com\/wp-content\/uploads\/2018\/10\/logo_chocolate.png","width":200,"height":41,"caption":"Choc7 di Benedetto Giovanni"},"image":{"@id":"https:\/\/www.chocolate7.com\/#\/schema\/logo\/image\/"},"sameAs":["https:\/\/www.facebook.com\/cremino.gianduia.1","https:\/\/x.com\/GianduiaCremino","https:\/\/www.instagram.com\/creminogianduia\/","https:\/\/www.pinterest.com.au\/creminogianduia\/","https:\/\/www.youtube.com\/channel\/UCWFQlcc9EQnAsLkD8rBsgig"]}]}},"brands":[{"id":3453,"name":"Svenska Kakaobolaget","slug":"svenska-kakaobolaget-en"}],"_links":{"self":[{"href":"https:\/\/www.chocolate7.com\/en\/wp-json\/wp\/v2\/product\/24887","targetHints":{"allow":["GET"]}}],"collection":[{"href":"https:\/\/www.chocolate7.com\/en\/wp-json\/wp\/v2\/product"}],"about":[{"href":"https:\/\/www.chocolate7.com\/en\/wp-json\/wp\/v2\/types\/product"}],"wp:featuredmedia":[{"embeddable":true,"href":"https:\/\/www.chocolate7.com\/en\/wp-json\/wp\/v2\/media\/24889"}],"wp:attachment":[{"href":"https:\/\/www.chocolate7.com\/en\/wp-json\/wp\/v2\/media?parent=24887"}],"wp:term":[{"taxonomy":"pwb-brand","embeddable":true,"href":"https:\/\/www.chocolate7.com\/en\/wp-json\/wp\/v2\/pwb-brand?post=24887"},{"taxonomy":"product_brand","embeddable":true,"href":"https:\/\/www.chocolate7.com\/en\/wp-json\/wp\/v2\/product_brand?post=24887"},{"taxonomy":"product_cat","embeddable":true,"href":"https:\/\/www.chocolate7.com\/en\/wp-json\/wp\/v2\/product_cat?post=24887"},{"taxonomy":"product_tag","embeddable":true,"href":"https:\/\/www.chocolate7.com\/en\/wp-json\/wp\/v2\/product_tag?post=24887"},{"taxonomy":"giftcard-category","embeddable":true,"href":"https:\/\/www.chocolate7.com\/en\/wp-json\/wp\/v2\/giftcard-category?post=24887"}],"curies":[{"name":"wp","href":"https:\/\/api.w.org\/{rel}","templated":true}]}}