{"id":25426,"date":"2022-02-10T16:12:15","date_gmt":"2022-02-10T15:12:15","guid":{"rendered":"https:\/\/www.chocolate7.com\/?post_type=product&#038;p=25426"},"modified":"2022-02-10T19:04:04","modified_gmt":"2022-02-10T18:04:04","slug":"hasnaa-love-to-share","status":"publish","type":"product","link":"https:\/\/www.chocolate7.com\/en\/shop\/pralines-chocolates-bonbons-cremini-truffles\/hasnaa-love-to-share\/","title":{"rendered":"Hasna\u00e2 &#8220;Love to share&#8221;"},"content":{"rendered":"<p style=\"text-align: left\">Dark, milk pralines \/ inclusions \/ filling \/ flavored &#8211; Made by Hasna\u00e2<\/p>\n<p>\u201cL&#8217;Amour \u00e0 partager\u201d est une double bouch\u00e9e, \u00e0 la limite de l&#8217;entremet, qui propose deux moiti\u00e9s de c\u0153ur \u00e0 savourer avec l&#8217;heureux(se) \u00e9lu(e).\u00a0<strong>D&#8217;un c\u00f4t\u00e9, un confit de framboises recouvrant un d\u00e9licat pralin\u00e9 noisette, le tout enrob\u00e9 d&#8217;un chocolat grand cru de Grenade 68%, et de l&#8217;autre, un confit de fruits de la passion pos\u00e9 sur un pralin\u00e9 amande coco, tout deux enrob\u00e9s d&#8217;un chocolat grand cru de Grenade 68%.<\/strong><br \/>\nUne tr\u00e8s belle fa\u00e7on de partager un instant de douceur et de gourmandise \u00e0 deux.<\/p>\n<p>Attention, cette cr\u00e9ation est disponible en\u00a0<strong>\u00e9dition limit\u00e9e \u00e0 100 exemplaires<\/strong>.<\/p>\n","protected":false},"excerpt":{"rendered":"<p>Hasna\u00e2 is a bean to bar chocolate maker from France. &#8220;Love to share&#8221; is an emotion enclosed in two halves of a heart to be savored with your loved one. On the one hand, a raspberry confit that covers a delicate hazelnut praline, all covered with Grand Cru Grenada 68% chocolate, and on the other hand, a passion fruit confit placed on an almond coconut praline, both covered Grand Cru Grenada 68% chocolate.<br \/>\nA very nice way to share a moment of sweetness and passion for two.<\/p>\n<p>Attention, this creation is available in a limited edition of 100 copies<\/p>\n","protected":false},"featured_media":25428,"template":"","meta":[],"pwb-brand":[7239],"product_brand":[],"product_cat":[3240,6322],"product_tag":[],"giftcard-category":[],"class_list":{"0":"post-25426","1":"product","2":"type-product","3":"status-publish","4":"has-post-thumbnail","6":"pwb-brand-hasnaa","7":"product_cat-pralines-chocolates-bonbons-cremini-truffles","8":"product_cat-valentines-day","9":"pa_allergeni-cream-nuts-butter-milk-powder-alcohol-feuilletine","10":"pa_ingredienti-cardamom-licorice-thyme-lavender-green-anise-coriander-ginger-pepper-maldon-salt-fleur-de-sel-de-guerande-timut-pepper-earl-gray-tea-coffee-vanilla-bean-verbena","11":"pa_ingredienti-butter-powdered-milk-bean-chips-fruit-purees-spices-and-herbs","12":"pa_ingredienti-cocoa-sugars-sucrose-glucose-dextrose-sorbitol-honey-cream","13":"pa_ingredienti-nuts-almonds-hazelnuts-pistachios-black-and-white-sesame-walnuts-peanuts","14":"pa_paese-produttore-france","15":"pa_tipo-di-cioccolato-pralines-chocolates-bonbons-cremini-truffles","17":"first","18":"outofstock","19":"featured","20":"taxable","21":"shipping-taxable","22":"purchasable","23":"product-type-simple"},"yoast_head":"<!-- This site is optimized with the Yoast SEO plugin v23.3 - https:\/\/yoast.com\/wordpress\/plugins\/seo\/ -->\n<title>Hasna\u00e2 &quot;Love to share&quot; - Chocolate7<\/title>\n<meta name=\"robots\" content=\"index, follow, max-snippet:-1, max-image-preview:large, max-video-preview:-1\" \/>\n<link rel=\"canonical\" href=\"https:\/\/www.chocolate7.com\/en\/shop\/pralines-chocolates-bonbons-cremini-truffles\/hasnaa-love-to-share\/\" \/>\n<meta property=\"og:locale\" content=\"en_US\" \/>\n<meta property=\"og:type\" content=\"article\" \/>\n<meta property=\"og:title\" content=\"Hasna\u00e2 &quot;Love to share&quot; - Chocolate7\" \/>\n<meta property=\"og:description\" content=\"Hasna\u00e2 is a bean to bar chocolate maker from France. &quot;Love to share&quot; is an emotion enclosed in two halves of a heart to be savored with your loved one. On the one hand, a raspberry confit that covers a delicate hazelnut praline, all covered with Grand Cru Grenada 68% chocolate, and on the other hand, a passion fruit confit placed on an almond coconut praline, both covered Grand Cru Grenada 68% chocolate. A very nice way to share a moment of sweetness and passion for two.  Attention, this creation is available in a limited edition of 100 copies\" \/>\n<meta property=\"og:url\" content=\"https:\/\/www.chocolate7.com\/en\/shop\/pralines-chocolates-bonbons-cremini-truffles\/hasnaa-love-to-share\/\" \/>\n<meta property=\"og:site_name\" content=\"Chocolate7\" \/>\n<meta property=\"article:publisher\" content=\"https:\/\/www.facebook.com\/cremino.gianduia.1\" \/>\n<meta property=\"article:modified_time\" content=\"2022-02-10T18:04:04+00:00\" \/>\n<meta property=\"og:image\" content=\"https:\/\/www.chocolate7.com\/wp-content\/uploads\/2022\/02\/IMG_20220210_150445_712-e1644508220331.jpg\" \/>\n\t<meta property=\"og:image:width\" content=\"600\" \/>\n\t<meta property=\"og:image:height\" content=\"600\" \/>\n\t<meta property=\"og:image:type\" content=\"image\/jpeg\" \/>\n<meta name=\"twitter:card\" content=\"summary_large_image\" \/>\n<meta name=\"twitter:site\" content=\"@GianduiaCremino\" \/>\n<meta name=\"twitter:label1\" content=\"Est. reading time\" \/>\n\t<meta name=\"twitter:data1\" content=\"1 minute\" \/>\n<script type=\"application\/ld+json\" class=\"yoast-schema-graph\">{\"@context\":\"https:\/\/schema.org\",\"@graph\":[{\"@type\":\"WebPage\",\"@id\":\"https:\/\/www.chocolate7.com\/en\/shop\/pralines-chocolates-bonbons-cremini-truffles\/hasnaa-love-to-share\/\",\"url\":\"https:\/\/www.chocolate7.com\/en\/shop\/pralines-chocolates-bonbons-cremini-truffles\/hasnaa-love-to-share\/\",\"name\":\"Hasna\u00e2 \\\"Love to share\\\" - Chocolate7\",\"isPartOf\":{\"@id\":\"https:\/\/www.chocolate7.com\/#website\"},\"primaryImageOfPage\":{\"@id\":\"https:\/\/www.chocolate7.com\/en\/shop\/pralines-chocolates-bonbons-cremini-truffles\/hasnaa-love-to-share\/#primaryimage\"},\"image\":{\"@id\":\"https:\/\/www.chocolate7.com\/en\/shop\/pralines-chocolates-bonbons-cremini-truffles\/hasnaa-love-to-share\/#primaryimage\"},\"thumbnailUrl\":\"https:\/\/www.chocolate7.com\/wp-content\/uploads\/2022\/02\/IMG_20220210_150445_712-e1644508220331.jpg\",\"datePublished\":\"2022-02-10T15:12:15+00:00\",\"dateModified\":\"2022-02-10T18:04:04+00:00\",\"breadcrumb\":{\"@id\":\"https:\/\/www.chocolate7.com\/en\/shop\/pralines-chocolates-bonbons-cremini-truffles\/hasnaa-love-to-share\/#breadcrumb\"},\"inLanguage\":\"en-US\",\"potentialAction\":[{\"@type\":\"ReadAction\",\"target\":[\"https:\/\/www.chocolate7.com\/en\/shop\/pralines-chocolates-bonbons-cremini-truffles\/hasnaa-love-to-share\/\"]}]},{\"@type\":\"ImageObject\",\"inLanguage\":\"en-US\",\"@id\":\"https:\/\/www.chocolate7.com\/en\/shop\/pralines-chocolates-bonbons-cremini-truffles\/hasnaa-love-to-share\/#primaryimage\",\"url\":\"https:\/\/www.chocolate7.com\/wp-content\/uploads\/2022\/02\/IMG_20220210_150445_712-e1644508220331.jpg\",\"contentUrl\":\"https:\/\/www.chocolate7.com\/wp-content\/uploads\/2022\/02\/IMG_20220210_150445_712-e1644508220331.jpg\",\"width\":600,\"height\":600},{\"@type\":\"BreadcrumbList\",\"@id\":\"https:\/\/www.chocolate7.com\/en\/shop\/pralines-chocolates-bonbons-cremini-truffles\/hasnaa-love-to-share\/#breadcrumb\",\"itemListElement\":[{\"@type\":\"ListItem\",\"position\":1,\"name\":\"Home\",\"item\":\"https:\/\/www.chocolate7.com\/en\/\"},{\"@type\":\"ListItem\",\"position\":2,\"name\":\"Shop\",\"item\":\"https:\/\/www.chocolate7.com\/en\/store\/\"},{\"@type\":\"ListItem\",\"position\":3,\"name\":\"Hasna\u00e2 &#8220;Love to share&#8221;\"}]},{\"@type\":\"WebSite\",\"@id\":\"https:\/\/www.chocolate7.com\/#website\",\"url\":\"https:\/\/www.chocolate7.com\/\",\"name\":\"Chocolate7\",\"description\":\"The fine &amp; luxury chocolate selection\",\"publisher\":{\"@id\":\"https:\/\/www.chocolate7.com\/#organization\"},\"potentialAction\":[{\"@type\":\"SearchAction\",\"target\":{\"@type\":\"EntryPoint\",\"urlTemplate\":\"https:\/\/www.chocolate7.com\/?s={search_term_string}\"},\"query-input\":\"required name=search_term_string\"}],\"inLanguage\":\"en-US\"},{\"@type\":\"Organization\",\"@id\":\"https:\/\/www.chocolate7.com\/#organization\",\"name\":\"Choc7 di Benedetto Giovanni\",\"url\":\"https:\/\/www.chocolate7.com\/\",\"logo\":{\"@type\":\"ImageObject\",\"inLanguage\":\"en-US\",\"@id\":\"https:\/\/www.chocolate7.com\/#\/schema\/logo\/image\/\",\"url\":\"https:\/\/www.chocolate7.com\/wp-content\/uploads\/2018\/10\/logo_chocolate.png\",\"contentUrl\":\"https:\/\/www.chocolate7.com\/wp-content\/uploads\/2018\/10\/logo_chocolate.png\",\"width\":200,\"height\":41,\"caption\":\"Choc7 di Benedetto Giovanni\"},\"image\":{\"@id\":\"https:\/\/www.chocolate7.com\/#\/schema\/logo\/image\/\"},\"sameAs\":[\"https:\/\/www.facebook.com\/cremino.gianduia.1\",\"https:\/\/x.com\/GianduiaCremino\",\"https:\/\/www.instagram.com\/creminogianduia\/\",\"https:\/\/www.pinterest.com.au\/creminogianduia\/\",\"https:\/\/www.youtube.com\/channel\/UCWFQlcc9EQnAsLkD8rBsgig\"]}]}<\/script>\n<!-- \/ Yoast SEO plugin. -->","yoast_head_json":{"title":"Hasna\u00e2 \"Love to share\" - Chocolate7","robots":{"index":"index","follow":"follow","max-snippet":"max-snippet:-1","max-image-preview":"max-image-preview:large","max-video-preview":"max-video-preview:-1"},"canonical":"https:\/\/www.chocolate7.com\/en\/shop\/pralines-chocolates-bonbons-cremini-truffles\/hasnaa-love-to-share\/","og_locale":"en_US","og_type":"article","og_title":"Hasna\u00e2 \"Love to share\" - Chocolate7","og_description":"Hasna\u00e2 is a bean to bar chocolate maker from France. \"Love to share\" is an emotion enclosed in two halves of a heart to be savored with your loved one. On the one hand, a raspberry confit that covers a delicate hazelnut praline, all covered with Grand Cru Grenada 68% chocolate, and on the other hand, a passion fruit confit placed on an almond coconut praline, both covered Grand Cru Grenada 68% chocolate. A very nice way to share a moment of sweetness and passion for two.  Attention, this creation is available in a limited edition of 100 copies","og_url":"https:\/\/www.chocolate7.com\/en\/shop\/pralines-chocolates-bonbons-cremini-truffles\/hasnaa-love-to-share\/","og_site_name":"Chocolate7","article_publisher":"https:\/\/www.facebook.com\/cremino.gianduia.1","article_modified_time":"2022-02-10T18:04:04+00:00","og_image":[{"width":600,"height":600,"url":"https:\/\/www.chocolate7.com\/wp-content\/uploads\/2022\/02\/IMG_20220210_150445_712-e1644508220331.jpg","type":"image\/jpeg"}],"twitter_card":"summary_large_image","twitter_site":"@GianduiaCremino","twitter_misc":{"Est. reading time":"1 minute"},"schema":{"@context":"https:\/\/schema.org","@graph":[{"@type":"WebPage","@id":"https:\/\/www.chocolate7.com\/en\/shop\/pralines-chocolates-bonbons-cremini-truffles\/hasnaa-love-to-share\/","url":"https:\/\/www.chocolate7.com\/en\/shop\/pralines-chocolates-bonbons-cremini-truffles\/hasnaa-love-to-share\/","name":"Hasna\u00e2 \"Love to share\" - Chocolate7","isPartOf":{"@id":"https:\/\/www.chocolate7.com\/#website"},"primaryImageOfPage":{"@id":"https:\/\/www.chocolate7.com\/en\/shop\/pralines-chocolates-bonbons-cremini-truffles\/hasnaa-love-to-share\/#primaryimage"},"image":{"@id":"https:\/\/www.chocolate7.com\/en\/shop\/pralines-chocolates-bonbons-cremini-truffles\/hasnaa-love-to-share\/#primaryimage"},"thumbnailUrl":"https:\/\/www.chocolate7.com\/wp-content\/uploads\/2022\/02\/IMG_20220210_150445_712-e1644508220331.jpg","datePublished":"2022-02-10T15:12:15+00:00","dateModified":"2022-02-10T18:04:04+00:00","breadcrumb":{"@id":"https:\/\/www.chocolate7.com\/en\/shop\/pralines-chocolates-bonbons-cremini-truffles\/hasnaa-love-to-share\/#breadcrumb"},"inLanguage":"en-US","potentialAction":[{"@type":"ReadAction","target":["https:\/\/www.chocolate7.com\/en\/shop\/pralines-chocolates-bonbons-cremini-truffles\/hasnaa-love-to-share\/"]}]},{"@type":"ImageObject","inLanguage":"en-US","@id":"https:\/\/www.chocolate7.com\/en\/shop\/pralines-chocolates-bonbons-cremini-truffles\/hasnaa-love-to-share\/#primaryimage","url":"https:\/\/www.chocolate7.com\/wp-content\/uploads\/2022\/02\/IMG_20220210_150445_712-e1644508220331.jpg","contentUrl":"https:\/\/www.chocolate7.com\/wp-content\/uploads\/2022\/02\/IMG_20220210_150445_712-e1644508220331.jpg","width":600,"height":600},{"@type":"BreadcrumbList","@id":"https:\/\/www.chocolate7.com\/en\/shop\/pralines-chocolates-bonbons-cremini-truffles\/hasnaa-love-to-share\/#breadcrumb","itemListElement":[{"@type":"ListItem","position":1,"name":"Home","item":"https:\/\/www.chocolate7.com\/en\/"},{"@type":"ListItem","position":2,"name":"Shop","item":"https:\/\/www.chocolate7.com\/en\/store\/"},{"@type":"ListItem","position":3,"name":"Hasna\u00e2 &#8220;Love to share&#8221;"}]},{"@type":"WebSite","@id":"https:\/\/www.chocolate7.com\/#website","url":"https:\/\/www.chocolate7.com\/","name":"Chocolate7","description":"The fine &amp; luxury chocolate selection","publisher":{"@id":"https:\/\/www.chocolate7.com\/#organization"},"potentialAction":[{"@type":"SearchAction","target":{"@type":"EntryPoint","urlTemplate":"https:\/\/www.chocolate7.com\/?s={search_term_string}"},"query-input":"required name=search_term_string"}],"inLanguage":"en-US"},{"@type":"Organization","@id":"https:\/\/www.chocolate7.com\/#organization","name":"Choc7 di Benedetto Giovanni","url":"https:\/\/www.chocolate7.com\/","logo":{"@type":"ImageObject","inLanguage":"en-US","@id":"https:\/\/www.chocolate7.com\/#\/schema\/logo\/image\/","url":"https:\/\/www.chocolate7.com\/wp-content\/uploads\/2018\/10\/logo_chocolate.png","contentUrl":"https:\/\/www.chocolate7.com\/wp-content\/uploads\/2018\/10\/logo_chocolate.png","width":200,"height":41,"caption":"Choc7 di Benedetto Giovanni"},"image":{"@id":"https:\/\/www.chocolate7.com\/#\/schema\/logo\/image\/"},"sameAs":["https:\/\/www.facebook.com\/cremino.gianduia.1","https:\/\/x.com\/GianduiaCremino","https:\/\/www.instagram.com\/creminogianduia\/","https:\/\/www.pinterest.com.au\/creminogianduia\/","https:\/\/www.youtube.com\/channel\/UCWFQlcc9EQnAsLkD8rBsgig"]}]}},"brands":[{"id":7239,"name":"Hasna\u00e2","slug":"hasnaa"}],"_links":{"self":[{"href":"https:\/\/www.chocolate7.com\/en\/wp-json\/wp\/v2\/product\/25426","targetHints":{"allow":["GET"]}}],"collection":[{"href":"https:\/\/www.chocolate7.com\/en\/wp-json\/wp\/v2\/product"}],"about":[{"href":"https:\/\/www.chocolate7.com\/en\/wp-json\/wp\/v2\/types\/product"}],"wp:featuredmedia":[{"embeddable":true,"href":"https:\/\/www.chocolate7.com\/en\/wp-json\/wp\/v2\/media\/25428"}],"wp:attachment":[{"href":"https:\/\/www.chocolate7.com\/en\/wp-json\/wp\/v2\/media?parent=25426"}],"wp:term":[{"taxonomy":"pwb-brand","embeddable":true,"href":"https:\/\/www.chocolate7.com\/en\/wp-json\/wp\/v2\/pwb-brand?post=25426"},{"taxonomy":"product_brand","embeddable":true,"href":"https:\/\/www.chocolate7.com\/en\/wp-json\/wp\/v2\/product_brand?post=25426"},{"taxonomy":"product_cat","embeddable":true,"href":"https:\/\/www.chocolate7.com\/en\/wp-json\/wp\/v2\/product_cat?post=25426"},{"taxonomy":"product_tag","embeddable":true,"href":"https:\/\/www.chocolate7.com\/en\/wp-json\/wp\/v2\/product_tag?post=25426"},{"taxonomy":"giftcard-category","embeddable":true,"href":"https:\/\/www.chocolate7.com\/en\/wp-json\/wp\/v2\/giftcard-category?post=25426"}],"curies":[{"name":"wp","href":"https:\/\/api.w.org\/{rel}","templated":true}]}}