{"id":25442,"date":"2022-02-10T19:40:00","date_gmt":"2022-02-10T18:40:01","guid":{"rendered":"https:\/\/www.chocolate7.com\/?post_type=product&#038;p=25442"},"modified":"2022-02-10T19:51:34","modified_gmt":"2022-02-10T18:51:34","slug":"hasnaa-peru-chuncho-urusayhua","status":"publish","type":"product","link":"https:\/\/www.chocolate7.com\/en\/shop\/bar\/dark-chocolate-en-2\/hasnaa-peru-chuncho-urusayhua\/","title":{"rendered":"Hasna\u00e2 Peru Chuncho Urusayhua"},"content":{"rendered":"<p style=\"text-align: left\">Dark chocolate bar &#8211; Made by La f\u00e8verie by Hasnaa<\/p>\n<p>D\u00e9couvrez<strong>\u00a0les tablettes 100% transform\u00e9es de la f\u00e8ve \u00e0 la tablette directement \u00e0 Bordeaux<\/strong>.<\/p>\n<p>Ces f\u00e8ves ont \u00e9t\u00e9 soigneusement s\u00e9lectionn\u00e9es par nos soins, puis elles ont \u00e9t\u00e9 tri\u00e9es \u00e0 la main, torr\u00e9fi\u00e9es, concass\u00e9es et conch\u00e9es dans notre atelier situ\u00e9 rue Fondaud\u00e8ge \u00e0 Bordeaux dans la plus pure tradition du \u201cBean to Bar\u201d.<\/p>\n<p>Ces f\u00e8ves proviennent de la\u00a0Vall\u00e9e d\u2019Urubamba, connue comme la Vall\u00e9e Sacr\u00e9e des Incas\u00a0au\u00a0P\u00e9rou.<\/p>\n<p>Hasna\u00e2 a adapt\u00e9 la torr\u00e9faction et le temps de conchage afin de permettre \u00e0 la\u00a0<strong>succession de notes fraiches et gourmandes de fruits rouges (cerise, fraise des bois&#8230;) sur un final l\u00e9g\u00e8rement Moka (caf\u00e9)\u00a0de s&#8217;exprimer au mieux dans cette tablette<\/strong>.<\/p>\n<p>Ces tablettes exceptionnelles ne contiennent que deux ingr\u00e9dients : Des f\u00e8ves de cacao et du sucre de canne Bio.<\/p>\n","protected":false},"excerpt":{"rendered":"<p>Hasna\u00e2 is a bean to bar chocolate maker from France. This fine chocolate bar is made with cocoa from Peru (Chuncho Urusayhua). Hasna\u00e2 Peru Chuncho Urusayhua 75% is a pleasantly sour dark chocolate, with aromatic notes of cherry, wild strawberry, mocha coffee<\/p>\n","protected":false},"featured_media":25444,"template":"","meta":[],"pwb-brand":[7239],"product_brand":[],"product_cat":[3251,3255],"product_tag":[],"giftcard-category":[],"class_list":{"0":"post-25442","1":"product","2":"type-product","3":"status-publish","4":"has-post-thumbnail","6":"pwb-brand-hasnaa","7":"product_cat-bar","8":"product_cat-dark-chocolate-en-2","9":"pa_acidita-2-en","10":"pa_amarezza-2-en","11":"pa_astringenza-1-en","12":"pa_cacao-70-79-en","13":"pa_carboidrati-43-g-en","14":"pa_carboidrati-zuccheri-25-g-en","15":"pa_codice-a-barre-3760312260000-en","16":"pa_dolcezza-2-en","17":"pa_fibre-1275-en","18":"pa_grassi-4125-g-en","19":"pa_grassi-saturi-255-g-en","20":"pa_ingredienti-organic-cocoa-beans-and-organic-cane-sugar-en","21":"pa_note-di-degustazione-cherry-wild-strawberry-mocha-coffee","22":"pa_paese-delle-fave-di-cacao-peru-en","23":"pa_paese-produttore-france","24":"pa_percentuale-di-cacao-75-en","25":"pa_proteine-9-g-en","26":"pa_regione-chuncho-urusayhua-en","27":"pa_sale-0-g-en","28":"pa_tipo-di-cioccolato-fondente-en","29":"pa_valore-energetico-2410-kj-576-kcal-en","31":"first","32":"outofstock","33":"taxable","34":"shipping-taxable","35":"purchasable","36":"product-type-simple"},"yoast_head":"<!-- This site is optimized with the Yoast SEO plugin v23.3 - https:\/\/yoast.com\/wordpress\/plugins\/seo\/ -->\n<title>Hasna\u00e2 Peru Chuncho Urusayhua - Chocolate7<\/title>\n<meta name=\"robots\" content=\"index, follow, max-snippet:-1, max-image-preview:large, max-video-preview:-1\" \/>\n<link rel=\"canonical\" href=\"https:\/\/www.chocolate7.com\/en\/shop\/bar\/dark-chocolate-en-2\/hasnaa-peru-chuncho-urusayhua\/\" \/>\n<meta property=\"og:locale\" content=\"en_US\" \/>\n<meta property=\"og:type\" content=\"article\" \/>\n<meta property=\"og:title\" content=\"Hasna\u00e2 Peru Chuncho Urusayhua - Chocolate7\" \/>\n<meta property=\"og:description\" content=\"Hasna\u00e2 is a bean to bar chocolate maker from France. This fine chocolate bar is made with cocoa from Peru (Chuncho Urusayhua). Hasna\u00e2 Peru Chuncho Urusayhua 75% is a pleasantly sour dark chocolate, with aromatic notes of cherry, wild strawberry, mocha coffee\" \/>\n<meta property=\"og:url\" content=\"https:\/\/www.chocolate7.com\/en\/shop\/bar\/dark-chocolate-en-2\/hasnaa-peru-chuncho-urusayhua\/\" \/>\n<meta property=\"og:site_name\" content=\"Chocolate7\" \/>\n<meta property=\"article:publisher\" content=\"https:\/\/www.facebook.com\/cremino.gianduia.1\" \/>\n<meta property=\"article:modified_time\" content=\"2022-02-10T18:51:34+00:00\" \/>\n<meta property=\"og:image\" content=\"https:\/\/www.chocolate7.com\/wp-content\/uploads\/2022\/02\/IMG_20220210_193154_525-e1644519288261.jpg\" \/>\n\t<meta property=\"og:image:width\" content=\"600\" \/>\n\t<meta property=\"og:image:height\" content=\"600\" \/>\n\t<meta property=\"og:image:type\" content=\"image\/jpeg\" \/>\n<meta name=\"twitter:card\" content=\"summary_large_image\" \/>\n<meta name=\"twitter:site\" content=\"@GianduiaCremino\" \/>\n<meta name=\"twitter:label1\" content=\"Est. reading time\" \/>\n\t<meta name=\"twitter:data1\" content=\"1 minute\" \/>\n<script type=\"application\/ld+json\" class=\"yoast-schema-graph\">{\"@context\":\"https:\/\/schema.org\",\"@graph\":[{\"@type\":\"WebPage\",\"@id\":\"https:\/\/www.chocolate7.com\/en\/shop\/bar\/dark-chocolate-en-2\/hasnaa-peru-chuncho-urusayhua\/\",\"url\":\"https:\/\/www.chocolate7.com\/en\/shop\/bar\/dark-chocolate-en-2\/hasnaa-peru-chuncho-urusayhua\/\",\"name\":\"Hasna\u00e2 Peru Chuncho Urusayhua - Chocolate7\",\"isPartOf\":{\"@id\":\"https:\/\/www.chocolate7.com\/#website\"},\"primaryImageOfPage\":{\"@id\":\"https:\/\/www.chocolate7.com\/en\/shop\/bar\/dark-chocolate-en-2\/hasnaa-peru-chuncho-urusayhua\/#primaryimage\"},\"image\":{\"@id\":\"https:\/\/www.chocolate7.com\/en\/shop\/bar\/dark-chocolate-en-2\/hasnaa-peru-chuncho-urusayhua\/#primaryimage\"},\"thumbnailUrl\":\"https:\/\/www.chocolate7.com\/wp-content\/uploads\/2022\/02\/IMG_20220210_193154_525-e1644519288261.jpg\",\"datePublished\":\"2022-02-10T18:40:01+00:00\",\"dateModified\":\"2022-02-10T18:51:34+00:00\",\"breadcrumb\":{\"@id\":\"https:\/\/www.chocolate7.com\/en\/shop\/bar\/dark-chocolate-en-2\/hasnaa-peru-chuncho-urusayhua\/#breadcrumb\"},\"inLanguage\":\"en-US\",\"potentialAction\":[{\"@type\":\"ReadAction\",\"target\":[\"https:\/\/www.chocolate7.com\/en\/shop\/bar\/dark-chocolate-en-2\/hasnaa-peru-chuncho-urusayhua\/\"]}]},{\"@type\":\"ImageObject\",\"inLanguage\":\"en-US\",\"@id\":\"https:\/\/www.chocolate7.com\/en\/shop\/bar\/dark-chocolate-en-2\/hasnaa-peru-chuncho-urusayhua\/#primaryimage\",\"url\":\"https:\/\/www.chocolate7.com\/wp-content\/uploads\/2022\/02\/IMG_20220210_193154_525-e1644519288261.jpg\",\"contentUrl\":\"https:\/\/www.chocolate7.com\/wp-content\/uploads\/2022\/02\/IMG_20220210_193154_525-e1644519288261.jpg\",\"width\":600,\"height\":600},{\"@type\":\"BreadcrumbList\",\"@id\":\"https:\/\/www.chocolate7.com\/en\/shop\/bar\/dark-chocolate-en-2\/hasnaa-peru-chuncho-urusayhua\/#breadcrumb\",\"itemListElement\":[{\"@type\":\"ListItem\",\"position\":1,\"name\":\"Home\",\"item\":\"https:\/\/www.chocolate7.com\/en\/\"},{\"@type\":\"ListItem\",\"position\":2,\"name\":\"Shop\",\"item\":\"https:\/\/www.chocolate7.com\/en\/store\/\"},{\"@type\":\"ListItem\",\"position\":3,\"name\":\"Hasna\u00e2 Peru Chuncho Urusayhua\"}]},{\"@type\":\"WebSite\",\"@id\":\"https:\/\/www.chocolate7.com\/#website\",\"url\":\"https:\/\/www.chocolate7.com\/\",\"name\":\"Chocolate7\",\"description\":\"The fine &amp; luxury chocolate selection\",\"publisher\":{\"@id\":\"https:\/\/www.chocolate7.com\/#organization\"},\"potentialAction\":[{\"@type\":\"SearchAction\",\"target\":{\"@type\":\"EntryPoint\",\"urlTemplate\":\"https:\/\/www.chocolate7.com\/?s={search_term_string}\"},\"query-input\":\"required name=search_term_string\"}],\"inLanguage\":\"en-US\"},{\"@type\":\"Organization\",\"@id\":\"https:\/\/www.chocolate7.com\/#organization\",\"name\":\"Choc7 di Benedetto Giovanni\",\"url\":\"https:\/\/www.chocolate7.com\/\",\"logo\":{\"@type\":\"ImageObject\",\"inLanguage\":\"en-US\",\"@id\":\"https:\/\/www.chocolate7.com\/#\/schema\/logo\/image\/\",\"url\":\"https:\/\/www.chocolate7.com\/wp-content\/uploads\/2018\/10\/logo_chocolate.png\",\"contentUrl\":\"https:\/\/www.chocolate7.com\/wp-content\/uploads\/2018\/10\/logo_chocolate.png\",\"width\":200,\"height\":41,\"caption\":\"Choc7 di Benedetto Giovanni\"},\"image\":{\"@id\":\"https:\/\/www.chocolate7.com\/#\/schema\/logo\/image\/\"},\"sameAs\":[\"https:\/\/www.facebook.com\/cremino.gianduia.1\",\"https:\/\/x.com\/GianduiaCremino\",\"https:\/\/www.instagram.com\/creminogianduia\/\",\"https:\/\/www.pinterest.com.au\/creminogianduia\/\",\"https:\/\/www.youtube.com\/channel\/UCWFQlcc9EQnAsLkD8rBsgig\"]}]}<\/script>\n<!-- \/ Yoast SEO plugin. -->","yoast_head_json":{"title":"Hasna\u00e2 Peru Chuncho Urusayhua - Chocolate7","robots":{"index":"index","follow":"follow","max-snippet":"max-snippet:-1","max-image-preview":"max-image-preview:large","max-video-preview":"max-video-preview:-1"},"canonical":"https:\/\/www.chocolate7.com\/en\/shop\/bar\/dark-chocolate-en-2\/hasnaa-peru-chuncho-urusayhua\/","og_locale":"en_US","og_type":"article","og_title":"Hasna\u00e2 Peru Chuncho Urusayhua - Chocolate7","og_description":"Hasna\u00e2 is a bean to bar chocolate maker from France. This fine chocolate bar is made with cocoa from Peru (Chuncho Urusayhua). Hasna\u00e2 Peru Chuncho Urusayhua 75% is a pleasantly sour dark chocolate, with aromatic notes of cherry, wild strawberry, mocha coffee","og_url":"https:\/\/www.chocolate7.com\/en\/shop\/bar\/dark-chocolate-en-2\/hasnaa-peru-chuncho-urusayhua\/","og_site_name":"Chocolate7","article_publisher":"https:\/\/www.facebook.com\/cremino.gianduia.1","article_modified_time":"2022-02-10T18:51:34+00:00","og_image":[{"width":600,"height":600,"url":"https:\/\/www.chocolate7.com\/wp-content\/uploads\/2022\/02\/IMG_20220210_193154_525-e1644519288261.jpg","type":"image\/jpeg"}],"twitter_card":"summary_large_image","twitter_site":"@GianduiaCremino","twitter_misc":{"Est. reading time":"1 minute"},"schema":{"@context":"https:\/\/schema.org","@graph":[{"@type":"WebPage","@id":"https:\/\/www.chocolate7.com\/en\/shop\/bar\/dark-chocolate-en-2\/hasnaa-peru-chuncho-urusayhua\/","url":"https:\/\/www.chocolate7.com\/en\/shop\/bar\/dark-chocolate-en-2\/hasnaa-peru-chuncho-urusayhua\/","name":"Hasna\u00e2 Peru Chuncho Urusayhua - Chocolate7","isPartOf":{"@id":"https:\/\/www.chocolate7.com\/#website"},"primaryImageOfPage":{"@id":"https:\/\/www.chocolate7.com\/en\/shop\/bar\/dark-chocolate-en-2\/hasnaa-peru-chuncho-urusayhua\/#primaryimage"},"image":{"@id":"https:\/\/www.chocolate7.com\/en\/shop\/bar\/dark-chocolate-en-2\/hasnaa-peru-chuncho-urusayhua\/#primaryimage"},"thumbnailUrl":"https:\/\/www.chocolate7.com\/wp-content\/uploads\/2022\/02\/IMG_20220210_193154_525-e1644519288261.jpg","datePublished":"2022-02-10T18:40:01+00:00","dateModified":"2022-02-10T18:51:34+00:00","breadcrumb":{"@id":"https:\/\/www.chocolate7.com\/en\/shop\/bar\/dark-chocolate-en-2\/hasnaa-peru-chuncho-urusayhua\/#breadcrumb"},"inLanguage":"en-US","potentialAction":[{"@type":"ReadAction","target":["https:\/\/www.chocolate7.com\/en\/shop\/bar\/dark-chocolate-en-2\/hasnaa-peru-chuncho-urusayhua\/"]}]},{"@type":"ImageObject","inLanguage":"en-US","@id":"https:\/\/www.chocolate7.com\/en\/shop\/bar\/dark-chocolate-en-2\/hasnaa-peru-chuncho-urusayhua\/#primaryimage","url":"https:\/\/www.chocolate7.com\/wp-content\/uploads\/2022\/02\/IMG_20220210_193154_525-e1644519288261.jpg","contentUrl":"https:\/\/www.chocolate7.com\/wp-content\/uploads\/2022\/02\/IMG_20220210_193154_525-e1644519288261.jpg","width":600,"height":600},{"@type":"BreadcrumbList","@id":"https:\/\/www.chocolate7.com\/en\/shop\/bar\/dark-chocolate-en-2\/hasnaa-peru-chuncho-urusayhua\/#breadcrumb","itemListElement":[{"@type":"ListItem","position":1,"name":"Home","item":"https:\/\/www.chocolate7.com\/en\/"},{"@type":"ListItem","position":2,"name":"Shop","item":"https:\/\/www.chocolate7.com\/en\/store\/"},{"@type":"ListItem","position":3,"name":"Hasna\u00e2 Peru Chuncho Urusayhua"}]},{"@type":"WebSite","@id":"https:\/\/www.chocolate7.com\/#website","url":"https:\/\/www.chocolate7.com\/","name":"Chocolate7","description":"The fine &amp; luxury chocolate selection","publisher":{"@id":"https:\/\/www.chocolate7.com\/#organization"},"potentialAction":[{"@type":"SearchAction","target":{"@type":"EntryPoint","urlTemplate":"https:\/\/www.chocolate7.com\/?s={search_term_string}"},"query-input":"required name=search_term_string"}],"inLanguage":"en-US"},{"@type":"Organization","@id":"https:\/\/www.chocolate7.com\/#organization","name":"Choc7 di Benedetto Giovanni","url":"https:\/\/www.chocolate7.com\/","logo":{"@type":"ImageObject","inLanguage":"en-US","@id":"https:\/\/www.chocolate7.com\/#\/schema\/logo\/image\/","url":"https:\/\/www.chocolate7.com\/wp-content\/uploads\/2018\/10\/logo_chocolate.png","contentUrl":"https:\/\/www.chocolate7.com\/wp-content\/uploads\/2018\/10\/logo_chocolate.png","width":200,"height":41,"caption":"Choc7 di Benedetto Giovanni"},"image":{"@id":"https:\/\/www.chocolate7.com\/#\/schema\/logo\/image\/"},"sameAs":["https:\/\/www.facebook.com\/cremino.gianduia.1","https:\/\/x.com\/GianduiaCremino","https:\/\/www.instagram.com\/creminogianduia\/","https:\/\/www.pinterest.com.au\/creminogianduia\/","https:\/\/www.youtube.com\/channel\/UCWFQlcc9EQnAsLkD8rBsgig"]}]}},"brands":[{"id":7239,"name":"Hasna\u00e2","slug":"hasnaa"}],"_links":{"self":[{"href":"https:\/\/www.chocolate7.com\/en\/wp-json\/wp\/v2\/product\/25442","targetHints":{"allow":["GET"]}}],"collection":[{"href":"https:\/\/www.chocolate7.com\/en\/wp-json\/wp\/v2\/product"}],"about":[{"href":"https:\/\/www.chocolate7.com\/en\/wp-json\/wp\/v2\/types\/product"}],"wp:featuredmedia":[{"embeddable":true,"href":"https:\/\/www.chocolate7.com\/en\/wp-json\/wp\/v2\/media\/25444"}],"wp:attachment":[{"href":"https:\/\/www.chocolate7.com\/en\/wp-json\/wp\/v2\/media?parent=25442"}],"wp:term":[{"taxonomy":"pwb-brand","embeddable":true,"href":"https:\/\/www.chocolate7.com\/en\/wp-json\/wp\/v2\/pwb-brand?post=25442"},{"taxonomy":"product_brand","embeddable":true,"href":"https:\/\/www.chocolate7.com\/en\/wp-json\/wp\/v2\/product_brand?post=25442"},{"taxonomy":"product_cat","embeddable":true,"href":"https:\/\/www.chocolate7.com\/en\/wp-json\/wp\/v2\/product_cat?post=25442"},{"taxonomy":"product_tag","embeddable":true,"href":"https:\/\/www.chocolate7.com\/en\/wp-json\/wp\/v2\/product_tag?post=25442"},{"taxonomy":"giftcard-category","embeddable":true,"href":"https:\/\/www.chocolate7.com\/en\/wp-json\/wp\/v2\/giftcard-category?post=25442"}],"curies":[{"name":"wp","href":"https:\/\/api.w.org\/{rel}","templated":true}]}}