{"id":26273,"date":"2022-03-14T16:14:16","date_gmt":"2022-03-14T15:14:17","guid":{"rendered":"https:\/\/www.chocolate7.com\/?post_type=product&#038;p=26273"},"modified":"2023-11-06T04:50:22","modified_gmt":"2023-11-06T03:50:22","slug":"bonnat-venezuela-chuao","status":"publish","type":"product","link":"https:\/\/www.chocolate7.com\/en\/shop\/bar\/dark-chocolate-en-2\/bonnat-venezuela-chuao\/","title":{"rendered":"Bonnat Venezuela Chuao"},"content":{"rendered":"<p style=\"text-align: left\">Dark chocolate Bar &#8211; Made by Bonnat<\/p>\n<h3 class=\"js_h3 mb0\">Chuao<\/h3>\n<p class=\"js_default-paragraph mb7\">Incontestable num\u00e9ro 1, puissant et chaud<\/p>\n<p class=\"js_default-paragraph mb7\">Depuis cinq mille ans, l\u2019\u00e2me de Chuao fa\u00e7onne ses paysages et le cacao cultiv\u00e9 ici par des g\u00e9n\u00e9rations de planteurs demeure la r\u00e9f\u00e9rence absolue des amateurs de chocolat haut de gamme. Grand cru des Grands Crus, il est favoris\u00e9 par un terroir et un climat uniques au V\u00e9n\u00e9zuela. Entre oc\u00e9an et montagne, les planteurs cultivent leur for\u00eat \u00abmagique\u00bb, avec simplicit\u00e9, fiert\u00e9 et comp\u00e9tence. Chuao est un fleuron des \u00abGrands Crus Historiques\u00bb cr\u00e9\u00e9s par Raymond Bonnat en 1983. Nous en restituons fid\u00e8lement les notes vigoureuses et pures.<\/p>\n","protected":false},"excerpt":{"rendered":"<p>Bonnat is a bean to bar chocolate maker from France. This fine chocolate bar is made with cocoa from Venezuela (Chuao). Bonnat Venezuela Chuao 75% is a balanced dark chocolate, with aromatic notes of cherry, red grape, chocolate biscuit, wood<\/p>\n<p>&nbsp;<\/p>\n<p>&nbsp;<\/p>\n","protected":false},"featured_media":31502,"template":"","meta":[],"pwb-brand":[7849],"product_brand":[],"product_cat":[3251,3255],"product_tag":[],"giftcard-category":[],"class_list":{"0":"post-26273","1":"product","2":"type-product","3":"status-publish","4":"has-post-thumbnail","6":"pwb-brand-bonnat-en","7":"product_cat-bar","8":"product_cat-dark-chocolate-en-2","9":"pa_acidita-2-en","10":"pa_amarezza-2-en","11":"pa_astringenza-1-en","12":"pa_cacao-70-79-en","13":"pa_carboidrati-426-g-en","14":"pa_carboidrati-zuccheri-259-g-en","15":"pa_codice-a-barre-3700152400068-en","16":"pa_dolcezza-3-en","17":"pa_grassi-46-g-en","18":"pa_grassi-saturi-2965-g-en","19":"pa_ingredienti-cocoa-cocoa-butter-sugar","20":"pa_note-di-degustazione-cherry-red-grape-chocolate-biscuit-wood","21":"pa_paese-delle-fave-di-cacao-venezuela-en","22":"pa_paese-produttore-france","23":"pa_percentuale-di-cacao-75-en","24":"pa_proteine-88-g-en","25":"pa_regione-chuao-en","26":"pa_sale-001-g-en","27":"pa_tipo-di-cioccolato-fondente-en","28":"pa_valore-energetico-603-kcal-2501-kj-en","30":"first","31":"outofstock","32":"taxable","33":"shipping-taxable","34":"purchasable","35":"product-type-simple"},"yoast_head":"<!-- This site is optimized with the Yoast SEO plugin v23.3 - https:\/\/yoast.com\/wordpress\/plugins\/seo\/ -->\n<title>Bonnat Venezuela Chuao - Chocolate7<\/title>\n<meta name=\"robots\" content=\"index, follow, max-snippet:-1, max-image-preview:large, max-video-preview:-1\" \/>\n<link rel=\"canonical\" href=\"https:\/\/www.chocolate7.com\/shop\/tavoletta\/fondente\/bonnat-venezuela-chuao\/\" \/>\n<meta property=\"og:locale\" content=\"en_US\" \/>\n<meta property=\"og:type\" content=\"article\" \/>\n<meta property=\"og:title\" content=\"Bonnat Venezuela Chuao - Chocolate7\" \/>\n<meta property=\"og:description\" content=\"Bonnat is a bean to bar chocolate maker from France. This fine chocolate bar is made with cocoa from Venezuela (Chuao). Bonnat Venezuela Chuao 75% is a balanced dark chocolate, with aromatic notes of cherry, red grape, chocolate biscuit, wood  &nbsp;  &nbsp;\" \/>\n<meta property=\"og:url\" content=\"https:\/\/www.chocolate7.com\/shop\/tavoletta\/fondente\/bonnat-venezuela-chuao\/\" \/>\n<meta property=\"og:site_name\" content=\"Chocolate7\" \/>\n<meta property=\"article:publisher\" content=\"https:\/\/www.facebook.com\/cremino.gianduia.1\" \/>\n<meta property=\"article:modified_time\" content=\"2023-11-06T03:50:22+00:00\" \/>\n<meta property=\"og:image\" content=\"https:\/\/www.chocolate7.com\/wp-content\/uploads\/2022\/03\/IMG_20221107_152611_793-scaled-e1667831353843.jpg\" \/>\n\t<meta property=\"og:image:width\" content=\"600\" \/>\n\t<meta property=\"og:image:height\" content=\"600\" \/>\n\t<meta property=\"og:image:type\" content=\"image\/jpeg\" \/>\n<meta name=\"twitter:card\" content=\"summary_large_image\" \/>\n<meta name=\"twitter:site\" content=\"@GianduiaCremino\" \/>\n<meta name=\"twitter:label1\" content=\"Est. reading time\" \/>\n\t<meta name=\"twitter:data1\" content=\"1 minute\" \/>\n<script type=\"application\/ld+json\" class=\"yoast-schema-graph\">{\"@context\":\"https:\/\/schema.org\",\"@graph\":[{\"@type\":\"WebPage\",\"@id\":\"https:\/\/www.chocolate7.com\/shop\/tavoletta\/fondente\/bonnat-venezuela-chuao\/\",\"url\":\"https:\/\/www.chocolate7.com\/shop\/tavoletta\/fondente\/bonnat-venezuela-chuao\/\",\"name\":\"Bonnat Venezuela Chuao - Chocolate7\",\"isPartOf\":{\"@id\":\"https:\/\/www.chocolate7.com\/#website\"},\"primaryImageOfPage\":{\"@id\":\"https:\/\/www.chocolate7.com\/shop\/tavoletta\/fondente\/bonnat-venezuela-chuao\/#primaryimage\"},\"image\":{\"@id\":\"https:\/\/www.chocolate7.com\/shop\/tavoletta\/fondente\/bonnat-venezuela-chuao\/#primaryimage\"},\"thumbnailUrl\":\"https:\/\/www.chocolate7.com\/wp-content\/uploads\/2022\/03\/IMG_20221107_152611_793-scaled-e1667831353843.jpg\",\"datePublished\":\"2022-03-14T15:14:17+00:00\",\"dateModified\":\"2023-11-06T03:50:22+00:00\",\"breadcrumb\":{\"@id\":\"https:\/\/www.chocolate7.com\/shop\/tavoletta\/fondente\/bonnat-venezuela-chuao\/#breadcrumb\"},\"inLanguage\":\"en-US\",\"potentialAction\":[{\"@type\":\"ReadAction\",\"target\":[\"https:\/\/www.chocolate7.com\/shop\/tavoletta\/fondente\/bonnat-venezuela-chuao\/\"]}]},{\"@type\":\"ImageObject\",\"inLanguage\":\"en-US\",\"@id\":\"https:\/\/www.chocolate7.com\/shop\/tavoletta\/fondente\/bonnat-venezuela-chuao\/#primaryimage\",\"url\":\"https:\/\/www.chocolate7.com\/wp-content\/uploads\/2022\/03\/IMG_20221107_152611_793-scaled-e1667831353843.jpg\",\"contentUrl\":\"https:\/\/www.chocolate7.com\/wp-content\/uploads\/2022\/03\/IMG_20221107_152611_793-scaled-e1667831353843.jpg\",\"width\":600,\"height\":600},{\"@type\":\"BreadcrumbList\",\"@id\":\"https:\/\/www.chocolate7.com\/shop\/tavoletta\/fondente\/bonnat-venezuela-chuao\/#breadcrumb\",\"itemListElement\":[{\"@type\":\"ListItem\",\"position\":1,\"name\":\"Home\",\"item\":\"https:\/\/www.chocolate7.com\/en\/\"},{\"@type\":\"ListItem\",\"position\":2,\"name\":\"Shop\",\"item\":\"https:\/\/www.chocolate7.com\/en\/store\/\"},{\"@type\":\"ListItem\",\"position\":3,\"name\":\"Bonnat Venezuela Chuao\"}]},{\"@type\":\"WebSite\",\"@id\":\"https:\/\/www.chocolate7.com\/#website\",\"url\":\"https:\/\/www.chocolate7.com\/\",\"name\":\"Chocolate7\",\"description\":\"The fine &amp; luxury chocolate selection\",\"publisher\":{\"@id\":\"https:\/\/www.chocolate7.com\/#organization\"},\"potentialAction\":[{\"@type\":\"SearchAction\",\"target\":{\"@type\":\"EntryPoint\",\"urlTemplate\":\"https:\/\/www.chocolate7.com\/?s={search_term_string}\"},\"query-input\":\"required name=search_term_string\"}],\"inLanguage\":\"en-US\"},{\"@type\":\"Organization\",\"@id\":\"https:\/\/www.chocolate7.com\/#organization\",\"name\":\"Choc7 di Benedetto Giovanni\",\"url\":\"https:\/\/www.chocolate7.com\/\",\"logo\":{\"@type\":\"ImageObject\",\"inLanguage\":\"en-US\",\"@id\":\"https:\/\/www.chocolate7.com\/#\/schema\/logo\/image\/\",\"url\":\"https:\/\/www.chocolate7.com\/wp-content\/uploads\/2018\/10\/logo_chocolate.png\",\"contentUrl\":\"https:\/\/www.chocolate7.com\/wp-content\/uploads\/2018\/10\/logo_chocolate.png\",\"width\":200,\"height\":41,\"caption\":\"Choc7 di Benedetto Giovanni\"},\"image\":{\"@id\":\"https:\/\/www.chocolate7.com\/#\/schema\/logo\/image\/\"},\"sameAs\":[\"https:\/\/www.facebook.com\/cremino.gianduia.1\",\"https:\/\/x.com\/GianduiaCremino\",\"https:\/\/www.instagram.com\/creminogianduia\/\",\"https:\/\/www.pinterest.com.au\/creminogianduia\/\",\"https:\/\/www.youtube.com\/channel\/UCWFQlcc9EQnAsLkD8rBsgig\"]}]}<\/script>\n<!-- \/ Yoast SEO plugin. -->","yoast_head_json":{"title":"Bonnat Venezuela Chuao - Chocolate7","robots":{"index":"index","follow":"follow","max-snippet":"max-snippet:-1","max-image-preview":"max-image-preview:large","max-video-preview":"max-video-preview:-1"},"canonical":"https:\/\/www.chocolate7.com\/shop\/tavoletta\/fondente\/bonnat-venezuela-chuao\/","og_locale":"en_US","og_type":"article","og_title":"Bonnat Venezuela Chuao - Chocolate7","og_description":"Bonnat is a bean to bar chocolate maker from France. This fine chocolate bar is made with cocoa from Venezuela (Chuao). Bonnat Venezuela Chuao 75% is a balanced dark chocolate, with aromatic notes of cherry, red grape, chocolate biscuit, wood  &nbsp;  &nbsp;","og_url":"https:\/\/www.chocolate7.com\/shop\/tavoletta\/fondente\/bonnat-venezuela-chuao\/","og_site_name":"Chocolate7","article_publisher":"https:\/\/www.facebook.com\/cremino.gianduia.1","article_modified_time":"2023-11-06T03:50:22+00:00","og_image":[{"width":600,"height":600,"url":"https:\/\/www.chocolate7.com\/wp-content\/uploads\/2022\/03\/IMG_20221107_152611_793-scaled-e1667831353843.jpg","type":"image\/jpeg"}],"twitter_card":"summary_large_image","twitter_site":"@GianduiaCremino","twitter_misc":{"Est. reading time":"1 minute"},"schema":{"@context":"https:\/\/schema.org","@graph":[{"@type":"WebPage","@id":"https:\/\/www.chocolate7.com\/shop\/tavoletta\/fondente\/bonnat-venezuela-chuao\/","url":"https:\/\/www.chocolate7.com\/shop\/tavoletta\/fondente\/bonnat-venezuela-chuao\/","name":"Bonnat Venezuela Chuao - Chocolate7","isPartOf":{"@id":"https:\/\/www.chocolate7.com\/#website"},"primaryImageOfPage":{"@id":"https:\/\/www.chocolate7.com\/shop\/tavoletta\/fondente\/bonnat-venezuela-chuao\/#primaryimage"},"image":{"@id":"https:\/\/www.chocolate7.com\/shop\/tavoletta\/fondente\/bonnat-venezuela-chuao\/#primaryimage"},"thumbnailUrl":"https:\/\/www.chocolate7.com\/wp-content\/uploads\/2022\/03\/IMG_20221107_152611_793-scaled-e1667831353843.jpg","datePublished":"2022-03-14T15:14:17+00:00","dateModified":"2023-11-06T03:50:22+00:00","breadcrumb":{"@id":"https:\/\/www.chocolate7.com\/shop\/tavoletta\/fondente\/bonnat-venezuela-chuao\/#breadcrumb"},"inLanguage":"en-US","potentialAction":[{"@type":"ReadAction","target":["https:\/\/www.chocolate7.com\/shop\/tavoletta\/fondente\/bonnat-venezuela-chuao\/"]}]},{"@type":"ImageObject","inLanguage":"en-US","@id":"https:\/\/www.chocolate7.com\/shop\/tavoletta\/fondente\/bonnat-venezuela-chuao\/#primaryimage","url":"https:\/\/www.chocolate7.com\/wp-content\/uploads\/2022\/03\/IMG_20221107_152611_793-scaled-e1667831353843.jpg","contentUrl":"https:\/\/www.chocolate7.com\/wp-content\/uploads\/2022\/03\/IMG_20221107_152611_793-scaled-e1667831353843.jpg","width":600,"height":600},{"@type":"BreadcrumbList","@id":"https:\/\/www.chocolate7.com\/shop\/tavoletta\/fondente\/bonnat-venezuela-chuao\/#breadcrumb","itemListElement":[{"@type":"ListItem","position":1,"name":"Home","item":"https:\/\/www.chocolate7.com\/en\/"},{"@type":"ListItem","position":2,"name":"Shop","item":"https:\/\/www.chocolate7.com\/en\/store\/"},{"@type":"ListItem","position":3,"name":"Bonnat Venezuela Chuao"}]},{"@type":"WebSite","@id":"https:\/\/www.chocolate7.com\/#website","url":"https:\/\/www.chocolate7.com\/","name":"Chocolate7","description":"The fine &amp; luxury chocolate selection","publisher":{"@id":"https:\/\/www.chocolate7.com\/#organization"},"potentialAction":[{"@type":"SearchAction","target":{"@type":"EntryPoint","urlTemplate":"https:\/\/www.chocolate7.com\/?s={search_term_string}"},"query-input":"required name=search_term_string"}],"inLanguage":"en-US"},{"@type":"Organization","@id":"https:\/\/www.chocolate7.com\/#organization","name":"Choc7 di Benedetto Giovanni","url":"https:\/\/www.chocolate7.com\/","logo":{"@type":"ImageObject","inLanguage":"en-US","@id":"https:\/\/www.chocolate7.com\/#\/schema\/logo\/image\/","url":"https:\/\/www.chocolate7.com\/wp-content\/uploads\/2018\/10\/logo_chocolate.png","contentUrl":"https:\/\/www.chocolate7.com\/wp-content\/uploads\/2018\/10\/logo_chocolate.png","width":200,"height":41,"caption":"Choc7 di Benedetto Giovanni"},"image":{"@id":"https:\/\/www.chocolate7.com\/#\/schema\/logo\/image\/"},"sameAs":["https:\/\/www.facebook.com\/cremino.gianduia.1","https:\/\/x.com\/GianduiaCremino","https:\/\/www.instagram.com\/creminogianduia\/","https:\/\/www.pinterest.com.au\/creminogianduia\/","https:\/\/www.youtube.com\/channel\/UCWFQlcc9EQnAsLkD8rBsgig"]}]}},"brands":[{"id":7849,"name":"Bonnat","slug":"bonnat-en"}],"_links":{"self":[{"href":"https:\/\/www.chocolate7.com\/en\/wp-json\/wp\/v2\/product\/26273","targetHints":{"allow":["GET"]}}],"collection":[{"href":"https:\/\/www.chocolate7.com\/en\/wp-json\/wp\/v2\/product"}],"about":[{"href":"https:\/\/www.chocolate7.com\/en\/wp-json\/wp\/v2\/types\/product"}],"wp:featuredmedia":[{"embeddable":true,"href":"https:\/\/www.chocolate7.com\/en\/wp-json\/wp\/v2\/media\/31502"}],"wp:attachment":[{"href":"https:\/\/www.chocolate7.com\/en\/wp-json\/wp\/v2\/media?parent=26273"}],"wp:term":[{"taxonomy":"pwb-brand","embeddable":true,"href":"https:\/\/www.chocolate7.com\/en\/wp-json\/wp\/v2\/pwb-brand?post=26273"},{"taxonomy":"product_brand","embeddable":true,"href":"https:\/\/www.chocolate7.com\/en\/wp-json\/wp\/v2\/product_brand?post=26273"},{"taxonomy":"product_cat","embeddable":true,"href":"https:\/\/www.chocolate7.com\/en\/wp-json\/wp\/v2\/product_cat?post=26273"},{"taxonomy":"product_tag","embeddable":true,"href":"https:\/\/www.chocolate7.com\/en\/wp-json\/wp\/v2\/product_tag?post=26273"},{"taxonomy":"giftcard-category","embeddable":true,"href":"https:\/\/www.chocolate7.com\/en\/wp-json\/wp\/v2\/giftcard-category?post=26273"}],"curies":[{"name":"wp","href":"https:\/\/api.w.org\/{rel}","templated":true}]}}