{"id":26282,"date":"2022-03-14T17:11:55","date_gmt":"2022-03-14T16:11:55","guid":{"rendered":"https:\/\/www.chocolate7.com\/?post_type=product&#038;p=26282"},"modified":"2024-01-25T18:01:52","modified_gmt":"2024-01-25T17:01:52","slug":"bonnat-mexico-morenita","status":"publish","type":"product","link":"https:\/\/www.chocolate7.com\/en\/shop\/bar\/milk\/bonnat-mexico-morenita\/","title":{"rendered":"Bonnat Mexico Morenita"},"content":{"rendered":"<p style=\"text-align: left\">Milk chocolate Bar &#8211; Made by Bonnat<\/p>\n<p style=\"text-align: left\">Chocolat au lait fabriqu\u00e9 avec de rares f\u00e8ves de cacao Mexicain dont la couleur naturelle rappelle la teinte chaleureuse d&#8217;un bronzage estival. Cette belle couleur autorise la fabrication d&#8217;un chocolat au lait \u00e0 fort pourcentage de cacao tout en permettant de conserver la teinte caramel qui sied \u00e0 tout chocolat au lait qui se respecte. Tr\u00e8s aromatique, le chocolat vous fera d\u00e9couvrir de l\u00e9gers parfums floraux, d&#8217;\u00e9pices et parfois de menthe fraiche avant que les saveurs plus cors\u00e9es de cacao n&#8217;envahissent votre palais. 65% de cacao.<\/p>\n","protected":false},"excerpt":{"rendered":"<p>Bonnat is a bean to bar chocolate maker from France. This fine chocolate bar is made with cocoa from Mexico (Morenita). Bonnat Mexico Morenita 65% is a pleasantly sweet milk chocolate, with floral aromatic notes of orange peel, fresh mint, toffee, butter, brandy, spices, leather<\/p>\n<p>&nbsp;<\/p>\n<p>&nbsp;<\/p>\n","protected":false},"featured_media":26284,"template":"","meta":[],"pwb-brand":[7849],"product_brand":[],"product_cat":[3251,3259],"product_tag":[],"giftcard-category":[],"class_list":{"0":"post-26282","1":"product","2":"type-product","3":"status-publish","4":"has-post-thumbnail","6":"pwb-brand-bonnat-en","7":"product_cat-bar","8":"product_cat-milk","9":"pa_acidita-1-en","10":"pa_amarezza-1-en","11":"pa_astringenza-0-en","12":"pa_cacao-60-69-en","13":"pa_carboidrati-405-g-en","14":"pa_carboidrati-zuccheri-306-g-en","15":"pa_codice-a-barre-3700152400280-en","16":"pa_dolcezza-5-en","17":"pa_grassi-49-g-en","18":"pa_grassi-saturi-315-g-en","19":"pa_ingredienti-cocoa-cocoa-butter-sugar-milk-powder","20":"pa_note-di-degustazione-floral-notes-orange-peel-fresh-mint-toffee-butter-brandy-spices-leather","21":"pa_paese-delle-fave-di-cacao-mexico","22":"pa_paese-produttore-france","23":"pa_percentuale-di-cacao-65-en","24":"pa_proteine-8-g-en","25":"pa_regione-morenita-en","26":"pa_sale-013-g-en","27":"pa_tipo-di-cioccolato-milk-chocolate","28":"pa_valore-energetico-626-kcal-2596-kj-en","30":"first","31":"outofstock","32":"taxable","33":"shipping-taxable","34":"purchasable","35":"product-type-simple"},"yoast_head":"<!-- This site is optimized with the Yoast SEO plugin v23.3 - https:\/\/yoast.com\/wordpress\/plugins\/seo\/ -->\n<title>Bonnat Mexico Morenita - Chocolate7<\/title>\n<meta name=\"robots\" content=\"index, follow, max-snippet:-1, max-image-preview:large, max-video-preview:-1\" \/>\n<link rel=\"canonical\" href=\"https:\/\/www.chocolate7.com\/en\/shop\/bar\/milk\/bonnat-mexico-morenita\/\" \/>\n<meta property=\"og:locale\" content=\"en_US\" \/>\n<meta property=\"og:type\" content=\"article\" \/>\n<meta property=\"og:title\" content=\"Bonnat Mexico Morenita - Chocolate7\" \/>\n<meta property=\"og:description\" content=\"Bonnat is a bean to bar chocolate maker from France. This fine chocolate bar is made with cocoa from Mexico (Morenita). Bonnat Mexico Morenita 65% is a pleasantly sweet milk chocolate, with floral aromatic notes of orange peel, fresh mint, toffee, butter, brandy, spices, leather  &nbsp;  &nbsp;\" \/>\n<meta property=\"og:url\" content=\"https:\/\/www.chocolate7.com\/en\/shop\/bar\/milk\/bonnat-mexico-morenita\/\" \/>\n<meta property=\"og:site_name\" content=\"Chocolate7\" \/>\n<meta property=\"article:publisher\" content=\"https:\/\/www.facebook.com\/cremino.gianduia.1\" \/>\n<meta property=\"article:modified_time\" content=\"2024-01-25T17:01:52+00:00\" \/>\n<meta property=\"og:image\" content=\"https:\/\/www.chocolate7.com\/wp-content\/uploads\/2022\/03\/IMG_20220314_172338_885-e1647275097107.jpg\" \/>\n\t<meta property=\"og:image:width\" content=\"600\" \/>\n\t<meta property=\"og:image:height\" content=\"600\" \/>\n\t<meta property=\"og:image:type\" content=\"image\/jpeg\" \/>\n<meta name=\"twitter:card\" content=\"summary_large_image\" \/>\n<meta name=\"twitter:site\" content=\"@GianduiaCremino\" \/>\n<script type=\"application\/ld+json\" class=\"yoast-schema-graph\">{\"@context\":\"https:\/\/schema.org\",\"@graph\":[{\"@type\":\"WebPage\",\"@id\":\"https:\/\/www.chocolate7.com\/en\/shop\/bar\/milk\/bonnat-mexico-morenita\/\",\"url\":\"https:\/\/www.chocolate7.com\/en\/shop\/bar\/milk\/bonnat-mexico-morenita\/\",\"name\":\"Bonnat Mexico Morenita - Chocolate7\",\"isPartOf\":{\"@id\":\"https:\/\/www.chocolate7.com\/#website\"},\"primaryImageOfPage\":{\"@id\":\"https:\/\/www.chocolate7.com\/en\/shop\/bar\/milk\/bonnat-mexico-morenita\/#primaryimage\"},\"image\":{\"@id\":\"https:\/\/www.chocolate7.com\/en\/shop\/bar\/milk\/bonnat-mexico-morenita\/#primaryimage\"},\"thumbnailUrl\":\"https:\/\/www.chocolate7.com\/wp-content\/uploads\/2022\/03\/IMG_20220314_172338_885-e1647275097107.jpg\",\"datePublished\":\"2022-03-14T16:11:55+00:00\",\"dateModified\":\"2024-01-25T17:01:52+00:00\",\"breadcrumb\":{\"@id\":\"https:\/\/www.chocolate7.com\/en\/shop\/bar\/milk\/bonnat-mexico-morenita\/#breadcrumb\"},\"inLanguage\":\"en-US\",\"potentialAction\":[{\"@type\":\"ReadAction\",\"target\":[\"https:\/\/www.chocolate7.com\/en\/shop\/bar\/milk\/bonnat-mexico-morenita\/\"]}]},{\"@type\":\"ImageObject\",\"inLanguage\":\"en-US\",\"@id\":\"https:\/\/www.chocolate7.com\/en\/shop\/bar\/milk\/bonnat-mexico-morenita\/#primaryimage\",\"url\":\"https:\/\/www.chocolate7.com\/wp-content\/uploads\/2022\/03\/IMG_20220314_172338_885-e1647275097107.jpg\",\"contentUrl\":\"https:\/\/www.chocolate7.com\/wp-content\/uploads\/2022\/03\/IMG_20220314_172338_885-e1647275097107.jpg\",\"width\":600,\"height\":600},{\"@type\":\"BreadcrumbList\",\"@id\":\"https:\/\/www.chocolate7.com\/en\/shop\/bar\/milk\/bonnat-mexico-morenita\/#breadcrumb\",\"itemListElement\":[{\"@type\":\"ListItem\",\"position\":1,\"name\":\"Home\",\"item\":\"https:\/\/www.chocolate7.com\/en\/\"},{\"@type\":\"ListItem\",\"position\":2,\"name\":\"Shop\",\"item\":\"https:\/\/www.chocolate7.com\/en\/store\/\"},{\"@type\":\"ListItem\",\"position\":3,\"name\":\"Bonnat Mexico Morenita\"}]},{\"@type\":\"WebSite\",\"@id\":\"https:\/\/www.chocolate7.com\/#website\",\"url\":\"https:\/\/www.chocolate7.com\/\",\"name\":\"Chocolate7\",\"description\":\"The fine &amp; luxury chocolate selection\",\"publisher\":{\"@id\":\"https:\/\/www.chocolate7.com\/#organization\"},\"potentialAction\":[{\"@type\":\"SearchAction\",\"target\":{\"@type\":\"EntryPoint\",\"urlTemplate\":\"https:\/\/www.chocolate7.com\/?s={search_term_string}\"},\"query-input\":\"required name=search_term_string\"}],\"inLanguage\":\"en-US\"},{\"@type\":\"Organization\",\"@id\":\"https:\/\/www.chocolate7.com\/#organization\",\"name\":\"Choc7 di Benedetto Giovanni\",\"url\":\"https:\/\/www.chocolate7.com\/\",\"logo\":{\"@type\":\"ImageObject\",\"inLanguage\":\"en-US\",\"@id\":\"https:\/\/www.chocolate7.com\/#\/schema\/logo\/image\/\",\"url\":\"https:\/\/www.chocolate7.com\/wp-content\/uploads\/2018\/10\/logo_chocolate.png\",\"contentUrl\":\"https:\/\/www.chocolate7.com\/wp-content\/uploads\/2018\/10\/logo_chocolate.png\",\"width\":200,\"height\":41,\"caption\":\"Choc7 di Benedetto Giovanni\"},\"image\":{\"@id\":\"https:\/\/www.chocolate7.com\/#\/schema\/logo\/image\/\"},\"sameAs\":[\"https:\/\/www.facebook.com\/cremino.gianduia.1\",\"https:\/\/x.com\/GianduiaCremino\",\"https:\/\/www.instagram.com\/creminogianduia\/\",\"https:\/\/www.pinterest.com.au\/creminogianduia\/\",\"https:\/\/www.youtube.com\/channel\/UCWFQlcc9EQnAsLkD8rBsgig\"]}]}<\/script>\n<!-- \/ Yoast SEO plugin. -->","yoast_head_json":{"title":"Bonnat Mexico Morenita - Chocolate7","robots":{"index":"index","follow":"follow","max-snippet":"max-snippet:-1","max-image-preview":"max-image-preview:large","max-video-preview":"max-video-preview:-1"},"canonical":"https:\/\/www.chocolate7.com\/en\/shop\/bar\/milk\/bonnat-mexico-morenita\/","og_locale":"en_US","og_type":"article","og_title":"Bonnat Mexico Morenita - Chocolate7","og_description":"Bonnat is a bean to bar chocolate maker from France. This fine chocolate bar is made with cocoa from Mexico (Morenita). Bonnat Mexico Morenita 65% is a pleasantly sweet milk chocolate, with floral aromatic notes of orange peel, fresh mint, toffee, butter, brandy, spices, leather  &nbsp;  &nbsp;","og_url":"https:\/\/www.chocolate7.com\/en\/shop\/bar\/milk\/bonnat-mexico-morenita\/","og_site_name":"Chocolate7","article_publisher":"https:\/\/www.facebook.com\/cremino.gianduia.1","article_modified_time":"2024-01-25T17:01:52+00:00","og_image":[{"width":600,"height":600,"url":"https:\/\/www.chocolate7.com\/wp-content\/uploads\/2022\/03\/IMG_20220314_172338_885-e1647275097107.jpg","type":"image\/jpeg"}],"twitter_card":"summary_large_image","twitter_site":"@GianduiaCremino","schema":{"@context":"https:\/\/schema.org","@graph":[{"@type":"WebPage","@id":"https:\/\/www.chocolate7.com\/en\/shop\/bar\/milk\/bonnat-mexico-morenita\/","url":"https:\/\/www.chocolate7.com\/en\/shop\/bar\/milk\/bonnat-mexico-morenita\/","name":"Bonnat Mexico Morenita - Chocolate7","isPartOf":{"@id":"https:\/\/www.chocolate7.com\/#website"},"primaryImageOfPage":{"@id":"https:\/\/www.chocolate7.com\/en\/shop\/bar\/milk\/bonnat-mexico-morenita\/#primaryimage"},"image":{"@id":"https:\/\/www.chocolate7.com\/en\/shop\/bar\/milk\/bonnat-mexico-morenita\/#primaryimage"},"thumbnailUrl":"https:\/\/www.chocolate7.com\/wp-content\/uploads\/2022\/03\/IMG_20220314_172338_885-e1647275097107.jpg","datePublished":"2022-03-14T16:11:55+00:00","dateModified":"2024-01-25T17:01:52+00:00","breadcrumb":{"@id":"https:\/\/www.chocolate7.com\/en\/shop\/bar\/milk\/bonnat-mexico-morenita\/#breadcrumb"},"inLanguage":"en-US","potentialAction":[{"@type":"ReadAction","target":["https:\/\/www.chocolate7.com\/en\/shop\/bar\/milk\/bonnat-mexico-morenita\/"]}]},{"@type":"ImageObject","inLanguage":"en-US","@id":"https:\/\/www.chocolate7.com\/en\/shop\/bar\/milk\/bonnat-mexico-morenita\/#primaryimage","url":"https:\/\/www.chocolate7.com\/wp-content\/uploads\/2022\/03\/IMG_20220314_172338_885-e1647275097107.jpg","contentUrl":"https:\/\/www.chocolate7.com\/wp-content\/uploads\/2022\/03\/IMG_20220314_172338_885-e1647275097107.jpg","width":600,"height":600},{"@type":"BreadcrumbList","@id":"https:\/\/www.chocolate7.com\/en\/shop\/bar\/milk\/bonnat-mexico-morenita\/#breadcrumb","itemListElement":[{"@type":"ListItem","position":1,"name":"Home","item":"https:\/\/www.chocolate7.com\/en\/"},{"@type":"ListItem","position":2,"name":"Shop","item":"https:\/\/www.chocolate7.com\/en\/store\/"},{"@type":"ListItem","position":3,"name":"Bonnat Mexico Morenita"}]},{"@type":"WebSite","@id":"https:\/\/www.chocolate7.com\/#website","url":"https:\/\/www.chocolate7.com\/","name":"Chocolate7","description":"The fine &amp; luxury chocolate selection","publisher":{"@id":"https:\/\/www.chocolate7.com\/#organization"},"potentialAction":[{"@type":"SearchAction","target":{"@type":"EntryPoint","urlTemplate":"https:\/\/www.chocolate7.com\/?s={search_term_string}"},"query-input":"required name=search_term_string"}],"inLanguage":"en-US"},{"@type":"Organization","@id":"https:\/\/www.chocolate7.com\/#organization","name":"Choc7 di Benedetto Giovanni","url":"https:\/\/www.chocolate7.com\/","logo":{"@type":"ImageObject","inLanguage":"en-US","@id":"https:\/\/www.chocolate7.com\/#\/schema\/logo\/image\/","url":"https:\/\/www.chocolate7.com\/wp-content\/uploads\/2018\/10\/logo_chocolate.png","contentUrl":"https:\/\/www.chocolate7.com\/wp-content\/uploads\/2018\/10\/logo_chocolate.png","width":200,"height":41,"caption":"Choc7 di Benedetto Giovanni"},"image":{"@id":"https:\/\/www.chocolate7.com\/#\/schema\/logo\/image\/"},"sameAs":["https:\/\/www.facebook.com\/cremino.gianduia.1","https:\/\/x.com\/GianduiaCremino","https:\/\/www.instagram.com\/creminogianduia\/","https:\/\/www.pinterest.com.au\/creminogianduia\/","https:\/\/www.youtube.com\/channel\/UCWFQlcc9EQnAsLkD8rBsgig"]}]}},"brands":[{"id":7849,"name":"Bonnat","slug":"bonnat-en"}],"_links":{"self":[{"href":"https:\/\/www.chocolate7.com\/en\/wp-json\/wp\/v2\/product\/26282","targetHints":{"allow":["GET"]}}],"collection":[{"href":"https:\/\/www.chocolate7.com\/en\/wp-json\/wp\/v2\/product"}],"about":[{"href":"https:\/\/www.chocolate7.com\/en\/wp-json\/wp\/v2\/types\/product"}],"wp:featuredmedia":[{"embeddable":true,"href":"https:\/\/www.chocolate7.com\/en\/wp-json\/wp\/v2\/media\/26284"}],"wp:attachment":[{"href":"https:\/\/www.chocolate7.com\/en\/wp-json\/wp\/v2\/media?parent=26282"}],"wp:term":[{"taxonomy":"pwb-brand","embeddable":true,"href":"https:\/\/www.chocolate7.com\/en\/wp-json\/wp\/v2\/pwb-brand?post=26282"},{"taxonomy":"product_brand","embeddable":true,"href":"https:\/\/www.chocolate7.com\/en\/wp-json\/wp\/v2\/product_brand?post=26282"},{"taxonomy":"product_cat","embeddable":true,"href":"https:\/\/www.chocolate7.com\/en\/wp-json\/wp\/v2\/product_cat?post=26282"},{"taxonomy":"product_tag","embeddable":true,"href":"https:\/\/www.chocolate7.com\/en\/wp-json\/wp\/v2\/product_tag?post=26282"},{"taxonomy":"giftcard-category","embeddable":true,"href":"https:\/\/www.chocolate7.com\/en\/wp-json\/wp\/v2\/giftcard-category?post=26282"}],"curies":[{"name":"wp","href":"https:\/\/api.w.org\/{rel}","templated":true}]}}