{"id":26326,"date":"2022-03-15T17:07:01","date_gmt":"2022-03-15T16:07:01","guid":{"rendered":"https:\/\/www.chocolate7.com\/?post_type=product&#038;p=26326"},"modified":"2022-03-18T13:28:13","modified_gmt":"2022-03-18T12:28:13","slug":"cacao-experience-nicaragua-12-dark-and-milk-eggs-150-g","status":"publish","type":"product","link":"https:\/\/www.chocolate7.com\/en\/shop\/bar\/dark-chocolate-milk-chocolate-en\/cacao-experience-nicaragua-12-dark-and-milk-eggs-150-g\/","title":{"rendered":"Cacao Experience Nicaragua 12 dark and milk eggs &#8211; 150 g"},"content":{"rendered":"<p style=\"text-align: left\">Dark and milk eggs &#8211; Made by Cacao Experience<\/p>\n<p style=\"text-align: left\">Duo d\u2019oeufs<br \/>\nCacao pure origine Nicaragua (notes<br \/>\ncacaot\u00e9es intenses, notes de beurre<br \/>\nfrais et l\u00e9g\u00e8res notes \u00e9pic\u00e9es (vanille<br \/>\npoivre)<br \/>\n4gros \u0153ufs Gianduja noisette (50% de<br \/>\nnoisettes), enrobage chocolat noir 70%<br \/>\nou lait 50% de cacao.<br \/>\n8\u0153ufs moyens croustillant, Gianguja<br \/>\n(50% de noisettes), et cr\u00eape dentelle,<br \/>\nenrobage chocolat noir 70% ou lait 50% de<br \/>\ncacao..<\/p>\n","protected":false},"excerpt":{"rendered":"<p>Cacao Experience is a bean to bar chocolate maker from France. Cacao Experience Nicaragua dark and milk eggs 150 g, are eggs made with pure Nicaraguan cocoa (notes of intense cocoa, buttery notes, fresh and light spicy notes (vanilla, pepper). The bag contains: 4 large hazelnut gianduia eggs ( 50% hazelnuts), 70% dark chocolate coating and 50% cocoa milk. 8 small crunchy eggs, gianduia (50% hazelnuts), and crepe dentelle, 70% dark chocolate coating and 50% cocoa milk<\/p>\n","protected":false},"featured_media":26367,"template":"","meta":[],"pwb-brand":[9254],"product_brand":[],"product_cat":[3256,3261,3215,3240],"product_tag":[],"giftcard-category":[],"class_list":{"0":"post-26326","1":"product","2":"type-product","3":"status-publish","4":"has-post-thumbnail","6":"pwb-brand-cacao-experience-en","7":"product_cat-dark-chocolate-milk-chocolate-en","8":"product_cat-flavoured-filled-inclusions-milk-chocolate-en","9":"product_cat-gift-box","10":"product_cat-pralines-chocolates-bonbons-cremini-truffles","11":"pa_acidita-0-en","12":"pa_allergeni-hazelnuts-milk-wheat-barley-butter","13":"pa_allergeni-may-contain-traces-of-gluten-nuts-milk","14":"pa_amarezza-2-en","15":"pa_astringenza-0-en","16":"pa_cacao-50-59-en","17":"pa_cacao-70-79-en","18":"pa_dolcezza-3-en","19":"pa_ingredienti-crepe-dentelle-chips-organic-wheat-flour-organic-barley-malt-organic-milk-organic-butter-organic-sugar-salt","20":"pa_ingredienti-organic-cocoa-beans-organic-cane-sugar-organic-cocoa-butter-organic-milk-powder-organic-hazelnuts","21":"pa_note-di-degustazione-hazelnuts-cocoa-butter-vanilla-pepper","22":"pa_paese-delle-fave-di-cacao-nicaragua-en","23":"pa_paese-produttore-france","24":"pa_percentuale-di-cacao-50-en","25":"pa_percentuale-di-cacao-70-en","26":"pa_tipo-di-cioccolato-flavoured-filled-inclusions-dark-chocolate","27":"pa_tipo-di-cioccolato-flavoured-filled-inclusions-milk-chocolate-en","29":"first","30":"outofstock","31":"taxable","32":"shipping-taxable","33":"purchasable","34":"product-type-simple"},"yoast_head":"<!-- This site is optimized with the Yoast SEO plugin v23.3 - https:\/\/yoast.com\/wordpress\/plugins\/seo\/ -->\n<title>Cacao Experience Nicaragua 12 dark and milk eggs - 150 g - Chocolate7<\/title>\n<meta name=\"robots\" content=\"index, follow, max-snippet:-1, max-image-preview:large, max-video-preview:-1\" \/>\n<link rel=\"canonical\" href=\"https:\/\/www.chocolate7.com\/en\/shop\/bar\/dark-chocolate-milk-chocolate-en\/cacao-experience-nicaragua-12-dark-and-milk-eggs-150-g\/\" \/>\n<meta property=\"og:locale\" content=\"en_US\" \/>\n<meta property=\"og:type\" content=\"article\" \/>\n<meta property=\"og:title\" content=\"Cacao Experience Nicaragua 12 dark and milk eggs - 150 g - Chocolate7\" \/>\n<meta property=\"og:description\" content=\"Cacao Experience is a bean to bar chocolate maker from France. Cacao Experience Nicaragua dark and milk eggs 150 g, are eggs made with pure Nicaraguan cocoa (notes of intense cocoa, buttery notes, fresh and light spicy notes (vanilla, pepper). The bag contains: 4 large hazelnut gianduia eggs ( 50% hazelnuts), 70% dark chocolate coating and 50% cocoa milk. 8 small crunchy eggs, gianduia (50% hazelnuts), and crepe dentelle, 70% dark chocolate coating and 50% cocoa milk\" \/>\n<meta property=\"og:url\" content=\"https:\/\/www.chocolate7.com\/en\/shop\/bar\/dark-chocolate-milk-chocolate-en\/cacao-experience-nicaragua-12-dark-and-milk-eggs-150-g\/\" \/>\n<meta property=\"og:site_name\" content=\"Chocolate7\" \/>\n<meta property=\"article:publisher\" content=\"https:\/\/www.facebook.com\/cremino.gianduia.1\" \/>\n<meta property=\"article:modified_time\" content=\"2022-03-18T12:28:13+00:00\" \/>\n<meta property=\"og:image\" content=\"https:\/\/www.chocolate7.com\/wp-content\/uploads\/2022\/03\/IMG_20220316_130612_675-e1647432612137.jpg\" \/>\n\t<meta property=\"og:image:width\" content=\"600\" \/>\n\t<meta property=\"og:image:height\" content=\"600\" \/>\n\t<meta property=\"og:image:type\" content=\"image\/jpeg\" \/>\n<meta name=\"twitter:card\" content=\"summary_large_image\" \/>\n<meta name=\"twitter:site\" content=\"@GianduiaCremino\" \/>\n<script type=\"application\/ld+json\" class=\"yoast-schema-graph\">{\"@context\":\"https:\/\/schema.org\",\"@graph\":[{\"@type\":\"WebPage\",\"@id\":\"https:\/\/www.chocolate7.com\/en\/shop\/bar\/dark-chocolate-milk-chocolate-en\/cacao-experience-nicaragua-12-dark-and-milk-eggs-150-g\/\",\"url\":\"https:\/\/www.chocolate7.com\/en\/shop\/bar\/dark-chocolate-milk-chocolate-en\/cacao-experience-nicaragua-12-dark-and-milk-eggs-150-g\/\",\"name\":\"Cacao Experience Nicaragua 12 dark and milk eggs - 150 g - Chocolate7\",\"isPartOf\":{\"@id\":\"https:\/\/www.chocolate7.com\/#website\"},\"primaryImageOfPage\":{\"@id\":\"https:\/\/www.chocolate7.com\/en\/shop\/bar\/dark-chocolate-milk-chocolate-en\/cacao-experience-nicaragua-12-dark-and-milk-eggs-150-g\/#primaryimage\"},\"image\":{\"@id\":\"https:\/\/www.chocolate7.com\/en\/shop\/bar\/dark-chocolate-milk-chocolate-en\/cacao-experience-nicaragua-12-dark-and-milk-eggs-150-g\/#primaryimage\"},\"thumbnailUrl\":\"https:\/\/www.chocolate7.com\/wp-content\/uploads\/2022\/03\/IMG_20220316_130612_675-e1647432612137.jpg\",\"datePublished\":\"2022-03-15T16:07:01+00:00\",\"dateModified\":\"2022-03-18T12:28:13+00:00\",\"breadcrumb\":{\"@id\":\"https:\/\/www.chocolate7.com\/en\/shop\/bar\/dark-chocolate-milk-chocolate-en\/cacao-experience-nicaragua-12-dark-and-milk-eggs-150-g\/#breadcrumb\"},\"inLanguage\":\"en-US\",\"potentialAction\":[{\"@type\":\"ReadAction\",\"target\":[\"https:\/\/www.chocolate7.com\/en\/shop\/bar\/dark-chocolate-milk-chocolate-en\/cacao-experience-nicaragua-12-dark-and-milk-eggs-150-g\/\"]}]},{\"@type\":\"ImageObject\",\"inLanguage\":\"en-US\",\"@id\":\"https:\/\/www.chocolate7.com\/en\/shop\/bar\/dark-chocolate-milk-chocolate-en\/cacao-experience-nicaragua-12-dark-and-milk-eggs-150-g\/#primaryimage\",\"url\":\"https:\/\/www.chocolate7.com\/wp-content\/uploads\/2022\/03\/IMG_20220316_130612_675-e1647432612137.jpg\",\"contentUrl\":\"https:\/\/www.chocolate7.com\/wp-content\/uploads\/2022\/03\/IMG_20220316_130612_675-e1647432612137.jpg\",\"width\":600,\"height\":600},{\"@type\":\"BreadcrumbList\",\"@id\":\"https:\/\/www.chocolate7.com\/en\/shop\/bar\/dark-chocolate-milk-chocolate-en\/cacao-experience-nicaragua-12-dark-and-milk-eggs-150-g\/#breadcrumb\",\"itemListElement\":[{\"@type\":\"ListItem\",\"position\":1,\"name\":\"Home\",\"item\":\"https:\/\/www.chocolate7.com\/en\/\"},{\"@type\":\"ListItem\",\"position\":2,\"name\":\"Shop\",\"item\":\"https:\/\/www.chocolate7.com\/en\/store\/\"},{\"@type\":\"ListItem\",\"position\":3,\"name\":\"Cacao Experience Nicaragua 12 dark and milk eggs &#8211; 150 g\"}]},{\"@type\":\"WebSite\",\"@id\":\"https:\/\/www.chocolate7.com\/#website\",\"url\":\"https:\/\/www.chocolate7.com\/\",\"name\":\"Chocolate7\",\"description\":\"The fine &amp; luxury chocolate selection\",\"publisher\":{\"@id\":\"https:\/\/www.chocolate7.com\/#organization\"},\"potentialAction\":[{\"@type\":\"SearchAction\",\"target\":{\"@type\":\"EntryPoint\",\"urlTemplate\":\"https:\/\/www.chocolate7.com\/?s={search_term_string}\"},\"query-input\":\"required name=search_term_string\"}],\"inLanguage\":\"en-US\"},{\"@type\":\"Organization\",\"@id\":\"https:\/\/www.chocolate7.com\/#organization\",\"name\":\"Choc7 di Benedetto Giovanni\",\"url\":\"https:\/\/www.chocolate7.com\/\",\"logo\":{\"@type\":\"ImageObject\",\"inLanguage\":\"en-US\",\"@id\":\"https:\/\/www.chocolate7.com\/#\/schema\/logo\/image\/\",\"url\":\"https:\/\/www.chocolate7.com\/wp-content\/uploads\/2018\/10\/logo_chocolate.png\",\"contentUrl\":\"https:\/\/www.chocolate7.com\/wp-content\/uploads\/2018\/10\/logo_chocolate.png\",\"width\":200,\"height\":41,\"caption\":\"Choc7 di Benedetto Giovanni\"},\"image\":{\"@id\":\"https:\/\/www.chocolate7.com\/#\/schema\/logo\/image\/\"},\"sameAs\":[\"https:\/\/www.facebook.com\/cremino.gianduia.1\",\"https:\/\/x.com\/GianduiaCremino\",\"https:\/\/www.instagram.com\/creminogianduia\/\",\"https:\/\/www.pinterest.com.au\/creminogianduia\/\",\"https:\/\/www.youtube.com\/channel\/UCWFQlcc9EQnAsLkD8rBsgig\"]}]}<\/script>\n<!-- \/ Yoast SEO plugin. -->","yoast_head_json":{"title":"Cacao Experience Nicaragua 12 dark and milk eggs - 150 g - Chocolate7","robots":{"index":"index","follow":"follow","max-snippet":"max-snippet:-1","max-image-preview":"max-image-preview:large","max-video-preview":"max-video-preview:-1"},"canonical":"https:\/\/www.chocolate7.com\/en\/shop\/bar\/dark-chocolate-milk-chocolate-en\/cacao-experience-nicaragua-12-dark-and-milk-eggs-150-g\/","og_locale":"en_US","og_type":"article","og_title":"Cacao Experience Nicaragua 12 dark and milk eggs - 150 g - Chocolate7","og_description":"Cacao Experience is a bean to bar chocolate maker from France. Cacao Experience Nicaragua dark and milk eggs 150 g, are eggs made with pure Nicaraguan cocoa (notes of intense cocoa, buttery notes, fresh and light spicy notes (vanilla, pepper). The bag contains: 4 large hazelnut gianduia eggs ( 50% hazelnuts), 70% dark chocolate coating and 50% cocoa milk. 8 small crunchy eggs, gianduia (50% hazelnuts), and crepe dentelle, 70% dark chocolate coating and 50% cocoa milk","og_url":"https:\/\/www.chocolate7.com\/en\/shop\/bar\/dark-chocolate-milk-chocolate-en\/cacao-experience-nicaragua-12-dark-and-milk-eggs-150-g\/","og_site_name":"Chocolate7","article_publisher":"https:\/\/www.facebook.com\/cremino.gianduia.1","article_modified_time":"2022-03-18T12:28:13+00:00","og_image":[{"width":600,"height":600,"url":"https:\/\/www.chocolate7.com\/wp-content\/uploads\/2022\/03\/IMG_20220316_130612_675-e1647432612137.jpg","type":"image\/jpeg"}],"twitter_card":"summary_large_image","twitter_site":"@GianduiaCremino","schema":{"@context":"https:\/\/schema.org","@graph":[{"@type":"WebPage","@id":"https:\/\/www.chocolate7.com\/en\/shop\/bar\/dark-chocolate-milk-chocolate-en\/cacao-experience-nicaragua-12-dark-and-milk-eggs-150-g\/","url":"https:\/\/www.chocolate7.com\/en\/shop\/bar\/dark-chocolate-milk-chocolate-en\/cacao-experience-nicaragua-12-dark-and-milk-eggs-150-g\/","name":"Cacao Experience Nicaragua 12 dark and milk eggs - 150 g - Chocolate7","isPartOf":{"@id":"https:\/\/www.chocolate7.com\/#website"},"primaryImageOfPage":{"@id":"https:\/\/www.chocolate7.com\/en\/shop\/bar\/dark-chocolate-milk-chocolate-en\/cacao-experience-nicaragua-12-dark-and-milk-eggs-150-g\/#primaryimage"},"image":{"@id":"https:\/\/www.chocolate7.com\/en\/shop\/bar\/dark-chocolate-milk-chocolate-en\/cacao-experience-nicaragua-12-dark-and-milk-eggs-150-g\/#primaryimage"},"thumbnailUrl":"https:\/\/www.chocolate7.com\/wp-content\/uploads\/2022\/03\/IMG_20220316_130612_675-e1647432612137.jpg","datePublished":"2022-03-15T16:07:01+00:00","dateModified":"2022-03-18T12:28:13+00:00","breadcrumb":{"@id":"https:\/\/www.chocolate7.com\/en\/shop\/bar\/dark-chocolate-milk-chocolate-en\/cacao-experience-nicaragua-12-dark-and-milk-eggs-150-g\/#breadcrumb"},"inLanguage":"en-US","potentialAction":[{"@type":"ReadAction","target":["https:\/\/www.chocolate7.com\/en\/shop\/bar\/dark-chocolate-milk-chocolate-en\/cacao-experience-nicaragua-12-dark-and-milk-eggs-150-g\/"]}]},{"@type":"ImageObject","inLanguage":"en-US","@id":"https:\/\/www.chocolate7.com\/en\/shop\/bar\/dark-chocolate-milk-chocolate-en\/cacao-experience-nicaragua-12-dark-and-milk-eggs-150-g\/#primaryimage","url":"https:\/\/www.chocolate7.com\/wp-content\/uploads\/2022\/03\/IMG_20220316_130612_675-e1647432612137.jpg","contentUrl":"https:\/\/www.chocolate7.com\/wp-content\/uploads\/2022\/03\/IMG_20220316_130612_675-e1647432612137.jpg","width":600,"height":600},{"@type":"BreadcrumbList","@id":"https:\/\/www.chocolate7.com\/en\/shop\/bar\/dark-chocolate-milk-chocolate-en\/cacao-experience-nicaragua-12-dark-and-milk-eggs-150-g\/#breadcrumb","itemListElement":[{"@type":"ListItem","position":1,"name":"Home","item":"https:\/\/www.chocolate7.com\/en\/"},{"@type":"ListItem","position":2,"name":"Shop","item":"https:\/\/www.chocolate7.com\/en\/store\/"},{"@type":"ListItem","position":3,"name":"Cacao Experience Nicaragua 12 dark and milk eggs &#8211; 150 g"}]},{"@type":"WebSite","@id":"https:\/\/www.chocolate7.com\/#website","url":"https:\/\/www.chocolate7.com\/","name":"Chocolate7","description":"The fine &amp; luxury chocolate selection","publisher":{"@id":"https:\/\/www.chocolate7.com\/#organization"},"potentialAction":[{"@type":"SearchAction","target":{"@type":"EntryPoint","urlTemplate":"https:\/\/www.chocolate7.com\/?s={search_term_string}"},"query-input":"required name=search_term_string"}],"inLanguage":"en-US"},{"@type":"Organization","@id":"https:\/\/www.chocolate7.com\/#organization","name":"Choc7 di Benedetto Giovanni","url":"https:\/\/www.chocolate7.com\/","logo":{"@type":"ImageObject","inLanguage":"en-US","@id":"https:\/\/www.chocolate7.com\/#\/schema\/logo\/image\/","url":"https:\/\/www.chocolate7.com\/wp-content\/uploads\/2018\/10\/logo_chocolate.png","contentUrl":"https:\/\/www.chocolate7.com\/wp-content\/uploads\/2018\/10\/logo_chocolate.png","width":200,"height":41,"caption":"Choc7 di Benedetto Giovanni"},"image":{"@id":"https:\/\/www.chocolate7.com\/#\/schema\/logo\/image\/"},"sameAs":["https:\/\/www.facebook.com\/cremino.gianduia.1","https:\/\/x.com\/GianduiaCremino","https:\/\/www.instagram.com\/creminogianduia\/","https:\/\/www.pinterest.com.au\/creminogianduia\/","https:\/\/www.youtube.com\/channel\/UCWFQlcc9EQnAsLkD8rBsgig"]}]}},"brands":[{"id":9254,"name":"Cacao Experience","slug":"cacao-experience-en"}],"_links":{"self":[{"href":"https:\/\/www.chocolate7.com\/en\/wp-json\/wp\/v2\/product\/26326","targetHints":{"allow":["GET"]}}],"collection":[{"href":"https:\/\/www.chocolate7.com\/en\/wp-json\/wp\/v2\/product"}],"about":[{"href":"https:\/\/www.chocolate7.com\/en\/wp-json\/wp\/v2\/types\/product"}],"wp:featuredmedia":[{"embeddable":true,"href":"https:\/\/www.chocolate7.com\/en\/wp-json\/wp\/v2\/media\/26367"}],"wp:attachment":[{"href":"https:\/\/www.chocolate7.com\/en\/wp-json\/wp\/v2\/media?parent=26326"}],"wp:term":[{"taxonomy":"pwb-brand","embeddable":true,"href":"https:\/\/www.chocolate7.com\/en\/wp-json\/wp\/v2\/pwb-brand?post=26326"},{"taxonomy":"product_brand","embeddable":true,"href":"https:\/\/www.chocolate7.com\/en\/wp-json\/wp\/v2\/product_brand?post=26326"},{"taxonomy":"product_cat","embeddable":true,"href":"https:\/\/www.chocolate7.com\/en\/wp-json\/wp\/v2\/product_cat?post=26326"},{"taxonomy":"product_tag","embeddable":true,"href":"https:\/\/www.chocolate7.com\/en\/wp-json\/wp\/v2\/product_tag?post=26326"},{"taxonomy":"giftcard-category","embeddable":true,"href":"https:\/\/www.chocolate7.com\/en\/wp-json\/wp\/v2\/giftcard-category?post=26326"}],"curies":[{"name":"wp","href":"https:\/\/api.w.org\/{rel}","templated":true}]}}