{"id":26388,"date":"2022-03-16T16:17:53","date_gmt":"2022-03-16T15:17:53","guid":{"rendered":"https:\/\/www.chocolate7.com\/?post_type=product&#038;p=26388"},"modified":"2022-12-20T18:09:05","modified_gmt":"2022-12-20T17:09:05","slug":"cacao-experience-tanzania-kilombero-valley-milk","status":"publish","type":"product","link":"https:\/\/www.chocolate7.com\/en\/shop\/bar\/milk\/cacao-experience-tanzania-kilombero-valley-milk\/","title":{"rendered":"Cacao Experience Tanzania Kilombero Valley milk"},"content":{"rendered":"<p style=\"text-align: left\">Milk chocolate- Made by Cacao Experience<\/p>\n<p style=\"text-align: left\">Tr\u00e8s cacaot\u00e9 et doux \u00e0 la fois, le dark milk de Tanzanie s\u00e9duit par ses rondeurs, sa petite touche lact\u00e9e et ses ar\u00f4mes de fruits noirs. Recommand\u00e9 pour les fins gourmets. Ce cacao est achet\u00e9 \u00e0 des petits producteurs puis ferment\u00e9 et s\u00e9ch\u00e9 par la coop\u00e9rative agricole Kokoa Kamily.<\/p>\n","protected":false},"excerpt":{"rendered":"<p>Cacao Experience is a bean to bar chocolate maker from France. This fine chocolate bar is made with cocoa from Tanzania (Kilombero Valley, Kokoa Kamili). Cacao Experience Tanzania Kilombero Valley milk 55% is a balanced milk chocolate, with floral aromatic notes, cherry, plum, hazelnut, cream, chocolate pudding<\/p>\n","protected":false},"featured_media":26390,"template":"","meta":[],"pwb-brand":[9254],"product_brand":[],"product_cat":[3251,3259],"product_tag":[],"giftcard-category":[],"class_list":{"0":"post-26388","1":"product","2":"type-product","3":"status-publish","4":"has-post-thumbnail","6":"pwb-brand-cacao-experience-en","7":"product_cat-bar","8":"product_cat-milk","9":"pa_acidita-2-en","10":"pa_allergeni-may-contain-traces-of-gluten-nuts-milk","11":"pa_allergeni-milk","12":"pa_amarezza-0-en","13":"pa_astringenza-0-en","14":"pa_cacao-50-59-en","15":"pa_carboidrati-3888-g-en","16":"pa_carboidrati-zuccheri-34-g-en","17":"pa_codice-a-barre-6263978900094-en","18":"pa_conservazione-store-in-a-cool-and-dry-place-between-16-c-and-18-c","19":"pa_dolcezza-4-en","20":"pa_grassi-40-g-en","21":"pa_grassi-saturi-2469-g-en","22":"pa_ingredienti-cocoa-beans-sugar-whole-milk-powder-cocoa-butter","23":"pa_note-di-degustazione-floral-notes-cherry-plum-hazelnut-cream-chocolate-pudding","24":"pa_paese-delle-fave-di-cacao-tanzania-en","25":"pa_paese-produttore-france","26":"pa_percentuale-di-cacao-55-en","27":"pa_proteine-1016-g-en","28":"pa_regione-kokoa-kamili-en","29":"pa_sale-018-g-en","30":"pa_tipo-di-cioccolato-milk-chocolate","31":"pa_valore-energetico-567-kcal-2367-kj-en","32":"pa_varieta-delle-fave-kilombero-valley-en","34":"first","35":"outofstock","36":"taxable","37":"shipping-taxable","38":"purchasable","39":"product-type-simple"},"yoast_head":"<!-- This site is optimized with the Yoast SEO plugin v23.3 - https:\/\/yoast.com\/wordpress\/plugins\/seo\/ -->\n<title>Cacao Experience Tanzania Kilombero Valley milk - Chocolate7<\/title>\n<meta name=\"robots\" content=\"index, follow, max-snippet:-1, max-image-preview:large, max-video-preview:-1\" \/>\n<link rel=\"canonical\" href=\"https:\/\/www.chocolate7.com\/en\/shop\/bar\/milk\/cacao-experience-tanzania-kilombero-valley-milk\/\" \/>\n<meta property=\"og:locale\" content=\"en_US\" \/>\n<meta property=\"og:type\" content=\"article\" \/>\n<meta property=\"og:title\" content=\"Cacao Experience Tanzania Kilombero Valley milk - Chocolate7\" \/>\n<meta property=\"og:description\" content=\"Cacao Experience is a bean to bar chocolate maker from France. This fine chocolate bar is made with cocoa from Tanzania (Kilombero Valley, Kokoa Kamili). Cacao Experience Tanzania Kilombero Valley milk 55% is a balanced milk chocolate, with floral aromatic notes, cherry, plum, hazelnut, cream, chocolate pudding\" \/>\n<meta property=\"og:url\" content=\"https:\/\/www.chocolate7.com\/en\/shop\/bar\/milk\/cacao-experience-tanzania-kilombero-valley-milk\/\" \/>\n<meta property=\"og:site_name\" content=\"Chocolate7\" \/>\n<meta property=\"article:publisher\" content=\"https:\/\/www.facebook.com\/cremino.gianduia.1\" \/>\n<meta property=\"article:modified_time\" content=\"2022-12-20T17:09:05+00:00\" \/>\n<meta property=\"og:image\" content=\"https:\/\/www.chocolate7.com\/wp-content\/uploads\/2022\/03\/IMG_20220316_154800_772-e1647444462805.jpg\" \/>\n\t<meta property=\"og:image:width\" content=\"600\" \/>\n\t<meta property=\"og:image:height\" content=\"600\" \/>\n\t<meta property=\"og:image:type\" content=\"image\/jpeg\" \/>\n<meta name=\"twitter:card\" content=\"summary_large_image\" \/>\n<meta name=\"twitter:site\" content=\"@GianduiaCremino\" \/>\n<script type=\"application\/ld+json\" class=\"yoast-schema-graph\">{\"@context\":\"https:\/\/schema.org\",\"@graph\":[{\"@type\":\"WebPage\",\"@id\":\"https:\/\/www.chocolate7.com\/en\/shop\/bar\/milk\/cacao-experience-tanzania-kilombero-valley-milk\/\",\"url\":\"https:\/\/www.chocolate7.com\/en\/shop\/bar\/milk\/cacao-experience-tanzania-kilombero-valley-milk\/\",\"name\":\"Cacao Experience Tanzania Kilombero Valley milk - Chocolate7\",\"isPartOf\":{\"@id\":\"https:\/\/www.chocolate7.com\/#website\"},\"primaryImageOfPage\":{\"@id\":\"https:\/\/www.chocolate7.com\/en\/shop\/bar\/milk\/cacao-experience-tanzania-kilombero-valley-milk\/#primaryimage\"},\"image\":{\"@id\":\"https:\/\/www.chocolate7.com\/en\/shop\/bar\/milk\/cacao-experience-tanzania-kilombero-valley-milk\/#primaryimage\"},\"thumbnailUrl\":\"https:\/\/www.chocolate7.com\/wp-content\/uploads\/2022\/03\/IMG_20220316_154800_772-e1647444462805.jpg\",\"datePublished\":\"2022-03-16T15:17:53+00:00\",\"dateModified\":\"2022-12-20T17:09:05+00:00\",\"breadcrumb\":{\"@id\":\"https:\/\/www.chocolate7.com\/en\/shop\/bar\/milk\/cacao-experience-tanzania-kilombero-valley-milk\/#breadcrumb\"},\"inLanguage\":\"en-US\",\"potentialAction\":[{\"@type\":\"ReadAction\",\"target\":[\"https:\/\/www.chocolate7.com\/en\/shop\/bar\/milk\/cacao-experience-tanzania-kilombero-valley-milk\/\"]}]},{\"@type\":\"ImageObject\",\"inLanguage\":\"en-US\",\"@id\":\"https:\/\/www.chocolate7.com\/en\/shop\/bar\/milk\/cacao-experience-tanzania-kilombero-valley-milk\/#primaryimage\",\"url\":\"https:\/\/www.chocolate7.com\/wp-content\/uploads\/2022\/03\/IMG_20220316_154800_772-e1647444462805.jpg\",\"contentUrl\":\"https:\/\/www.chocolate7.com\/wp-content\/uploads\/2022\/03\/IMG_20220316_154800_772-e1647444462805.jpg\",\"width\":600,\"height\":600},{\"@type\":\"BreadcrumbList\",\"@id\":\"https:\/\/www.chocolate7.com\/en\/shop\/bar\/milk\/cacao-experience-tanzania-kilombero-valley-milk\/#breadcrumb\",\"itemListElement\":[{\"@type\":\"ListItem\",\"position\":1,\"name\":\"Home\",\"item\":\"https:\/\/www.chocolate7.com\/en\/\"},{\"@type\":\"ListItem\",\"position\":2,\"name\":\"Shop\",\"item\":\"https:\/\/www.chocolate7.com\/en\/store\/\"},{\"@type\":\"ListItem\",\"position\":3,\"name\":\"Cacao Experience Tanzania Kilombero Valley milk\"}]},{\"@type\":\"WebSite\",\"@id\":\"https:\/\/www.chocolate7.com\/#website\",\"url\":\"https:\/\/www.chocolate7.com\/\",\"name\":\"Chocolate7\",\"description\":\"The fine &amp; luxury chocolate selection\",\"publisher\":{\"@id\":\"https:\/\/www.chocolate7.com\/#organization\"},\"potentialAction\":[{\"@type\":\"SearchAction\",\"target\":{\"@type\":\"EntryPoint\",\"urlTemplate\":\"https:\/\/www.chocolate7.com\/?s={search_term_string}\"},\"query-input\":\"required name=search_term_string\"}],\"inLanguage\":\"en-US\"},{\"@type\":\"Organization\",\"@id\":\"https:\/\/www.chocolate7.com\/#organization\",\"name\":\"Choc7 di Benedetto Giovanni\",\"url\":\"https:\/\/www.chocolate7.com\/\",\"logo\":{\"@type\":\"ImageObject\",\"inLanguage\":\"en-US\",\"@id\":\"https:\/\/www.chocolate7.com\/#\/schema\/logo\/image\/\",\"url\":\"https:\/\/www.chocolate7.com\/wp-content\/uploads\/2018\/10\/logo_chocolate.png\",\"contentUrl\":\"https:\/\/www.chocolate7.com\/wp-content\/uploads\/2018\/10\/logo_chocolate.png\",\"width\":200,\"height\":41,\"caption\":\"Choc7 di Benedetto Giovanni\"},\"image\":{\"@id\":\"https:\/\/www.chocolate7.com\/#\/schema\/logo\/image\/\"},\"sameAs\":[\"https:\/\/www.facebook.com\/cremino.gianduia.1\",\"https:\/\/x.com\/GianduiaCremino\",\"https:\/\/www.instagram.com\/creminogianduia\/\",\"https:\/\/www.pinterest.com.au\/creminogianduia\/\",\"https:\/\/www.youtube.com\/channel\/UCWFQlcc9EQnAsLkD8rBsgig\"]}]}<\/script>\n<!-- \/ Yoast SEO plugin. -->","yoast_head_json":{"title":"Cacao Experience Tanzania Kilombero Valley milk - Chocolate7","robots":{"index":"index","follow":"follow","max-snippet":"max-snippet:-1","max-image-preview":"max-image-preview:large","max-video-preview":"max-video-preview:-1"},"canonical":"https:\/\/www.chocolate7.com\/en\/shop\/bar\/milk\/cacao-experience-tanzania-kilombero-valley-milk\/","og_locale":"en_US","og_type":"article","og_title":"Cacao Experience Tanzania Kilombero Valley milk - Chocolate7","og_description":"Cacao Experience is a bean to bar chocolate maker from France. This fine chocolate bar is made with cocoa from Tanzania (Kilombero Valley, Kokoa Kamili). Cacao Experience Tanzania Kilombero Valley milk 55% is a balanced milk chocolate, with floral aromatic notes, cherry, plum, hazelnut, cream, chocolate pudding","og_url":"https:\/\/www.chocolate7.com\/en\/shop\/bar\/milk\/cacao-experience-tanzania-kilombero-valley-milk\/","og_site_name":"Chocolate7","article_publisher":"https:\/\/www.facebook.com\/cremino.gianduia.1","article_modified_time":"2022-12-20T17:09:05+00:00","og_image":[{"width":600,"height":600,"url":"https:\/\/www.chocolate7.com\/wp-content\/uploads\/2022\/03\/IMG_20220316_154800_772-e1647444462805.jpg","type":"image\/jpeg"}],"twitter_card":"summary_large_image","twitter_site":"@GianduiaCremino","schema":{"@context":"https:\/\/schema.org","@graph":[{"@type":"WebPage","@id":"https:\/\/www.chocolate7.com\/en\/shop\/bar\/milk\/cacao-experience-tanzania-kilombero-valley-milk\/","url":"https:\/\/www.chocolate7.com\/en\/shop\/bar\/milk\/cacao-experience-tanzania-kilombero-valley-milk\/","name":"Cacao Experience Tanzania Kilombero Valley milk - Chocolate7","isPartOf":{"@id":"https:\/\/www.chocolate7.com\/#website"},"primaryImageOfPage":{"@id":"https:\/\/www.chocolate7.com\/en\/shop\/bar\/milk\/cacao-experience-tanzania-kilombero-valley-milk\/#primaryimage"},"image":{"@id":"https:\/\/www.chocolate7.com\/en\/shop\/bar\/milk\/cacao-experience-tanzania-kilombero-valley-milk\/#primaryimage"},"thumbnailUrl":"https:\/\/www.chocolate7.com\/wp-content\/uploads\/2022\/03\/IMG_20220316_154800_772-e1647444462805.jpg","datePublished":"2022-03-16T15:17:53+00:00","dateModified":"2022-12-20T17:09:05+00:00","breadcrumb":{"@id":"https:\/\/www.chocolate7.com\/en\/shop\/bar\/milk\/cacao-experience-tanzania-kilombero-valley-milk\/#breadcrumb"},"inLanguage":"en-US","potentialAction":[{"@type":"ReadAction","target":["https:\/\/www.chocolate7.com\/en\/shop\/bar\/milk\/cacao-experience-tanzania-kilombero-valley-milk\/"]}]},{"@type":"ImageObject","inLanguage":"en-US","@id":"https:\/\/www.chocolate7.com\/en\/shop\/bar\/milk\/cacao-experience-tanzania-kilombero-valley-milk\/#primaryimage","url":"https:\/\/www.chocolate7.com\/wp-content\/uploads\/2022\/03\/IMG_20220316_154800_772-e1647444462805.jpg","contentUrl":"https:\/\/www.chocolate7.com\/wp-content\/uploads\/2022\/03\/IMG_20220316_154800_772-e1647444462805.jpg","width":600,"height":600},{"@type":"BreadcrumbList","@id":"https:\/\/www.chocolate7.com\/en\/shop\/bar\/milk\/cacao-experience-tanzania-kilombero-valley-milk\/#breadcrumb","itemListElement":[{"@type":"ListItem","position":1,"name":"Home","item":"https:\/\/www.chocolate7.com\/en\/"},{"@type":"ListItem","position":2,"name":"Shop","item":"https:\/\/www.chocolate7.com\/en\/store\/"},{"@type":"ListItem","position":3,"name":"Cacao Experience Tanzania Kilombero Valley milk"}]},{"@type":"WebSite","@id":"https:\/\/www.chocolate7.com\/#website","url":"https:\/\/www.chocolate7.com\/","name":"Chocolate7","description":"The fine &amp; luxury chocolate selection","publisher":{"@id":"https:\/\/www.chocolate7.com\/#organization"},"potentialAction":[{"@type":"SearchAction","target":{"@type":"EntryPoint","urlTemplate":"https:\/\/www.chocolate7.com\/?s={search_term_string}"},"query-input":"required name=search_term_string"}],"inLanguage":"en-US"},{"@type":"Organization","@id":"https:\/\/www.chocolate7.com\/#organization","name":"Choc7 di Benedetto Giovanni","url":"https:\/\/www.chocolate7.com\/","logo":{"@type":"ImageObject","inLanguage":"en-US","@id":"https:\/\/www.chocolate7.com\/#\/schema\/logo\/image\/","url":"https:\/\/www.chocolate7.com\/wp-content\/uploads\/2018\/10\/logo_chocolate.png","contentUrl":"https:\/\/www.chocolate7.com\/wp-content\/uploads\/2018\/10\/logo_chocolate.png","width":200,"height":41,"caption":"Choc7 di Benedetto Giovanni"},"image":{"@id":"https:\/\/www.chocolate7.com\/#\/schema\/logo\/image\/"},"sameAs":["https:\/\/www.facebook.com\/cremino.gianduia.1","https:\/\/x.com\/GianduiaCremino","https:\/\/www.instagram.com\/creminogianduia\/","https:\/\/www.pinterest.com.au\/creminogianduia\/","https:\/\/www.youtube.com\/channel\/UCWFQlcc9EQnAsLkD8rBsgig"]}]}},"brands":[{"id":9254,"name":"Cacao Experience","slug":"cacao-experience-en"}],"_links":{"self":[{"href":"https:\/\/www.chocolate7.com\/en\/wp-json\/wp\/v2\/product\/26388","targetHints":{"allow":["GET"]}}],"collection":[{"href":"https:\/\/www.chocolate7.com\/en\/wp-json\/wp\/v2\/product"}],"about":[{"href":"https:\/\/www.chocolate7.com\/en\/wp-json\/wp\/v2\/types\/product"}],"wp:featuredmedia":[{"embeddable":true,"href":"https:\/\/www.chocolate7.com\/en\/wp-json\/wp\/v2\/media\/26390"}],"wp:attachment":[{"href":"https:\/\/www.chocolate7.com\/en\/wp-json\/wp\/v2\/media?parent=26388"}],"wp:term":[{"taxonomy":"pwb-brand","embeddable":true,"href":"https:\/\/www.chocolate7.com\/en\/wp-json\/wp\/v2\/pwb-brand?post=26388"},{"taxonomy":"product_brand","embeddable":true,"href":"https:\/\/www.chocolate7.com\/en\/wp-json\/wp\/v2\/product_brand?post=26388"},{"taxonomy":"product_cat","embeddable":true,"href":"https:\/\/www.chocolate7.com\/en\/wp-json\/wp\/v2\/product_cat?post=26388"},{"taxonomy":"product_tag","embeddable":true,"href":"https:\/\/www.chocolate7.com\/en\/wp-json\/wp\/v2\/product_tag?post=26388"},{"taxonomy":"giftcard-category","embeddable":true,"href":"https:\/\/www.chocolate7.com\/en\/wp-json\/wp\/v2\/giftcard-category?post=26388"}],"curies":[{"name":"wp","href":"https:\/\/api.w.org\/{rel}","templated":true}]}}