{"id":26392,"date":"2022-03-16T16:46:22","date_gmt":"2022-03-16T15:46:23","guid":{"rendered":"https:\/\/www.chocolate7.com\/?post_type=product&#038;p=26392"},"modified":"2023-10-05T07:16:02","modified_gmt":"2023-10-05T05:16:02","slug":"cacao-experience-india-idukki-white-chocolate-with-matcha-tea","status":"publish","type":"product","link":"https:\/\/www.chocolate7.com\/en\/shop\/bar\/flavoured-filled-inclusions-white-chocolate\/cacao-experience-india-idukki-white-chocolate-with-matcha-tea\/","title":{"rendered":"Cacao Experience India Idukki white chocolate with Matcha tea"},"content":{"rendered":"<p>Inclusions \/ flavored \/ filled white chocolate &#8211; Made by Cacao Experience<\/p>\n<p>Le chocolat au th\u00e9 matcha is a chocolat blanc au lait entier et poudre de tea matcha qui conf\u00e8re une belle couleur verte \u00e0 la tablette. Le beurre de cacao utilis\u00e9 (40%) est pure origin Inde (idukki district, Go ground coop.) 4% de th\u00e9 vert (Matcha et Sencha). Created in partnership with the Jardins de Ga\u00efa, maison pr\u00e9curseure du th\u00e9 BIO en France depuis 1994.<\/p>\n<p style=\"text-align: left\">\n","protected":false},"excerpt":{"rendered":"<p>Cacao Experience is a bean to bar chocolate maker from France. This fine chocolate bar is made with cocoa from India (Kerala, Idukki). Cacao Experience India Idukki White with Matcha Tea 40% is a Matcha tea white chocolate made with whole milk, 4% green tea (Matcha and Sencha) created in collaboration with Les Jardins de Ga\u00efa, a precursor of organic tea in France since 1994. The cocoa butter used (40%) is of pure Indian origin (Idukki district, Go ground coop.)<\/p>\n<p>&nbsp;<\/p>\n<p>&nbsp;<\/p>\n<p>&nbsp;<\/p>\n","protected":false},"featured_media":26395,"template":"","meta":[],"pwb-brand":[9254],"product_brand":[],"product_cat":[3251,3254],"product_tag":[],"giftcard-category":[],"class_list":{"0":"post-26392","1":"product","2":"type-product","3":"status-publish","4":"has-post-thumbnail","6":"pwb-brand-cacao-experience-en","7":"product_cat-bar","8":"product_cat-flavoured-filled-inclusions-white-chocolate","9":"pa_acidita-2-en","10":"pa_allergeni-may-contain-traces-of-gluten-nuts-milk","11":"pa_allergeni-milk","12":"pa_amarezza-4-en","13":"pa_astringenza-2-en","14":"pa_cacao-40-49-en","15":"pa_carboidrati-37-g-en","16":"pa_carboidrati-zuccheri-37-g-en","17":"pa_codice-a-barre-6676787690076-en","18":"pa_conservazione-store-in-a-cool-and-dry-place-between-16-c-and-18-c","19":"pa_dolcezza-2-en","20":"pa_grassi-48-g-en","21":"pa_grassi-saturi-29-g-en","22":"pa_ingredienti-cocoa-butter-sugar-whole-milk-powder-green-teas-matcha-sencha","23":"pa_note-di-degustazione-matcha-tea","24":"pa_paese-delle-fave-di-cacao-india-en","25":"pa_paese-produttore-france","26":"pa_percentuale-di-cacao-40-en","27":"pa_proteine-81-g-en","28":"pa_regione-kerala-en","29":"pa_sale-029-g-en","30":"pa_tipo-di-cioccolato-flavoured-filled-inclusions-white-chocolate-bar","31":"pa_valore-energetico-650-kcal-2554-kj-en","32":"pa_varieta-delle-fave-idukki-en","34":"first","35":"instock","36":"taxable","37":"shipping-taxable","38":"purchasable","39":"product-type-simple"},"yoast_head":"<!-- This site is optimized with the Yoast SEO plugin v23.3 - https:\/\/yoast.com\/wordpress\/plugins\/seo\/ -->\n<title>Cacao Experience India Idukki white chocolate with Matcha tea - Chocolate7<\/title>\n<meta name=\"robots\" content=\"index, follow, max-snippet:-1, max-image-preview:large, max-video-preview:-1\" \/>\n<link rel=\"canonical\" href=\"https:\/\/www.chocolate7.com\/en\/shop\/bar\/flavoured-filled-inclusions-white-chocolate\/cacao-experience-india-idukki-white-chocolate-with-matcha-tea\/\" \/>\n<meta property=\"og:locale\" content=\"en_US\" \/>\n<meta property=\"og:type\" content=\"article\" \/>\n<meta property=\"og:title\" content=\"Cacao Experience India Idukki white chocolate with Matcha tea - Chocolate7\" \/>\n<meta property=\"og:description\" content=\"Cacao Experience is a bean to bar chocolate maker from France. This fine chocolate bar is made with cocoa from India (Kerala, Idukki). Cacao Experience India Idukki White with Matcha Tea 40% is a Matcha tea white chocolate made with whole milk, 4% green tea (Matcha and Sencha) created in collaboration with Les Jardins de Ga\u00efa, a precursor of organic tea in France since 1994. The cocoa butter used (40%) is of pure Indian origin (Idukki district, Go ground coop.)  &nbsp;  &nbsp;  &nbsp;\" \/>\n<meta property=\"og:url\" content=\"https:\/\/www.chocolate7.com\/en\/shop\/bar\/flavoured-filled-inclusions-white-chocolate\/cacao-experience-india-idukki-white-chocolate-with-matcha-tea\/\" \/>\n<meta property=\"og:site_name\" content=\"Chocolate7\" \/>\n<meta property=\"article:publisher\" content=\"https:\/\/www.facebook.com\/cremino.gianduia.1\" \/>\n<meta property=\"article:modified_time\" content=\"2023-10-05T05:16:02+00:00\" \/>\n<meta property=\"og:image\" content=\"https:\/\/www.chocolate7.com\/wp-content\/uploads\/2022\/03\/IMG_20220316_171443_367-e1647447356417.jpg\" \/>\n\t<meta property=\"og:image:width\" content=\"600\" \/>\n\t<meta property=\"og:image:height\" content=\"600\" \/>\n\t<meta property=\"og:image:type\" content=\"image\/jpeg\" \/>\n<meta name=\"twitter:card\" content=\"summary_large_image\" \/>\n<meta name=\"twitter:site\" content=\"@GianduiaCremino\" \/>\n<script type=\"application\/ld+json\" class=\"yoast-schema-graph\">{\"@context\":\"https:\/\/schema.org\",\"@graph\":[{\"@type\":\"WebPage\",\"@id\":\"https:\/\/www.chocolate7.com\/en\/shop\/bar\/flavoured-filled-inclusions-white-chocolate\/cacao-experience-india-idukki-white-chocolate-with-matcha-tea\/\",\"url\":\"https:\/\/www.chocolate7.com\/en\/shop\/bar\/flavoured-filled-inclusions-white-chocolate\/cacao-experience-india-idukki-white-chocolate-with-matcha-tea\/\",\"name\":\"Cacao Experience India Idukki white chocolate with Matcha tea - Chocolate7\",\"isPartOf\":{\"@id\":\"https:\/\/www.chocolate7.com\/#website\"},\"primaryImageOfPage\":{\"@id\":\"https:\/\/www.chocolate7.com\/en\/shop\/bar\/flavoured-filled-inclusions-white-chocolate\/cacao-experience-india-idukki-white-chocolate-with-matcha-tea\/#primaryimage\"},\"image\":{\"@id\":\"https:\/\/www.chocolate7.com\/en\/shop\/bar\/flavoured-filled-inclusions-white-chocolate\/cacao-experience-india-idukki-white-chocolate-with-matcha-tea\/#primaryimage\"},\"thumbnailUrl\":\"https:\/\/www.chocolate7.com\/wp-content\/uploads\/2022\/03\/IMG_20220316_171443_367-e1647447356417.jpg\",\"datePublished\":\"2022-03-16T15:46:23+00:00\",\"dateModified\":\"2023-10-05T05:16:02+00:00\",\"breadcrumb\":{\"@id\":\"https:\/\/www.chocolate7.com\/en\/shop\/bar\/flavoured-filled-inclusions-white-chocolate\/cacao-experience-india-idukki-white-chocolate-with-matcha-tea\/#breadcrumb\"},\"inLanguage\":\"en-US\",\"potentialAction\":[{\"@type\":\"ReadAction\",\"target\":[\"https:\/\/www.chocolate7.com\/en\/shop\/bar\/flavoured-filled-inclusions-white-chocolate\/cacao-experience-india-idukki-white-chocolate-with-matcha-tea\/\"]}]},{\"@type\":\"ImageObject\",\"inLanguage\":\"en-US\",\"@id\":\"https:\/\/www.chocolate7.com\/en\/shop\/bar\/flavoured-filled-inclusions-white-chocolate\/cacao-experience-india-idukki-white-chocolate-with-matcha-tea\/#primaryimage\",\"url\":\"https:\/\/www.chocolate7.com\/wp-content\/uploads\/2022\/03\/IMG_20220316_171443_367-e1647447356417.jpg\",\"contentUrl\":\"https:\/\/www.chocolate7.com\/wp-content\/uploads\/2022\/03\/IMG_20220316_171443_367-e1647447356417.jpg\",\"width\":600,\"height\":600},{\"@type\":\"BreadcrumbList\",\"@id\":\"https:\/\/www.chocolate7.com\/en\/shop\/bar\/flavoured-filled-inclusions-white-chocolate\/cacao-experience-india-idukki-white-chocolate-with-matcha-tea\/#breadcrumb\",\"itemListElement\":[{\"@type\":\"ListItem\",\"position\":1,\"name\":\"Home\",\"item\":\"https:\/\/www.chocolate7.com\/en\/\"},{\"@type\":\"ListItem\",\"position\":2,\"name\":\"Shop\",\"item\":\"https:\/\/www.chocolate7.com\/en\/store\/\"},{\"@type\":\"ListItem\",\"position\":3,\"name\":\"Cacao Experience India Idukki white chocolate with Matcha tea\"}]},{\"@type\":\"WebSite\",\"@id\":\"https:\/\/www.chocolate7.com\/#website\",\"url\":\"https:\/\/www.chocolate7.com\/\",\"name\":\"Chocolate7\",\"description\":\"The fine &amp; luxury chocolate selection\",\"publisher\":{\"@id\":\"https:\/\/www.chocolate7.com\/#organization\"},\"potentialAction\":[{\"@type\":\"SearchAction\",\"target\":{\"@type\":\"EntryPoint\",\"urlTemplate\":\"https:\/\/www.chocolate7.com\/?s={search_term_string}\"},\"query-input\":\"required name=search_term_string\"}],\"inLanguage\":\"en-US\"},{\"@type\":\"Organization\",\"@id\":\"https:\/\/www.chocolate7.com\/#organization\",\"name\":\"Choc7 di Benedetto Giovanni\",\"url\":\"https:\/\/www.chocolate7.com\/\",\"logo\":{\"@type\":\"ImageObject\",\"inLanguage\":\"en-US\",\"@id\":\"https:\/\/www.chocolate7.com\/#\/schema\/logo\/image\/\",\"url\":\"https:\/\/www.chocolate7.com\/wp-content\/uploads\/2018\/10\/logo_chocolate.png\",\"contentUrl\":\"https:\/\/www.chocolate7.com\/wp-content\/uploads\/2018\/10\/logo_chocolate.png\",\"width\":200,\"height\":41,\"caption\":\"Choc7 di Benedetto Giovanni\"},\"image\":{\"@id\":\"https:\/\/www.chocolate7.com\/#\/schema\/logo\/image\/\"},\"sameAs\":[\"https:\/\/www.facebook.com\/cremino.gianduia.1\",\"https:\/\/x.com\/GianduiaCremino\",\"https:\/\/www.instagram.com\/creminogianduia\/\",\"https:\/\/www.pinterest.com.au\/creminogianduia\/\",\"https:\/\/www.youtube.com\/channel\/UCWFQlcc9EQnAsLkD8rBsgig\"]}]}<\/script>\n<!-- \/ Yoast SEO plugin. -->","yoast_head_json":{"title":"Cacao Experience India Idukki white chocolate with Matcha tea - Chocolate7","robots":{"index":"index","follow":"follow","max-snippet":"max-snippet:-1","max-image-preview":"max-image-preview:large","max-video-preview":"max-video-preview:-1"},"canonical":"https:\/\/www.chocolate7.com\/en\/shop\/bar\/flavoured-filled-inclusions-white-chocolate\/cacao-experience-india-idukki-white-chocolate-with-matcha-tea\/","og_locale":"en_US","og_type":"article","og_title":"Cacao Experience India Idukki white chocolate with Matcha tea - Chocolate7","og_description":"Cacao Experience is a bean to bar chocolate maker from France. This fine chocolate bar is made with cocoa from India (Kerala, Idukki). Cacao Experience India Idukki White with Matcha Tea 40% is a Matcha tea white chocolate made with whole milk, 4% green tea (Matcha and Sencha) created in collaboration with Les Jardins de Ga\u00efa, a precursor of organic tea in France since 1994. The cocoa butter used (40%) is of pure Indian origin (Idukki district, Go ground coop.)  &nbsp;  &nbsp;  &nbsp;","og_url":"https:\/\/www.chocolate7.com\/en\/shop\/bar\/flavoured-filled-inclusions-white-chocolate\/cacao-experience-india-idukki-white-chocolate-with-matcha-tea\/","og_site_name":"Chocolate7","article_publisher":"https:\/\/www.facebook.com\/cremino.gianduia.1","article_modified_time":"2023-10-05T05:16:02+00:00","og_image":[{"width":600,"height":600,"url":"https:\/\/www.chocolate7.com\/wp-content\/uploads\/2022\/03\/IMG_20220316_171443_367-e1647447356417.jpg","type":"image\/jpeg"}],"twitter_card":"summary_large_image","twitter_site":"@GianduiaCremino","schema":{"@context":"https:\/\/schema.org","@graph":[{"@type":"WebPage","@id":"https:\/\/www.chocolate7.com\/en\/shop\/bar\/flavoured-filled-inclusions-white-chocolate\/cacao-experience-india-idukki-white-chocolate-with-matcha-tea\/","url":"https:\/\/www.chocolate7.com\/en\/shop\/bar\/flavoured-filled-inclusions-white-chocolate\/cacao-experience-india-idukki-white-chocolate-with-matcha-tea\/","name":"Cacao Experience India Idukki white chocolate with Matcha tea - Chocolate7","isPartOf":{"@id":"https:\/\/www.chocolate7.com\/#website"},"primaryImageOfPage":{"@id":"https:\/\/www.chocolate7.com\/en\/shop\/bar\/flavoured-filled-inclusions-white-chocolate\/cacao-experience-india-idukki-white-chocolate-with-matcha-tea\/#primaryimage"},"image":{"@id":"https:\/\/www.chocolate7.com\/en\/shop\/bar\/flavoured-filled-inclusions-white-chocolate\/cacao-experience-india-idukki-white-chocolate-with-matcha-tea\/#primaryimage"},"thumbnailUrl":"https:\/\/www.chocolate7.com\/wp-content\/uploads\/2022\/03\/IMG_20220316_171443_367-e1647447356417.jpg","datePublished":"2022-03-16T15:46:23+00:00","dateModified":"2023-10-05T05:16:02+00:00","breadcrumb":{"@id":"https:\/\/www.chocolate7.com\/en\/shop\/bar\/flavoured-filled-inclusions-white-chocolate\/cacao-experience-india-idukki-white-chocolate-with-matcha-tea\/#breadcrumb"},"inLanguage":"en-US","potentialAction":[{"@type":"ReadAction","target":["https:\/\/www.chocolate7.com\/en\/shop\/bar\/flavoured-filled-inclusions-white-chocolate\/cacao-experience-india-idukki-white-chocolate-with-matcha-tea\/"]}]},{"@type":"ImageObject","inLanguage":"en-US","@id":"https:\/\/www.chocolate7.com\/en\/shop\/bar\/flavoured-filled-inclusions-white-chocolate\/cacao-experience-india-idukki-white-chocolate-with-matcha-tea\/#primaryimage","url":"https:\/\/www.chocolate7.com\/wp-content\/uploads\/2022\/03\/IMG_20220316_171443_367-e1647447356417.jpg","contentUrl":"https:\/\/www.chocolate7.com\/wp-content\/uploads\/2022\/03\/IMG_20220316_171443_367-e1647447356417.jpg","width":600,"height":600},{"@type":"BreadcrumbList","@id":"https:\/\/www.chocolate7.com\/en\/shop\/bar\/flavoured-filled-inclusions-white-chocolate\/cacao-experience-india-idukki-white-chocolate-with-matcha-tea\/#breadcrumb","itemListElement":[{"@type":"ListItem","position":1,"name":"Home","item":"https:\/\/www.chocolate7.com\/en\/"},{"@type":"ListItem","position":2,"name":"Shop","item":"https:\/\/www.chocolate7.com\/en\/store\/"},{"@type":"ListItem","position":3,"name":"Cacao Experience India Idukki white chocolate with Matcha tea"}]},{"@type":"WebSite","@id":"https:\/\/www.chocolate7.com\/#website","url":"https:\/\/www.chocolate7.com\/","name":"Chocolate7","description":"The fine &amp; luxury chocolate selection","publisher":{"@id":"https:\/\/www.chocolate7.com\/#organization"},"potentialAction":[{"@type":"SearchAction","target":{"@type":"EntryPoint","urlTemplate":"https:\/\/www.chocolate7.com\/?s={search_term_string}"},"query-input":"required name=search_term_string"}],"inLanguage":"en-US"},{"@type":"Organization","@id":"https:\/\/www.chocolate7.com\/#organization","name":"Choc7 di Benedetto Giovanni","url":"https:\/\/www.chocolate7.com\/","logo":{"@type":"ImageObject","inLanguage":"en-US","@id":"https:\/\/www.chocolate7.com\/#\/schema\/logo\/image\/","url":"https:\/\/www.chocolate7.com\/wp-content\/uploads\/2018\/10\/logo_chocolate.png","contentUrl":"https:\/\/www.chocolate7.com\/wp-content\/uploads\/2018\/10\/logo_chocolate.png","width":200,"height":41,"caption":"Choc7 di Benedetto Giovanni"},"image":{"@id":"https:\/\/www.chocolate7.com\/#\/schema\/logo\/image\/"},"sameAs":["https:\/\/www.facebook.com\/cremino.gianduia.1","https:\/\/x.com\/GianduiaCremino","https:\/\/www.instagram.com\/creminogianduia\/","https:\/\/www.pinterest.com.au\/creminogianduia\/","https:\/\/www.youtube.com\/channel\/UCWFQlcc9EQnAsLkD8rBsgig"]}]}},"brands":[{"id":9254,"name":"Cacao Experience","slug":"cacao-experience-en"}],"_links":{"self":[{"href":"https:\/\/www.chocolate7.com\/en\/wp-json\/wp\/v2\/product\/26392","targetHints":{"allow":["GET"]}}],"collection":[{"href":"https:\/\/www.chocolate7.com\/en\/wp-json\/wp\/v2\/product"}],"about":[{"href":"https:\/\/www.chocolate7.com\/en\/wp-json\/wp\/v2\/types\/product"}],"wp:featuredmedia":[{"embeddable":true,"href":"https:\/\/www.chocolate7.com\/en\/wp-json\/wp\/v2\/media\/26395"}],"wp:attachment":[{"href":"https:\/\/www.chocolate7.com\/en\/wp-json\/wp\/v2\/media?parent=26392"}],"wp:term":[{"taxonomy":"pwb-brand","embeddable":true,"href":"https:\/\/www.chocolate7.com\/en\/wp-json\/wp\/v2\/pwb-brand?post=26392"},{"taxonomy":"product_brand","embeddable":true,"href":"https:\/\/www.chocolate7.com\/en\/wp-json\/wp\/v2\/product_brand?post=26392"},{"taxonomy":"product_cat","embeddable":true,"href":"https:\/\/www.chocolate7.com\/en\/wp-json\/wp\/v2\/product_cat?post=26392"},{"taxonomy":"product_tag","embeddable":true,"href":"https:\/\/www.chocolate7.com\/en\/wp-json\/wp\/v2\/product_tag?post=26392"},{"taxonomy":"giftcard-category","embeddable":true,"href":"https:\/\/www.chocolate7.com\/en\/wp-json\/wp\/v2\/giftcard-category?post=26392"}],"curies":[{"name":"wp","href":"https:\/\/api.w.org\/{rel}","templated":true}]}}