{"id":26397,"date":"2022-03-16T17:42:04","date_gmt":"2022-03-16T16:42:04","guid":{"rendered":"https:\/\/www.chocolate7.com\/?post_type=product&#038;p=26397"},"modified":"2022-11-13T19:36:47","modified_gmt":"2022-11-13T18:36:47","slug":"cacao-experience-india-idukki-white-chocolate-moreno","status":"publish","type":"product","link":"https:\/\/www.chocolate7.com\/en\/shop\/bar\/flavoured-filled-inclusions-white-chocolate\/cacao-experience-india-idukki-white-chocolate-moreno\/","title":{"rendered":"Cacao Experience India Idukki white chocolate Moreno"},"content":{"rendered":"<p>White chocolate &#8211; Made by Cacao Experience<\/p>\n<p>Le chocolat blanc Moreno est un chocolat blanc au lait entier caram\u00e9lis\u00e9 qui lui conf\u00e8re des ar\u00f4mes biscuit\u00e9s. Le beurre de cacao utilis\u00e9 (40%) est pure origine Inde (idukki district, Go ground coop.)<\/p>\n<p style=\"text-align: left\">\n","protected":false},"excerpt":{"rendered":"<p>Cacao Experience is a bean to bar chocolate maker from France. This fine chocolate bar is made with cocoa from India (Kerala, Idukki). Cacao Experience India Idukki white Moreno is a white chocolate, pleasantly sweet with aromatic notes of dulce de leche, hazelnut butter, vanilla, cream, butter biscuit<\/p>\n","protected":false},"featured_media":26400,"template":"","meta":[],"pwb-brand":[9254],"product_brand":[],"product_cat":[3251,3254],"product_tag":[],"giftcard-category":[],"class_list":{"0":"post-26397","1":"product","2":"type-product","3":"status-publish","4":"has-post-thumbnail","6":"pwb-brand-cacao-experience-en","7":"product_cat-bar","8":"product_cat-flavoured-filled-inclusions-white-chocolate","9":"pa_acidita-0-en","10":"pa_allergeni-may-contain-traces-of-gluten-nuts-milk","11":"pa_allergeni-milk","12":"pa_amarezza-0-en","13":"pa_astringenza-0-en","14":"pa_cacao-40-49-en","15":"pa_carboidrati-37-g-en","16":"pa_carboidrati-zuccheri-37-g-en","17":"pa_codice-a-barre-2847928508113-en","18":"pa_conservazione-store-in-a-cool-and-dry-place-between-16-c-and-18-c","19":"pa_dolcezza-4-en","20":"pa_grassi-44-g-en","21":"pa_grassi-saturi-26-g-en","22":"pa_ingredienti-cocoa-butter-sugar-whole-milk-powder","23":"pa_note-di-degustazione-dulce-de-leche-hazelnut-butter-vanilla-cream-butter-biscuit","24":"pa_paese-delle-fave-di-cacao-india-en","25":"pa_paese-produttore-france","26":"pa_percentuale-di-cacao-40-en","27":"pa_proteine-464-g-en","28":"pa_regione-kerala-en","29":"pa_sale-014-g-en","30":"pa_tipo-di-cioccolato-white-chocolate","31":"pa_valore-energetico-537-kcal-2253-kj-en","32":"pa_varieta-delle-fave-idukki-en","34":"first","35":"outofstock","36":"taxable","37":"shipping-taxable","38":"purchasable","39":"product-type-simple"},"yoast_head":"<!-- This site is optimized with the Yoast SEO plugin v23.3 - https:\/\/yoast.com\/wordpress\/plugins\/seo\/ -->\n<title>Cacao Experience India Idukki white chocolate Moreno - Chocolate7<\/title>\n<meta name=\"robots\" content=\"index, follow, max-snippet:-1, max-image-preview:large, max-video-preview:-1\" \/>\n<link rel=\"canonical\" href=\"https:\/\/www.chocolate7.com\/en\/shop\/bar\/white-chocolate\/cacao-experience-india-idukki-white-chocolate-moreno\/\" \/>\n<meta property=\"og:locale\" content=\"en_US\" \/>\n<meta property=\"og:type\" content=\"article\" \/>\n<meta property=\"og:title\" content=\"Cacao Experience India Idukki white chocolate Moreno - Chocolate7\" \/>\n<meta property=\"og:description\" content=\"Cacao Experience is a bean to bar chocolate maker from France. This fine chocolate bar is made with cocoa from India (Kerala, Idukki). Cacao Experience India Idukki white Moreno is a white chocolate, pleasantly sweet with aromatic notes of dulce de leche, hazelnut butter, vanilla, cream, butter biscuit\" \/>\n<meta property=\"og:url\" content=\"https:\/\/www.chocolate7.com\/en\/shop\/bar\/white-chocolate\/cacao-experience-india-idukki-white-chocolate-moreno\/\" \/>\n<meta property=\"og:site_name\" content=\"Chocolate7\" \/>\n<meta property=\"article:publisher\" content=\"https:\/\/www.facebook.com\/cremino.gianduia.1\" \/>\n<meta property=\"article:modified_time\" content=\"2022-11-13T18:36:47+00:00\" \/>\n<meta property=\"og:image\" content=\"https:\/\/www.chocolate7.com\/wp-content\/uploads\/2022\/03\/IMG_20220316_175017_207-e1647449797505.jpg\" \/>\n\t<meta property=\"og:image:width\" content=\"600\" \/>\n\t<meta property=\"og:image:height\" content=\"600\" \/>\n\t<meta property=\"og:image:type\" content=\"image\/jpeg\" \/>\n<meta name=\"twitter:card\" content=\"summary_large_image\" \/>\n<meta name=\"twitter:site\" content=\"@GianduiaCremino\" \/>\n<script type=\"application\/ld+json\" class=\"yoast-schema-graph\">{\"@context\":\"https:\/\/schema.org\",\"@graph\":[{\"@type\":\"WebPage\",\"@id\":\"https:\/\/www.chocolate7.com\/en\/shop\/bar\/white-chocolate\/cacao-experience-india-idukki-white-chocolate-moreno\/\",\"url\":\"https:\/\/www.chocolate7.com\/en\/shop\/bar\/white-chocolate\/cacao-experience-india-idukki-white-chocolate-moreno\/\",\"name\":\"Cacao Experience India Idukki white chocolate Moreno - Chocolate7\",\"isPartOf\":{\"@id\":\"https:\/\/www.chocolate7.com\/#website\"},\"primaryImageOfPage\":{\"@id\":\"https:\/\/www.chocolate7.com\/en\/shop\/bar\/white-chocolate\/cacao-experience-india-idukki-white-chocolate-moreno\/#primaryimage\"},\"image\":{\"@id\":\"https:\/\/www.chocolate7.com\/en\/shop\/bar\/white-chocolate\/cacao-experience-india-idukki-white-chocolate-moreno\/#primaryimage\"},\"thumbnailUrl\":\"https:\/\/www.chocolate7.com\/wp-content\/uploads\/2022\/03\/IMG_20220316_175017_207-e1647449797505.jpg\",\"datePublished\":\"2022-03-16T16:42:04+00:00\",\"dateModified\":\"2022-11-13T18:36:47+00:00\",\"breadcrumb\":{\"@id\":\"https:\/\/www.chocolate7.com\/en\/shop\/bar\/white-chocolate\/cacao-experience-india-idukki-white-chocolate-moreno\/#breadcrumb\"},\"inLanguage\":\"en-US\",\"potentialAction\":[{\"@type\":\"ReadAction\",\"target\":[\"https:\/\/www.chocolate7.com\/en\/shop\/bar\/white-chocolate\/cacao-experience-india-idukki-white-chocolate-moreno\/\"]}]},{\"@type\":\"ImageObject\",\"inLanguage\":\"en-US\",\"@id\":\"https:\/\/www.chocolate7.com\/en\/shop\/bar\/white-chocolate\/cacao-experience-india-idukki-white-chocolate-moreno\/#primaryimage\",\"url\":\"https:\/\/www.chocolate7.com\/wp-content\/uploads\/2022\/03\/IMG_20220316_175017_207-e1647449797505.jpg\",\"contentUrl\":\"https:\/\/www.chocolate7.com\/wp-content\/uploads\/2022\/03\/IMG_20220316_175017_207-e1647449797505.jpg\",\"width\":600,\"height\":600},{\"@type\":\"BreadcrumbList\",\"@id\":\"https:\/\/www.chocolate7.com\/en\/shop\/bar\/white-chocolate\/cacao-experience-india-idukki-white-chocolate-moreno\/#breadcrumb\",\"itemListElement\":[{\"@type\":\"ListItem\",\"position\":1,\"name\":\"Home\",\"item\":\"https:\/\/www.chocolate7.com\/en\/\"},{\"@type\":\"ListItem\",\"position\":2,\"name\":\"Shop\",\"item\":\"https:\/\/www.chocolate7.com\/en\/store\/\"},{\"@type\":\"ListItem\",\"position\":3,\"name\":\"Cacao Experience India Idukki white chocolate Moreno\"}]},{\"@type\":\"WebSite\",\"@id\":\"https:\/\/www.chocolate7.com\/#website\",\"url\":\"https:\/\/www.chocolate7.com\/\",\"name\":\"Chocolate7\",\"description\":\"The fine &amp; luxury chocolate selection\",\"publisher\":{\"@id\":\"https:\/\/www.chocolate7.com\/#organization\"},\"potentialAction\":[{\"@type\":\"SearchAction\",\"target\":{\"@type\":\"EntryPoint\",\"urlTemplate\":\"https:\/\/www.chocolate7.com\/?s={search_term_string}\"},\"query-input\":\"required name=search_term_string\"}],\"inLanguage\":\"en-US\"},{\"@type\":\"Organization\",\"@id\":\"https:\/\/www.chocolate7.com\/#organization\",\"name\":\"Choc7 di Benedetto Giovanni\",\"url\":\"https:\/\/www.chocolate7.com\/\",\"logo\":{\"@type\":\"ImageObject\",\"inLanguage\":\"en-US\",\"@id\":\"https:\/\/www.chocolate7.com\/#\/schema\/logo\/image\/\",\"url\":\"https:\/\/www.chocolate7.com\/wp-content\/uploads\/2018\/10\/logo_chocolate.png\",\"contentUrl\":\"https:\/\/www.chocolate7.com\/wp-content\/uploads\/2018\/10\/logo_chocolate.png\",\"width\":200,\"height\":41,\"caption\":\"Choc7 di Benedetto Giovanni\"},\"image\":{\"@id\":\"https:\/\/www.chocolate7.com\/#\/schema\/logo\/image\/\"},\"sameAs\":[\"https:\/\/www.facebook.com\/cremino.gianduia.1\",\"https:\/\/x.com\/GianduiaCremino\",\"https:\/\/www.instagram.com\/creminogianduia\/\",\"https:\/\/www.pinterest.com.au\/creminogianduia\/\",\"https:\/\/www.youtube.com\/channel\/UCWFQlcc9EQnAsLkD8rBsgig\"]}]}<\/script>\n<!-- \/ Yoast SEO plugin. -->","yoast_head_json":{"title":"Cacao Experience India Idukki white chocolate Moreno - Chocolate7","robots":{"index":"index","follow":"follow","max-snippet":"max-snippet:-1","max-image-preview":"max-image-preview:large","max-video-preview":"max-video-preview:-1"},"canonical":"https:\/\/www.chocolate7.com\/en\/shop\/bar\/white-chocolate\/cacao-experience-india-idukki-white-chocolate-moreno\/","og_locale":"en_US","og_type":"article","og_title":"Cacao Experience India Idukki white chocolate Moreno - Chocolate7","og_description":"Cacao Experience is a bean to bar chocolate maker from France. This fine chocolate bar is made with cocoa from India (Kerala, Idukki). Cacao Experience India Idukki white Moreno is a white chocolate, pleasantly sweet with aromatic notes of dulce de leche, hazelnut butter, vanilla, cream, butter biscuit","og_url":"https:\/\/www.chocolate7.com\/en\/shop\/bar\/white-chocolate\/cacao-experience-india-idukki-white-chocolate-moreno\/","og_site_name":"Chocolate7","article_publisher":"https:\/\/www.facebook.com\/cremino.gianduia.1","article_modified_time":"2022-11-13T18:36:47+00:00","og_image":[{"width":600,"height":600,"url":"https:\/\/www.chocolate7.com\/wp-content\/uploads\/2022\/03\/IMG_20220316_175017_207-e1647449797505.jpg","type":"image\/jpeg"}],"twitter_card":"summary_large_image","twitter_site":"@GianduiaCremino","schema":{"@context":"https:\/\/schema.org","@graph":[{"@type":"WebPage","@id":"https:\/\/www.chocolate7.com\/en\/shop\/bar\/white-chocolate\/cacao-experience-india-idukki-white-chocolate-moreno\/","url":"https:\/\/www.chocolate7.com\/en\/shop\/bar\/white-chocolate\/cacao-experience-india-idukki-white-chocolate-moreno\/","name":"Cacao Experience India Idukki white chocolate Moreno - Chocolate7","isPartOf":{"@id":"https:\/\/www.chocolate7.com\/#website"},"primaryImageOfPage":{"@id":"https:\/\/www.chocolate7.com\/en\/shop\/bar\/white-chocolate\/cacao-experience-india-idukki-white-chocolate-moreno\/#primaryimage"},"image":{"@id":"https:\/\/www.chocolate7.com\/en\/shop\/bar\/white-chocolate\/cacao-experience-india-idukki-white-chocolate-moreno\/#primaryimage"},"thumbnailUrl":"https:\/\/www.chocolate7.com\/wp-content\/uploads\/2022\/03\/IMG_20220316_175017_207-e1647449797505.jpg","datePublished":"2022-03-16T16:42:04+00:00","dateModified":"2022-11-13T18:36:47+00:00","breadcrumb":{"@id":"https:\/\/www.chocolate7.com\/en\/shop\/bar\/white-chocolate\/cacao-experience-india-idukki-white-chocolate-moreno\/#breadcrumb"},"inLanguage":"en-US","potentialAction":[{"@type":"ReadAction","target":["https:\/\/www.chocolate7.com\/en\/shop\/bar\/white-chocolate\/cacao-experience-india-idukki-white-chocolate-moreno\/"]}]},{"@type":"ImageObject","inLanguage":"en-US","@id":"https:\/\/www.chocolate7.com\/en\/shop\/bar\/white-chocolate\/cacao-experience-india-idukki-white-chocolate-moreno\/#primaryimage","url":"https:\/\/www.chocolate7.com\/wp-content\/uploads\/2022\/03\/IMG_20220316_175017_207-e1647449797505.jpg","contentUrl":"https:\/\/www.chocolate7.com\/wp-content\/uploads\/2022\/03\/IMG_20220316_175017_207-e1647449797505.jpg","width":600,"height":600},{"@type":"BreadcrumbList","@id":"https:\/\/www.chocolate7.com\/en\/shop\/bar\/white-chocolate\/cacao-experience-india-idukki-white-chocolate-moreno\/#breadcrumb","itemListElement":[{"@type":"ListItem","position":1,"name":"Home","item":"https:\/\/www.chocolate7.com\/en\/"},{"@type":"ListItem","position":2,"name":"Shop","item":"https:\/\/www.chocolate7.com\/en\/store\/"},{"@type":"ListItem","position":3,"name":"Cacao Experience India Idukki white chocolate Moreno"}]},{"@type":"WebSite","@id":"https:\/\/www.chocolate7.com\/#website","url":"https:\/\/www.chocolate7.com\/","name":"Chocolate7","description":"The fine &amp; luxury chocolate selection","publisher":{"@id":"https:\/\/www.chocolate7.com\/#organization"},"potentialAction":[{"@type":"SearchAction","target":{"@type":"EntryPoint","urlTemplate":"https:\/\/www.chocolate7.com\/?s={search_term_string}"},"query-input":"required name=search_term_string"}],"inLanguage":"en-US"},{"@type":"Organization","@id":"https:\/\/www.chocolate7.com\/#organization","name":"Choc7 di Benedetto Giovanni","url":"https:\/\/www.chocolate7.com\/","logo":{"@type":"ImageObject","inLanguage":"en-US","@id":"https:\/\/www.chocolate7.com\/#\/schema\/logo\/image\/","url":"https:\/\/www.chocolate7.com\/wp-content\/uploads\/2018\/10\/logo_chocolate.png","contentUrl":"https:\/\/www.chocolate7.com\/wp-content\/uploads\/2018\/10\/logo_chocolate.png","width":200,"height":41,"caption":"Choc7 di Benedetto Giovanni"},"image":{"@id":"https:\/\/www.chocolate7.com\/#\/schema\/logo\/image\/"},"sameAs":["https:\/\/www.facebook.com\/cremino.gianduia.1","https:\/\/x.com\/GianduiaCremino","https:\/\/www.instagram.com\/creminogianduia\/","https:\/\/www.pinterest.com.au\/creminogianduia\/","https:\/\/www.youtube.com\/channel\/UCWFQlcc9EQnAsLkD8rBsgig"]}]}},"brands":[{"id":9254,"name":"Cacao Experience","slug":"cacao-experience-en"}],"_links":{"self":[{"href":"https:\/\/www.chocolate7.com\/en\/wp-json\/wp\/v2\/product\/26397","targetHints":{"allow":["GET"]}}],"collection":[{"href":"https:\/\/www.chocolate7.com\/en\/wp-json\/wp\/v2\/product"}],"about":[{"href":"https:\/\/www.chocolate7.com\/en\/wp-json\/wp\/v2\/types\/product"}],"wp:featuredmedia":[{"embeddable":true,"href":"https:\/\/www.chocolate7.com\/en\/wp-json\/wp\/v2\/media\/26400"}],"wp:attachment":[{"href":"https:\/\/www.chocolate7.com\/en\/wp-json\/wp\/v2\/media?parent=26397"}],"wp:term":[{"taxonomy":"pwb-brand","embeddable":true,"href":"https:\/\/www.chocolate7.com\/en\/wp-json\/wp\/v2\/pwb-brand?post=26397"},{"taxonomy":"product_brand","embeddable":true,"href":"https:\/\/www.chocolate7.com\/en\/wp-json\/wp\/v2\/product_brand?post=26397"},{"taxonomy":"product_cat","embeddable":true,"href":"https:\/\/www.chocolate7.com\/en\/wp-json\/wp\/v2\/product_cat?post=26397"},{"taxonomy":"product_tag","embeddable":true,"href":"https:\/\/www.chocolate7.com\/en\/wp-json\/wp\/v2\/product_tag?post=26397"},{"taxonomy":"giftcard-category","embeddable":true,"href":"https:\/\/www.chocolate7.com\/en\/wp-json\/wp\/v2\/giftcard-category?post=26397"}],"curies":[{"name":"wp","href":"https:\/\/api.w.org\/{rel}","templated":true}]}}