{"id":27854,"date":"2022-05-05T14:40:36","date_gmt":"2022-05-05T12:40:36","guid":{"rendered":"https:\/\/www.chocolate7.com\/?post_type=product&#038;p=27854"},"modified":"2022-05-05T15:08:59","modified_gmt":"2022-05-05T13:08:59","slug":"legast-peru-cuzco-vallee-des-incas","status":"publish","type":"product","link":"https:\/\/www.chocolate7.com\/en\/shop\/bar\/dark-chocolate-en-2\/legast-peru-cuzco-vallee-des-incas\/","title":{"rendered":"Legast Peru Cuzco Vall\u00e9e des Incas"},"content":{"rendered":"<p style=\"text-align: left\">Dark chocolate Bar &#8211; Made by Legast<\/p>\n<p>Le fin cacao de ce\u00a0chocolat donne un g\u00f4ut TR\u00c8S fruit\u00e9 m\u00eame \u00e0 ce haut pourcentage de cacao.\u00a0 Ces notes font penser aux ananas caramelis\u00e9s, ce qui\u00a0adouci\u00a0\u00a0l&#8217;amerture aussi naturelle de ce\u00a0chocolat.\u00a0\u00a0Une s\u00e9lection de cacaos organiques (certifi\u00e9s) des arbres anciens, dans la mystique Vall\u00e9e des Incas\u00a0(Cuzco).<\/p>\n<p>R\u00e9colte: 2021\u00a0|\u00a0Vari\u00e9t\u00e9 de cacao:\u00a0 Chuncho |\u00a0Plantations: familles en coop\u00e9rative, dans la mystique Vall\u00e9e des Incas.<\/p>\n<p>&#8212;-<br \/>\nThe fine cacao of this chocolate gives a VERY fruity taste even at this high percentage of cacao content. The\u00a0fruity notes , like those of caramelized pineapples, soften\u00a0the natural bitterness of this chocolate. A selection of organic cocoas (certified) from ancient trees, in the mythical valley of the Incas (Cuzco). \u200b<\/p>\n<p>Harvest: 2021 | Cacao Variety: Native Chuncho\u00a0| Plantations: from 25 families in cooperative, in the mystical Valley of the Incas.<\/p>\n","protected":false},"excerpt":{"rendered":"<p>Legast is a bean to bar chocolate maker from Belgium. This fine chocolate bar is made with cocoa from Peru (Cuzco, Vall\u00e9e des Incas). Legast Peru Cuzco Vall\u00e9e des Incas 80% is a sweet dark chocolate, with aromatic notes of pineapple, caramel, coffee<\/p>\n","protected":false},"featured_media":27857,"template":"","meta":[],"pwb-brand":[9529],"product_brand":[],"product_cat":[3251,3255],"product_tag":[],"giftcard-category":[],"class_list":{"0":"post-27854","1":"product","2":"type-product","3":"status-publish","4":"has-post-thumbnail","6":"pwb-brand-legast-en-2","7":"product_cat-bar","8":"product_cat-dark-chocolate-en-2","9":"pa_acidita-1-en","10":"pa_allergeni-may-contain-traces-of-nuts-and-milk","11":"pa_allergeni-vegan-dairy-free-soy-free-gluten-free","12":"pa_amarezza-2-en","13":"pa_astringenza-0-en","14":"pa_cacao-80-89-en","15":"pa_carboidrati-37-g-en","16":"pa_carboidrati-zuccheri-16-g-en","17":"pa_dolcezza-3-en","18":"pa_fibre-138-g-en","19":"pa_grassi-482-g-en","20":"pa_grassi-saturi-295-g-en","21":"pa_ingredienti-organic-cocoa-mass-organic-cane-sugar-organic-cocoa-butter-en-2","22":"pa_note-di-degustazione-pineapple-caramel-coffee","23":"pa_paese-delle-fave-di-cacao-peru-en","24":"pa_paese-produttore-belgium","25":"pa_percentuale-di-cacao-80-en","26":"pa_proteine-114-g-en","27":"pa_regione-cuzco-en","28":"pa_regione-vallee-des-incas-en","29":"pa_sale-003-g-en","30":"pa_tipo-di-cioccolato-fondente-en","31":"pa_valore-energetico-572-kcal-en","33":"first","34":"outofstock","35":"taxable","36":"shipping-taxable","37":"purchasable","38":"product-type-simple"},"yoast_head":"<!-- This site is optimized with the Yoast SEO plugin v23.3 - https:\/\/yoast.com\/wordpress\/plugins\/seo\/ -->\n<title>Legast Peru Cuzco Vall\u00e9e des Incas - Chocolate7<\/title>\n<meta name=\"robots\" content=\"index, follow, max-snippet:-1, max-image-preview:large, max-video-preview:-1\" \/>\n<link rel=\"canonical\" href=\"https:\/\/www.chocolate7.com\/shop\/tavoletta\/fondente\/legast-peru-cuzco-vallee-des-incas\/\" \/>\n<meta property=\"og:locale\" content=\"en_US\" \/>\n<meta property=\"og:type\" content=\"article\" \/>\n<meta property=\"og:title\" content=\"Legast Peru Cuzco Vall\u00e9e des Incas - Chocolate7\" \/>\n<meta property=\"og:description\" content=\"Legast is a bean to bar chocolate maker from Belgium. This fine chocolate bar is made with cocoa from Peru (Cuzco, Vall\u00e9e des Incas). Legast Peru Cuzco Vall\u00e9e des Incas 80% is a sweet dark chocolate, with aromatic notes of pineapple, caramel, coffee\" \/>\n<meta property=\"og:url\" content=\"https:\/\/www.chocolate7.com\/shop\/tavoletta\/fondente\/legast-peru-cuzco-vallee-des-incas\/\" \/>\n<meta property=\"og:site_name\" content=\"Chocolate7\" \/>\n<meta property=\"article:publisher\" content=\"https:\/\/www.facebook.com\/cremino.gianduia.1\" \/>\n<meta property=\"article:modified_time\" content=\"2022-05-05T13:08:59+00:00\" \/>\n<meta property=\"og:image\" content=\"https:\/\/www.chocolate7.com\/wp-content\/uploads\/2022\/05\/IMG_20220505_143221_307-e1651755923966.jpg\" \/>\n\t<meta property=\"og:image:width\" content=\"600\" \/>\n\t<meta property=\"og:image:height\" content=\"600\" \/>\n\t<meta property=\"og:image:type\" content=\"image\/jpeg\" \/>\n<meta name=\"twitter:card\" content=\"summary_large_image\" \/>\n<meta name=\"twitter:site\" content=\"@GianduiaCremino\" \/>\n<meta name=\"twitter:label1\" content=\"Est. reading time\" \/>\n\t<meta name=\"twitter:data1\" content=\"1 minute\" \/>\n<script type=\"application\/ld+json\" class=\"yoast-schema-graph\">{\"@context\":\"https:\/\/schema.org\",\"@graph\":[{\"@type\":\"WebPage\",\"@id\":\"https:\/\/www.chocolate7.com\/shop\/tavoletta\/fondente\/legast-peru-cuzco-vallee-des-incas\/\",\"url\":\"https:\/\/www.chocolate7.com\/shop\/tavoletta\/fondente\/legast-peru-cuzco-vallee-des-incas\/\",\"name\":\"Legast Peru Cuzco Vall\u00e9e des Incas - Chocolate7\",\"isPartOf\":{\"@id\":\"https:\/\/www.chocolate7.com\/#website\"},\"primaryImageOfPage\":{\"@id\":\"https:\/\/www.chocolate7.com\/shop\/tavoletta\/fondente\/legast-peru-cuzco-vallee-des-incas\/#primaryimage\"},\"image\":{\"@id\":\"https:\/\/www.chocolate7.com\/shop\/tavoletta\/fondente\/legast-peru-cuzco-vallee-des-incas\/#primaryimage\"},\"thumbnailUrl\":\"https:\/\/www.chocolate7.com\/wp-content\/uploads\/2022\/05\/IMG_20220505_143221_307-e1651755923966.jpg\",\"datePublished\":\"2022-05-05T12:40:36+00:00\",\"dateModified\":\"2022-05-05T13:08:59+00:00\",\"breadcrumb\":{\"@id\":\"https:\/\/www.chocolate7.com\/shop\/tavoletta\/fondente\/legast-peru-cuzco-vallee-des-incas\/#breadcrumb\"},\"inLanguage\":\"en-US\",\"potentialAction\":[{\"@type\":\"ReadAction\",\"target\":[\"https:\/\/www.chocolate7.com\/shop\/tavoletta\/fondente\/legast-peru-cuzco-vallee-des-incas\/\"]}]},{\"@type\":\"ImageObject\",\"inLanguage\":\"en-US\",\"@id\":\"https:\/\/www.chocolate7.com\/shop\/tavoletta\/fondente\/legast-peru-cuzco-vallee-des-incas\/#primaryimage\",\"url\":\"https:\/\/www.chocolate7.com\/wp-content\/uploads\/2022\/05\/IMG_20220505_143221_307-e1651755923966.jpg\",\"contentUrl\":\"https:\/\/www.chocolate7.com\/wp-content\/uploads\/2022\/05\/IMG_20220505_143221_307-e1651755923966.jpg\",\"width\":600,\"height\":600},{\"@type\":\"BreadcrumbList\",\"@id\":\"https:\/\/www.chocolate7.com\/shop\/tavoletta\/fondente\/legast-peru-cuzco-vallee-des-incas\/#breadcrumb\",\"itemListElement\":[{\"@type\":\"ListItem\",\"position\":1,\"name\":\"Home\",\"item\":\"https:\/\/www.chocolate7.com\/en\/\"},{\"@type\":\"ListItem\",\"position\":2,\"name\":\"Shop\",\"item\":\"https:\/\/www.chocolate7.com\/en\/store\/\"},{\"@type\":\"ListItem\",\"position\":3,\"name\":\"Legast Peru Cuzco Vall\u00e9e des Incas\"}]},{\"@type\":\"WebSite\",\"@id\":\"https:\/\/www.chocolate7.com\/#website\",\"url\":\"https:\/\/www.chocolate7.com\/\",\"name\":\"Chocolate7\",\"description\":\"The fine &amp; luxury chocolate selection\",\"publisher\":{\"@id\":\"https:\/\/www.chocolate7.com\/#organization\"},\"potentialAction\":[{\"@type\":\"SearchAction\",\"target\":{\"@type\":\"EntryPoint\",\"urlTemplate\":\"https:\/\/www.chocolate7.com\/?s={search_term_string}\"},\"query-input\":\"required name=search_term_string\"}],\"inLanguage\":\"en-US\"},{\"@type\":\"Organization\",\"@id\":\"https:\/\/www.chocolate7.com\/#organization\",\"name\":\"Choc7 di Benedetto Giovanni\",\"url\":\"https:\/\/www.chocolate7.com\/\",\"logo\":{\"@type\":\"ImageObject\",\"inLanguage\":\"en-US\",\"@id\":\"https:\/\/www.chocolate7.com\/#\/schema\/logo\/image\/\",\"url\":\"https:\/\/www.chocolate7.com\/wp-content\/uploads\/2018\/10\/logo_chocolate.png\",\"contentUrl\":\"https:\/\/www.chocolate7.com\/wp-content\/uploads\/2018\/10\/logo_chocolate.png\",\"width\":200,\"height\":41,\"caption\":\"Choc7 di Benedetto Giovanni\"},\"image\":{\"@id\":\"https:\/\/www.chocolate7.com\/#\/schema\/logo\/image\/\"},\"sameAs\":[\"https:\/\/www.facebook.com\/cremino.gianduia.1\",\"https:\/\/x.com\/GianduiaCremino\",\"https:\/\/www.instagram.com\/creminogianduia\/\",\"https:\/\/www.pinterest.com.au\/creminogianduia\/\",\"https:\/\/www.youtube.com\/channel\/UCWFQlcc9EQnAsLkD8rBsgig\"]}]}<\/script>\n<!-- \/ Yoast SEO plugin. -->","yoast_head_json":{"title":"Legast Peru Cuzco Vall\u00e9e des Incas - Chocolate7","robots":{"index":"index","follow":"follow","max-snippet":"max-snippet:-1","max-image-preview":"max-image-preview:large","max-video-preview":"max-video-preview:-1"},"canonical":"https:\/\/www.chocolate7.com\/shop\/tavoletta\/fondente\/legast-peru-cuzco-vallee-des-incas\/","og_locale":"en_US","og_type":"article","og_title":"Legast Peru Cuzco Vall\u00e9e des Incas - Chocolate7","og_description":"Legast is a bean to bar chocolate maker from Belgium. This fine chocolate bar is made with cocoa from Peru (Cuzco, Vall\u00e9e des Incas). Legast Peru Cuzco Vall\u00e9e des Incas 80% is a sweet dark chocolate, with aromatic notes of pineapple, caramel, coffee","og_url":"https:\/\/www.chocolate7.com\/shop\/tavoletta\/fondente\/legast-peru-cuzco-vallee-des-incas\/","og_site_name":"Chocolate7","article_publisher":"https:\/\/www.facebook.com\/cremino.gianduia.1","article_modified_time":"2022-05-05T13:08:59+00:00","og_image":[{"width":600,"height":600,"url":"https:\/\/www.chocolate7.com\/wp-content\/uploads\/2022\/05\/IMG_20220505_143221_307-e1651755923966.jpg","type":"image\/jpeg"}],"twitter_card":"summary_large_image","twitter_site":"@GianduiaCremino","twitter_misc":{"Est. reading time":"1 minute"},"schema":{"@context":"https:\/\/schema.org","@graph":[{"@type":"WebPage","@id":"https:\/\/www.chocolate7.com\/shop\/tavoletta\/fondente\/legast-peru-cuzco-vallee-des-incas\/","url":"https:\/\/www.chocolate7.com\/shop\/tavoletta\/fondente\/legast-peru-cuzco-vallee-des-incas\/","name":"Legast Peru Cuzco Vall\u00e9e des Incas - Chocolate7","isPartOf":{"@id":"https:\/\/www.chocolate7.com\/#website"},"primaryImageOfPage":{"@id":"https:\/\/www.chocolate7.com\/shop\/tavoletta\/fondente\/legast-peru-cuzco-vallee-des-incas\/#primaryimage"},"image":{"@id":"https:\/\/www.chocolate7.com\/shop\/tavoletta\/fondente\/legast-peru-cuzco-vallee-des-incas\/#primaryimage"},"thumbnailUrl":"https:\/\/www.chocolate7.com\/wp-content\/uploads\/2022\/05\/IMG_20220505_143221_307-e1651755923966.jpg","datePublished":"2022-05-05T12:40:36+00:00","dateModified":"2022-05-05T13:08:59+00:00","breadcrumb":{"@id":"https:\/\/www.chocolate7.com\/shop\/tavoletta\/fondente\/legast-peru-cuzco-vallee-des-incas\/#breadcrumb"},"inLanguage":"en-US","potentialAction":[{"@type":"ReadAction","target":["https:\/\/www.chocolate7.com\/shop\/tavoletta\/fondente\/legast-peru-cuzco-vallee-des-incas\/"]}]},{"@type":"ImageObject","inLanguage":"en-US","@id":"https:\/\/www.chocolate7.com\/shop\/tavoletta\/fondente\/legast-peru-cuzco-vallee-des-incas\/#primaryimage","url":"https:\/\/www.chocolate7.com\/wp-content\/uploads\/2022\/05\/IMG_20220505_143221_307-e1651755923966.jpg","contentUrl":"https:\/\/www.chocolate7.com\/wp-content\/uploads\/2022\/05\/IMG_20220505_143221_307-e1651755923966.jpg","width":600,"height":600},{"@type":"BreadcrumbList","@id":"https:\/\/www.chocolate7.com\/shop\/tavoletta\/fondente\/legast-peru-cuzco-vallee-des-incas\/#breadcrumb","itemListElement":[{"@type":"ListItem","position":1,"name":"Home","item":"https:\/\/www.chocolate7.com\/en\/"},{"@type":"ListItem","position":2,"name":"Shop","item":"https:\/\/www.chocolate7.com\/en\/store\/"},{"@type":"ListItem","position":3,"name":"Legast Peru Cuzco Vall\u00e9e des Incas"}]},{"@type":"WebSite","@id":"https:\/\/www.chocolate7.com\/#website","url":"https:\/\/www.chocolate7.com\/","name":"Chocolate7","description":"The fine &amp; luxury chocolate selection","publisher":{"@id":"https:\/\/www.chocolate7.com\/#organization"},"potentialAction":[{"@type":"SearchAction","target":{"@type":"EntryPoint","urlTemplate":"https:\/\/www.chocolate7.com\/?s={search_term_string}"},"query-input":"required name=search_term_string"}],"inLanguage":"en-US"},{"@type":"Organization","@id":"https:\/\/www.chocolate7.com\/#organization","name":"Choc7 di Benedetto Giovanni","url":"https:\/\/www.chocolate7.com\/","logo":{"@type":"ImageObject","inLanguage":"en-US","@id":"https:\/\/www.chocolate7.com\/#\/schema\/logo\/image\/","url":"https:\/\/www.chocolate7.com\/wp-content\/uploads\/2018\/10\/logo_chocolate.png","contentUrl":"https:\/\/www.chocolate7.com\/wp-content\/uploads\/2018\/10\/logo_chocolate.png","width":200,"height":41,"caption":"Choc7 di Benedetto Giovanni"},"image":{"@id":"https:\/\/www.chocolate7.com\/#\/schema\/logo\/image\/"},"sameAs":["https:\/\/www.facebook.com\/cremino.gianduia.1","https:\/\/x.com\/GianduiaCremino","https:\/\/www.instagram.com\/creminogianduia\/","https:\/\/www.pinterest.com.au\/creminogianduia\/","https:\/\/www.youtube.com\/channel\/UCWFQlcc9EQnAsLkD8rBsgig"]}]}},"brands":[{"id":9529,"name":"Legast","slug":"legast-en-2"}],"_links":{"self":[{"href":"https:\/\/www.chocolate7.com\/en\/wp-json\/wp\/v2\/product\/27854","targetHints":{"allow":["GET"]}}],"collection":[{"href":"https:\/\/www.chocolate7.com\/en\/wp-json\/wp\/v2\/product"}],"about":[{"href":"https:\/\/www.chocolate7.com\/en\/wp-json\/wp\/v2\/types\/product"}],"wp:featuredmedia":[{"embeddable":true,"href":"https:\/\/www.chocolate7.com\/en\/wp-json\/wp\/v2\/media\/27857"}],"wp:attachment":[{"href":"https:\/\/www.chocolate7.com\/en\/wp-json\/wp\/v2\/media?parent=27854"}],"wp:term":[{"taxonomy":"pwb-brand","embeddable":true,"href":"https:\/\/www.chocolate7.com\/en\/wp-json\/wp\/v2\/pwb-brand?post=27854"},{"taxonomy":"product_brand","embeddable":true,"href":"https:\/\/www.chocolate7.com\/en\/wp-json\/wp\/v2\/product_brand?post=27854"},{"taxonomy":"product_cat","embeddable":true,"href":"https:\/\/www.chocolate7.com\/en\/wp-json\/wp\/v2\/product_cat?post=27854"},{"taxonomy":"product_tag","embeddable":true,"href":"https:\/\/www.chocolate7.com\/en\/wp-json\/wp\/v2\/product_tag?post=27854"},{"taxonomy":"giftcard-category","embeddable":true,"href":"https:\/\/www.chocolate7.com\/en\/wp-json\/wp\/v2\/giftcard-category?post=27854"}],"curies":[{"name":"wp","href":"https:\/\/api.w.org\/{rel}","templated":true}]}}