{"id":27863,"date":"2022-05-05T15:45:13","date_gmt":"2022-05-05T13:45:13","guid":{"rendered":"https:\/\/www.chocolate7.com\/?post_type=product&#038;p=27863"},"modified":"2022-05-05T16:01:34","modified_gmt":"2022-05-05T14:01:34","slug":"legast-colombia-sierra-nevada","status":"publish","type":"product","link":"https:\/\/www.chocolate7.com\/en\/shop\/bar\/dark-chocolate-en-2\/legast-colombia-sierra-nevada\/","title":{"rendered":"Legast Colombia Sierra Nevada"},"content":{"rendered":"<p style=\"text-align: left\">Dark chocolate Bar &#8211; Made by Legast<\/p>\n<p><strong>Silver\u00a0Winner European Bean-to-Bar Chocolate\u00a0Awards 2019<\/strong><\/p>\n<p>\u200bCe cacao pousse dans un des ecosyst\u00e8mes le plus mythhiques\u00a0et biodiverses de la Colombie: la Sierra Nevada.\u00a0 Un m\u00e9lange\u00a0sophistiqu\u00e9 qui donne au chocolat des notes bois\u00e9es avec des touches douces de mandarine et caramel. Tr\u00e8s unique.<\/p>\n<p>\u200b<strong>R\u00e9colte<\/strong>: \u00a0 2020 |\u00a0<strong>Vari\u00e9t\u00e9<\/strong>:\u00a0 \u00a0Blend des cacaos locaux\u00a0Trinitario.<\/p>\n<p><strong>Plantations<\/strong>:\u00a0 des petits producteurs \u00e0 La Sierra Nevada, au nord-est de la Colombie.<\/p>\n<p>&#8212;<\/p>\n<p>This\u00a0cacao grows in one of the most biodiverse, multi-ethnicand mystique\u00a0of all\u00a0ecosystems in Colombia: la Sierra Nevada.\u00a0 It a very sophisticated blend that gives a chocolate\u00a0that balances\u00a0woody, kind of whisky notes, with a\u00a0sweet and fresh mandarin\u00a0flavor. Very unique.<\/p>\n<p><strong>Harvest<\/strong>: 2020 |\u00a0\u00a0<strong>Variety<\/strong>:\u00a0 Blend of local Trinitario cacaos.<\/p>\n<p><strong>Plantations<\/strong>:\u00a0 small producers in Sierra Nevada mountains, northeast of Colombia.<\/p>\n","protected":false},"excerpt":{"rendered":"<p>Legast is a bean to bar chocolate maker from Belgium. This fine chocolate bar is made with cocoa from Colombia (Sierra Nevada). Legast Colombia Sierra Nevada 78% is a balanced dark chocolate, with aromatic notes of mandarin, caramel, wood<\/p>\n","protected":false},"featured_media":27866,"template":"","meta":[],"pwb-brand":[9529],"product_brand":[],"product_cat":[3251,3255],"product_tag":[],"giftcard-category":[],"class_list":{"0":"post-27863","1":"product","2":"type-product","3":"status-publish","4":"has-post-thumbnail","6":"pwb-brand-legast-en-2","7":"product_cat-bar","8":"product_cat-dark-chocolate-en-2","9":"pa_acidita-1-en","10":"pa_allergeni-may-contain-traces-of-nuts-and-milk","11":"pa_allergeni-vegan-dairy-free-soy-free-gluten-free","12":"pa_amarezza-3-en","13":"pa_astringenza-1-en","14":"pa_cacao-70-79-en","15":"pa_carboidrati-40-g-en","16":"pa_carboidrati-zuccheri-20-g-en","17":"pa_dolcezza-2-en","18":"pa_fibre-125-g-en","19":"pa_grassi-461-g-en","20":"pa_grassi-saturi-28-g-en","21":"pa_ingredienti-cocoa-mass-cane-sugar-cocoa-butter-en-2","22":"pa_note-di-degustazione-mandarin-caramel-wood","23":"pa_paese-delle-fave-di-cacao-colombia-en","24":"pa_paese-produttore-belgium","25":"pa_percentuale-di-cacao-78-en","26":"pa_premi-international-chocolate-awards-european-2019-silver-en","27":"pa_proteine-10-g-en","28":"pa_regione-sierra-nevada-en","29":"pa_sale-003-g-en","30":"pa_tipo-di-cioccolato-fondente-en","31":"pa_valore-energetico-563-kcal-en","33":"first","34":"instock","35":"taxable","36":"shipping-taxable","37":"purchasable","38":"product-type-simple"},"yoast_head":"<!-- This site is optimized with the Yoast SEO plugin v23.3 - https:\/\/yoast.com\/wordpress\/plugins\/seo\/ -->\n<title>Legast Colombia Sierra Nevada - Chocolate7<\/title>\n<meta name=\"robots\" content=\"index, follow, max-snippet:-1, max-image-preview:large, max-video-preview:-1\" \/>\n<link rel=\"canonical\" href=\"https:\/\/www.chocolate7.com\/shop\/tavoletta\/fondente\/legast-colombia-sierra-nevada\/\" \/>\n<meta property=\"og:locale\" content=\"en_US\" \/>\n<meta property=\"og:type\" content=\"article\" \/>\n<meta property=\"og:title\" content=\"Legast Colombia Sierra Nevada - Chocolate7\" \/>\n<meta property=\"og:description\" content=\"Legast is a bean to bar chocolate maker from Belgium. This fine chocolate bar is made with cocoa from Colombia (Sierra Nevada). Legast Colombia Sierra Nevada 78% is a balanced dark chocolate, with aromatic notes of mandarin, caramel, wood\" \/>\n<meta property=\"og:url\" content=\"https:\/\/www.chocolate7.com\/shop\/tavoletta\/fondente\/legast-colombia-sierra-nevada\/\" \/>\n<meta property=\"og:site_name\" content=\"Chocolate7\" \/>\n<meta property=\"article:publisher\" content=\"https:\/\/www.facebook.com\/cremino.gianduia.1\" \/>\n<meta property=\"article:modified_time\" content=\"2022-05-05T14:01:34+00:00\" \/>\n<meta property=\"og:image\" content=\"https:\/\/www.chocolate7.com\/wp-content\/uploads\/2022\/05\/IMG_20220505_154714_883-e1651759148509.jpg\" \/>\n\t<meta property=\"og:image:width\" content=\"600\" \/>\n\t<meta property=\"og:image:height\" content=\"600\" \/>\n\t<meta property=\"og:image:type\" content=\"image\/jpeg\" \/>\n<meta name=\"twitter:card\" content=\"summary_large_image\" \/>\n<meta name=\"twitter:site\" content=\"@GianduiaCremino\" \/>\n<meta name=\"twitter:label1\" content=\"Est. reading time\" \/>\n\t<meta name=\"twitter:data1\" content=\"1 minute\" \/>\n<script type=\"application\/ld+json\" class=\"yoast-schema-graph\">{\"@context\":\"https:\/\/schema.org\",\"@graph\":[{\"@type\":\"WebPage\",\"@id\":\"https:\/\/www.chocolate7.com\/shop\/tavoletta\/fondente\/legast-colombia-sierra-nevada\/\",\"url\":\"https:\/\/www.chocolate7.com\/shop\/tavoletta\/fondente\/legast-colombia-sierra-nevada\/\",\"name\":\"Legast Colombia Sierra Nevada - Chocolate7\",\"isPartOf\":{\"@id\":\"https:\/\/www.chocolate7.com\/#website\"},\"primaryImageOfPage\":{\"@id\":\"https:\/\/www.chocolate7.com\/shop\/tavoletta\/fondente\/legast-colombia-sierra-nevada\/#primaryimage\"},\"image\":{\"@id\":\"https:\/\/www.chocolate7.com\/shop\/tavoletta\/fondente\/legast-colombia-sierra-nevada\/#primaryimage\"},\"thumbnailUrl\":\"https:\/\/www.chocolate7.com\/wp-content\/uploads\/2022\/05\/IMG_20220505_154714_883-e1651759148509.jpg\",\"datePublished\":\"2022-05-05T13:45:13+00:00\",\"dateModified\":\"2022-05-05T14:01:34+00:00\",\"breadcrumb\":{\"@id\":\"https:\/\/www.chocolate7.com\/shop\/tavoletta\/fondente\/legast-colombia-sierra-nevada\/#breadcrumb\"},\"inLanguage\":\"en-US\",\"potentialAction\":[{\"@type\":\"ReadAction\",\"target\":[\"https:\/\/www.chocolate7.com\/shop\/tavoletta\/fondente\/legast-colombia-sierra-nevada\/\"]}]},{\"@type\":\"ImageObject\",\"inLanguage\":\"en-US\",\"@id\":\"https:\/\/www.chocolate7.com\/shop\/tavoletta\/fondente\/legast-colombia-sierra-nevada\/#primaryimage\",\"url\":\"https:\/\/www.chocolate7.com\/wp-content\/uploads\/2022\/05\/IMG_20220505_154714_883-e1651759148509.jpg\",\"contentUrl\":\"https:\/\/www.chocolate7.com\/wp-content\/uploads\/2022\/05\/IMG_20220505_154714_883-e1651759148509.jpg\",\"width\":600,\"height\":600},{\"@type\":\"BreadcrumbList\",\"@id\":\"https:\/\/www.chocolate7.com\/shop\/tavoletta\/fondente\/legast-colombia-sierra-nevada\/#breadcrumb\",\"itemListElement\":[{\"@type\":\"ListItem\",\"position\":1,\"name\":\"Home\",\"item\":\"https:\/\/www.chocolate7.com\/en\/\"},{\"@type\":\"ListItem\",\"position\":2,\"name\":\"Shop\",\"item\":\"https:\/\/www.chocolate7.com\/en\/store\/\"},{\"@type\":\"ListItem\",\"position\":3,\"name\":\"Legast Colombia Sierra Nevada\"}]},{\"@type\":\"WebSite\",\"@id\":\"https:\/\/www.chocolate7.com\/#website\",\"url\":\"https:\/\/www.chocolate7.com\/\",\"name\":\"Chocolate7\",\"description\":\"The fine &amp; luxury chocolate selection\",\"publisher\":{\"@id\":\"https:\/\/www.chocolate7.com\/#organization\"},\"potentialAction\":[{\"@type\":\"SearchAction\",\"target\":{\"@type\":\"EntryPoint\",\"urlTemplate\":\"https:\/\/www.chocolate7.com\/?s={search_term_string}\"},\"query-input\":\"required name=search_term_string\"}],\"inLanguage\":\"en-US\"},{\"@type\":\"Organization\",\"@id\":\"https:\/\/www.chocolate7.com\/#organization\",\"name\":\"Choc7 di Benedetto Giovanni\",\"url\":\"https:\/\/www.chocolate7.com\/\",\"logo\":{\"@type\":\"ImageObject\",\"inLanguage\":\"en-US\",\"@id\":\"https:\/\/www.chocolate7.com\/#\/schema\/logo\/image\/\",\"url\":\"https:\/\/www.chocolate7.com\/wp-content\/uploads\/2018\/10\/logo_chocolate.png\",\"contentUrl\":\"https:\/\/www.chocolate7.com\/wp-content\/uploads\/2018\/10\/logo_chocolate.png\",\"width\":200,\"height\":41,\"caption\":\"Choc7 di Benedetto Giovanni\"},\"image\":{\"@id\":\"https:\/\/www.chocolate7.com\/#\/schema\/logo\/image\/\"},\"sameAs\":[\"https:\/\/www.facebook.com\/cremino.gianduia.1\",\"https:\/\/x.com\/GianduiaCremino\",\"https:\/\/www.instagram.com\/creminogianduia\/\",\"https:\/\/www.pinterest.com.au\/creminogianduia\/\",\"https:\/\/www.youtube.com\/channel\/UCWFQlcc9EQnAsLkD8rBsgig\"]}]}<\/script>\n<!-- \/ Yoast SEO plugin. -->","yoast_head_json":{"title":"Legast Colombia Sierra Nevada - Chocolate7","robots":{"index":"index","follow":"follow","max-snippet":"max-snippet:-1","max-image-preview":"max-image-preview:large","max-video-preview":"max-video-preview:-1"},"canonical":"https:\/\/www.chocolate7.com\/shop\/tavoletta\/fondente\/legast-colombia-sierra-nevada\/","og_locale":"en_US","og_type":"article","og_title":"Legast Colombia Sierra Nevada - Chocolate7","og_description":"Legast is a bean to bar chocolate maker from Belgium. This fine chocolate bar is made with cocoa from Colombia (Sierra Nevada). Legast Colombia Sierra Nevada 78% is a balanced dark chocolate, with aromatic notes of mandarin, caramel, wood","og_url":"https:\/\/www.chocolate7.com\/shop\/tavoletta\/fondente\/legast-colombia-sierra-nevada\/","og_site_name":"Chocolate7","article_publisher":"https:\/\/www.facebook.com\/cremino.gianduia.1","article_modified_time":"2022-05-05T14:01:34+00:00","og_image":[{"width":600,"height":600,"url":"https:\/\/www.chocolate7.com\/wp-content\/uploads\/2022\/05\/IMG_20220505_154714_883-e1651759148509.jpg","type":"image\/jpeg"}],"twitter_card":"summary_large_image","twitter_site":"@GianduiaCremino","twitter_misc":{"Est. reading time":"1 minute"},"schema":{"@context":"https:\/\/schema.org","@graph":[{"@type":"WebPage","@id":"https:\/\/www.chocolate7.com\/shop\/tavoletta\/fondente\/legast-colombia-sierra-nevada\/","url":"https:\/\/www.chocolate7.com\/shop\/tavoletta\/fondente\/legast-colombia-sierra-nevada\/","name":"Legast Colombia Sierra Nevada - Chocolate7","isPartOf":{"@id":"https:\/\/www.chocolate7.com\/#website"},"primaryImageOfPage":{"@id":"https:\/\/www.chocolate7.com\/shop\/tavoletta\/fondente\/legast-colombia-sierra-nevada\/#primaryimage"},"image":{"@id":"https:\/\/www.chocolate7.com\/shop\/tavoletta\/fondente\/legast-colombia-sierra-nevada\/#primaryimage"},"thumbnailUrl":"https:\/\/www.chocolate7.com\/wp-content\/uploads\/2022\/05\/IMG_20220505_154714_883-e1651759148509.jpg","datePublished":"2022-05-05T13:45:13+00:00","dateModified":"2022-05-05T14:01:34+00:00","breadcrumb":{"@id":"https:\/\/www.chocolate7.com\/shop\/tavoletta\/fondente\/legast-colombia-sierra-nevada\/#breadcrumb"},"inLanguage":"en-US","potentialAction":[{"@type":"ReadAction","target":["https:\/\/www.chocolate7.com\/shop\/tavoletta\/fondente\/legast-colombia-sierra-nevada\/"]}]},{"@type":"ImageObject","inLanguage":"en-US","@id":"https:\/\/www.chocolate7.com\/shop\/tavoletta\/fondente\/legast-colombia-sierra-nevada\/#primaryimage","url":"https:\/\/www.chocolate7.com\/wp-content\/uploads\/2022\/05\/IMG_20220505_154714_883-e1651759148509.jpg","contentUrl":"https:\/\/www.chocolate7.com\/wp-content\/uploads\/2022\/05\/IMG_20220505_154714_883-e1651759148509.jpg","width":600,"height":600},{"@type":"BreadcrumbList","@id":"https:\/\/www.chocolate7.com\/shop\/tavoletta\/fondente\/legast-colombia-sierra-nevada\/#breadcrumb","itemListElement":[{"@type":"ListItem","position":1,"name":"Home","item":"https:\/\/www.chocolate7.com\/en\/"},{"@type":"ListItem","position":2,"name":"Shop","item":"https:\/\/www.chocolate7.com\/en\/store\/"},{"@type":"ListItem","position":3,"name":"Legast Colombia Sierra Nevada"}]},{"@type":"WebSite","@id":"https:\/\/www.chocolate7.com\/#website","url":"https:\/\/www.chocolate7.com\/","name":"Chocolate7","description":"The fine &amp; luxury chocolate selection","publisher":{"@id":"https:\/\/www.chocolate7.com\/#organization"},"potentialAction":[{"@type":"SearchAction","target":{"@type":"EntryPoint","urlTemplate":"https:\/\/www.chocolate7.com\/?s={search_term_string}"},"query-input":"required name=search_term_string"}],"inLanguage":"en-US"},{"@type":"Organization","@id":"https:\/\/www.chocolate7.com\/#organization","name":"Choc7 di Benedetto Giovanni","url":"https:\/\/www.chocolate7.com\/","logo":{"@type":"ImageObject","inLanguage":"en-US","@id":"https:\/\/www.chocolate7.com\/#\/schema\/logo\/image\/","url":"https:\/\/www.chocolate7.com\/wp-content\/uploads\/2018\/10\/logo_chocolate.png","contentUrl":"https:\/\/www.chocolate7.com\/wp-content\/uploads\/2018\/10\/logo_chocolate.png","width":200,"height":41,"caption":"Choc7 di Benedetto Giovanni"},"image":{"@id":"https:\/\/www.chocolate7.com\/#\/schema\/logo\/image\/"},"sameAs":["https:\/\/www.facebook.com\/cremino.gianduia.1","https:\/\/x.com\/GianduiaCremino","https:\/\/www.instagram.com\/creminogianduia\/","https:\/\/www.pinterest.com.au\/creminogianduia\/","https:\/\/www.youtube.com\/channel\/UCWFQlcc9EQnAsLkD8rBsgig"]}]}},"brands":[{"id":9529,"name":"Legast","slug":"legast-en-2"}],"_links":{"self":[{"href":"https:\/\/www.chocolate7.com\/en\/wp-json\/wp\/v2\/product\/27863","targetHints":{"allow":["GET"]}}],"collection":[{"href":"https:\/\/www.chocolate7.com\/en\/wp-json\/wp\/v2\/product"}],"about":[{"href":"https:\/\/www.chocolate7.com\/en\/wp-json\/wp\/v2\/types\/product"}],"wp:featuredmedia":[{"embeddable":true,"href":"https:\/\/www.chocolate7.com\/en\/wp-json\/wp\/v2\/media\/27866"}],"wp:attachment":[{"href":"https:\/\/www.chocolate7.com\/en\/wp-json\/wp\/v2\/media?parent=27863"}],"wp:term":[{"taxonomy":"pwb-brand","embeddable":true,"href":"https:\/\/www.chocolate7.com\/en\/wp-json\/wp\/v2\/pwb-brand?post=27863"},{"taxonomy":"product_brand","embeddable":true,"href":"https:\/\/www.chocolate7.com\/en\/wp-json\/wp\/v2\/product_brand?post=27863"},{"taxonomy":"product_cat","embeddable":true,"href":"https:\/\/www.chocolate7.com\/en\/wp-json\/wp\/v2\/product_cat?post=27863"},{"taxonomy":"product_tag","embeddable":true,"href":"https:\/\/www.chocolate7.com\/en\/wp-json\/wp\/v2\/product_tag?post=27863"},{"taxonomy":"giftcard-category","embeddable":true,"href":"https:\/\/www.chocolate7.com\/en\/wp-json\/wp\/v2\/giftcard-category?post=27863"}],"curies":[{"name":"wp","href":"https:\/\/api.w.org\/{rel}","templated":true}]}}