{"id":27868,"date":"2022-05-05T16:07:40","date_gmt":"2022-05-05T14:07:41","guid":{"rendered":"https:\/\/www.chocolate7.com\/?post_type=product&#038;p=27868"},"modified":"2023-03-13T17:18:53","modified_gmt":"2023-03-13T16:18:53","slug":"maua-panama-bocas-del-toro-finca-rio-uyama","status":"publish","type":"product","link":"https:\/\/www.chocolate7.com\/en\/shop\/bar\/dark-chocolate-en-2\/maua-panama-bocas-del-toro-finca-rio-uyama\/","title":{"rendered":"Ma\u00fca Panama Bocas del Toro Finca R\u00edo Uyama"},"content":{"rendered":"<p style=\"text-align: left\">Dark chocolate Bar &#8211; Made by Ma\u00fca<\/p>\n<p style=\"text-align: left\">\n","protected":false},"excerpt":{"rendered":"<p>Ma\u00fca is a bean to bar chocolate maker from Spain. This fine chocolate bar is made with cocoa from Panama (Bocas del Toro Finca R\u00edo Uyama). Ma\u00fca Panama Bocas del Toro Finca R\u00edo Uyama 72% is a balanced dark chocolate, with aromatic notes of honey, banana, pineapple, apricot, cherry, strawberry, almond, chocolate marzipan, vanilla, nutmeg, clove, licorice, tea<\/p>\n<p>&nbsp;<\/p>\n","protected":false},"featured_media":27870,"template":"","meta":[],"pwb-brand":[9543],"product_brand":[],"product_cat":[3251,3255],"product_tag":[],"giftcard-category":[],"class_list":{"0":"post-27868","1":"product","2":"type-product","3":"status-publish","4":"has-post-thumbnail","6":"pwb-brand-maua-en","7":"product_cat-bar","8":"product_cat-dark-chocolate-en-2","9":"pa_acidita-2-en","10":"pa_allergeni-may-contain-traces-of-nuts-en","11":"pa_amarezza-1-en","12":"pa_astringenza-1-en","13":"pa_cacao-70-79-en","14":"pa_carboidrati-38-g-en","15":"pa_carboidrati-zuccheri-28-g-en","16":"pa_dolcezza-3-en","17":"pa_fibre-10-g-en","18":"pa_grassi-38-g-en","19":"pa_grassi-saturi-28-g-en","20":"pa_ingredienti-cocoa-beans-unrefined-organic-cane-sugar-cocoa-butter","21":"pa_note-di-degustazione-honey-banana-pineapple-apricot-cherry-strawberry-almond-chocolate-marzipan-vanilla-nutmeg-clove-licorice-tea","22":"pa_paese-delle-fave-di-cacao-panama-en","23":"pa_paese-produttore-spain","24":"pa_percentuale-di-cacao-72-en","25":"pa_proteine-10-g-en","26":"pa_regione-bocas-del-toro-en","27":"pa_regione-finca-rio-uyama-en","28":"pa_sale-02-g-en","29":"pa_tipo-di-cioccolato-fondente-en","30":"pa_valore-energetico-572-kcal-2370-kj-en","32":"first","33":"instock","34":"taxable","35":"shipping-taxable","36":"purchasable","37":"product-type-simple"},"yoast_head":"<!-- This site is optimized with the Yoast SEO plugin v23.3 - https:\/\/yoast.com\/wordpress\/plugins\/seo\/ -->\n<title>Ma\u00fca Panama Bocas del Toro Finca R\u00edo Uyama - Chocolate7<\/title>\n<meta name=\"robots\" content=\"index, follow, max-snippet:-1, max-image-preview:large, max-video-preview:-1\" \/>\n<link rel=\"canonical\" href=\"https:\/\/www.chocolate7.com\/shop\/tavoletta\/fondente\/maua-panama-bocas-del-toro-finca-rio-uyama\/\" \/>\n<meta property=\"og:locale\" content=\"en_US\" \/>\n<meta property=\"og:type\" content=\"article\" \/>\n<meta property=\"og:title\" content=\"Ma\u00fca Panama Bocas del Toro Finca R\u00edo Uyama - Chocolate7\" \/>\n<meta property=\"og:description\" content=\"Ma\u00fca is a bean to bar chocolate maker from Spain. This fine chocolate bar is made with cocoa from Panama (Bocas del Toro Finca R\u00edo Uyama). Ma\u00fca Panama Bocas del Toro Finca R\u00edo Uyama 72% is a balanced dark chocolate, with aromatic notes of honey, banana, pineapple, apricot, cherry, strawberry, almond, chocolate marzipan, vanilla, nutmeg, clove, licorice, tea  &nbsp;\" \/>\n<meta property=\"og:url\" content=\"https:\/\/www.chocolate7.com\/shop\/tavoletta\/fondente\/maua-panama-bocas-del-toro-finca-rio-uyama\/\" \/>\n<meta property=\"og:site_name\" content=\"Chocolate7\" \/>\n<meta property=\"article:publisher\" content=\"https:\/\/www.facebook.com\/cremino.gianduia.1\" \/>\n<meta property=\"article:modified_time\" content=\"2023-03-13T16:18:53+00:00\" \/>\n<meta property=\"og:image\" content=\"https:\/\/www.chocolate7.com\/wp-content\/uploads\/2022\/05\/IMG_20220505_160335_826-e1651760141659.jpg\" \/>\n\t<meta property=\"og:image:width\" content=\"600\" \/>\n\t<meta property=\"og:image:height\" content=\"600\" \/>\n\t<meta property=\"og:image:type\" content=\"image\/jpeg\" \/>\n<meta name=\"twitter:card\" content=\"summary_large_image\" \/>\n<meta name=\"twitter:site\" content=\"@GianduiaCremino\" \/>\n<script type=\"application\/ld+json\" class=\"yoast-schema-graph\">{\"@context\":\"https:\/\/schema.org\",\"@graph\":[{\"@type\":\"WebPage\",\"@id\":\"https:\/\/www.chocolate7.com\/shop\/tavoletta\/fondente\/maua-panama-bocas-del-toro-finca-rio-uyama\/\",\"url\":\"https:\/\/www.chocolate7.com\/shop\/tavoletta\/fondente\/maua-panama-bocas-del-toro-finca-rio-uyama\/\",\"name\":\"Ma\u00fca Panama Bocas del Toro Finca R\u00edo Uyama - Chocolate7\",\"isPartOf\":{\"@id\":\"https:\/\/www.chocolate7.com\/#website\"},\"primaryImageOfPage\":{\"@id\":\"https:\/\/www.chocolate7.com\/shop\/tavoletta\/fondente\/maua-panama-bocas-del-toro-finca-rio-uyama\/#primaryimage\"},\"image\":{\"@id\":\"https:\/\/www.chocolate7.com\/shop\/tavoletta\/fondente\/maua-panama-bocas-del-toro-finca-rio-uyama\/#primaryimage\"},\"thumbnailUrl\":\"https:\/\/www.chocolate7.com\/wp-content\/uploads\/2022\/05\/IMG_20220505_160335_826-e1651760141659.jpg\",\"datePublished\":\"2022-05-05T14:07:41+00:00\",\"dateModified\":\"2023-03-13T16:18:53+00:00\",\"breadcrumb\":{\"@id\":\"https:\/\/www.chocolate7.com\/shop\/tavoletta\/fondente\/maua-panama-bocas-del-toro-finca-rio-uyama\/#breadcrumb\"},\"inLanguage\":\"en-US\",\"potentialAction\":[{\"@type\":\"ReadAction\",\"target\":[\"https:\/\/www.chocolate7.com\/shop\/tavoletta\/fondente\/maua-panama-bocas-del-toro-finca-rio-uyama\/\"]}]},{\"@type\":\"ImageObject\",\"inLanguage\":\"en-US\",\"@id\":\"https:\/\/www.chocolate7.com\/shop\/tavoletta\/fondente\/maua-panama-bocas-del-toro-finca-rio-uyama\/#primaryimage\",\"url\":\"https:\/\/www.chocolate7.com\/wp-content\/uploads\/2022\/05\/IMG_20220505_160335_826-e1651760141659.jpg\",\"contentUrl\":\"https:\/\/www.chocolate7.com\/wp-content\/uploads\/2022\/05\/IMG_20220505_160335_826-e1651760141659.jpg\",\"width\":600,\"height\":600},{\"@type\":\"BreadcrumbList\",\"@id\":\"https:\/\/www.chocolate7.com\/shop\/tavoletta\/fondente\/maua-panama-bocas-del-toro-finca-rio-uyama\/#breadcrumb\",\"itemListElement\":[{\"@type\":\"ListItem\",\"position\":1,\"name\":\"Home\",\"item\":\"https:\/\/www.chocolate7.com\/en\/\"},{\"@type\":\"ListItem\",\"position\":2,\"name\":\"Shop\",\"item\":\"https:\/\/www.chocolate7.com\/en\/store\/\"},{\"@type\":\"ListItem\",\"position\":3,\"name\":\"Ma\u00fca Panama Bocas del Toro Finca R\u00edo Uyama\"}]},{\"@type\":\"WebSite\",\"@id\":\"https:\/\/www.chocolate7.com\/#website\",\"url\":\"https:\/\/www.chocolate7.com\/\",\"name\":\"Chocolate7\",\"description\":\"The fine &amp; luxury chocolate selection\",\"publisher\":{\"@id\":\"https:\/\/www.chocolate7.com\/#organization\"},\"potentialAction\":[{\"@type\":\"SearchAction\",\"target\":{\"@type\":\"EntryPoint\",\"urlTemplate\":\"https:\/\/www.chocolate7.com\/?s={search_term_string}\"},\"query-input\":\"required name=search_term_string\"}],\"inLanguage\":\"en-US\"},{\"@type\":\"Organization\",\"@id\":\"https:\/\/www.chocolate7.com\/#organization\",\"name\":\"Choc7 di Benedetto Giovanni\",\"url\":\"https:\/\/www.chocolate7.com\/\",\"logo\":{\"@type\":\"ImageObject\",\"inLanguage\":\"en-US\",\"@id\":\"https:\/\/www.chocolate7.com\/#\/schema\/logo\/image\/\",\"url\":\"https:\/\/www.chocolate7.com\/wp-content\/uploads\/2018\/10\/logo_chocolate.png\",\"contentUrl\":\"https:\/\/www.chocolate7.com\/wp-content\/uploads\/2018\/10\/logo_chocolate.png\",\"width\":200,\"height\":41,\"caption\":\"Choc7 di Benedetto Giovanni\"},\"image\":{\"@id\":\"https:\/\/www.chocolate7.com\/#\/schema\/logo\/image\/\"},\"sameAs\":[\"https:\/\/www.facebook.com\/cremino.gianduia.1\",\"https:\/\/x.com\/GianduiaCremino\",\"https:\/\/www.instagram.com\/creminogianduia\/\",\"https:\/\/www.pinterest.com.au\/creminogianduia\/\",\"https:\/\/www.youtube.com\/channel\/UCWFQlcc9EQnAsLkD8rBsgig\"]}]}<\/script>\n<!-- \/ Yoast SEO plugin. -->","yoast_head_json":{"title":"Ma\u00fca Panama Bocas del Toro Finca R\u00edo Uyama - Chocolate7","robots":{"index":"index","follow":"follow","max-snippet":"max-snippet:-1","max-image-preview":"max-image-preview:large","max-video-preview":"max-video-preview:-1"},"canonical":"https:\/\/www.chocolate7.com\/shop\/tavoletta\/fondente\/maua-panama-bocas-del-toro-finca-rio-uyama\/","og_locale":"en_US","og_type":"article","og_title":"Ma\u00fca Panama Bocas del Toro Finca R\u00edo Uyama - Chocolate7","og_description":"Ma\u00fca is a bean to bar chocolate maker from Spain. This fine chocolate bar is made with cocoa from Panama (Bocas del Toro Finca R\u00edo Uyama). Ma\u00fca Panama Bocas del Toro Finca R\u00edo Uyama 72% is a balanced dark chocolate, with aromatic notes of honey, banana, pineapple, apricot, cherry, strawberry, almond, chocolate marzipan, vanilla, nutmeg, clove, licorice, tea  &nbsp;","og_url":"https:\/\/www.chocolate7.com\/shop\/tavoletta\/fondente\/maua-panama-bocas-del-toro-finca-rio-uyama\/","og_site_name":"Chocolate7","article_publisher":"https:\/\/www.facebook.com\/cremino.gianduia.1","article_modified_time":"2023-03-13T16:18:53+00:00","og_image":[{"width":600,"height":600,"url":"https:\/\/www.chocolate7.com\/wp-content\/uploads\/2022\/05\/IMG_20220505_160335_826-e1651760141659.jpg","type":"image\/jpeg"}],"twitter_card":"summary_large_image","twitter_site":"@GianduiaCremino","schema":{"@context":"https:\/\/schema.org","@graph":[{"@type":"WebPage","@id":"https:\/\/www.chocolate7.com\/shop\/tavoletta\/fondente\/maua-panama-bocas-del-toro-finca-rio-uyama\/","url":"https:\/\/www.chocolate7.com\/shop\/tavoletta\/fondente\/maua-panama-bocas-del-toro-finca-rio-uyama\/","name":"Ma\u00fca Panama Bocas del Toro Finca R\u00edo Uyama - Chocolate7","isPartOf":{"@id":"https:\/\/www.chocolate7.com\/#website"},"primaryImageOfPage":{"@id":"https:\/\/www.chocolate7.com\/shop\/tavoletta\/fondente\/maua-panama-bocas-del-toro-finca-rio-uyama\/#primaryimage"},"image":{"@id":"https:\/\/www.chocolate7.com\/shop\/tavoletta\/fondente\/maua-panama-bocas-del-toro-finca-rio-uyama\/#primaryimage"},"thumbnailUrl":"https:\/\/www.chocolate7.com\/wp-content\/uploads\/2022\/05\/IMG_20220505_160335_826-e1651760141659.jpg","datePublished":"2022-05-05T14:07:41+00:00","dateModified":"2023-03-13T16:18:53+00:00","breadcrumb":{"@id":"https:\/\/www.chocolate7.com\/shop\/tavoletta\/fondente\/maua-panama-bocas-del-toro-finca-rio-uyama\/#breadcrumb"},"inLanguage":"en-US","potentialAction":[{"@type":"ReadAction","target":["https:\/\/www.chocolate7.com\/shop\/tavoletta\/fondente\/maua-panama-bocas-del-toro-finca-rio-uyama\/"]}]},{"@type":"ImageObject","inLanguage":"en-US","@id":"https:\/\/www.chocolate7.com\/shop\/tavoletta\/fondente\/maua-panama-bocas-del-toro-finca-rio-uyama\/#primaryimage","url":"https:\/\/www.chocolate7.com\/wp-content\/uploads\/2022\/05\/IMG_20220505_160335_826-e1651760141659.jpg","contentUrl":"https:\/\/www.chocolate7.com\/wp-content\/uploads\/2022\/05\/IMG_20220505_160335_826-e1651760141659.jpg","width":600,"height":600},{"@type":"BreadcrumbList","@id":"https:\/\/www.chocolate7.com\/shop\/tavoletta\/fondente\/maua-panama-bocas-del-toro-finca-rio-uyama\/#breadcrumb","itemListElement":[{"@type":"ListItem","position":1,"name":"Home","item":"https:\/\/www.chocolate7.com\/en\/"},{"@type":"ListItem","position":2,"name":"Shop","item":"https:\/\/www.chocolate7.com\/en\/store\/"},{"@type":"ListItem","position":3,"name":"Ma\u00fca Panama Bocas del Toro Finca R\u00edo Uyama"}]},{"@type":"WebSite","@id":"https:\/\/www.chocolate7.com\/#website","url":"https:\/\/www.chocolate7.com\/","name":"Chocolate7","description":"The fine &amp; luxury chocolate selection","publisher":{"@id":"https:\/\/www.chocolate7.com\/#organization"},"potentialAction":[{"@type":"SearchAction","target":{"@type":"EntryPoint","urlTemplate":"https:\/\/www.chocolate7.com\/?s={search_term_string}"},"query-input":"required name=search_term_string"}],"inLanguage":"en-US"},{"@type":"Organization","@id":"https:\/\/www.chocolate7.com\/#organization","name":"Choc7 di Benedetto Giovanni","url":"https:\/\/www.chocolate7.com\/","logo":{"@type":"ImageObject","inLanguage":"en-US","@id":"https:\/\/www.chocolate7.com\/#\/schema\/logo\/image\/","url":"https:\/\/www.chocolate7.com\/wp-content\/uploads\/2018\/10\/logo_chocolate.png","contentUrl":"https:\/\/www.chocolate7.com\/wp-content\/uploads\/2018\/10\/logo_chocolate.png","width":200,"height":41,"caption":"Choc7 di Benedetto Giovanni"},"image":{"@id":"https:\/\/www.chocolate7.com\/#\/schema\/logo\/image\/"},"sameAs":["https:\/\/www.facebook.com\/cremino.gianduia.1","https:\/\/x.com\/GianduiaCremino","https:\/\/www.instagram.com\/creminogianduia\/","https:\/\/www.pinterest.com.au\/creminogianduia\/","https:\/\/www.youtube.com\/channel\/UCWFQlcc9EQnAsLkD8rBsgig"]}]}},"brands":[{"id":9543,"name":"Ma\u00fca","slug":"maua-en"}],"_links":{"self":[{"href":"https:\/\/www.chocolate7.com\/en\/wp-json\/wp\/v2\/product\/27868","targetHints":{"allow":["GET"]}}],"collection":[{"href":"https:\/\/www.chocolate7.com\/en\/wp-json\/wp\/v2\/product"}],"about":[{"href":"https:\/\/www.chocolate7.com\/en\/wp-json\/wp\/v2\/types\/product"}],"wp:featuredmedia":[{"embeddable":true,"href":"https:\/\/www.chocolate7.com\/en\/wp-json\/wp\/v2\/media\/27870"}],"wp:attachment":[{"href":"https:\/\/www.chocolate7.com\/en\/wp-json\/wp\/v2\/media?parent=27868"}],"wp:term":[{"taxonomy":"pwb-brand","embeddable":true,"href":"https:\/\/www.chocolate7.com\/en\/wp-json\/wp\/v2\/pwb-brand?post=27868"},{"taxonomy":"product_brand","embeddable":true,"href":"https:\/\/www.chocolate7.com\/en\/wp-json\/wp\/v2\/product_brand?post=27868"},{"taxonomy":"product_cat","embeddable":true,"href":"https:\/\/www.chocolate7.com\/en\/wp-json\/wp\/v2\/product_cat?post=27868"},{"taxonomy":"product_tag","embeddable":true,"href":"https:\/\/www.chocolate7.com\/en\/wp-json\/wp\/v2\/product_tag?post=27868"},{"taxonomy":"giftcard-category","embeddable":true,"href":"https:\/\/www.chocolate7.com\/en\/wp-json\/wp\/v2\/giftcard-category?post=27868"}],"curies":[{"name":"wp","href":"https:\/\/api.w.org\/{rel}","templated":true}]}}