{"id":27905,"date":"2022-05-06T15:34:42","date_gmt":"2022-05-06T13:34:43","guid":{"rendered":"https:\/\/www.chocolate7.com\/?post_type=product&#038;p=27905"},"modified":"2026-03-24T22:37:02","modified_gmt":"2026-03-24T21:37:02","slug":"legast-costa-rica-upala","status":"publish","type":"product","link":"https:\/\/www.chocolate7.com\/en\/shop\/bar\/dark-chocolate-en-2\/legast-costa-rica-upala\/","title":{"rendered":"Legast Costa Rica Upala"},"content":{"rendered":"<p style=\"text-align: left\">Dark chocolate Bar &#8211; Made by Legast<\/p>\n<p><strong>Bronze World and Europe Bean-to-Bar Chocolate Awards 2018\u200b<\/strong><\/p>\n<p>Doux et l\u00e9g\u00e8rement \u00e9pic\u00e9 aux &#8216;saveurs sauvages&#8217;, ce chocolat d&#8217;exception pr\u00e9sente aussi des notes douces de fruits jaunes et de caramel. Un chocolat doux et complexe fait \u00e0 partir des cacaos des fermes h\u00e9rit\u00e9es de g\u00e9n\u00e9ration en g\u00e9n\u00e9ration.\u200b<\/p>\n<p><strong>R\u00e9colte\u00a0<\/strong>: 2020\u00a0 |\u00a0\u00a0<strong>Vari\u00e9t\u00e9\u00a0<\/strong>: Trinitario (Maleku selection)\u00a0|\u00a0<strong>Plantations<\/strong>: Agriculteurs affili\u00e9s \u00e0 un centre post-r\u00e9colte \u00e9quitable et ax\u00e9 sur la qualit\u00e9, au nord du Costa Rica.<\/p>\n<p>&#8212;<\/p>\n<p>Sweet and slightly tangy, with notes of yellow fruits and caramel, this chocolate comes from trees in farms inherited from one generation to the next. Planted in agroforestry or intercropping, cocoa compensates environmental damages of nearby pineapple plantations.<\/p>\n<p><strong>Harvest<\/strong>: 2020 |\u00a0<strong>Variety<\/strong>:\u00a0<em>Trinitario<\/em>\u00a0 (Maleku selection)\u00a0|\u00a0<strong>Plantations<\/strong>: from selected farmers affiliated to a community-oriented and quality post-harvest center, Northen Costa Rica.<\/p>\n","protected":false},"excerpt":{"rendered":"<p>Legast is a bean to bar chocolate maker from Belgium. This fine chocolate bar is made with cocoa from Costa Rica (Upala). Legast Costa Rica Upala 70% is a pleasantly sweet dark chocolate, with aromatic notes of honey, yellow fruits, caramel, pepper<\/p>\n","protected":false},"featured_media":27907,"template":"","meta":[],"pwb-brand":[9529],"product_brand":[],"product_cat":[3251,3255],"product_tag":[],"giftcard-category":[],"class_list":{"0":"post-27905","1":"product","2":"type-product","3":"status-publish","4":"has-post-thumbnail","6":"pwb-brand-legast-en-2","7":"product_cat-bar","8":"product_cat-dark-chocolate-en-2","9":"pa_acidita-1-en","10":"pa_allergeni-may-contain-traces-of-nuts-and-milk","11":"pa_allergeni-vegan-dairy-free-soy-free-gluten-free","12":"pa_amarezza-1-en","13":"pa_astringenza-0-en","14":"pa_cacao-70-79-en","15":"pa_carboidrati-46-g-en","16":"pa_carboidrati-zuccheri-28-g-en","17":"pa_dolcezza-3-en","18":"pa_fibre-10-g-en","19":"pa_grassi-42-g-en","20":"pa_grassi-saturi-25-g-en","21":"pa_ingredienti-cocoa-mass-cane-sugar-cocoa-butter-en-2","22":"pa_note-di-degustazione-honey-yellow-fruits-caramel-pepper","23":"pa_paese-delle-fave-di-cacao-costa-rica-en","24":"pa_paese-produttore-belgium","25":"pa_percentuale-di-cacao-70-en","26":"pa_premi-international-chocolate-awards-european-2018-bronze-en","27":"pa_premi-international-chocolate-awards-european-bronze-2018-en","28":"pa_proteine-8-g-en","29":"pa_regione-upala-en","30":"pa_sale-003-g-en","31":"pa_tipo-di-cioccolato-fondente-en","32":"pa_valore-energetico-546-kcal-en","34":"first","35":"instock","36":"taxable","37":"shipping-taxable","38":"purchasable","39":"product-type-simple"},"yoast_head":"<!-- This site is optimized with the Yoast SEO plugin v23.3 - https:\/\/yoast.com\/wordpress\/plugins\/seo\/ -->\n<title>Legast Costa Rica Upala - Chocolate7<\/title>\n<meta name=\"robots\" content=\"index, follow, max-snippet:-1, max-image-preview:large, max-video-preview:-1\" \/>\n<link rel=\"canonical\" href=\"https:\/\/www.chocolate7.com\/shop\/tavoletta\/fondente\/legast-costa-rica-upala\/\" \/>\n<meta property=\"og:locale\" content=\"en_US\" \/>\n<meta property=\"og:type\" content=\"article\" \/>\n<meta property=\"og:title\" content=\"Legast Costa Rica Upala - Chocolate7\" \/>\n<meta property=\"og:description\" content=\"Legast is a bean to bar chocolate maker from Belgium. This fine chocolate bar is made with cocoa from Costa Rica (Upala). Legast Costa Rica Upala 70% is a pleasantly sweet dark chocolate, with aromatic notes of honey, yellow fruits, caramel, pepper\" \/>\n<meta property=\"og:url\" content=\"https:\/\/www.chocolate7.com\/shop\/tavoletta\/fondente\/legast-costa-rica-upala\/\" \/>\n<meta property=\"og:site_name\" content=\"Chocolate7\" \/>\n<meta property=\"article:publisher\" content=\"https:\/\/www.facebook.com\/cremino.gianduia.1\" \/>\n<meta property=\"article:modified_time\" content=\"2026-03-24T21:37:02+00:00\" \/>\n<meta property=\"og:image\" content=\"https:\/\/www.chocolate7.com\/wp-content\/uploads\/2022\/05\/IMG_20220506_154504_497-e1651844955919.jpg\" \/>\n\t<meta property=\"og:image:width\" content=\"600\" \/>\n\t<meta property=\"og:image:height\" content=\"600\" \/>\n\t<meta property=\"og:image:type\" content=\"image\/jpeg\" \/>\n<meta name=\"twitter:card\" content=\"summary_large_image\" \/>\n<meta name=\"twitter:site\" content=\"@GianduiaCremino\" \/>\n<meta name=\"twitter:label1\" content=\"Est. reading time\" \/>\n\t<meta name=\"twitter:data1\" content=\"1 minute\" \/>\n<script type=\"application\/ld+json\" class=\"yoast-schema-graph\">{\"@context\":\"https:\/\/schema.org\",\"@graph\":[{\"@type\":\"WebPage\",\"@id\":\"https:\/\/www.chocolate7.com\/shop\/tavoletta\/fondente\/legast-costa-rica-upala\/\",\"url\":\"https:\/\/www.chocolate7.com\/shop\/tavoletta\/fondente\/legast-costa-rica-upala\/\",\"name\":\"Legast Costa Rica Upala - Chocolate7\",\"isPartOf\":{\"@id\":\"https:\/\/www.chocolate7.com\/#website\"},\"primaryImageOfPage\":{\"@id\":\"https:\/\/www.chocolate7.com\/shop\/tavoletta\/fondente\/legast-costa-rica-upala\/#primaryimage\"},\"image\":{\"@id\":\"https:\/\/www.chocolate7.com\/shop\/tavoletta\/fondente\/legast-costa-rica-upala\/#primaryimage\"},\"thumbnailUrl\":\"https:\/\/www.chocolate7.com\/wp-content\/uploads\/2022\/05\/IMG_20220506_154504_497-e1651844955919.jpg\",\"datePublished\":\"2022-05-06T13:34:43+00:00\",\"dateModified\":\"2026-03-24T21:37:02+00:00\",\"breadcrumb\":{\"@id\":\"https:\/\/www.chocolate7.com\/shop\/tavoletta\/fondente\/legast-costa-rica-upala\/#breadcrumb\"},\"inLanguage\":\"en-US\",\"potentialAction\":[{\"@type\":\"ReadAction\",\"target\":[\"https:\/\/www.chocolate7.com\/shop\/tavoletta\/fondente\/legast-costa-rica-upala\/\"]}]},{\"@type\":\"ImageObject\",\"inLanguage\":\"en-US\",\"@id\":\"https:\/\/www.chocolate7.com\/shop\/tavoletta\/fondente\/legast-costa-rica-upala\/#primaryimage\",\"url\":\"https:\/\/www.chocolate7.com\/wp-content\/uploads\/2022\/05\/IMG_20220506_154504_497-e1651844955919.jpg\",\"contentUrl\":\"https:\/\/www.chocolate7.com\/wp-content\/uploads\/2022\/05\/IMG_20220506_154504_497-e1651844955919.jpg\",\"width\":600,\"height\":600},{\"@type\":\"BreadcrumbList\",\"@id\":\"https:\/\/www.chocolate7.com\/shop\/tavoletta\/fondente\/legast-costa-rica-upala\/#breadcrumb\",\"itemListElement\":[{\"@type\":\"ListItem\",\"position\":1,\"name\":\"Home\",\"item\":\"https:\/\/www.chocolate7.com\/en\/\"},{\"@type\":\"ListItem\",\"position\":2,\"name\":\"Shop\",\"item\":\"https:\/\/www.chocolate7.com\/en\/store\/\"},{\"@type\":\"ListItem\",\"position\":3,\"name\":\"Legast Costa Rica Upala\"}]},{\"@type\":\"WebSite\",\"@id\":\"https:\/\/www.chocolate7.com\/#website\",\"url\":\"https:\/\/www.chocolate7.com\/\",\"name\":\"Chocolate7\",\"description\":\"The fine &amp; luxury chocolate selection\",\"publisher\":{\"@id\":\"https:\/\/www.chocolate7.com\/#organization\"},\"potentialAction\":[{\"@type\":\"SearchAction\",\"target\":{\"@type\":\"EntryPoint\",\"urlTemplate\":\"https:\/\/www.chocolate7.com\/?s={search_term_string}\"},\"query-input\":\"required name=search_term_string\"}],\"inLanguage\":\"en-US\"},{\"@type\":\"Organization\",\"@id\":\"https:\/\/www.chocolate7.com\/#organization\",\"name\":\"Choc7 di Benedetto Giovanni\",\"url\":\"https:\/\/www.chocolate7.com\/\",\"logo\":{\"@type\":\"ImageObject\",\"inLanguage\":\"en-US\",\"@id\":\"https:\/\/www.chocolate7.com\/#\/schema\/logo\/image\/\",\"url\":\"https:\/\/www.chocolate7.com\/wp-content\/uploads\/2018\/10\/logo_chocolate.png\",\"contentUrl\":\"https:\/\/www.chocolate7.com\/wp-content\/uploads\/2018\/10\/logo_chocolate.png\",\"width\":200,\"height\":41,\"caption\":\"Choc7 di Benedetto Giovanni\"},\"image\":{\"@id\":\"https:\/\/www.chocolate7.com\/#\/schema\/logo\/image\/\"},\"sameAs\":[\"https:\/\/www.facebook.com\/cremino.gianduia.1\",\"https:\/\/x.com\/GianduiaCremino\",\"https:\/\/www.instagram.com\/creminogianduia\/\",\"https:\/\/www.pinterest.com.au\/creminogianduia\/\",\"https:\/\/www.youtube.com\/channel\/UCWFQlcc9EQnAsLkD8rBsgig\"]}]}<\/script>\n<!-- \/ Yoast SEO plugin. -->","yoast_head_json":{"title":"Legast Costa Rica Upala - Chocolate7","robots":{"index":"index","follow":"follow","max-snippet":"max-snippet:-1","max-image-preview":"max-image-preview:large","max-video-preview":"max-video-preview:-1"},"canonical":"https:\/\/www.chocolate7.com\/shop\/tavoletta\/fondente\/legast-costa-rica-upala\/","og_locale":"en_US","og_type":"article","og_title":"Legast Costa Rica Upala - Chocolate7","og_description":"Legast is a bean to bar chocolate maker from Belgium. This fine chocolate bar is made with cocoa from Costa Rica (Upala). Legast Costa Rica Upala 70% is a pleasantly sweet dark chocolate, with aromatic notes of honey, yellow fruits, caramel, pepper","og_url":"https:\/\/www.chocolate7.com\/shop\/tavoletta\/fondente\/legast-costa-rica-upala\/","og_site_name":"Chocolate7","article_publisher":"https:\/\/www.facebook.com\/cremino.gianduia.1","article_modified_time":"2026-03-24T21:37:02+00:00","og_image":[{"width":600,"height":600,"url":"https:\/\/www.chocolate7.com\/wp-content\/uploads\/2022\/05\/IMG_20220506_154504_497-e1651844955919.jpg","type":"image\/jpeg"}],"twitter_card":"summary_large_image","twitter_site":"@GianduiaCremino","twitter_misc":{"Est. reading time":"1 minute"},"schema":{"@context":"https:\/\/schema.org","@graph":[{"@type":"WebPage","@id":"https:\/\/www.chocolate7.com\/shop\/tavoletta\/fondente\/legast-costa-rica-upala\/","url":"https:\/\/www.chocolate7.com\/shop\/tavoletta\/fondente\/legast-costa-rica-upala\/","name":"Legast Costa Rica Upala - Chocolate7","isPartOf":{"@id":"https:\/\/www.chocolate7.com\/#website"},"primaryImageOfPage":{"@id":"https:\/\/www.chocolate7.com\/shop\/tavoletta\/fondente\/legast-costa-rica-upala\/#primaryimage"},"image":{"@id":"https:\/\/www.chocolate7.com\/shop\/tavoletta\/fondente\/legast-costa-rica-upala\/#primaryimage"},"thumbnailUrl":"https:\/\/www.chocolate7.com\/wp-content\/uploads\/2022\/05\/IMG_20220506_154504_497-e1651844955919.jpg","datePublished":"2022-05-06T13:34:43+00:00","dateModified":"2026-03-24T21:37:02+00:00","breadcrumb":{"@id":"https:\/\/www.chocolate7.com\/shop\/tavoletta\/fondente\/legast-costa-rica-upala\/#breadcrumb"},"inLanguage":"en-US","potentialAction":[{"@type":"ReadAction","target":["https:\/\/www.chocolate7.com\/shop\/tavoletta\/fondente\/legast-costa-rica-upala\/"]}]},{"@type":"ImageObject","inLanguage":"en-US","@id":"https:\/\/www.chocolate7.com\/shop\/tavoletta\/fondente\/legast-costa-rica-upala\/#primaryimage","url":"https:\/\/www.chocolate7.com\/wp-content\/uploads\/2022\/05\/IMG_20220506_154504_497-e1651844955919.jpg","contentUrl":"https:\/\/www.chocolate7.com\/wp-content\/uploads\/2022\/05\/IMG_20220506_154504_497-e1651844955919.jpg","width":600,"height":600},{"@type":"BreadcrumbList","@id":"https:\/\/www.chocolate7.com\/shop\/tavoletta\/fondente\/legast-costa-rica-upala\/#breadcrumb","itemListElement":[{"@type":"ListItem","position":1,"name":"Home","item":"https:\/\/www.chocolate7.com\/en\/"},{"@type":"ListItem","position":2,"name":"Shop","item":"https:\/\/www.chocolate7.com\/en\/store\/"},{"@type":"ListItem","position":3,"name":"Legast Costa Rica Upala"}]},{"@type":"WebSite","@id":"https:\/\/www.chocolate7.com\/#website","url":"https:\/\/www.chocolate7.com\/","name":"Chocolate7","description":"The fine &amp; luxury chocolate selection","publisher":{"@id":"https:\/\/www.chocolate7.com\/#organization"},"potentialAction":[{"@type":"SearchAction","target":{"@type":"EntryPoint","urlTemplate":"https:\/\/www.chocolate7.com\/?s={search_term_string}"},"query-input":"required name=search_term_string"}],"inLanguage":"en-US"},{"@type":"Organization","@id":"https:\/\/www.chocolate7.com\/#organization","name":"Choc7 di Benedetto Giovanni","url":"https:\/\/www.chocolate7.com\/","logo":{"@type":"ImageObject","inLanguage":"en-US","@id":"https:\/\/www.chocolate7.com\/#\/schema\/logo\/image\/","url":"https:\/\/www.chocolate7.com\/wp-content\/uploads\/2018\/10\/logo_chocolate.png","contentUrl":"https:\/\/www.chocolate7.com\/wp-content\/uploads\/2018\/10\/logo_chocolate.png","width":200,"height":41,"caption":"Choc7 di Benedetto Giovanni"},"image":{"@id":"https:\/\/www.chocolate7.com\/#\/schema\/logo\/image\/"},"sameAs":["https:\/\/www.facebook.com\/cremino.gianduia.1","https:\/\/x.com\/GianduiaCremino","https:\/\/www.instagram.com\/creminogianduia\/","https:\/\/www.pinterest.com.au\/creminogianduia\/","https:\/\/www.youtube.com\/channel\/UCWFQlcc9EQnAsLkD8rBsgig"]}]}},"brands":[{"id":9529,"name":"Legast","slug":"legast-en-2"}],"_links":{"self":[{"href":"https:\/\/www.chocolate7.com\/en\/wp-json\/wp\/v2\/product\/27905","targetHints":{"allow":["GET"]}}],"collection":[{"href":"https:\/\/www.chocolate7.com\/en\/wp-json\/wp\/v2\/product"}],"about":[{"href":"https:\/\/www.chocolate7.com\/en\/wp-json\/wp\/v2\/types\/product"}],"wp:featuredmedia":[{"embeddable":true,"href":"https:\/\/www.chocolate7.com\/en\/wp-json\/wp\/v2\/media\/27907"}],"wp:attachment":[{"href":"https:\/\/www.chocolate7.com\/en\/wp-json\/wp\/v2\/media?parent=27905"}],"wp:term":[{"taxonomy":"pwb-brand","embeddable":true,"href":"https:\/\/www.chocolate7.com\/en\/wp-json\/wp\/v2\/pwb-brand?post=27905"},{"taxonomy":"product_brand","embeddable":true,"href":"https:\/\/www.chocolate7.com\/en\/wp-json\/wp\/v2\/product_brand?post=27905"},{"taxonomy":"product_cat","embeddable":true,"href":"https:\/\/www.chocolate7.com\/en\/wp-json\/wp\/v2\/product_cat?post=27905"},{"taxonomy":"product_tag","embeddable":true,"href":"https:\/\/www.chocolate7.com\/en\/wp-json\/wp\/v2\/product_tag?post=27905"},{"taxonomy":"giftcard-category","embeddable":true,"href":"https:\/\/www.chocolate7.com\/en\/wp-json\/wp\/v2\/giftcard-category?post=27905"}],"curies":[{"name":"wp","href":"https:\/\/api.w.org\/{rel}","templated":true}]}}