{"id":27910,"date":"2022-05-06T16:20:21","date_gmt":"2022-05-06T14:20:22","guid":{"rendered":"https:\/\/www.chocolate7.com\/?post_type=product&#038;p=27910"},"modified":"2022-05-07T13:44:36","modified_gmt":"2022-05-07T11:44:36","slug":"legast-peru-piura","status":"publish","type":"product","link":"https:\/\/www.chocolate7.com\/en\/shop\/bar\/dark-chocolate-en-2\/legast-peru-piura\/","title":{"rendered":"Legast Peru Piura"},"content":{"rendered":"<p style=\"text-align: left\">Dark chocolate Bar &#8211; Made by Legast<\/p>\n<p><strong>Overall Gold Winner European Bean-to-Bar Chocolate\u00a0Awards 2018<\/strong><\/p>\n<p>Rare et \u00e9l\u00e9gant, le cacao de Piura donne une saveur prolong\u00e9e de chocolat accompagn\u00e9e de notes acidul\u00e9es et florales. Son gout exceptionnel\u00a0vient des fines f\u00e8ves en grande proortion blanches. Les agriculteurs\u00a0 sont exemple de coop\u00e9ratisme.\u200b<\/p>\n<p><strong>R\u00e9colte<\/strong>: 2021 \u00a0|\u00a0<strong>Vari\u00e9t\u00e9<\/strong>: Mara\u00f1\u00f3n Nacional \/ Nativo Peruano (Gran Nativo)\u00a0|\u00a0<strong>Plantations<\/strong>: coop\u00e9rative de petits agriculteurs, nord du P\u00e9rou.<\/p>\n<p>&#8212;<\/p>\n<p>A strong chocolate with fruity and floral notes, coming from rare and elegant Piura cacao with up to 70% of exceptional fine white beans per cob. Farmers behind this world- appealing cocoa, have become an example of cooperativism in Latin America.<\/p>\n<p><strong>Harvest<\/strong>: 2021 \u00a0|\u00a0<strong>Variety:<\/strong>\u00a0Mara\u00f1\u00f3n Nacional \/ Nativo Peruano (Gran Nativo)\u00a0|\u00a0<strong>Plantations<\/strong>: from cooperative of small farmers, Northen Peru.<\/p>\n","protected":false},"excerpt":{"rendered":"<p>Legast is a bean to bar chocolate maker from Belgium. This fine chocolate bar is made with cocoa from Peru (Piura). Legast Peru Piura 70% is a pleasantly sweet dark chocolate, with floral aromatic notes, citrus fruits, chocolate pudding<\/p>\n","protected":false},"featured_media":27913,"template":"","meta":[],"pwb-brand":[9529],"product_brand":[],"product_cat":[3251,3255],"product_tag":[],"giftcard-category":[],"class_list":{"0":"post-27910","1":"product","2":"type-product","3":"status-publish","4":"has-post-thumbnail","6":"pwb-brand-legast-en-2","7":"product_cat-bar","8":"product_cat-dark-chocolate-en-2","9":"pa_acidita-3-en","10":"pa_allergeni-may-contain-traces-of-nuts-and-milk","11":"pa_allergeni-vegan-dairy-free-soy-free-gluten-free","12":"pa_amarezza-1-en","13":"pa_astringenza-0-en","14":"pa_cacao-70-79-en","15":"pa_carboidrati-46-g-en","16":"pa_carboidrati-zuccheri-28-g-en","17":"pa_dolcezza-2-en","18":"pa_fibre-10-g-en","19":"pa_grassi-42-g-en","20":"pa_grassi-saturi-25-g-en","21":"pa_ingredienti-organic-cocoa-mass-organic-cane-sugar-organic-cocoa-butter-en-2","22":"pa_note-di-degustazione-floral-notes-citrus-chocolate-pudding","23":"pa_paese-delle-fave-di-cacao-peru-en","24":"pa_paese-produttore-belgium","25":"pa_percentuale-di-cacao-70-en","26":"pa_premi-international-chocolate-awards-european-2018-gold-en","27":"pa_proteine-8-g-en","28":"pa_regione-piura-en","29":"pa_sale-003-g-en","30":"pa_tipo-di-cioccolato-fondente-en","31":"pa_valore-energetico-546-kcal-en","33":"first","34":"instock","35":"taxable","36":"shipping-taxable","37":"purchasable","38":"product-type-simple"},"yoast_head":"<!-- This site is optimized with the Yoast SEO plugin v23.3 - https:\/\/yoast.com\/wordpress\/plugins\/seo\/ -->\n<title>Legast Peru Piura - Chocolate7<\/title>\n<meta name=\"robots\" content=\"index, follow, max-snippet:-1, max-image-preview:large, max-video-preview:-1\" \/>\n<link rel=\"canonical\" href=\"https:\/\/www.chocolate7.com\/shop\/tavoletta\/fondente\/legast-peru-piura\/\" \/>\n<meta property=\"og:locale\" content=\"en_US\" \/>\n<meta property=\"og:type\" content=\"article\" \/>\n<meta property=\"og:title\" content=\"Legast Peru Piura - Chocolate7\" \/>\n<meta property=\"og:description\" content=\"Legast is a bean to bar chocolate maker from Belgium. This fine chocolate bar is made with cocoa from Peru (Piura). Legast Peru Piura 70% is a pleasantly sweet dark chocolate, with floral aromatic notes, citrus fruits, chocolate pudding\" \/>\n<meta property=\"og:url\" content=\"https:\/\/www.chocolate7.com\/shop\/tavoletta\/fondente\/legast-peru-piura\/\" \/>\n<meta property=\"og:site_name\" content=\"Chocolate7\" \/>\n<meta property=\"article:publisher\" content=\"https:\/\/www.facebook.com\/cremino.gianduia.1\" \/>\n<meta property=\"article:modified_time\" content=\"2022-05-07T11:44:36+00:00\" \/>\n<meta property=\"og:image\" content=\"https:\/\/www.chocolate7.com\/wp-content\/uploads\/2022\/05\/IMG_20220506_161741_930-e1651851633482.jpg\" \/>\n\t<meta property=\"og:image:width\" content=\"600\" \/>\n\t<meta property=\"og:image:height\" content=\"600\" \/>\n\t<meta property=\"og:image:type\" content=\"image\/jpeg\" \/>\n<meta name=\"twitter:card\" content=\"summary_large_image\" \/>\n<meta name=\"twitter:site\" content=\"@GianduiaCremino\" \/>\n<meta name=\"twitter:label1\" content=\"Est. reading time\" \/>\n\t<meta name=\"twitter:data1\" content=\"1 minute\" \/>\n<script type=\"application\/ld+json\" class=\"yoast-schema-graph\">{\"@context\":\"https:\/\/schema.org\",\"@graph\":[{\"@type\":\"WebPage\",\"@id\":\"https:\/\/www.chocolate7.com\/shop\/tavoletta\/fondente\/legast-peru-piura\/\",\"url\":\"https:\/\/www.chocolate7.com\/shop\/tavoletta\/fondente\/legast-peru-piura\/\",\"name\":\"Legast Peru Piura - Chocolate7\",\"isPartOf\":{\"@id\":\"https:\/\/www.chocolate7.com\/#website\"},\"primaryImageOfPage\":{\"@id\":\"https:\/\/www.chocolate7.com\/shop\/tavoletta\/fondente\/legast-peru-piura\/#primaryimage\"},\"image\":{\"@id\":\"https:\/\/www.chocolate7.com\/shop\/tavoletta\/fondente\/legast-peru-piura\/#primaryimage\"},\"thumbnailUrl\":\"https:\/\/www.chocolate7.com\/wp-content\/uploads\/2022\/05\/IMG_20220506_161741_930-e1651851633482.jpg\",\"datePublished\":\"2022-05-06T14:20:22+00:00\",\"dateModified\":\"2022-05-07T11:44:36+00:00\",\"breadcrumb\":{\"@id\":\"https:\/\/www.chocolate7.com\/shop\/tavoletta\/fondente\/legast-peru-piura\/#breadcrumb\"},\"inLanguage\":\"en-US\",\"potentialAction\":[{\"@type\":\"ReadAction\",\"target\":[\"https:\/\/www.chocolate7.com\/shop\/tavoletta\/fondente\/legast-peru-piura\/\"]}]},{\"@type\":\"ImageObject\",\"inLanguage\":\"en-US\",\"@id\":\"https:\/\/www.chocolate7.com\/shop\/tavoletta\/fondente\/legast-peru-piura\/#primaryimage\",\"url\":\"https:\/\/www.chocolate7.com\/wp-content\/uploads\/2022\/05\/IMG_20220506_161741_930-e1651851633482.jpg\",\"contentUrl\":\"https:\/\/www.chocolate7.com\/wp-content\/uploads\/2022\/05\/IMG_20220506_161741_930-e1651851633482.jpg\",\"width\":600,\"height\":600},{\"@type\":\"BreadcrumbList\",\"@id\":\"https:\/\/www.chocolate7.com\/shop\/tavoletta\/fondente\/legast-peru-piura\/#breadcrumb\",\"itemListElement\":[{\"@type\":\"ListItem\",\"position\":1,\"name\":\"Home\",\"item\":\"https:\/\/www.chocolate7.com\/en\/\"},{\"@type\":\"ListItem\",\"position\":2,\"name\":\"Shop\",\"item\":\"https:\/\/www.chocolate7.com\/en\/store\/\"},{\"@type\":\"ListItem\",\"position\":3,\"name\":\"Legast Peru Piura\"}]},{\"@type\":\"WebSite\",\"@id\":\"https:\/\/www.chocolate7.com\/#website\",\"url\":\"https:\/\/www.chocolate7.com\/\",\"name\":\"Chocolate7\",\"description\":\"The fine &amp; luxury chocolate selection\",\"publisher\":{\"@id\":\"https:\/\/www.chocolate7.com\/#organization\"},\"potentialAction\":[{\"@type\":\"SearchAction\",\"target\":{\"@type\":\"EntryPoint\",\"urlTemplate\":\"https:\/\/www.chocolate7.com\/?s={search_term_string}\"},\"query-input\":\"required name=search_term_string\"}],\"inLanguage\":\"en-US\"},{\"@type\":\"Organization\",\"@id\":\"https:\/\/www.chocolate7.com\/#organization\",\"name\":\"Choc7 di Benedetto Giovanni\",\"url\":\"https:\/\/www.chocolate7.com\/\",\"logo\":{\"@type\":\"ImageObject\",\"inLanguage\":\"en-US\",\"@id\":\"https:\/\/www.chocolate7.com\/#\/schema\/logo\/image\/\",\"url\":\"https:\/\/www.chocolate7.com\/wp-content\/uploads\/2018\/10\/logo_chocolate.png\",\"contentUrl\":\"https:\/\/www.chocolate7.com\/wp-content\/uploads\/2018\/10\/logo_chocolate.png\",\"width\":200,\"height\":41,\"caption\":\"Choc7 di Benedetto Giovanni\"},\"image\":{\"@id\":\"https:\/\/www.chocolate7.com\/#\/schema\/logo\/image\/\"},\"sameAs\":[\"https:\/\/www.facebook.com\/cremino.gianduia.1\",\"https:\/\/x.com\/GianduiaCremino\",\"https:\/\/www.instagram.com\/creminogianduia\/\",\"https:\/\/www.pinterest.com.au\/creminogianduia\/\",\"https:\/\/www.youtube.com\/channel\/UCWFQlcc9EQnAsLkD8rBsgig\"]}]}<\/script>\n<!-- \/ Yoast SEO plugin. -->","yoast_head_json":{"title":"Legast Peru Piura - Chocolate7","robots":{"index":"index","follow":"follow","max-snippet":"max-snippet:-1","max-image-preview":"max-image-preview:large","max-video-preview":"max-video-preview:-1"},"canonical":"https:\/\/www.chocolate7.com\/shop\/tavoletta\/fondente\/legast-peru-piura\/","og_locale":"en_US","og_type":"article","og_title":"Legast Peru Piura - Chocolate7","og_description":"Legast is a bean to bar chocolate maker from Belgium. This fine chocolate bar is made with cocoa from Peru (Piura). Legast Peru Piura 70% is a pleasantly sweet dark chocolate, with floral aromatic notes, citrus fruits, chocolate pudding","og_url":"https:\/\/www.chocolate7.com\/shop\/tavoletta\/fondente\/legast-peru-piura\/","og_site_name":"Chocolate7","article_publisher":"https:\/\/www.facebook.com\/cremino.gianduia.1","article_modified_time":"2022-05-07T11:44:36+00:00","og_image":[{"width":600,"height":600,"url":"https:\/\/www.chocolate7.com\/wp-content\/uploads\/2022\/05\/IMG_20220506_161741_930-e1651851633482.jpg","type":"image\/jpeg"}],"twitter_card":"summary_large_image","twitter_site":"@GianduiaCremino","twitter_misc":{"Est. reading time":"1 minute"},"schema":{"@context":"https:\/\/schema.org","@graph":[{"@type":"WebPage","@id":"https:\/\/www.chocolate7.com\/shop\/tavoletta\/fondente\/legast-peru-piura\/","url":"https:\/\/www.chocolate7.com\/shop\/tavoletta\/fondente\/legast-peru-piura\/","name":"Legast Peru Piura - Chocolate7","isPartOf":{"@id":"https:\/\/www.chocolate7.com\/#website"},"primaryImageOfPage":{"@id":"https:\/\/www.chocolate7.com\/shop\/tavoletta\/fondente\/legast-peru-piura\/#primaryimage"},"image":{"@id":"https:\/\/www.chocolate7.com\/shop\/tavoletta\/fondente\/legast-peru-piura\/#primaryimage"},"thumbnailUrl":"https:\/\/www.chocolate7.com\/wp-content\/uploads\/2022\/05\/IMG_20220506_161741_930-e1651851633482.jpg","datePublished":"2022-05-06T14:20:22+00:00","dateModified":"2022-05-07T11:44:36+00:00","breadcrumb":{"@id":"https:\/\/www.chocolate7.com\/shop\/tavoletta\/fondente\/legast-peru-piura\/#breadcrumb"},"inLanguage":"en-US","potentialAction":[{"@type":"ReadAction","target":["https:\/\/www.chocolate7.com\/shop\/tavoletta\/fondente\/legast-peru-piura\/"]}]},{"@type":"ImageObject","inLanguage":"en-US","@id":"https:\/\/www.chocolate7.com\/shop\/tavoletta\/fondente\/legast-peru-piura\/#primaryimage","url":"https:\/\/www.chocolate7.com\/wp-content\/uploads\/2022\/05\/IMG_20220506_161741_930-e1651851633482.jpg","contentUrl":"https:\/\/www.chocolate7.com\/wp-content\/uploads\/2022\/05\/IMG_20220506_161741_930-e1651851633482.jpg","width":600,"height":600},{"@type":"BreadcrumbList","@id":"https:\/\/www.chocolate7.com\/shop\/tavoletta\/fondente\/legast-peru-piura\/#breadcrumb","itemListElement":[{"@type":"ListItem","position":1,"name":"Home","item":"https:\/\/www.chocolate7.com\/en\/"},{"@type":"ListItem","position":2,"name":"Shop","item":"https:\/\/www.chocolate7.com\/en\/store\/"},{"@type":"ListItem","position":3,"name":"Legast Peru Piura"}]},{"@type":"WebSite","@id":"https:\/\/www.chocolate7.com\/#website","url":"https:\/\/www.chocolate7.com\/","name":"Chocolate7","description":"The fine &amp; luxury chocolate selection","publisher":{"@id":"https:\/\/www.chocolate7.com\/#organization"},"potentialAction":[{"@type":"SearchAction","target":{"@type":"EntryPoint","urlTemplate":"https:\/\/www.chocolate7.com\/?s={search_term_string}"},"query-input":"required name=search_term_string"}],"inLanguage":"en-US"},{"@type":"Organization","@id":"https:\/\/www.chocolate7.com\/#organization","name":"Choc7 di Benedetto Giovanni","url":"https:\/\/www.chocolate7.com\/","logo":{"@type":"ImageObject","inLanguage":"en-US","@id":"https:\/\/www.chocolate7.com\/#\/schema\/logo\/image\/","url":"https:\/\/www.chocolate7.com\/wp-content\/uploads\/2018\/10\/logo_chocolate.png","contentUrl":"https:\/\/www.chocolate7.com\/wp-content\/uploads\/2018\/10\/logo_chocolate.png","width":200,"height":41,"caption":"Choc7 di Benedetto Giovanni"},"image":{"@id":"https:\/\/www.chocolate7.com\/#\/schema\/logo\/image\/"},"sameAs":["https:\/\/www.facebook.com\/cremino.gianduia.1","https:\/\/x.com\/GianduiaCremino","https:\/\/www.instagram.com\/creminogianduia\/","https:\/\/www.pinterest.com.au\/creminogianduia\/","https:\/\/www.youtube.com\/channel\/UCWFQlcc9EQnAsLkD8rBsgig"]}]}},"brands":[{"id":9529,"name":"Legast","slug":"legast-en-2"}],"_links":{"self":[{"href":"https:\/\/www.chocolate7.com\/en\/wp-json\/wp\/v2\/product\/27910","targetHints":{"allow":["GET"]}}],"collection":[{"href":"https:\/\/www.chocolate7.com\/en\/wp-json\/wp\/v2\/product"}],"about":[{"href":"https:\/\/www.chocolate7.com\/en\/wp-json\/wp\/v2\/types\/product"}],"wp:featuredmedia":[{"embeddable":true,"href":"https:\/\/www.chocolate7.com\/en\/wp-json\/wp\/v2\/media\/27913"}],"wp:attachment":[{"href":"https:\/\/www.chocolate7.com\/en\/wp-json\/wp\/v2\/media?parent=27910"}],"wp:term":[{"taxonomy":"pwb-brand","embeddable":true,"href":"https:\/\/www.chocolate7.com\/en\/wp-json\/wp\/v2\/pwb-brand?post=27910"},{"taxonomy":"product_brand","embeddable":true,"href":"https:\/\/www.chocolate7.com\/en\/wp-json\/wp\/v2\/product_brand?post=27910"},{"taxonomy":"product_cat","embeddable":true,"href":"https:\/\/www.chocolate7.com\/en\/wp-json\/wp\/v2\/product_cat?post=27910"},{"taxonomy":"product_tag","embeddable":true,"href":"https:\/\/www.chocolate7.com\/en\/wp-json\/wp\/v2\/product_tag?post=27910"},{"taxonomy":"giftcard-category","embeddable":true,"href":"https:\/\/www.chocolate7.com\/en\/wp-json\/wp\/v2\/giftcard-category?post=27910"}],"curies":[{"name":"wp","href":"https:\/\/api.w.org\/{rel}","templated":true}]}}