{"id":27916,"date":"2022-05-06T18:41:55","date_gmt":"2022-05-06T16:41:56","guid":{"rendered":"https:\/\/www.chocolate7.com\/?post_type=product&#038;p=27916"},"modified":"2022-05-06T19:31:13","modified_gmt":"2022-05-06T17:31:13","slug":"legast-costa-rica-upala-milk","status":"publish","type":"product","link":"https:\/\/www.chocolate7.com\/en\/shop\/bar\/milk\/legast-costa-rica-upala-milk\/","title":{"rendered":"Legast Costa Rica Upala milk"},"content":{"rendered":"<p style=\"text-align: left\">Milk chocolate bar &#8211; Made by Legast<\/p>\n<p>Notre Upala Lait\u00a0\u00e9quilibre des notes de fruits jaunes et\u00a0de caramel, avec une texture douce et cr\u00e9meuse.\u00a0Le cacao d&#8217;Upala\u00a0provient d\u2019arbres de fermes familiales h\u00e9rit\u00e9es de g\u00e9n\u00e9ration en g\u00e9n\u00e9ration. A 50% de cacao, il est consid\u00e9r\u00e9 un lait &#8220;fonc\u00e9&#8221;.<\/p>\n<p>&nbsp;<\/p>\n<p>\u200b<strong>R\u00e9colte\u00a0<\/strong>: 2020 |\u00a0\u00a0<strong>Vari\u00e9t\u00e9\u00a0<\/strong>: \u00a0Trinitario\u00a0 (Maleku selection)\u00a0|\u00a0<strong>Plantations\u00a0<\/strong>: Agriculteurs affili\u00e9s au centre post-r\u00e9colte \u00e9quitable, nord du Costa Rica.<\/p>\n<p>&#8212;\u200b<\/p>\n<p>Our Milk Upala balances yellow fruit and caramel notes, with the\u00a0sweet\u00a0and creamy texture given by milk.\u00a0Its cocoa comes from trees inherited from generation to generation in familiy farms. \u00a0Cocoa\u00a0culture in Upala is done in agroforestry or intercropping, compensating\u00a0environmental effects of monocultures in the area.<\/p>\n<p>\u200b<\/p>\n<p><strong>Harvest<\/strong>: \u00a0 2020\u00a0|\u00a0\u00a0<strong>Variety<\/strong>: \u00a0Trinitario\u00a0 (Maleku selection)\u00a0|\u00a0\u00a0<strong>Plantations<\/strong>: Selected farmers affiliated to a community-oriented and \u00a0quality post-harvest center, North\u00a0Costa Rica.<\/p>\n","protected":false},"excerpt":{"rendered":"<p>Legast is a bean to bar chocolate maker from Belgium. This fine chocolate bar is made with cocoa from Costa Rica (Upala). Legast Costa Rica Upala milk 50% is a pleasantly sweet milk chocolate, with aromatic notes of honey, yellow fruits, caramel, cream<\/p>\n","protected":false},"featured_media":27919,"template":"","meta":[],"pwb-brand":[9529],"product_brand":[],"product_cat":[3251,3259],"product_tag":[],"giftcard-category":[],"class_list":{"0":"post-27916","1":"product","2":"type-product","3":"status-publish","4":"has-post-thumbnail","6":"pwb-brand-legast-en-2","7":"product_cat-bar","8":"product_cat-milk","9":"pa_acidita-1-en","10":"pa_allergeni-gluten-free-soy-free-en","11":"pa_allergeni-may-contain-traces-of-nuts-and-milk","12":"pa_allergeni-milk","13":"pa_amarezza-1-en","14":"pa_astringenza-0-en","15":"pa_cacao-50-59-en","16":"pa_carboidrati-37-g-en","17":"pa_carboidrati-zuccheri-35-g-en","18":"pa_dolcezza-3-en","19":"pa_fibre-5-g-en","20":"pa_grassi-435-g-en","21":"pa_grassi-saturi-27-g-en","22":"pa_ingredienti-cocoa-mass-cane-sugar-cocoa-butter-milk-powder","23":"pa_note-di-degustazione-honey-yellow-fruits-caramel-cream","24":"pa_paese-delle-fave-di-cacao-costa-rica-en","25":"pa_paese-produttore-belgium","26":"pa_percentuale-di-cacao-50-en","27":"pa_proteine-88-g-en","28":"pa_regione-upala-en","29":"pa_sale-003-g-en","30":"pa_tipo-di-cioccolato-milk-chocolate","31":"pa_valore-energetico-588-kcal-en","33":"first","34":"instock","35":"taxable","36":"shipping-taxable","37":"purchasable","38":"product-type-simple"},"yoast_head":"<!-- This site is optimized with the Yoast SEO plugin v23.3 - https:\/\/yoast.com\/wordpress\/plugins\/seo\/ -->\n<title>Legast Costa Rica Upala milk - Chocolate7<\/title>\n<meta name=\"robots\" content=\"index, follow, max-snippet:-1, max-image-preview:large, max-video-preview:-1\" \/>\n<link rel=\"canonical\" href=\"https:\/\/www.chocolate7.com\/shop\/tavoletta\/latte\/legast-costa-rica-upala-latte\/\" \/>\n<meta property=\"og:locale\" content=\"en_US\" \/>\n<meta property=\"og:type\" content=\"article\" \/>\n<meta property=\"og:title\" content=\"Legast Costa Rica Upala milk - Chocolate7\" \/>\n<meta property=\"og:description\" content=\"Legast is a bean to bar chocolate maker from Belgium. This fine chocolate bar is made with cocoa from Costa Rica (Upala). Legast Costa Rica Upala milk 50% is a pleasantly sweet milk chocolate, with aromatic notes of honey, yellow fruits, caramel, cream\" \/>\n<meta property=\"og:url\" content=\"https:\/\/www.chocolate7.com\/shop\/tavoletta\/latte\/legast-costa-rica-upala-latte\/\" \/>\n<meta property=\"og:site_name\" content=\"Chocolate7\" \/>\n<meta property=\"article:publisher\" content=\"https:\/\/www.facebook.com\/cremino.gianduia.1\" \/>\n<meta property=\"article:modified_time\" content=\"2022-05-06T17:31:13+00:00\" \/>\n<meta property=\"og:image\" content=\"https:\/\/www.chocolate7.com\/wp-content\/uploads\/2022\/05\/IMG_20220506_183658_098-e1651858029914.jpg\" \/>\n\t<meta property=\"og:image:width\" content=\"600\" \/>\n\t<meta property=\"og:image:height\" content=\"600\" \/>\n\t<meta property=\"og:image:type\" content=\"image\/jpeg\" \/>\n<meta name=\"twitter:card\" content=\"summary_large_image\" \/>\n<meta name=\"twitter:site\" content=\"@GianduiaCremino\" \/>\n<meta name=\"twitter:label1\" content=\"Est. reading time\" \/>\n\t<meta name=\"twitter:data1\" content=\"1 minute\" \/>\n<script type=\"application\/ld+json\" class=\"yoast-schema-graph\">{\"@context\":\"https:\/\/schema.org\",\"@graph\":[{\"@type\":\"WebPage\",\"@id\":\"https:\/\/www.chocolate7.com\/shop\/tavoletta\/latte\/legast-costa-rica-upala-latte\/\",\"url\":\"https:\/\/www.chocolate7.com\/shop\/tavoletta\/latte\/legast-costa-rica-upala-latte\/\",\"name\":\"Legast Costa Rica Upala milk - Chocolate7\",\"isPartOf\":{\"@id\":\"https:\/\/www.chocolate7.com\/#website\"},\"primaryImageOfPage\":{\"@id\":\"https:\/\/www.chocolate7.com\/shop\/tavoletta\/latte\/legast-costa-rica-upala-latte\/#primaryimage\"},\"image\":{\"@id\":\"https:\/\/www.chocolate7.com\/shop\/tavoletta\/latte\/legast-costa-rica-upala-latte\/#primaryimage\"},\"thumbnailUrl\":\"https:\/\/www.chocolate7.com\/wp-content\/uploads\/2022\/05\/IMG_20220506_183658_098-e1651858029914.jpg\",\"datePublished\":\"2022-05-06T16:41:56+00:00\",\"dateModified\":\"2022-05-06T17:31:13+00:00\",\"breadcrumb\":{\"@id\":\"https:\/\/www.chocolate7.com\/shop\/tavoletta\/latte\/legast-costa-rica-upala-latte\/#breadcrumb\"},\"inLanguage\":\"en-US\",\"potentialAction\":[{\"@type\":\"ReadAction\",\"target\":[\"https:\/\/www.chocolate7.com\/shop\/tavoletta\/latte\/legast-costa-rica-upala-latte\/\"]}]},{\"@type\":\"ImageObject\",\"inLanguage\":\"en-US\",\"@id\":\"https:\/\/www.chocolate7.com\/shop\/tavoletta\/latte\/legast-costa-rica-upala-latte\/#primaryimage\",\"url\":\"https:\/\/www.chocolate7.com\/wp-content\/uploads\/2022\/05\/IMG_20220506_183658_098-e1651858029914.jpg\",\"contentUrl\":\"https:\/\/www.chocolate7.com\/wp-content\/uploads\/2022\/05\/IMG_20220506_183658_098-e1651858029914.jpg\",\"width\":600,\"height\":600},{\"@type\":\"BreadcrumbList\",\"@id\":\"https:\/\/www.chocolate7.com\/shop\/tavoletta\/latte\/legast-costa-rica-upala-latte\/#breadcrumb\",\"itemListElement\":[{\"@type\":\"ListItem\",\"position\":1,\"name\":\"Home\",\"item\":\"https:\/\/www.chocolate7.com\/en\/\"},{\"@type\":\"ListItem\",\"position\":2,\"name\":\"Shop\",\"item\":\"https:\/\/www.chocolate7.com\/en\/store\/\"},{\"@type\":\"ListItem\",\"position\":3,\"name\":\"Legast Costa Rica Upala milk\"}]},{\"@type\":\"WebSite\",\"@id\":\"https:\/\/www.chocolate7.com\/#website\",\"url\":\"https:\/\/www.chocolate7.com\/\",\"name\":\"Chocolate7\",\"description\":\"The fine &amp; luxury chocolate selection\",\"publisher\":{\"@id\":\"https:\/\/www.chocolate7.com\/#organization\"},\"potentialAction\":[{\"@type\":\"SearchAction\",\"target\":{\"@type\":\"EntryPoint\",\"urlTemplate\":\"https:\/\/www.chocolate7.com\/?s={search_term_string}\"},\"query-input\":\"required name=search_term_string\"}],\"inLanguage\":\"en-US\"},{\"@type\":\"Organization\",\"@id\":\"https:\/\/www.chocolate7.com\/#organization\",\"name\":\"Choc7 di Benedetto Giovanni\",\"url\":\"https:\/\/www.chocolate7.com\/\",\"logo\":{\"@type\":\"ImageObject\",\"inLanguage\":\"en-US\",\"@id\":\"https:\/\/www.chocolate7.com\/#\/schema\/logo\/image\/\",\"url\":\"https:\/\/www.chocolate7.com\/wp-content\/uploads\/2018\/10\/logo_chocolate.png\",\"contentUrl\":\"https:\/\/www.chocolate7.com\/wp-content\/uploads\/2018\/10\/logo_chocolate.png\",\"width\":200,\"height\":41,\"caption\":\"Choc7 di Benedetto Giovanni\"},\"image\":{\"@id\":\"https:\/\/www.chocolate7.com\/#\/schema\/logo\/image\/\"},\"sameAs\":[\"https:\/\/www.facebook.com\/cremino.gianduia.1\",\"https:\/\/x.com\/GianduiaCremino\",\"https:\/\/www.instagram.com\/creminogianduia\/\",\"https:\/\/www.pinterest.com.au\/creminogianduia\/\",\"https:\/\/www.youtube.com\/channel\/UCWFQlcc9EQnAsLkD8rBsgig\"]}]}<\/script>\n<!-- \/ Yoast SEO plugin. -->","yoast_head_json":{"title":"Legast Costa Rica Upala milk - Chocolate7","robots":{"index":"index","follow":"follow","max-snippet":"max-snippet:-1","max-image-preview":"max-image-preview:large","max-video-preview":"max-video-preview:-1"},"canonical":"https:\/\/www.chocolate7.com\/shop\/tavoletta\/latte\/legast-costa-rica-upala-latte\/","og_locale":"en_US","og_type":"article","og_title":"Legast Costa Rica Upala milk - Chocolate7","og_description":"Legast is a bean to bar chocolate maker from Belgium. This fine chocolate bar is made with cocoa from Costa Rica (Upala). Legast Costa Rica Upala milk 50% is a pleasantly sweet milk chocolate, with aromatic notes of honey, yellow fruits, caramel, cream","og_url":"https:\/\/www.chocolate7.com\/shop\/tavoletta\/latte\/legast-costa-rica-upala-latte\/","og_site_name":"Chocolate7","article_publisher":"https:\/\/www.facebook.com\/cremino.gianduia.1","article_modified_time":"2022-05-06T17:31:13+00:00","og_image":[{"width":600,"height":600,"url":"https:\/\/www.chocolate7.com\/wp-content\/uploads\/2022\/05\/IMG_20220506_183658_098-e1651858029914.jpg","type":"image\/jpeg"}],"twitter_card":"summary_large_image","twitter_site":"@GianduiaCremino","twitter_misc":{"Est. reading time":"1 minute"},"schema":{"@context":"https:\/\/schema.org","@graph":[{"@type":"WebPage","@id":"https:\/\/www.chocolate7.com\/shop\/tavoletta\/latte\/legast-costa-rica-upala-latte\/","url":"https:\/\/www.chocolate7.com\/shop\/tavoletta\/latte\/legast-costa-rica-upala-latte\/","name":"Legast Costa Rica Upala milk - Chocolate7","isPartOf":{"@id":"https:\/\/www.chocolate7.com\/#website"},"primaryImageOfPage":{"@id":"https:\/\/www.chocolate7.com\/shop\/tavoletta\/latte\/legast-costa-rica-upala-latte\/#primaryimage"},"image":{"@id":"https:\/\/www.chocolate7.com\/shop\/tavoletta\/latte\/legast-costa-rica-upala-latte\/#primaryimage"},"thumbnailUrl":"https:\/\/www.chocolate7.com\/wp-content\/uploads\/2022\/05\/IMG_20220506_183658_098-e1651858029914.jpg","datePublished":"2022-05-06T16:41:56+00:00","dateModified":"2022-05-06T17:31:13+00:00","breadcrumb":{"@id":"https:\/\/www.chocolate7.com\/shop\/tavoletta\/latte\/legast-costa-rica-upala-latte\/#breadcrumb"},"inLanguage":"en-US","potentialAction":[{"@type":"ReadAction","target":["https:\/\/www.chocolate7.com\/shop\/tavoletta\/latte\/legast-costa-rica-upala-latte\/"]}]},{"@type":"ImageObject","inLanguage":"en-US","@id":"https:\/\/www.chocolate7.com\/shop\/tavoletta\/latte\/legast-costa-rica-upala-latte\/#primaryimage","url":"https:\/\/www.chocolate7.com\/wp-content\/uploads\/2022\/05\/IMG_20220506_183658_098-e1651858029914.jpg","contentUrl":"https:\/\/www.chocolate7.com\/wp-content\/uploads\/2022\/05\/IMG_20220506_183658_098-e1651858029914.jpg","width":600,"height":600},{"@type":"BreadcrumbList","@id":"https:\/\/www.chocolate7.com\/shop\/tavoletta\/latte\/legast-costa-rica-upala-latte\/#breadcrumb","itemListElement":[{"@type":"ListItem","position":1,"name":"Home","item":"https:\/\/www.chocolate7.com\/en\/"},{"@type":"ListItem","position":2,"name":"Shop","item":"https:\/\/www.chocolate7.com\/en\/store\/"},{"@type":"ListItem","position":3,"name":"Legast Costa Rica Upala milk"}]},{"@type":"WebSite","@id":"https:\/\/www.chocolate7.com\/#website","url":"https:\/\/www.chocolate7.com\/","name":"Chocolate7","description":"The fine &amp; luxury chocolate selection","publisher":{"@id":"https:\/\/www.chocolate7.com\/#organization"},"potentialAction":[{"@type":"SearchAction","target":{"@type":"EntryPoint","urlTemplate":"https:\/\/www.chocolate7.com\/?s={search_term_string}"},"query-input":"required name=search_term_string"}],"inLanguage":"en-US"},{"@type":"Organization","@id":"https:\/\/www.chocolate7.com\/#organization","name":"Choc7 di Benedetto Giovanni","url":"https:\/\/www.chocolate7.com\/","logo":{"@type":"ImageObject","inLanguage":"en-US","@id":"https:\/\/www.chocolate7.com\/#\/schema\/logo\/image\/","url":"https:\/\/www.chocolate7.com\/wp-content\/uploads\/2018\/10\/logo_chocolate.png","contentUrl":"https:\/\/www.chocolate7.com\/wp-content\/uploads\/2018\/10\/logo_chocolate.png","width":200,"height":41,"caption":"Choc7 di Benedetto Giovanni"},"image":{"@id":"https:\/\/www.chocolate7.com\/#\/schema\/logo\/image\/"},"sameAs":["https:\/\/www.facebook.com\/cremino.gianduia.1","https:\/\/x.com\/GianduiaCremino","https:\/\/www.instagram.com\/creminogianduia\/","https:\/\/www.pinterest.com.au\/creminogianduia\/","https:\/\/www.youtube.com\/channel\/UCWFQlcc9EQnAsLkD8rBsgig"]}]}},"brands":[{"id":9529,"name":"Legast","slug":"legast-en-2"}],"_links":{"self":[{"href":"https:\/\/www.chocolate7.com\/en\/wp-json\/wp\/v2\/product\/27916","targetHints":{"allow":["GET"]}}],"collection":[{"href":"https:\/\/www.chocolate7.com\/en\/wp-json\/wp\/v2\/product"}],"about":[{"href":"https:\/\/www.chocolate7.com\/en\/wp-json\/wp\/v2\/types\/product"}],"wp:featuredmedia":[{"embeddable":true,"href":"https:\/\/www.chocolate7.com\/en\/wp-json\/wp\/v2\/media\/27919"}],"wp:attachment":[{"href":"https:\/\/www.chocolate7.com\/en\/wp-json\/wp\/v2\/media?parent=27916"}],"wp:term":[{"taxonomy":"pwb-brand","embeddable":true,"href":"https:\/\/www.chocolate7.com\/en\/wp-json\/wp\/v2\/pwb-brand?post=27916"},{"taxonomy":"product_brand","embeddable":true,"href":"https:\/\/www.chocolate7.com\/en\/wp-json\/wp\/v2\/product_brand?post=27916"},{"taxonomy":"product_cat","embeddable":true,"href":"https:\/\/www.chocolate7.com\/en\/wp-json\/wp\/v2\/product_cat?post=27916"},{"taxonomy":"product_tag","embeddable":true,"href":"https:\/\/www.chocolate7.com\/en\/wp-json\/wp\/v2\/product_tag?post=27916"},{"taxonomy":"giftcard-category","embeddable":true,"href":"https:\/\/www.chocolate7.com\/en\/wp-json\/wp\/v2\/giftcard-category?post=27916"}],"curies":[{"name":"wp","href":"https:\/\/api.w.org\/{rel}","templated":true}]}}