{"id":31494,"date":"2022-11-07T14:39:38","date_gmt":"2022-11-07T13:39:39","guid":{"rendered":"https:\/\/www.chocolate7.com\/?post_type=product&#038;p=31494"},"modified":"2023-11-06T04:50:22","modified_gmt":"2023-11-06T03:50:22","slug":"bonnat-philippines-les-sirenes-limited-edition","status":"publish","type":"product","link":"https:\/\/www.chocolate7.com\/en\/shop\/bar\/dark-chocolate-en-2\/bonnat-philippines-les-sirenes-limited-edition\/","title":{"rendered":"Bonnat Philippines Les Sir\u00e8nes LIMITED EDITION"},"content":{"rendered":"<p style=\"text-align: left\">Dark chocolate bar &#8211; Made by Bonnat<\/p>\n<p>Chocolat noir origine Philippines 75% de cacao<br \/>\n<span class=\"js-product-weight-detail-page\">100g net<\/span><\/p>\n<p>Cette tablette est un chocolat noir 75% Cacao pure origine des Philippines<\/p>\n<p>En 1609 un navire voguant entre le Mexique et l\u2019Espagne via les Philippines fut jet\u00e9 sur les c\u00f4tes du Japon lors d\u2019une temp\u00eate. En plein naufrage, des p\u00eacheuses de perles sauv\u00e8rent l\u2019\u00e9quipage puis la cargaison compos\u00e9e en partie de cacao. Ignorant qu\u2019ils avaient affaire \u00e0 des femmes vivant de la plong\u00e9e, les marins rest\u00e8rent persuad\u00e9s d\u2019avoir \u00e9t\u00e9 hal\u00e9s sur le rivage par des sir\u00e8nes.<br \/>\nLe navire et son \u00e9quipage repartirent en direction des Philippines o\u00f9 le cacao fut plant\u00e9. Cette tablette est un hommage aux plongeuses Japonaises sans qui ce chocolat n\u2019existerait pas.<\/p>\n<p>La tablette est vendue en quantit\u00e9 limit\u00e9e<\/p>\n","protected":false},"excerpt":{"rendered":"<p>Bonnat is a bean to bar chocolate maker from France. This fine chocolate bar is made with cocoa from Philippines. Bonnat Philippines Les Sir\u00e8nes 75% is a pleasantly sweet dark chocolate, with aromatic notes of honey, mandarin, toasted almond, coffee, licorice<\/p>\n<p>&nbsp;<\/p>\n<p>&nbsp;<\/p>\n","protected":false},"featured_media":31496,"template":"","meta":[],"pwb-brand":[7849],"product_brand":[],"product_cat":[3251,3255],"product_tag":[],"giftcard-category":[],"class_list":{"0":"post-31494","1":"product","2":"type-product","3":"status-publish","4":"has-post-thumbnail","6":"pwb-brand-bonnat-en","7":"product_cat-bar","8":"product_cat-dark-chocolate-en-2","9":"pa_acidita-1-en","10":"pa_amarezza-1-en","11":"pa_astringenza-1-en","12":"pa_cacao-70-79-en","13":"pa_carboidrati-426-g-en","14":"pa_carboidrati-zuccheri-259-g-en","15":"pa_codice-a-barre-3700152400662-en","16":"pa_dolcezza-3-en","17":"pa_grassi-46-g-en","18":"pa_grassi-saturi-2965-g-en","19":"pa_ingredienti-cocoa-cocoa-butter-sugar","20":"pa_note-di-degustazione-honey-mandarin-toasted-almond-coffee-licorice","21":"pa_paese-delle-fave-di-cacao-philippines","22":"pa_paese-produttore-france","23":"pa_percentuale-di-cacao-75-en","24":"pa_proteine-88-g-en","25":"pa_sale-001-g-en","26":"pa_tipo-di-cioccolato-fondente-en","27":"pa_valore-energetico-603-kcal-2501-kj-en","29":"first","30":"outofstock","31":"taxable","32":"shipping-taxable","33":"purchasable","34":"product-type-simple"},"yoast_head":"<!-- This site is optimized with the Yoast SEO plugin v23.3 - https:\/\/yoast.com\/wordpress\/plugins\/seo\/ -->\n<title>Bonnat Philippines Les Sir\u00e8nes LIMITED EDITION - Chocolate7<\/title>\n<meta name=\"robots\" content=\"index, follow, max-snippet:-1, max-image-preview:large, max-video-preview:-1\" \/>\n<link rel=\"canonical\" href=\"https:\/\/www.chocolate7.com\/shop\/tavoletta\/fondente\/bonnat-filippine-les-sirenes-limited-edition\/\" \/>\n<meta property=\"og:locale\" content=\"en_US\" \/>\n<meta property=\"og:type\" content=\"article\" \/>\n<meta property=\"og:title\" content=\"Bonnat Philippines Les Sir\u00e8nes LIMITED EDITION - Chocolate7\" \/>\n<meta property=\"og:description\" content=\"Bonnat is a bean to bar chocolate maker from France. This fine chocolate bar is made with cocoa from Philippines. Bonnat Philippines Les Sir\u00e8nes 75% is a pleasantly sweet dark chocolate, with aromatic notes of honey, mandarin, toasted almond, coffee, licorice  &nbsp;  &nbsp;\" \/>\n<meta property=\"og:url\" content=\"https:\/\/www.chocolate7.com\/shop\/tavoletta\/fondente\/bonnat-filippine-les-sirenes-limited-edition\/\" \/>\n<meta property=\"og:site_name\" content=\"Chocolate7\" \/>\n<meta property=\"article:publisher\" content=\"https:\/\/www.facebook.com\/cremino.gianduia.1\" \/>\n<meta property=\"article:modified_time\" content=\"2023-11-06T03:50:22+00:00\" \/>\n<meta property=\"og:image\" content=\"https:\/\/www.chocolate7.com\/wp-content\/uploads\/2022\/11\/IMG_20221107_143104_261-scaled-e1667829178262.jpg\" \/>\n\t<meta property=\"og:image:width\" content=\"2560\" \/>\n\t<meta property=\"og:image:height\" content=\"2560\" \/>\n\t<meta property=\"og:image:type\" content=\"image\/jpeg\" \/>\n<meta name=\"twitter:card\" content=\"summary_large_image\" \/>\n<meta name=\"twitter:site\" content=\"@GianduiaCremino\" \/>\n<meta name=\"twitter:label1\" content=\"Est. reading time\" \/>\n\t<meta name=\"twitter:data1\" content=\"1 minute\" \/>\n<script type=\"application\/ld+json\" class=\"yoast-schema-graph\">{\"@context\":\"https:\/\/schema.org\",\"@graph\":[{\"@type\":\"WebPage\",\"@id\":\"https:\/\/www.chocolate7.com\/shop\/tavoletta\/fondente\/bonnat-filippine-les-sirenes-limited-edition\/\",\"url\":\"https:\/\/www.chocolate7.com\/shop\/tavoletta\/fondente\/bonnat-filippine-les-sirenes-limited-edition\/\",\"name\":\"Bonnat Philippines Les Sir\u00e8nes LIMITED EDITION - Chocolate7\",\"isPartOf\":{\"@id\":\"https:\/\/www.chocolate7.com\/#website\"},\"primaryImageOfPage\":{\"@id\":\"https:\/\/www.chocolate7.com\/shop\/tavoletta\/fondente\/bonnat-filippine-les-sirenes-limited-edition\/#primaryimage\"},\"image\":{\"@id\":\"https:\/\/www.chocolate7.com\/shop\/tavoletta\/fondente\/bonnat-filippine-les-sirenes-limited-edition\/#primaryimage\"},\"thumbnailUrl\":\"https:\/\/www.chocolate7.com\/wp-content\/uploads\/2022\/11\/IMG_20221107_143104_261-scaled-e1667829178262.jpg\",\"datePublished\":\"2022-11-07T13:39:39+00:00\",\"dateModified\":\"2023-11-06T03:50:22+00:00\",\"breadcrumb\":{\"@id\":\"https:\/\/www.chocolate7.com\/shop\/tavoletta\/fondente\/bonnat-filippine-les-sirenes-limited-edition\/#breadcrumb\"},\"inLanguage\":\"en-US\",\"potentialAction\":[{\"@type\":\"ReadAction\",\"target\":[\"https:\/\/www.chocolate7.com\/shop\/tavoletta\/fondente\/bonnat-filippine-les-sirenes-limited-edition\/\"]}]},{\"@type\":\"ImageObject\",\"inLanguage\":\"en-US\",\"@id\":\"https:\/\/www.chocolate7.com\/shop\/tavoletta\/fondente\/bonnat-filippine-les-sirenes-limited-edition\/#primaryimage\",\"url\":\"https:\/\/www.chocolate7.com\/wp-content\/uploads\/2022\/11\/IMG_20221107_143104_261-scaled-e1667829178262.jpg\",\"contentUrl\":\"https:\/\/www.chocolate7.com\/wp-content\/uploads\/2022\/11\/IMG_20221107_143104_261-scaled-e1667829178262.jpg\",\"width\":600,\"height\":600},{\"@type\":\"BreadcrumbList\",\"@id\":\"https:\/\/www.chocolate7.com\/shop\/tavoletta\/fondente\/bonnat-filippine-les-sirenes-limited-edition\/#breadcrumb\",\"itemListElement\":[{\"@type\":\"ListItem\",\"position\":1,\"name\":\"Home\",\"item\":\"https:\/\/www.chocolate7.com\/en\/\"},{\"@type\":\"ListItem\",\"position\":2,\"name\":\"Shop\",\"item\":\"https:\/\/www.chocolate7.com\/en\/store\/\"},{\"@type\":\"ListItem\",\"position\":3,\"name\":\"Bonnat Philippines Les Sir\u00e8nes LIMITED EDITION\"}]},{\"@type\":\"WebSite\",\"@id\":\"https:\/\/www.chocolate7.com\/#website\",\"url\":\"https:\/\/www.chocolate7.com\/\",\"name\":\"Chocolate7\",\"description\":\"The fine &amp; luxury chocolate selection\",\"publisher\":{\"@id\":\"https:\/\/www.chocolate7.com\/#organization\"},\"potentialAction\":[{\"@type\":\"SearchAction\",\"target\":{\"@type\":\"EntryPoint\",\"urlTemplate\":\"https:\/\/www.chocolate7.com\/?s={search_term_string}\"},\"query-input\":\"required name=search_term_string\"}],\"inLanguage\":\"en-US\"},{\"@type\":\"Organization\",\"@id\":\"https:\/\/www.chocolate7.com\/#organization\",\"name\":\"Choc7 di Benedetto Giovanni\",\"url\":\"https:\/\/www.chocolate7.com\/\",\"logo\":{\"@type\":\"ImageObject\",\"inLanguage\":\"en-US\",\"@id\":\"https:\/\/www.chocolate7.com\/#\/schema\/logo\/image\/\",\"url\":\"https:\/\/www.chocolate7.com\/wp-content\/uploads\/2018\/10\/logo_chocolate.png\",\"contentUrl\":\"https:\/\/www.chocolate7.com\/wp-content\/uploads\/2018\/10\/logo_chocolate.png\",\"width\":200,\"height\":41,\"caption\":\"Choc7 di Benedetto Giovanni\"},\"image\":{\"@id\":\"https:\/\/www.chocolate7.com\/#\/schema\/logo\/image\/\"},\"sameAs\":[\"https:\/\/www.facebook.com\/cremino.gianduia.1\",\"https:\/\/x.com\/GianduiaCremino\",\"https:\/\/www.instagram.com\/creminogianduia\/\",\"https:\/\/www.pinterest.com.au\/creminogianduia\/\",\"https:\/\/www.youtube.com\/channel\/UCWFQlcc9EQnAsLkD8rBsgig\"]}]}<\/script>\n<!-- \/ Yoast SEO plugin. -->","yoast_head_json":{"title":"Bonnat Philippines Les Sir\u00e8nes LIMITED EDITION - Chocolate7","robots":{"index":"index","follow":"follow","max-snippet":"max-snippet:-1","max-image-preview":"max-image-preview:large","max-video-preview":"max-video-preview:-1"},"canonical":"https:\/\/www.chocolate7.com\/shop\/tavoletta\/fondente\/bonnat-filippine-les-sirenes-limited-edition\/","og_locale":"en_US","og_type":"article","og_title":"Bonnat Philippines Les Sir\u00e8nes LIMITED EDITION - Chocolate7","og_description":"Bonnat is a bean to bar chocolate maker from France. This fine chocolate bar is made with cocoa from Philippines. Bonnat Philippines Les Sir\u00e8nes 75% is a pleasantly sweet dark chocolate, with aromatic notes of honey, mandarin, toasted almond, coffee, licorice  &nbsp;  &nbsp;","og_url":"https:\/\/www.chocolate7.com\/shop\/tavoletta\/fondente\/bonnat-filippine-les-sirenes-limited-edition\/","og_site_name":"Chocolate7","article_publisher":"https:\/\/www.facebook.com\/cremino.gianduia.1","article_modified_time":"2023-11-06T03:50:22+00:00","og_image":[{"width":2560,"height":2560,"url":"https:\/\/www.chocolate7.com\/wp-content\/uploads\/2022\/11\/IMG_20221107_143104_261-scaled-e1667829178262.jpg","type":"image\/jpeg"}],"twitter_card":"summary_large_image","twitter_site":"@GianduiaCremino","twitter_misc":{"Est. reading time":"1 minute"},"schema":{"@context":"https:\/\/schema.org","@graph":[{"@type":"WebPage","@id":"https:\/\/www.chocolate7.com\/shop\/tavoletta\/fondente\/bonnat-filippine-les-sirenes-limited-edition\/","url":"https:\/\/www.chocolate7.com\/shop\/tavoletta\/fondente\/bonnat-filippine-les-sirenes-limited-edition\/","name":"Bonnat Philippines Les Sir\u00e8nes LIMITED EDITION - Chocolate7","isPartOf":{"@id":"https:\/\/www.chocolate7.com\/#website"},"primaryImageOfPage":{"@id":"https:\/\/www.chocolate7.com\/shop\/tavoletta\/fondente\/bonnat-filippine-les-sirenes-limited-edition\/#primaryimage"},"image":{"@id":"https:\/\/www.chocolate7.com\/shop\/tavoletta\/fondente\/bonnat-filippine-les-sirenes-limited-edition\/#primaryimage"},"thumbnailUrl":"https:\/\/www.chocolate7.com\/wp-content\/uploads\/2022\/11\/IMG_20221107_143104_261-scaled-e1667829178262.jpg","datePublished":"2022-11-07T13:39:39+00:00","dateModified":"2023-11-06T03:50:22+00:00","breadcrumb":{"@id":"https:\/\/www.chocolate7.com\/shop\/tavoletta\/fondente\/bonnat-filippine-les-sirenes-limited-edition\/#breadcrumb"},"inLanguage":"en-US","potentialAction":[{"@type":"ReadAction","target":["https:\/\/www.chocolate7.com\/shop\/tavoletta\/fondente\/bonnat-filippine-les-sirenes-limited-edition\/"]}]},{"@type":"ImageObject","inLanguage":"en-US","@id":"https:\/\/www.chocolate7.com\/shop\/tavoletta\/fondente\/bonnat-filippine-les-sirenes-limited-edition\/#primaryimage","url":"https:\/\/www.chocolate7.com\/wp-content\/uploads\/2022\/11\/IMG_20221107_143104_261-scaled-e1667829178262.jpg","contentUrl":"https:\/\/www.chocolate7.com\/wp-content\/uploads\/2022\/11\/IMG_20221107_143104_261-scaled-e1667829178262.jpg","width":600,"height":600},{"@type":"BreadcrumbList","@id":"https:\/\/www.chocolate7.com\/shop\/tavoletta\/fondente\/bonnat-filippine-les-sirenes-limited-edition\/#breadcrumb","itemListElement":[{"@type":"ListItem","position":1,"name":"Home","item":"https:\/\/www.chocolate7.com\/en\/"},{"@type":"ListItem","position":2,"name":"Shop","item":"https:\/\/www.chocolate7.com\/en\/store\/"},{"@type":"ListItem","position":3,"name":"Bonnat Philippines Les Sir\u00e8nes LIMITED EDITION"}]},{"@type":"WebSite","@id":"https:\/\/www.chocolate7.com\/#website","url":"https:\/\/www.chocolate7.com\/","name":"Chocolate7","description":"The fine &amp; luxury chocolate selection","publisher":{"@id":"https:\/\/www.chocolate7.com\/#organization"},"potentialAction":[{"@type":"SearchAction","target":{"@type":"EntryPoint","urlTemplate":"https:\/\/www.chocolate7.com\/?s={search_term_string}"},"query-input":"required name=search_term_string"}],"inLanguage":"en-US"},{"@type":"Organization","@id":"https:\/\/www.chocolate7.com\/#organization","name":"Choc7 di Benedetto Giovanni","url":"https:\/\/www.chocolate7.com\/","logo":{"@type":"ImageObject","inLanguage":"en-US","@id":"https:\/\/www.chocolate7.com\/#\/schema\/logo\/image\/","url":"https:\/\/www.chocolate7.com\/wp-content\/uploads\/2018\/10\/logo_chocolate.png","contentUrl":"https:\/\/www.chocolate7.com\/wp-content\/uploads\/2018\/10\/logo_chocolate.png","width":200,"height":41,"caption":"Choc7 di Benedetto Giovanni"},"image":{"@id":"https:\/\/www.chocolate7.com\/#\/schema\/logo\/image\/"},"sameAs":["https:\/\/www.facebook.com\/cremino.gianduia.1","https:\/\/x.com\/GianduiaCremino","https:\/\/www.instagram.com\/creminogianduia\/","https:\/\/www.pinterest.com.au\/creminogianduia\/","https:\/\/www.youtube.com\/channel\/UCWFQlcc9EQnAsLkD8rBsgig"]}]}},"brands":[{"id":7849,"name":"Bonnat","slug":"bonnat-en"}],"_links":{"self":[{"href":"https:\/\/www.chocolate7.com\/en\/wp-json\/wp\/v2\/product\/31494","targetHints":{"allow":["GET"]}}],"collection":[{"href":"https:\/\/www.chocolate7.com\/en\/wp-json\/wp\/v2\/product"}],"about":[{"href":"https:\/\/www.chocolate7.com\/en\/wp-json\/wp\/v2\/types\/product"}],"wp:featuredmedia":[{"embeddable":true,"href":"https:\/\/www.chocolate7.com\/en\/wp-json\/wp\/v2\/media\/31496"}],"wp:attachment":[{"href":"https:\/\/www.chocolate7.com\/en\/wp-json\/wp\/v2\/media?parent=31494"}],"wp:term":[{"taxonomy":"pwb-brand","embeddable":true,"href":"https:\/\/www.chocolate7.com\/en\/wp-json\/wp\/v2\/pwb-brand?post=31494"},{"taxonomy":"product_brand","embeddable":true,"href":"https:\/\/www.chocolate7.com\/en\/wp-json\/wp\/v2\/product_brand?post=31494"},{"taxonomy":"product_cat","embeddable":true,"href":"https:\/\/www.chocolate7.com\/en\/wp-json\/wp\/v2\/product_cat?post=31494"},{"taxonomy":"product_tag","embeddable":true,"href":"https:\/\/www.chocolate7.com\/en\/wp-json\/wp\/v2\/product_tag?post=31494"},{"taxonomy":"giftcard-category","embeddable":true,"href":"https:\/\/www.chocolate7.com\/en\/wp-json\/wp\/v2\/giftcard-category?post=31494"}],"curies":[{"name":"wp","href":"https:\/\/api.w.org\/{rel}","templated":true}]}}