{"id":31498,"date":"2022-11-07T15:13:52","date_gmt":"2022-11-07T14:13:53","guid":{"rendered":"https:\/\/www.chocolate7.com\/?post_type=product&#038;p=31498"},"modified":"2024-02-26T16:32:01","modified_gmt":"2024-02-26T15:32:01","slug":"bonnat-colombia-dos-cielos-limited-edition","status":"publish","type":"product","link":"https:\/\/www.chocolate7.com\/en\/shop\/bar\/milk\/bonnat-colombia-dos-cielos-limited-edition\/","title":{"rendered":"Bonnat Colombia Dos cielos LIMITED EDITION"},"content":{"rendered":"<p style=\"text-align: left\">Milk chocolate bar &#8211; Made by Bonnat<\/p>\n<p>Chocolat au Lait Origine Colombie 65 % de cacao<br \/>\n<span class=\"js-product-weight-detail-page\">100g net<\/span><\/p>\n<p>Cette tablette de chocolat est un grand cru lait 65% Cacao pure origine de Colombie<\/p>\n<p>Dos Cielos est exceptionnel du fait que ses f\u00e8ves \u00ab\u2009casse claire\u2009\u00bb, conservent leur couleur lumineuse et dor\u00e9e apr\u00e8s torr\u00e9faction.<br \/>\nCette particularit\u00e9 permet la r\u00e9alisation d\u2019un chocolat au lait \u00e0 65% de cacao et facilite la pr\u00e9servation de tous les ar\u00f4mes pr\u00e9sents dans les f\u00e8ves.<\/p>\n<p>Un v\u00e9ritable tr\u00e9sor aux saveurs de caramel, d&#8217;or craquant, de jungle ensoleill\u00e9e qui enchantera les amateurs de douceur.<\/p>\n<p>La tablette est vendue en quantit\u00e9 limit\u00e9e<\/p>\n","protected":false},"excerpt":{"rendered":"<p>Bonnat is a bean to bar chocolate maker from France. This fine chocolate bar is made with cocoa from Colombia. Bonnat Colombia Dos cielos LIMITED EDITION 65% is a pleasantly sweet milk chocolate, with aromatic notes of honey, toasted hazelnuts, cocoa biscuit, butter, caramel<\/p>\n<p>&nbsp;<\/p>\n<p>&nbsp;<\/p>\n","protected":false},"featured_media":31500,"template":"","meta":[],"pwb-brand":[7849],"product_brand":[],"product_cat":[3251,3259],"product_tag":[],"giftcard-category":[],"class_list":{"0":"post-31498","1":"product","2":"type-product","3":"status-publish","4":"has-post-thumbnail","6":"pwb-brand-bonnat-en","7":"product_cat-bar","8":"product_cat-milk","9":"pa_acidita-0-en","10":"pa_amarezza-1-en","11":"pa_astringenza-0-en","12":"pa_cacao-60-69-en","13":"pa_carboidrati-405-g-en","14":"pa_carboidrati-zuccheri-306-g-en","15":"pa_dolcezza-3-en","16":"pa_grassi-49-g-en","17":"pa_grassi-saturi-315-g-en","18":"pa_ingredienti-cocoa-cocoa-butter-sugar-milk-powder","19":"pa_note-di-degustazione-honey-toasted-hazelnuts-cocoa-biscuit-butter-caramel","20":"pa_paese-delle-fave-di-cacao-colombia-en","21":"pa_paese-produttore-france","22":"pa_percentuale-di-cacao-65-en","23":"pa_proteine-8-g-en","24":"pa_sale-013-g-en","25":"pa_tipo-di-cioccolato-milk-chocolate","26":"pa_valore-energetico-626-kcal-2596-kj-en","28":"first","29":"outofstock","30":"taxable","31":"shipping-taxable","32":"purchasable","33":"product-type-simple"},"yoast_head":"<!-- This site is optimized with the Yoast SEO plugin v23.3 - https:\/\/yoast.com\/wordpress\/plugins\/seo\/ -->\n<title>Bonnat Colombia Dos cielos LIMITED EDITION - Chocolate7<\/title>\n<meta name=\"robots\" content=\"index, follow, max-snippet:-1, max-image-preview:large, max-video-preview:-1\" \/>\n<link rel=\"canonical\" href=\"https:\/\/www.chocolate7.com\/shop\/tavoletta\/latte\/bonnat-colombia-dos-cielos-limited-edition\/\" \/>\n<meta property=\"og:locale\" content=\"en_US\" \/>\n<meta property=\"og:type\" content=\"article\" \/>\n<meta property=\"og:title\" content=\"Bonnat Colombia Dos cielos LIMITED EDITION - Chocolate7\" \/>\n<meta property=\"og:description\" content=\"Bonnat is a bean to bar chocolate maker from France. This fine chocolate bar is made with cocoa from Colombia. Bonnat Colombia Dos cielos LIMITED EDITION 65% is a pleasantly sweet milk chocolate, with aromatic notes of honey, toasted hazelnuts, cocoa biscuit, butter, caramel  &nbsp;  &nbsp;\" \/>\n<meta property=\"og:url\" content=\"https:\/\/www.chocolate7.com\/shop\/tavoletta\/latte\/bonnat-colombia-dos-cielos-limited-edition\/\" \/>\n<meta property=\"og:site_name\" content=\"Chocolate7\" \/>\n<meta property=\"article:publisher\" content=\"https:\/\/www.facebook.com\/cremino.gianduia.1\" \/>\n<meta property=\"article:modified_time\" content=\"2024-02-26T15:32:01+00:00\" \/>\n<meta property=\"og:image\" content=\"https:\/\/www.chocolate7.com\/wp-content\/uploads\/2022\/11\/IMG_20221107_150418_858-scaled-e1667830897569.jpg\" \/>\n\t<meta property=\"og:image:width\" content=\"2560\" \/>\n\t<meta property=\"og:image:height\" content=\"2560\" \/>\n\t<meta property=\"og:image:type\" content=\"image\/jpeg\" \/>\n<meta name=\"twitter:card\" content=\"summary_large_image\" \/>\n<meta name=\"twitter:site\" content=\"@GianduiaCremino\" \/>\n<meta name=\"twitter:label1\" content=\"Est. reading time\" \/>\n\t<meta name=\"twitter:data1\" content=\"1 minute\" \/>\n<script type=\"application\/ld+json\" class=\"yoast-schema-graph\">{\"@context\":\"https:\/\/schema.org\",\"@graph\":[{\"@type\":\"WebPage\",\"@id\":\"https:\/\/www.chocolate7.com\/shop\/tavoletta\/latte\/bonnat-colombia-dos-cielos-limited-edition\/\",\"url\":\"https:\/\/www.chocolate7.com\/shop\/tavoletta\/latte\/bonnat-colombia-dos-cielos-limited-edition\/\",\"name\":\"Bonnat Colombia Dos cielos LIMITED EDITION - Chocolate7\",\"isPartOf\":{\"@id\":\"https:\/\/www.chocolate7.com\/#website\"},\"primaryImageOfPage\":{\"@id\":\"https:\/\/www.chocolate7.com\/shop\/tavoletta\/latte\/bonnat-colombia-dos-cielos-limited-edition\/#primaryimage\"},\"image\":{\"@id\":\"https:\/\/www.chocolate7.com\/shop\/tavoletta\/latte\/bonnat-colombia-dos-cielos-limited-edition\/#primaryimage\"},\"thumbnailUrl\":\"https:\/\/www.chocolate7.com\/wp-content\/uploads\/2022\/11\/IMG_20221107_150418_858-scaled-e1667830897569.jpg\",\"datePublished\":\"2022-11-07T14:13:53+00:00\",\"dateModified\":\"2024-02-26T15:32:01+00:00\",\"breadcrumb\":{\"@id\":\"https:\/\/www.chocolate7.com\/shop\/tavoletta\/latte\/bonnat-colombia-dos-cielos-limited-edition\/#breadcrumb\"},\"inLanguage\":\"en-US\",\"potentialAction\":[{\"@type\":\"ReadAction\",\"target\":[\"https:\/\/www.chocolate7.com\/shop\/tavoletta\/latte\/bonnat-colombia-dos-cielos-limited-edition\/\"]}]},{\"@type\":\"ImageObject\",\"inLanguage\":\"en-US\",\"@id\":\"https:\/\/www.chocolate7.com\/shop\/tavoletta\/latte\/bonnat-colombia-dos-cielos-limited-edition\/#primaryimage\",\"url\":\"https:\/\/www.chocolate7.com\/wp-content\/uploads\/2022\/11\/IMG_20221107_150418_858-scaled-e1667830897569.jpg\",\"contentUrl\":\"https:\/\/www.chocolate7.com\/wp-content\/uploads\/2022\/11\/IMG_20221107_150418_858-scaled-e1667830897569.jpg\",\"width\":600,\"height\":600},{\"@type\":\"BreadcrumbList\",\"@id\":\"https:\/\/www.chocolate7.com\/shop\/tavoletta\/latte\/bonnat-colombia-dos-cielos-limited-edition\/#breadcrumb\",\"itemListElement\":[{\"@type\":\"ListItem\",\"position\":1,\"name\":\"Home\",\"item\":\"https:\/\/www.chocolate7.com\/en\/\"},{\"@type\":\"ListItem\",\"position\":2,\"name\":\"Shop\",\"item\":\"https:\/\/www.chocolate7.com\/en\/store\/\"},{\"@type\":\"ListItem\",\"position\":3,\"name\":\"Bonnat Colombia Dos cielos LIMITED EDITION\"}]},{\"@type\":\"WebSite\",\"@id\":\"https:\/\/www.chocolate7.com\/#website\",\"url\":\"https:\/\/www.chocolate7.com\/\",\"name\":\"Chocolate7\",\"description\":\"The fine &amp; luxury chocolate selection\",\"publisher\":{\"@id\":\"https:\/\/www.chocolate7.com\/#organization\"},\"potentialAction\":[{\"@type\":\"SearchAction\",\"target\":{\"@type\":\"EntryPoint\",\"urlTemplate\":\"https:\/\/www.chocolate7.com\/?s={search_term_string}\"},\"query-input\":\"required name=search_term_string\"}],\"inLanguage\":\"en-US\"},{\"@type\":\"Organization\",\"@id\":\"https:\/\/www.chocolate7.com\/#organization\",\"name\":\"Choc7 di Benedetto Giovanni\",\"url\":\"https:\/\/www.chocolate7.com\/\",\"logo\":{\"@type\":\"ImageObject\",\"inLanguage\":\"en-US\",\"@id\":\"https:\/\/www.chocolate7.com\/#\/schema\/logo\/image\/\",\"url\":\"https:\/\/www.chocolate7.com\/wp-content\/uploads\/2018\/10\/logo_chocolate.png\",\"contentUrl\":\"https:\/\/www.chocolate7.com\/wp-content\/uploads\/2018\/10\/logo_chocolate.png\",\"width\":200,\"height\":41,\"caption\":\"Choc7 di Benedetto Giovanni\"},\"image\":{\"@id\":\"https:\/\/www.chocolate7.com\/#\/schema\/logo\/image\/\"},\"sameAs\":[\"https:\/\/www.facebook.com\/cremino.gianduia.1\",\"https:\/\/x.com\/GianduiaCremino\",\"https:\/\/www.instagram.com\/creminogianduia\/\",\"https:\/\/www.pinterest.com.au\/creminogianduia\/\",\"https:\/\/www.youtube.com\/channel\/UCWFQlcc9EQnAsLkD8rBsgig\"]}]}<\/script>\n<!-- \/ Yoast SEO plugin. -->","yoast_head_json":{"title":"Bonnat Colombia Dos cielos LIMITED EDITION - Chocolate7","robots":{"index":"index","follow":"follow","max-snippet":"max-snippet:-1","max-image-preview":"max-image-preview:large","max-video-preview":"max-video-preview:-1"},"canonical":"https:\/\/www.chocolate7.com\/shop\/tavoletta\/latte\/bonnat-colombia-dos-cielos-limited-edition\/","og_locale":"en_US","og_type":"article","og_title":"Bonnat Colombia Dos cielos LIMITED EDITION - Chocolate7","og_description":"Bonnat is a bean to bar chocolate maker from France. This fine chocolate bar is made with cocoa from Colombia. Bonnat Colombia Dos cielos LIMITED EDITION 65% is a pleasantly sweet milk chocolate, with aromatic notes of honey, toasted hazelnuts, cocoa biscuit, butter, caramel  &nbsp;  &nbsp;","og_url":"https:\/\/www.chocolate7.com\/shop\/tavoletta\/latte\/bonnat-colombia-dos-cielos-limited-edition\/","og_site_name":"Chocolate7","article_publisher":"https:\/\/www.facebook.com\/cremino.gianduia.1","article_modified_time":"2024-02-26T15:32:01+00:00","og_image":[{"width":2560,"height":2560,"url":"https:\/\/www.chocolate7.com\/wp-content\/uploads\/2022\/11\/IMG_20221107_150418_858-scaled-e1667830897569.jpg","type":"image\/jpeg"}],"twitter_card":"summary_large_image","twitter_site":"@GianduiaCremino","twitter_misc":{"Est. reading time":"1 minute"},"schema":{"@context":"https:\/\/schema.org","@graph":[{"@type":"WebPage","@id":"https:\/\/www.chocolate7.com\/shop\/tavoletta\/latte\/bonnat-colombia-dos-cielos-limited-edition\/","url":"https:\/\/www.chocolate7.com\/shop\/tavoletta\/latte\/bonnat-colombia-dos-cielos-limited-edition\/","name":"Bonnat Colombia Dos cielos LIMITED EDITION - Chocolate7","isPartOf":{"@id":"https:\/\/www.chocolate7.com\/#website"},"primaryImageOfPage":{"@id":"https:\/\/www.chocolate7.com\/shop\/tavoletta\/latte\/bonnat-colombia-dos-cielos-limited-edition\/#primaryimage"},"image":{"@id":"https:\/\/www.chocolate7.com\/shop\/tavoletta\/latte\/bonnat-colombia-dos-cielos-limited-edition\/#primaryimage"},"thumbnailUrl":"https:\/\/www.chocolate7.com\/wp-content\/uploads\/2022\/11\/IMG_20221107_150418_858-scaled-e1667830897569.jpg","datePublished":"2022-11-07T14:13:53+00:00","dateModified":"2024-02-26T15:32:01+00:00","breadcrumb":{"@id":"https:\/\/www.chocolate7.com\/shop\/tavoletta\/latte\/bonnat-colombia-dos-cielos-limited-edition\/#breadcrumb"},"inLanguage":"en-US","potentialAction":[{"@type":"ReadAction","target":["https:\/\/www.chocolate7.com\/shop\/tavoletta\/latte\/bonnat-colombia-dos-cielos-limited-edition\/"]}]},{"@type":"ImageObject","inLanguage":"en-US","@id":"https:\/\/www.chocolate7.com\/shop\/tavoletta\/latte\/bonnat-colombia-dos-cielos-limited-edition\/#primaryimage","url":"https:\/\/www.chocolate7.com\/wp-content\/uploads\/2022\/11\/IMG_20221107_150418_858-scaled-e1667830897569.jpg","contentUrl":"https:\/\/www.chocolate7.com\/wp-content\/uploads\/2022\/11\/IMG_20221107_150418_858-scaled-e1667830897569.jpg","width":600,"height":600},{"@type":"BreadcrumbList","@id":"https:\/\/www.chocolate7.com\/shop\/tavoletta\/latte\/bonnat-colombia-dos-cielos-limited-edition\/#breadcrumb","itemListElement":[{"@type":"ListItem","position":1,"name":"Home","item":"https:\/\/www.chocolate7.com\/en\/"},{"@type":"ListItem","position":2,"name":"Shop","item":"https:\/\/www.chocolate7.com\/en\/store\/"},{"@type":"ListItem","position":3,"name":"Bonnat Colombia Dos cielos LIMITED EDITION"}]},{"@type":"WebSite","@id":"https:\/\/www.chocolate7.com\/#website","url":"https:\/\/www.chocolate7.com\/","name":"Chocolate7","description":"The fine &amp; luxury chocolate selection","publisher":{"@id":"https:\/\/www.chocolate7.com\/#organization"},"potentialAction":[{"@type":"SearchAction","target":{"@type":"EntryPoint","urlTemplate":"https:\/\/www.chocolate7.com\/?s={search_term_string}"},"query-input":"required name=search_term_string"}],"inLanguage":"en-US"},{"@type":"Organization","@id":"https:\/\/www.chocolate7.com\/#organization","name":"Choc7 di Benedetto Giovanni","url":"https:\/\/www.chocolate7.com\/","logo":{"@type":"ImageObject","inLanguage":"en-US","@id":"https:\/\/www.chocolate7.com\/#\/schema\/logo\/image\/","url":"https:\/\/www.chocolate7.com\/wp-content\/uploads\/2018\/10\/logo_chocolate.png","contentUrl":"https:\/\/www.chocolate7.com\/wp-content\/uploads\/2018\/10\/logo_chocolate.png","width":200,"height":41,"caption":"Choc7 di Benedetto Giovanni"},"image":{"@id":"https:\/\/www.chocolate7.com\/#\/schema\/logo\/image\/"},"sameAs":["https:\/\/www.facebook.com\/cremino.gianduia.1","https:\/\/x.com\/GianduiaCremino","https:\/\/www.instagram.com\/creminogianduia\/","https:\/\/www.pinterest.com.au\/creminogianduia\/","https:\/\/www.youtube.com\/channel\/UCWFQlcc9EQnAsLkD8rBsgig"]}]}},"brands":[{"id":7849,"name":"Bonnat","slug":"bonnat-en"}],"_links":{"self":[{"href":"https:\/\/www.chocolate7.com\/en\/wp-json\/wp\/v2\/product\/31498","targetHints":{"allow":["GET"]}}],"collection":[{"href":"https:\/\/www.chocolate7.com\/en\/wp-json\/wp\/v2\/product"}],"about":[{"href":"https:\/\/www.chocolate7.com\/en\/wp-json\/wp\/v2\/types\/product"}],"wp:featuredmedia":[{"embeddable":true,"href":"https:\/\/www.chocolate7.com\/en\/wp-json\/wp\/v2\/media\/31500"}],"wp:attachment":[{"href":"https:\/\/www.chocolate7.com\/en\/wp-json\/wp\/v2\/media?parent=31498"}],"wp:term":[{"taxonomy":"pwb-brand","embeddable":true,"href":"https:\/\/www.chocolate7.com\/en\/wp-json\/wp\/v2\/pwb-brand?post=31498"},{"taxonomy":"product_brand","embeddable":true,"href":"https:\/\/www.chocolate7.com\/en\/wp-json\/wp\/v2\/product_brand?post=31498"},{"taxonomy":"product_cat","embeddable":true,"href":"https:\/\/www.chocolate7.com\/en\/wp-json\/wp\/v2\/product_cat?post=31498"},{"taxonomy":"product_tag","embeddable":true,"href":"https:\/\/www.chocolate7.com\/en\/wp-json\/wp\/v2\/product_tag?post=31498"},{"taxonomy":"giftcard-category","embeddable":true,"href":"https:\/\/www.chocolate7.com\/en\/wp-json\/wp\/v2\/giftcard-category?post=31498"}],"curies":[{"name":"wp","href":"https:\/\/api.w.org\/{rel}","templated":true}]}}