{"id":31514,"date":"2022-11-08T17:02:50","date_gmt":"2022-11-08T16:02:51","guid":{"rendered":"https:\/\/www.chocolate7.com\/?post_type=product&#038;p=31514"},"modified":"2023-10-05T07:16:02","modified_gmt":"2023-10-05T05:16:02","slug":"cacao-experience-tanzania-kilombero-valley-black-and-blond-sesame-milk-almonds","status":"publish","type":"product","link":"https:\/\/www.chocolate7.com\/en\/shop\/bar\/flavoured-filled-inclusions-milk-chocolate-en\/cacao-experience-tanzania-kilombero-valley-black-and-blond-sesame-milk-almonds\/","title":{"rendered":"Cacao Experience Tanzania Kilombero Valley black and blond sesame milk &amp; almonds"},"content":{"rendered":"<p style=\"text-align: left\">Milk chocolate with inclusions \/ filling \/ flavored &#8211; Made by Cacao Experience<\/p>\n<p style=\"text-align: left\">\u00c9dition limit\u00e9e, Cacao pure origine Tanzanie. Tablette gourmande aux amandes et s\u00e9sames, blond et noir.<\/p>\n","protected":false},"excerpt":{"rendered":"<p>Cacao Experience is a bean to bar chocolate maker from France. This fine chocolate bar is made with cocoa from Tanzania (Kilombero Valley, Kokoa Kamili). Cacao Experience Tanzania Kilombero Valley milk black and blond sesame &amp; almonds 55% is a balanced milk chocolate, with floral aromatic notes of cherry, plum, almond, cream, chocolate pudding, sesame<\/p>\n<p>&nbsp;<\/p>\n<p>&nbsp;<\/p>\n","protected":false},"featured_media":31516,"template":"","meta":[],"pwb-brand":[9254],"product_brand":[],"product_cat":[3251,3261],"product_tag":[],"giftcard-category":[],"class_list":{"0":"post-31514","1":"product","2":"type-product","3":"status-publish","4":"has-post-thumbnail","6":"pwb-brand-cacao-experience-en","7":"product_cat-bar","8":"product_cat-flavoured-filled-inclusions-milk-chocolate-en","9":"pa_acidita-2-en","10":"pa_allergeni-contains-milk-almonds-sesame","11":"pa_allergeni-may-contains-traces-of-gluten","12":"pa_amarezza-0-en","13":"pa_astringenza-0-en","14":"pa_cacao-50-59-en","15":"pa_carboidrati-3144-g-en","16":"pa_carboidrati-zuccheri-2707-g-en","17":"pa_conservazione-store-in-a-cool-and-dry-place-between-16-c-and-18-c","18":"pa_dolcezza-4-en","19":"pa_grassi-4354-g-en","20":"pa_grassi-saturi-2016-g-en","21":"pa_ingredienti-organic-cocoa-beans-organic-sugar-organic-whole-milk-powder-organic-cocoa-butter-organic-almonds-18-black-and-blond-sesame-4","22":"pa_note-di-degustazione-floral-notes-cherry-plum-almond-cream-chocolate-pudding-sesame","23":"pa_paese-delle-fave-di-cacao-tanzania-en","24":"pa_paese-produttore-france","25":"pa_percentuale-di-cacao-55-en","26":"pa_proteine-1215-g-en","27":"pa_regione-kokoa-kamili-en","28":"pa_sale-014-g-en","29":"pa_tipo-di-cioccolato-flavoured-filled-inclusions-milk-chocolate-en","30":"pa_valore-energetico-576-kcal-2398-kj-en","31":"pa_varieta-delle-fave-kilombero-valley-en","33":"first","34":"outofstock","35":"taxable","36":"shipping-taxable","37":"purchasable","38":"product-type-simple"},"yoast_head":"<!-- This site is optimized with the Yoast SEO plugin v23.3 - https:\/\/yoast.com\/wordpress\/plugins\/seo\/ -->\n<title>Cacao Experience Tanzania Kilombero Valley black and blond sesame milk &amp; almonds - Chocolate7<\/title>\n<meta name=\"robots\" content=\"index, follow, max-snippet:-1, max-image-preview:large, max-video-preview:-1\" \/>\n<link rel=\"canonical\" href=\"https:\/\/www.chocolate7.com\/shop\/tavoletta\/latte-inclusioni-ripieno-aromatizzato\/cacao-experience-tanzania-kilombero-valley-latte-sesamo-nero-e-biondo-mandorle\/\" \/>\n<meta property=\"og:locale\" content=\"en_US\" \/>\n<meta property=\"og:type\" content=\"article\" \/>\n<meta property=\"og:title\" content=\"Cacao Experience Tanzania Kilombero Valley black and blond sesame milk &amp; almonds - Chocolate7\" \/>\n<meta property=\"og:description\" content=\"Cacao Experience is a bean to bar chocolate maker from France. This fine chocolate bar is made with cocoa from Tanzania (Kilombero Valley, Kokoa Kamili). Cacao Experience Tanzania Kilombero Valley milk black and blond sesame &amp; almonds 55% is a balanced milk chocolate, with floral aromatic notes of cherry, plum, almond, cream, chocolate pudding, sesame  &nbsp;  &nbsp;\" \/>\n<meta property=\"og:url\" content=\"https:\/\/www.chocolate7.com\/shop\/tavoletta\/latte-inclusioni-ripieno-aromatizzato\/cacao-experience-tanzania-kilombero-valley-latte-sesamo-nero-e-biondo-mandorle\/\" \/>\n<meta property=\"og:site_name\" content=\"Chocolate7\" \/>\n<meta property=\"article:publisher\" content=\"https:\/\/www.facebook.com\/cremino.gianduia.1\" \/>\n<meta property=\"article:modified_time\" content=\"2023-10-05T05:16:02+00:00\" \/>\n<meta property=\"og:image\" content=\"https:\/\/www.chocolate7.com\/wp-content\/uploads\/2022\/11\/IMG_20221108_165925_948-e1667924360607.jpg\" \/>\n\t<meta property=\"og:image:width\" content=\"2297\" \/>\n\t<meta property=\"og:image:height\" content=\"2297\" \/>\n\t<meta property=\"og:image:type\" content=\"image\/jpeg\" \/>\n<meta name=\"twitter:card\" content=\"summary_large_image\" \/>\n<meta name=\"twitter:site\" content=\"@GianduiaCremino\" \/>\n<script type=\"application\/ld+json\" class=\"yoast-schema-graph\">{\"@context\":\"https:\/\/schema.org\",\"@graph\":[{\"@type\":\"WebPage\",\"@id\":\"https:\/\/www.chocolate7.com\/shop\/tavoletta\/latte-inclusioni-ripieno-aromatizzato\/cacao-experience-tanzania-kilombero-valley-latte-sesamo-nero-e-biondo-mandorle\/\",\"url\":\"https:\/\/www.chocolate7.com\/shop\/tavoletta\/latte-inclusioni-ripieno-aromatizzato\/cacao-experience-tanzania-kilombero-valley-latte-sesamo-nero-e-biondo-mandorle\/\",\"name\":\"Cacao Experience Tanzania Kilombero Valley black and blond sesame milk &amp; almonds - Chocolate7\",\"isPartOf\":{\"@id\":\"https:\/\/www.chocolate7.com\/#website\"},\"primaryImageOfPage\":{\"@id\":\"https:\/\/www.chocolate7.com\/shop\/tavoletta\/latte-inclusioni-ripieno-aromatizzato\/cacao-experience-tanzania-kilombero-valley-latte-sesamo-nero-e-biondo-mandorle\/#primaryimage\"},\"image\":{\"@id\":\"https:\/\/www.chocolate7.com\/shop\/tavoletta\/latte-inclusioni-ripieno-aromatizzato\/cacao-experience-tanzania-kilombero-valley-latte-sesamo-nero-e-biondo-mandorle\/#primaryimage\"},\"thumbnailUrl\":\"https:\/\/www.chocolate7.com\/wp-content\/uploads\/2022\/11\/IMG_20221108_165925_948-e1667924360607.jpg\",\"datePublished\":\"2022-11-08T16:02:51+00:00\",\"dateModified\":\"2023-10-05T05:16:02+00:00\",\"breadcrumb\":{\"@id\":\"https:\/\/www.chocolate7.com\/shop\/tavoletta\/latte-inclusioni-ripieno-aromatizzato\/cacao-experience-tanzania-kilombero-valley-latte-sesamo-nero-e-biondo-mandorle\/#breadcrumb\"},\"inLanguage\":\"en-US\",\"potentialAction\":[{\"@type\":\"ReadAction\",\"target\":[\"https:\/\/www.chocolate7.com\/shop\/tavoletta\/latte-inclusioni-ripieno-aromatizzato\/cacao-experience-tanzania-kilombero-valley-latte-sesamo-nero-e-biondo-mandorle\/\"]}]},{\"@type\":\"ImageObject\",\"inLanguage\":\"en-US\",\"@id\":\"https:\/\/www.chocolate7.com\/shop\/tavoletta\/latte-inclusioni-ripieno-aromatizzato\/cacao-experience-tanzania-kilombero-valley-latte-sesamo-nero-e-biondo-mandorle\/#primaryimage\",\"url\":\"https:\/\/www.chocolate7.com\/wp-content\/uploads\/2022\/11\/IMG_20221108_165925_948-e1667924360607.jpg\",\"contentUrl\":\"https:\/\/www.chocolate7.com\/wp-content\/uploads\/2022\/11\/IMG_20221108_165925_948-e1667924360607.jpg\",\"width\":600,\"height\":600},{\"@type\":\"BreadcrumbList\",\"@id\":\"https:\/\/www.chocolate7.com\/shop\/tavoletta\/latte-inclusioni-ripieno-aromatizzato\/cacao-experience-tanzania-kilombero-valley-latte-sesamo-nero-e-biondo-mandorle\/#breadcrumb\",\"itemListElement\":[{\"@type\":\"ListItem\",\"position\":1,\"name\":\"Home\",\"item\":\"https:\/\/www.chocolate7.com\/en\/\"},{\"@type\":\"ListItem\",\"position\":2,\"name\":\"Shop\",\"item\":\"https:\/\/www.chocolate7.com\/en\/store\/\"},{\"@type\":\"ListItem\",\"position\":3,\"name\":\"Cacao Experience Tanzania Kilombero Valley black and blond sesame milk &amp; almonds\"}]},{\"@type\":\"WebSite\",\"@id\":\"https:\/\/www.chocolate7.com\/#website\",\"url\":\"https:\/\/www.chocolate7.com\/\",\"name\":\"Chocolate7\",\"description\":\"The fine &amp; luxury chocolate selection\",\"publisher\":{\"@id\":\"https:\/\/www.chocolate7.com\/#organization\"},\"potentialAction\":[{\"@type\":\"SearchAction\",\"target\":{\"@type\":\"EntryPoint\",\"urlTemplate\":\"https:\/\/www.chocolate7.com\/?s={search_term_string}\"},\"query-input\":\"required name=search_term_string\"}],\"inLanguage\":\"en-US\"},{\"@type\":\"Organization\",\"@id\":\"https:\/\/www.chocolate7.com\/#organization\",\"name\":\"Choc7 di Benedetto Giovanni\",\"url\":\"https:\/\/www.chocolate7.com\/\",\"logo\":{\"@type\":\"ImageObject\",\"inLanguage\":\"en-US\",\"@id\":\"https:\/\/www.chocolate7.com\/#\/schema\/logo\/image\/\",\"url\":\"https:\/\/www.chocolate7.com\/wp-content\/uploads\/2018\/10\/logo_chocolate.png\",\"contentUrl\":\"https:\/\/www.chocolate7.com\/wp-content\/uploads\/2018\/10\/logo_chocolate.png\",\"width\":200,\"height\":41,\"caption\":\"Choc7 di Benedetto Giovanni\"},\"image\":{\"@id\":\"https:\/\/www.chocolate7.com\/#\/schema\/logo\/image\/\"},\"sameAs\":[\"https:\/\/www.facebook.com\/cremino.gianduia.1\",\"https:\/\/x.com\/GianduiaCremino\",\"https:\/\/www.instagram.com\/creminogianduia\/\",\"https:\/\/www.pinterest.com.au\/creminogianduia\/\",\"https:\/\/www.youtube.com\/channel\/UCWFQlcc9EQnAsLkD8rBsgig\"]}]}<\/script>\n<!-- \/ Yoast SEO plugin. -->","yoast_head_json":{"title":"Cacao Experience Tanzania Kilombero Valley black and blond sesame milk &amp; almonds - Chocolate7","robots":{"index":"index","follow":"follow","max-snippet":"max-snippet:-1","max-image-preview":"max-image-preview:large","max-video-preview":"max-video-preview:-1"},"canonical":"https:\/\/www.chocolate7.com\/shop\/tavoletta\/latte-inclusioni-ripieno-aromatizzato\/cacao-experience-tanzania-kilombero-valley-latte-sesamo-nero-e-biondo-mandorle\/","og_locale":"en_US","og_type":"article","og_title":"Cacao Experience Tanzania Kilombero Valley black and blond sesame milk &amp; almonds - Chocolate7","og_description":"Cacao Experience is a bean to bar chocolate maker from France. This fine chocolate bar is made with cocoa from Tanzania (Kilombero Valley, Kokoa Kamili). Cacao Experience Tanzania Kilombero Valley milk black and blond sesame &amp; almonds 55% is a balanced milk chocolate, with floral aromatic notes of cherry, plum, almond, cream, chocolate pudding, sesame  &nbsp;  &nbsp;","og_url":"https:\/\/www.chocolate7.com\/shop\/tavoletta\/latte-inclusioni-ripieno-aromatizzato\/cacao-experience-tanzania-kilombero-valley-latte-sesamo-nero-e-biondo-mandorle\/","og_site_name":"Chocolate7","article_publisher":"https:\/\/www.facebook.com\/cremino.gianduia.1","article_modified_time":"2023-10-05T05:16:02+00:00","og_image":[{"width":2297,"height":2297,"url":"https:\/\/www.chocolate7.com\/wp-content\/uploads\/2022\/11\/IMG_20221108_165925_948-e1667924360607.jpg","type":"image\/jpeg"}],"twitter_card":"summary_large_image","twitter_site":"@GianduiaCremino","schema":{"@context":"https:\/\/schema.org","@graph":[{"@type":"WebPage","@id":"https:\/\/www.chocolate7.com\/shop\/tavoletta\/latte-inclusioni-ripieno-aromatizzato\/cacao-experience-tanzania-kilombero-valley-latte-sesamo-nero-e-biondo-mandorle\/","url":"https:\/\/www.chocolate7.com\/shop\/tavoletta\/latte-inclusioni-ripieno-aromatizzato\/cacao-experience-tanzania-kilombero-valley-latte-sesamo-nero-e-biondo-mandorle\/","name":"Cacao Experience Tanzania Kilombero Valley black and blond sesame milk &amp; almonds - Chocolate7","isPartOf":{"@id":"https:\/\/www.chocolate7.com\/#website"},"primaryImageOfPage":{"@id":"https:\/\/www.chocolate7.com\/shop\/tavoletta\/latte-inclusioni-ripieno-aromatizzato\/cacao-experience-tanzania-kilombero-valley-latte-sesamo-nero-e-biondo-mandorle\/#primaryimage"},"image":{"@id":"https:\/\/www.chocolate7.com\/shop\/tavoletta\/latte-inclusioni-ripieno-aromatizzato\/cacao-experience-tanzania-kilombero-valley-latte-sesamo-nero-e-biondo-mandorle\/#primaryimage"},"thumbnailUrl":"https:\/\/www.chocolate7.com\/wp-content\/uploads\/2022\/11\/IMG_20221108_165925_948-e1667924360607.jpg","datePublished":"2022-11-08T16:02:51+00:00","dateModified":"2023-10-05T05:16:02+00:00","breadcrumb":{"@id":"https:\/\/www.chocolate7.com\/shop\/tavoletta\/latte-inclusioni-ripieno-aromatizzato\/cacao-experience-tanzania-kilombero-valley-latte-sesamo-nero-e-biondo-mandorle\/#breadcrumb"},"inLanguage":"en-US","potentialAction":[{"@type":"ReadAction","target":["https:\/\/www.chocolate7.com\/shop\/tavoletta\/latte-inclusioni-ripieno-aromatizzato\/cacao-experience-tanzania-kilombero-valley-latte-sesamo-nero-e-biondo-mandorle\/"]}]},{"@type":"ImageObject","inLanguage":"en-US","@id":"https:\/\/www.chocolate7.com\/shop\/tavoletta\/latte-inclusioni-ripieno-aromatizzato\/cacao-experience-tanzania-kilombero-valley-latte-sesamo-nero-e-biondo-mandorle\/#primaryimage","url":"https:\/\/www.chocolate7.com\/wp-content\/uploads\/2022\/11\/IMG_20221108_165925_948-e1667924360607.jpg","contentUrl":"https:\/\/www.chocolate7.com\/wp-content\/uploads\/2022\/11\/IMG_20221108_165925_948-e1667924360607.jpg","width":600,"height":600},{"@type":"BreadcrumbList","@id":"https:\/\/www.chocolate7.com\/shop\/tavoletta\/latte-inclusioni-ripieno-aromatizzato\/cacao-experience-tanzania-kilombero-valley-latte-sesamo-nero-e-biondo-mandorle\/#breadcrumb","itemListElement":[{"@type":"ListItem","position":1,"name":"Home","item":"https:\/\/www.chocolate7.com\/en\/"},{"@type":"ListItem","position":2,"name":"Shop","item":"https:\/\/www.chocolate7.com\/en\/store\/"},{"@type":"ListItem","position":3,"name":"Cacao Experience Tanzania Kilombero Valley black and blond sesame milk &amp; almonds"}]},{"@type":"WebSite","@id":"https:\/\/www.chocolate7.com\/#website","url":"https:\/\/www.chocolate7.com\/","name":"Chocolate7","description":"The fine &amp; luxury chocolate selection","publisher":{"@id":"https:\/\/www.chocolate7.com\/#organization"},"potentialAction":[{"@type":"SearchAction","target":{"@type":"EntryPoint","urlTemplate":"https:\/\/www.chocolate7.com\/?s={search_term_string}"},"query-input":"required name=search_term_string"}],"inLanguage":"en-US"},{"@type":"Organization","@id":"https:\/\/www.chocolate7.com\/#organization","name":"Choc7 di Benedetto Giovanni","url":"https:\/\/www.chocolate7.com\/","logo":{"@type":"ImageObject","inLanguage":"en-US","@id":"https:\/\/www.chocolate7.com\/#\/schema\/logo\/image\/","url":"https:\/\/www.chocolate7.com\/wp-content\/uploads\/2018\/10\/logo_chocolate.png","contentUrl":"https:\/\/www.chocolate7.com\/wp-content\/uploads\/2018\/10\/logo_chocolate.png","width":200,"height":41,"caption":"Choc7 di Benedetto Giovanni"},"image":{"@id":"https:\/\/www.chocolate7.com\/#\/schema\/logo\/image\/"},"sameAs":["https:\/\/www.facebook.com\/cremino.gianduia.1","https:\/\/x.com\/GianduiaCremino","https:\/\/www.instagram.com\/creminogianduia\/","https:\/\/www.pinterest.com.au\/creminogianduia\/","https:\/\/www.youtube.com\/channel\/UCWFQlcc9EQnAsLkD8rBsgig"]}]}},"brands":[{"id":9254,"name":"Cacao Experience","slug":"cacao-experience-en"}],"_links":{"self":[{"href":"https:\/\/www.chocolate7.com\/en\/wp-json\/wp\/v2\/product\/31514","targetHints":{"allow":["GET"]}}],"collection":[{"href":"https:\/\/www.chocolate7.com\/en\/wp-json\/wp\/v2\/product"}],"about":[{"href":"https:\/\/www.chocolate7.com\/en\/wp-json\/wp\/v2\/types\/product"}],"wp:featuredmedia":[{"embeddable":true,"href":"https:\/\/www.chocolate7.com\/en\/wp-json\/wp\/v2\/media\/31516"}],"wp:attachment":[{"href":"https:\/\/www.chocolate7.com\/en\/wp-json\/wp\/v2\/media?parent=31514"}],"wp:term":[{"taxonomy":"pwb-brand","embeddable":true,"href":"https:\/\/www.chocolate7.com\/en\/wp-json\/wp\/v2\/pwb-brand?post=31514"},{"taxonomy":"product_brand","embeddable":true,"href":"https:\/\/www.chocolate7.com\/en\/wp-json\/wp\/v2\/product_brand?post=31514"},{"taxonomy":"product_cat","embeddable":true,"href":"https:\/\/www.chocolate7.com\/en\/wp-json\/wp\/v2\/product_cat?post=31514"},{"taxonomy":"product_tag","embeddable":true,"href":"https:\/\/www.chocolate7.com\/en\/wp-json\/wp\/v2\/product_tag?post=31514"},{"taxonomy":"giftcard-category","embeddable":true,"href":"https:\/\/www.chocolate7.com\/en\/wp-json\/wp\/v2\/giftcard-category?post=31514"}],"curies":[{"name":"wp","href":"https:\/\/api.w.org\/{rel}","templated":true}]}}