{"id":31593,"date":"2022-11-16T17:29:21","date_gmt":"2022-11-16T16:29:21","guid":{"rendered":"https:\/\/www.chocolate7.com\/?post_type=product&#038;p=31593"},"modified":"2022-11-16T17:54:30","modified_gmt":"2022-11-16T16:54:30","slug":"encuentro-palets-dominican-republic-dark-chocolate-with-piedmont-hazelnuts","status":"publish","type":"product","link":"https:\/\/www.chocolate7.com\/en\/shop\/gift-box\/encuentro-palets-dominican-republic-dark-chocolate-with-piedmont-hazelnuts\/","title":{"rendered":"Encuentro Palets Dominican Republic dark chocolate with Piedmont hazelnuts"},"content":{"rendered":"<p style=\"text-align: left\">Pralines \/ chocolates \/ cremini \/ truffles &#8211; Made by Encuentro<\/p>\n<p>Voici notre derni\u00e8re cr\u00e9ation ! Des petits palets gourmands qui marient la douceur de notre chocolat 70% R\u00e9publique Dominicaine avec des noisettes du pi\u00e9mont torr\u00e9fi\u00e9es enti\u00e8res !\u00a0Un d\u00e9lice croquant \u00e0 partager au moment du caf\u00e9 \ud83d\ude09<\/p>\n","protected":false},"excerpt":{"rendered":"<p>Encuentro is a bean to bar chocolate maker from France. This elegant box contains 150 grams of fine chocolate palets produced with cocoa from Dominican Republic (\u00d6ko Caribe) with hazelnuts from Piedmont<\/p>\n","protected":false},"featured_media":31595,"template":"","meta":[],"pwb-brand":[5613],"product_brand":[],"product_cat":[3215,3240],"product_tag":[],"giftcard-category":[],"class_list":{"0":"post-31593","1":"product","2":"type-product","3":"status-publish","4":"has-post-thumbnail","6":"pwb-brand-encuentro-en-2","7":"product_cat-gift-box","8":"product_cat-pralines-chocolates-bonbons-cremini-truffles","9":"pa_acidita-1-en","10":"pa_allergeni-contains-hazelnuts","11":"pa_allergeni-may-contain-traces-of-nuts-and-sesame","12":"pa_amarezza-2-en","13":"pa_astringenza-1-en","14":"pa_cacao-70-79-en","15":"pa_certificazioni-certifie-par-fr-bio-10-agriculture-non-ue-en","16":"pa_certificazioni-organic","17":"pa_dolcezza-2-en","18":"pa_ingredienti-70-organic-dominican-republic-chocolate-75-organic-igp-piedmont-hazelnuts-25","19":"pa_note-di-degustazione-honey-red-fruits-plum-hazelnut-biscuit","20":"pa_paese-delle-fave-di-cacao-dominican-republic","21":"pa_paese-produttore-france","22":"pa_percentuale-di-cacao-70-en","23":"pa_regione-oko-caribe-en","24":"pa_tipo-di-cioccolato-pralines-chocolates-bonbons-cremini-truffles","26":"first","27":"outofstock","28":"taxable","29":"shipping-taxable","30":"purchasable","31":"product-type-simple"},"yoast_head":"<!-- This site is optimized with the Yoast SEO plugin v23.3 - https:\/\/yoast.com\/wordpress\/plugins\/seo\/ -->\n<title>Encuentro Palets Dominican Republic dark chocolate with Piedmont hazelnuts - Chocolate7<\/title>\n<meta name=\"robots\" content=\"index, follow, max-snippet:-1, max-image-preview:large, max-video-preview:-1\" \/>\n<link rel=\"canonical\" href=\"https:\/\/www.chocolate7.com\/shop\/confezioni-regalo\/encuentro-palets-cioccolato-fondente-repubblica-dominicana-con-nocciole-piemonte\/\" \/>\n<meta property=\"og:locale\" content=\"en_US\" \/>\n<meta property=\"og:type\" content=\"article\" \/>\n<meta property=\"og:title\" content=\"Encuentro Palets Dominican Republic dark chocolate with Piedmont hazelnuts - Chocolate7\" \/>\n<meta property=\"og:description\" content=\"Encuentro is a bean to bar chocolate maker from France. This elegant box contains 150 grams of fine chocolate palets produced with cocoa from Dominican Republic (\u00d6ko Caribe) with hazelnuts from Piedmont\" \/>\n<meta property=\"og:url\" content=\"https:\/\/www.chocolate7.com\/shop\/confezioni-regalo\/encuentro-palets-cioccolato-fondente-repubblica-dominicana-con-nocciole-piemonte\/\" \/>\n<meta property=\"og:site_name\" content=\"Chocolate7\" \/>\n<meta property=\"article:publisher\" content=\"https:\/\/www.facebook.com\/cremino.gianduia.1\" \/>\n<meta property=\"article:modified_time\" content=\"2022-11-16T16:54:30+00:00\" \/>\n<meta property=\"og:image\" content=\"https:\/\/www.chocolate7.com\/wp-content\/uploads\/2022\/11\/IMG_20221116_174545_285-e1668617261546.jpg\" \/>\n\t<meta property=\"og:image:width\" content=\"2328\" \/>\n\t<meta property=\"og:image:height\" content=\"2328\" \/>\n\t<meta property=\"og:image:type\" content=\"image\/jpeg\" \/>\n<meta name=\"twitter:card\" content=\"summary_large_image\" \/>\n<meta name=\"twitter:site\" content=\"@GianduiaCremino\" \/>\n<script type=\"application\/ld+json\" class=\"yoast-schema-graph\">{\"@context\":\"https:\/\/schema.org\",\"@graph\":[{\"@type\":\"WebPage\",\"@id\":\"https:\/\/www.chocolate7.com\/shop\/confezioni-regalo\/encuentro-palets-cioccolato-fondente-repubblica-dominicana-con-nocciole-piemonte\/\",\"url\":\"https:\/\/www.chocolate7.com\/shop\/confezioni-regalo\/encuentro-palets-cioccolato-fondente-repubblica-dominicana-con-nocciole-piemonte\/\",\"name\":\"Encuentro Palets Dominican Republic dark chocolate with Piedmont hazelnuts - Chocolate7\",\"isPartOf\":{\"@id\":\"https:\/\/www.chocolate7.com\/#website\"},\"primaryImageOfPage\":{\"@id\":\"https:\/\/www.chocolate7.com\/shop\/confezioni-regalo\/encuentro-palets-cioccolato-fondente-repubblica-dominicana-con-nocciole-piemonte\/#primaryimage\"},\"image\":{\"@id\":\"https:\/\/www.chocolate7.com\/shop\/confezioni-regalo\/encuentro-palets-cioccolato-fondente-repubblica-dominicana-con-nocciole-piemonte\/#primaryimage\"},\"thumbnailUrl\":\"https:\/\/www.chocolate7.com\/wp-content\/uploads\/2022\/11\/IMG_20221116_174545_285-e1668617261546.jpg\",\"datePublished\":\"2022-11-16T16:29:21+00:00\",\"dateModified\":\"2022-11-16T16:54:30+00:00\",\"breadcrumb\":{\"@id\":\"https:\/\/www.chocolate7.com\/shop\/confezioni-regalo\/encuentro-palets-cioccolato-fondente-repubblica-dominicana-con-nocciole-piemonte\/#breadcrumb\"},\"inLanguage\":\"en-US\",\"potentialAction\":[{\"@type\":\"ReadAction\",\"target\":[\"https:\/\/www.chocolate7.com\/shop\/confezioni-regalo\/encuentro-palets-cioccolato-fondente-repubblica-dominicana-con-nocciole-piemonte\/\"]}]},{\"@type\":\"ImageObject\",\"inLanguage\":\"en-US\",\"@id\":\"https:\/\/www.chocolate7.com\/shop\/confezioni-regalo\/encuentro-palets-cioccolato-fondente-repubblica-dominicana-con-nocciole-piemonte\/#primaryimage\",\"url\":\"https:\/\/www.chocolate7.com\/wp-content\/uploads\/2022\/11\/IMG_20221116_174545_285-e1668617261546.jpg\",\"contentUrl\":\"https:\/\/www.chocolate7.com\/wp-content\/uploads\/2022\/11\/IMG_20221116_174545_285-e1668617261546.jpg\",\"width\":600,\"height\":600},{\"@type\":\"BreadcrumbList\",\"@id\":\"https:\/\/www.chocolate7.com\/shop\/confezioni-regalo\/encuentro-palets-cioccolato-fondente-repubblica-dominicana-con-nocciole-piemonte\/#breadcrumb\",\"itemListElement\":[{\"@type\":\"ListItem\",\"position\":1,\"name\":\"Home\",\"item\":\"https:\/\/www.chocolate7.com\/en\/\"},{\"@type\":\"ListItem\",\"position\":2,\"name\":\"Shop\",\"item\":\"https:\/\/www.chocolate7.com\/en\/store\/\"},{\"@type\":\"ListItem\",\"position\":3,\"name\":\"Encuentro Palets Dominican Republic dark chocolate with Piedmont hazelnuts\"}]},{\"@type\":\"WebSite\",\"@id\":\"https:\/\/www.chocolate7.com\/#website\",\"url\":\"https:\/\/www.chocolate7.com\/\",\"name\":\"Chocolate7\",\"description\":\"The fine &amp; luxury chocolate selection\",\"publisher\":{\"@id\":\"https:\/\/www.chocolate7.com\/#organization\"},\"potentialAction\":[{\"@type\":\"SearchAction\",\"target\":{\"@type\":\"EntryPoint\",\"urlTemplate\":\"https:\/\/www.chocolate7.com\/?s={search_term_string}\"},\"query-input\":\"required name=search_term_string\"}],\"inLanguage\":\"en-US\"},{\"@type\":\"Organization\",\"@id\":\"https:\/\/www.chocolate7.com\/#organization\",\"name\":\"Choc7 di Benedetto Giovanni\",\"url\":\"https:\/\/www.chocolate7.com\/\",\"logo\":{\"@type\":\"ImageObject\",\"inLanguage\":\"en-US\",\"@id\":\"https:\/\/www.chocolate7.com\/#\/schema\/logo\/image\/\",\"url\":\"https:\/\/www.chocolate7.com\/wp-content\/uploads\/2018\/10\/logo_chocolate.png\",\"contentUrl\":\"https:\/\/www.chocolate7.com\/wp-content\/uploads\/2018\/10\/logo_chocolate.png\",\"width\":200,\"height\":41,\"caption\":\"Choc7 di Benedetto Giovanni\"},\"image\":{\"@id\":\"https:\/\/www.chocolate7.com\/#\/schema\/logo\/image\/\"},\"sameAs\":[\"https:\/\/www.facebook.com\/cremino.gianduia.1\",\"https:\/\/x.com\/GianduiaCremino\",\"https:\/\/www.instagram.com\/creminogianduia\/\",\"https:\/\/www.pinterest.com.au\/creminogianduia\/\",\"https:\/\/www.youtube.com\/channel\/UCWFQlcc9EQnAsLkD8rBsgig\"]}]}<\/script>\n<!-- \/ Yoast SEO plugin. -->","yoast_head_json":{"title":"Encuentro Palets Dominican Republic dark chocolate with Piedmont hazelnuts - Chocolate7","robots":{"index":"index","follow":"follow","max-snippet":"max-snippet:-1","max-image-preview":"max-image-preview:large","max-video-preview":"max-video-preview:-1"},"canonical":"https:\/\/www.chocolate7.com\/shop\/confezioni-regalo\/encuentro-palets-cioccolato-fondente-repubblica-dominicana-con-nocciole-piemonte\/","og_locale":"en_US","og_type":"article","og_title":"Encuentro Palets Dominican Republic dark chocolate with Piedmont hazelnuts - Chocolate7","og_description":"Encuentro is a bean to bar chocolate maker from France. This elegant box contains 150 grams of fine chocolate palets produced with cocoa from Dominican Republic (\u00d6ko Caribe) with hazelnuts from Piedmont","og_url":"https:\/\/www.chocolate7.com\/shop\/confezioni-regalo\/encuentro-palets-cioccolato-fondente-repubblica-dominicana-con-nocciole-piemonte\/","og_site_name":"Chocolate7","article_publisher":"https:\/\/www.facebook.com\/cremino.gianduia.1","article_modified_time":"2022-11-16T16:54:30+00:00","og_image":[{"width":2328,"height":2328,"url":"https:\/\/www.chocolate7.com\/wp-content\/uploads\/2022\/11\/IMG_20221116_174545_285-e1668617261546.jpg","type":"image\/jpeg"}],"twitter_card":"summary_large_image","twitter_site":"@GianduiaCremino","schema":{"@context":"https:\/\/schema.org","@graph":[{"@type":"WebPage","@id":"https:\/\/www.chocolate7.com\/shop\/confezioni-regalo\/encuentro-palets-cioccolato-fondente-repubblica-dominicana-con-nocciole-piemonte\/","url":"https:\/\/www.chocolate7.com\/shop\/confezioni-regalo\/encuentro-palets-cioccolato-fondente-repubblica-dominicana-con-nocciole-piemonte\/","name":"Encuentro Palets Dominican Republic dark chocolate with Piedmont hazelnuts - Chocolate7","isPartOf":{"@id":"https:\/\/www.chocolate7.com\/#website"},"primaryImageOfPage":{"@id":"https:\/\/www.chocolate7.com\/shop\/confezioni-regalo\/encuentro-palets-cioccolato-fondente-repubblica-dominicana-con-nocciole-piemonte\/#primaryimage"},"image":{"@id":"https:\/\/www.chocolate7.com\/shop\/confezioni-regalo\/encuentro-palets-cioccolato-fondente-repubblica-dominicana-con-nocciole-piemonte\/#primaryimage"},"thumbnailUrl":"https:\/\/www.chocolate7.com\/wp-content\/uploads\/2022\/11\/IMG_20221116_174545_285-e1668617261546.jpg","datePublished":"2022-11-16T16:29:21+00:00","dateModified":"2022-11-16T16:54:30+00:00","breadcrumb":{"@id":"https:\/\/www.chocolate7.com\/shop\/confezioni-regalo\/encuentro-palets-cioccolato-fondente-repubblica-dominicana-con-nocciole-piemonte\/#breadcrumb"},"inLanguage":"en-US","potentialAction":[{"@type":"ReadAction","target":["https:\/\/www.chocolate7.com\/shop\/confezioni-regalo\/encuentro-palets-cioccolato-fondente-repubblica-dominicana-con-nocciole-piemonte\/"]}]},{"@type":"ImageObject","inLanguage":"en-US","@id":"https:\/\/www.chocolate7.com\/shop\/confezioni-regalo\/encuentro-palets-cioccolato-fondente-repubblica-dominicana-con-nocciole-piemonte\/#primaryimage","url":"https:\/\/www.chocolate7.com\/wp-content\/uploads\/2022\/11\/IMG_20221116_174545_285-e1668617261546.jpg","contentUrl":"https:\/\/www.chocolate7.com\/wp-content\/uploads\/2022\/11\/IMG_20221116_174545_285-e1668617261546.jpg","width":600,"height":600},{"@type":"BreadcrumbList","@id":"https:\/\/www.chocolate7.com\/shop\/confezioni-regalo\/encuentro-palets-cioccolato-fondente-repubblica-dominicana-con-nocciole-piemonte\/#breadcrumb","itemListElement":[{"@type":"ListItem","position":1,"name":"Home","item":"https:\/\/www.chocolate7.com\/en\/"},{"@type":"ListItem","position":2,"name":"Shop","item":"https:\/\/www.chocolate7.com\/en\/store\/"},{"@type":"ListItem","position":3,"name":"Encuentro Palets Dominican Republic dark chocolate with Piedmont hazelnuts"}]},{"@type":"WebSite","@id":"https:\/\/www.chocolate7.com\/#website","url":"https:\/\/www.chocolate7.com\/","name":"Chocolate7","description":"The fine &amp; luxury chocolate selection","publisher":{"@id":"https:\/\/www.chocolate7.com\/#organization"},"potentialAction":[{"@type":"SearchAction","target":{"@type":"EntryPoint","urlTemplate":"https:\/\/www.chocolate7.com\/?s={search_term_string}"},"query-input":"required name=search_term_string"}],"inLanguage":"en-US"},{"@type":"Organization","@id":"https:\/\/www.chocolate7.com\/#organization","name":"Choc7 di Benedetto Giovanni","url":"https:\/\/www.chocolate7.com\/","logo":{"@type":"ImageObject","inLanguage":"en-US","@id":"https:\/\/www.chocolate7.com\/#\/schema\/logo\/image\/","url":"https:\/\/www.chocolate7.com\/wp-content\/uploads\/2018\/10\/logo_chocolate.png","contentUrl":"https:\/\/www.chocolate7.com\/wp-content\/uploads\/2018\/10\/logo_chocolate.png","width":200,"height":41,"caption":"Choc7 di Benedetto Giovanni"},"image":{"@id":"https:\/\/www.chocolate7.com\/#\/schema\/logo\/image\/"},"sameAs":["https:\/\/www.facebook.com\/cremino.gianduia.1","https:\/\/x.com\/GianduiaCremino","https:\/\/www.instagram.com\/creminogianduia\/","https:\/\/www.pinterest.com.au\/creminogianduia\/","https:\/\/www.youtube.com\/channel\/UCWFQlcc9EQnAsLkD8rBsgig"]}]}},"brands":[{"id":5613,"name":"Encuentro","slug":"encuentro-en-2"}],"_links":{"self":[{"href":"https:\/\/www.chocolate7.com\/en\/wp-json\/wp\/v2\/product\/31593","targetHints":{"allow":["GET"]}}],"collection":[{"href":"https:\/\/www.chocolate7.com\/en\/wp-json\/wp\/v2\/product"}],"about":[{"href":"https:\/\/www.chocolate7.com\/en\/wp-json\/wp\/v2\/types\/product"}],"wp:featuredmedia":[{"embeddable":true,"href":"https:\/\/www.chocolate7.com\/en\/wp-json\/wp\/v2\/media\/31595"}],"wp:attachment":[{"href":"https:\/\/www.chocolate7.com\/en\/wp-json\/wp\/v2\/media?parent=31593"}],"wp:term":[{"taxonomy":"pwb-brand","embeddable":true,"href":"https:\/\/www.chocolate7.com\/en\/wp-json\/wp\/v2\/pwb-brand?post=31593"},{"taxonomy":"product_brand","embeddable":true,"href":"https:\/\/www.chocolate7.com\/en\/wp-json\/wp\/v2\/product_brand?post=31593"},{"taxonomy":"product_cat","embeddable":true,"href":"https:\/\/www.chocolate7.com\/en\/wp-json\/wp\/v2\/product_cat?post=31593"},{"taxonomy":"product_tag","embeddable":true,"href":"https:\/\/www.chocolate7.com\/en\/wp-json\/wp\/v2\/product_tag?post=31593"},{"taxonomy":"giftcard-category","embeddable":true,"href":"https:\/\/www.chocolate7.com\/en\/wp-json\/wp\/v2\/giftcard-category?post=31593"}],"curies":[{"name":"wp","href":"https:\/\/api.w.org\/{rel}","templated":true}]}}