{"id":31597,"date":"2022-11-16T18:12:19","date_gmt":"2022-11-16T17:12:19","guid":{"rendered":"https:\/\/www.chocolate7.com\/?post_type=product&#038;p=31597"},"modified":"2022-11-16T18:55:57","modified_gmt":"2022-11-16T17:55:57","slug":"encuentro-dominican-republic-coverture-dark-chocolate","status":"publish","type":"product","link":"https:\/\/www.chocolate7.com\/en\/shop\/bar\/dark-chocolate-en-2\/encuentro-dominican-republic-coverture-dark-chocolate\/","title":{"rendered":"Encuentro Dominican Republic coverture dark chocolate"},"content":{"rendered":"<p style=\"text-align: left\">Dark chocolate couverture &#8211; Made by Encuentro<\/p>\n<p>Ces petits palets ont \u00e9t\u00e9 pens\u00e9s pour permettre aux amoureux de la p\u00e2tisserie de sublimer leurs cr\u00e9ations chocolat\u00e9es!<\/p>\n<p>Ils sont de tailles variables comme vous pouvez le voir car nous sommes dans l&#8217;artisanat \ud83d\ude09<\/p>\n<p><strong>ORIGINE DISPONIBLE:<\/strong><\/p>\n<ul>\n<li><strong>70% R\u00e9publique Dominicaine.<\/strong>\u00a0Un chocolat tr\u00e8s rond, l\u00e9g\u00e8rement fruit\u00e9 avec une belle allonge sur des notes de miel.<\/li>\n<\/ul>\n<p><strong>ATTENTION<\/strong>\u00a0: il ne s&#8217;agit pas de &#8220;chocolat de couverture&#8221; avec 10 \u00e0 20% de beurre de cacao ajout\u00e9. Il s&#8217;agit du m\u00eame chocolat qui sert \u00e0 r\u00e9aliser nos tablettes, sans aucun beurre de cacao ajout\u00e9, seulement celui naturellement pr\u00e9sent dans les f\u00e8ves de cacao. En effet, nous souhaitons pr\u00e9server toute la richesse aromatique de nos chocolats !<\/p>\n<p><strong>CONSERVATION :<\/strong>\u00a0Ils sont conditionn\u00e9s dans un sachet herm\u00e9tique refermable et compostable. Vous pouvez ainsi conserver votre chocolat sans crainte.<\/p>\n","protected":false},"excerpt":{"rendered":"<p>Encuentro is a bean to bar chocolate maker from France. This bag contains fine couverture chocolate drops made with cocoa from Dominican Republic (\u00d6ko Caribe). Encuentro Dark chocolate couverture drops Dominican Republic 70% is a dark chocolate with a balanced taste, with aromatic notes of honey, red fruits, plums and biscuits, ideal for professional use and for your recipes.<\/p>\n","protected":false},"featured_media":31599,"template":"","meta":[],"pwb-brand":[5613],"product_brand":[],"product_cat":[6088,3255,6574],"product_tag":[],"giftcard-category":[],"class_list":{"0":"post-31597","1":"product","2":"type-product","3":"status-publish","4":"has-post-thumbnail","6":"pwb-brand-encuentro-en-2","7":"product_cat-bakery","8":"product_cat-dark-chocolate-en-2","9":"product_cat-couverture-chocolate","10":"pa_acidita-1-en","11":"pa_amarezza-2-en","12":"pa_astringenza-1-en","13":"pa_cacao-70-79-en","14":"pa_carboidrati-348-g-en","15":"pa_carboidrati-zuccheri-303-g-en","16":"pa_dolcezza-2-en","17":"pa_fibre-134-g-en","18":"pa_grassi-371-g-en","19":"pa_grassi-saturi-235-g-en","20":"pa_ingredienti-organic-cocoa-beans-70-organic-cane-sugar-en","21":"pa_note-di-degustazione-honey-red-fruits-plums-and-biscuits","22":"pa_paese-delle-fave-di-cacao-dominican-republic","23":"pa_paese-produttore-france","24":"pa_percentuale-di-cacao-70-en","25":"pa_proteine-83-g-en","26":"pa_regione-oko-caribe-en-3","27":"pa_sale-0-g-en","28":"pa_tipo-di-cioccolato-couverture-chocolate","29":"pa_valore-energetico-2236-kj-532-en","31":"first","32":"outofstock","33":"taxable","34":"shipping-taxable","35":"purchasable","36":"product-type-simple"},"yoast_head":"<!-- This site is optimized with the Yoast SEO plugin v23.3 - https:\/\/yoast.com\/wordpress\/plugins\/seo\/ -->\n<title>Encuentro Dominican Republic coverture dark chocolate - Chocolate7<\/title>\n<meta name=\"robots\" content=\"index, follow, max-snippet:-1, max-image-preview:large, max-video-preview:-1\" \/>\n<link rel=\"canonical\" href=\"https:\/\/www.chocolate7.com\/shop\/tavoletta\/fondente\/encuentro-pastiglie-cioccolato-fondente-da-copertura-repubblica-dominicana\/\" \/>\n<meta property=\"og:locale\" content=\"en_US\" \/>\n<meta property=\"og:type\" content=\"article\" \/>\n<meta property=\"og:title\" content=\"Encuentro Dominican Republic coverture dark chocolate - Chocolate7\" \/>\n<meta property=\"og:description\" content=\"Encuentro is a bean to bar chocolate maker from France. This bag contains fine couverture chocolate drops made with cocoa from Dominican Republic (\u00d6ko Caribe). Encuentro Dark chocolate couverture drops Dominican Republic 70% is a dark chocolate with a balanced taste, with aromatic notes of honey, red fruits, plums and biscuits, ideal for professional use and for your recipes.\" \/>\n<meta property=\"og:url\" content=\"https:\/\/www.chocolate7.com\/shop\/tavoletta\/fondente\/encuentro-pastiglie-cioccolato-fondente-da-copertura-repubblica-dominicana\/\" \/>\n<meta property=\"og:site_name\" content=\"Chocolate7\" \/>\n<meta property=\"article:publisher\" content=\"https:\/\/www.facebook.com\/cremino.gianduia.1\" \/>\n<meta property=\"article:modified_time\" content=\"2022-11-16T17:55:57+00:00\" \/>\n<meta property=\"og:image\" content=\"https:\/\/www.chocolate7.com\/wp-content\/uploads\/2022\/11\/IMG_20221116_180046_071-scaled-e1668619684894.jpg\" \/>\n\t<meta property=\"og:image:width\" content=\"2560\" \/>\n\t<meta property=\"og:image:height\" content=\"2560\" \/>\n\t<meta property=\"og:image:type\" content=\"image\/jpeg\" \/>\n<meta name=\"twitter:card\" content=\"summary_large_image\" \/>\n<meta name=\"twitter:site\" content=\"@GianduiaCremino\" \/>\n<meta name=\"twitter:label1\" content=\"Est. reading time\" \/>\n\t<meta name=\"twitter:data1\" content=\"1 minute\" \/>\n<script type=\"application\/ld+json\" class=\"yoast-schema-graph\">{\"@context\":\"https:\/\/schema.org\",\"@graph\":[{\"@type\":\"WebPage\",\"@id\":\"https:\/\/www.chocolate7.com\/shop\/tavoletta\/fondente\/encuentro-pastiglie-cioccolato-fondente-da-copertura-repubblica-dominicana\/\",\"url\":\"https:\/\/www.chocolate7.com\/shop\/tavoletta\/fondente\/encuentro-pastiglie-cioccolato-fondente-da-copertura-repubblica-dominicana\/\",\"name\":\"Encuentro Dominican Republic coverture dark chocolate - Chocolate7\",\"isPartOf\":{\"@id\":\"https:\/\/www.chocolate7.com\/#website\"},\"primaryImageOfPage\":{\"@id\":\"https:\/\/www.chocolate7.com\/shop\/tavoletta\/fondente\/encuentro-pastiglie-cioccolato-fondente-da-copertura-repubblica-dominicana\/#primaryimage\"},\"image\":{\"@id\":\"https:\/\/www.chocolate7.com\/shop\/tavoletta\/fondente\/encuentro-pastiglie-cioccolato-fondente-da-copertura-repubblica-dominicana\/#primaryimage\"},\"thumbnailUrl\":\"https:\/\/www.chocolate7.com\/wp-content\/uploads\/2022\/11\/IMG_20221116_180046_071-scaled-e1668619684894.jpg\",\"datePublished\":\"2022-11-16T17:12:19+00:00\",\"dateModified\":\"2022-11-16T17:55:57+00:00\",\"breadcrumb\":{\"@id\":\"https:\/\/www.chocolate7.com\/shop\/tavoletta\/fondente\/encuentro-pastiglie-cioccolato-fondente-da-copertura-repubblica-dominicana\/#breadcrumb\"},\"inLanguage\":\"en-US\",\"potentialAction\":[{\"@type\":\"ReadAction\",\"target\":[\"https:\/\/www.chocolate7.com\/shop\/tavoletta\/fondente\/encuentro-pastiglie-cioccolato-fondente-da-copertura-repubblica-dominicana\/\"]}]},{\"@type\":\"ImageObject\",\"inLanguage\":\"en-US\",\"@id\":\"https:\/\/www.chocolate7.com\/shop\/tavoletta\/fondente\/encuentro-pastiglie-cioccolato-fondente-da-copertura-repubblica-dominicana\/#primaryimage\",\"url\":\"https:\/\/www.chocolate7.com\/wp-content\/uploads\/2022\/11\/IMG_20221116_180046_071-scaled-e1668619684894.jpg\",\"contentUrl\":\"https:\/\/www.chocolate7.com\/wp-content\/uploads\/2022\/11\/IMG_20221116_180046_071-scaled-e1668619684894.jpg\",\"width\":600,\"height\":600},{\"@type\":\"BreadcrumbList\",\"@id\":\"https:\/\/www.chocolate7.com\/shop\/tavoletta\/fondente\/encuentro-pastiglie-cioccolato-fondente-da-copertura-repubblica-dominicana\/#breadcrumb\",\"itemListElement\":[{\"@type\":\"ListItem\",\"position\":1,\"name\":\"Home\",\"item\":\"https:\/\/www.chocolate7.com\/en\/\"},{\"@type\":\"ListItem\",\"position\":2,\"name\":\"Shop\",\"item\":\"https:\/\/www.chocolate7.com\/en\/store\/\"},{\"@type\":\"ListItem\",\"position\":3,\"name\":\"Encuentro Dominican Republic coverture dark chocolate\"}]},{\"@type\":\"WebSite\",\"@id\":\"https:\/\/www.chocolate7.com\/#website\",\"url\":\"https:\/\/www.chocolate7.com\/\",\"name\":\"Chocolate7\",\"description\":\"The fine &amp; luxury chocolate selection\",\"publisher\":{\"@id\":\"https:\/\/www.chocolate7.com\/#organization\"},\"potentialAction\":[{\"@type\":\"SearchAction\",\"target\":{\"@type\":\"EntryPoint\",\"urlTemplate\":\"https:\/\/www.chocolate7.com\/?s={search_term_string}\"},\"query-input\":\"required name=search_term_string\"}],\"inLanguage\":\"en-US\"},{\"@type\":\"Organization\",\"@id\":\"https:\/\/www.chocolate7.com\/#organization\",\"name\":\"Choc7 di Benedetto Giovanni\",\"url\":\"https:\/\/www.chocolate7.com\/\",\"logo\":{\"@type\":\"ImageObject\",\"inLanguage\":\"en-US\",\"@id\":\"https:\/\/www.chocolate7.com\/#\/schema\/logo\/image\/\",\"url\":\"https:\/\/www.chocolate7.com\/wp-content\/uploads\/2018\/10\/logo_chocolate.png\",\"contentUrl\":\"https:\/\/www.chocolate7.com\/wp-content\/uploads\/2018\/10\/logo_chocolate.png\",\"width\":200,\"height\":41,\"caption\":\"Choc7 di Benedetto Giovanni\"},\"image\":{\"@id\":\"https:\/\/www.chocolate7.com\/#\/schema\/logo\/image\/\"},\"sameAs\":[\"https:\/\/www.facebook.com\/cremino.gianduia.1\",\"https:\/\/x.com\/GianduiaCremino\",\"https:\/\/www.instagram.com\/creminogianduia\/\",\"https:\/\/www.pinterest.com.au\/creminogianduia\/\",\"https:\/\/www.youtube.com\/channel\/UCWFQlcc9EQnAsLkD8rBsgig\"]}]}<\/script>\n<!-- \/ Yoast SEO plugin. -->","yoast_head_json":{"title":"Encuentro Dominican Republic coverture dark chocolate - Chocolate7","robots":{"index":"index","follow":"follow","max-snippet":"max-snippet:-1","max-image-preview":"max-image-preview:large","max-video-preview":"max-video-preview:-1"},"canonical":"https:\/\/www.chocolate7.com\/shop\/tavoletta\/fondente\/encuentro-pastiglie-cioccolato-fondente-da-copertura-repubblica-dominicana\/","og_locale":"en_US","og_type":"article","og_title":"Encuentro Dominican Republic coverture dark chocolate - Chocolate7","og_description":"Encuentro is a bean to bar chocolate maker from France. This bag contains fine couverture chocolate drops made with cocoa from Dominican Republic (\u00d6ko Caribe). Encuentro Dark chocolate couverture drops Dominican Republic 70% is a dark chocolate with a balanced taste, with aromatic notes of honey, red fruits, plums and biscuits, ideal for professional use and for your recipes.","og_url":"https:\/\/www.chocolate7.com\/shop\/tavoletta\/fondente\/encuentro-pastiglie-cioccolato-fondente-da-copertura-repubblica-dominicana\/","og_site_name":"Chocolate7","article_publisher":"https:\/\/www.facebook.com\/cremino.gianduia.1","article_modified_time":"2022-11-16T17:55:57+00:00","og_image":[{"width":2560,"height":2560,"url":"https:\/\/www.chocolate7.com\/wp-content\/uploads\/2022\/11\/IMG_20221116_180046_071-scaled-e1668619684894.jpg","type":"image\/jpeg"}],"twitter_card":"summary_large_image","twitter_site":"@GianduiaCremino","twitter_misc":{"Est. reading time":"1 minute"},"schema":{"@context":"https:\/\/schema.org","@graph":[{"@type":"WebPage","@id":"https:\/\/www.chocolate7.com\/shop\/tavoletta\/fondente\/encuentro-pastiglie-cioccolato-fondente-da-copertura-repubblica-dominicana\/","url":"https:\/\/www.chocolate7.com\/shop\/tavoletta\/fondente\/encuentro-pastiglie-cioccolato-fondente-da-copertura-repubblica-dominicana\/","name":"Encuentro Dominican Republic coverture dark chocolate - Chocolate7","isPartOf":{"@id":"https:\/\/www.chocolate7.com\/#website"},"primaryImageOfPage":{"@id":"https:\/\/www.chocolate7.com\/shop\/tavoletta\/fondente\/encuentro-pastiglie-cioccolato-fondente-da-copertura-repubblica-dominicana\/#primaryimage"},"image":{"@id":"https:\/\/www.chocolate7.com\/shop\/tavoletta\/fondente\/encuentro-pastiglie-cioccolato-fondente-da-copertura-repubblica-dominicana\/#primaryimage"},"thumbnailUrl":"https:\/\/www.chocolate7.com\/wp-content\/uploads\/2022\/11\/IMG_20221116_180046_071-scaled-e1668619684894.jpg","datePublished":"2022-11-16T17:12:19+00:00","dateModified":"2022-11-16T17:55:57+00:00","breadcrumb":{"@id":"https:\/\/www.chocolate7.com\/shop\/tavoletta\/fondente\/encuentro-pastiglie-cioccolato-fondente-da-copertura-repubblica-dominicana\/#breadcrumb"},"inLanguage":"en-US","potentialAction":[{"@type":"ReadAction","target":["https:\/\/www.chocolate7.com\/shop\/tavoletta\/fondente\/encuentro-pastiglie-cioccolato-fondente-da-copertura-repubblica-dominicana\/"]}]},{"@type":"ImageObject","inLanguage":"en-US","@id":"https:\/\/www.chocolate7.com\/shop\/tavoletta\/fondente\/encuentro-pastiglie-cioccolato-fondente-da-copertura-repubblica-dominicana\/#primaryimage","url":"https:\/\/www.chocolate7.com\/wp-content\/uploads\/2022\/11\/IMG_20221116_180046_071-scaled-e1668619684894.jpg","contentUrl":"https:\/\/www.chocolate7.com\/wp-content\/uploads\/2022\/11\/IMG_20221116_180046_071-scaled-e1668619684894.jpg","width":600,"height":600},{"@type":"BreadcrumbList","@id":"https:\/\/www.chocolate7.com\/shop\/tavoletta\/fondente\/encuentro-pastiglie-cioccolato-fondente-da-copertura-repubblica-dominicana\/#breadcrumb","itemListElement":[{"@type":"ListItem","position":1,"name":"Home","item":"https:\/\/www.chocolate7.com\/en\/"},{"@type":"ListItem","position":2,"name":"Shop","item":"https:\/\/www.chocolate7.com\/en\/store\/"},{"@type":"ListItem","position":3,"name":"Encuentro Dominican Republic coverture dark chocolate"}]},{"@type":"WebSite","@id":"https:\/\/www.chocolate7.com\/#website","url":"https:\/\/www.chocolate7.com\/","name":"Chocolate7","description":"The fine &amp; luxury chocolate selection","publisher":{"@id":"https:\/\/www.chocolate7.com\/#organization"},"potentialAction":[{"@type":"SearchAction","target":{"@type":"EntryPoint","urlTemplate":"https:\/\/www.chocolate7.com\/?s={search_term_string}"},"query-input":"required name=search_term_string"}],"inLanguage":"en-US"},{"@type":"Organization","@id":"https:\/\/www.chocolate7.com\/#organization","name":"Choc7 di Benedetto Giovanni","url":"https:\/\/www.chocolate7.com\/","logo":{"@type":"ImageObject","inLanguage":"en-US","@id":"https:\/\/www.chocolate7.com\/#\/schema\/logo\/image\/","url":"https:\/\/www.chocolate7.com\/wp-content\/uploads\/2018\/10\/logo_chocolate.png","contentUrl":"https:\/\/www.chocolate7.com\/wp-content\/uploads\/2018\/10\/logo_chocolate.png","width":200,"height":41,"caption":"Choc7 di Benedetto Giovanni"},"image":{"@id":"https:\/\/www.chocolate7.com\/#\/schema\/logo\/image\/"},"sameAs":["https:\/\/www.facebook.com\/cremino.gianduia.1","https:\/\/x.com\/GianduiaCremino","https:\/\/www.instagram.com\/creminogianduia\/","https:\/\/www.pinterest.com.au\/creminogianduia\/","https:\/\/www.youtube.com\/channel\/UCWFQlcc9EQnAsLkD8rBsgig"]}]}},"brands":[{"id":5613,"name":"Encuentro","slug":"encuentro-en-2"}],"_links":{"self":[{"href":"https:\/\/www.chocolate7.com\/en\/wp-json\/wp\/v2\/product\/31597","targetHints":{"allow":["GET"]}}],"collection":[{"href":"https:\/\/www.chocolate7.com\/en\/wp-json\/wp\/v2\/product"}],"about":[{"href":"https:\/\/www.chocolate7.com\/en\/wp-json\/wp\/v2\/types\/product"}],"wp:featuredmedia":[{"embeddable":true,"href":"https:\/\/www.chocolate7.com\/en\/wp-json\/wp\/v2\/media\/31599"}],"wp:attachment":[{"href":"https:\/\/www.chocolate7.com\/en\/wp-json\/wp\/v2\/media?parent=31597"}],"wp:term":[{"taxonomy":"pwb-brand","embeddable":true,"href":"https:\/\/www.chocolate7.com\/en\/wp-json\/wp\/v2\/pwb-brand?post=31597"},{"taxonomy":"product_brand","embeddable":true,"href":"https:\/\/www.chocolate7.com\/en\/wp-json\/wp\/v2\/product_brand?post=31597"},{"taxonomy":"product_cat","embeddable":true,"href":"https:\/\/www.chocolate7.com\/en\/wp-json\/wp\/v2\/product_cat?post=31597"},{"taxonomy":"product_tag","embeddable":true,"href":"https:\/\/www.chocolate7.com\/en\/wp-json\/wp\/v2\/product_tag?post=31597"},{"taxonomy":"giftcard-category","embeddable":true,"href":"https:\/\/www.chocolate7.com\/en\/wp-json\/wp\/v2\/giftcard-category?post=31597"}],"curies":[{"name":"wp","href":"https:\/\/api.w.org\/{rel}","templated":true}]}}