{"id":31621,"date":"2022-11-22T18:12:01","date_gmt":"2022-11-22T17:12:02","guid":{"rendered":"https:\/\/www.chocolate7.com\/?post_type=product&#038;p=31621"},"modified":"2026-04-12T22:49:51","modified_gmt":"2026-04-12T20:49:51","slug":"luisa-abram-brasile-rio-tocantins-2","status":"publish","type":"product","link":"https:\/\/www.chocolate7.com\/en\/shop\/bar\/dark-chocolate-en-2\/luisa-abram-brasile-rio-tocantins-2\/","title":{"rendered":"Luisa Abram Brazil Rio Tocantins"},"content":{"rendered":"<p style=\"text-align: left\">Dark chocolate bar &#8211; Made by Luisa Abram<\/p>\n<p>Em uma parceria com os ribeirinhos, Luisa conduziu sua primeira fermenta\u00e7\u00e3o nesta origem. Ensinar a eles como fazer essa fermenta\u00e7\u00e3o n\u00e3o encontrou barreiras, pelo contr\u00e1rio, foi facilitado pela sua familiaridade com a cultura do cacau. Isso se traduziu em um aumento da renda de suas fam\u00edlias, uma vez que o cacau bem fermentado \u00e9 vendido a pre\u00e7o duas a tr\u00eas vezes mais alto que um cacau que n\u00e3o foi fermentado. As comunidades que vivem \u00e0s margens do Rio Tocantins, um rio de curso bem definido situado na Bacia Hidrogr\u00e1fica do Baixo Amazonas, sobrevivem da extra\u00e7\u00e3o do a\u00e7a\u00ed, do cacau e da\u00a0pesca.<\/p>\n<p>A embalagem vem com\u00a0duas\u00a0barras de 40g cada embaladas separadamente, totalizando 80g de chocolate.\u00a0Assim voc\u00ea n\u00e3o precisa abrir seu chocolate todo de uma vez e pode consumir ele com a qualidade 100% em outro\u00a0momento!<\/p>\n<p>Esta barra de chocolate come\u00e7a com um sabor licoroso e doce com aroma de especiarias. Depois vem os sabores c\u00edtricos e termina com taninos que lembram uma boa ta\u00e7a de vinho tinto.<\/p>\n","protected":false},"excerpt":{"rendered":"<p>Luisa Abram is a bean to bar chocolate maker from Brazil. This fine chocolate bar is made with a cocoa from Brazil (Rio Tocantins). Luisa Abram Brazil Rio Tocantins 81% is a pleasantly acid dark chocolate, with aromatic notes of honey, orange, lemon, red wine, spices<\/p>\n<p>&nbsp;<\/p>\n<p>&nbsp;<\/p>\n","protected":false},"featured_media":32937,"template":"","meta":[],"pwb-brand":[3402],"product_brand":[],"product_cat":[3251,3255],"product_tag":[],"giftcard-category":[],"class_list":{"0":"post-31621","1":"product","2":"type-product","3":"status-publish","4":"has-post-thumbnail","6":"pwb-brand-luisa-abram-en","7":"product_cat-bar","8":"product_cat-dark-chocolate-en-2","9":"pa_acidita-3-en","10":"pa_allergeni-gluten-free-milk-free-may-contain-traces-of-milk-brazil-nuts-peanuts-almonds-hazelnuts-cashews-macadamia-nuts-pecans-pine-nuts-and-pistachios-vegan","11":"pa_amarezza-2-en","12":"pa_astringenza-2-en","13":"pa_cacao-80-89-en","14":"pa_carboidrati-225-g-en","15":"pa_codice-a-barre-7898960562217-en","16":"pa_conservazione-once-opened-consume-within-7-days-store-the-chocolate-between-18-c-and-20-c-away-from-the-sun-sources-of-heat-and-humidity","17":"pa_dolcezza-1-en","18":"pa_fibre-15-g-en","19":"pa_grassi-475-g-en","20":"pa_grassi-saturi-30-g-en","21":"pa_ingredienti-cocoa-mass-organic-cane-sugar-and-cocoa-butter","22":"pa_note-di-degustazione-honey-orange-lemon-red-wine-spices","23":"pa_paese-delle-fave-di-cacao-brazil-en","24":"pa_paese-produttore-brazil","25":"pa_percentuale-di-cacao-81-en","26":"pa_proteine-125-g-en","27":"pa_regione-rio-tocantins-en","28":"pa_sale-425-mg-en-2","29":"pa_tipo-di-cioccolato-fondente-en","30":"pa_valore-energetico-625-kcal-2625-kj-en","32":"first","33":"instock","34":"taxable","35":"shipping-taxable","36":"purchasable","37":"product-type-simple"},"yoast_head":"<!-- This site is optimized with the Yoast SEO plugin v23.3 - https:\/\/yoast.com\/wordpress\/plugins\/seo\/ -->\n<title>Luisa Abram Brazil Rio Tocantins - Chocolate7<\/title>\n<meta name=\"robots\" content=\"index, follow, max-snippet:-1, max-image-preview:large, max-video-preview:-1\" \/>\n<link rel=\"canonical\" href=\"https:\/\/www.chocolate7.com\/shop\/tavoletta\/fondente\/luisa-abram-brasile-rio-tocantins-2\/\" \/>\n<meta property=\"og:locale\" content=\"en_US\" \/>\n<meta property=\"og:type\" content=\"article\" \/>\n<meta property=\"og:title\" content=\"Luisa Abram Brazil Rio Tocantins - Chocolate7\" \/>\n<meta property=\"og:description\" content=\"Luisa Abram is a bean to bar chocolate maker from Brazil. This fine chocolate bar is made with a cocoa from Brazil (Rio Tocantins). Luisa Abram Brazil Rio Tocantins 81% is a pleasantly acid dark chocolate, with aromatic notes of honey, orange, lemon, red wine, spices  &nbsp;  &nbsp;\" \/>\n<meta property=\"og:url\" content=\"https:\/\/www.chocolate7.com\/shop\/tavoletta\/fondente\/luisa-abram-brasile-rio-tocantins-2\/\" \/>\n<meta property=\"og:site_name\" content=\"Chocolate7\" \/>\n<meta property=\"article:publisher\" content=\"https:\/\/www.facebook.com\/cremino.gianduia.1\" \/>\n<meta property=\"article:modified_time\" content=\"2026-04-12T20:49:51+00:00\" \/>\n<meta property=\"og:image\" content=\"https:\/\/www.chocolate7.com\/wp-content\/uploads\/2022\/11\/IMG_20231201_163958_615-scaled-e1701448000129.jpg\" \/>\n\t<meta property=\"og:image:width\" content=\"600\" \/>\n\t<meta property=\"og:image:height\" content=\"600\" \/>\n\t<meta property=\"og:image:type\" content=\"image\/jpeg\" \/>\n<meta name=\"twitter:card\" content=\"summary_large_image\" \/>\n<meta name=\"twitter:site\" content=\"@GianduiaCremino\" \/>\n<meta name=\"twitter:label1\" content=\"Est. reading time\" \/>\n\t<meta name=\"twitter:data1\" content=\"1 minute\" \/>\n<script type=\"application\/ld+json\" class=\"yoast-schema-graph\">{\"@context\":\"https:\/\/schema.org\",\"@graph\":[{\"@type\":\"WebPage\",\"@id\":\"https:\/\/www.chocolate7.com\/shop\/tavoletta\/fondente\/luisa-abram-brasile-rio-tocantins-2\/\",\"url\":\"https:\/\/www.chocolate7.com\/shop\/tavoletta\/fondente\/luisa-abram-brasile-rio-tocantins-2\/\",\"name\":\"Luisa Abram Brazil Rio Tocantins - Chocolate7\",\"isPartOf\":{\"@id\":\"https:\/\/www.chocolate7.com\/#website\"},\"primaryImageOfPage\":{\"@id\":\"https:\/\/www.chocolate7.com\/shop\/tavoletta\/fondente\/luisa-abram-brasile-rio-tocantins-2\/#primaryimage\"},\"image\":{\"@id\":\"https:\/\/www.chocolate7.com\/shop\/tavoletta\/fondente\/luisa-abram-brasile-rio-tocantins-2\/#primaryimage\"},\"thumbnailUrl\":\"https:\/\/www.chocolate7.com\/wp-content\/uploads\/2022\/11\/IMG_20231201_163958_615-scaled-e1701448000129.jpg\",\"datePublished\":\"2022-11-22T17:12:02+00:00\",\"dateModified\":\"2026-04-12T20:49:51+00:00\",\"breadcrumb\":{\"@id\":\"https:\/\/www.chocolate7.com\/shop\/tavoletta\/fondente\/luisa-abram-brasile-rio-tocantins-2\/#breadcrumb\"},\"inLanguage\":\"en-US\",\"potentialAction\":[{\"@type\":\"ReadAction\",\"target\":[\"https:\/\/www.chocolate7.com\/shop\/tavoletta\/fondente\/luisa-abram-brasile-rio-tocantins-2\/\"]}]},{\"@type\":\"ImageObject\",\"inLanguage\":\"en-US\",\"@id\":\"https:\/\/www.chocolate7.com\/shop\/tavoletta\/fondente\/luisa-abram-brasile-rio-tocantins-2\/#primaryimage\",\"url\":\"https:\/\/www.chocolate7.com\/wp-content\/uploads\/2022\/11\/IMG_20231201_163958_615-scaled-e1701448000129.jpg\",\"contentUrl\":\"https:\/\/www.chocolate7.com\/wp-content\/uploads\/2022\/11\/IMG_20231201_163958_615-scaled-e1701448000129.jpg\",\"width\":600,\"height\":600},{\"@type\":\"BreadcrumbList\",\"@id\":\"https:\/\/www.chocolate7.com\/shop\/tavoletta\/fondente\/luisa-abram-brasile-rio-tocantins-2\/#breadcrumb\",\"itemListElement\":[{\"@type\":\"ListItem\",\"position\":1,\"name\":\"Home\",\"item\":\"https:\/\/www.chocolate7.com\/en\/\"},{\"@type\":\"ListItem\",\"position\":2,\"name\":\"Shop\",\"item\":\"https:\/\/www.chocolate7.com\/en\/store\/\"},{\"@type\":\"ListItem\",\"position\":3,\"name\":\"Luisa Abram Brazil Rio Tocantins\"}]},{\"@type\":\"WebSite\",\"@id\":\"https:\/\/www.chocolate7.com\/#website\",\"url\":\"https:\/\/www.chocolate7.com\/\",\"name\":\"Chocolate7\",\"description\":\"The fine &amp; luxury chocolate selection\",\"publisher\":{\"@id\":\"https:\/\/www.chocolate7.com\/#organization\"},\"potentialAction\":[{\"@type\":\"SearchAction\",\"target\":{\"@type\":\"EntryPoint\",\"urlTemplate\":\"https:\/\/www.chocolate7.com\/?s={search_term_string}\"},\"query-input\":\"required name=search_term_string\"}],\"inLanguage\":\"en-US\"},{\"@type\":\"Organization\",\"@id\":\"https:\/\/www.chocolate7.com\/#organization\",\"name\":\"Choc7 di Benedetto Giovanni\",\"url\":\"https:\/\/www.chocolate7.com\/\",\"logo\":{\"@type\":\"ImageObject\",\"inLanguage\":\"en-US\",\"@id\":\"https:\/\/www.chocolate7.com\/#\/schema\/logo\/image\/\",\"url\":\"https:\/\/www.chocolate7.com\/wp-content\/uploads\/2018\/10\/logo_chocolate.png\",\"contentUrl\":\"https:\/\/www.chocolate7.com\/wp-content\/uploads\/2018\/10\/logo_chocolate.png\",\"width\":200,\"height\":41,\"caption\":\"Choc7 di Benedetto Giovanni\"},\"image\":{\"@id\":\"https:\/\/www.chocolate7.com\/#\/schema\/logo\/image\/\"},\"sameAs\":[\"https:\/\/www.facebook.com\/cremino.gianduia.1\",\"https:\/\/x.com\/GianduiaCremino\",\"https:\/\/www.instagram.com\/creminogianduia\/\",\"https:\/\/www.pinterest.com.au\/creminogianduia\/\",\"https:\/\/www.youtube.com\/channel\/UCWFQlcc9EQnAsLkD8rBsgig\"]}]}<\/script>\n<!-- \/ Yoast SEO plugin. -->","yoast_head_json":{"title":"Luisa Abram Brazil Rio Tocantins - Chocolate7","robots":{"index":"index","follow":"follow","max-snippet":"max-snippet:-1","max-image-preview":"max-image-preview:large","max-video-preview":"max-video-preview:-1"},"canonical":"https:\/\/www.chocolate7.com\/shop\/tavoletta\/fondente\/luisa-abram-brasile-rio-tocantins-2\/","og_locale":"en_US","og_type":"article","og_title":"Luisa Abram Brazil Rio Tocantins - Chocolate7","og_description":"Luisa Abram is a bean to bar chocolate maker from Brazil. This fine chocolate bar is made with a cocoa from Brazil (Rio Tocantins). Luisa Abram Brazil Rio Tocantins 81% is a pleasantly acid dark chocolate, with aromatic notes of honey, orange, lemon, red wine, spices  &nbsp;  &nbsp;","og_url":"https:\/\/www.chocolate7.com\/shop\/tavoletta\/fondente\/luisa-abram-brasile-rio-tocantins-2\/","og_site_name":"Chocolate7","article_publisher":"https:\/\/www.facebook.com\/cremino.gianduia.1","article_modified_time":"2026-04-12T20:49:51+00:00","og_image":[{"width":600,"height":600,"url":"https:\/\/www.chocolate7.com\/wp-content\/uploads\/2022\/11\/IMG_20231201_163958_615-scaled-e1701448000129.jpg","type":"image\/jpeg"}],"twitter_card":"summary_large_image","twitter_site":"@GianduiaCremino","twitter_misc":{"Est. reading time":"1 minute"},"schema":{"@context":"https:\/\/schema.org","@graph":[{"@type":"WebPage","@id":"https:\/\/www.chocolate7.com\/shop\/tavoletta\/fondente\/luisa-abram-brasile-rio-tocantins-2\/","url":"https:\/\/www.chocolate7.com\/shop\/tavoletta\/fondente\/luisa-abram-brasile-rio-tocantins-2\/","name":"Luisa Abram Brazil Rio Tocantins - Chocolate7","isPartOf":{"@id":"https:\/\/www.chocolate7.com\/#website"},"primaryImageOfPage":{"@id":"https:\/\/www.chocolate7.com\/shop\/tavoletta\/fondente\/luisa-abram-brasile-rio-tocantins-2\/#primaryimage"},"image":{"@id":"https:\/\/www.chocolate7.com\/shop\/tavoletta\/fondente\/luisa-abram-brasile-rio-tocantins-2\/#primaryimage"},"thumbnailUrl":"https:\/\/www.chocolate7.com\/wp-content\/uploads\/2022\/11\/IMG_20231201_163958_615-scaled-e1701448000129.jpg","datePublished":"2022-11-22T17:12:02+00:00","dateModified":"2026-04-12T20:49:51+00:00","breadcrumb":{"@id":"https:\/\/www.chocolate7.com\/shop\/tavoletta\/fondente\/luisa-abram-brasile-rio-tocantins-2\/#breadcrumb"},"inLanguage":"en-US","potentialAction":[{"@type":"ReadAction","target":["https:\/\/www.chocolate7.com\/shop\/tavoletta\/fondente\/luisa-abram-brasile-rio-tocantins-2\/"]}]},{"@type":"ImageObject","inLanguage":"en-US","@id":"https:\/\/www.chocolate7.com\/shop\/tavoletta\/fondente\/luisa-abram-brasile-rio-tocantins-2\/#primaryimage","url":"https:\/\/www.chocolate7.com\/wp-content\/uploads\/2022\/11\/IMG_20231201_163958_615-scaled-e1701448000129.jpg","contentUrl":"https:\/\/www.chocolate7.com\/wp-content\/uploads\/2022\/11\/IMG_20231201_163958_615-scaled-e1701448000129.jpg","width":600,"height":600},{"@type":"BreadcrumbList","@id":"https:\/\/www.chocolate7.com\/shop\/tavoletta\/fondente\/luisa-abram-brasile-rio-tocantins-2\/#breadcrumb","itemListElement":[{"@type":"ListItem","position":1,"name":"Home","item":"https:\/\/www.chocolate7.com\/en\/"},{"@type":"ListItem","position":2,"name":"Shop","item":"https:\/\/www.chocolate7.com\/en\/store\/"},{"@type":"ListItem","position":3,"name":"Luisa Abram Brazil Rio Tocantins"}]},{"@type":"WebSite","@id":"https:\/\/www.chocolate7.com\/#website","url":"https:\/\/www.chocolate7.com\/","name":"Chocolate7","description":"The fine &amp; luxury chocolate selection","publisher":{"@id":"https:\/\/www.chocolate7.com\/#organization"},"potentialAction":[{"@type":"SearchAction","target":{"@type":"EntryPoint","urlTemplate":"https:\/\/www.chocolate7.com\/?s={search_term_string}"},"query-input":"required name=search_term_string"}],"inLanguage":"en-US"},{"@type":"Organization","@id":"https:\/\/www.chocolate7.com\/#organization","name":"Choc7 di Benedetto Giovanni","url":"https:\/\/www.chocolate7.com\/","logo":{"@type":"ImageObject","inLanguage":"en-US","@id":"https:\/\/www.chocolate7.com\/#\/schema\/logo\/image\/","url":"https:\/\/www.chocolate7.com\/wp-content\/uploads\/2018\/10\/logo_chocolate.png","contentUrl":"https:\/\/www.chocolate7.com\/wp-content\/uploads\/2018\/10\/logo_chocolate.png","width":200,"height":41,"caption":"Choc7 di Benedetto Giovanni"},"image":{"@id":"https:\/\/www.chocolate7.com\/#\/schema\/logo\/image\/"},"sameAs":["https:\/\/www.facebook.com\/cremino.gianduia.1","https:\/\/x.com\/GianduiaCremino","https:\/\/www.instagram.com\/creminogianduia\/","https:\/\/www.pinterest.com.au\/creminogianduia\/","https:\/\/www.youtube.com\/channel\/UCWFQlcc9EQnAsLkD8rBsgig"]}]}},"brands":[{"id":3402,"name":"Luisa Abram","slug":"luisa-abram-en"}],"_links":{"self":[{"href":"https:\/\/www.chocolate7.com\/en\/wp-json\/wp\/v2\/product\/31621","targetHints":{"allow":["GET"]}}],"collection":[{"href":"https:\/\/www.chocolate7.com\/en\/wp-json\/wp\/v2\/product"}],"about":[{"href":"https:\/\/www.chocolate7.com\/en\/wp-json\/wp\/v2\/types\/product"}],"wp:featuredmedia":[{"embeddable":true,"href":"https:\/\/www.chocolate7.com\/en\/wp-json\/wp\/v2\/media\/32937"}],"wp:attachment":[{"href":"https:\/\/www.chocolate7.com\/en\/wp-json\/wp\/v2\/media?parent=31621"}],"wp:term":[{"taxonomy":"pwb-brand","embeddable":true,"href":"https:\/\/www.chocolate7.com\/en\/wp-json\/wp\/v2\/pwb-brand?post=31621"},{"taxonomy":"product_brand","embeddable":true,"href":"https:\/\/www.chocolate7.com\/en\/wp-json\/wp\/v2\/product_brand?post=31621"},{"taxonomy":"product_cat","embeddable":true,"href":"https:\/\/www.chocolate7.com\/en\/wp-json\/wp\/v2\/product_cat?post=31621"},{"taxonomy":"product_tag","embeddable":true,"href":"https:\/\/www.chocolate7.com\/en\/wp-json\/wp\/v2\/product_tag?post=31621"},{"taxonomy":"giftcard-category","embeddable":true,"href":"https:\/\/www.chocolate7.com\/en\/wp-json\/wp\/v2\/giftcard-category?post=31621"}],"curies":[{"name":"wp","href":"https:\/\/api.w.org\/{rel}","templated":true}]}}