{"id":31679,"date":"2022-11-30T19:07:06","date_gmt":"2022-11-30T18:07:07","guid":{"rendered":"https:\/\/www.chocolate7.com\/?post_type=product&#038;p=31679"},"modified":"2026-03-24T22:37:02","modified_gmt":"2026-03-24T21:37:02","slug":"orfeve-grenada-lesterre","status":"publish","type":"product","link":"https:\/\/www.chocolate7.com\/en\/shop\/bar\/dark-chocolate-en-2\/orfeve-grenada-lesterre\/","title":{"rendered":"Orf\u00e8ve Grenada L&#8217;Esterre"},"content":{"rendered":"<p style=\"text-align: left\">Dark chocolate bar &#8211; Made by Orf\u00e8ve<\/p>\n<p style=\"text-align: left\">Ce\u00a0<em>Cru de Propri\u00e9t\u00e9<\/em>\u00a0exceptionnel se caract\u00e9rise par sa douceur cr\u00e9meuse et ses ar\u00f4mes d\u00e9licats de banane, de fruits et de noix.<\/p>\n<p>Situ\u00e9e \u00e0 150km au Nord des c\u00f4tes du Venezuela, l\u2019\u00eele de la Grenade est surnomm\u00e9e l\u2019\u00eele aux \u00e9pices pour ses plantations de cannelle, de girofle, de noix de muscade ou de curcuma.<\/p>\n<p>Depuis 1714, on y cultive \u00e9galement un cacao fruit\u00e9 et floral, qui b\u00e9n\u00e9ficie du sol volcanique dense et g\u00e9n\u00e9reux.<\/p>\n<p>Le Domaine L\u2019Esterre appartient \u00e0 la famille Ramdhanny depuis plus de 70 ans. Cette plantation d\u2019un seul tenant se trouve dans le Nord-Est de l\u2019\u00eele, au pied de collines recouvertes de for\u00eats pluviales.<\/p>\n<p>La famille y cultive du cacao et de la noix de muscade dans le plus strict respect des r\u00e8gles de l\u2019agriculture biologique et de l\u2019agroforesterie, maintenant ainsi la richesse et la fertilit\u00e9 du sol.<\/p>\n<p>Les f\u00e8ves sont r\u00e9colt\u00e9es durant la saison s\u00e8che, entre novembre et avril, puis ferment\u00e9es \u00e0 la propri\u00e9t\u00e9 durant 7 \u00e0 8 jours avant d\u2019\u00eatre s\u00e9ch\u00e9es au soleil pendant 6 \u00e0 7 jours.<\/p>\n<div class=\"large-2 col pb-0 mb-0\">\n<h5 class=\"uppercase mt\"><\/h5>\n<\/div>\n<div class=\"large-10 col pb-0 mb-0\">\n<div class=\"panel entry-content\"><\/div>\n<\/div>\n","protected":false},"excerpt":{"rendered":"<p>Orf\u00e8ve, is a bean to bar chocolate maker from Switzerland. This fine chocolate bar is made with cocoa from Grenada (L&#8217;Esterre). Orf\u00e8ve Grenada L&#8217;Esterre 80% is a dark chocolate with a balanced taste, with aromatic notes of honey, banana, pecan nuts, cocoa biscuit<\/p>\n<p>&nbsp;<\/p>\n","protected":false},"featured_media":31681,"template":"","meta":[],"pwb-brand":[10564],"product_brand":[],"product_cat":[3251,3255],"product_tag":[],"giftcard-category":[],"class_list":{"0":"post-31679","1":"product","2":"type-product","3":"status-publish","4":"has-post-thumbnail","6":"pwb-brand-orfeve-en","7":"product_cat-bar","8":"product_cat-dark-chocolate-en-2","9":"pa_acidita-1-en","10":"pa_allergeni-vegan-soy-free-gluten-free-dairy-free-egg-free-and-nut-free","11":"pa_amarezza-2-en","12":"pa_astringenza-0-en","13":"pa_cacao-80-89-en","14":"pa_carboidrati-24-g-en","15":"pa_carboidrati-zuccheri-19-g-en-2","16":"pa_codice-a-barre-7640180640110-en","17":"pa_conservazione-store-in-a-cool-place-between-16c-and-20c","18":"pa_dolcezza-2-en","19":"pa_fibre-11-g-en","20":"pa_grassi-47-g-en","21":"pa_grassi-saturi-30-g-en","22":"pa_ingredienti-cocoa-beans-raw-cane-sugar-cocoa-butter-whole-cane-sugar","23":"pa_note-di-degustazione-honey-banana-pecans-cocoa-biscuit","24":"pa_paese-delle-fave-di-cacao-grenada-en","25":"pa_paese-produttore-switzerland","26":"pa_percentuale-di-cacao-80-en","27":"pa_proteine-10-g-en","28":"pa_regione-lesterre-en","29":"pa_sale-01-g-en","30":"pa_tipo-di-cioccolato-fondente-en","31":"pa_valore-energetico-602-kcal-2489-kj-en","33":"first","34":"instock","35":"taxable","36":"shipping-taxable","37":"purchasable","38":"product-type-simple"},"yoast_head":"<!-- This site is optimized with the Yoast SEO plugin v23.3 - https:\/\/yoast.com\/wordpress\/plugins\/seo\/ -->\n<title>Orf\u00e8ve Grenada L&#039;Esterre - Chocolate7<\/title>\n<meta name=\"robots\" content=\"index, follow, max-snippet:-1, max-image-preview:large, max-video-preview:-1\" \/>\n<link rel=\"canonical\" href=\"https:\/\/www.chocolate7.com\/shop\/tavoletta\/fondente\/orfeve-grenada-lesterre\/\" \/>\n<meta property=\"og:locale\" content=\"en_US\" \/>\n<meta property=\"og:type\" content=\"article\" \/>\n<meta property=\"og:title\" content=\"Orf\u00e8ve Grenada L&#039;Esterre - Chocolate7\" \/>\n<meta property=\"og:description\" content=\"Orf\u00e8ve, is a bean to bar chocolate maker from Switzerland. This fine chocolate bar is made with cocoa from Grenada (L&#039;Esterre). Orf\u00e8ve Grenada L&#039;Esterre 80% is a dark chocolate with a balanced taste, with aromatic notes of honey, banana, pecan nuts, cocoa biscuit  &nbsp;\" \/>\n<meta property=\"og:url\" content=\"https:\/\/www.chocolate7.com\/shop\/tavoletta\/fondente\/orfeve-grenada-lesterre\/\" \/>\n<meta property=\"og:site_name\" content=\"Chocolate7\" \/>\n<meta property=\"article:publisher\" content=\"https:\/\/www.facebook.com\/cremino.gianduia.1\" \/>\n<meta property=\"article:modified_time\" content=\"2026-03-24T21:37:02+00:00\" \/>\n<meta property=\"og:image\" content=\"https:\/\/www.chocolate7.com\/wp-content\/uploads\/2022\/11\/IMG_20221130_144511_460-scaled-e1669832974183.jpg\" \/>\n\t<meta property=\"og:image:width\" content=\"600\" \/>\n\t<meta property=\"og:image:height\" content=\"600\" \/>\n\t<meta property=\"og:image:type\" content=\"image\/jpeg\" \/>\n<meta name=\"twitter:card\" content=\"summary_large_image\" \/>\n<meta name=\"twitter:site\" content=\"@GianduiaCremino\" \/>\n<meta name=\"twitter:label1\" content=\"Est. reading time\" \/>\n\t<meta name=\"twitter:data1\" content=\"1 minute\" \/>\n<script type=\"application\/ld+json\" class=\"yoast-schema-graph\">{\"@context\":\"https:\/\/schema.org\",\"@graph\":[{\"@type\":\"WebPage\",\"@id\":\"https:\/\/www.chocolate7.com\/shop\/tavoletta\/fondente\/orfeve-grenada-lesterre\/\",\"url\":\"https:\/\/www.chocolate7.com\/shop\/tavoletta\/fondente\/orfeve-grenada-lesterre\/\",\"name\":\"Orf\u00e8ve Grenada L'Esterre - Chocolate7\",\"isPartOf\":{\"@id\":\"https:\/\/www.chocolate7.com\/#website\"},\"primaryImageOfPage\":{\"@id\":\"https:\/\/www.chocolate7.com\/shop\/tavoletta\/fondente\/orfeve-grenada-lesterre\/#primaryimage\"},\"image\":{\"@id\":\"https:\/\/www.chocolate7.com\/shop\/tavoletta\/fondente\/orfeve-grenada-lesterre\/#primaryimage\"},\"thumbnailUrl\":\"https:\/\/www.chocolate7.com\/wp-content\/uploads\/2022\/11\/IMG_20221130_144511_460-scaled-e1669832974183.jpg\",\"datePublished\":\"2022-11-30T18:07:07+00:00\",\"dateModified\":\"2026-03-24T21:37:02+00:00\",\"breadcrumb\":{\"@id\":\"https:\/\/www.chocolate7.com\/shop\/tavoletta\/fondente\/orfeve-grenada-lesterre\/#breadcrumb\"},\"inLanguage\":\"en-US\",\"potentialAction\":[{\"@type\":\"ReadAction\",\"target\":[\"https:\/\/www.chocolate7.com\/shop\/tavoletta\/fondente\/orfeve-grenada-lesterre\/\"]}]},{\"@type\":\"ImageObject\",\"inLanguage\":\"en-US\",\"@id\":\"https:\/\/www.chocolate7.com\/shop\/tavoletta\/fondente\/orfeve-grenada-lesterre\/#primaryimage\",\"url\":\"https:\/\/www.chocolate7.com\/wp-content\/uploads\/2022\/11\/IMG_20221130_144511_460-scaled-e1669832974183.jpg\",\"contentUrl\":\"https:\/\/www.chocolate7.com\/wp-content\/uploads\/2022\/11\/IMG_20221130_144511_460-scaled-e1669832974183.jpg\",\"width\":600,\"height\":600},{\"@type\":\"BreadcrumbList\",\"@id\":\"https:\/\/www.chocolate7.com\/shop\/tavoletta\/fondente\/orfeve-grenada-lesterre\/#breadcrumb\",\"itemListElement\":[{\"@type\":\"ListItem\",\"position\":1,\"name\":\"Home\",\"item\":\"https:\/\/www.chocolate7.com\/en\/\"},{\"@type\":\"ListItem\",\"position\":2,\"name\":\"Shop\",\"item\":\"https:\/\/www.chocolate7.com\/en\/store\/\"},{\"@type\":\"ListItem\",\"position\":3,\"name\":\"Orf\u00e8ve Grenada L&#8217;Esterre\"}]},{\"@type\":\"WebSite\",\"@id\":\"https:\/\/www.chocolate7.com\/#website\",\"url\":\"https:\/\/www.chocolate7.com\/\",\"name\":\"Chocolate7\",\"description\":\"The fine &amp; luxury chocolate selection\",\"publisher\":{\"@id\":\"https:\/\/www.chocolate7.com\/#organization\"},\"potentialAction\":[{\"@type\":\"SearchAction\",\"target\":{\"@type\":\"EntryPoint\",\"urlTemplate\":\"https:\/\/www.chocolate7.com\/?s={search_term_string}\"},\"query-input\":\"required name=search_term_string\"}],\"inLanguage\":\"en-US\"},{\"@type\":\"Organization\",\"@id\":\"https:\/\/www.chocolate7.com\/#organization\",\"name\":\"Choc7 di Benedetto Giovanni\",\"url\":\"https:\/\/www.chocolate7.com\/\",\"logo\":{\"@type\":\"ImageObject\",\"inLanguage\":\"en-US\",\"@id\":\"https:\/\/www.chocolate7.com\/#\/schema\/logo\/image\/\",\"url\":\"https:\/\/www.chocolate7.com\/wp-content\/uploads\/2018\/10\/logo_chocolate.png\",\"contentUrl\":\"https:\/\/www.chocolate7.com\/wp-content\/uploads\/2018\/10\/logo_chocolate.png\",\"width\":200,\"height\":41,\"caption\":\"Choc7 di Benedetto Giovanni\"},\"image\":{\"@id\":\"https:\/\/www.chocolate7.com\/#\/schema\/logo\/image\/\"},\"sameAs\":[\"https:\/\/www.facebook.com\/cremino.gianduia.1\",\"https:\/\/x.com\/GianduiaCremino\",\"https:\/\/www.instagram.com\/creminogianduia\/\",\"https:\/\/www.pinterest.com.au\/creminogianduia\/\",\"https:\/\/www.youtube.com\/channel\/UCWFQlcc9EQnAsLkD8rBsgig\"]}]}<\/script>\n<!-- \/ Yoast SEO plugin. -->","yoast_head_json":{"title":"Orf\u00e8ve Grenada L'Esterre - Chocolate7","robots":{"index":"index","follow":"follow","max-snippet":"max-snippet:-1","max-image-preview":"max-image-preview:large","max-video-preview":"max-video-preview:-1"},"canonical":"https:\/\/www.chocolate7.com\/shop\/tavoletta\/fondente\/orfeve-grenada-lesterre\/","og_locale":"en_US","og_type":"article","og_title":"Orf\u00e8ve Grenada L'Esterre - Chocolate7","og_description":"Orf\u00e8ve, is a bean to bar chocolate maker from Switzerland. This fine chocolate bar is made with cocoa from Grenada (L'Esterre). Orf\u00e8ve Grenada L'Esterre 80% is a dark chocolate with a balanced taste, with aromatic notes of honey, banana, pecan nuts, cocoa biscuit  &nbsp;","og_url":"https:\/\/www.chocolate7.com\/shop\/tavoletta\/fondente\/orfeve-grenada-lesterre\/","og_site_name":"Chocolate7","article_publisher":"https:\/\/www.facebook.com\/cremino.gianduia.1","article_modified_time":"2026-03-24T21:37:02+00:00","og_image":[{"width":600,"height":600,"url":"https:\/\/www.chocolate7.com\/wp-content\/uploads\/2022\/11\/IMG_20221130_144511_460-scaled-e1669832974183.jpg","type":"image\/jpeg"}],"twitter_card":"summary_large_image","twitter_site":"@GianduiaCremino","twitter_misc":{"Est. reading time":"1 minute"},"schema":{"@context":"https:\/\/schema.org","@graph":[{"@type":"WebPage","@id":"https:\/\/www.chocolate7.com\/shop\/tavoletta\/fondente\/orfeve-grenada-lesterre\/","url":"https:\/\/www.chocolate7.com\/shop\/tavoletta\/fondente\/orfeve-grenada-lesterre\/","name":"Orf\u00e8ve Grenada L'Esterre - Chocolate7","isPartOf":{"@id":"https:\/\/www.chocolate7.com\/#website"},"primaryImageOfPage":{"@id":"https:\/\/www.chocolate7.com\/shop\/tavoletta\/fondente\/orfeve-grenada-lesterre\/#primaryimage"},"image":{"@id":"https:\/\/www.chocolate7.com\/shop\/tavoletta\/fondente\/orfeve-grenada-lesterre\/#primaryimage"},"thumbnailUrl":"https:\/\/www.chocolate7.com\/wp-content\/uploads\/2022\/11\/IMG_20221130_144511_460-scaled-e1669832974183.jpg","datePublished":"2022-11-30T18:07:07+00:00","dateModified":"2026-03-24T21:37:02+00:00","breadcrumb":{"@id":"https:\/\/www.chocolate7.com\/shop\/tavoletta\/fondente\/orfeve-grenada-lesterre\/#breadcrumb"},"inLanguage":"en-US","potentialAction":[{"@type":"ReadAction","target":["https:\/\/www.chocolate7.com\/shop\/tavoletta\/fondente\/orfeve-grenada-lesterre\/"]}]},{"@type":"ImageObject","inLanguage":"en-US","@id":"https:\/\/www.chocolate7.com\/shop\/tavoletta\/fondente\/orfeve-grenada-lesterre\/#primaryimage","url":"https:\/\/www.chocolate7.com\/wp-content\/uploads\/2022\/11\/IMG_20221130_144511_460-scaled-e1669832974183.jpg","contentUrl":"https:\/\/www.chocolate7.com\/wp-content\/uploads\/2022\/11\/IMG_20221130_144511_460-scaled-e1669832974183.jpg","width":600,"height":600},{"@type":"BreadcrumbList","@id":"https:\/\/www.chocolate7.com\/shop\/tavoletta\/fondente\/orfeve-grenada-lesterre\/#breadcrumb","itemListElement":[{"@type":"ListItem","position":1,"name":"Home","item":"https:\/\/www.chocolate7.com\/en\/"},{"@type":"ListItem","position":2,"name":"Shop","item":"https:\/\/www.chocolate7.com\/en\/store\/"},{"@type":"ListItem","position":3,"name":"Orf\u00e8ve Grenada L&#8217;Esterre"}]},{"@type":"WebSite","@id":"https:\/\/www.chocolate7.com\/#website","url":"https:\/\/www.chocolate7.com\/","name":"Chocolate7","description":"The fine &amp; luxury chocolate selection","publisher":{"@id":"https:\/\/www.chocolate7.com\/#organization"},"potentialAction":[{"@type":"SearchAction","target":{"@type":"EntryPoint","urlTemplate":"https:\/\/www.chocolate7.com\/?s={search_term_string}"},"query-input":"required name=search_term_string"}],"inLanguage":"en-US"},{"@type":"Organization","@id":"https:\/\/www.chocolate7.com\/#organization","name":"Choc7 di Benedetto Giovanni","url":"https:\/\/www.chocolate7.com\/","logo":{"@type":"ImageObject","inLanguage":"en-US","@id":"https:\/\/www.chocolate7.com\/#\/schema\/logo\/image\/","url":"https:\/\/www.chocolate7.com\/wp-content\/uploads\/2018\/10\/logo_chocolate.png","contentUrl":"https:\/\/www.chocolate7.com\/wp-content\/uploads\/2018\/10\/logo_chocolate.png","width":200,"height":41,"caption":"Choc7 di Benedetto Giovanni"},"image":{"@id":"https:\/\/www.chocolate7.com\/#\/schema\/logo\/image\/"},"sameAs":["https:\/\/www.facebook.com\/cremino.gianduia.1","https:\/\/x.com\/GianduiaCremino","https:\/\/www.instagram.com\/creminogianduia\/","https:\/\/www.pinterest.com.au\/creminogianduia\/","https:\/\/www.youtube.com\/channel\/UCWFQlcc9EQnAsLkD8rBsgig"]}]}},"brands":[{"id":10564,"name":"Orf\u00e8ve","slug":"orfeve-en"}],"_links":{"self":[{"href":"https:\/\/www.chocolate7.com\/en\/wp-json\/wp\/v2\/product\/31679","targetHints":{"allow":["GET"]}}],"collection":[{"href":"https:\/\/www.chocolate7.com\/en\/wp-json\/wp\/v2\/product"}],"about":[{"href":"https:\/\/www.chocolate7.com\/en\/wp-json\/wp\/v2\/types\/product"}],"wp:featuredmedia":[{"embeddable":true,"href":"https:\/\/www.chocolate7.com\/en\/wp-json\/wp\/v2\/media\/31681"}],"wp:attachment":[{"href":"https:\/\/www.chocolate7.com\/en\/wp-json\/wp\/v2\/media?parent=31679"}],"wp:term":[{"taxonomy":"pwb-brand","embeddable":true,"href":"https:\/\/www.chocolate7.com\/en\/wp-json\/wp\/v2\/pwb-brand?post=31679"},{"taxonomy":"product_brand","embeddable":true,"href":"https:\/\/www.chocolate7.com\/en\/wp-json\/wp\/v2\/product_brand?post=31679"},{"taxonomy":"product_cat","embeddable":true,"href":"https:\/\/www.chocolate7.com\/en\/wp-json\/wp\/v2\/product_cat?post=31679"},{"taxonomy":"product_tag","embeddable":true,"href":"https:\/\/www.chocolate7.com\/en\/wp-json\/wp\/v2\/product_tag?post=31679"},{"taxonomy":"giftcard-category","embeddable":true,"href":"https:\/\/www.chocolate7.com\/en\/wp-json\/wp\/v2\/giftcard-category?post=31679"}],"curies":[{"name":"wp","href":"https:\/\/api.w.org\/{rel}","templated":true}]}}