{"id":31810,"date":"2022-12-20T14:22:06","date_gmt":"2022-12-20T13:22:07","guid":{"rendered":"https:\/\/www.chocolate7.com\/?post_type=product&#038;p=31810"},"modified":"2022-12-20T14:39:54","modified_gmt":"2022-12-20T13:39:54","slug":"robert-madagascar-vegan-milk-cashews","status":"publish","type":"product","link":"https:\/\/www.chocolate7.com\/en\/shop\/bar\/vegan-milk\/robert-madagascar-vegan-milk-cashews\/","title":{"rendered":"Robert Madagascar vegan milk &#8211; cashews"},"content":{"rendered":"<p style=\"text-align: left\">Vegan milk chocolate bar &#8211; Made by Robert<\/p>\n<p style=\"text-align: left\">Gamme &#8221; Chocolat Madagascar&#8221; lab\u00e9lis\u00e9e Raise Trade.<br \/>\nLa deuxi\u00e8me tablette de chocolat confectionn\u00e9e avec notre succulent MILC, lait v\u00e9gan \u00e0 la noix de cajou.<br \/>\nGourmand en bouche, le go\u00fbt du lait de cajou onctueux s&#8217;allie parfaitement avec une haute teneur en cacao, une recette in\u00e9dite \u00e0 d\u00e9couvrir. M\u00e9daill\u00e9e de bronze Academy of Chocolate<\/p>\n","protected":false},"excerpt":{"rendered":"<p>Robert is a bean to bar chocolate maker from Madagascar. This fine chocolate bar is made with cocoa from Madagascar. Robert Madagascar vegan milk &#8211; cashews 65% is a balanced, vegan milk chocolate with floral aromatic notes, berries, toasted almonds, cashews<\/p>\n<p>&nbsp;<\/p>\n<p>&nbsp;<\/p>\n","protected":false},"featured_media":31812,"template":"","meta":[],"pwb-brand":[7759],"product_brand":[],"product_cat":[3251,7565],"product_tag":[],"giftcard-category":[],"class_list":{"0":"post-31810","1":"product","2":"type-product","3":"status-publish","4":"has-post-thumbnail","6":"pwb-brand-robert-en-2","7":"product_cat-bar","8":"product_cat-vegan-milk","9":"pa_acidita-2-en","10":"pa_allergeni-contains-cashews-produced-in-a-facility-that-processes-milk-and-soy","11":"pa_amarezza-3-en","12":"pa_astringenza-1-en","13":"pa_cacao-60-69-en","14":"pa_carboidrati-37-g-en","15":"pa_carboidrati-zuccheri-21-g-en","16":"pa_conservazione-storage-in-a-cool-12c-20c-odourless-dry-place","17":"pa_dolcezza-1-en","18":"pa_fibre-5-g-en","19":"pa_grassi-51-g-en","20":"pa_grassi-saturi-28-g-en","21":"pa_ingredienti-cocoa-beans-and-cocoa-butter-brown-sugar-cashews","22":"pa_note-di-degustazione-floral-notes-berries-almond-cashews","23":"pa_paese-delle-fave-di-cacao-madagascar-en","24":"pa_paese-produttore-madagascar-en","25":"pa_percentuale-di-cacao-65-en","26":"pa_proteine-8-g-en","27":"pa_sale-002-g-en","28":"pa_tipo-di-cioccolato-vegan-milk","29":"pa_valore-energetico-2590kj-619-kcal-en","31":"first","32":"outofstock","33":"taxable","34":"shipping-taxable","35":"purchasable","36":"product-type-simple"},"yoast_head":"<!-- This site is optimized with the Yoast SEO plugin v23.3 - https:\/\/yoast.com\/wordpress\/plugins\/seo\/ -->\n<title>Robert Madagascar vegan milk - cashews - Chocolate7<\/title>\n<meta name=\"robots\" content=\"index, follow, max-snippet:-1, max-image-preview:large, max-video-preview:-1\" \/>\n<link rel=\"canonical\" href=\"https:\/\/www.chocolate7.com\/shop\/tavoletta\/latte-vegano\/robert-madagascar-latte-vegano-anacardi\/\" \/>\n<meta property=\"og:locale\" content=\"en_US\" \/>\n<meta property=\"og:type\" content=\"article\" \/>\n<meta property=\"og:title\" content=\"Robert Madagascar vegan milk - cashews - Chocolate7\" \/>\n<meta property=\"og:description\" content=\"Robert is a bean to bar chocolate maker from Madagascar. This fine chocolate bar is made with cocoa from Madagascar. Robert Madagascar vegan milk - cashews 65% is a balanced, vegan milk chocolate with floral aromatic notes, berries, toasted almonds, cashews  &nbsp;  &nbsp;\" \/>\n<meta property=\"og:url\" content=\"https:\/\/www.chocolate7.com\/shop\/tavoletta\/latte-vegano\/robert-madagascar-latte-vegano-anacardi\/\" \/>\n<meta property=\"og:site_name\" content=\"Chocolate7\" \/>\n<meta property=\"article:publisher\" content=\"https:\/\/www.facebook.com\/cremino.gianduia.1\" \/>\n<meta property=\"article:modified_time\" content=\"2022-12-20T13:39:54+00:00\" \/>\n<meta property=\"og:image\" content=\"https:\/\/www.chocolate7.com\/wp-content\/uploads\/2022\/12\/IMG_20221220_121448_184-e1671543375919.jpg\" \/>\n\t<meta property=\"og:image:width\" content=\"2480\" \/>\n\t<meta property=\"og:image:height\" content=\"2480\" \/>\n\t<meta property=\"og:image:type\" content=\"image\/jpeg\" \/>\n<meta name=\"twitter:card\" content=\"summary_large_image\" \/>\n<meta name=\"twitter:site\" content=\"@GianduiaCremino\" \/>\n<script type=\"application\/ld+json\" class=\"yoast-schema-graph\">{\"@context\":\"https:\/\/schema.org\",\"@graph\":[{\"@type\":\"WebPage\",\"@id\":\"https:\/\/www.chocolate7.com\/shop\/tavoletta\/latte-vegano\/robert-madagascar-latte-vegano-anacardi\/\",\"url\":\"https:\/\/www.chocolate7.com\/shop\/tavoletta\/latte-vegano\/robert-madagascar-latte-vegano-anacardi\/\",\"name\":\"Robert Madagascar vegan milk - cashews - Chocolate7\",\"isPartOf\":{\"@id\":\"https:\/\/www.chocolate7.com\/#website\"},\"primaryImageOfPage\":{\"@id\":\"https:\/\/www.chocolate7.com\/shop\/tavoletta\/latte-vegano\/robert-madagascar-latte-vegano-anacardi\/#primaryimage\"},\"image\":{\"@id\":\"https:\/\/www.chocolate7.com\/shop\/tavoletta\/latte-vegano\/robert-madagascar-latte-vegano-anacardi\/#primaryimage\"},\"thumbnailUrl\":\"https:\/\/www.chocolate7.com\/wp-content\/uploads\/2022\/12\/IMG_20221220_121448_184-e1671543375919.jpg\",\"datePublished\":\"2022-12-20T13:22:07+00:00\",\"dateModified\":\"2022-12-20T13:39:54+00:00\",\"breadcrumb\":{\"@id\":\"https:\/\/www.chocolate7.com\/shop\/tavoletta\/latte-vegano\/robert-madagascar-latte-vegano-anacardi\/#breadcrumb\"},\"inLanguage\":\"en-US\",\"potentialAction\":[{\"@type\":\"ReadAction\",\"target\":[\"https:\/\/www.chocolate7.com\/shop\/tavoletta\/latte-vegano\/robert-madagascar-latte-vegano-anacardi\/\"]}]},{\"@type\":\"ImageObject\",\"inLanguage\":\"en-US\",\"@id\":\"https:\/\/www.chocolate7.com\/shop\/tavoletta\/latte-vegano\/robert-madagascar-latte-vegano-anacardi\/#primaryimage\",\"url\":\"https:\/\/www.chocolate7.com\/wp-content\/uploads\/2022\/12\/IMG_20221220_121448_184-e1671543375919.jpg\",\"contentUrl\":\"https:\/\/www.chocolate7.com\/wp-content\/uploads\/2022\/12\/IMG_20221220_121448_184-e1671543375919.jpg\",\"width\":600,\"height\":600},{\"@type\":\"BreadcrumbList\",\"@id\":\"https:\/\/www.chocolate7.com\/shop\/tavoletta\/latte-vegano\/robert-madagascar-latte-vegano-anacardi\/#breadcrumb\",\"itemListElement\":[{\"@type\":\"ListItem\",\"position\":1,\"name\":\"Home\",\"item\":\"https:\/\/www.chocolate7.com\/en\/\"},{\"@type\":\"ListItem\",\"position\":2,\"name\":\"Shop\",\"item\":\"https:\/\/www.chocolate7.com\/en\/store\/\"},{\"@type\":\"ListItem\",\"position\":3,\"name\":\"Robert Madagascar vegan milk &#8211; cashews\"}]},{\"@type\":\"WebSite\",\"@id\":\"https:\/\/www.chocolate7.com\/#website\",\"url\":\"https:\/\/www.chocolate7.com\/\",\"name\":\"Chocolate7\",\"description\":\"The fine &amp; luxury chocolate selection\",\"publisher\":{\"@id\":\"https:\/\/www.chocolate7.com\/#organization\"},\"potentialAction\":[{\"@type\":\"SearchAction\",\"target\":{\"@type\":\"EntryPoint\",\"urlTemplate\":\"https:\/\/www.chocolate7.com\/?s={search_term_string}\"},\"query-input\":\"required name=search_term_string\"}],\"inLanguage\":\"en-US\"},{\"@type\":\"Organization\",\"@id\":\"https:\/\/www.chocolate7.com\/#organization\",\"name\":\"Choc7 di Benedetto Giovanni\",\"url\":\"https:\/\/www.chocolate7.com\/\",\"logo\":{\"@type\":\"ImageObject\",\"inLanguage\":\"en-US\",\"@id\":\"https:\/\/www.chocolate7.com\/#\/schema\/logo\/image\/\",\"url\":\"https:\/\/www.chocolate7.com\/wp-content\/uploads\/2018\/10\/logo_chocolate.png\",\"contentUrl\":\"https:\/\/www.chocolate7.com\/wp-content\/uploads\/2018\/10\/logo_chocolate.png\",\"width\":200,\"height\":41,\"caption\":\"Choc7 di Benedetto Giovanni\"},\"image\":{\"@id\":\"https:\/\/www.chocolate7.com\/#\/schema\/logo\/image\/\"},\"sameAs\":[\"https:\/\/www.facebook.com\/cremino.gianduia.1\",\"https:\/\/x.com\/GianduiaCremino\",\"https:\/\/www.instagram.com\/creminogianduia\/\",\"https:\/\/www.pinterest.com.au\/creminogianduia\/\",\"https:\/\/www.youtube.com\/channel\/UCWFQlcc9EQnAsLkD8rBsgig\"]}]}<\/script>\n<!-- \/ Yoast SEO plugin. -->","yoast_head_json":{"title":"Robert Madagascar vegan milk - cashews - Chocolate7","robots":{"index":"index","follow":"follow","max-snippet":"max-snippet:-1","max-image-preview":"max-image-preview:large","max-video-preview":"max-video-preview:-1"},"canonical":"https:\/\/www.chocolate7.com\/shop\/tavoletta\/latte-vegano\/robert-madagascar-latte-vegano-anacardi\/","og_locale":"en_US","og_type":"article","og_title":"Robert Madagascar vegan milk - cashews - Chocolate7","og_description":"Robert is a bean to bar chocolate maker from Madagascar. This fine chocolate bar is made with cocoa from Madagascar. Robert Madagascar vegan milk - cashews 65% is a balanced, vegan milk chocolate with floral aromatic notes, berries, toasted almonds, cashews  &nbsp;  &nbsp;","og_url":"https:\/\/www.chocolate7.com\/shop\/tavoletta\/latte-vegano\/robert-madagascar-latte-vegano-anacardi\/","og_site_name":"Chocolate7","article_publisher":"https:\/\/www.facebook.com\/cremino.gianduia.1","article_modified_time":"2022-12-20T13:39:54+00:00","og_image":[{"width":2480,"height":2480,"url":"https:\/\/www.chocolate7.com\/wp-content\/uploads\/2022\/12\/IMG_20221220_121448_184-e1671543375919.jpg","type":"image\/jpeg"}],"twitter_card":"summary_large_image","twitter_site":"@GianduiaCremino","schema":{"@context":"https:\/\/schema.org","@graph":[{"@type":"WebPage","@id":"https:\/\/www.chocolate7.com\/shop\/tavoletta\/latte-vegano\/robert-madagascar-latte-vegano-anacardi\/","url":"https:\/\/www.chocolate7.com\/shop\/tavoletta\/latte-vegano\/robert-madagascar-latte-vegano-anacardi\/","name":"Robert Madagascar vegan milk - cashews - Chocolate7","isPartOf":{"@id":"https:\/\/www.chocolate7.com\/#website"},"primaryImageOfPage":{"@id":"https:\/\/www.chocolate7.com\/shop\/tavoletta\/latte-vegano\/robert-madagascar-latte-vegano-anacardi\/#primaryimage"},"image":{"@id":"https:\/\/www.chocolate7.com\/shop\/tavoletta\/latte-vegano\/robert-madagascar-latte-vegano-anacardi\/#primaryimage"},"thumbnailUrl":"https:\/\/www.chocolate7.com\/wp-content\/uploads\/2022\/12\/IMG_20221220_121448_184-e1671543375919.jpg","datePublished":"2022-12-20T13:22:07+00:00","dateModified":"2022-12-20T13:39:54+00:00","breadcrumb":{"@id":"https:\/\/www.chocolate7.com\/shop\/tavoletta\/latte-vegano\/robert-madagascar-latte-vegano-anacardi\/#breadcrumb"},"inLanguage":"en-US","potentialAction":[{"@type":"ReadAction","target":["https:\/\/www.chocolate7.com\/shop\/tavoletta\/latte-vegano\/robert-madagascar-latte-vegano-anacardi\/"]}]},{"@type":"ImageObject","inLanguage":"en-US","@id":"https:\/\/www.chocolate7.com\/shop\/tavoletta\/latte-vegano\/robert-madagascar-latte-vegano-anacardi\/#primaryimage","url":"https:\/\/www.chocolate7.com\/wp-content\/uploads\/2022\/12\/IMG_20221220_121448_184-e1671543375919.jpg","contentUrl":"https:\/\/www.chocolate7.com\/wp-content\/uploads\/2022\/12\/IMG_20221220_121448_184-e1671543375919.jpg","width":600,"height":600},{"@type":"BreadcrumbList","@id":"https:\/\/www.chocolate7.com\/shop\/tavoletta\/latte-vegano\/robert-madagascar-latte-vegano-anacardi\/#breadcrumb","itemListElement":[{"@type":"ListItem","position":1,"name":"Home","item":"https:\/\/www.chocolate7.com\/en\/"},{"@type":"ListItem","position":2,"name":"Shop","item":"https:\/\/www.chocolate7.com\/en\/store\/"},{"@type":"ListItem","position":3,"name":"Robert Madagascar vegan milk &#8211; cashews"}]},{"@type":"WebSite","@id":"https:\/\/www.chocolate7.com\/#website","url":"https:\/\/www.chocolate7.com\/","name":"Chocolate7","description":"The fine &amp; luxury chocolate selection","publisher":{"@id":"https:\/\/www.chocolate7.com\/#organization"},"potentialAction":[{"@type":"SearchAction","target":{"@type":"EntryPoint","urlTemplate":"https:\/\/www.chocolate7.com\/?s={search_term_string}"},"query-input":"required name=search_term_string"}],"inLanguage":"en-US"},{"@type":"Organization","@id":"https:\/\/www.chocolate7.com\/#organization","name":"Choc7 di Benedetto Giovanni","url":"https:\/\/www.chocolate7.com\/","logo":{"@type":"ImageObject","inLanguage":"en-US","@id":"https:\/\/www.chocolate7.com\/#\/schema\/logo\/image\/","url":"https:\/\/www.chocolate7.com\/wp-content\/uploads\/2018\/10\/logo_chocolate.png","contentUrl":"https:\/\/www.chocolate7.com\/wp-content\/uploads\/2018\/10\/logo_chocolate.png","width":200,"height":41,"caption":"Choc7 di Benedetto Giovanni"},"image":{"@id":"https:\/\/www.chocolate7.com\/#\/schema\/logo\/image\/"},"sameAs":["https:\/\/www.facebook.com\/cremino.gianduia.1","https:\/\/x.com\/GianduiaCremino","https:\/\/www.instagram.com\/creminogianduia\/","https:\/\/www.pinterest.com.au\/creminogianduia\/","https:\/\/www.youtube.com\/channel\/UCWFQlcc9EQnAsLkD8rBsgig"]}]}},"brands":[{"id":7759,"name":"Robert","slug":"robert-en-2"}],"_links":{"self":[{"href":"https:\/\/www.chocolate7.com\/en\/wp-json\/wp\/v2\/product\/31810","targetHints":{"allow":["GET"]}}],"collection":[{"href":"https:\/\/www.chocolate7.com\/en\/wp-json\/wp\/v2\/product"}],"about":[{"href":"https:\/\/www.chocolate7.com\/en\/wp-json\/wp\/v2\/types\/product"}],"wp:featuredmedia":[{"embeddable":true,"href":"https:\/\/www.chocolate7.com\/en\/wp-json\/wp\/v2\/media\/31812"}],"wp:attachment":[{"href":"https:\/\/www.chocolate7.com\/en\/wp-json\/wp\/v2\/media?parent=31810"}],"wp:term":[{"taxonomy":"pwb-brand","embeddable":true,"href":"https:\/\/www.chocolate7.com\/en\/wp-json\/wp\/v2\/pwb-brand?post=31810"},{"taxonomy":"product_brand","embeddable":true,"href":"https:\/\/www.chocolate7.com\/en\/wp-json\/wp\/v2\/product_brand?post=31810"},{"taxonomy":"product_cat","embeddable":true,"href":"https:\/\/www.chocolate7.com\/en\/wp-json\/wp\/v2\/product_cat?post=31810"},{"taxonomy":"product_tag","embeddable":true,"href":"https:\/\/www.chocolate7.com\/en\/wp-json\/wp\/v2\/product_tag?post=31810"},{"taxonomy":"giftcard-category","embeddable":true,"href":"https:\/\/www.chocolate7.com\/en\/wp-json\/wp\/v2\/giftcard-category?post=31810"}],"curies":[{"name":"wp","href":"https:\/\/api.w.org\/{rel}","templated":true}]}}