{"id":31849,"date":"2022-12-23T19:34:45","date_gmt":"2022-12-23T18:34:46","guid":{"rendered":"https:\/\/www.chocolate7.com\/?post_type=product&#038;p=31849"},"modified":"2023-06-03T14:37:07","modified_gmt":"2023-06-03T12:37:07","slug":"orfeve-peru-alto-piura","status":"publish","type":"product","link":"https:\/\/www.chocolate7.com\/en\/shop\/bar\/dark-chocolate-en-2\/orfeve-peru-alto-piura\/","title":{"rendered":"Orf\u00e8ve Peru Alto Piura"},"content":{"rendered":"<p style=\"text-align: left\">Dark Chocolate Bar &#8211; Made by Orf\u00e8ve<\/p>\n<p style=\"text-align: left\">Ce\u00a0<em>Cru de Terroir<\/em>\u00a0se caract\u00e9rise par une magnifique fra\u00eecheur et une d\u00e9licate acidit\u00e9 fruit\u00e9e soutenues par des notes \u00e9pic\u00e9es et bois\u00e9es.<\/p>\n<div class=\"large-10 col pb-0 mb-0\">\n<div class=\"panel entry-content\">\n<p>Consid\u00e9r\u00e9 comme l\u2019un des berceaux du cacao originel sauvage, le P\u00e9rou a conserv\u00e9 un riche patrimoine de vari\u00e9t\u00e9s natives, dont les c\u00e9l\u00e8bres f\u00e8ves blanches du cacao Gran Blanco.<\/p>\n<p>Red\u00e9couvert en 2008, et depuis consid\u00e9r\u00e9 comme l\u2019un des plus nobles du monde, ce cacao blanc est cultiv\u00e9 dans la vall\u00e9e de l\u2019Alto Piura, au Nord-Ouest du pays.<\/p>\n<p>Nos f\u00e8ves de Gran Blanco proviennent d\u2019une coop\u00e9rative de petits producteurs respectueuse des r\u00e8gles les plus strictes du d\u00e9veloppement durable. Situ\u00e9es en-dessous de 800 m\u00e8tres d\u2019altitude, les plantations sont exclusivement travaill\u00e9es en agriculture biologique.<\/p>\n<\/div>\n<\/div>\n","protected":false},"excerpt":{"rendered":"<p>Orf\u00e8ve, is a bean to bar chocolate maker from Switzerland. This fine chocolate bar is made with cocoa from Peru (Alto Piura). Orf\u00e8ve Peru Alto Piura 75% is a dark chocolate with a pleasantly acidic taste, with aromatic notes of apricots, spices, sandalwood and juniper<\/p>\n<p>&nbsp;<\/p>\n","protected":false},"featured_media":31851,"template":"","meta":[],"pwb-brand":[10564],"product_brand":[],"product_cat":[3251,3255],"product_tag":[],"giftcard-category":[],"class_list":{"0":"post-31849","1":"product","2":"type-product","3":"status-publish","4":"has-post-thumbnail","6":"pwb-brand-orfeve-en","7":"product_cat-bar","8":"product_cat-dark-chocolate-en-2","9":"pa_acidita-3-en","10":"pa_allergeni-vegan-soy-free-gluten-free-dairy-free-egg-free-and-nut-free","11":"pa_astringenza-0-en","12":"pa_cacao-70-79-en","13":"pa_carboidrati-29-g-en","14":"pa_carboidrati-zuccheri-24-g-en","15":"pa_codice-a-barre-7640180640059-en","16":"pa_conservazione-store-in-a-cool-place-between-16c-and-20c","17":"pa_dolcezza-3-en","18":"pa_fibre-10-g-en","19":"pa_grassi-45-g-en","20":"pa_grassi-saturi-29-g-en","21":"pa_ingredienti-cocoa-beans-raw-cane-sugar-cocoa-butter-whole-cane-sugar","22":"pa_note-di-degustazione-apricots-spices-sandalwood-and-juniper","23":"pa_paese-delle-fave-di-cacao-peru-en","24":"pa_paese-produttore-switzerland","25":"pa_percentuale-di-cacao-75-en","26":"pa_proteine-9-g-en","27":"pa_regione-alto-piura-en","28":"pa_sale-01-g-en","29":"pa_tipo-di-cioccolato-fondente-en","30":"pa_valore-energetico-2469-kj-597-kcal-en","32":"first","33":"instock","34":"taxable","35":"shipping-taxable","36":"purchasable","37":"product-type-simple"},"yoast_head":"<!-- This site is optimized with the Yoast SEO plugin v23.3 - https:\/\/yoast.com\/wordpress\/plugins\/seo\/ -->\n<title>Orf\u00e8ve Peru Alto Piura - Chocolate7<\/title>\n<meta name=\"robots\" content=\"index, follow, max-snippet:-1, max-image-preview:large, max-video-preview:-1\" \/>\n<link rel=\"canonical\" href=\"https:\/\/www.chocolate7.com\/shop\/tavoletta\/fondente\/orfeve-peru-alto-piura\/\" \/>\n<meta property=\"og:locale\" content=\"en_US\" \/>\n<meta property=\"og:type\" content=\"article\" \/>\n<meta property=\"og:title\" content=\"Orf\u00e8ve Peru Alto Piura - Chocolate7\" \/>\n<meta property=\"og:description\" content=\"Orf\u00e8ve, is a bean to bar chocolate maker from Switzerland. This fine chocolate bar is made with cocoa from Peru (Alto Piura). Orf\u00e8ve Peru Alto Piura 75% is a dark chocolate with a pleasantly acidic taste, with aromatic notes of apricots, spices, sandalwood and juniper  &nbsp;\" \/>\n<meta property=\"og:url\" content=\"https:\/\/www.chocolate7.com\/shop\/tavoletta\/fondente\/orfeve-peru-alto-piura\/\" \/>\n<meta property=\"og:site_name\" content=\"Chocolate7\" \/>\n<meta property=\"article:publisher\" content=\"https:\/\/www.facebook.com\/cremino.gianduia.1\" \/>\n<meta property=\"article:modified_time\" content=\"2023-06-03T12:37:07+00:00\" \/>\n<meta property=\"og:image\" content=\"https:\/\/www.chocolate7.com\/wp-content\/uploads\/2022\/12\/IMG_20221223_192848_904-e1671821452191.jpg\" \/>\n\t<meta property=\"og:image:width\" content=\"600\" \/>\n\t<meta property=\"og:image:height\" content=\"600\" \/>\n\t<meta property=\"og:image:type\" content=\"image\/jpeg\" \/>\n<meta name=\"twitter:card\" content=\"summary_large_image\" \/>\n<meta name=\"twitter:site\" content=\"@GianduiaCremino\" \/>\n<meta name=\"twitter:label1\" content=\"Est. reading time\" \/>\n\t<meta name=\"twitter:data1\" content=\"1 minute\" \/>\n<script type=\"application\/ld+json\" class=\"yoast-schema-graph\">{\"@context\":\"https:\/\/schema.org\",\"@graph\":[{\"@type\":\"WebPage\",\"@id\":\"https:\/\/www.chocolate7.com\/shop\/tavoletta\/fondente\/orfeve-peru-alto-piura\/\",\"url\":\"https:\/\/www.chocolate7.com\/shop\/tavoletta\/fondente\/orfeve-peru-alto-piura\/\",\"name\":\"Orf\u00e8ve Peru Alto Piura - Chocolate7\",\"isPartOf\":{\"@id\":\"https:\/\/www.chocolate7.com\/#website\"},\"primaryImageOfPage\":{\"@id\":\"https:\/\/www.chocolate7.com\/shop\/tavoletta\/fondente\/orfeve-peru-alto-piura\/#primaryimage\"},\"image\":{\"@id\":\"https:\/\/www.chocolate7.com\/shop\/tavoletta\/fondente\/orfeve-peru-alto-piura\/#primaryimage\"},\"thumbnailUrl\":\"https:\/\/www.chocolate7.com\/wp-content\/uploads\/2022\/12\/IMG_20221223_192848_904-e1671821452191.jpg\",\"datePublished\":\"2022-12-23T18:34:46+00:00\",\"dateModified\":\"2023-06-03T12:37:07+00:00\",\"breadcrumb\":{\"@id\":\"https:\/\/www.chocolate7.com\/shop\/tavoletta\/fondente\/orfeve-peru-alto-piura\/#breadcrumb\"},\"inLanguage\":\"en-US\",\"potentialAction\":[{\"@type\":\"ReadAction\",\"target\":[\"https:\/\/www.chocolate7.com\/shop\/tavoletta\/fondente\/orfeve-peru-alto-piura\/\"]}]},{\"@type\":\"ImageObject\",\"inLanguage\":\"en-US\",\"@id\":\"https:\/\/www.chocolate7.com\/shop\/tavoletta\/fondente\/orfeve-peru-alto-piura\/#primaryimage\",\"url\":\"https:\/\/www.chocolate7.com\/wp-content\/uploads\/2022\/12\/IMG_20221223_192848_904-e1671821452191.jpg\",\"contentUrl\":\"https:\/\/www.chocolate7.com\/wp-content\/uploads\/2022\/12\/IMG_20221223_192848_904-e1671821452191.jpg\",\"width\":600,\"height\":600},{\"@type\":\"BreadcrumbList\",\"@id\":\"https:\/\/www.chocolate7.com\/shop\/tavoletta\/fondente\/orfeve-peru-alto-piura\/#breadcrumb\",\"itemListElement\":[{\"@type\":\"ListItem\",\"position\":1,\"name\":\"Home\",\"item\":\"https:\/\/www.chocolate7.com\/en\/\"},{\"@type\":\"ListItem\",\"position\":2,\"name\":\"Shop\",\"item\":\"https:\/\/www.chocolate7.com\/en\/store\/\"},{\"@type\":\"ListItem\",\"position\":3,\"name\":\"Orf\u00e8ve Peru Alto Piura\"}]},{\"@type\":\"WebSite\",\"@id\":\"https:\/\/www.chocolate7.com\/#website\",\"url\":\"https:\/\/www.chocolate7.com\/\",\"name\":\"Chocolate7\",\"description\":\"The fine &amp; luxury chocolate selection\",\"publisher\":{\"@id\":\"https:\/\/www.chocolate7.com\/#organization\"},\"potentialAction\":[{\"@type\":\"SearchAction\",\"target\":{\"@type\":\"EntryPoint\",\"urlTemplate\":\"https:\/\/www.chocolate7.com\/?s={search_term_string}\"},\"query-input\":\"required name=search_term_string\"}],\"inLanguage\":\"en-US\"},{\"@type\":\"Organization\",\"@id\":\"https:\/\/www.chocolate7.com\/#organization\",\"name\":\"Choc7 di Benedetto Giovanni\",\"url\":\"https:\/\/www.chocolate7.com\/\",\"logo\":{\"@type\":\"ImageObject\",\"inLanguage\":\"en-US\",\"@id\":\"https:\/\/www.chocolate7.com\/#\/schema\/logo\/image\/\",\"url\":\"https:\/\/www.chocolate7.com\/wp-content\/uploads\/2018\/10\/logo_chocolate.png\",\"contentUrl\":\"https:\/\/www.chocolate7.com\/wp-content\/uploads\/2018\/10\/logo_chocolate.png\",\"width\":200,\"height\":41,\"caption\":\"Choc7 di Benedetto Giovanni\"},\"image\":{\"@id\":\"https:\/\/www.chocolate7.com\/#\/schema\/logo\/image\/\"},\"sameAs\":[\"https:\/\/www.facebook.com\/cremino.gianduia.1\",\"https:\/\/x.com\/GianduiaCremino\",\"https:\/\/www.instagram.com\/creminogianduia\/\",\"https:\/\/www.pinterest.com.au\/creminogianduia\/\",\"https:\/\/www.youtube.com\/channel\/UCWFQlcc9EQnAsLkD8rBsgig\"]}]}<\/script>\n<!-- \/ Yoast SEO plugin. -->","yoast_head_json":{"title":"Orf\u00e8ve Peru Alto Piura - Chocolate7","robots":{"index":"index","follow":"follow","max-snippet":"max-snippet:-1","max-image-preview":"max-image-preview:large","max-video-preview":"max-video-preview:-1"},"canonical":"https:\/\/www.chocolate7.com\/shop\/tavoletta\/fondente\/orfeve-peru-alto-piura\/","og_locale":"en_US","og_type":"article","og_title":"Orf\u00e8ve Peru Alto Piura - Chocolate7","og_description":"Orf\u00e8ve, is a bean to bar chocolate maker from Switzerland. This fine chocolate bar is made with cocoa from Peru (Alto Piura). Orf\u00e8ve Peru Alto Piura 75% is a dark chocolate with a pleasantly acidic taste, with aromatic notes of apricots, spices, sandalwood and juniper  &nbsp;","og_url":"https:\/\/www.chocolate7.com\/shop\/tavoletta\/fondente\/orfeve-peru-alto-piura\/","og_site_name":"Chocolate7","article_publisher":"https:\/\/www.facebook.com\/cremino.gianduia.1","article_modified_time":"2023-06-03T12:37:07+00:00","og_image":[{"width":600,"height":600,"url":"https:\/\/www.chocolate7.com\/wp-content\/uploads\/2022\/12\/IMG_20221223_192848_904-e1671821452191.jpg","type":"image\/jpeg"}],"twitter_card":"summary_large_image","twitter_site":"@GianduiaCremino","twitter_misc":{"Est. reading time":"1 minute"},"schema":{"@context":"https:\/\/schema.org","@graph":[{"@type":"WebPage","@id":"https:\/\/www.chocolate7.com\/shop\/tavoletta\/fondente\/orfeve-peru-alto-piura\/","url":"https:\/\/www.chocolate7.com\/shop\/tavoletta\/fondente\/orfeve-peru-alto-piura\/","name":"Orf\u00e8ve Peru Alto Piura - Chocolate7","isPartOf":{"@id":"https:\/\/www.chocolate7.com\/#website"},"primaryImageOfPage":{"@id":"https:\/\/www.chocolate7.com\/shop\/tavoletta\/fondente\/orfeve-peru-alto-piura\/#primaryimage"},"image":{"@id":"https:\/\/www.chocolate7.com\/shop\/tavoletta\/fondente\/orfeve-peru-alto-piura\/#primaryimage"},"thumbnailUrl":"https:\/\/www.chocolate7.com\/wp-content\/uploads\/2022\/12\/IMG_20221223_192848_904-e1671821452191.jpg","datePublished":"2022-12-23T18:34:46+00:00","dateModified":"2023-06-03T12:37:07+00:00","breadcrumb":{"@id":"https:\/\/www.chocolate7.com\/shop\/tavoletta\/fondente\/orfeve-peru-alto-piura\/#breadcrumb"},"inLanguage":"en-US","potentialAction":[{"@type":"ReadAction","target":["https:\/\/www.chocolate7.com\/shop\/tavoletta\/fondente\/orfeve-peru-alto-piura\/"]}]},{"@type":"ImageObject","inLanguage":"en-US","@id":"https:\/\/www.chocolate7.com\/shop\/tavoletta\/fondente\/orfeve-peru-alto-piura\/#primaryimage","url":"https:\/\/www.chocolate7.com\/wp-content\/uploads\/2022\/12\/IMG_20221223_192848_904-e1671821452191.jpg","contentUrl":"https:\/\/www.chocolate7.com\/wp-content\/uploads\/2022\/12\/IMG_20221223_192848_904-e1671821452191.jpg","width":600,"height":600},{"@type":"BreadcrumbList","@id":"https:\/\/www.chocolate7.com\/shop\/tavoletta\/fondente\/orfeve-peru-alto-piura\/#breadcrumb","itemListElement":[{"@type":"ListItem","position":1,"name":"Home","item":"https:\/\/www.chocolate7.com\/en\/"},{"@type":"ListItem","position":2,"name":"Shop","item":"https:\/\/www.chocolate7.com\/en\/store\/"},{"@type":"ListItem","position":3,"name":"Orf\u00e8ve Peru Alto Piura"}]},{"@type":"WebSite","@id":"https:\/\/www.chocolate7.com\/#website","url":"https:\/\/www.chocolate7.com\/","name":"Chocolate7","description":"The fine &amp; luxury chocolate selection","publisher":{"@id":"https:\/\/www.chocolate7.com\/#organization"},"potentialAction":[{"@type":"SearchAction","target":{"@type":"EntryPoint","urlTemplate":"https:\/\/www.chocolate7.com\/?s={search_term_string}"},"query-input":"required name=search_term_string"}],"inLanguage":"en-US"},{"@type":"Organization","@id":"https:\/\/www.chocolate7.com\/#organization","name":"Choc7 di Benedetto Giovanni","url":"https:\/\/www.chocolate7.com\/","logo":{"@type":"ImageObject","inLanguage":"en-US","@id":"https:\/\/www.chocolate7.com\/#\/schema\/logo\/image\/","url":"https:\/\/www.chocolate7.com\/wp-content\/uploads\/2018\/10\/logo_chocolate.png","contentUrl":"https:\/\/www.chocolate7.com\/wp-content\/uploads\/2018\/10\/logo_chocolate.png","width":200,"height":41,"caption":"Choc7 di Benedetto Giovanni"},"image":{"@id":"https:\/\/www.chocolate7.com\/#\/schema\/logo\/image\/"},"sameAs":["https:\/\/www.facebook.com\/cremino.gianduia.1","https:\/\/x.com\/GianduiaCremino","https:\/\/www.instagram.com\/creminogianduia\/","https:\/\/www.pinterest.com.au\/creminogianduia\/","https:\/\/www.youtube.com\/channel\/UCWFQlcc9EQnAsLkD8rBsgig"]}]}},"brands":[{"id":10564,"name":"Orf\u00e8ve","slug":"orfeve-en"}],"_links":{"self":[{"href":"https:\/\/www.chocolate7.com\/en\/wp-json\/wp\/v2\/product\/31849","targetHints":{"allow":["GET"]}}],"collection":[{"href":"https:\/\/www.chocolate7.com\/en\/wp-json\/wp\/v2\/product"}],"about":[{"href":"https:\/\/www.chocolate7.com\/en\/wp-json\/wp\/v2\/types\/product"}],"wp:featuredmedia":[{"embeddable":true,"href":"https:\/\/www.chocolate7.com\/en\/wp-json\/wp\/v2\/media\/31851"}],"wp:attachment":[{"href":"https:\/\/www.chocolate7.com\/en\/wp-json\/wp\/v2\/media?parent=31849"}],"wp:term":[{"taxonomy":"pwb-brand","embeddable":true,"href":"https:\/\/www.chocolate7.com\/en\/wp-json\/wp\/v2\/pwb-brand?post=31849"},{"taxonomy":"product_brand","embeddable":true,"href":"https:\/\/www.chocolate7.com\/en\/wp-json\/wp\/v2\/product_brand?post=31849"},{"taxonomy":"product_cat","embeddable":true,"href":"https:\/\/www.chocolate7.com\/en\/wp-json\/wp\/v2\/product_cat?post=31849"},{"taxonomy":"product_tag","embeddable":true,"href":"https:\/\/www.chocolate7.com\/en\/wp-json\/wp\/v2\/product_tag?post=31849"},{"taxonomy":"giftcard-category","embeddable":true,"href":"https:\/\/www.chocolate7.com\/en\/wp-json\/wp\/v2\/giftcard-category?post=31849"}],"curies":[{"name":"wp","href":"https:\/\/api.w.org\/{rel}","templated":true}]}}