{"id":31857,"date":"2022-12-24T13:55:12","date_gmt":"2022-12-24T12:55:12","guid":{"rendered":"https:\/\/www.chocolate7.com\/?post_type=product&#038;p=31857"},"modified":"2024-05-22T17:50:14","modified_gmt":"2024-05-22T15:50:14","slug":"orfeve-madagascar-bejofo","status":"publish","type":"product","link":"https:\/\/www.chocolate7.com\/en\/shop\/bar\/dark-chocolate-en-2\/orfeve-madagascar-bejofo\/","title":{"rendered":"Orf\u00e8ve Madagascar Bejofo"},"content":{"rendered":"<p style=\"text-align: left\">Dark chocolate bar &#8211; Made by Orf\u00e8ve<\/p>\n<p style=\"text-align: left\">Ce\u00a0<em>Cru de Propri\u00e9t\u00e9<\/em>\u00a0est issu exclusivement de f\u00e8ves Trinitario, soigneusement s\u00e9lectionn\u00e9es. Dot\u00e9 d\u2019une belle acidit\u00e9, il offre une symphonie rafra\u00eechissante d\u2019ar\u00f4mes de fruits rouges.<\/p>\n<p>Introduit \u00e0 Madagascar au d\u00e9but du XX<sup>\u00e8me<\/sup>\u00a0si\u00e8cle, le cacao y a trouv\u00e9 parmi ses plus beaux terroirs d\u2019expression.<\/p>\n<p>Hybride de Criollo et de Forastero, le Trinitario est souvent consid\u00e9r\u00e9 comme le mariage parfait entre la subtilit\u00e9 du premier et la force de caract\u00e8re du second.<\/p>\n<p>La Ferme Bejofo, dont sont issues les f\u00e8ves de ce chocolat, s\u2019\u00e9tend dans la vall\u00e9e de Sambirano, pr\u00e8s d\u2019Ambanja, au Nord-Ouest du Pays. Depuis 1920, elle produit les cacaos consid\u00e9r\u00e9s comme les plus aromatiques du pays.<\/p>\n<p>Cette exploitation familiale entretient soigneusement son patrimoine de plants anciens, dans le respect des r\u00e8gles de l\u2019agriculture biologique.<\/p>\n<p>&nbsp;<\/p>\n","protected":false},"excerpt":{"rendered":"<p>Orf\u00e8ve, is a bean to bar chocolate maker from Switzerland. This fine chocolate bar is made with cocoa from Madagascar (Bejofo). Orf\u00e8ve Madagascar Bejofo 75% is a dark chocolate with a pleasantly acidic taste, with aromatic notes of raspberries, cherries and blackcurrants<\/p>\n<p>&nbsp;<\/p>\n","protected":false},"featured_media":31859,"template":"","meta":[],"pwb-brand":[10564],"product_brand":[],"product_cat":[3251,3255],"product_tag":[],"giftcard-category":[],"class_list":{"0":"post-31857","1":"product","2":"type-product","3":"status-publish","4":"has-post-thumbnail","6":"pwb-brand-orfeve-en","7":"product_cat-bar","8":"product_cat-dark-chocolate-en-2","9":"pa_acidita-3-en","10":"pa_allergeni-vegan-soy-free-gluten-free-dairy-free-egg-free-and-nut-free","11":"pa_astringenza-0-en","12":"pa_cacao-70-79-en","13":"pa_carboidrati-29-g-en","14":"pa_carboidrati-zuccheri-24-g-en","15":"pa_codice-a-barre-7640180640073-en","16":"pa_conservazione-store-in-a-cool-place-between-16c-and-20c","17":"pa_dolcezza-3-en","18":"pa_fibre-10-g-en","19":"pa_grassi-45-g-en","20":"pa_grassi-saturi-29-g-en","21":"pa_ingredienti-cocoa-beans-raw-cane-sugar-cocoa-butter-whole-cane-sugar","22":"pa_paese-delle-fave-di-cacao-madagascar-en","23":"pa_paese-produttore-switzerland","24":"pa_percentuale-di-cacao-75-en","25":"pa_proteine-9-g-en","26":"pa_regione-bejofo-en","27":"pa_sale-01-g-en","28":"pa_tipo-di-cioccolato-fondente-en","29":"pa_valore-energetico-2469-kj-597-kcal-en","31":"first","32":"instock","33":"taxable","34":"shipping-taxable","35":"purchasable","36":"product-type-simple"},"yoast_head":"<!-- This site is optimized with the Yoast SEO plugin v23.3 - https:\/\/yoast.com\/wordpress\/plugins\/seo\/ -->\n<title>Orf\u00e8ve Madagascar Bejofo - Chocolate7<\/title>\n<meta name=\"robots\" content=\"index, follow, max-snippet:-1, max-image-preview:large, max-video-preview:-1\" \/>\n<link rel=\"canonical\" href=\"https:\/\/www.chocolate7.com\/shop\/tavoletta\/fondente\/orfeve-madagascar-bejofo\/\" \/>\n<meta property=\"og:locale\" content=\"en_US\" \/>\n<meta property=\"og:type\" content=\"article\" \/>\n<meta property=\"og:title\" content=\"Orf\u00e8ve Madagascar Bejofo - Chocolate7\" \/>\n<meta property=\"og:description\" content=\"Orf\u00e8ve, is a bean to bar chocolate maker from Switzerland. This fine chocolate bar is made with cocoa from Madagascar (Bejofo). Orf\u00e8ve Madagascar Bejofo 75% is a dark chocolate with a pleasantly acidic taste, with aromatic notes of raspberries, cherries and blackcurrants  &nbsp;\" \/>\n<meta property=\"og:url\" content=\"https:\/\/www.chocolate7.com\/shop\/tavoletta\/fondente\/orfeve-madagascar-bejofo\/\" \/>\n<meta property=\"og:site_name\" content=\"Chocolate7\" \/>\n<meta property=\"article:publisher\" content=\"https:\/\/www.facebook.com\/cremino.gianduia.1\" \/>\n<meta property=\"article:modified_time\" content=\"2024-05-22T15:50:14+00:00\" \/>\n<meta property=\"og:image\" content=\"https:\/\/www.chocolate7.com\/wp-content\/uploads\/2022\/12\/IMG_20221224_135252_363-e1671887084495.jpg\" \/>\n\t<meta property=\"og:image:width\" content=\"600\" \/>\n\t<meta property=\"og:image:height\" content=\"600\" \/>\n\t<meta property=\"og:image:type\" content=\"image\/jpeg\" \/>\n<meta name=\"twitter:card\" content=\"summary_large_image\" \/>\n<meta name=\"twitter:site\" content=\"@GianduiaCremino\" \/>\n<meta name=\"twitter:label1\" content=\"Est. reading time\" \/>\n\t<meta name=\"twitter:data1\" content=\"1 minute\" \/>\n<script type=\"application\/ld+json\" class=\"yoast-schema-graph\">{\"@context\":\"https:\/\/schema.org\",\"@graph\":[{\"@type\":\"WebPage\",\"@id\":\"https:\/\/www.chocolate7.com\/shop\/tavoletta\/fondente\/orfeve-madagascar-bejofo\/\",\"url\":\"https:\/\/www.chocolate7.com\/shop\/tavoletta\/fondente\/orfeve-madagascar-bejofo\/\",\"name\":\"Orf\u00e8ve Madagascar Bejofo - Chocolate7\",\"isPartOf\":{\"@id\":\"https:\/\/www.chocolate7.com\/#website\"},\"primaryImageOfPage\":{\"@id\":\"https:\/\/www.chocolate7.com\/shop\/tavoletta\/fondente\/orfeve-madagascar-bejofo\/#primaryimage\"},\"image\":{\"@id\":\"https:\/\/www.chocolate7.com\/shop\/tavoletta\/fondente\/orfeve-madagascar-bejofo\/#primaryimage\"},\"thumbnailUrl\":\"https:\/\/www.chocolate7.com\/wp-content\/uploads\/2022\/12\/IMG_20221224_135252_363-e1671887084495.jpg\",\"datePublished\":\"2022-12-24T12:55:12+00:00\",\"dateModified\":\"2024-05-22T15:50:14+00:00\",\"breadcrumb\":{\"@id\":\"https:\/\/www.chocolate7.com\/shop\/tavoletta\/fondente\/orfeve-madagascar-bejofo\/#breadcrumb\"},\"inLanguage\":\"en-US\",\"potentialAction\":[{\"@type\":\"ReadAction\",\"target\":[\"https:\/\/www.chocolate7.com\/shop\/tavoletta\/fondente\/orfeve-madagascar-bejofo\/\"]}]},{\"@type\":\"ImageObject\",\"inLanguage\":\"en-US\",\"@id\":\"https:\/\/www.chocolate7.com\/shop\/tavoletta\/fondente\/orfeve-madagascar-bejofo\/#primaryimage\",\"url\":\"https:\/\/www.chocolate7.com\/wp-content\/uploads\/2022\/12\/IMG_20221224_135252_363-e1671887084495.jpg\",\"contentUrl\":\"https:\/\/www.chocolate7.com\/wp-content\/uploads\/2022\/12\/IMG_20221224_135252_363-e1671887084495.jpg\",\"width\":600,\"height\":600},{\"@type\":\"BreadcrumbList\",\"@id\":\"https:\/\/www.chocolate7.com\/shop\/tavoletta\/fondente\/orfeve-madagascar-bejofo\/#breadcrumb\",\"itemListElement\":[{\"@type\":\"ListItem\",\"position\":1,\"name\":\"Home\",\"item\":\"https:\/\/www.chocolate7.com\/en\/\"},{\"@type\":\"ListItem\",\"position\":2,\"name\":\"Shop\",\"item\":\"https:\/\/www.chocolate7.com\/en\/store\/\"},{\"@type\":\"ListItem\",\"position\":3,\"name\":\"Orf\u00e8ve Madagascar Bejofo\"}]},{\"@type\":\"WebSite\",\"@id\":\"https:\/\/www.chocolate7.com\/#website\",\"url\":\"https:\/\/www.chocolate7.com\/\",\"name\":\"Chocolate7\",\"description\":\"The fine &amp; luxury chocolate selection\",\"publisher\":{\"@id\":\"https:\/\/www.chocolate7.com\/#organization\"},\"potentialAction\":[{\"@type\":\"SearchAction\",\"target\":{\"@type\":\"EntryPoint\",\"urlTemplate\":\"https:\/\/www.chocolate7.com\/?s={search_term_string}\"},\"query-input\":\"required name=search_term_string\"}],\"inLanguage\":\"en-US\"},{\"@type\":\"Organization\",\"@id\":\"https:\/\/www.chocolate7.com\/#organization\",\"name\":\"Choc7 di Benedetto Giovanni\",\"url\":\"https:\/\/www.chocolate7.com\/\",\"logo\":{\"@type\":\"ImageObject\",\"inLanguage\":\"en-US\",\"@id\":\"https:\/\/www.chocolate7.com\/#\/schema\/logo\/image\/\",\"url\":\"https:\/\/www.chocolate7.com\/wp-content\/uploads\/2018\/10\/logo_chocolate.png\",\"contentUrl\":\"https:\/\/www.chocolate7.com\/wp-content\/uploads\/2018\/10\/logo_chocolate.png\",\"width\":200,\"height\":41,\"caption\":\"Choc7 di Benedetto Giovanni\"},\"image\":{\"@id\":\"https:\/\/www.chocolate7.com\/#\/schema\/logo\/image\/\"},\"sameAs\":[\"https:\/\/www.facebook.com\/cremino.gianduia.1\",\"https:\/\/x.com\/GianduiaCremino\",\"https:\/\/www.instagram.com\/creminogianduia\/\",\"https:\/\/www.pinterest.com.au\/creminogianduia\/\",\"https:\/\/www.youtube.com\/channel\/UCWFQlcc9EQnAsLkD8rBsgig\"]}]}<\/script>\n<!-- \/ Yoast SEO plugin. -->","yoast_head_json":{"title":"Orf\u00e8ve Madagascar Bejofo - Chocolate7","robots":{"index":"index","follow":"follow","max-snippet":"max-snippet:-1","max-image-preview":"max-image-preview:large","max-video-preview":"max-video-preview:-1"},"canonical":"https:\/\/www.chocolate7.com\/shop\/tavoletta\/fondente\/orfeve-madagascar-bejofo\/","og_locale":"en_US","og_type":"article","og_title":"Orf\u00e8ve Madagascar Bejofo - Chocolate7","og_description":"Orf\u00e8ve, is a bean to bar chocolate maker from Switzerland. This fine chocolate bar is made with cocoa from Madagascar (Bejofo). Orf\u00e8ve Madagascar Bejofo 75% is a dark chocolate with a pleasantly acidic taste, with aromatic notes of raspberries, cherries and blackcurrants  &nbsp;","og_url":"https:\/\/www.chocolate7.com\/shop\/tavoletta\/fondente\/orfeve-madagascar-bejofo\/","og_site_name":"Chocolate7","article_publisher":"https:\/\/www.facebook.com\/cremino.gianduia.1","article_modified_time":"2024-05-22T15:50:14+00:00","og_image":[{"width":600,"height":600,"url":"https:\/\/www.chocolate7.com\/wp-content\/uploads\/2022\/12\/IMG_20221224_135252_363-e1671887084495.jpg","type":"image\/jpeg"}],"twitter_card":"summary_large_image","twitter_site":"@GianduiaCremino","twitter_misc":{"Est. reading time":"1 minute"},"schema":{"@context":"https:\/\/schema.org","@graph":[{"@type":"WebPage","@id":"https:\/\/www.chocolate7.com\/shop\/tavoletta\/fondente\/orfeve-madagascar-bejofo\/","url":"https:\/\/www.chocolate7.com\/shop\/tavoletta\/fondente\/orfeve-madagascar-bejofo\/","name":"Orf\u00e8ve Madagascar Bejofo - Chocolate7","isPartOf":{"@id":"https:\/\/www.chocolate7.com\/#website"},"primaryImageOfPage":{"@id":"https:\/\/www.chocolate7.com\/shop\/tavoletta\/fondente\/orfeve-madagascar-bejofo\/#primaryimage"},"image":{"@id":"https:\/\/www.chocolate7.com\/shop\/tavoletta\/fondente\/orfeve-madagascar-bejofo\/#primaryimage"},"thumbnailUrl":"https:\/\/www.chocolate7.com\/wp-content\/uploads\/2022\/12\/IMG_20221224_135252_363-e1671887084495.jpg","datePublished":"2022-12-24T12:55:12+00:00","dateModified":"2024-05-22T15:50:14+00:00","breadcrumb":{"@id":"https:\/\/www.chocolate7.com\/shop\/tavoletta\/fondente\/orfeve-madagascar-bejofo\/#breadcrumb"},"inLanguage":"en-US","potentialAction":[{"@type":"ReadAction","target":["https:\/\/www.chocolate7.com\/shop\/tavoletta\/fondente\/orfeve-madagascar-bejofo\/"]}]},{"@type":"ImageObject","inLanguage":"en-US","@id":"https:\/\/www.chocolate7.com\/shop\/tavoletta\/fondente\/orfeve-madagascar-bejofo\/#primaryimage","url":"https:\/\/www.chocolate7.com\/wp-content\/uploads\/2022\/12\/IMG_20221224_135252_363-e1671887084495.jpg","contentUrl":"https:\/\/www.chocolate7.com\/wp-content\/uploads\/2022\/12\/IMG_20221224_135252_363-e1671887084495.jpg","width":600,"height":600},{"@type":"BreadcrumbList","@id":"https:\/\/www.chocolate7.com\/shop\/tavoletta\/fondente\/orfeve-madagascar-bejofo\/#breadcrumb","itemListElement":[{"@type":"ListItem","position":1,"name":"Home","item":"https:\/\/www.chocolate7.com\/en\/"},{"@type":"ListItem","position":2,"name":"Shop","item":"https:\/\/www.chocolate7.com\/en\/store\/"},{"@type":"ListItem","position":3,"name":"Orf\u00e8ve Madagascar Bejofo"}]},{"@type":"WebSite","@id":"https:\/\/www.chocolate7.com\/#website","url":"https:\/\/www.chocolate7.com\/","name":"Chocolate7","description":"The fine &amp; luxury chocolate selection","publisher":{"@id":"https:\/\/www.chocolate7.com\/#organization"},"potentialAction":[{"@type":"SearchAction","target":{"@type":"EntryPoint","urlTemplate":"https:\/\/www.chocolate7.com\/?s={search_term_string}"},"query-input":"required name=search_term_string"}],"inLanguage":"en-US"},{"@type":"Organization","@id":"https:\/\/www.chocolate7.com\/#organization","name":"Choc7 di Benedetto Giovanni","url":"https:\/\/www.chocolate7.com\/","logo":{"@type":"ImageObject","inLanguage":"en-US","@id":"https:\/\/www.chocolate7.com\/#\/schema\/logo\/image\/","url":"https:\/\/www.chocolate7.com\/wp-content\/uploads\/2018\/10\/logo_chocolate.png","contentUrl":"https:\/\/www.chocolate7.com\/wp-content\/uploads\/2018\/10\/logo_chocolate.png","width":200,"height":41,"caption":"Choc7 di Benedetto Giovanni"},"image":{"@id":"https:\/\/www.chocolate7.com\/#\/schema\/logo\/image\/"},"sameAs":["https:\/\/www.facebook.com\/cremino.gianduia.1","https:\/\/x.com\/GianduiaCremino","https:\/\/www.instagram.com\/creminogianduia\/","https:\/\/www.pinterest.com.au\/creminogianduia\/","https:\/\/www.youtube.com\/channel\/UCWFQlcc9EQnAsLkD8rBsgig"]}]}},"brands":[{"id":10564,"name":"Orf\u00e8ve","slug":"orfeve-en"}],"_links":{"self":[{"href":"https:\/\/www.chocolate7.com\/en\/wp-json\/wp\/v2\/product\/31857","targetHints":{"allow":["GET"]}}],"collection":[{"href":"https:\/\/www.chocolate7.com\/en\/wp-json\/wp\/v2\/product"}],"about":[{"href":"https:\/\/www.chocolate7.com\/en\/wp-json\/wp\/v2\/types\/product"}],"wp:featuredmedia":[{"embeddable":true,"href":"https:\/\/www.chocolate7.com\/en\/wp-json\/wp\/v2\/media\/31859"}],"wp:attachment":[{"href":"https:\/\/www.chocolate7.com\/en\/wp-json\/wp\/v2\/media?parent=31857"}],"wp:term":[{"taxonomy":"pwb-brand","embeddable":true,"href":"https:\/\/www.chocolate7.com\/en\/wp-json\/wp\/v2\/pwb-brand?post=31857"},{"taxonomy":"product_brand","embeddable":true,"href":"https:\/\/www.chocolate7.com\/en\/wp-json\/wp\/v2\/product_brand?post=31857"},{"taxonomy":"product_cat","embeddable":true,"href":"https:\/\/www.chocolate7.com\/en\/wp-json\/wp\/v2\/product_cat?post=31857"},{"taxonomy":"product_tag","embeddable":true,"href":"https:\/\/www.chocolate7.com\/en\/wp-json\/wp\/v2\/product_tag?post=31857"},{"taxonomy":"giftcard-category","embeddable":true,"href":"https:\/\/www.chocolate7.com\/en\/wp-json\/wp\/v2\/giftcard-category?post=31857"}],"curies":[{"name":"wp","href":"https:\/\/api.w.org\/{rel}","templated":true}]}}