{"id":31861,"date":"2022-12-24T14:38:00","date_gmt":"2022-12-24T13:38:01","guid":{"rendered":"https:\/\/www.chocolate7.com\/?post_type=product&#038;p=31861"},"modified":"2022-12-24T15:30:55","modified_gmt":"2022-12-24T14:30:55","slug":"cacao-experience-ecuador-gianduia-con-nocciole-intere","status":"publish","type":"product","link":"https:\/\/www.chocolate7.com\/en\/shop\/bar\/gianduia-en\/cacao-experience-ecuador-gianduia-con-nocciole-intere\/","title":{"rendered":"Cacao Experience Ecuador gianduia con nocciole intere"},"content":{"rendered":"<p style=\"text-align: left\">Gianduia bar &#8211; Made by Cacao Experience<\/p>\n<p style=\"text-align: left\">Noir Noisette. Exp\u00e9rience gourmande d\u2019un chocolat noir puissant et fondant, aux noisettes torr\u00e9fi\u00e9es et broy\u00e9es.<\/p>\n","protected":false},"excerpt":{"rendered":"<p>Cacao Experience is a bean to bar chocolate maker from France. This fine chocolate bar is made with cocoa from Ecuador (Santo Domingo de los Tsachilas, Finca Garyth). Cacao Experience Ecuador gianduja with whole hazelnuts 58% is a balanced gianduja chocolate with floral, honey, banana, pineapple, coconut, hazelnut aromatic notes<\/p>\n<p>&nbsp;<\/p>\n<p>&nbsp;<\/p>\n<p>&nbsp;<\/p>\n","protected":false},"featured_media":31863,"template":"","meta":[],"pwb-brand":[9254],"product_brand":[],"product_cat":[3251,3258],"product_tag":[],"giftcard-category":[],"class_list":{"0":"post-31861","1":"product","2":"type-product","3":"status-publish","4":"has-post-thumbnail","6":"pwb-brand-cacao-experience-en","7":"product_cat-bar","8":"product_cat-gianduia-en","9":"pa_acidita-2-en","10":"pa_allergeni-contains-hazelnuts","11":"pa_allergeni-may-contain-traces-of-gluten-nuts-milk","12":"pa_amarezza-1-en","13":"pa_astringenza-1-en","14":"pa_cacao-50-59-en","15":"pa_carboidrati-34-g-en","16":"pa_carboidrati-zuccheri-27-g-en","17":"pa_codice-a-barre-3770026307083-en","18":"pa_conservazione-store-in-a-cool-and-dry-place-between-16-c-and-18-c","19":"pa_dolcezza-2-en","20":"pa_grassi-36-g-en","21":"pa_grassi-saturi-18-g-en","22":"pa_ingredienti-cocoa-beans-sugar-hazelnuts-25-hazelnuts-11-cocoa-butter","23":"pa_note-di-degustazione-floral-notes-honey-banana-pineapple-hazelnuts","24":"pa_paese-delle-fave-di-cacao-ecuador-en","25":"pa_paese-produttore-france","26":"pa_percentuale-di-cacao-58-en","27":"pa_proteine-989-g-en","28":"pa_regione-santo-domingo-de-los-tsachilas-finca-garyth-en","29":"pa_sale-005-g-en","30":"pa_tipo-di-cioccolato-gianduia-en","31":"pa_valore-energetico-520-kcal-2160-kj-en","32":"pa_varieta-delle-fave-arriba-nacional-en","34":"first","35":"outofstock","36":"taxable","37":"shipping-taxable","38":"purchasable","39":"product-type-simple"},"yoast_head":"<!-- This site is optimized with the Yoast SEO plugin v23.3 - https:\/\/yoast.com\/wordpress\/plugins\/seo\/ -->\n<title>Cacao Experience Ecuador gianduia con nocciole intere - Chocolate7<\/title>\n<meta name=\"robots\" content=\"index, follow, max-snippet:-1, max-image-preview:large, max-video-preview:-1\" \/>\n<link rel=\"canonical\" href=\"https:\/\/www.chocolate7.com\/shop\/tavoletta\/gianduia\/cacao-experience-ecuador-gianduia-con-nocciole-intere\/\" \/>\n<meta property=\"og:locale\" content=\"en_US\" \/>\n<meta property=\"og:type\" content=\"article\" \/>\n<meta property=\"og:title\" content=\"Cacao Experience Ecuador gianduia con nocciole intere - Chocolate7\" \/>\n<meta property=\"og:description\" content=\"Cacao Experience is a bean to bar chocolate maker from France. This fine chocolate bar is made with cocoa from Ecuador (Santo Domingo de los Tsachilas, Finca Garyth). Cacao Experience Ecuador gianduja with whole hazelnuts 58% is a balanced gianduja chocolate with floral, honey, banana, pineapple, coconut, hazelnut aromatic notes  &nbsp;  &nbsp;  &nbsp;\" \/>\n<meta property=\"og:url\" content=\"https:\/\/www.chocolate7.com\/shop\/tavoletta\/gianduia\/cacao-experience-ecuador-gianduia-con-nocciole-intere\/\" \/>\n<meta property=\"og:site_name\" content=\"Chocolate7\" \/>\n<meta property=\"article:publisher\" content=\"https:\/\/www.facebook.com\/cremino.gianduia.1\" \/>\n<meta property=\"article:modified_time\" content=\"2022-12-24T14:30:55+00:00\" \/>\n<meta property=\"og:image\" content=\"https:\/\/www.chocolate7.com\/wp-content\/uploads\/2022\/12\/IMG_20221224_142208_707-scaled-e1671889700529.jpg\" \/>\n\t<meta property=\"og:image:width\" content=\"2560\" \/>\n\t<meta property=\"og:image:height\" content=\"2560\" \/>\n\t<meta property=\"og:image:type\" content=\"image\/jpeg\" \/>\n<meta name=\"twitter:card\" content=\"summary_large_image\" \/>\n<meta name=\"twitter:site\" content=\"@GianduiaCremino\" \/>\n<script type=\"application\/ld+json\" class=\"yoast-schema-graph\">{\"@context\":\"https:\/\/schema.org\",\"@graph\":[{\"@type\":\"WebPage\",\"@id\":\"https:\/\/www.chocolate7.com\/shop\/tavoletta\/gianduia\/cacao-experience-ecuador-gianduia-con-nocciole-intere\/\",\"url\":\"https:\/\/www.chocolate7.com\/shop\/tavoletta\/gianduia\/cacao-experience-ecuador-gianduia-con-nocciole-intere\/\",\"name\":\"Cacao Experience Ecuador gianduia con nocciole intere - Chocolate7\",\"isPartOf\":{\"@id\":\"https:\/\/www.chocolate7.com\/#website\"},\"primaryImageOfPage\":{\"@id\":\"https:\/\/www.chocolate7.com\/shop\/tavoletta\/gianduia\/cacao-experience-ecuador-gianduia-con-nocciole-intere\/#primaryimage\"},\"image\":{\"@id\":\"https:\/\/www.chocolate7.com\/shop\/tavoletta\/gianduia\/cacao-experience-ecuador-gianduia-con-nocciole-intere\/#primaryimage\"},\"thumbnailUrl\":\"https:\/\/www.chocolate7.com\/wp-content\/uploads\/2022\/12\/IMG_20221224_142208_707-scaled-e1671889700529.jpg\",\"datePublished\":\"2022-12-24T13:38:01+00:00\",\"dateModified\":\"2022-12-24T14:30:55+00:00\",\"breadcrumb\":{\"@id\":\"https:\/\/www.chocolate7.com\/shop\/tavoletta\/gianduia\/cacao-experience-ecuador-gianduia-con-nocciole-intere\/#breadcrumb\"},\"inLanguage\":\"en-US\",\"potentialAction\":[{\"@type\":\"ReadAction\",\"target\":[\"https:\/\/www.chocolate7.com\/shop\/tavoletta\/gianduia\/cacao-experience-ecuador-gianduia-con-nocciole-intere\/\"]}]},{\"@type\":\"ImageObject\",\"inLanguage\":\"en-US\",\"@id\":\"https:\/\/www.chocolate7.com\/shop\/tavoletta\/gianduia\/cacao-experience-ecuador-gianduia-con-nocciole-intere\/#primaryimage\",\"url\":\"https:\/\/www.chocolate7.com\/wp-content\/uploads\/2022\/12\/IMG_20221224_142208_707-scaled-e1671889700529.jpg\",\"contentUrl\":\"https:\/\/www.chocolate7.com\/wp-content\/uploads\/2022\/12\/IMG_20221224_142208_707-scaled-e1671889700529.jpg\",\"width\":600,\"height\":600},{\"@type\":\"BreadcrumbList\",\"@id\":\"https:\/\/www.chocolate7.com\/shop\/tavoletta\/gianduia\/cacao-experience-ecuador-gianduia-con-nocciole-intere\/#breadcrumb\",\"itemListElement\":[{\"@type\":\"ListItem\",\"position\":1,\"name\":\"Home\",\"item\":\"https:\/\/www.chocolate7.com\/en\/\"},{\"@type\":\"ListItem\",\"position\":2,\"name\":\"Shop\",\"item\":\"https:\/\/www.chocolate7.com\/en\/store\/\"},{\"@type\":\"ListItem\",\"position\":3,\"name\":\"Cacao Experience Ecuador gianduia con nocciole intere\"}]},{\"@type\":\"WebSite\",\"@id\":\"https:\/\/www.chocolate7.com\/#website\",\"url\":\"https:\/\/www.chocolate7.com\/\",\"name\":\"Chocolate7\",\"description\":\"The fine &amp; luxury chocolate selection\",\"publisher\":{\"@id\":\"https:\/\/www.chocolate7.com\/#organization\"},\"potentialAction\":[{\"@type\":\"SearchAction\",\"target\":{\"@type\":\"EntryPoint\",\"urlTemplate\":\"https:\/\/www.chocolate7.com\/?s={search_term_string}\"},\"query-input\":\"required name=search_term_string\"}],\"inLanguage\":\"en-US\"},{\"@type\":\"Organization\",\"@id\":\"https:\/\/www.chocolate7.com\/#organization\",\"name\":\"Choc7 di Benedetto Giovanni\",\"url\":\"https:\/\/www.chocolate7.com\/\",\"logo\":{\"@type\":\"ImageObject\",\"inLanguage\":\"en-US\",\"@id\":\"https:\/\/www.chocolate7.com\/#\/schema\/logo\/image\/\",\"url\":\"https:\/\/www.chocolate7.com\/wp-content\/uploads\/2018\/10\/logo_chocolate.png\",\"contentUrl\":\"https:\/\/www.chocolate7.com\/wp-content\/uploads\/2018\/10\/logo_chocolate.png\",\"width\":200,\"height\":41,\"caption\":\"Choc7 di Benedetto Giovanni\"},\"image\":{\"@id\":\"https:\/\/www.chocolate7.com\/#\/schema\/logo\/image\/\"},\"sameAs\":[\"https:\/\/www.facebook.com\/cremino.gianduia.1\",\"https:\/\/x.com\/GianduiaCremino\",\"https:\/\/www.instagram.com\/creminogianduia\/\",\"https:\/\/www.pinterest.com.au\/creminogianduia\/\",\"https:\/\/www.youtube.com\/channel\/UCWFQlcc9EQnAsLkD8rBsgig\"]}]}<\/script>\n<!-- \/ Yoast SEO plugin. -->","yoast_head_json":{"title":"Cacao Experience Ecuador gianduia con nocciole intere - Chocolate7","robots":{"index":"index","follow":"follow","max-snippet":"max-snippet:-1","max-image-preview":"max-image-preview:large","max-video-preview":"max-video-preview:-1"},"canonical":"https:\/\/www.chocolate7.com\/shop\/tavoletta\/gianduia\/cacao-experience-ecuador-gianduia-con-nocciole-intere\/","og_locale":"en_US","og_type":"article","og_title":"Cacao Experience Ecuador gianduia con nocciole intere - Chocolate7","og_description":"Cacao Experience is a bean to bar chocolate maker from France. This fine chocolate bar is made with cocoa from Ecuador (Santo Domingo de los Tsachilas, Finca Garyth). Cacao Experience Ecuador gianduja with whole hazelnuts 58% is a balanced gianduja chocolate with floral, honey, banana, pineapple, coconut, hazelnut aromatic notes  &nbsp;  &nbsp;  &nbsp;","og_url":"https:\/\/www.chocolate7.com\/shop\/tavoletta\/gianduia\/cacao-experience-ecuador-gianduia-con-nocciole-intere\/","og_site_name":"Chocolate7","article_publisher":"https:\/\/www.facebook.com\/cremino.gianduia.1","article_modified_time":"2022-12-24T14:30:55+00:00","og_image":[{"width":2560,"height":2560,"url":"https:\/\/www.chocolate7.com\/wp-content\/uploads\/2022\/12\/IMG_20221224_142208_707-scaled-e1671889700529.jpg","type":"image\/jpeg"}],"twitter_card":"summary_large_image","twitter_site":"@GianduiaCremino","schema":{"@context":"https:\/\/schema.org","@graph":[{"@type":"WebPage","@id":"https:\/\/www.chocolate7.com\/shop\/tavoletta\/gianduia\/cacao-experience-ecuador-gianduia-con-nocciole-intere\/","url":"https:\/\/www.chocolate7.com\/shop\/tavoletta\/gianduia\/cacao-experience-ecuador-gianduia-con-nocciole-intere\/","name":"Cacao Experience Ecuador gianduia con nocciole intere - Chocolate7","isPartOf":{"@id":"https:\/\/www.chocolate7.com\/#website"},"primaryImageOfPage":{"@id":"https:\/\/www.chocolate7.com\/shop\/tavoletta\/gianduia\/cacao-experience-ecuador-gianduia-con-nocciole-intere\/#primaryimage"},"image":{"@id":"https:\/\/www.chocolate7.com\/shop\/tavoletta\/gianduia\/cacao-experience-ecuador-gianduia-con-nocciole-intere\/#primaryimage"},"thumbnailUrl":"https:\/\/www.chocolate7.com\/wp-content\/uploads\/2022\/12\/IMG_20221224_142208_707-scaled-e1671889700529.jpg","datePublished":"2022-12-24T13:38:01+00:00","dateModified":"2022-12-24T14:30:55+00:00","breadcrumb":{"@id":"https:\/\/www.chocolate7.com\/shop\/tavoletta\/gianduia\/cacao-experience-ecuador-gianduia-con-nocciole-intere\/#breadcrumb"},"inLanguage":"en-US","potentialAction":[{"@type":"ReadAction","target":["https:\/\/www.chocolate7.com\/shop\/tavoletta\/gianduia\/cacao-experience-ecuador-gianduia-con-nocciole-intere\/"]}]},{"@type":"ImageObject","inLanguage":"en-US","@id":"https:\/\/www.chocolate7.com\/shop\/tavoletta\/gianduia\/cacao-experience-ecuador-gianduia-con-nocciole-intere\/#primaryimage","url":"https:\/\/www.chocolate7.com\/wp-content\/uploads\/2022\/12\/IMG_20221224_142208_707-scaled-e1671889700529.jpg","contentUrl":"https:\/\/www.chocolate7.com\/wp-content\/uploads\/2022\/12\/IMG_20221224_142208_707-scaled-e1671889700529.jpg","width":600,"height":600},{"@type":"BreadcrumbList","@id":"https:\/\/www.chocolate7.com\/shop\/tavoletta\/gianduia\/cacao-experience-ecuador-gianduia-con-nocciole-intere\/#breadcrumb","itemListElement":[{"@type":"ListItem","position":1,"name":"Home","item":"https:\/\/www.chocolate7.com\/en\/"},{"@type":"ListItem","position":2,"name":"Shop","item":"https:\/\/www.chocolate7.com\/en\/store\/"},{"@type":"ListItem","position":3,"name":"Cacao Experience Ecuador gianduia con nocciole intere"}]},{"@type":"WebSite","@id":"https:\/\/www.chocolate7.com\/#website","url":"https:\/\/www.chocolate7.com\/","name":"Chocolate7","description":"The fine &amp; luxury chocolate selection","publisher":{"@id":"https:\/\/www.chocolate7.com\/#organization"},"potentialAction":[{"@type":"SearchAction","target":{"@type":"EntryPoint","urlTemplate":"https:\/\/www.chocolate7.com\/?s={search_term_string}"},"query-input":"required name=search_term_string"}],"inLanguage":"en-US"},{"@type":"Organization","@id":"https:\/\/www.chocolate7.com\/#organization","name":"Choc7 di Benedetto Giovanni","url":"https:\/\/www.chocolate7.com\/","logo":{"@type":"ImageObject","inLanguage":"en-US","@id":"https:\/\/www.chocolate7.com\/#\/schema\/logo\/image\/","url":"https:\/\/www.chocolate7.com\/wp-content\/uploads\/2018\/10\/logo_chocolate.png","contentUrl":"https:\/\/www.chocolate7.com\/wp-content\/uploads\/2018\/10\/logo_chocolate.png","width":200,"height":41,"caption":"Choc7 di Benedetto Giovanni"},"image":{"@id":"https:\/\/www.chocolate7.com\/#\/schema\/logo\/image\/"},"sameAs":["https:\/\/www.facebook.com\/cremino.gianduia.1","https:\/\/x.com\/GianduiaCremino","https:\/\/www.instagram.com\/creminogianduia\/","https:\/\/www.pinterest.com.au\/creminogianduia\/","https:\/\/www.youtube.com\/channel\/UCWFQlcc9EQnAsLkD8rBsgig"]}]}},"brands":[{"id":9254,"name":"Cacao Experience","slug":"cacao-experience-en"}],"_links":{"self":[{"href":"https:\/\/www.chocolate7.com\/en\/wp-json\/wp\/v2\/product\/31861","targetHints":{"allow":["GET"]}}],"collection":[{"href":"https:\/\/www.chocolate7.com\/en\/wp-json\/wp\/v2\/product"}],"about":[{"href":"https:\/\/www.chocolate7.com\/en\/wp-json\/wp\/v2\/types\/product"}],"wp:featuredmedia":[{"embeddable":true,"href":"https:\/\/www.chocolate7.com\/en\/wp-json\/wp\/v2\/media\/31863"}],"wp:attachment":[{"href":"https:\/\/www.chocolate7.com\/en\/wp-json\/wp\/v2\/media?parent=31861"}],"wp:term":[{"taxonomy":"pwb-brand","embeddable":true,"href":"https:\/\/www.chocolate7.com\/en\/wp-json\/wp\/v2\/pwb-brand?post=31861"},{"taxonomy":"product_brand","embeddable":true,"href":"https:\/\/www.chocolate7.com\/en\/wp-json\/wp\/v2\/product_brand?post=31861"},{"taxonomy":"product_cat","embeddable":true,"href":"https:\/\/www.chocolate7.com\/en\/wp-json\/wp\/v2\/product_cat?post=31861"},{"taxonomy":"product_tag","embeddable":true,"href":"https:\/\/www.chocolate7.com\/en\/wp-json\/wp\/v2\/product_tag?post=31861"},{"taxonomy":"giftcard-category","embeddable":true,"href":"https:\/\/www.chocolate7.com\/en\/wp-json\/wp\/v2\/giftcard-category?post=31861"}],"curies":[{"name":"wp","href":"https:\/\/api.w.org\/{rel}","templated":true}]}}