{"id":31955,"date":"2023-01-07T15:47:04","date_gmt":"2023-01-07T14:47:04","guid":{"rendered":"https:\/\/www.chocolate7.com\/?post_type=product&#038;p=31955"},"modified":"2023-01-07T16:03:38","modified_gmt":"2023-01-07T15:03:38","slug":"hasnaa-india-idukki-20-tasting-carres","status":"publish","type":"product","link":"https:\/\/www.chocolate7.com\/en\/shop\/pralines-chocolates-bonbons-cremini-truffles\/hasnaa-india-idukki-20-tasting-carres\/","title":{"rendered":"Hasna\u00e2 India Idukki 20 tasting carr\u00e9s"},"content":{"rendered":"<p style=\"text-align: left\">Dark Chocolate Tasting Box &#8211; Made by Hasna\u00e2<\/p>\n<p>Faites voyager vos papilles avec nos \u00e9tuis de 2<strong>0 carr\u00e9s de d\u00e9gustation <\/strong>100% transform\u00e9es de la f\u00e8ve \u00e0 la tablette directement \u00e0 Bordeaux.<\/p>\n<p>&nbsp;<\/p>\n","protected":false},"excerpt":{"rendered":"<p>Hasna\u00e2 is a bean to bar chocolate maker from France. This tasting box contains 20 carr\u00e9s of fine chocolate made with cocoa from India (Idukki). Hasna\u00e2 India Idukki 20 tasting carr\u00e9s 71% is a pleasantly acidic dark chocolate, with aromatic notes of rose, pineapple, cherry, candied exotic fruit<\/p>\n","protected":false},"featured_media":31957,"template":"","meta":[],"pwb-brand":[7239],"product_brand":[],"product_cat":[3240],"product_tag":[],"giftcard-category":[],"class_list":{"0":"post-31955","1":"product","2":"type-product","3":"status-publish","4":"has-post-thumbnail","6":"pwb-brand-hasnaa","7":"product_cat-pralines-chocolates-bonbons-cremini-truffles","8":"pa_acidita-3-en","9":"pa_amarezza-2-en","10":"pa_astringenza-1-en","11":"pa_cacao-70-79-en","12":"pa_carboidrati-4604-g-en","13":"pa_carboidrati-zuccheri-29-g-en","14":"pa_dolcezza-2-en","15":"pa_fibre-1207-g-en","16":"pa_grassi-3905-g-en","17":"pa_grassi-saturi-2414-g-en","18":"pa_ingredienti-organic-cocoa-beans-and-organic-cane-sugar-en","19":"pa_note-di-degustazione-rose-pineapple-cherry-candied-exotic-fruit","20":"pa_paese-delle-fave-di-cacao-india-en","21":"pa_paese-produttore-france","22":"pa_percentuale-di-cacao-71-en","23":"pa_proteine-852-g-en","24":"pa_regione-idukki-en","25":"pa_sale-0-g-en","26":"pa_tipo-di-cioccolato-fondente-en","27":"pa_tipo-di-cioccolato-pralines-chocolates-bonbons-cremini-truffles","28":"pa_valore-energetico-2368-kj-566-kcal-en","30":"first","31":"outofstock","32":"taxable","33":"shipping-taxable","34":"purchasable","35":"product-type-simple"},"yoast_head":"<!-- This site is optimized with the Yoast SEO plugin v23.3 - https:\/\/yoast.com\/wordpress\/plugins\/seo\/ -->\n<title>Hasna\u00e2 India Idukki 20 tasting carr\u00e9s - Chocolate7<\/title>\n<meta name=\"robots\" content=\"index, follow, max-snippet:-1, max-image-preview:large, max-video-preview:-1\" \/>\n<link rel=\"canonical\" href=\"https:\/\/www.chocolate7.com\/shop\/praline-cioccolatini-cremini-tartufi\/hasnaa-india-idukki-20-carres-da-degustazione\/\" \/>\n<meta property=\"og:locale\" content=\"en_US\" \/>\n<meta property=\"og:type\" content=\"article\" \/>\n<meta property=\"og:title\" content=\"Hasna\u00e2 India Idukki 20 tasting carr\u00e9s - Chocolate7\" \/>\n<meta property=\"og:description\" content=\"Hasna\u00e2 is a bean to bar chocolate maker from France. This tasting box contains 20 carr\u00e9s of fine chocolate made with cocoa from India (Idukki). Hasna\u00e2 India Idukki 20 tasting carr\u00e9s 71% is a pleasantly acidic dark chocolate, with aromatic notes of rose, pineapple, cherry, candied exotic fruit\" \/>\n<meta property=\"og:url\" content=\"https:\/\/www.chocolate7.com\/shop\/praline-cioccolatini-cremini-tartufi\/hasnaa-india-idukki-20-carres-da-degustazione\/\" \/>\n<meta property=\"og:site_name\" content=\"Chocolate7\" \/>\n<meta property=\"article:publisher\" content=\"https:\/\/www.facebook.com\/cremino.gianduia.1\" \/>\n<meta property=\"article:modified_time\" content=\"2023-01-07T15:03:38+00:00\" \/>\n<meta property=\"og:image\" content=\"https:\/\/www.chocolate7.com\/wp-content\/uploads\/2023\/01\/IMG_20230106_131811_730-e1673103430408.jpg\" \/>\n\t<meta property=\"og:image:width\" content=\"2396\" \/>\n\t<meta property=\"og:image:height\" content=\"2396\" \/>\n\t<meta property=\"og:image:type\" content=\"image\/jpeg\" \/>\n<meta name=\"twitter:card\" content=\"summary_large_image\" \/>\n<meta name=\"twitter:site\" content=\"@GianduiaCremino\" \/>\n<script type=\"application\/ld+json\" class=\"yoast-schema-graph\">{\"@context\":\"https:\/\/schema.org\",\"@graph\":[{\"@type\":\"WebPage\",\"@id\":\"https:\/\/www.chocolate7.com\/shop\/praline-cioccolatini-cremini-tartufi\/hasnaa-india-idukki-20-carres-da-degustazione\/\",\"url\":\"https:\/\/www.chocolate7.com\/shop\/praline-cioccolatini-cremini-tartufi\/hasnaa-india-idukki-20-carres-da-degustazione\/\",\"name\":\"Hasna\u00e2 India Idukki 20 tasting carr\u00e9s - Chocolate7\",\"isPartOf\":{\"@id\":\"https:\/\/www.chocolate7.com\/#website\"},\"primaryImageOfPage\":{\"@id\":\"https:\/\/www.chocolate7.com\/shop\/praline-cioccolatini-cremini-tartufi\/hasnaa-india-idukki-20-carres-da-degustazione\/#primaryimage\"},\"image\":{\"@id\":\"https:\/\/www.chocolate7.com\/shop\/praline-cioccolatini-cremini-tartufi\/hasnaa-india-idukki-20-carres-da-degustazione\/#primaryimage\"},\"thumbnailUrl\":\"https:\/\/www.chocolate7.com\/wp-content\/uploads\/2023\/01\/IMG_20230106_131811_730-e1673103430408.jpg\",\"datePublished\":\"2023-01-07T14:47:04+00:00\",\"dateModified\":\"2023-01-07T15:03:38+00:00\",\"breadcrumb\":{\"@id\":\"https:\/\/www.chocolate7.com\/shop\/praline-cioccolatini-cremini-tartufi\/hasnaa-india-idukki-20-carres-da-degustazione\/#breadcrumb\"},\"inLanguage\":\"en-US\",\"potentialAction\":[{\"@type\":\"ReadAction\",\"target\":[\"https:\/\/www.chocolate7.com\/shop\/praline-cioccolatini-cremini-tartufi\/hasnaa-india-idukki-20-carres-da-degustazione\/\"]}]},{\"@type\":\"ImageObject\",\"inLanguage\":\"en-US\",\"@id\":\"https:\/\/www.chocolate7.com\/shop\/praline-cioccolatini-cremini-tartufi\/hasnaa-india-idukki-20-carres-da-degustazione\/#primaryimage\",\"url\":\"https:\/\/www.chocolate7.com\/wp-content\/uploads\/2023\/01\/IMG_20230106_131811_730-e1673103430408.jpg\",\"contentUrl\":\"https:\/\/www.chocolate7.com\/wp-content\/uploads\/2023\/01\/IMG_20230106_131811_730-e1673103430408.jpg\",\"width\":600,\"height\":600},{\"@type\":\"BreadcrumbList\",\"@id\":\"https:\/\/www.chocolate7.com\/shop\/praline-cioccolatini-cremini-tartufi\/hasnaa-india-idukki-20-carres-da-degustazione\/#breadcrumb\",\"itemListElement\":[{\"@type\":\"ListItem\",\"position\":1,\"name\":\"Home\",\"item\":\"https:\/\/www.chocolate7.com\/en\/\"},{\"@type\":\"ListItem\",\"position\":2,\"name\":\"Shop\",\"item\":\"https:\/\/www.chocolate7.com\/en\/store\/\"},{\"@type\":\"ListItem\",\"position\":3,\"name\":\"Hasna\u00e2 India Idukki 20 tasting carr\u00e9s\"}]},{\"@type\":\"WebSite\",\"@id\":\"https:\/\/www.chocolate7.com\/#website\",\"url\":\"https:\/\/www.chocolate7.com\/\",\"name\":\"Chocolate7\",\"description\":\"The fine &amp; luxury chocolate selection\",\"publisher\":{\"@id\":\"https:\/\/www.chocolate7.com\/#organization\"},\"potentialAction\":[{\"@type\":\"SearchAction\",\"target\":{\"@type\":\"EntryPoint\",\"urlTemplate\":\"https:\/\/www.chocolate7.com\/?s={search_term_string}\"},\"query-input\":\"required name=search_term_string\"}],\"inLanguage\":\"en-US\"},{\"@type\":\"Organization\",\"@id\":\"https:\/\/www.chocolate7.com\/#organization\",\"name\":\"Choc7 di Benedetto Giovanni\",\"url\":\"https:\/\/www.chocolate7.com\/\",\"logo\":{\"@type\":\"ImageObject\",\"inLanguage\":\"en-US\",\"@id\":\"https:\/\/www.chocolate7.com\/#\/schema\/logo\/image\/\",\"url\":\"https:\/\/www.chocolate7.com\/wp-content\/uploads\/2018\/10\/logo_chocolate.png\",\"contentUrl\":\"https:\/\/www.chocolate7.com\/wp-content\/uploads\/2018\/10\/logo_chocolate.png\",\"width\":200,\"height\":41,\"caption\":\"Choc7 di Benedetto Giovanni\"},\"image\":{\"@id\":\"https:\/\/www.chocolate7.com\/#\/schema\/logo\/image\/\"},\"sameAs\":[\"https:\/\/www.facebook.com\/cremino.gianduia.1\",\"https:\/\/x.com\/GianduiaCremino\",\"https:\/\/www.instagram.com\/creminogianduia\/\",\"https:\/\/www.pinterest.com.au\/creminogianduia\/\",\"https:\/\/www.youtube.com\/channel\/UCWFQlcc9EQnAsLkD8rBsgig\"]}]}<\/script>\n<!-- \/ Yoast SEO plugin. -->","yoast_head_json":{"title":"Hasna\u00e2 India Idukki 20 tasting carr\u00e9s - Chocolate7","robots":{"index":"index","follow":"follow","max-snippet":"max-snippet:-1","max-image-preview":"max-image-preview:large","max-video-preview":"max-video-preview:-1"},"canonical":"https:\/\/www.chocolate7.com\/shop\/praline-cioccolatini-cremini-tartufi\/hasnaa-india-idukki-20-carres-da-degustazione\/","og_locale":"en_US","og_type":"article","og_title":"Hasna\u00e2 India Idukki 20 tasting carr\u00e9s - Chocolate7","og_description":"Hasna\u00e2 is a bean to bar chocolate maker from France. This tasting box contains 20 carr\u00e9s of fine chocolate made with cocoa from India (Idukki). Hasna\u00e2 India Idukki 20 tasting carr\u00e9s 71% is a pleasantly acidic dark chocolate, with aromatic notes of rose, pineapple, cherry, candied exotic fruit","og_url":"https:\/\/www.chocolate7.com\/shop\/praline-cioccolatini-cremini-tartufi\/hasnaa-india-idukki-20-carres-da-degustazione\/","og_site_name":"Chocolate7","article_publisher":"https:\/\/www.facebook.com\/cremino.gianduia.1","article_modified_time":"2023-01-07T15:03:38+00:00","og_image":[{"width":2396,"height":2396,"url":"https:\/\/www.chocolate7.com\/wp-content\/uploads\/2023\/01\/IMG_20230106_131811_730-e1673103430408.jpg","type":"image\/jpeg"}],"twitter_card":"summary_large_image","twitter_site":"@GianduiaCremino","schema":{"@context":"https:\/\/schema.org","@graph":[{"@type":"WebPage","@id":"https:\/\/www.chocolate7.com\/shop\/praline-cioccolatini-cremini-tartufi\/hasnaa-india-idukki-20-carres-da-degustazione\/","url":"https:\/\/www.chocolate7.com\/shop\/praline-cioccolatini-cremini-tartufi\/hasnaa-india-idukki-20-carres-da-degustazione\/","name":"Hasna\u00e2 India Idukki 20 tasting carr\u00e9s - Chocolate7","isPartOf":{"@id":"https:\/\/www.chocolate7.com\/#website"},"primaryImageOfPage":{"@id":"https:\/\/www.chocolate7.com\/shop\/praline-cioccolatini-cremini-tartufi\/hasnaa-india-idukki-20-carres-da-degustazione\/#primaryimage"},"image":{"@id":"https:\/\/www.chocolate7.com\/shop\/praline-cioccolatini-cremini-tartufi\/hasnaa-india-idukki-20-carres-da-degustazione\/#primaryimage"},"thumbnailUrl":"https:\/\/www.chocolate7.com\/wp-content\/uploads\/2023\/01\/IMG_20230106_131811_730-e1673103430408.jpg","datePublished":"2023-01-07T14:47:04+00:00","dateModified":"2023-01-07T15:03:38+00:00","breadcrumb":{"@id":"https:\/\/www.chocolate7.com\/shop\/praline-cioccolatini-cremini-tartufi\/hasnaa-india-idukki-20-carres-da-degustazione\/#breadcrumb"},"inLanguage":"en-US","potentialAction":[{"@type":"ReadAction","target":["https:\/\/www.chocolate7.com\/shop\/praline-cioccolatini-cremini-tartufi\/hasnaa-india-idukki-20-carres-da-degustazione\/"]}]},{"@type":"ImageObject","inLanguage":"en-US","@id":"https:\/\/www.chocolate7.com\/shop\/praline-cioccolatini-cremini-tartufi\/hasnaa-india-idukki-20-carres-da-degustazione\/#primaryimage","url":"https:\/\/www.chocolate7.com\/wp-content\/uploads\/2023\/01\/IMG_20230106_131811_730-e1673103430408.jpg","contentUrl":"https:\/\/www.chocolate7.com\/wp-content\/uploads\/2023\/01\/IMG_20230106_131811_730-e1673103430408.jpg","width":600,"height":600},{"@type":"BreadcrumbList","@id":"https:\/\/www.chocolate7.com\/shop\/praline-cioccolatini-cremini-tartufi\/hasnaa-india-idukki-20-carres-da-degustazione\/#breadcrumb","itemListElement":[{"@type":"ListItem","position":1,"name":"Home","item":"https:\/\/www.chocolate7.com\/en\/"},{"@type":"ListItem","position":2,"name":"Shop","item":"https:\/\/www.chocolate7.com\/en\/store\/"},{"@type":"ListItem","position":3,"name":"Hasna\u00e2 India Idukki 20 tasting carr\u00e9s"}]},{"@type":"WebSite","@id":"https:\/\/www.chocolate7.com\/#website","url":"https:\/\/www.chocolate7.com\/","name":"Chocolate7","description":"The fine &amp; luxury chocolate selection","publisher":{"@id":"https:\/\/www.chocolate7.com\/#organization"},"potentialAction":[{"@type":"SearchAction","target":{"@type":"EntryPoint","urlTemplate":"https:\/\/www.chocolate7.com\/?s={search_term_string}"},"query-input":"required name=search_term_string"}],"inLanguage":"en-US"},{"@type":"Organization","@id":"https:\/\/www.chocolate7.com\/#organization","name":"Choc7 di Benedetto Giovanni","url":"https:\/\/www.chocolate7.com\/","logo":{"@type":"ImageObject","inLanguage":"en-US","@id":"https:\/\/www.chocolate7.com\/#\/schema\/logo\/image\/","url":"https:\/\/www.chocolate7.com\/wp-content\/uploads\/2018\/10\/logo_chocolate.png","contentUrl":"https:\/\/www.chocolate7.com\/wp-content\/uploads\/2018\/10\/logo_chocolate.png","width":200,"height":41,"caption":"Choc7 di Benedetto Giovanni"},"image":{"@id":"https:\/\/www.chocolate7.com\/#\/schema\/logo\/image\/"},"sameAs":["https:\/\/www.facebook.com\/cremino.gianduia.1","https:\/\/x.com\/GianduiaCremino","https:\/\/www.instagram.com\/creminogianduia\/","https:\/\/www.pinterest.com.au\/creminogianduia\/","https:\/\/www.youtube.com\/channel\/UCWFQlcc9EQnAsLkD8rBsgig"]}]}},"brands":[{"id":7239,"name":"Hasna\u00e2","slug":"hasnaa"}],"_links":{"self":[{"href":"https:\/\/www.chocolate7.com\/en\/wp-json\/wp\/v2\/product\/31955","targetHints":{"allow":["GET"]}}],"collection":[{"href":"https:\/\/www.chocolate7.com\/en\/wp-json\/wp\/v2\/product"}],"about":[{"href":"https:\/\/www.chocolate7.com\/en\/wp-json\/wp\/v2\/types\/product"}],"wp:featuredmedia":[{"embeddable":true,"href":"https:\/\/www.chocolate7.com\/en\/wp-json\/wp\/v2\/media\/31957"}],"wp:attachment":[{"href":"https:\/\/www.chocolate7.com\/en\/wp-json\/wp\/v2\/media?parent=31955"}],"wp:term":[{"taxonomy":"pwb-brand","embeddable":true,"href":"https:\/\/www.chocolate7.com\/en\/wp-json\/wp\/v2\/pwb-brand?post=31955"},{"taxonomy":"product_brand","embeddable":true,"href":"https:\/\/www.chocolate7.com\/en\/wp-json\/wp\/v2\/product_brand?post=31955"},{"taxonomy":"product_cat","embeddable":true,"href":"https:\/\/www.chocolate7.com\/en\/wp-json\/wp\/v2\/product_cat?post=31955"},{"taxonomy":"product_tag","embeddable":true,"href":"https:\/\/www.chocolate7.com\/en\/wp-json\/wp\/v2\/product_tag?post=31955"},{"taxonomy":"giftcard-category","embeddable":true,"href":"https:\/\/www.chocolate7.com\/en\/wp-json\/wp\/v2\/giftcard-category?post=31955"}],"curies":[{"name":"wp","href":"https:\/\/api.w.org\/{rel}","templated":true}]}}