{"id":31989,"date":"2023-01-30T16:37:10","date_gmt":"2023-01-30T15:37:10","guid":{"rendered":"https:\/\/www.chocolate7.com\/?post_type=product&#038;p=31989"},"modified":"2023-01-30T17:00:41","modified_gmt":"2023-01-30T16:00:41","slug":"standout-dominican-republic-nordic-nature-spruce-shoots","status":"publish","type":"product","link":"https:\/\/www.chocolate7.com\/en\/shop\/bar\/dark-chocolate-milk-chocolate-en\/standout-dominican-republic-nordic-nature-spruce-shoots\/","title":{"rendered":"Standout Dominican Republic Nordic nature spruce shoots"},"content":{"rendered":"<p style=\"text-align: left\">Dark chocolate bar with inclusions, flavoured, filled &#8211; Made by Standout<\/p>\n<p style=\"text-align: left\">For this chocolate we have used cacao from \u00d6ko Caribe in the Dominican Republic, which we have combined with spruce shoots hand-picked in the forests outside H\u00f6gtorp G\u00e5rd in S\u00f6dermanland, Sweden.<\/p>\n","protected":false},"excerpt":{"rendered":"<p>Standout is a bean to bar chocolate maker from Sweden. Standout Dominican Republic with spruce sprouts 66% is a dark chocolate with spruce sprouts, with a balanced taste, with aromatic notes of citrus, pine needles. spices, pink pepper<\/p>\n","protected":false},"featured_media":31991,"template":"","meta":[],"pwb-brand":[7775],"product_brand":[],"product_cat":[3251,3256],"product_tag":[],"giftcard-category":[],"class_list":{"0":"post-31989","1":"product","2":"type-product","3":"status-publish","4":"has-post-thumbnail","6":"pwb-brand-standout-en-2","7":"product_cat-bar","8":"product_cat-dark-chocolate-milk-chocolate-en","9":"pa_acidita-3-en","10":"pa_allergeni-may-contain-traces-of-milk","11":"pa_allergeni-vegan","12":"pa_amarezza-2-en","13":"pa_astringenza-0-en","14":"pa_cacao-60-69-en","15":"pa_carboidrati-44-g-en","16":"pa_carboidrati-zuccheri-31-g-en","17":"pa_codice-a-barre-7350101590218-en","18":"pa_dolcezza-3-en","19":"pa_grassi-42-g-en","20":"pa_grassi-saturi-25-g-en","21":"pa_ingredienti-cacaobeans-cane-sugar-cacao-butter-spruce-shoots-organic-ingredients","22":"pa_note-di-degustazione-citrus-pine-needles-spices-pink-pepper","23":"pa_paese-delle-fave-di-cacao-dominican-republic","24":"pa_paese-produttore-sweden","25":"pa_percentuale-di-cacao-66-en","26":"pa_premi-2022-gold-at-the-academy-of-chocolate-awards-gold-at-the-international-chocolate-awards-europe-en","27":"pa_proteine-8-g-en","28":"pa_sale-0-g-en","29":"pa_tipo-di-cioccolato-flavoured-filled-inclusions-dark-chocolate","30":"pa_valore-energetico-578-kcal-2427-kj-en","31":"pa_varieta-delle-fave-oko-caribe-en","33":"first","34":"outofstock","35":"taxable","36":"shipping-taxable","37":"purchasable","38":"product-type-simple"},"yoast_head":"<!-- This site is optimized with the Yoast SEO plugin v23.3 - https:\/\/yoast.com\/wordpress\/plugins\/seo\/ -->\n<title>Standout Dominican Republic Nordic nature spruce shoots - Chocolate7<\/title>\n<meta name=\"robots\" content=\"index, follow, max-snippet:-1, max-image-preview:large, max-video-preview:-1\" \/>\n<link rel=\"canonical\" href=\"https:\/\/www.chocolate7.com\/shop\/tavoletta\/fondente-inclusioni-ripieno-aromatizzato\/standout-repubblica-dominicana-con-germogli-di-abete-rosso\/\" \/>\n<meta property=\"og:locale\" content=\"en_US\" \/>\n<meta property=\"og:type\" content=\"article\" \/>\n<meta property=\"og:title\" content=\"Standout Dominican Republic Nordic nature spruce shoots - Chocolate7\" \/>\n<meta property=\"og:description\" content=\"Standout is a bean to bar chocolate maker from Sweden. Standout Dominican Republic with spruce sprouts 66% is a dark chocolate with spruce sprouts, with a balanced taste, with aromatic notes of citrus, pine needles. spices, pink pepper\" \/>\n<meta property=\"og:url\" content=\"https:\/\/www.chocolate7.com\/shop\/tavoletta\/fondente-inclusioni-ripieno-aromatizzato\/standout-repubblica-dominicana-con-germogli-di-abete-rosso\/\" \/>\n<meta property=\"og:site_name\" content=\"Chocolate7\" \/>\n<meta property=\"article:publisher\" content=\"https:\/\/www.facebook.com\/cremino.gianduia.1\" \/>\n<meta property=\"article:modified_time\" content=\"2023-01-30T16:00:41+00:00\" \/>\n<meta property=\"og:image\" content=\"https:\/\/www.chocolate7.com\/wp-content\/uploads\/2023\/01\/IMG_20230130_163432_118-e1675094028709.jpg\" \/>\n\t<meta property=\"og:image:width\" content=\"2210\" \/>\n\t<meta property=\"og:image:height\" content=\"2210\" \/>\n\t<meta property=\"og:image:type\" content=\"image\/jpeg\" \/>\n<meta name=\"twitter:card\" content=\"summary_large_image\" \/>\n<meta name=\"twitter:site\" content=\"@GianduiaCremino\" \/>\n<script type=\"application\/ld+json\" class=\"yoast-schema-graph\">{\"@context\":\"https:\/\/schema.org\",\"@graph\":[{\"@type\":\"WebPage\",\"@id\":\"https:\/\/www.chocolate7.com\/shop\/tavoletta\/fondente-inclusioni-ripieno-aromatizzato\/standout-repubblica-dominicana-con-germogli-di-abete-rosso\/\",\"url\":\"https:\/\/www.chocolate7.com\/shop\/tavoletta\/fondente-inclusioni-ripieno-aromatizzato\/standout-repubblica-dominicana-con-germogli-di-abete-rosso\/\",\"name\":\"Standout Dominican Republic Nordic nature spruce shoots - Chocolate7\",\"isPartOf\":{\"@id\":\"https:\/\/www.chocolate7.com\/#website\"},\"primaryImageOfPage\":{\"@id\":\"https:\/\/www.chocolate7.com\/shop\/tavoletta\/fondente-inclusioni-ripieno-aromatizzato\/standout-repubblica-dominicana-con-germogli-di-abete-rosso\/#primaryimage\"},\"image\":{\"@id\":\"https:\/\/www.chocolate7.com\/shop\/tavoletta\/fondente-inclusioni-ripieno-aromatizzato\/standout-repubblica-dominicana-con-germogli-di-abete-rosso\/#primaryimage\"},\"thumbnailUrl\":\"https:\/\/www.chocolate7.com\/wp-content\/uploads\/2023\/01\/IMG_20230130_163432_118-e1675094028709.jpg\",\"datePublished\":\"2023-01-30T15:37:10+00:00\",\"dateModified\":\"2023-01-30T16:00:41+00:00\",\"breadcrumb\":{\"@id\":\"https:\/\/www.chocolate7.com\/shop\/tavoletta\/fondente-inclusioni-ripieno-aromatizzato\/standout-repubblica-dominicana-con-germogli-di-abete-rosso\/#breadcrumb\"},\"inLanguage\":\"en-US\",\"potentialAction\":[{\"@type\":\"ReadAction\",\"target\":[\"https:\/\/www.chocolate7.com\/shop\/tavoletta\/fondente-inclusioni-ripieno-aromatizzato\/standout-repubblica-dominicana-con-germogli-di-abete-rosso\/\"]}]},{\"@type\":\"ImageObject\",\"inLanguage\":\"en-US\",\"@id\":\"https:\/\/www.chocolate7.com\/shop\/tavoletta\/fondente-inclusioni-ripieno-aromatizzato\/standout-repubblica-dominicana-con-germogli-di-abete-rosso\/#primaryimage\",\"url\":\"https:\/\/www.chocolate7.com\/wp-content\/uploads\/2023\/01\/IMG_20230130_163432_118-e1675094028709.jpg\",\"contentUrl\":\"https:\/\/www.chocolate7.com\/wp-content\/uploads\/2023\/01\/IMG_20230130_163432_118-e1675094028709.jpg\",\"width\":600,\"height\":600},{\"@type\":\"BreadcrumbList\",\"@id\":\"https:\/\/www.chocolate7.com\/shop\/tavoletta\/fondente-inclusioni-ripieno-aromatizzato\/standout-repubblica-dominicana-con-germogli-di-abete-rosso\/#breadcrumb\",\"itemListElement\":[{\"@type\":\"ListItem\",\"position\":1,\"name\":\"Home\",\"item\":\"https:\/\/www.chocolate7.com\/en\/\"},{\"@type\":\"ListItem\",\"position\":2,\"name\":\"Shop\",\"item\":\"https:\/\/www.chocolate7.com\/en\/store\/\"},{\"@type\":\"ListItem\",\"position\":3,\"name\":\"Standout Dominican Republic Nordic nature spruce shoots\"}]},{\"@type\":\"WebSite\",\"@id\":\"https:\/\/www.chocolate7.com\/#website\",\"url\":\"https:\/\/www.chocolate7.com\/\",\"name\":\"Chocolate7\",\"description\":\"The fine &amp; luxury chocolate selection\",\"publisher\":{\"@id\":\"https:\/\/www.chocolate7.com\/#organization\"},\"potentialAction\":[{\"@type\":\"SearchAction\",\"target\":{\"@type\":\"EntryPoint\",\"urlTemplate\":\"https:\/\/www.chocolate7.com\/?s={search_term_string}\"},\"query-input\":\"required name=search_term_string\"}],\"inLanguage\":\"en-US\"},{\"@type\":\"Organization\",\"@id\":\"https:\/\/www.chocolate7.com\/#organization\",\"name\":\"Choc7 di Benedetto Giovanni\",\"url\":\"https:\/\/www.chocolate7.com\/\",\"logo\":{\"@type\":\"ImageObject\",\"inLanguage\":\"en-US\",\"@id\":\"https:\/\/www.chocolate7.com\/#\/schema\/logo\/image\/\",\"url\":\"https:\/\/www.chocolate7.com\/wp-content\/uploads\/2018\/10\/logo_chocolate.png\",\"contentUrl\":\"https:\/\/www.chocolate7.com\/wp-content\/uploads\/2018\/10\/logo_chocolate.png\",\"width\":200,\"height\":41,\"caption\":\"Choc7 di Benedetto Giovanni\"},\"image\":{\"@id\":\"https:\/\/www.chocolate7.com\/#\/schema\/logo\/image\/\"},\"sameAs\":[\"https:\/\/www.facebook.com\/cremino.gianduia.1\",\"https:\/\/x.com\/GianduiaCremino\",\"https:\/\/www.instagram.com\/creminogianduia\/\",\"https:\/\/www.pinterest.com.au\/creminogianduia\/\",\"https:\/\/www.youtube.com\/channel\/UCWFQlcc9EQnAsLkD8rBsgig\"]}]}<\/script>\n<!-- \/ Yoast SEO plugin. -->","yoast_head_json":{"title":"Standout Dominican Republic Nordic nature spruce shoots - Chocolate7","robots":{"index":"index","follow":"follow","max-snippet":"max-snippet:-1","max-image-preview":"max-image-preview:large","max-video-preview":"max-video-preview:-1"},"canonical":"https:\/\/www.chocolate7.com\/shop\/tavoletta\/fondente-inclusioni-ripieno-aromatizzato\/standout-repubblica-dominicana-con-germogli-di-abete-rosso\/","og_locale":"en_US","og_type":"article","og_title":"Standout Dominican Republic Nordic nature spruce shoots - Chocolate7","og_description":"Standout is a bean to bar chocolate maker from Sweden. Standout Dominican Republic with spruce sprouts 66% is a dark chocolate with spruce sprouts, with a balanced taste, with aromatic notes of citrus, pine needles. spices, pink pepper","og_url":"https:\/\/www.chocolate7.com\/shop\/tavoletta\/fondente-inclusioni-ripieno-aromatizzato\/standout-repubblica-dominicana-con-germogli-di-abete-rosso\/","og_site_name":"Chocolate7","article_publisher":"https:\/\/www.facebook.com\/cremino.gianduia.1","article_modified_time":"2023-01-30T16:00:41+00:00","og_image":[{"width":2210,"height":2210,"url":"https:\/\/www.chocolate7.com\/wp-content\/uploads\/2023\/01\/IMG_20230130_163432_118-e1675094028709.jpg","type":"image\/jpeg"}],"twitter_card":"summary_large_image","twitter_site":"@GianduiaCremino","schema":{"@context":"https:\/\/schema.org","@graph":[{"@type":"WebPage","@id":"https:\/\/www.chocolate7.com\/shop\/tavoletta\/fondente-inclusioni-ripieno-aromatizzato\/standout-repubblica-dominicana-con-germogli-di-abete-rosso\/","url":"https:\/\/www.chocolate7.com\/shop\/tavoletta\/fondente-inclusioni-ripieno-aromatizzato\/standout-repubblica-dominicana-con-germogli-di-abete-rosso\/","name":"Standout Dominican Republic Nordic nature spruce shoots - Chocolate7","isPartOf":{"@id":"https:\/\/www.chocolate7.com\/#website"},"primaryImageOfPage":{"@id":"https:\/\/www.chocolate7.com\/shop\/tavoletta\/fondente-inclusioni-ripieno-aromatizzato\/standout-repubblica-dominicana-con-germogli-di-abete-rosso\/#primaryimage"},"image":{"@id":"https:\/\/www.chocolate7.com\/shop\/tavoletta\/fondente-inclusioni-ripieno-aromatizzato\/standout-repubblica-dominicana-con-germogli-di-abete-rosso\/#primaryimage"},"thumbnailUrl":"https:\/\/www.chocolate7.com\/wp-content\/uploads\/2023\/01\/IMG_20230130_163432_118-e1675094028709.jpg","datePublished":"2023-01-30T15:37:10+00:00","dateModified":"2023-01-30T16:00:41+00:00","breadcrumb":{"@id":"https:\/\/www.chocolate7.com\/shop\/tavoletta\/fondente-inclusioni-ripieno-aromatizzato\/standout-repubblica-dominicana-con-germogli-di-abete-rosso\/#breadcrumb"},"inLanguage":"en-US","potentialAction":[{"@type":"ReadAction","target":["https:\/\/www.chocolate7.com\/shop\/tavoletta\/fondente-inclusioni-ripieno-aromatizzato\/standout-repubblica-dominicana-con-germogli-di-abete-rosso\/"]}]},{"@type":"ImageObject","inLanguage":"en-US","@id":"https:\/\/www.chocolate7.com\/shop\/tavoletta\/fondente-inclusioni-ripieno-aromatizzato\/standout-repubblica-dominicana-con-germogli-di-abete-rosso\/#primaryimage","url":"https:\/\/www.chocolate7.com\/wp-content\/uploads\/2023\/01\/IMG_20230130_163432_118-e1675094028709.jpg","contentUrl":"https:\/\/www.chocolate7.com\/wp-content\/uploads\/2023\/01\/IMG_20230130_163432_118-e1675094028709.jpg","width":600,"height":600},{"@type":"BreadcrumbList","@id":"https:\/\/www.chocolate7.com\/shop\/tavoletta\/fondente-inclusioni-ripieno-aromatizzato\/standout-repubblica-dominicana-con-germogli-di-abete-rosso\/#breadcrumb","itemListElement":[{"@type":"ListItem","position":1,"name":"Home","item":"https:\/\/www.chocolate7.com\/en\/"},{"@type":"ListItem","position":2,"name":"Shop","item":"https:\/\/www.chocolate7.com\/en\/store\/"},{"@type":"ListItem","position":3,"name":"Standout Dominican Republic Nordic nature spruce shoots"}]},{"@type":"WebSite","@id":"https:\/\/www.chocolate7.com\/#website","url":"https:\/\/www.chocolate7.com\/","name":"Chocolate7","description":"The fine &amp; luxury chocolate selection","publisher":{"@id":"https:\/\/www.chocolate7.com\/#organization"},"potentialAction":[{"@type":"SearchAction","target":{"@type":"EntryPoint","urlTemplate":"https:\/\/www.chocolate7.com\/?s={search_term_string}"},"query-input":"required name=search_term_string"}],"inLanguage":"en-US"},{"@type":"Organization","@id":"https:\/\/www.chocolate7.com\/#organization","name":"Choc7 di Benedetto Giovanni","url":"https:\/\/www.chocolate7.com\/","logo":{"@type":"ImageObject","inLanguage":"en-US","@id":"https:\/\/www.chocolate7.com\/#\/schema\/logo\/image\/","url":"https:\/\/www.chocolate7.com\/wp-content\/uploads\/2018\/10\/logo_chocolate.png","contentUrl":"https:\/\/www.chocolate7.com\/wp-content\/uploads\/2018\/10\/logo_chocolate.png","width":200,"height":41,"caption":"Choc7 di Benedetto Giovanni"},"image":{"@id":"https:\/\/www.chocolate7.com\/#\/schema\/logo\/image\/"},"sameAs":["https:\/\/www.facebook.com\/cremino.gianduia.1","https:\/\/x.com\/GianduiaCremino","https:\/\/www.instagram.com\/creminogianduia\/","https:\/\/www.pinterest.com.au\/creminogianduia\/","https:\/\/www.youtube.com\/channel\/UCWFQlcc9EQnAsLkD8rBsgig"]}]}},"brands":[{"id":7775,"name":"Standout","slug":"standout-en-2"}],"_links":{"self":[{"href":"https:\/\/www.chocolate7.com\/en\/wp-json\/wp\/v2\/product\/31989","targetHints":{"allow":["GET"]}}],"collection":[{"href":"https:\/\/www.chocolate7.com\/en\/wp-json\/wp\/v2\/product"}],"about":[{"href":"https:\/\/www.chocolate7.com\/en\/wp-json\/wp\/v2\/types\/product"}],"wp:featuredmedia":[{"embeddable":true,"href":"https:\/\/www.chocolate7.com\/en\/wp-json\/wp\/v2\/media\/31991"}],"wp:attachment":[{"href":"https:\/\/www.chocolate7.com\/en\/wp-json\/wp\/v2\/media?parent=31989"}],"wp:term":[{"taxonomy":"pwb-brand","embeddable":true,"href":"https:\/\/www.chocolate7.com\/en\/wp-json\/wp\/v2\/pwb-brand?post=31989"},{"taxonomy":"product_brand","embeddable":true,"href":"https:\/\/www.chocolate7.com\/en\/wp-json\/wp\/v2\/product_brand?post=31989"},{"taxonomy":"product_cat","embeddable":true,"href":"https:\/\/www.chocolate7.com\/en\/wp-json\/wp\/v2\/product_cat?post=31989"},{"taxonomy":"product_tag","embeddable":true,"href":"https:\/\/www.chocolate7.com\/en\/wp-json\/wp\/v2\/product_tag?post=31989"},{"taxonomy":"giftcard-category","embeddable":true,"href":"https:\/\/www.chocolate7.com\/en\/wp-json\/wp\/v2\/giftcard-category?post=31989"}],"curies":[{"name":"wp","href":"https:\/\/api.w.org\/{rel}","templated":true}]}}