{"id":32009,"date":"2023-01-31T12:38:24","date_gmt":"2023-01-31T11:38:24","guid":{"rendered":"https:\/\/www.chocolate7.com\/?post_type=product&#038;p=32009"},"modified":"2023-01-31T13:00:41","modified_gmt":"2023-01-31T12:00:41","slug":"feitoria-do-cacao-india-with-mandarin-and-cayenne-pepper","status":"publish","type":"product","link":"https:\/\/www.chocolate7.com\/en\/shop\/bar\/dark-chocolate-milk-chocolate-en\/feitoria-do-cacao-india-with-mandarin-and-cayenne-pepper\/","title":{"rendered":"Feitoria do cacao India with mandarin and Cayenne pepper"},"content":{"rendered":"<p style=\"text-align: left\">Dark chocolate bar with inclusions \/ filled \/ flavored &#8211; Made by Feitoria do cacao<\/p>\n<p>Um dos papeis mais importantes dos navegadores portugueses na \u00e9poca dos descobrimentos era, sem d\u00favida, a globaliza\u00e7\u00e3o sensacional da cultura gastron\u00f3mica.<\/p>\n<p>No s\u00e9culo XV, a pimenta malagueta que Crist\u00f3v\u00e3o Colombo trouxe da Am\u00e9rica Latina, foi divulgada pelos portugueses na Europa, e n\u00e3o s\u00f3. Segundo uma das teorias hist\u00f3ricas, os portugueses disseminaram esta especiaria na \u00cdndia, e atravessando Macau, tamb\u00e9m para a China e at\u00e9 no Jap\u00e3o.<\/p>\n<p>Os portugueses introduziram a laranja doce da China na Europa no s\u00e9culo XVI. A tangerina foi mais tarde, no S\u00e9culo XIX, importada pelos ingleses para a Europa, e depois portugueses distribu\u00edram esta fruta para o Brasil.<\/p>\n<p>Tangerina e Pimenta Cayenne. Para incorporar estes ingredientes ex\u00f3ticos, escolhemos o Chocolate Negro \u00cdndia 72%, cuja nota \u00e9 de citrino maduro com corpo estruturado. Al\u00e9m de trazer o perfil perfeito para a receita, a origem deste cacau \u00e9 a regi\u00e3o Kerala, que antigamente fazia parte do estado portugu\u00eas da \u00cdndia.<\/p>\n<p>\u00c9 um chocolate para homenagear a hist\u00f3ria portuguesa, e os pa\u00edses e as regi\u00f5es, que generosamente intercambiaram as suas rel\u00edquias, os quais ainda hoje, continuam a enriquecer a nossa mesa.<\/p>\n","protected":false},"excerpt":{"rendered":"<p>Feitoria do cacao is a bean to bar chocolate maker from Portugal. This fine chocolate bar is made with cocoa from India (Kerala). Feitoria do cacao India with mandarin and Cayenne pepper 72% is a balanced dark chocolate, with aromatic notes of mandarin and Cayenne pepper<\/p>\n","protected":false},"featured_media":32011,"template":"","meta":[],"pwb-brand":[4837],"product_brand":[],"product_cat":[3251,3256],"product_tag":[],"giftcard-category":[],"class_list":{"0":"post-32009","1":"product","2":"type-product","3":"status-publish","4":"has-post-thumbnail","6":"pwb-brand-feitoria-do-cacao-en","7":"product_cat-bar","8":"product_cat-dark-chocolate-milk-chocolate-en","9":"pa_acidita-2-en","10":"pa_amarezza-1-en","11":"pa_astringenza-0-en","12":"pa_cacao-70-79-en","13":"pa_carboidrati-392-g-en","14":"pa_carboidrati-zuccheri-262-g-en","15":"pa_codice-a-barre-5600266139176-en","16":"pa_conservazione-store-in-a-dry-cool-and-odorless-place","17":"pa_dolcezza-2-en","18":"pa_fibre-39-g-en","19":"pa_grassi-455-g-en","20":"pa_grassi-saturi-28-g-en","21":"pa_ingredienti-cocoa-beans-from-india-cane-sugar-cocoa-butter-cayenne-pepper-and-mandarin-essential-oil","22":"pa_note-di-degustazione-mandarin-cayenne-pepper","23":"pa_paese-delle-fave-di-cacao-india-en","24":"pa_paese-produttore-portugal","25":"pa_percentuale-di-cacao-72-en","26":"pa_proteine-79-g-en","27":"pa_regione-kerala-en","28":"pa_sale-0-01-g-en","29":"pa_tipo-di-cioccolato-flavoured-filled-inclusions-dark-chocolate-bar","30":"pa_valore-energetico-2515-kj-606-kcal-en","32":"first","33":"instock","34":"taxable","35":"shipping-taxable","36":"purchasable","37":"product-type-simple"},"yoast_head":"<!-- This site is optimized with the Yoast SEO plugin v23.3 - https:\/\/yoast.com\/wordpress\/plugins\/seo\/ -->\n<title>Feitoria do cacao India with mandarin and Cayenne pepper - Chocolate7<\/title>\n<meta name=\"robots\" content=\"index, follow, max-snippet:-1, max-image-preview:large, max-video-preview:-1\" \/>\n<link rel=\"canonical\" href=\"https:\/\/www.chocolate7.com\/shop\/tavoletta\/fondente-inclusioni-ripieno-aromatizzato\/feitoria-do-cacao-india-con-mandarino-e-pepe-di-caienna\/\" \/>\n<meta property=\"og:locale\" content=\"en_US\" \/>\n<meta property=\"og:type\" content=\"article\" \/>\n<meta property=\"og:title\" content=\"Feitoria do cacao India with mandarin and Cayenne pepper - Chocolate7\" \/>\n<meta property=\"og:description\" content=\"Feitoria do cacao is a bean to bar chocolate maker from Portugal. This fine chocolate bar is made with cocoa from India (Kerala). Feitoria do cacao India with mandarin and Cayenne pepper 72% is a balanced dark chocolate, with aromatic notes of mandarin and Cayenne pepper\" \/>\n<meta property=\"og:url\" content=\"https:\/\/www.chocolate7.com\/shop\/tavoletta\/fondente-inclusioni-ripieno-aromatizzato\/feitoria-do-cacao-india-con-mandarino-e-pepe-di-caienna\/\" \/>\n<meta property=\"og:site_name\" content=\"Chocolate7\" \/>\n<meta property=\"article:publisher\" content=\"https:\/\/www.facebook.com\/cremino.gianduia.1\" \/>\n<meta property=\"article:modified_time\" content=\"2023-01-31T12:00:41+00:00\" \/>\n<meta property=\"og:image\" content=\"https:\/\/www.chocolate7.com\/wp-content\/uploads\/2023\/01\/IMG_20230131_122907_144-e1675165817333.jpg\" \/>\n\t<meta property=\"og:image:width\" content=\"600\" \/>\n\t<meta property=\"og:image:height\" content=\"600\" \/>\n\t<meta property=\"og:image:type\" content=\"image\/jpeg\" \/>\n<meta name=\"twitter:card\" content=\"summary_large_image\" \/>\n<meta name=\"twitter:site\" content=\"@GianduiaCremino\" \/>\n<meta name=\"twitter:label1\" content=\"Est. reading time\" \/>\n\t<meta name=\"twitter:data1\" content=\"1 minute\" \/>\n<script type=\"application\/ld+json\" class=\"yoast-schema-graph\">{\"@context\":\"https:\/\/schema.org\",\"@graph\":[{\"@type\":\"WebPage\",\"@id\":\"https:\/\/www.chocolate7.com\/shop\/tavoletta\/fondente-inclusioni-ripieno-aromatizzato\/feitoria-do-cacao-india-con-mandarino-e-pepe-di-caienna\/\",\"url\":\"https:\/\/www.chocolate7.com\/shop\/tavoletta\/fondente-inclusioni-ripieno-aromatizzato\/feitoria-do-cacao-india-con-mandarino-e-pepe-di-caienna\/\",\"name\":\"Feitoria do cacao India with mandarin and Cayenne pepper - Chocolate7\",\"isPartOf\":{\"@id\":\"https:\/\/www.chocolate7.com\/#website\"},\"primaryImageOfPage\":{\"@id\":\"https:\/\/www.chocolate7.com\/shop\/tavoletta\/fondente-inclusioni-ripieno-aromatizzato\/feitoria-do-cacao-india-con-mandarino-e-pepe-di-caienna\/#primaryimage\"},\"image\":{\"@id\":\"https:\/\/www.chocolate7.com\/shop\/tavoletta\/fondente-inclusioni-ripieno-aromatizzato\/feitoria-do-cacao-india-con-mandarino-e-pepe-di-caienna\/#primaryimage\"},\"thumbnailUrl\":\"https:\/\/www.chocolate7.com\/wp-content\/uploads\/2023\/01\/IMG_20230131_122907_144-e1675165817333.jpg\",\"datePublished\":\"2023-01-31T11:38:24+00:00\",\"dateModified\":\"2023-01-31T12:00:41+00:00\",\"breadcrumb\":{\"@id\":\"https:\/\/www.chocolate7.com\/shop\/tavoletta\/fondente-inclusioni-ripieno-aromatizzato\/feitoria-do-cacao-india-con-mandarino-e-pepe-di-caienna\/#breadcrumb\"},\"inLanguage\":\"en-US\",\"potentialAction\":[{\"@type\":\"ReadAction\",\"target\":[\"https:\/\/www.chocolate7.com\/shop\/tavoletta\/fondente-inclusioni-ripieno-aromatizzato\/feitoria-do-cacao-india-con-mandarino-e-pepe-di-caienna\/\"]}]},{\"@type\":\"ImageObject\",\"inLanguage\":\"en-US\",\"@id\":\"https:\/\/www.chocolate7.com\/shop\/tavoletta\/fondente-inclusioni-ripieno-aromatizzato\/feitoria-do-cacao-india-con-mandarino-e-pepe-di-caienna\/#primaryimage\",\"url\":\"https:\/\/www.chocolate7.com\/wp-content\/uploads\/2023\/01\/IMG_20230131_122907_144-e1675165817333.jpg\",\"contentUrl\":\"https:\/\/www.chocolate7.com\/wp-content\/uploads\/2023\/01\/IMG_20230131_122907_144-e1675165817333.jpg\",\"width\":600,\"height\":600},{\"@type\":\"BreadcrumbList\",\"@id\":\"https:\/\/www.chocolate7.com\/shop\/tavoletta\/fondente-inclusioni-ripieno-aromatizzato\/feitoria-do-cacao-india-con-mandarino-e-pepe-di-caienna\/#breadcrumb\",\"itemListElement\":[{\"@type\":\"ListItem\",\"position\":1,\"name\":\"Home\",\"item\":\"https:\/\/www.chocolate7.com\/en\/\"},{\"@type\":\"ListItem\",\"position\":2,\"name\":\"Shop\",\"item\":\"https:\/\/www.chocolate7.com\/en\/store\/\"},{\"@type\":\"ListItem\",\"position\":3,\"name\":\"Feitoria do cacao India with mandarin and Cayenne pepper\"}]},{\"@type\":\"WebSite\",\"@id\":\"https:\/\/www.chocolate7.com\/#website\",\"url\":\"https:\/\/www.chocolate7.com\/\",\"name\":\"Chocolate7\",\"description\":\"The fine &amp; luxury chocolate selection\",\"publisher\":{\"@id\":\"https:\/\/www.chocolate7.com\/#organization\"},\"potentialAction\":[{\"@type\":\"SearchAction\",\"target\":{\"@type\":\"EntryPoint\",\"urlTemplate\":\"https:\/\/www.chocolate7.com\/?s={search_term_string}\"},\"query-input\":\"required name=search_term_string\"}],\"inLanguage\":\"en-US\"},{\"@type\":\"Organization\",\"@id\":\"https:\/\/www.chocolate7.com\/#organization\",\"name\":\"Choc7 di Benedetto Giovanni\",\"url\":\"https:\/\/www.chocolate7.com\/\",\"logo\":{\"@type\":\"ImageObject\",\"inLanguage\":\"en-US\",\"@id\":\"https:\/\/www.chocolate7.com\/#\/schema\/logo\/image\/\",\"url\":\"https:\/\/www.chocolate7.com\/wp-content\/uploads\/2018\/10\/logo_chocolate.png\",\"contentUrl\":\"https:\/\/www.chocolate7.com\/wp-content\/uploads\/2018\/10\/logo_chocolate.png\",\"width\":200,\"height\":41,\"caption\":\"Choc7 di Benedetto Giovanni\"},\"image\":{\"@id\":\"https:\/\/www.chocolate7.com\/#\/schema\/logo\/image\/\"},\"sameAs\":[\"https:\/\/www.facebook.com\/cremino.gianduia.1\",\"https:\/\/x.com\/GianduiaCremino\",\"https:\/\/www.instagram.com\/creminogianduia\/\",\"https:\/\/www.pinterest.com.au\/creminogianduia\/\",\"https:\/\/www.youtube.com\/channel\/UCWFQlcc9EQnAsLkD8rBsgig\"]}]}<\/script>\n<!-- \/ Yoast SEO plugin. -->","yoast_head_json":{"title":"Feitoria do cacao India with mandarin and Cayenne pepper - Chocolate7","robots":{"index":"index","follow":"follow","max-snippet":"max-snippet:-1","max-image-preview":"max-image-preview:large","max-video-preview":"max-video-preview:-1"},"canonical":"https:\/\/www.chocolate7.com\/shop\/tavoletta\/fondente-inclusioni-ripieno-aromatizzato\/feitoria-do-cacao-india-con-mandarino-e-pepe-di-caienna\/","og_locale":"en_US","og_type":"article","og_title":"Feitoria do cacao India with mandarin and Cayenne pepper - Chocolate7","og_description":"Feitoria do cacao is a bean to bar chocolate maker from Portugal. This fine chocolate bar is made with cocoa from India (Kerala). Feitoria do cacao India with mandarin and Cayenne pepper 72% is a balanced dark chocolate, with aromatic notes of mandarin and Cayenne pepper","og_url":"https:\/\/www.chocolate7.com\/shop\/tavoletta\/fondente-inclusioni-ripieno-aromatizzato\/feitoria-do-cacao-india-con-mandarino-e-pepe-di-caienna\/","og_site_name":"Chocolate7","article_publisher":"https:\/\/www.facebook.com\/cremino.gianduia.1","article_modified_time":"2023-01-31T12:00:41+00:00","og_image":[{"width":600,"height":600,"url":"https:\/\/www.chocolate7.com\/wp-content\/uploads\/2023\/01\/IMG_20230131_122907_144-e1675165817333.jpg","type":"image\/jpeg"}],"twitter_card":"summary_large_image","twitter_site":"@GianduiaCremino","twitter_misc":{"Est. reading time":"1 minute"},"schema":{"@context":"https:\/\/schema.org","@graph":[{"@type":"WebPage","@id":"https:\/\/www.chocolate7.com\/shop\/tavoletta\/fondente-inclusioni-ripieno-aromatizzato\/feitoria-do-cacao-india-con-mandarino-e-pepe-di-caienna\/","url":"https:\/\/www.chocolate7.com\/shop\/tavoletta\/fondente-inclusioni-ripieno-aromatizzato\/feitoria-do-cacao-india-con-mandarino-e-pepe-di-caienna\/","name":"Feitoria do cacao India with mandarin and Cayenne pepper - Chocolate7","isPartOf":{"@id":"https:\/\/www.chocolate7.com\/#website"},"primaryImageOfPage":{"@id":"https:\/\/www.chocolate7.com\/shop\/tavoletta\/fondente-inclusioni-ripieno-aromatizzato\/feitoria-do-cacao-india-con-mandarino-e-pepe-di-caienna\/#primaryimage"},"image":{"@id":"https:\/\/www.chocolate7.com\/shop\/tavoletta\/fondente-inclusioni-ripieno-aromatizzato\/feitoria-do-cacao-india-con-mandarino-e-pepe-di-caienna\/#primaryimage"},"thumbnailUrl":"https:\/\/www.chocolate7.com\/wp-content\/uploads\/2023\/01\/IMG_20230131_122907_144-e1675165817333.jpg","datePublished":"2023-01-31T11:38:24+00:00","dateModified":"2023-01-31T12:00:41+00:00","breadcrumb":{"@id":"https:\/\/www.chocolate7.com\/shop\/tavoletta\/fondente-inclusioni-ripieno-aromatizzato\/feitoria-do-cacao-india-con-mandarino-e-pepe-di-caienna\/#breadcrumb"},"inLanguage":"en-US","potentialAction":[{"@type":"ReadAction","target":["https:\/\/www.chocolate7.com\/shop\/tavoletta\/fondente-inclusioni-ripieno-aromatizzato\/feitoria-do-cacao-india-con-mandarino-e-pepe-di-caienna\/"]}]},{"@type":"ImageObject","inLanguage":"en-US","@id":"https:\/\/www.chocolate7.com\/shop\/tavoletta\/fondente-inclusioni-ripieno-aromatizzato\/feitoria-do-cacao-india-con-mandarino-e-pepe-di-caienna\/#primaryimage","url":"https:\/\/www.chocolate7.com\/wp-content\/uploads\/2023\/01\/IMG_20230131_122907_144-e1675165817333.jpg","contentUrl":"https:\/\/www.chocolate7.com\/wp-content\/uploads\/2023\/01\/IMG_20230131_122907_144-e1675165817333.jpg","width":600,"height":600},{"@type":"BreadcrumbList","@id":"https:\/\/www.chocolate7.com\/shop\/tavoletta\/fondente-inclusioni-ripieno-aromatizzato\/feitoria-do-cacao-india-con-mandarino-e-pepe-di-caienna\/#breadcrumb","itemListElement":[{"@type":"ListItem","position":1,"name":"Home","item":"https:\/\/www.chocolate7.com\/en\/"},{"@type":"ListItem","position":2,"name":"Shop","item":"https:\/\/www.chocolate7.com\/en\/store\/"},{"@type":"ListItem","position":3,"name":"Feitoria do cacao India with mandarin and Cayenne pepper"}]},{"@type":"WebSite","@id":"https:\/\/www.chocolate7.com\/#website","url":"https:\/\/www.chocolate7.com\/","name":"Chocolate7","description":"The fine &amp; luxury chocolate selection","publisher":{"@id":"https:\/\/www.chocolate7.com\/#organization"},"potentialAction":[{"@type":"SearchAction","target":{"@type":"EntryPoint","urlTemplate":"https:\/\/www.chocolate7.com\/?s={search_term_string}"},"query-input":"required name=search_term_string"}],"inLanguage":"en-US"},{"@type":"Organization","@id":"https:\/\/www.chocolate7.com\/#organization","name":"Choc7 di Benedetto Giovanni","url":"https:\/\/www.chocolate7.com\/","logo":{"@type":"ImageObject","inLanguage":"en-US","@id":"https:\/\/www.chocolate7.com\/#\/schema\/logo\/image\/","url":"https:\/\/www.chocolate7.com\/wp-content\/uploads\/2018\/10\/logo_chocolate.png","contentUrl":"https:\/\/www.chocolate7.com\/wp-content\/uploads\/2018\/10\/logo_chocolate.png","width":200,"height":41,"caption":"Choc7 di Benedetto Giovanni"},"image":{"@id":"https:\/\/www.chocolate7.com\/#\/schema\/logo\/image\/"},"sameAs":["https:\/\/www.facebook.com\/cremino.gianduia.1","https:\/\/x.com\/GianduiaCremino","https:\/\/www.instagram.com\/creminogianduia\/","https:\/\/www.pinterest.com.au\/creminogianduia\/","https:\/\/www.youtube.com\/channel\/UCWFQlcc9EQnAsLkD8rBsgig"]}]}},"brands":[{"id":4837,"name":"Feitoria do cacao","slug":"feitoria-do-cacao-en"}],"_links":{"self":[{"href":"https:\/\/www.chocolate7.com\/en\/wp-json\/wp\/v2\/product\/32009","targetHints":{"allow":["GET"]}}],"collection":[{"href":"https:\/\/www.chocolate7.com\/en\/wp-json\/wp\/v2\/product"}],"about":[{"href":"https:\/\/www.chocolate7.com\/en\/wp-json\/wp\/v2\/types\/product"}],"wp:featuredmedia":[{"embeddable":true,"href":"https:\/\/www.chocolate7.com\/en\/wp-json\/wp\/v2\/media\/32011"}],"wp:attachment":[{"href":"https:\/\/www.chocolate7.com\/en\/wp-json\/wp\/v2\/media?parent=32009"}],"wp:term":[{"taxonomy":"pwb-brand","embeddable":true,"href":"https:\/\/www.chocolate7.com\/en\/wp-json\/wp\/v2\/pwb-brand?post=32009"},{"taxonomy":"product_brand","embeddable":true,"href":"https:\/\/www.chocolate7.com\/en\/wp-json\/wp\/v2\/product_brand?post=32009"},{"taxonomy":"product_cat","embeddable":true,"href":"https:\/\/www.chocolate7.com\/en\/wp-json\/wp\/v2\/product_cat?post=32009"},{"taxonomy":"product_tag","embeddable":true,"href":"https:\/\/www.chocolate7.com\/en\/wp-json\/wp\/v2\/product_tag?post=32009"},{"taxonomy":"giftcard-category","embeddable":true,"href":"https:\/\/www.chocolate7.com\/en\/wp-json\/wp\/v2\/giftcard-category?post=32009"}],"curies":[{"name":"wp","href":"https:\/\/api.w.org\/{rel}","templated":true}]}}