{"id":32241,"date":"2023-03-16T13:43:53","date_gmt":"2023-03-16T12:43:54","guid":{"rendered":"https:\/\/www.chocolate7.com\/?post_type=product&#038;p=32241"},"modified":"2023-03-16T16:07:31","modified_gmt":"2023-03-16T15:07:31","slug":"encuentro-dominican-republic-9-crispy-chicks","status":"publish","type":"product","link":"https:\/\/www.chocolate7.com\/en\/shop\/bar\/dark-chocolate-milk-chocolate-en\/encuentro-dominican-republic-9-crispy-chicks\/","title":{"rendered":"Encuentro Dominican Republic 9 crispy chicks"},"content":{"rendered":"<p style=\"text-align: left\">Crispy dark chocolate chicks &#8211; Made by Encuentro<\/p>\n<p>Voici nos d\u00e9licieux Poussinos\u00a9 de P\u00e2ques \u00e0 croquer !<\/p>\n<p>Chaque \u00e9crin contient\u00a0<span style=\"text-decoration: underline\">9 Poussinos<\/span>\u00a0fourr\u00e9s Noisette &amp; Cacao (recette de nos rochers) + une noisette enti\u00e8re croquante dedans \ud83d\ude09<\/p>\n<p>La coque du Poussinos est r\u00e9alis\u00e9e avec notre chocolat 70% R\u00e9publique Dominicaine.<\/p>\n<p>Ils raviront les enfants comme les adultes !<\/p>\n<p><strong>Informations produit :<\/strong><\/p>\n<p><em>Poids d&#8217;un Poussinos\u00a0:\u00a0<\/em>environ 10g<\/p>\n<p><em>Dimensions de la boite :<\/em>\u00a09cm x 9cm x 3cm<\/p>\n<p><em>Poids net :\u00a0<\/em>95g (soit 130\u20ac\/kg)<\/p>\n<p>&nbsp;<\/p>\n","protected":false},"excerpt":{"rendered":"<p>Encuentro is a bean to bar chocolate maker from France. These fine chocolate chicks are made with cocoa from Dominican Republic (\u00d6ko Caribe), with a pleasantly sweet taste with aromatic notes of honey, red fruits, plums, hazelnuts and biscuits. This box contains 9 chicks covered in dark chocolate and filled, 6 chicks with hazelnut and cocoa cream + a whole crunchy hazelnut and 3 chicks with marshmallow and caramel<\/p>\n<p>&nbsp;<\/p>\n","protected":false},"featured_media":32232,"template":"","meta":[],"pwb-brand":[5613],"product_brand":[],"product_cat":[3256,4521,3215,3240],"product_tag":[],"giftcard-category":[],"class_list":{"0":"post-32241","1":"product","2":"type-product","3":"status-publish","4":"has-post-thumbnail","6":"pwb-brand-encuentro-en-2","7":"product_cat-dark-chocolate-milk-chocolate-en","8":"product_cat-easter","9":"product_cat-gift-box","10":"product_cat-pralines-chocolates-bonbons-cremini-truffles","11":"pa_acidita-2-en","12":"pa_allergeni-contains-hazelnuts-cream-butter-may-contain-traces-of-nuts-and-sesame","13":"pa_amarezza-1-en","14":"pa_astringenza-1-en","15":"pa_cacao-70-79-en","16":"pa_certificazioni-organic","17":"pa_conservazione-store-in-a-cool-and-dry-place-between-16-c-and-18-c","18":"pa_dolcezza-3-en","19":"pa_ingredienti-dark-chocolate-organic-cocoa-beans-and-organic-cane-sugar","20":"pa_ingredienti-filling-organic-piedmont-hazelnuts-organic-cocoa-organic-cane-sugar-salt","21":"pa_ingredienti-filling-organic-cane-sugar-organic-cocoa-beans-fish-gelatine-organic-lemon-juice-organic-whole-cream-organic-butter-salt","22":"pa_ingredienti-organic-sugar-heavy-cream-glucose-syrup-butter-bourbon-vanilla-bean-salt","23":"pa_note-di-degustazione-honey-red-fruits-plum-hazelnut-biscuits","24":"pa_paese-delle-fave-di-cacao-dominican-republic","25":"pa_paese-produttore-france","26":"pa_percentuale-di-cacao-70-en","27":"pa_regione-oko-caribe-en-2","28":"pa_tipo-di-cioccolato-pralines-chocolates-bonbons-cremini-truffles","30":"first","31":"outofstock","32":"taxable","33":"shipping-taxable","34":"purchasable","35":"product-type-simple"},"yoast_head":"<!-- This site is optimized with the Yoast SEO plugin v23.3 - https:\/\/yoast.com\/wordpress\/plugins\/seo\/ -->\n<title>Encuentro Dominican Republic 9 crispy chicks - Chocolate7<\/title>\n<meta name=\"robots\" content=\"index, follow, max-snippet:-1, max-image-preview:large, max-video-preview:-1\" \/>\n<link rel=\"canonical\" href=\"https:\/\/www.chocolate7.com\/shop\/tavoletta\/fondente-inclusioni-ripieno-aromatizzato\/encuentro-repubblica-dominicana-9-pulcini-croccanti\/\" \/>\n<meta property=\"og:locale\" content=\"en_US\" \/>\n<meta property=\"og:type\" content=\"article\" \/>\n<meta property=\"og:title\" content=\"Encuentro Dominican Republic 9 crispy chicks - Chocolate7\" \/>\n<meta property=\"og:description\" content=\"Encuentro is a bean to bar chocolate maker from France. These fine chocolate chicks are made with cocoa from Dominican Republic (\u00d6ko Caribe), with a pleasantly sweet taste with aromatic notes of honey, red fruits, plums, hazelnuts and biscuits. This box contains 9 chicks covered in dark chocolate and filled, 6 chicks with hazelnut and cocoa cream + a whole crunchy hazelnut and 3 chicks with marshmallow and caramel  &nbsp;\" \/>\n<meta property=\"og:url\" content=\"https:\/\/www.chocolate7.com\/shop\/tavoletta\/fondente-inclusioni-ripieno-aromatizzato\/encuentro-repubblica-dominicana-9-pulcini-croccanti\/\" \/>\n<meta property=\"og:site_name\" content=\"Chocolate7\" \/>\n<meta property=\"article:publisher\" content=\"https:\/\/www.facebook.com\/cremino.gianduia.1\" \/>\n<meta property=\"article:modified_time\" content=\"2023-03-16T15:07:31+00:00\" \/>\n<meta property=\"og:image\" content=\"https:\/\/www.chocolate7.com\/wp-content\/uploads\/2023\/03\/Screenshot_20230314_184610_Instagram-e1678819873917.jpg\" \/>\n\t<meta property=\"og:image:width\" content=\"928\" \/>\n\t<meta property=\"og:image:height\" content=\"928\" \/>\n\t<meta property=\"og:image:type\" content=\"image\/jpeg\" \/>\n<meta name=\"twitter:card\" content=\"summary_large_image\" \/>\n<meta name=\"twitter:site\" content=\"@GianduiaCremino\" \/>\n<script type=\"application\/ld+json\" class=\"yoast-schema-graph\">{\"@context\":\"https:\/\/schema.org\",\"@graph\":[{\"@type\":\"WebPage\",\"@id\":\"https:\/\/www.chocolate7.com\/shop\/tavoletta\/fondente-inclusioni-ripieno-aromatizzato\/encuentro-repubblica-dominicana-9-pulcini-croccanti\/\",\"url\":\"https:\/\/www.chocolate7.com\/shop\/tavoletta\/fondente-inclusioni-ripieno-aromatizzato\/encuentro-repubblica-dominicana-9-pulcini-croccanti\/\",\"name\":\"Encuentro Dominican Republic 9 crispy chicks - Chocolate7\",\"isPartOf\":{\"@id\":\"https:\/\/www.chocolate7.com\/#website\"},\"primaryImageOfPage\":{\"@id\":\"https:\/\/www.chocolate7.com\/shop\/tavoletta\/fondente-inclusioni-ripieno-aromatizzato\/encuentro-repubblica-dominicana-9-pulcini-croccanti\/#primaryimage\"},\"image\":{\"@id\":\"https:\/\/www.chocolate7.com\/shop\/tavoletta\/fondente-inclusioni-ripieno-aromatizzato\/encuentro-repubblica-dominicana-9-pulcini-croccanti\/#primaryimage\"},\"thumbnailUrl\":\"https:\/\/www.chocolate7.com\/wp-content\/uploads\/2023\/03\/Screenshot_20230314_184610_Instagram-e1678819873917.jpg\",\"datePublished\":\"2023-03-16T12:43:54+00:00\",\"dateModified\":\"2023-03-16T15:07:31+00:00\",\"breadcrumb\":{\"@id\":\"https:\/\/www.chocolate7.com\/shop\/tavoletta\/fondente-inclusioni-ripieno-aromatizzato\/encuentro-repubblica-dominicana-9-pulcini-croccanti\/#breadcrumb\"},\"inLanguage\":\"en-US\",\"potentialAction\":[{\"@type\":\"ReadAction\",\"target\":[\"https:\/\/www.chocolate7.com\/shop\/tavoletta\/fondente-inclusioni-ripieno-aromatizzato\/encuentro-repubblica-dominicana-9-pulcini-croccanti\/\"]}]},{\"@type\":\"ImageObject\",\"inLanguage\":\"en-US\",\"@id\":\"https:\/\/www.chocolate7.com\/shop\/tavoletta\/fondente-inclusioni-ripieno-aromatizzato\/encuentro-repubblica-dominicana-9-pulcini-croccanti\/#primaryimage\",\"url\":\"https:\/\/www.chocolate7.com\/wp-content\/uploads\/2023\/03\/Screenshot_20230314_184610_Instagram-e1678819873917.jpg\",\"contentUrl\":\"https:\/\/www.chocolate7.com\/wp-content\/uploads\/2023\/03\/Screenshot_20230314_184610_Instagram-e1678819873917.jpg\",\"width\":600,\"height\":600},{\"@type\":\"BreadcrumbList\",\"@id\":\"https:\/\/www.chocolate7.com\/shop\/tavoletta\/fondente-inclusioni-ripieno-aromatizzato\/encuentro-repubblica-dominicana-9-pulcini-croccanti\/#breadcrumb\",\"itemListElement\":[{\"@type\":\"ListItem\",\"position\":1,\"name\":\"Home\",\"item\":\"https:\/\/www.chocolate7.com\/en\/\"},{\"@type\":\"ListItem\",\"position\":2,\"name\":\"Shop\",\"item\":\"https:\/\/www.chocolate7.com\/en\/store\/\"},{\"@type\":\"ListItem\",\"position\":3,\"name\":\"Encuentro Dominican Republic 9 crispy chicks\"}]},{\"@type\":\"WebSite\",\"@id\":\"https:\/\/www.chocolate7.com\/#website\",\"url\":\"https:\/\/www.chocolate7.com\/\",\"name\":\"Chocolate7\",\"description\":\"The fine &amp; luxury chocolate selection\",\"publisher\":{\"@id\":\"https:\/\/www.chocolate7.com\/#organization\"},\"potentialAction\":[{\"@type\":\"SearchAction\",\"target\":{\"@type\":\"EntryPoint\",\"urlTemplate\":\"https:\/\/www.chocolate7.com\/?s={search_term_string}\"},\"query-input\":\"required name=search_term_string\"}],\"inLanguage\":\"en-US\"},{\"@type\":\"Organization\",\"@id\":\"https:\/\/www.chocolate7.com\/#organization\",\"name\":\"Choc7 di Benedetto Giovanni\",\"url\":\"https:\/\/www.chocolate7.com\/\",\"logo\":{\"@type\":\"ImageObject\",\"inLanguage\":\"en-US\",\"@id\":\"https:\/\/www.chocolate7.com\/#\/schema\/logo\/image\/\",\"url\":\"https:\/\/www.chocolate7.com\/wp-content\/uploads\/2018\/10\/logo_chocolate.png\",\"contentUrl\":\"https:\/\/www.chocolate7.com\/wp-content\/uploads\/2018\/10\/logo_chocolate.png\",\"width\":200,\"height\":41,\"caption\":\"Choc7 di Benedetto Giovanni\"},\"image\":{\"@id\":\"https:\/\/www.chocolate7.com\/#\/schema\/logo\/image\/\"},\"sameAs\":[\"https:\/\/www.facebook.com\/cremino.gianduia.1\",\"https:\/\/x.com\/GianduiaCremino\",\"https:\/\/www.instagram.com\/creminogianduia\/\",\"https:\/\/www.pinterest.com.au\/creminogianduia\/\",\"https:\/\/www.youtube.com\/channel\/UCWFQlcc9EQnAsLkD8rBsgig\"]}]}<\/script>\n<!-- \/ Yoast SEO plugin. -->","yoast_head_json":{"title":"Encuentro Dominican Republic 9 crispy chicks - Chocolate7","robots":{"index":"index","follow":"follow","max-snippet":"max-snippet:-1","max-image-preview":"max-image-preview:large","max-video-preview":"max-video-preview:-1"},"canonical":"https:\/\/www.chocolate7.com\/shop\/tavoletta\/fondente-inclusioni-ripieno-aromatizzato\/encuentro-repubblica-dominicana-9-pulcini-croccanti\/","og_locale":"en_US","og_type":"article","og_title":"Encuentro Dominican Republic 9 crispy chicks - Chocolate7","og_description":"Encuentro is a bean to bar chocolate maker from France. These fine chocolate chicks are made with cocoa from Dominican Republic (\u00d6ko Caribe), with a pleasantly sweet taste with aromatic notes of honey, red fruits, plums, hazelnuts and biscuits. This box contains 9 chicks covered in dark chocolate and filled, 6 chicks with hazelnut and cocoa cream + a whole crunchy hazelnut and 3 chicks with marshmallow and caramel  &nbsp;","og_url":"https:\/\/www.chocolate7.com\/shop\/tavoletta\/fondente-inclusioni-ripieno-aromatizzato\/encuentro-repubblica-dominicana-9-pulcini-croccanti\/","og_site_name":"Chocolate7","article_publisher":"https:\/\/www.facebook.com\/cremino.gianduia.1","article_modified_time":"2023-03-16T15:07:31+00:00","og_image":[{"width":928,"height":928,"url":"https:\/\/www.chocolate7.com\/wp-content\/uploads\/2023\/03\/Screenshot_20230314_184610_Instagram-e1678819873917.jpg","type":"image\/jpeg"}],"twitter_card":"summary_large_image","twitter_site":"@GianduiaCremino","schema":{"@context":"https:\/\/schema.org","@graph":[{"@type":"WebPage","@id":"https:\/\/www.chocolate7.com\/shop\/tavoletta\/fondente-inclusioni-ripieno-aromatizzato\/encuentro-repubblica-dominicana-9-pulcini-croccanti\/","url":"https:\/\/www.chocolate7.com\/shop\/tavoletta\/fondente-inclusioni-ripieno-aromatizzato\/encuentro-repubblica-dominicana-9-pulcini-croccanti\/","name":"Encuentro Dominican Republic 9 crispy chicks - Chocolate7","isPartOf":{"@id":"https:\/\/www.chocolate7.com\/#website"},"primaryImageOfPage":{"@id":"https:\/\/www.chocolate7.com\/shop\/tavoletta\/fondente-inclusioni-ripieno-aromatizzato\/encuentro-repubblica-dominicana-9-pulcini-croccanti\/#primaryimage"},"image":{"@id":"https:\/\/www.chocolate7.com\/shop\/tavoletta\/fondente-inclusioni-ripieno-aromatizzato\/encuentro-repubblica-dominicana-9-pulcini-croccanti\/#primaryimage"},"thumbnailUrl":"https:\/\/www.chocolate7.com\/wp-content\/uploads\/2023\/03\/Screenshot_20230314_184610_Instagram-e1678819873917.jpg","datePublished":"2023-03-16T12:43:54+00:00","dateModified":"2023-03-16T15:07:31+00:00","breadcrumb":{"@id":"https:\/\/www.chocolate7.com\/shop\/tavoletta\/fondente-inclusioni-ripieno-aromatizzato\/encuentro-repubblica-dominicana-9-pulcini-croccanti\/#breadcrumb"},"inLanguage":"en-US","potentialAction":[{"@type":"ReadAction","target":["https:\/\/www.chocolate7.com\/shop\/tavoletta\/fondente-inclusioni-ripieno-aromatizzato\/encuentro-repubblica-dominicana-9-pulcini-croccanti\/"]}]},{"@type":"ImageObject","inLanguage":"en-US","@id":"https:\/\/www.chocolate7.com\/shop\/tavoletta\/fondente-inclusioni-ripieno-aromatizzato\/encuentro-repubblica-dominicana-9-pulcini-croccanti\/#primaryimage","url":"https:\/\/www.chocolate7.com\/wp-content\/uploads\/2023\/03\/Screenshot_20230314_184610_Instagram-e1678819873917.jpg","contentUrl":"https:\/\/www.chocolate7.com\/wp-content\/uploads\/2023\/03\/Screenshot_20230314_184610_Instagram-e1678819873917.jpg","width":600,"height":600},{"@type":"BreadcrumbList","@id":"https:\/\/www.chocolate7.com\/shop\/tavoletta\/fondente-inclusioni-ripieno-aromatizzato\/encuentro-repubblica-dominicana-9-pulcini-croccanti\/#breadcrumb","itemListElement":[{"@type":"ListItem","position":1,"name":"Home","item":"https:\/\/www.chocolate7.com\/en\/"},{"@type":"ListItem","position":2,"name":"Shop","item":"https:\/\/www.chocolate7.com\/en\/store\/"},{"@type":"ListItem","position":3,"name":"Encuentro Dominican Republic 9 crispy chicks"}]},{"@type":"WebSite","@id":"https:\/\/www.chocolate7.com\/#website","url":"https:\/\/www.chocolate7.com\/","name":"Chocolate7","description":"The fine &amp; luxury chocolate selection","publisher":{"@id":"https:\/\/www.chocolate7.com\/#organization"},"potentialAction":[{"@type":"SearchAction","target":{"@type":"EntryPoint","urlTemplate":"https:\/\/www.chocolate7.com\/?s={search_term_string}"},"query-input":"required name=search_term_string"}],"inLanguage":"en-US"},{"@type":"Organization","@id":"https:\/\/www.chocolate7.com\/#organization","name":"Choc7 di Benedetto Giovanni","url":"https:\/\/www.chocolate7.com\/","logo":{"@type":"ImageObject","inLanguage":"en-US","@id":"https:\/\/www.chocolate7.com\/#\/schema\/logo\/image\/","url":"https:\/\/www.chocolate7.com\/wp-content\/uploads\/2018\/10\/logo_chocolate.png","contentUrl":"https:\/\/www.chocolate7.com\/wp-content\/uploads\/2018\/10\/logo_chocolate.png","width":200,"height":41,"caption":"Choc7 di Benedetto Giovanni"},"image":{"@id":"https:\/\/www.chocolate7.com\/#\/schema\/logo\/image\/"},"sameAs":["https:\/\/www.facebook.com\/cremino.gianduia.1","https:\/\/x.com\/GianduiaCremino","https:\/\/www.instagram.com\/creminogianduia\/","https:\/\/www.pinterest.com.au\/creminogianduia\/","https:\/\/www.youtube.com\/channel\/UCWFQlcc9EQnAsLkD8rBsgig"]}]}},"brands":[{"id":5613,"name":"Encuentro","slug":"encuentro-en-2"}],"_links":{"self":[{"href":"https:\/\/www.chocolate7.com\/en\/wp-json\/wp\/v2\/product\/32241","targetHints":{"allow":["GET"]}}],"collection":[{"href":"https:\/\/www.chocolate7.com\/en\/wp-json\/wp\/v2\/product"}],"about":[{"href":"https:\/\/www.chocolate7.com\/en\/wp-json\/wp\/v2\/types\/product"}],"wp:featuredmedia":[{"embeddable":true,"href":"https:\/\/www.chocolate7.com\/en\/wp-json\/wp\/v2\/media\/32232"}],"wp:attachment":[{"href":"https:\/\/www.chocolate7.com\/en\/wp-json\/wp\/v2\/media?parent=32241"}],"wp:term":[{"taxonomy":"pwb-brand","embeddable":true,"href":"https:\/\/www.chocolate7.com\/en\/wp-json\/wp\/v2\/pwb-brand?post=32241"},{"taxonomy":"product_brand","embeddable":true,"href":"https:\/\/www.chocolate7.com\/en\/wp-json\/wp\/v2\/product_brand?post=32241"},{"taxonomy":"product_cat","embeddable":true,"href":"https:\/\/www.chocolate7.com\/en\/wp-json\/wp\/v2\/product_cat?post=32241"},{"taxonomy":"product_tag","embeddable":true,"href":"https:\/\/www.chocolate7.com\/en\/wp-json\/wp\/v2\/product_tag?post=32241"},{"taxonomy":"giftcard-category","embeddable":true,"href":"https:\/\/www.chocolate7.com\/en\/wp-json\/wp\/v2\/giftcard-category?post=32241"}],"curies":[{"name":"wp","href":"https:\/\/api.w.org\/{rel}","templated":true}]}}