{"id":32293,"date":"2023-03-30T15:30:34","date_gmt":"2023-03-30T13:30:35","guid":{"rendered":"https:\/\/www.chocolate7.com\/?post_type=product&#038;p=32293"},"modified":"2023-03-30T15:47:55","modified_gmt":"2023-03-30T13:47:55","slug":"oialla-bolivia-beniano-con-granella-di-cacao","status":"publish","type":"product","link":"https:\/\/www.chocolate7.com\/en\/shop\/bar\/dark-chocolate-milk-chocolate-en\/oialla-bolivia-beniano-con-granella-di-cacao\/","title":{"rendered":"Oialla Bolivia Beniano con granella di cacao"},"content":{"rendered":"<p style=\"text-align: left\">Dark chocolate filled \/ flavoured \/ inclusions &#8211; Made by Oialla<\/p>\n<p style=\"text-align: left\">Vores 70% Oialla med\u00a0Kakaonibs er en kompleks m\u00f8rk chokolade baseret p\u00e5 de vilde kakaob\u00f8nner fra Bolivias regnskov. Chokoladen er cremet og balanceret med noter af citrus og lime &#8211; hertil kakaonibs.<\/p>\n","protected":false},"excerpt":{"rendered":"<p>Oialla, is a bean to bar chocolate maker from Denmark. This fine chocolate bar is made with cocoa from Bolivia (Beniano). Oialla Bolivia Beniano with 70% cocoa nibs is a dark chocolate with a balanced taste, with aromatic notes of honey, lime, red fruits, peach, dates, peanuts, hazelnut, cocoa, coffee, tobacco and wood<\/p>\n","protected":false},"featured_media":32295,"template":"","meta":[],"pwb-brand":[3375],"product_brand":[],"product_cat":[3251,3256],"product_tag":[],"giftcard-category":[],"class_list":{"0":"post-32293","1":"product","2":"type-product","3":"status-publish","4":"has-post-thumbnail","6":"pwb-brand-oialla-en","7":"product_cat-bar","8":"product_cat-dark-chocolate-milk-chocolate-en","9":"product_shipping_class-1-en","10":"pa_acidita-2-en","11":"pa_amarezza-2-en","12":"pa_cacao-70-79-en","13":"pa_carboidrati-38-g-en","14":"pa_carboidrati-zuccheri-24-g-en","15":"pa_certificazioni-dk-oko-100-ikke-eu-jordbrug-non-eu-agriculture-stats-kontrollerest-okologisk-biologico-en","16":"pa_codice-a-barre-5704464000204-en","17":"pa_conservazione-store-in-a-cool-dry-place-and-away-from-sunlight","18":"pa_dolcezza-2-en","19":"pa_fibre-96-g-en","20":"pa_grassi-50-g-en","21":"pa_grassi-saturi-30-g-en","22":"pa_ingredienti-organic-cocoa-beans-organic-cane-sugar-organic-cocoa-butter-cocoa-beans","23":"pa_note-di-degustazione-honey-lime-red-fruits-peach-dates-peanuts-hazelnut-cocoa-coffee-tobacco-and-wood","24":"pa_paese-delle-fave-di-cacao-bolivia-en","25":"pa_paese-produttore-denmark","26":"pa_percentuale-di-cacao-70-en","27":"pa_proteine-97-g-en","28":"pa_regione-beniano-en","29":"pa_sale-002-g-en","30":"pa_tipo-di-cioccolato-flavoured-filled-inclusions-dark-chocolate","31":"pa_valore-energetico-618-kcal-2558-kj-en","33":"first","34":"outofstock","35":"taxable","36":"shipping-taxable","37":"purchasable","38":"product-type-simple"},"yoast_head":"<!-- This site is optimized with the Yoast SEO plugin v23.3 - https:\/\/yoast.com\/wordpress\/plugins\/seo\/ -->\n<title>Oialla Bolivia Beniano con granella di cacao - Chocolate7<\/title>\n<meta name=\"robots\" content=\"index, follow, max-snippet:-1, max-image-preview:large, max-video-preview:-1\" \/>\n<link rel=\"canonical\" href=\"https:\/\/www.chocolate7.com\/shop\/tavoletta\/fondente-inclusioni-ripieno-aromatizzato\/oialla-bolivia-beniano-con-granella-di-cacao\/\" \/>\n<meta property=\"og:locale\" content=\"en_US\" \/>\n<meta property=\"og:type\" content=\"article\" \/>\n<meta property=\"og:title\" content=\"Oialla Bolivia Beniano con granella di cacao - Chocolate7\" \/>\n<meta property=\"og:description\" content=\"Oialla, is a bean to bar chocolate maker from Denmark. This fine chocolate bar is made with cocoa from Bolivia (Beniano). Oialla Bolivia Beniano with 70% cocoa nibs is a dark chocolate with a balanced taste, with aromatic notes of honey, lime, red fruits, peach, dates, peanuts, hazelnut, cocoa, coffee, tobacco and wood\" \/>\n<meta property=\"og:url\" content=\"https:\/\/www.chocolate7.com\/shop\/tavoletta\/fondente-inclusioni-ripieno-aromatizzato\/oialla-bolivia-beniano-con-granella-di-cacao\/\" \/>\n<meta property=\"og:site_name\" content=\"Chocolate7\" \/>\n<meta property=\"article:publisher\" content=\"https:\/\/www.facebook.com\/cremino.gianduia.1\" \/>\n<meta property=\"article:modified_time\" content=\"2023-03-30T13:47:55+00:00\" \/>\n<meta property=\"og:image\" content=\"https:\/\/www.chocolate7.com\/wp-content\/uploads\/2023\/03\/IMG_20230330_151407_478-scaled-e1680183847631.jpg\" \/>\n\t<meta property=\"og:image:width\" content=\"2560\" \/>\n\t<meta property=\"og:image:height\" content=\"2560\" \/>\n\t<meta property=\"og:image:type\" content=\"image\/jpeg\" \/>\n<meta name=\"twitter:card\" content=\"summary_large_image\" \/>\n<meta name=\"twitter:site\" content=\"@GianduiaCremino\" \/>\n<script type=\"application\/ld+json\" class=\"yoast-schema-graph\">{\"@context\":\"https:\/\/schema.org\",\"@graph\":[{\"@type\":\"WebPage\",\"@id\":\"https:\/\/www.chocolate7.com\/shop\/tavoletta\/fondente-inclusioni-ripieno-aromatizzato\/oialla-bolivia-beniano-con-granella-di-cacao\/\",\"url\":\"https:\/\/www.chocolate7.com\/shop\/tavoletta\/fondente-inclusioni-ripieno-aromatizzato\/oialla-bolivia-beniano-con-granella-di-cacao\/\",\"name\":\"Oialla Bolivia Beniano con granella di cacao - Chocolate7\",\"isPartOf\":{\"@id\":\"https:\/\/www.chocolate7.com\/#website\"},\"primaryImageOfPage\":{\"@id\":\"https:\/\/www.chocolate7.com\/shop\/tavoletta\/fondente-inclusioni-ripieno-aromatizzato\/oialla-bolivia-beniano-con-granella-di-cacao\/#primaryimage\"},\"image\":{\"@id\":\"https:\/\/www.chocolate7.com\/shop\/tavoletta\/fondente-inclusioni-ripieno-aromatizzato\/oialla-bolivia-beniano-con-granella-di-cacao\/#primaryimage\"},\"thumbnailUrl\":\"https:\/\/www.chocolate7.com\/wp-content\/uploads\/2023\/03\/IMG_20230330_151407_478-scaled-e1680183847631.jpg\",\"datePublished\":\"2023-03-30T13:30:35+00:00\",\"dateModified\":\"2023-03-30T13:47:55+00:00\",\"breadcrumb\":{\"@id\":\"https:\/\/www.chocolate7.com\/shop\/tavoletta\/fondente-inclusioni-ripieno-aromatizzato\/oialla-bolivia-beniano-con-granella-di-cacao\/#breadcrumb\"},\"inLanguage\":\"en-US\",\"potentialAction\":[{\"@type\":\"ReadAction\",\"target\":[\"https:\/\/www.chocolate7.com\/shop\/tavoletta\/fondente-inclusioni-ripieno-aromatizzato\/oialla-bolivia-beniano-con-granella-di-cacao\/\"]}]},{\"@type\":\"ImageObject\",\"inLanguage\":\"en-US\",\"@id\":\"https:\/\/www.chocolate7.com\/shop\/tavoletta\/fondente-inclusioni-ripieno-aromatizzato\/oialla-bolivia-beniano-con-granella-di-cacao\/#primaryimage\",\"url\":\"https:\/\/www.chocolate7.com\/wp-content\/uploads\/2023\/03\/IMG_20230330_151407_478-scaled-e1680183847631.jpg\",\"contentUrl\":\"https:\/\/www.chocolate7.com\/wp-content\/uploads\/2023\/03\/IMG_20230330_151407_478-scaled-e1680183847631.jpg\",\"width\":600,\"height\":600},{\"@type\":\"BreadcrumbList\",\"@id\":\"https:\/\/www.chocolate7.com\/shop\/tavoletta\/fondente-inclusioni-ripieno-aromatizzato\/oialla-bolivia-beniano-con-granella-di-cacao\/#breadcrumb\",\"itemListElement\":[{\"@type\":\"ListItem\",\"position\":1,\"name\":\"Home\",\"item\":\"https:\/\/www.chocolate7.com\/en\/\"},{\"@type\":\"ListItem\",\"position\":2,\"name\":\"Shop\",\"item\":\"https:\/\/www.chocolate7.com\/en\/store\/\"},{\"@type\":\"ListItem\",\"position\":3,\"name\":\"Oialla Bolivia Beniano con granella di cacao\"}]},{\"@type\":\"WebSite\",\"@id\":\"https:\/\/www.chocolate7.com\/#website\",\"url\":\"https:\/\/www.chocolate7.com\/\",\"name\":\"Chocolate7\",\"description\":\"The fine &amp; luxury chocolate selection\",\"publisher\":{\"@id\":\"https:\/\/www.chocolate7.com\/#organization\"},\"potentialAction\":[{\"@type\":\"SearchAction\",\"target\":{\"@type\":\"EntryPoint\",\"urlTemplate\":\"https:\/\/www.chocolate7.com\/?s={search_term_string}\"},\"query-input\":\"required name=search_term_string\"}],\"inLanguage\":\"en-US\"},{\"@type\":\"Organization\",\"@id\":\"https:\/\/www.chocolate7.com\/#organization\",\"name\":\"Choc7 di Benedetto Giovanni\",\"url\":\"https:\/\/www.chocolate7.com\/\",\"logo\":{\"@type\":\"ImageObject\",\"inLanguage\":\"en-US\",\"@id\":\"https:\/\/www.chocolate7.com\/#\/schema\/logo\/image\/\",\"url\":\"https:\/\/www.chocolate7.com\/wp-content\/uploads\/2018\/10\/logo_chocolate.png\",\"contentUrl\":\"https:\/\/www.chocolate7.com\/wp-content\/uploads\/2018\/10\/logo_chocolate.png\",\"width\":200,\"height\":41,\"caption\":\"Choc7 di Benedetto Giovanni\"},\"image\":{\"@id\":\"https:\/\/www.chocolate7.com\/#\/schema\/logo\/image\/\"},\"sameAs\":[\"https:\/\/www.facebook.com\/cremino.gianduia.1\",\"https:\/\/x.com\/GianduiaCremino\",\"https:\/\/www.instagram.com\/creminogianduia\/\",\"https:\/\/www.pinterest.com.au\/creminogianduia\/\",\"https:\/\/www.youtube.com\/channel\/UCWFQlcc9EQnAsLkD8rBsgig\"]}]}<\/script>\n<!-- \/ Yoast SEO plugin. -->","yoast_head_json":{"title":"Oialla Bolivia Beniano con granella di cacao - Chocolate7","robots":{"index":"index","follow":"follow","max-snippet":"max-snippet:-1","max-image-preview":"max-image-preview:large","max-video-preview":"max-video-preview:-1"},"canonical":"https:\/\/www.chocolate7.com\/shop\/tavoletta\/fondente-inclusioni-ripieno-aromatizzato\/oialla-bolivia-beniano-con-granella-di-cacao\/","og_locale":"en_US","og_type":"article","og_title":"Oialla Bolivia Beniano con granella di cacao - Chocolate7","og_description":"Oialla, is a bean to bar chocolate maker from Denmark. This fine chocolate bar is made with cocoa from Bolivia (Beniano). Oialla Bolivia Beniano with 70% cocoa nibs is a dark chocolate with a balanced taste, with aromatic notes of honey, lime, red fruits, peach, dates, peanuts, hazelnut, cocoa, coffee, tobacco and wood","og_url":"https:\/\/www.chocolate7.com\/shop\/tavoletta\/fondente-inclusioni-ripieno-aromatizzato\/oialla-bolivia-beniano-con-granella-di-cacao\/","og_site_name":"Chocolate7","article_publisher":"https:\/\/www.facebook.com\/cremino.gianduia.1","article_modified_time":"2023-03-30T13:47:55+00:00","og_image":[{"width":2560,"height":2560,"url":"https:\/\/www.chocolate7.com\/wp-content\/uploads\/2023\/03\/IMG_20230330_151407_478-scaled-e1680183847631.jpg","type":"image\/jpeg"}],"twitter_card":"summary_large_image","twitter_site":"@GianduiaCremino","schema":{"@context":"https:\/\/schema.org","@graph":[{"@type":"WebPage","@id":"https:\/\/www.chocolate7.com\/shop\/tavoletta\/fondente-inclusioni-ripieno-aromatizzato\/oialla-bolivia-beniano-con-granella-di-cacao\/","url":"https:\/\/www.chocolate7.com\/shop\/tavoletta\/fondente-inclusioni-ripieno-aromatizzato\/oialla-bolivia-beniano-con-granella-di-cacao\/","name":"Oialla Bolivia Beniano con granella di cacao - Chocolate7","isPartOf":{"@id":"https:\/\/www.chocolate7.com\/#website"},"primaryImageOfPage":{"@id":"https:\/\/www.chocolate7.com\/shop\/tavoletta\/fondente-inclusioni-ripieno-aromatizzato\/oialla-bolivia-beniano-con-granella-di-cacao\/#primaryimage"},"image":{"@id":"https:\/\/www.chocolate7.com\/shop\/tavoletta\/fondente-inclusioni-ripieno-aromatizzato\/oialla-bolivia-beniano-con-granella-di-cacao\/#primaryimage"},"thumbnailUrl":"https:\/\/www.chocolate7.com\/wp-content\/uploads\/2023\/03\/IMG_20230330_151407_478-scaled-e1680183847631.jpg","datePublished":"2023-03-30T13:30:35+00:00","dateModified":"2023-03-30T13:47:55+00:00","breadcrumb":{"@id":"https:\/\/www.chocolate7.com\/shop\/tavoletta\/fondente-inclusioni-ripieno-aromatizzato\/oialla-bolivia-beniano-con-granella-di-cacao\/#breadcrumb"},"inLanguage":"en-US","potentialAction":[{"@type":"ReadAction","target":["https:\/\/www.chocolate7.com\/shop\/tavoletta\/fondente-inclusioni-ripieno-aromatizzato\/oialla-bolivia-beniano-con-granella-di-cacao\/"]}]},{"@type":"ImageObject","inLanguage":"en-US","@id":"https:\/\/www.chocolate7.com\/shop\/tavoletta\/fondente-inclusioni-ripieno-aromatizzato\/oialla-bolivia-beniano-con-granella-di-cacao\/#primaryimage","url":"https:\/\/www.chocolate7.com\/wp-content\/uploads\/2023\/03\/IMG_20230330_151407_478-scaled-e1680183847631.jpg","contentUrl":"https:\/\/www.chocolate7.com\/wp-content\/uploads\/2023\/03\/IMG_20230330_151407_478-scaled-e1680183847631.jpg","width":600,"height":600},{"@type":"BreadcrumbList","@id":"https:\/\/www.chocolate7.com\/shop\/tavoletta\/fondente-inclusioni-ripieno-aromatizzato\/oialla-bolivia-beniano-con-granella-di-cacao\/#breadcrumb","itemListElement":[{"@type":"ListItem","position":1,"name":"Home","item":"https:\/\/www.chocolate7.com\/en\/"},{"@type":"ListItem","position":2,"name":"Shop","item":"https:\/\/www.chocolate7.com\/en\/store\/"},{"@type":"ListItem","position":3,"name":"Oialla Bolivia Beniano con granella di cacao"}]},{"@type":"WebSite","@id":"https:\/\/www.chocolate7.com\/#website","url":"https:\/\/www.chocolate7.com\/","name":"Chocolate7","description":"The fine &amp; luxury chocolate selection","publisher":{"@id":"https:\/\/www.chocolate7.com\/#organization"},"potentialAction":[{"@type":"SearchAction","target":{"@type":"EntryPoint","urlTemplate":"https:\/\/www.chocolate7.com\/?s={search_term_string}"},"query-input":"required name=search_term_string"}],"inLanguage":"en-US"},{"@type":"Organization","@id":"https:\/\/www.chocolate7.com\/#organization","name":"Choc7 di Benedetto Giovanni","url":"https:\/\/www.chocolate7.com\/","logo":{"@type":"ImageObject","inLanguage":"en-US","@id":"https:\/\/www.chocolate7.com\/#\/schema\/logo\/image\/","url":"https:\/\/www.chocolate7.com\/wp-content\/uploads\/2018\/10\/logo_chocolate.png","contentUrl":"https:\/\/www.chocolate7.com\/wp-content\/uploads\/2018\/10\/logo_chocolate.png","width":200,"height":41,"caption":"Choc7 di Benedetto Giovanni"},"image":{"@id":"https:\/\/www.chocolate7.com\/#\/schema\/logo\/image\/"},"sameAs":["https:\/\/www.facebook.com\/cremino.gianduia.1","https:\/\/x.com\/GianduiaCremino","https:\/\/www.instagram.com\/creminogianduia\/","https:\/\/www.pinterest.com.au\/creminogianduia\/","https:\/\/www.youtube.com\/channel\/UCWFQlcc9EQnAsLkD8rBsgig"]}]}},"brands":[{"id":3375,"name":"Oialla","slug":"oialla-en"}],"_links":{"self":[{"href":"https:\/\/www.chocolate7.com\/en\/wp-json\/wp\/v2\/product\/32293","targetHints":{"allow":["GET"]}}],"collection":[{"href":"https:\/\/www.chocolate7.com\/en\/wp-json\/wp\/v2\/product"}],"about":[{"href":"https:\/\/www.chocolate7.com\/en\/wp-json\/wp\/v2\/types\/product"}],"wp:featuredmedia":[{"embeddable":true,"href":"https:\/\/www.chocolate7.com\/en\/wp-json\/wp\/v2\/media\/32295"}],"wp:attachment":[{"href":"https:\/\/www.chocolate7.com\/en\/wp-json\/wp\/v2\/media?parent=32293"}],"wp:term":[{"taxonomy":"pwb-brand","embeddable":true,"href":"https:\/\/www.chocolate7.com\/en\/wp-json\/wp\/v2\/pwb-brand?post=32293"},{"taxonomy":"product_brand","embeddable":true,"href":"https:\/\/www.chocolate7.com\/en\/wp-json\/wp\/v2\/product_brand?post=32293"},{"taxonomy":"product_cat","embeddable":true,"href":"https:\/\/www.chocolate7.com\/en\/wp-json\/wp\/v2\/product_cat?post=32293"},{"taxonomy":"product_tag","embeddable":true,"href":"https:\/\/www.chocolate7.com\/en\/wp-json\/wp\/v2\/product_tag?post=32293"},{"taxonomy":"giftcard-category","embeddable":true,"href":"https:\/\/www.chocolate7.com\/en\/wp-json\/wp\/v2\/giftcard-category?post=32293"}],"curies":[{"name":"wp","href":"https:\/\/api.w.org\/{rel}","templated":true}]}}