{"id":32297,"date":"2023-03-30T16:13:53","date_gmt":"2023-03-30T14:13:53","guid":{"rendered":"https:\/\/www.chocolate7.com\/?post_type=product&#038;p=32297"},"modified":"2023-06-01T14:17:23","modified_gmt":"2023-06-01T12:17:23","slug":"marana-peru-san-martin-2","status":"publish","type":"product","link":"https:\/\/www.chocolate7.com\/en\/shop\/bar\/dark-chocolate-en-2\/marana-peru-san-martin-2\/","title":{"rendered":"Maran\u00e0 Per\u00f9 San Mart\u00ecn"},"content":{"rendered":"<p style=\"text-align: left\">Dark chocolate bar &#8211; Made by Maran\u00e0<\/p>\n<h1><strong>San Mart\u00edn Collection<\/strong><\/h1>\n<p>Elaborado con \u201cCacao Amaz\u00f3nico\u201d de Tarapoto, uno de los grandes tesoros de la Amazon\u00eda Peruana. Al probarlo te transportar\u00e1s a un viaje \u00fanico de aromas y sabores frutales de nuestra Amazon\u00eda.<\/p>\n<p><strong>Inspiraci\u00f3n de empaque<\/strong><\/p>\n<p>Los misteriosos y fascinantes grabados amaz\u00f3nicos que reflejan escenas de la vida cotidiana y del imaginario de la Amazon\u00eda peruana son la fuente de inspiraci\u00f3n de esta colecci\u00f3n. Gigantescas boas, sirenas encantadas y agricultores de la selva que transportan por tierra y por agua los granos de cacao, que cobran vida en los empaques de nuestra colecci\u00f3n.<\/p>\n<p>Nuestra tableta, San Mart\u00edn al 70%, la elaboramos con el cacao Amaz\u00f3nico de San Mart\u00edn. Este chocolate trae notas\u00a0\u00fanicas\u00a0a guindones y pasas.<\/p>\n<p>Para elaborar nuestro chocolate cuidamos todo el proceso desde la fermentaci\u00f3n hasta la culminar la tableta de chocolate,\u00a0brind\u00e1ndote\u00a0una experiencia\u00a0\u00fanica.<\/p>\n<p>&nbsp;<\/p>\n<p>&nbsp;<\/p>\n","protected":false},"excerpt":{"rendered":"<p>Maran\u00e0 is a bean to bar chocolate maker from Peru. This fine chocolate bar is made with cocoa from Peru (San Mart\u00ecn). Maran\u00e0 Peru San Mart\u00ecn 70% is a balanced dark chocolate, with aromatic notes of lime, banana, cherry, raisins, caramel, bourbon whiskey<\/p>\n","protected":false},"featured_media":32299,"template":"","meta":[],"pwb-brand":[7744],"product_brand":[],"product_cat":[3251,3255],"product_tag":[],"giftcard-category":[],"class_list":{"0":"post-32297","1":"product","2":"type-product","3":"status-publish","4":"has-post-thumbnail","6":"pwb-brand-marana-en-2","7":"product_cat-bar","8":"product_cat-dark-chocolate-en-2","9":"pa_acidita-2-en","10":"pa_allergeni-may-contain-traces-of-nuts-and-milk","11":"pa_amarezza-3-en","12":"pa_astringenza-1-en","13":"pa_cacao-70-79-en","14":"pa_carboidrati-447-g-en","15":"pa_carboidrati-zuccheri-3203-g-en","16":"pa_dolcezza-2-en","17":"pa_fibre-1001-g-en","18":"pa_grassi-4457-g-en","19":"pa_grassi-saturi-2717-g-en","20":"pa_ingredienti-organic-cocoa-mass-organic-cane-sugar-and-organic-cocoa-butter-en","21":"pa_note-di-degustazione-lime-banana-cherry-raisin-caramel-bourbon-whiskey","22":"pa_paese-delle-fave-di-cacao-peru-en","23":"pa_paese-produttore-peru-en","24":"pa_percentuale-di-cacao-70-en","25":"pa_proteine-738-g-en","26":"pa_regione-san-martin-en","27":"pa_sale-0017-g-en","28":"pa_tipo-di-cioccolato-fondente-en","29":"pa_valore-energetico-609-kcal-254806-kj-en","31":"first","32":"instock","33":"taxable","34":"shipping-taxable","35":"purchasable","36":"product-type-simple"},"yoast_head":"<!-- This site is optimized with the Yoast SEO plugin v23.3 - https:\/\/yoast.com\/wordpress\/plugins\/seo\/ -->\n<title>Maran\u00e0 Per\u00f9 San Mart\u00ecn - Chocolate7<\/title>\n<meta name=\"robots\" content=\"index, follow, max-snippet:-1, max-image-preview:large, max-video-preview:-1\" \/>\n<link rel=\"canonical\" href=\"https:\/\/www.chocolate7.com\/shop\/tavoletta\/fondente\/marana-peru-san-martin-2\/\" \/>\n<meta property=\"og:locale\" content=\"en_US\" \/>\n<meta property=\"og:type\" content=\"article\" \/>\n<meta property=\"og:title\" content=\"Maran\u00e0 Per\u00f9 San Mart\u00ecn - Chocolate7\" \/>\n<meta property=\"og:description\" content=\"Maran\u00e0 is a bean to bar chocolate maker from Peru. This fine chocolate bar is made with cocoa from Peru (San Mart\u00ecn). Maran\u00e0 Peru San Mart\u00ecn 70% is a balanced dark chocolate, with aromatic notes of lime, banana, cherry, raisins, caramel, bourbon whiskey\" \/>\n<meta property=\"og:url\" content=\"https:\/\/www.chocolate7.com\/shop\/tavoletta\/fondente\/marana-peru-san-martin-2\/\" \/>\n<meta property=\"og:site_name\" content=\"Chocolate7\" \/>\n<meta property=\"article:publisher\" content=\"https:\/\/www.facebook.com\/cremino.gianduia.1\" \/>\n<meta property=\"article:modified_time\" content=\"2023-06-01T12:17:23+00:00\" \/>\n<meta property=\"og:image\" content=\"https:\/\/www.chocolate7.com\/wp-content\/uploads\/2023\/03\/IMG_20230329_192444_687-scaled-e1680186883915.jpg\" \/>\n\t<meta property=\"og:image:width\" content=\"600\" \/>\n\t<meta property=\"og:image:height\" content=\"600\" \/>\n\t<meta property=\"og:image:type\" content=\"image\/jpeg\" \/>\n<meta name=\"twitter:card\" content=\"summary_large_image\" \/>\n<meta name=\"twitter:site\" content=\"@GianduiaCremino\" \/>\n<meta name=\"twitter:label1\" content=\"Est. reading time\" \/>\n\t<meta name=\"twitter:data1\" content=\"1 minute\" \/>\n<script type=\"application\/ld+json\" class=\"yoast-schema-graph\">{\"@context\":\"https:\/\/schema.org\",\"@graph\":[{\"@type\":\"WebPage\",\"@id\":\"https:\/\/www.chocolate7.com\/shop\/tavoletta\/fondente\/marana-peru-san-martin-2\/\",\"url\":\"https:\/\/www.chocolate7.com\/shop\/tavoletta\/fondente\/marana-peru-san-martin-2\/\",\"name\":\"Maran\u00e0 Per\u00f9 San Mart\u00ecn - Chocolate7\",\"isPartOf\":{\"@id\":\"https:\/\/www.chocolate7.com\/#website\"},\"primaryImageOfPage\":{\"@id\":\"https:\/\/www.chocolate7.com\/shop\/tavoletta\/fondente\/marana-peru-san-martin-2\/#primaryimage\"},\"image\":{\"@id\":\"https:\/\/www.chocolate7.com\/shop\/tavoletta\/fondente\/marana-peru-san-martin-2\/#primaryimage\"},\"thumbnailUrl\":\"https:\/\/www.chocolate7.com\/wp-content\/uploads\/2023\/03\/IMG_20230329_192444_687-scaled-e1680186883915.jpg\",\"datePublished\":\"2023-03-30T14:13:53+00:00\",\"dateModified\":\"2023-06-01T12:17:23+00:00\",\"breadcrumb\":{\"@id\":\"https:\/\/www.chocolate7.com\/shop\/tavoletta\/fondente\/marana-peru-san-martin-2\/#breadcrumb\"},\"inLanguage\":\"en-US\",\"potentialAction\":[{\"@type\":\"ReadAction\",\"target\":[\"https:\/\/www.chocolate7.com\/shop\/tavoletta\/fondente\/marana-peru-san-martin-2\/\"]}]},{\"@type\":\"ImageObject\",\"inLanguage\":\"en-US\",\"@id\":\"https:\/\/www.chocolate7.com\/shop\/tavoletta\/fondente\/marana-peru-san-martin-2\/#primaryimage\",\"url\":\"https:\/\/www.chocolate7.com\/wp-content\/uploads\/2023\/03\/IMG_20230329_192444_687-scaled-e1680186883915.jpg\",\"contentUrl\":\"https:\/\/www.chocolate7.com\/wp-content\/uploads\/2023\/03\/IMG_20230329_192444_687-scaled-e1680186883915.jpg\",\"width\":600,\"height\":600},{\"@type\":\"BreadcrumbList\",\"@id\":\"https:\/\/www.chocolate7.com\/shop\/tavoletta\/fondente\/marana-peru-san-martin-2\/#breadcrumb\",\"itemListElement\":[{\"@type\":\"ListItem\",\"position\":1,\"name\":\"Home\",\"item\":\"https:\/\/www.chocolate7.com\/en\/\"},{\"@type\":\"ListItem\",\"position\":2,\"name\":\"Shop\",\"item\":\"https:\/\/www.chocolate7.com\/en\/store\/\"},{\"@type\":\"ListItem\",\"position\":3,\"name\":\"Maran\u00e0 Per\u00f9 San Mart\u00ecn\"}]},{\"@type\":\"WebSite\",\"@id\":\"https:\/\/www.chocolate7.com\/#website\",\"url\":\"https:\/\/www.chocolate7.com\/\",\"name\":\"Chocolate7\",\"description\":\"The fine &amp; luxury chocolate selection\",\"publisher\":{\"@id\":\"https:\/\/www.chocolate7.com\/#organization\"},\"potentialAction\":[{\"@type\":\"SearchAction\",\"target\":{\"@type\":\"EntryPoint\",\"urlTemplate\":\"https:\/\/www.chocolate7.com\/?s={search_term_string}\"},\"query-input\":\"required name=search_term_string\"}],\"inLanguage\":\"en-US\"},{\"@type\":\"Organization\",\"@id\":\"https:\/\/www.chocolate7.com\/#organization\",\"name\":\"Choc7 di Benedetto Giovanni\",\"url\":\"https:\/\/www.chocolate7.com\/\",\"logo\":{\"@type\":\"ImageObject\",\"inLanguage\":\"en-US\",\"@id\":\"https:\/\/www.chocolate7.com\/#\/schema\/logo\/image\/\",\"url\":\"https:\/\/www.chocolate7.com\/wp-content\/uploads\/2018\/10\/logo_chocolate.png\",\"contentUrl\":\"https:\/\/www.chocolate7.com\/wp-content\/uploads\/2018\/10\/logo_chocolate.png\",\"width\":200,\"height\":41,\"caption\":\"Choc7 di Benedetto Giovanni\"},\"image\":{\"@id\":\"https:\/\/www.chocolate7.com\/#\/schema\/logo\/image\/\"},\"sameAs\":[\"https:\/\/www.facebook.com\/cremino.gianduia.1\",\"https:\/\/x.com\/GianduiaCremino\",\"https:\/\/www.instagram.com\/creminogianduia\/\",\"https:\/\/www.pinterest.com.au\/creminogianduia\/\",\"https:\/\/www.youtube.com\/channel\/UCWFQlcc9EQnAsLkD8rBsgig\"]}]}<\/script>\n<!-- \/ Yoast SEO plugin. -->","yoast_head_json":{"title":"Maran\u00e0 Per\u00f9 San Mart\u00ecn - Chocolate7","robots":{"index":"index","follow":"follow","max-snippet":"max-snippet:-1","max-image-preview":"max-image-preview:large","max-video-preview":"max-video-preview:-1"},"canonical":"https:\/\/www.chocolate7.com\/shop\/tavoletta\/fondente\/marana-peru-san-martin-2\/","og_locale":"en_US","og_type":"article","og_title":"Maran\u00e0 Per\u00f9 San Mart\u00ecn - Chocolate7","og_description":"Maran\u00e0 is a bean to bar chocolate maker from Peru. This fine chocolate bar is made with cocoa from Peru (San Mart\u00ecn). Maran\u00e0 Peru San Mart\u00ecn 70% is a balanced dark chocolate, with aromatic notes of lime, banana, cherry, raisins, caramel, bourbon whiskey","og_url":"https:\/\/www.chocolate7.com\/shop\/tavoletta\/fondente\/marana-peru-san-martin-2\/","og_site_name":"Chocolate7","article_publisher":"https:\/\/www.facebook.com\/cremino.gianduia.1","article_modified_time":"2023-06-01T12:17:23+00:00","og_image":[{"width":600,"height":600,"url":"https:\/\/www.chocolate7.com\/wp-content\/uploads\/2023\/03\/IMG_20230329_192444_687-scaled-e1680186883915.jpg","type":"image\/jpeg"}],"twitter_card":"summary_large_image","twitter_site":"@GianduiaCremino","twitter_misc":{"Est. reading time":"1 minute"},"schema":{"@context":"https:\/\/schema.org","@graph":[{"@type":"WebPage","@id":"https:\/\/www.chocolate7.com\/shop\/tavoletta\/fondente\/marana-peru-san-martin-2\/","url":"https:\/\/www.chocolate7.com\/shop\/tavoletta\/fondente\/marana-peru-san-martin-2\/","name":"Maran\u00e0 Per\u00f9 San Mart\u00ecn - Chocolate7","isPartOf":{"@id":"https:\/\/www.chocolate7.com\/#website"},"primaryImageOfPage":{"@id":"https:\/\/www.chocolate7.com\/shop\/tavoletta\/fondente\/marana-peru-san-martin-2\/#primaryimage"},"image":{"@id":"https:\/\/www.chocolate7.com\/shop\/tavoletta\/fondente\/marana-peru-san-martin-2\/#primaryimage"},"thumbnailUrl":"https:\/\/www.chocolate7.com\/wp-content\/uploads\/2023\/03\/IMG_20230329_192444_687-scaled-e1680186883915.jpg","datePublished":"2023-03-30T14:13:53+00:00","dateModified":"2023-06-01T12:17:23+00:00","breadcrumb":{"@id":"https:\/\/www.chocolate7.com\/shop\/tavoletta\/fondente\/marana-peru-san-martin-2\/#breadcrumb"},"inLanguage":"en-US","potentialAction":[{"@type":"ReadAction","target":["https:\/\/www.chocolate7.com\/shop\/tavoletta\/fondente\/marana-peru-san-martin-2\/"]}]},{"@type":"ImageObject","inLanguage":"en-US","@id":"https:\/\/www.chocolate7.com\/shop\/tavoletta\/fondente\/marana-peru-san-martin-2\/#primaryimage","url":"https:\/\/www.chocolate7.com\/wp-content\/uploads\/2023\/03\/IMG_20230329_192444_687-scaled-e1680186883915.jpg","contentUrl":"https:\/\/www.chocolate7.com\/wp-content\/uploads\/2023\/03\/IMG_20230329_192444_687-scaled-e1680186883915.jpg","width":600,"height":600},{"@type":"BreadcrumbList","@id":"https:\/\/www.chocolate7.com\/shop\/tavoletta\/fondente\/marana-peru-san-martin-2\/#breadcrumb","itemListElement":[{"@type":"ListItem","position":1,"name":"Home","item":"https:\/\/www.chocolate7.com\/en\/"},{"@type":"ListItem","position":2,"name":"Shop","item":"https:\/\/www.chocolate7.com\/en\/store\/"},{"@type":"ListItem","position":3,"name":"Maran\u00e0 Per\u00f9 San Mart\u00ecn"}]},{"@type":"WebSite","@id":"https:\/\/www.chocolate7.com\/#website","url":"https:\/\/www.chocolate7.com\/","name":"Chocolate7","description":"The fine &amp; luxury chocolate selection","publisher":{"@id":"https:\/\/www.chocolate7.com\/#organization"},"potentialAction":[{"@type":"SearchAction","target":{"@type":"EntryPoint","urlTemplate":"https:\/\/www.chocolate7.com\/?s={search_term_string}"},"query-input":"required name=search_term_string"}],"inLanguage":"en-US"},{"@type":"Organization","@id":"https:\/\/www.chocolate7.com\/#organization","name":"Choc7 di Benedetto Giovanni","url":"https:\/\/www.chocolate7.com\/","logo":{"@type":"ImageObject","inLanguage":"en-US","@id":"https:\/\/www.chocolate7.com\/#\/schema\/logo\/image\/","url":"https:\/\/www.chocolate7.com\/wp-content\/uploads\/2018\/10\/logo_chocolate.png","contentUrl":"https:\/\/www.chocolate7.com\/wp-content\/uploads\/2018\/10\/logo_chocolate.png","width":200,"height":41,"caption":"Choc7 di Benedetto Giovanni"},"image":{"@id":"https:\/\/www.chocolate7.com\/#\/schema\/logo\/image\/"},"sameAs":["https:\/\/www.facebook.com\/cremino.gianduia.1","https:\/\/x.com\/GianduiaCremino","https:\/\/www.instagram.com\/creminogianduia\/","https:\/\/www.pinterest.com.au\/creminogianduia\/","https:\/\/www.youtube.com\/channel\/UCWFQlcc9EQnAsLkD8rBsgig"]}]}},"brands":[{"id":7744,"name":"Maran\u00e0","slug":"marana-en-2"}],"_links":{"self":[{"href":"https:\/\/www.chocolate7.com\/en\/wp-json\/wp\/v2\/product\/32297","targetHints":{"allow":["GET"]}}],"collection":[{"href":"https:\/\/www.chocolate7.com\/en\/wp-json\/wp\/v2\/product"}],"about":[{"href":"https:\/\/www.chocolate7.com\/en\/wp-json\/wp\/v2\/types\/product"}],"wp:featuredmedia":[{"embeddable":true,"href":"https:\/\/www.chocolate7.com\/en\/wp-json\/wp\/v2\/media\/32299"}],"wp:attachment":[{"href":"https:\/\/www.chocolate7.com\/en\/wp-json\/wp\/v2\/media?parent=32297"}],"wp:term":[{"taxonomy":"pwb-brand","embeddable":true,"href":"https:\/\/www.chocolate7.com\/en\/wp-json\/wp\/v2\/pwb-brand?post=32297"},{"taxonomy":"product_brand","embeddable":true,"href":"https:\/\/www.chocolate7.com\/en\/wp-json\/wp\/v2\/product_brand?post=32297"},{"taxonomy":"product_cat","embeddable":true,"href":"https:\/\/www.chocolate7.com\/en\/wp-json\/wp\/v2\/product_cat?post=32297"},{"taxonomy":"product_tag","embeddable":true,"href":"https:\/\/www.chocolate7.com\/en\/wp-json\/wp\/v2\/product_tag?post=32297"},{"taxonomy":"giftcard-category","embeddable":true,"href":"https:\/\/www.chocolate7.com\/en\/wp-json\/wp\/v2\/giftcard-category?post=32297"}],"curies":[{"name":"wp","href":"https:\/\/api.w.org\/{rel}","templated":true}]}}