{"id":32375,"date":"2023-04-24T14:30:28","date_gmt":"2023-04-24T12:30:28","guid":{"rendered":"https:\/\/www.chocolate7.com\/?post_type=product&#038;p=32375"},"modified":"2023-04-24T14:55:43","modified_gmt":"2023-04-24T12:55:43","slug":"ajala-tanzania-dark-chocolate-with-poppy-seeds-and-sour-cherries","status":"publish","type":"product","link":"https:\/\/www.chocolate7.com\/en\/shop\/bar\/dark-chocolate-milk-chocolate-en\/ajala-tanzania-dark-chocolate-with-poppy-seeds-and-sour-cherries\/","title":{"rendered":"Ajala Tanzania dark chocolate with poppy seeds and sour cherries"},"content":{"rendered":"<p style=\"text-align: left\">Dark chocolate bar with inclusions \/ filled \/ flavored &#8211; Produced by Ajala<\/p>\n<p>\u010cokol\u00e1da M\u00e1k a Vi\u0161e\u0148 von\u00ed jako letn\u00ed zahrada a chutn\u00e1 jako ten nejlep\u0161\u00ed makov\u00fd kol\u00e1\u010d od babi\u010dky. Nechte se p\u0159\u00edjemn\u011b p\u0159ekvapit origin\u00e1ln\u00edm spojen\u00edm tmav\u00e9 \u010dokol\u00e1dy, m\u00e1ku a osv\u011b\u017euj\u00edc\u00edch vi\u0161n\u00ed. Povzn\u00e1\u0161ej\u00edc\u00ed \u00fa\u010dinky kakaov\u00fdch bob\u016f, uklid\u0148uj\u00edc\u00ed m\u00e1k a \u0161\u0165avnat\u00e1 vi\u0161e\u0148 zp\u016fsobuj\u00ed doslova blaho na du\u0161i. S touto \u010dokol\u00e1dou budou i zamra\u010den\u00e9 dny veselej\u0161\u00ed<\/p>\n","protected":false},"excerpt":{"rendered":"<p>Ajala, is a bean to bar chocolate maker from Czech Republic. This fine chocolate bar is made with cocoa from Tanzania. Ajala Tanzania dark chocolate with poppy seeds and black cherries 59% is a dark chocolate with a balanced taste with aromatic notes of honey, sour cherries, walnut, poppy seeds, licorice<\/p>\n","protected":false},"featured_media":32377,"template":"","meta":[],"pwb-brand":[3285],"product_brand":[],"product_cat":[3251,3256],"product_tag":[],"giftcard-category":[],"class_list":{"0":"post-32375","1":"product","2":"type-product","3":"status-publish","4":"has-post-thumbnail","6":"pwb-brand-ajala-en","7":"product_cat-bar","8":"product_cat-dark-chocolate-milk-chocolate-en","9":"pa_acidita-2-en","10":"pa_allergeni-may-contain-traces-of-nuts","11":"pa_amarezza-1-en","12":"pa_astringenza-0-en","13":"pa_cacao-50-59-en","14":"pa_carboidrati-465-g-en","15":"pa_carboidrati-zuccheri-361-g-en","16":"pa_codice-a-barre-8594184560822-en","17":"pa_conservazione-store-at-room-temperature","18":"pa_dolcezza-3-en","19":"pa_grassi-401-g-en","20":"pa_grassi-saturi-2787-g-en","21":"pa_ingredienti-organic-cocoa-beans-organic-dried-cane-juice-poppy-seeds-organic-cocoa-butter-cold-pressed-poppy-seed-oil-freeze-dried-sour-cherries","22":"pa_note-di-degustazione-honey-sour-cherries-walnut-poppy-seeds-licorice","23":"pa_paese-delle-fave-di-cacao-tanzania-en","24":"pa_paese-produttore-czech-republic","25":"pa_percentuale-di-cacao-59-en","26":"pa_proteine-96-g-en","27":"pa_sale-0098-g-en","28":"pa_tipo-di-cioccolato-flavoured-filled-inclusions-dark-chocolate-bar","29":"pa_valore-energetico-583-kcal-en","31":"first","32":"instock","33":"taxable","34":"shipping-taxable","35":"purchasable","36":"product-type-simple"},"yoast_head":"<!-- This site is optimized with the Yoast SEO plugin v23.3 - https:\/\/yoast.com\/wordpress\/plugins\/seo\/ -->\n<title>Ajala Tanzania dark chocolate with poppy seeds and sour cherries - Chocolate7<\/title>\n<meta name=\"robots\" content=\"index, follow, max-snippet:-1, max-image-preview:large, max-video-preview:-1\" \/>\n<link rel=\"canonical\" href=\"https:\/\/www.chocolate7.com\/shop\/tavoletta\/fondente-inclusioni-ripieno-aromatizzato\/ajala-tanzania-cioccolato-fondente-con-semi-di-papavero-e-amarene\/\" \/>\n<meta property=\"og:locale\" content=\"en_US\" \/>\n<meta property=\"og:type\" content=\"article\" \/>\n<meta property=\"og:title\" content=\"Ajala Tanzania dark chocolate with poppy seeds and sour cherries - Chocolate7\" \/>\n<meta property=\"og:description\" content=\"Ajala, is a bean to bar chocolate maker from Czech Republic. This fine chocolate bar is made with cocoa from Tanzania. Ajala Tanzania dark chocolate with poppy seeds and black cherries 59% is a dark chocolate with a balanced taste with aromatic notes of honey, sour cherries, walnut, poppy seeds, licorice\" \/>\n<meta property=\"og:url\" content=\"https:\/\/www.chocolate7.com\/shop\/tavoletta\/fondente-inclusioni-ripieno-aromatizzato\/ajala-tanzania-cioccolato-fondente-con-semi-di-papavero-e-amarene\/\" \/>\n<meta property=\"og:site_name\" content=\"Chocolate7\" \/>\n<meta property=\"article:publisher\" content=\"https:\/\/www.facebook.com\/cremino.gianduia.1\" \/>\n<meta property=\"article:modified_time\" content=\"2023-04-24T12:55:43+00:00\" \/>\n<meta property=\"og:image\" content=\"https:\/\/www.chocolate7.com\/wp-content\/uploads\/2023\/04\/IMG_20230424_142633_042-scaled-e1682340616526.jpg\" \/>\n\t<meta property=\"og:image:width\" content=\"600\" \/>\n\t<meta property=\"og:image:height\" content=\"600\" \/>\n\t<meta property=\"og:image:type\" content=\"image\/jpeg\" \/>\n<meta name=\"twitter:card\" content=\"summary_large_image\" \/>\n<meta name=\"twitter:site\" content=\"@GianduiaCremino\" \/>\n<script type=\"application\/ld+json\" class=\"yoast-schema-graph\">{\"@context\":\"https:\/\/schema.org\",\"@graph\":[{\"@type\":\"WebPage\",\"@id\":\"https:\/\/www.chocolate7.com\/shop\/tavoletta\/fondente-inclusioni-ripieno-aromatizzato\/ajala-tanzania-cioccolato-fondente-con-semi-di-papavero-e-amarene\/\",\"url\":\"https:\/\/www.chocolate7.com\/shop\/tavoletta\/fondente-inclusioni-ripieno-aromatizzato\/ajala-tanzania-cioccolato-fondente-con-semi-di-papavero-e-amarene\/\",\"name\":\"Ajala Tanzania dark chocolate with poppy seeds and sour cherries - Chocolate7\",\"isPartOf\":{\"@id\":\"https:\/\/www.chocolate7.com\/#website\"},\"primaryImageOfPage\":{\"@id\":\"https:\/\/www.chocolate7.com\/shop\/tavoletta\/fondente-inclusioni-ripieno-aromatizzato\/ajala-tanzania-cioccolato-fondente-con-semi-di-papavero-e-amarene\/#primaryimage\"},\"image\":{\"@id\":\"https:\/\/www.chocolate7.com\/shop\/tavoletta\/fondente-inclusioni-ripieno-aromatizzato\/ajala-tanzania-cioccolato-fondente-con-semi-di-papavero-e-amarene\/#primaryimage\"},\"thumbnailUrl\":\"https:\/\/www.chocolate7.com\/wp-content\/uploads\/2023\/04\/IMG_20230424_142633_042-scaled-e1682340616526.jpg\",\"datePublished\":\"2023-04-24T12:30:28+00:00\",\"dateModified\":\"2023-04-24T12:55:43+00:00\",\"breadcrumb\":{\"@id\":\"https:\/\/www.chocolate7.com\/shop\/tavoletta\/fondente-inclusioni-ripieno-aromatizzato\/ajala-tanzania-cioccolato-fondente-con-semi-di-papavero-e-amarene\/#breadcrumb\"},\"inLanguage\":\"en-US\",\"potentialAction\":[{\"@type\":\"ReadAction\",\"target\":[\"https:\/\/www.chocolate7.com\/shop\/tavoletta\/fondente-inclusioni-ripieno-aromatizzato\/ajala-tanzania-cioccolato-fondente-con-semi-di-papavero-e-amarene\/\"]}]},{\"@type\":\"ImageObject\",\"inLanguage\":\"en-US\",\"@id\":\"https:\/\/www.chocolate7.com\/shop\/tavoletta\/fondente-inclusioni-ripieno-aromatizzato\/ajala-tanzania-cioccolato-fondente-con-semi-di-papavero-e-amarene\/#primaryimage\",\"url\":\"https:\/\/www.chocolate7.com\/wp-content\/uploads\/2023\/04\/IMG_20230424_142633_042-scaled-e1682340616526.jpg\",\"contentUrl\":\"https:\/\/www.chocolate7.com\/wp-content\/uploads\/2023\/04\/IMG_20230424_142633_042-scaled-e1682340616526.jpg\",\"width\":600,\"height\":600},{\"@type\":\"BreadcrumbList\",\"@id\":\"https:\/\/www.chocolate7.com\/shop\/tavoletta\/fondente-inclusioni-ripieno-aromatizzato\/ajala-tanzania-cioccolato-fondente-con-semi-di-papavero-e-amarene\/#breadcrumb\",\"itemListElement\":[{\"@type\":\"ListItem\",\"position\":1,\"name\":\"Home\",\"item\":\"https:\/\/www.chocolate7.com\/en\/\"},{\"@type\":\"ListItem\",\"position\":2,\"name\":\"Shop\",\"item\":\"https:\/\/www.chocolate7.com\/en\/store\/\"},{\"@type\":\"ListItem\",\"position\":3,\"name\":\"Ajala Tanzania dark chocolate with poppy seeds and sour cherries\"}]},{\"@type\":\"WebSite\",\"@id\":\"https:\/\/www.chocolate7.com\/#website\",\"url\":\"https:\/\/www.chocolate7.com\/\",\"name\":\"Chocolate7\",\"description\":\"The fine &amp; luxury chocolate selection\",\"publisher\":{\"@id\":\"https:\/\/www.chocolate7.com\/#organization\"},\"potentialAction\":[{\"@type\":\"SearchAction\",\"target\":{\"@type\":\"EntryPoint\",\"urlTemplate\":\"https:\/\/www.chocolate7.com\/?s={search_term_string}\"},\"query-input\":\"required name=search_term_string\"}],\"inLanguage\":\"en-US\"},{\"@type\":\"Organization\",\"@id\":\"https:\/\/www.chocolate7.com\/#organization\",\"name\":\"Choc7 di Benedetto Giovanni\",\"url\":\"https:\/\/www.chocolate7.com\/\",\"logo\":{\"@type\":\"ImageObject\",\"inLanguage\":\"en-US\",\"@id\":\"https:\/\/www.chocolate7.com\/#\/schema\/logo\/image\/\",\"url\":\"https:\/\/www.chocolate7.com\/wp-content\/uploads\/2018\/10\/logo_chocolate.png\",\"contentUrl\":\"https:\/\/www.chocolate7.com\/wp-content\/uploads\/2018\/10\/logo_chocolate.png\",\"width\":200,\"height\":41,\"caption\":\"Choc7 di Benedetto Giovanni\"},\"image\":{\"@id\":\"https:\/\/www.chocolate7.com\/#\/schema\/logo\/image\/\"},\"sameAs\":[\"https:\/\/www.facebook.com\/cremino.gianduia.1\",\"https:\/\/x.com\/GianduiaCremino\",\"https:\/\/www.instagram.com\/creminogianduia\/\",\"https:\/\/www.pinterest.com.au\/creminogianduia\/\",\"https:\/\/www.youtube.com\/channel\/UCWFQlcc9EQnAsLkD8rBsgig\"]}]}<\/script>\n<!-- \/ Yoast SEO plugin. -->","yoast_head_json":{"title":"Ajala Tanzania dark chocolate with poppy seeds and sour cherries - Chocolate7","robots":{"index":"index","follow":"follow","max-snippet":"max-snippet:-1","max-image-preview":"max-image-preview:large","max-video-preview":"max-video-preview:-1"},"canonical":"https:\/\/www.chocolate7.com\/shop\/tavoletta\/fondente-inclusioni-ripieno-aromatizzato\/ajala-tanzania-cioccolato-fondente-con-semi-di-papavero-e-amarene\/","og_locale":"en_US","og_type":"article","og_title":"Ajala Tanzania dark chocolate with poppy seeds and sour cherries - Chocolate7","og_description":"Ajala, is a bean to bar chocolate maker from Czech Republic. This fine chocolate bar is made with cocoa from Tanzania. Ajala Tanzania dark chocolate with poppy seeds and black cherries 59% is a dark chocolate with a balanced taste with aromatic notes of honey, sour cherries, walnut, poppy seeds, licorice","og_url":"https:\/\/www.chocolate7.com\/shop\/tavoletta\/fondente-inclusioni-ripieno-aromatizzato\/ajala-tanzania-cioccolato-fondente-con-semi-di-papavero-e-amarene\/","og_site_name":"Chocolate7","article_publisher":"https:\/\/www.facebook.com\/cremino.gianduia.1","article_modified_time":"2023-04-24T12:55:43+00:00","og_image":[{"width":600,"height":600,"url":"https:\/\/www.chocolate7.com\/wp-content\/uploads\/2023\/04\/IMG_20230424_142633_042-scaled-e1682340616526.jpg","type":"image\/jpeg"}],"twitter_card":"summary_large_image","twitter_site":"@GianduiaCremino","schema":{"@context":"https:\/\/schema.org","@graph":[{"@type":"WebPage","@id":"https:\/\/www.chocolate7.com\/shop\/tavoletta\/fondente-inclusioni-ripieno-aromatizzato\/ajala-tanzania-cioccolato-fondente-con-semi-di-papavero-e-amarene\/","url":"https:\/\/www.chocolate7.com\/shop\/tavoletta\/fondente-inclusioni-ripieno-aromatizzato\/ajala-tanzania-cioccolato-fondente-con-semi-di-papavero-e-amarene\/","name":"Ajala Tanzania dark chocolate with poppy seeds and sour cherries - Chocolate7","isPartOf":{"@id":"https:\/\/www.chocolate7.com\/#website"},"primaryImageOfPage":{"@id":"https:\/\/www.chocolate7.com\/shop\/tavoletta\/fondente-inclusioni-ripieno-aromatizzato\/ajala-tanzania-cioccolato-fondente-con-semi-di-papavero-e-amarene\/#primaryimage"},"image":{"@id":"https:\/\/www.chocolate7.com\/shop\/tavoletta\/fondente-inclusioni-ripieno-aromatizzato\/ajala-tanzania-cioccolato-fondente-con-semi-di-papavero-e-amarene\/#primaryimage"},"thumbnailUrl":"https:\/\/www.chocolate7.com\/wp-content\/uploads\/2023\/04\/IMG_20230424_142633_042-scaled-e1682340616526.jpg","datePublished":"2023-04-24T12:30:28+00:00","dateModified":"2023-04-24T12:55:43+00:00","breadcrumb":{"@id":"https:\/\/www.chocolate7.com\/shop\/tavoletta\/fondente-inclusioni-ripieno-aromatizzato\/ajala-tanzania-cioccolato-fondente-con-semi-di-papavero-e-amarene\/#breadcrumb"},"inLanguage":"en-US","potentialAction":[{"@type":"ReadAction","target":["https:\/\/www.chocolate7.com\/shop\/tavoletta\/fondente-inclusioni-ripieno-aromatizzato\/ajala-tanzania-cioccolato-fondente-con-semi-di-papavero-e-amarene\/"]}]},{"@type":"ImageObject","inLanguage":"en-US","@id":"https:\/\/www.chocolate7.com\/shop\/tavoletta\/fondente-inclusioni-ripieno-aromatizzato\/ajala-tanzania-cioccolato-fondente-con-semi-di-papavero-e-amarene\/#primaryimage","url":"https:\/\/www.chocolate7.com\/wp-content\/uploads\/2023\/04\/IMG_20230424_142633_042-scaled-e1682340616526.jpg","contentUrl":"https:\/\/www.chocolate7.com\/wp-content\/uploads\/2023\/04\/IMG_20230424_142633_042-scaled-e1682340616526.jpg","width":600,"height":600},{"@type":"BreadcrumbList","@id":"https:\/\/www.chocolate7.com\/shop\/tavoletta\/fondente-inclusioni-ripieno-aromatizzato\/ajala-tanzania-cioccolato-fondente-con-semi-di-papavero-e-amarene\/#breadcrumb","itemListElement":[{"@type":"ListItem","position":1,"name":"Home","item":"https:\/\/www.chocolate7.com\/en\/"},{"@type":"ListItem","position":2,"name":"Shop","item":"https:\/\/www.chocolate7.com\/en\/store\/"},{"@type":"ListItem","position":3,"name":"Ajala Tanzania dark chocolate with poppy seeds and sour cherries"}]},{"@type":"WebSite","@id":"https:\/\/www.chocolate7.com\/#website","url":"https:\/\/www.chocolate7.com\/","name":"Chocolate7","description":"The fine &amp; luxury chocolate selection","publisher":{"@id":"https:\/\/www.chocolate7.com\/#organization"},"potentialAction":[{"@type":"SearchAction","target":{"@type":"EntryPoint","urlTemplate":"https:\/\/www.chocolate7.com\/?s={search_term_string}"},"query-input":"required name=search_term_string"}],"inLanguage":"en-US"},{"@type":"Organization","@id":"https:\/\/www.chocolate7.com\/#organization","name":"Choc7 di Benedetto Giovanni","url":"https:\/\/www.chocolate7.com\/","logo":{"@type":"ImageObject","inLanguage":"en-US","@id":"https:\/\/www.chocolate7.com\/#\/schema\/logo\/image\/","url":"https:\/\/www.chocolate7.com\/wp-content\/uploads\/2018\/10\/logo_chocolate.png","contentUrl":"https:\/\/www.chocolate7.com\/wp-content\/uploads\/2018\/10\/logo_chocolate.png","width":200,"height":41,"caption":"Choc7 di Benedetto Giovanni"},"image":{"@id":"https:\/\/www.chocolate7.com\/#\/schema\/logo\/image\/"},"sameAs":["https:\/\/www.facebook.com\/cremino.gianduia.1","https:\/\/x.com\/GianduiaCremino","https:\/\/www.instagram.com\/creminogianduia\/","https:\/\/www.pinterest.com.au\/creminogianduia\/","https:\/\/www.youtube.com\/channel\/UCWFQlcc9EQnAsLkD8rBsgig"]}]}},"brands":[{"id":3285,"name":"Ajala","slug":"ajala-en"}],"_links":{"self":[{"href":"https:\/\/www.chocolate7.com\/en\/wp-json\/wp\/v2\/product\/32375","targetHints":{"allow":["GET"]}}],"collection":[{"href":"https:\/\/www.chocolate7.com\/en\/wp-json\/wp\/v2\/product"}],"about":[{"href":"https:\/\/www.chocolate7.com\/en\/wp-json\/wp\/v2\/types\/product"}],"wp:featuredmedia":[{"embeddable":true,"href":"https:\/\/www.chocolate7.com\/en\/wp-json\/wp\/v2\/media\/32377"}],"wp:attachment":[{"href":"https:\/\/www.chocolate7.com\/en\/wp-json\/wp\/v2\/media?parent=32375"}],"wp:term":[{"taxonomy":"pwb-brand","embeddable":true,"href":"https:\/\/www.chocolate7.com\/en\/wp-json\/wp\/v2\/pwb-brand?post=32375"},{"taxonomy":"product_brand","embeddable":true,"href":"https:\/\/www.chocolate7.com\/en\/wp-json\/wp\/v2\/product_brand?post=32375"},{"taxonomy":"product_cat","embeddable":true,"href":"https:\/\/www.chocolate7.com\/en\/wp-json\/wp\/v2\/product_cat?post=32375"},{"taxonomy":"product_tag","embeddable":true,"href":"https:\/\/www.chocolate7.com\/en\/wp-json\/wp\/v2\/product_tag?post=32375"},{"taxonomy":"giftcard-category","embeddable":true,"href":"https:\/\/www.chocolate7.com\/en\/wp-json\/wp\/v2\/giftcard-category?post=32375"}],"curies":[{"name":"wp","href":"https:\/\/api.w.org\/{rel}","templated":true}]}}