{"id":32452,"date":"2023-04-28T12:32:15","date_gmt":"2023-04-28T10:32:16","guid":{"rendered":"https:\/\/www.chocolate7.com\/?post_type=product&#038;p=32452"},"modified":"2023-04-28T13:32:16","modified_gmt":"2023-04-28T11:32:16","slug":"feitoria-do-cacao-nicaragua-milk-chocolate-with-cocoa-nibs","status":"publish","type":"product","link":"https:\/\/www.chocolate7.com\/en\/shop\/bar\/flavoured-filled-inclusions-milk-chocolate-en\/feitoria-do-cacao-nicaragua-milk-chocolate-with-cocoa-nibs\/","title":{"rendered":"Feitoria do cacao Nicaragua milk chocolate with cocoa nibs"},"content":{"rendered":"<p style=\"text-align: left\">Milk chocolate bar with inclusions \/ filled \/ flavored\u00a0 &#8211; Made by Feitoria do cacao<\/p>\n<p>O cacau de Nicar\u00e1gua, com aroma doce e denso com notas de caramelo e sabor de frutos secos como amendoim ou avel\u00e3, encontrou-se com leite. Sendo \u201cChocolate de Leite\u201d, o teor do cacau \u00e9 bastante elevado, neste caso, o papel do leite \u00e9 apenas amaciar a intensidade do cacau e dar riqueza no paladar.<\/p>\n<p>Derrete-se na boca como manteiga, imediatamente enche a boca com a sua textura aveludada. Tem uma harmonia perfeita entre o amargor profundo do cacau e o sabor rico e macio do leite. Os Nibs ainda acrescentam um toque arom\u00e1tico e crocante que alegra a textura e sensa\u00e7\u00e3o.<\/p>\n<p>Combina bem com caf\u00e9 expresso ou meia de leite, mas com cerveja preta ser\u00e1 uma agrad\u00e1vel surpresa.<\/p>\n","protected":false},"excerpt":{"rendered":"<p>Feitoria do cacao is a bean to bar chocolate maker from Portugal. This fine chocolate bar is made with cocoa from Nicaragua. Feitoria do cacao Nicaragua milk chocolate with 57% cocoa nibs is a pleasantly sweet milk chocolate, with aromatic notes of peanuts, hazelnuts, caramel<\/p>\n<p>&nbsp;<\/p>\n<p>&nbsp;<\/p>\n<p>&nbsp;<\/p>\n<h1><\/h1>\n","protected":false},"featured_media":32454,"template":"","meta":[],"pwb-brand":[4837],"product_brand":[],"product_cat":[3251,3261],"product_tag":[],"giftcard-category":[],"class_list":{"0":"post-32452","1":"product","2":"type-product","3":"status-publish","4":"has-post-thumbnail","6":"pwb-brand-feitoria-do-cacao-en","7":"product_cat-bar","8":"product_cat-flavoured-filled-inclusions-milk-chocolate-en","9":"pa_acidita-0-en","10":"pa_allergeni-contains-milk-may-contain-traces-of-nuts","11":"pa_amarezza-0-en","12":"pa_astringenza-0-en","13":"pa_cacao-50-59-en","14":"pa_carboidrati-346-g-en","15":"pa_carboidrati-zuccheri-283-g-en","16":"pa_codice-a-barre-5600266139015-en","17":"pa_conservazione-store-in-a-dry-cool-and-odorless-place","18":"pa_dolcezza-3-en","19":"pa_fibre-65-g-en","20":"pa_grassi-46-g-en","21":"pa_grassi-saturi-289-g-en","22":"pa_ingredienti-cocoa-beans-from-nicaragua-cocoa-butter-cane-sugar-skimmed-milk-powder-and-cows-milk-powder-origin-portugal-azores","23":"pa_note-di-degustazione-peanuts-hazelnuts-caramel","24":"pa_paese-produttore-portugal","25":"pa_percentuale-di-cacao-57-en","26":"pa_proteine-87-g-en","27":"pa_sale-017-g-en","28":"pa_tipo-di-cioccolato-flavoured-filled-inclusions-milk-chocolate-en","29":"pa_valore-energetico-2490-kj-600-kcal-en","31":"first","32":"outofstock","33":"taxable","34":"shipping-taxable","35":"purchasable","36":"product-type-simple"},"yoast_head":"<!-- This site is optimized with the Yoast SEO plugin v23.3 - https:\/\/yoast.com\/wordpress\/plugins\/seo\/ -->\n<title>Feitoria do cacao Nicaragua milk chocolate with cocoa nibs - Chocolate7<\/title>\n<meta name=\"robots\" content=\"index, follow, max-snippet:-1, max-image-preview:large, max-video-preview:-1\" \/>\n<link rel=\"canonical\" href=\"https:\/\/www.chocolate7.com\/shop\/tavoletta\/latte-inclusioni-ripieno-aromatizzato\/feitoria-do-cacao-nicaragua-cioccolato-al-latte-con-granella-di-cacao\/\" \/>\n<meta property=\"og:locale\" content=\"en_US\" \/>\n<meta property=\"og:type\" content=\"article\" \/>\n<meta property=\"og:title\" content=\"Feitoria do cacao Nicaragua milk chocolate with cocoa nibs - Chocolate7\" \/>\n<meta property=\"og:description\" content=\"Feitoria do cacao is a bean to bar chocolate maker from Portugal. This fine chocolate bar is made with cocoa from Nicaragua. Feitoria do cacao Nicaragua milk chocolate with 57% cocoa nibs is a pleasantly sweet milk chocolate, with aromatic notes of peanuts, hazelnuts, caramel  &nbsp;  &nbsp;  &nbsp;\" \/>\n<meta property=\"og:url\" content=\"https:\/\/www.chocolate7.com\/shop\/tavoletta\/latte-inclusioni-ripieno-aromatizzato\/feitoria-do-cacao-nicaragua-cioccolato-al-latte-con-granella-di-cacao\/\" \/>\n<meta property=\"og:site_name\" content=\"Chocolate7\" \/>\n<meta property=\"article:publisher\" content=\"https:\/\/www.facebook.com\/cremino.gianduia.1\" \/>\n<meta property=\"article:modified_time\" content=\"2023-04-28T11:32:16+00:00\" \/>\n<meta property=\"og:image\" content=\"https:\/\/www.chocolate7.com\/wp-content\/uploads\/2023\/04\/IMG_20230428_122652_240-scaled-e1682678740316.jpg\" \/>\n\t<meta property=\"og:image:width\" content=\"2560\" \/>\n\t<meta property=\"og:image:height\" content=\"2560\" \/>\n\t<meta property=\"og:image:type\" content=\"image\/jpeg\" \/>\n<meta name=\"twitter:card\" content=\"summary_large_image\" \/>\n<meta name=\"twitter:site\" content=\"@GianduiaCremino\" \/>\n<meta name=\"twitter:label1\" content=\"Est. reading time\" \/>\n\t<meta name=\"twitter:data1\" content=\"1 minute\" \/>\n<script type=\"application\/ld+json\" class=\"yoast-schema-graph\">{\"@context\":\"https:\/\/schema.org\",\"@graph\":[{\"@type\":\"WebPage\",\"@id\":\"https:\/\/www.chocolate7.com\/shop\/tavoletta\/latte-inclusioni-ripieno-aromatizzato\/feitoria-do-cacao-nicaragua-cioccolato-al-latte-con-granella-di-cacao\/\",\"url\":\"https:\/\/www.chocolate7.com\/shop\/tavoletta\/latte-inclusioni-ripieno-aromatizzato\/feitoria-do-cacao-nicaragua-cioccolato-al-latte-con-granella-di-cacao\/\",\"name\":\"Feitoria do cacao Nicaragua milk chocolate with cocoa nibs - Chocolate7\",\"isPartOf\":{\"@id\":\"https:\/\/www.chocolate7.com\/#website\"},\"primaryImageOfPage\":{\"@id\":\"https:\/\/www.chocolate7.com\/shop\/tavoletta\/latte-inclusioni-ripieno-aromatizzato\/feitoria-do-cacao-nicaragua-cioccolato-al-latte-con-granella-di-cacao\/#primaryimage\"},\"image\":{\"@id\":\"https:\/\/www.chocolate7.com\/shop\/tavoletta\/latte-inclusioni-ripieno-aromatizzato\/feitoria-do-cacao-nicaragua-cioccolato-al-latte-con-granella-di-cacao\/#primaryimage\"},\"thumbnailUrl\":\"https:\/\/www.chocolate7.com\/wp-content\/uploads\/2023\/04\/IMG_20230428_122652_240-scaled-e1682678740316.jpg\",\"datePublished\":\"2023-04-28T10:32:16+00:00\",\"dateModified\":\"2023-04-28T11:32:16+00:00\",\"breadcrumb\":{\"@id\":\"https:\/\/www.chocolate7.com\/shop\/tavoletta\/latte-inclusioni-ripieno-aromatizzato\/feitoria-do-cacao-nicaragua-cioccolato-al-latte-con-granella-di-cacao\/#breadcrumb\"},\"inLanguage\":\"en-US\",\"potentialAction\":[{\"@type\":\"ReadAction\",\"target\":[\"https:\/\/www.chocolate7.com\/shop\/tavoletta\/latte-inclusioni-ripieno-aromatizzato\/feitoria-do-cacao-nicaragua-cioccolato-al-latte-con-granella-di-cacao\/\"]}]},{\"@type\":\"ImageObject\",\"inLanguage\":\"en-US\",\"@id\":\"https:\/\/www.chocolate7.com\/shop\/tavoletta\/latte-inclusioni-ripieno-aromatizzato\/feitoria-do-cacao-nicaragua-cioccolato-al-latte-con-granella-di-cacao\/#primaryimage\",\"url\":\"https:\/\/www.chocolate7.com\/wp-content\/uploads\/2023\/04\/IMG_20230428_122652_240-scaled-e1682678740316.jpg\",\"contentUrl\":\"https:\/\/www.chocolate7.com\/wp-content\/uploads\/2023\/04\/IMG_20230428_122652_240-scaled-e1682678740316.jpg\",\"width\":600,\"height\":600},{\"@type\":\"BreadcrumbList\",\"@id\":\"https:\/\/www.chocolate7.com\/shop\/tavoletta\/latte-inclusioni-ripieno-aromatizzato\/feitoria-do-cacao-nicaragua-cioccolato-al-latte-con-granella-di-cacao\/#breadcrumb\",\"itemListElement\":[{\"@type\":\"ListItem\",\"position\":1,\"name\":\"Home\",\"item\":\"https:\/\/www.chocolate7.com\/en\/\"},{\"@type\":\"ListItem\",\"position\":2,\"name\":\"Shop\",\"item\":\"https:\/\/www.chocolate7.com\/en\/store\/\"},{\"@type\":\"ListItem\",\"position\":3,\"name\":\"Feitoria do cacao Nicaragua milk chocolate with cocoa nibs\"}]},{\"@type\":\"WebSite\",\"@id\":\"https:\/\/www.chocolate7.com\/#website\",\"url\":\"https:\/\/www.chocolate7.com\/\",\"name\":\"Chocolate7\",\"description\":\"The fine &amp; luxury chocolate selection\",\"publisher\":{\"@id\":\"https:\/\/www.chocolate7.com\/#organization\"},\"potentialAction\":[{\"@type\":\"SearchAction\",\"target\":{\"@type\":\"EntryPoint\",\"urlTemplate\":\"https:\/\/www.chocolate7.com\/?s={search_term_string}\"},\"query-input\":\"required name=search_term_string\"}],\"inLanguage\":\"en-US\"},{\"@type\":\"Organization\",\"@id\":\"https:\/\/www.chocolate7.com\/#organization\",\"name\":\"Choc7 di Benedetto Giovanni\",\"url\":\"https:\/\/www.chocolate7.com\/\",\"logo\":{\"@type\":\"ImageObject\",\"inLanguage\":\"en-US\",\"@id\":\"https:\/\/www.chocolate7.com\/#\/schema\/logo\/image\/\",\"url\":\"https:\/\/www.chocolate7.com\/wp-content\/uploads\/2018\/10\/logo_chocolate.png\",\"contentUrl\":\"https:\/\/www.chocolate7.com\/wp-content\/uploads\/2018\/10\/logo_chocolate.png\",\"width\":200,\"height\":41,\"caption\":\"Choc7 di Benedetto Giovanni\"},\"image\":{\"@id\":\"https:\/\/www.chocolate7.com\/#\/schema\/logo\/image\/\"},\"sameAs\":[\"https:\/\/www.facebook.com\/cremino.gianduia.1\",\"https:\/\/x.com\/GianduiaCremino\",\"https:\/\/www.instagram.com\/creminogianduia\/\",\"https:\/\/www.pinterest.com.au\/creminogianduia\/\",\"https:\/\/www.youtube.com\/channel\/UCWFQlcc9EQnAsLkD8rBsgig\"]}]}<\/script>\n<!-- \/ Yoast SEO plugin. -->","yoast_head_json":{"title":"Feitoria do cacao Nicaragua milk chocolate with cocoa nibs - Chocolate7","robots":{"index":"index","follow":"follow","max-snippet":"max-snippet:-1","max-image-preview":"max-image-preview:large","max-video-preview":"max-video-preview:-1"},"canonical":"https:\/\/www.chocolate7.com\/shop\/tavoletta\/latte-inclusioni-ripieno-aromatizzato\/feitoria-do-cacao-nicaragua-cioccolato-al-latte-con-granella-di-cacao\/","og_locale":"en_US","og_type":"article","og_title":"Feitoria do cacao Nicaragua milk chocolate with cocoa nibs - Chocolate7","og_description":"Feitoria do cacao is a bean to bar chocolate maker from Portugal. This fine chocolate bar is made with cocoa from Nicaragua. Feitoria do cacao Nicaragua milk chocolate with 57% cocoa nibs is a pleasantly sweet milk chocolate, with aromatic notes of peanuts, hazelnuts, caramel  &nbsp;  &nbsp;  &nbsp;","og_url":"https:\/\/www.chocolate7.com\/shop\/tavoletta\/latte-inclusioni-ripieno-aromatizzato\/feitoria-do-cacao-nicaragua-cioccolato-al-latte-con-granella-di-cacao\/","og_site_name":"Chocolate7","article_publisher":"https:\/\/www.facebook.com\/cremino.gianduia.1","article_modified_time":"2023-04-28T11:32:16+00:00","og_image":[{"width":2560,"height":2560,"url":"https:\/\/www.chocolate7.com\/wp-content\/uploads\/2023\/04\/IMG_20230428_122652_240-scaled-e1682678740316.jpg","type":"image\/jpeg"}],"twitter_card":"summary_large_image","twitter_site":"@GianduiaCremino","twitter_misc":{"Est. reading time":"1 minute"},"schema":{"@context":"https:\/\/schema.org","@graph":[{"@type":"WebPage","@id":"https:\/\/www.chocolate7.com\/shop\/tavoletta\/latte-inclusioni-ripieno-aromatizzato\/feitoria-do-cacao-nicaragua-cioccolato-al-latte-con-granella-di-cacao\/","url":"https:\/\/www.chocolate7.com\/shop\/tavoletta\/latte-inclusioni-ripieno-aromatizzato\/feitoria-do-cacao-nicaragua-cioccolato-al-latte-con-granella-di-cacao\/","name":"Feitoria do cacao Nicaragua milk chocolate with cocoa nibs - Chocolate7","isPartOf":{"@id":"https:\/\/www.chocolate7.com\/#website"},"primaryImageOfPage":{"@id":"https:\/\/www.chocolate7.com\/shop\/tavoletta\/latte-inclusioni-ripieno-aromatizzato\/feitoria-do-cacao-nicaragua-cioccolato-al-latte-con-granella-di-cacao\/#primaryimage"},"image":{"@id":"https:\/\/www.chocolate7.com\/shop\/tavoletta\/latte-inclusioni-ripieno-aromatizzato\/feitoria-do-cacao-nicaragua-cioccolato-al-latte-con-granella-di-cacao\/#primaryimage"},"thumbnailUrl":"https:\/\/www.chocolate7.com\/wp-content\/uploads\/2023\/04\/IMG_20230428_122652_240-scaled-e1682678740316.jpg","datePublished":"2023-04-28T10:32:16+00:00","dateModified":"2023-04-28T11:32:16+00:00","breadcrumb":{"@id":"https:\/\/www.chocolate7.com\/shop\/tavoletta\/latte-inclusioni-ripieno-aromatizzato\/feitoria-do-cacao-nicaragua-cioccolato-al-latte-con-granella-di-cacao\/#breadcrumb"},"inLanguage":"en-US","potentialAction":[{"@type":"ReadAction","target":["https:\/\/www.chocolate7.com\/shop\/tavoletta\/latte-inclusioni-ripieno-aromatizzato\/feitoria-do-cacao-nicaragua-cioccolato-al-latte-con-granella-di-cacao\/"]}]},{"@type":"ImageObject","inLanguage":"en-US","@id":"https:\/\/www.chocolate7.com\/shop\/tavoletta\/latte-inclusioni-ripieno-aromatizzato\/feitoria-do-cacao-nicaragua-cioccolato-al-latte-con-granella-di-cacao\/#primaryimage","url":"https:\/\/www.chocolate7.com\/wp-content\/uploads\/2023\/04\/IMG_20230428_122652_240-scaled-e1682678740316.jpg","contentUrl":"https:\/\/www.chocolate7.com\/wp-content\/uploads\/2023\/04\/IMG_20230428_122652_240-scaled-e1682678740316.jpg","width":600,"height":600},{"@type":"BreadcrumbList","@id":"https:\/\/www.chocolate7.com\/shop\/tavoletta\/latte-inclusioni-ripieno-aromatizzato\/feitoria-do-cacao-nicaragua-cioccolato-al-latte-con-granella-di-cacao\/#breadcrumb","itemListElement":[{"@type":"ListItem","position":1,"name":"Home","item":"https:\/\/www.chocolate7.com\/en\/"},{"@type":"ListItem","position":2,"name":"Shop","item":"https:\/\/www.chocolate7.com\/en\/store\/"},{"@type":"ListItem","position":3,"name":"Feitoria do cacao Nicaragua milk chocolate with cocoa nibs"}]},{"@type":"WebSite","@id":"https:\/\/www.chocolate7.com\/#website","url":"https:\/\/www.chocolate7.com\/","name":"Chocolate7","description":"The fine &amp; luxury chocolate selection","publisher":{"@id":"https:\/\/www.chocolate7.com\/#organization"},"potentialAction":[{"@type":"SearchAction","target":{"@type":"EntryPoint","urlTemplate":"https:\/\/www.chocolate7.com\/?s={search_term_string}"},"query-input":"required name=search_term_string"}],"inLanguage":"en-US"},{"@type":"Organization","@id":"https:\/\/www.chocolate7.com\/#organization","name":"Choc7 di Benedetto Giovanni","url":"https:\/\/www.chocolate7.com\/","logo":{"@type":"ImageObject","inLanguage":"en-US","@id":"https:\/\/www.chocolate7.com\/#\/schema\/logo\/image\/","url":"https:\/\/www.chocolate7.com\/wp-content\/uploads\/2018\/10\/logo_chocolate.png","contentUrl":"https:\/\/www.chocolate7.com\/wp-content\/uploads\/2018\/10\/logo_chocolate.png","width":200,"height":41,"caption":"Choc7 di Benedetto Giovanni"},"image":{"@id":"https:\/\/www.chocolate7.com\/#\/schema\/logo\/image\/"},"sameAs":["https:\/\/www.facebook.com\/cremino.gianduia.1","https:\/\/x.com\/GianduiaCremino","https:\/\/www.instagram.com\/creminogianduia\/","https:\/\/www.pinterest.com.au\/creminogianduia\/","https:\/\/www.youtube.com\/channel\/UCWFQlcc9EQnAsLkD8rBsgig"]}]}},"brands":[{"id":4837,"name":"Feitoria do cacao","slug":"feitoria-do-cacao-en"}],"_links":{"self":[{"href":"https:\/\/www.chocolate7.com\/en\/wp-json\/wp\/v2\/product\/32452","targetHints":{"allow":["GET"]}}],"collection":[{"href":"https:\/\/www.chocolate7.com\/en\/wp-json\/wp\/v2\/product"}],"about":[{"href":"https:\/\/www.chocolate7.com\/en\/wp-json\/wp\/v2\/types\/product"}],"wp:featuredmedia":[{"embeddable":true,"href":"https:\/\/www.chocolate7.com\/en\/wp-json\/wp\/v2\/media\/32454"}],"wp:attachment":[{"href":"https:\/\/www.chocolate7.com\/en\/wp-json\/wp\/v2\/media?parent=32452"}],"wp:term":[{"taxonomy":"pwb-brand","embeddable":true,"href":"https:\/\/www.chocolate7.com\/en\/wp-json\/wp\/v2\/pwb-brand?post=32452"},{"taxonomy":"product_brand","embeddable":true,"href":"https:\/\/www.chocolate7.com\/en\/wp-json\/wp\/v2\/product_brand?post=32452"},{"taxonomy":"product_cat","embeddable":true,"href":"https:\/\/www.chocolate7.com\/en\/wp-json\/wp\/v2\/product_cat?post=32452"},{"taxonomy":"product_tag","embeddable":true,"href":"https:\/\/www.chocolate7.com\/en\/wp-json\/wp\/v2\/product_tag?post=32452"},{"taxonomy":"giftcard-category","embeddable":true,"href":"https:\/\/www.chocolate7.com\/en\/wp-json\/wp\/v2\/giftcard-category?post=32452"}],"curies":[{"name":"wp","href":"https:\/\/api.w.org\/{rel}","templated":true}]}}