{"id":32456,"date":"2023-04-28T13:44:21","date_gmt":"2023-04-28T11:44:22","guid":{"rendered":"https:\/\/www.chocolate7.com\/?post_type=product&#038;p=32456"},"modified":"2023-04-28T14:00:44","modified_gmt":"2023-04-28T12:00:44","slug":"feitoria-do-cacao-tanzania-sheeps-milk-chocolate","status":"publish","type":"product","link":"https:\/\/www.chocolate7.com\/en\/shop\/bar\/milk\/feitoria-do-cacao-tanzania-sheeps-milk-chocolate\/","title":{"rendered":"Feitoria do cacao Tanzania sheep&#8217;s milk chocolate"},"content":{"rendered":"<p style=\"text-align: left\">Milk chocolate bar &#8211; Made by Feitoria do cacao<\/p>\n<p>O vale Kilombero, situado na zona central da Tanz\u00e2nia, \u00e9 uma lez\u00edria f\u00e9rtil, tamb\u00e9m conhecido como terra do arroz. O cacau que cresce nesta \u00e1rea, tem um car\u00e1cter particular devido \u00e0 acidez muito frutada e vibrante que proporciona um grande impacto, com nuances r\u00fasticas como feno ou ervas.<\/p>\n<p>A Feitoria do Cacao desafiou combinar este cacau caracter\u00edstico com leite doce e intenso de ovelha. Ap\u00f3s derreter suavemente na boca com sua do\u00e7ura caracter\u00edstica de leite de ovelha, desenvolve um paladar rico e profundamente complexo pelo seu dueto sensorial com o cacau. A ligeira acidez tocando baixo profundo, termina com uma harmonia divinal.<\/p>\n<p>Sugere-se apreciar com queijo ou vinho fortificado.<\/p>\n","protected":false},"excerpt":{"rendered":"<p>Feitoria do cacao is a bean to bar chocolate maker from Portugal. This fine chocolate bar is made with cocoa from Tanzania (Kilombero Valley). Feitoria do cacao Tanzania sheep&#8217;s milk chocolate 60% is a sweet sheep&#8217;s milk chocolate, with aromatic notes of citrus, walnut, hay, aromatic herbs, pecorino cheese<\/p>\n<p>It is recommended to taste it with cheeses or liqueur wines.<\/p>\n<p>&nbsp;<\/p>\n<p>&nbsp;<\/p>\n<h1><\/h1>\n","protected":false},"featured_media":32458,"template":"","meta":[],"pwb-brand":[4837],"product_brand":[],"product_cat":[3251,3259],"product_tag":[],"giftcard-category":[],"class_list":{"0":"post-32456","1":"product","2":"type-product","3":"status-publish","4":"has-post-thumbnail","6":"pwb-brand-feitoria-do-cacao-en","7":"product_cat-bar","8":"product_cat-milk","9":"pa_acidita-1-en","10":"pa_allergeni-contains-milk-may-contain-traces-of-nuts","11":"pa_amarezza-0-en","12":"pa_astringenza-0-en","13":"pa_cacao-60-69-en","14":"pa_carboidrati-307-g-en","15":"pa_carboidrati-zuccheri-291-g-en","16":"pa_codice-a-barre-5600266139022-en","17":"pa_conservazione-store-in-a-dry-cool-and-odorless-place","18":"pa_dolcezza-3-en","19":"pa_fibre-64-g-en","20":"pa_grassi-52-g-en","21":"pa_grassi-saturi-329-g-en","22":"pa_ingredienti-cocoa-beans-from-tanzania-cane-sugar-cocoa-butter-and-sheeps-milk-powder-origin-spain","23":"pa_note-di-degustazione-citrus-walnut-hay-aromatic-herbs-pecorino-cheese","24":"pa_paese-produttore-portugal","25":"pa_percentuale-di-cacao-60-en","26":"pa_proteine-78-g-en","27":"pa_sale-014-g-en","28":"pa_tipo-di-cioccolato-milk-chocolate","29":"pa_valore-energetico-2629-kj-633-kcal-en","31":"first","32":"outofstock","33":"taxable","34":"shipping-taxable","35":"purchasable","36":"product-type-simple"},"yoast_head":"<!-- This site is optimized with the Yoast SEO plugin v23.3 - https:\/\/yoast.com\/wordpress\/plugins\/seo\/ -->\n<title>Feitoria do cacao Tanzania sheep&#039;s milk chocolate - Chocolate7<\/title>\n<meta name=\"robots\" content=\"index, follow, max-snippet:-1, max-image-preview:large, max-video-preview:-1\" \/>\n<link rel=\"canonical\" href=\"https:\/\/www.chocolate7.com\/shop\/tavoletta\/latte\/feitoria-do-cacao-tanzania-cioccolato-al-latte-di-pecora\/\" \/>\n<meta property=\"og:locale\" content=\"en_US\" \/>\n<meta property=\"og:type\" content=\"article\" \/>\n<meta property=\"og:title\" content=\"Feitoria do cacao Tanzania sheep&#039;s milk chocolate - Chocolate7\" \/>\n<meta property=\"og:description\" content=\"Feitoria do cacao is a bean to bar chocolate maker from Portugal. This fine chocolate bar is made with cocoa from Tanzania (Kilombero Valley). Feitoria do cacao Tanzania sheep&#039;s milk chocolate 60% is a sweet sheep&#039;s milk chocolate, with aromatic notes of citrus, walnut, hay, aromatic herbs, pecorino cheese  It is recommended to taste it with cheeses or liqueur wines.  &nbsp;  &nbsp;\" \/>\n<meta property=\"og:url\" content=\"https:\/\/www.chocolate7.com\/shop\/tavoletta\/latte\/feitoria-do-cacao-tanzania-cioccolato-al-latte-di-pecora\/\" \/>\n<meta property=\"og:site_name\" content=\"Chocolate7\" \/>\n<meta property=\"article:publisher\" content=\"https:\/\/www.facebook.com\/cremino.gianduia.1\" \/>\n<meta property=\"article:modified_time\" content=\"2023-04-28T12:00:44+00:00\" \/>\n<meta property=\"og:image\" content=\"https:\/\/www.chocolate7.com\/wp-content\/uploads\/2023\/04\/IMG_20230428_133636_384-scaled-e1682682980161.jpg\" \/>\n\t<meta property=\"og:image:width\" content=\"600\" \/>\n\t<meta property=\"og:image:height\" content=\"600\" \/>\n\t<meta property=\"og:image:type\" content=\"image\/jpeg\" \/>\n<meta name=\"twitter:card\" content=\"summary_large_image\" \/>\n<meta name=\"twitter:site\" content=\"@GianduiaCremino\" \/>\n<meta name=\"twitter:label1\" content=\"Est. reading time\" \/>\n\t<meta name=\"twitter:data1\" content=\"1 minute\" \/>\n<script type=\"application\/ld+json\" class=\"yoast-schema-graph\">{\"@context\":\"https:\/\/schema.org\",\"@graph\":[{\"@type\":\"WebPage\",\"@id\":\"https:\/\/www.chocolate7.com\/shop\/tavoletta\/latte\/feitoria-do-cacao-tanzania-cioccolato-al-latte-di-pecora\/\",\"url\":\"https:\/\/www.chocolate7.com\/shop\/tavoletta\/latte\/feitoria-do-cacao-tanzania-cioccolato-al-latte-di-pecora\/\",\"name\":\"Feitoria do cacao Tanzania sheep's milk chocolate - Chocolate7\",\"isPartOf\":{\"@id\":\"https:\/\/www.chocolate7.com\/#website\"},\"primaryImageOfPage\":{\"@id\":\"https:\/\/www.chocolate7.com\/shop\/tavoletta\/latte\/feitoria-do-cacao-tanzania-cioccolato-al-latte-di-pecora\/#primaryimage\"},\"image\":{\"@id\":\"https:\/\/www.chocolate7.com\/shop\/tavoletta\/latte\/feitoria-do-cacao-tanzania-cioccolato-al-latte-di-pecora\/#primaryimage\"},\"thumbnailUrl\":\"https:\/\/www.chocolate7.com\/wp-content\/uploads\/2023\/04\/IMG_20230428_133636_384-scaled-e1682682980161.jpg\",\"datePublished\":\"2023-04-28T11:44:22+00:00\",\"dateModified\":\"2023-04-28T12:00:44+00:00\",\"breadcrumb\":{\"@id\":\"https:\/\/www.chocolate7.com\/shop\/tavoletta\/latte\/feitoria-do-cacao-tanzania-cioccolato-al-latte-di-pecora\/#breadcrumb\"},\"inLanguage\":\"en-US\",\"potentialAction\":[{\"@type\":\"ReadAction\",\"target\":[\"https:\/\/www.chocolate7.com\/shop\/tavoletta\/latte\/feitoria-do-cacao-tanzania-cioccolato-al-latte-di-pecora\/\"]}]},{\"@type\":\"ImageObject\",\"inLanguage\":\"en-US\",\"@id\":\"https:\/\/www.chocolate7.com\/shop\/tavoletta\/latte\/feitoria-do-cacao-tanzania-cioccolato-al-latte-di-pecora\/#primaryimage\",\"url\":\"https:\/\/www.chocolate7.com\/wp-content\/uploads\/2023\/04\/IMG_20230428_133636_384-scaled-e1682682980161.jpg\",\"contentUrl\":\"https:\/\/www.chocolate7.com\/wp-content\/uploads\/2023\/04\/IMG_20230428_133636_384-scaled-e1682682980161.jpg\",\"width\":600,\"height\":600},{\"@type\":\"BreadcrumbList\",\"@id\":\"https:\/\/www.chocolate7.com\/shop\/tavoletta\/latte\/feitoria-do-cacao-tanzania-cioccolato-al-latte-di-pecora\/#breadcrumb\",\"itemListElement\":[{\"@type\":\"ListItem\",\"position\":1,\"name\":\"Home\",\"item\":\"https:\/\/www.chocolate7.com\/en\/\"},{\"@type\":\"ListItem\",\"position\":2,\"name\":\"Shop\",\"item\":\"https:\/\/www.chocolate7.com\/en\/store\/\"},{\"@type\":\"ListItem\",\"position\":3,\"name\":\"Feitoria do cacao Tanzania sheep&#8217;s milk chocolate\"}]},{\"@type\":\"WebSite\",\"@id\":\"https:\/\/www.chocolate7.com\/#website\",\"url\":\"https:\/\/www.chocolate7.com\/\",\"name\":\"Chocolate7\",\"description\":\"The fine &amp; luxury chocolate selection\",\"publisher\":{\"@id\":\"https:\/\/www.chocolate7.com\/#organization\"},\"potentialAction\":[{\"@type\":\"SearchAction\",\"target\":{\"@type\":\"EntryPoint\",\"urlTemplate\":\"https:\/\/www.chocolate7.com\/?s={search_term_string}\"},\"query-input\":\"required name=search_term_string\"}],\"inLanguage\":\"en-US\"},{\"@type\":\"Organization\",\"@id\":\"https:\/\/www.chocolate7.com\/#organization\",\"name\":\"Choc7 di Benedetto Giovanni\",\"url\":\"https:\/\/www.chocolate7.com\/\",\"logo\":{\"@type\":\"ImageObject\",\"inLanguage\":\"en-US\",\"@id\":\"https:\/\/www.chocolate7.com\/#\/schema\/logo\/image\/\",\"url\":\"https:\/\/www.chocolate7.com\/wp-content\/uploads\/2018\/10\/logo_chocolate.png\",\"contentUrl\":\"https:\/\/www.chocolate7.com\/wp-content\/uploads\/2018\/10\/logo_chocolate.png\",\"width\":200,\"height\":41,\"caption\":\"Choc7 di Benedetto Giovanni\"},\"image\":{\"@id\":\"https:\/\/www.chocolate7.com\/#\/schema\/logo\/image\/\"},\"sameAs\":[\"https:\/\/www.facebook.com\/cremino.gianduia.1\",\"https:\/\/x.com\/GianduiaCremino\",\"https:\/\/www.instagram.com\/creminogianduia\/\",\"https:\/\/www.pinterest.com.au\/creminogianduia\/\",\"https:\/\/www.youtube.com\/channel\/UCWFQlcc9EQnAsLkD8rBsgig\"]}]}<\/script>\n<!-- \/ Yoast SEO plugin. -->","yoast_head_json":{"title":"Feitoria do cacao Tanzania sheep's milk chocolate - Chocolate7","robots":{"index":"index","follow":"follow","max-snippet":"max-snippet:-1","max-image-preview":"max-image-preview:large","max-video-preview":"max-video-preview:-1"},"canonical":"https:\/\/www.chocolate7.com\/shop\/tavoletta\/latte\/feitoria-do-cacao-tanzania-cioccolato-al-latte-di-pecora\/","og_locale":"en_US","og_type":"article","og_title":"Feitoria do cacao Tanzania sheep's milk chocolate - Chocolate7","og_description":"Feitoria do cacao is a bean to bar chocolate maker from Portugal. This fine chocolate bar is made with cocoa from Tanzania (Kilombero Valley). Feitoria do cacao Tanzania sheep's milk chocolate 60% is a sweet sheep's milk chocolate, with aromatic notes of citrus, walnut, hay, aromatic herbs, pecorino cheese  It is recommended to taste it with cheeses or liqueur wines.  &nbsp;  &nbsp;","og_url":"https:\/\/www.chocolate7.com\/shop\/tavoletta\/latte\/feitoria-do-cacao-tanzania-cioccolato-al-latte-di-pecora\/","og_site_name":"Chocolate7","article_publisher":"https:\/\/www.facebook.com\/cremino.gianduia.1","article_modified_time":"2023-04-28T12:00:44+00:00","og_image":[{"width":600,"height":600,"url":"https:\/\/www.chocolate7.com\/wp-content\/uploads\/2023\/04\/IMG_20230428_133636_384-scaled-e1682682980161.jpg","type":"image\/jpeg"}],"twitter_card":"summary_large_image","twitter_site":"@GianduiaCremino","twitter_misc":{"Est. reading time":"1 minute"},"schema":{"@context":"https:\/\/schema.org","@graph":[{"@type":"WebPage","@id":"https:\/\/www.chocolate7.com\/shop\/tavoletta\/latte\/feitoria-do-cacao-tanzania-cioccolato-al-latte-di-pecora\/","url":"https:\/\/www.chocolate7.com\/shop\/tavoletta\/latte\/feitoria-do-cacao-tanzania-cioccolato-al-latte-di-pecora\/","name":"Feitoria do cacao Tanzania sheep's milk chocolate - Chocolate7","isPartOf":{"@id":"https:\/\/www.chocolate7.com\/#website"},"primaryImageOfPage":{"@id":"https:\/\/www.chocolate7.com\/shop\/tavoletta\/latte\/feitoria-do-cacao-tanzania-cioccolato-al-latte-di-pecora\/#primaryimage"},"image":{"@id":"https:\/\/www.chocolate7.com\/shop\/tavoletta\/latte\/feitoria-do-cacao-tanzania-cioccolato-al-latte-di-pecora\/#primaryimage"},"thumbnailUrl":"https:\/\/www.chocolate7.com\/wp-content\/uploads\/2023\/04\/IMG_20230428_133636_384-scaled-e1682682980161.jpg","datePublished":"2023-04-28T11:44:22+00:00","dateModified":"2023-04-28T12:00:44+00:00","breadcrumb":{"@id":"https:\/\/www.chocolate7.com\/shop\/tavoletta\/latte\/feitoria-do-cacao-tanzania-cioccolato-al-latte-di-pecora\/#breadcrumb"},"inLanguage":"en-US","potentialAction":[{"@type":"ReadAction","target":["https:\/\/www.chocolate7.com\/shop\/tavoletta\/latte\/feitoria-do-cacao-tanzania-cioccolato-al-latte-di-pecora\/"]}]},{"@type":"ImageObject","inLanguage":"en-US","@id":"https:\/\/www.chocolate7.com\/shop\/tavoletta\/latte\/feitoria-do-cacao-tanzania-cioccolato-al-latte-di-pecora\/#primaryimage","url":"https:\/\/www.chocolate7.com\/wp-content\/uploads\/2023\/04\/IMG_20230428_133636_384-scaled-e1682682980161.jpg","contentUrl":"https:\/\/www.chocolate7.com\/wp-content\/uploads\/2023\/04\/IMG_20230428_133636_384-scaled-e1682682980161.jpg","width":600,"height":600},{"@type":"BreadcrumbList","@id":"https:\/\/www.chocolate7.com\/shop\/tavoletta\/latte\/feitoria-do-cacao-tanzania-cioccolato-al-latte-di-pecora\/#breadcrumb","itemListElement":[{"@type":"ListItem","position":1,"name":"Home","item":"https:\/\/www.chocolate7.com\/en\/"},{"@type":"ListItem","position":2,"name":"Shop","item":"https:\/\/www.chocolate7.com\/en\/store\/"},{"@type":"ListItem","position":3,"name":"Feitoria do cacao Tanzania sheep&#8217;s milk chocolate"}]},{"@type":"WebSite","@id":"https:\/\/www.chocolate7.com\/#website","url":"https:\/\/www.chocolate7.com\/","name":"Chocolate7","description":"The fine &amp; luxury chocolate selection","publisher":{"@id":"https:\/\/www.chocolate7.com\/#organization"},"potentialAction":[{"@type":"SearchAction","target":{"@type":"EntryPoint","urlTemplate":"https:\/\/www.chocolate7.com\/?s={search_term_string}"},"query-input":"required name=search_term_string"}],"inLanguage":"en-US"},{"@type":"Organization","@id":"https:\/\/www.chocolate7.com\/#organization","name":"Choc7 di Benedetto Giovanni","url":"https:\/\/www.chocolate7.com\/","logo":{"@type":"ImageObject","inLanguage":"en-US","@id":"https:\/\/www.chocolate7.com\/#\/schema\/logo\/image\/","url":"https:\/\/www.chocolate7.com\/wp-content\/uploads\/2018\/10\/logo_chocolate.png","contentUrl":"https:\/\/www.chocolate7.com\/wp-content\/uploads\/2018\/10\/logo_chocolate.png","width":200,"height":41,"caption":"Choc7 di Benedetto Giovanni"},"image":{"@id":"https:\/\/www.chocolate7.com\/#\/schema\/logo\/image\/"},"sameAs":["https:\/\/www.facebook.com\/cremino.gianduia.1","https:\/\/x.com\/GianduiaCremino","https:\/\/www.instagram.com\/creminogianduia\/","https:\/\/www.pinterest.com.au\/creminogianduia\/","https:\/\/www.youtube.com\/channel\/UCWFQlcc9EQnAsLkD8rBsgig"]}]}},"brands":[{"id":4837,"name":"Feitoria do cacao","slug":"feitoria-do-cacao-en"}],"_links":{"self":[{"href":"https:\/\/www.chocolate7.com\/en\/wp-json\/wp\/v2\/product\/32456","targetHints":{"allow":["GET"]}}],"collection":[{"href":"https:\/\/www.chocolate7.com\/en\/wp-json\/wp\/v2\/product"}],"about":[{"href":"https:\/\/www.chocolate7.com\/en\/wp-json\/wp\/v2\/types\/product"}],"wp:featuredmedia":[{"embeddable":true,"href":"https:\/\/www.chocolate7.com\/en\/wp-json\/wp\/v2\/media\/32458"}],"wp:attachment":[{"href":"https:\/\/www.chocolate7.com\/en\/wp-json\/wp\/v2\/media?parent=32456"}],"wp:term":[{"taxonomy":"pwb-brand","embeddable":true,"href":"https:\/\/www.chocolate7.com\/en\/wp-json\/wp\/v2\/pwb-brand?post=32456"},{"taxonomy":"product_brand","embeddable":true,"href":"https:\/\/www.chocolate7.com\/en\/wp-json\/wp\/v2\/product_brand?post=32456"},{"taxonomy":"product_cat","embeddable":true,"href":"https:\/\/www.chocolate7.com\/en\/wp-json\/wp\/v2\/product_cat?post=32456"},{"taxonomy":"product_tag","embeddable":true,"href":"https:\/\/www.chocolate7.com\/en\/wp-json\/wp\/v2\/product_tag?post=32456"},{"taxonomy":"giftcard-category","embeddable":true,"href":"https:\/\/www.chocolate7.com\/en\/wp-json\/wp\/v2\/giftcard-category?post=32456"}],"curies":[{"name":"wp","href":"https:\/\/api.w.org\/{rel}","templated":true}]}}