{"id":32837,"date":"2023-10-23T11:56:47","date_gmt":"2023-10-23T09:56:47","guid":{"rendered":"https:\/\/www.chocolate7.com\/?post_type=product&#038;p=32837"},"modified":"2024-03-08T03:57:54","modified_gmt":"2024-03-08T02:57:54","slug":"georgia-ramon-dark-chocolate-with-malabar-and-cubeb-pepper","status":"publish","type":"product","link":"https:\/\/www.chocolate7.com\/en\/shop\/bar\/dark-chocolate-milk-chocolate-en\/georgia-ramon-dark-chocolate-with-malabar-and-cubeb-pepper\/","title":{"rendered":"Georgia Ramon dark chocolate with Malabar and Cubeb pepper"},"content":{"rendered":"<p style=\"text-align: left\">Dark chocolate bar filled \/ flavored \/ with inclusions &#8211; Made by Georgia Ramon<\/p>\n<p>Tauchen Sie ein in eine einzigartige Geschmacksexplosion mit unserer Dunklen 70% Schokolade, kunstvoll veredelt mit der raffinierten Sch\u00e4rfe von Malabar- und Kubebenpfeffer. Jeder Bissen ist eine Reise der Sinne, die Ihre Gaumenfreuden neu definieren wird. Das Besondere an dieser Schokolade ist die einzigartige Textur, da der st\u00fcckige Malabar- und Kubebenpfeffer eine aufregende Komponente hinzuf\u00fcgt, die Ihr Geschmackserlebnis auf ein neues Niveau hebt.<\/p>\n<p>Die Ehe zwischen dem reichen Kakao und den markanten Pfeffersorten &#8211; Kubebenpfeffer und Malabar Pfeffer &#8211; verleiht der Schokolade eine au\u00dfergew\u00f6hnliche Geschmackskomplexit\u00e4t. Der Kubebenpfeffer tr\u00e4gt subtile w\u00fcrzige und zitrusartige Noten bei, w\u00e4hrend der Malabar Pfeffer mit seiner tieferen Sch\u00e4rfe und aromatischen Tiefe punktet.<\/p>\n<p>Unser Produkt wird mit Stolz aus sorgf\u00e4ltig ausgew\u00e4hlten Bio-Zutaten hergestellt, um sicherzustellen, dass Sie nicht nur einen exquisiten Genuss erleben, sondern auch ein Produkt, das im Einklang mit der Natur steht.<\/p>\n","protected":false},"excerpt":{"rendered":"<p>Georgia Ramon is a bean to bar chocolate maker from Germany. This fine chocolate bar is made with a blend of fine cocoa. Georgia Ramon dark chocolate with Malabar pepper and Cubeb 70% is a flavored dark chocolate with a pleasantly sweet taste with aromatic notes of citrus fruits, Malabar pepper and Cubeb pepper.<\/p>\n<p>Cube pepper brings subtle spicy and citrus notes, while Malabar pepper stands out for its deeper spiciness and aromatic depth.<\/p>\n","protected":false},"featured_media":32839,"template":"","meta":[],"pwb-brand":[3348],"product_brand":[],"product_cat":[3251,3256],"product_tag":[],"giftcard-category":[],"class_list":{"0":"post-32837","1":"product","2":"type-product","3":"status-publish","4":"has-post-thumbnail","6":"pwb-brand-georgia-ramon-en","7":"product_cat-bar","8":"product_cat-dark-chocolate-milk-chocolate-en","9":"pa_acidita-1-en","10":"pa_allergeni-may-contain-traces-of-nuts-and-milk-en-2","11":"pa_amarezza-2-en","12":"pa_astringenza-0-en","13":"pa_cacao-70-79-en","14":"pa_carboidrati-37-g-en","15":"pa_carboidrati-zuccheri-30-g-en","16":"pa_certificazioni-unless-otherwise-indicated-all-raw-materials-come-from-organic-farming-de-oko-003-non-eu-agriculture-en","17":"pa_dolcezza-4-en","18":"pa_grassi-49-g-en","19":"pa_grassi-saturi-37-g-en","20":"pa_ingredienti-cocoa-mass-raw-cane-sugar-cocoa-butter-cube-pepper-3-malabar-pepper-2","21":"pa_note-di-degustazione-citrus-fruits-malabar-pepper-and-cubeb-pepper","22":"pa_paese-delle-fave-di-cacao-blend-en","23":"pa_paese-produttore-germany","24":"pa_percentuale-di-cacao-70-en","25":"pa_proteine-7-g-en","26":"pa_sale-001-g-en","27":"pa_tipo-di-cioccolato-flavoured-filled-inclusions-dark-chocolate-bar","28":"pa_valore-energetico-551-kcal-2303-kj-en","30":"first","31":"instock","32":"taxable","33":"shipping-taxable","34":"purchasable","35":"product-type-simple"},"yoast_head":"<!-- This site is optimized with the Yoast SEO plugin v23.3 - https:\/\/yoast.com\/wordpress\/plugins\/seo\/ -->\n<title>Georgia Ramon dark chocolate with Malabar and Cubeb pepper - Chocolate7<\/title>\n<meta name=\"robots\" content=\"index, follow, max-snippet:-1, max-image-preview:large, max-video-preview:-1\" \/>\n<link rel=\"canonical\" href=\"https:\/\/www.chocolate7.com\/shop\/tavoletta\/fondente-inclusioni-ripieno-aromatizzato\/georgia-ramon-cioccolato-fondente-con-pepe-malabar-e-cubeb\/\" \/>\n<meta property=\"og:locale\" content=\"en_US\" \/>\n<meta property=\"og:type\" content=\"article\" \/>\n<meta property=\"og:title\" content=\"Georgia Ramon dark chocolate with Malabar and Cubeb pepper - Chocolate7\" \/>\n<meta property=\"og:description\" content=\"Georgia Ramon is a bean to bar chocolate maker from Germany. This fine chocolate bar is made with a blend of fine cocoa. Georgia Ramon dark chocolate with Malabar pepper and Cubeb 70% is a flavored dark chocolate with a pleasantly sweet taste with aromatic notes of citrus fruits, Malabar pepper and Cubeb pepper.  Cube pepper brings subtle spicy and citrus notes, while Malabar pepper stands out for its deeper spiciness and aromatic depth.\" \/>\n<meta property=\"og:url\" content=\"https:\/\/www.chocolate7.com\/shop\/tavoletta\/fondente-inclusioni-ripieno-aromatizzato\/georgia-ramon-cioccolato-fondente-con-pepe-malabar-e-cubeb\/\" \/>\n<meta property=\"og:site_name\" content=\"Chocolate7\" \/>\n<meta property=\"article:publisher\" content=\"https:\/\/www.facebook.com\/cremino.gianduia.1\" \/>\n<meta property=\"article:modified_time\" content=\"2024-03-08T02:57:54+00:00\" \/>\n<meta property=\"og:image\" content=\"https:\/\/www.chocolate7.com\/wp-content\/uploads\/2023\/10\/IMG_20231022_104512_782-scaled-e1698056188141.jpg\" \/>\n\t<meta property=\"og:image:width\" content=\"600\" \/>\n\t<meta property=\"og:image:height\" content=\"600\" \/>\n\t<meta property=\"og:image:type\" content=\"image\/jpeg\" \/>\n<meta name=\"twitter:card\" content=\"summary_large_image\" \/>\n<meta name=\"twitter:site\" content=\"@GianduiaCremino\" \/>\n<meta name=\"twitter:label1\" content=\"Est. reading time\" \/>\n\t<meta name=\"twitter:data1\" content=\"1 minute\" \/>\n<script type=\"application\/ld+json\" class=\"yoast-schema-graph\">{\"@context\":\"https:\/\/schema.org\",\"@graph\":[{\"@type\":\"WebPage\",\"@id\":\"https:\/\/www.chocolate7.com\/shop\/tavoletta\/fondente-inclusioni-ripieno-aromatizzato\/georgia-ramon-cioccolato-fondente-con-pepe-malabar-e-cubeb\/\",\"url\":\"https:\/\/www.chocolate7.com\/shop\/tavoletta\/fondente-inclusioni-ripieno-aromatizzato\/georgia-ramon-cioccolato-fondente-con-pepe-malabar-e-cubeb\/\",\"name\":\"Georgia Ramon dark chocolate with Malabar and Cubeb pepper - Chocolate7\",\"isPartOf\":{\"@id\":\"https:\/\/www.chocolate7.com\/#website\"},\"primaryImageOfPage\":{\"@id\":\"https:\/\/www.chocolate7.com\/shop\/tavoletta\/fondente-inclusioni-ripieno-aromatizzato\/georgia-ramon-cioccolato-fondente-con-pepe-malabar-e-cubeb\/#primaryimage\"},\"image\":{\"@id\":\"https:\/\/www.chocolate7.com\/shop\/tavoletta\/fondente-inclusioni-ripieno-aromatizzato\/georgia-ramon-cioccolato-fondente-con-pepe-malabar-e-cubeb\/#primaryimage\"},\"thumbnailUrl\":\"https:\/\/www.chocolate7.com\/wp-content\/uploads\/2023\/10\/IMG_20231022_104512_782-scaled-e1698056188141.jpg\",\"datePublished\":\"2023-10-23T09:56:47+00:00\",\"dateModified\":\"2024-03-08T02:57:54+00:00\",\"breadcrumb\":{\"@id\":\"https:\/\/www.chocolate7.com\/shop\/tavoletta\/fondente-inclusioni-ripieno-aromatizzato\/georgia-ramon-cioccolato-fondente-con-pepe-malabar-e-cubeb\/#breadcrumb\"},\"inLanguage\":\"en-US\",\"potentialAction\":[{\"@type\":\"ReadAction\",\"target\":[\"https:\/\/www.chocolate7.com\/shop\/tavoletta\/fondente-inclusioni-ripieno-aromatizzato\/georgia-ramon-cioccolato-fondente-con-pepe-malabar-e-cubeb\/\"]}]},{\"@type\":\"ImageObject\",\"inLanguage\":\"en-US\",\"@id\":\"https:\/\/www.chocolate7.com\/shop\/tavoletta\/fondente-inclusioni-ripieno-aromatizzato\/georgia-ramon-cioccolato-fondente-con-pepe-malabar-e-cubeb\/#primaryimage\",\"url\":\"https:\/\/www.chocolate7.com\/wp-content\/uploads\/2023\/10\/IMG_20231022_104512_782-scaled-e1698056188141.jpg\",\"contentUrl\":\"https:\/\/www.chocolate7.com\/wp-content\/uploads\/2023\/10\/IMG_20231022_104512_782-scaled-e1698056188141.jpg\",\"width\":600,\"height\":600},{\"@type\":\"BreadcrumbList\",\"@id\":\"https:\/\/www.chocolate7.com\/shop\/tavoletta\/fondente-inclusioni-ripieno-aromatizzato\/georgia-ramon-cioccolato-fondente-con-pepe-malabar-e-cubeb\/#breadcrumb\",\"itemListElement\":[{\"@type\":\"ListItem\",\"position\":1,\"name\":\"Home\",\"item\":\"https:\/\/www.chocolate7.com\/en\/\"},{\"@type\":\"ListItem\",\"position\":2,\"name\":\"Shop\",\"item\":\"https:\/\/www.chocolate7.com\/en\/store\/\"},{\"@type\":\"ListItem\",\"position\":3,\"name\":\"Georgia Ramon dark chocolate with Malabar and Cubeb pepper\"}]},{\"@type\":\"WebSite\",\"@id\":\"https:\/\/www.chocolate7.com\/#website\",\"url\":\"https:\/\/www.chocolate7.com\/\",\"name\":\"Chocolate7\",\"description\":\"The fine &amp; luxury chocolate selection\",\"publisher\":{\"@id\":\"https:\/\/www.chocolate7.com\/#organization\"},\"potentialAction\":[{\"@type\":\"SearchAction\",\"target\":{\"@type\":\"EntryPoint\",\"urlTemplate\":\"https:\/\/www.chocolate7.com\/?s={search_term_string}\"},\"query-input\":\"required name=search_term_string\"}],\"inLanguage\":\"en-US\"},{\"@type\":\"Organization\",\"@id\":\"https:\/\/www.chocolate7.com\/#organization\",\"name\":\"Choc7 di Benedetto Giovanni\",\"url\":\"https:\/\/www.chocolate7.com\/\",\"logo\":{\"@type\":\"ImageObject\",\"inLanguage\":\"en-US\",\"@id\":\"https:\/\/www.chocolate7.com\/#\/schema\/logo\/image\/\",\"url\":\"https:\/\/www.chocolate7.com\/wp-content\/uploads\/2018\/10\/logo_chocolate.png\",\"contentUrl\":\"https:\/\/www.chocolate7.com\/wp-content\/uploads\/2018\/10\/logo_chocolate.png\",\"width\":200,\"height\":41,\"caption\":\"Choc7 di Benedetto Giovanni\"},\"image\":{\"@id\":\"https:\/\/www.chocolate7.com\/#\/schema\/logo\/image\/\"},\"sameAs\":[\"https:\/\/www.facebook.com\/cremino.gianduia.1\",\"https:\/\/x.com\/GianduiaCremino\",\"https:\/\/www.instagram.com\/creminogianduia\/\",\"https:\/\/www.pinterest.com.au\/creminogianduia\/\",\"https:\/\/www.youtube.com\/channel\/UCWFQlcc9EQnAsLkD8rBsgig\"]}]}<\/script>\n<!-- \/ Yoast SEO plugin. -->","yoast_head_json":{"title":"Georgia Ramon dark chocolate with Malabar and Cubeb pepper - Chocolate7","robots":{"index":"index","follow":"follow","max-snippet":"max-snippet:-1","max-image-preview":"max-image-preview:large","max-video-preview":"max-video-preview:-1"},"canonical":"https:\/\/www.chocolate7.com\/shop\/tavoletta\/fondente-inclusioni-ripieno-aromatizzato\/georgia-ramon-cioccolato-fondente-con-pepe-malabar-e-cubeb\/","og_locale":"en_US","og_type":"article","og_title":"Georgia Ramon dark chocolate with Malabar and Cubeb pepper - Chocolate7","og_description":"Georgia Ramon is a bean to bar chocolate maker from Germany. This fine chocolate bar is made with a blend of fine cocoa. Georgia Ramon dark chocolate with Malabar pepper and Cubeb 70% is a flavored dark chocolate with a pleasantly sweet taste with aromatic notes of citrus fruits, Malabar pepper and Cubeb pepper.  Cube pepper brings subtle spicy and citrus notes, while Malabar pepper stands out for its deeper spiciness and aromatic depth.","og_url":"https:\/\/www.chocolate7.com\/shop\/tavoletta\/fondente-inclusioni-ripieno-aromatizzato\/georgia-ramon-cioccolato-fondente-con-pepe-malabar-e-cubeb\/","og_site_name":"Chocolate7","article_publisher":"https:\/\/www.facebook.com\/cremino.gianduia.1","article_modified_time":"2024-03-08T02:57:54+00:00","og_image":[{"width":600,"height":600,"url":"https:\/\/www.chocolate7.com\/wp-content\/uploads\/2023\/10\/IMG_20231022_104512_782-scaled-e1698056188141.jpg","type":"image\/jpeg"}],"twitter_card":"summary_large_image","twitter_site":"@GianduiaCremino","twitter_misc":{"Est. reading time":"1 minute"},"schema":{"@context":"https:\/\/schema.org","@graph":[{"@type":"WebPage","@id":"https:\/\/www.chocolate7.com\/shop\/tavoletta\/fondente-inclusioni-ripieno-aromatizzato\/georgia-ramon-cioccolato-fondente-con-pepe-malabar-e-cubeb\/","url":"https:\/\/www.chocolate7.com\/shop\/tavoletta\/fondente-inclusioni-ripieno-aromatizzato\/georgia-ramon-cioccolato-fondente-con-pepe-malabar-e-cubeb\/","name":"Georgia Ramon dark chocolate with Malabar and Cubeb pepper - Chocolate7","isPartOf":{"@id":"https:\/\/www.chocolate7.com\/#website"},"primaryImageOfPage":{"@id":"https:\/\/www.chocolate7.com\/shop\/tavoletta\/fondente-inclusioni-ripieno-aromatizzato\/georgia-ramon-cioccolato-fondente-con-pepe-malabar-e-cubeb\/#primaryimage"},"image":{"@id":"https:\/\/www.chocolate7.com\/shop\/tavoletta\/fondente-inclusioni-ripieno-aromatizzato\/georgia-ramon-cioccolato-fondente-con-pepe-malabar-e-cubeb\/#primaryimage"},"thumbnailUrl":"https:\/\/www.chocolate7.com\/wp-content\/uploads\/2023\/10\/IMG_20231022_104512_782-scaled-e1698056188141.jpg","datePublished":"2023-10-23T09:56:47+00:00","dateModified":"2024-03-08T02:57:54+00:00","breadcrumb":{"@id":"https:\/\/www.chocolate7.com\/shop\/tavoletta\/fondente-inclusioni-ripieno-aromatizzato\/georgia-ramon-cioccolato-fondente-con-pepe-malabar-e-cubeb\/#breadcrumb"},"inLanguage":"en-US","potentialAction":[{"@type":"ReadAction","target":["https:\/\/www.chocolate7.com\/shop\/tavoletta\/fondente-inclusioni-ripieno-aromatizzato\/georgia-ramon-cioccolato-fondente-con-pepe-malabar-e-cubeb\/"]}]},{"@type":"ImageObject","inLanguage":"en-US","@id":"https:\/\/www.chocolate7.com\/shop\/tavoletta\/fondente-inclusioni-ripieno-aromatizzato\/georgia-ramon-cioccolato-fondente-con-pepe-malabar-e-cubeb\/#primaryimage","url":"https:\/\/www.chocolate7.com\/wp-content\/uploads\/2023\/10\/IMG_20231022_104512_782-scaled-e1698056188141.jpg","contentUrl":"https:\/\/www.chocolate7.com\/wp-content\/uploads\/2023\/10\/IMG_20231022_104512_782-scaled-e1698056188141.jpg","width":600,"height":600},{"@type":"BreadcrumbList","@id":"https:\/\/www.chocolate7.com\/shop\/tavoletta\/fondente-inclusioni-ripieno-aromatizzato\/georgia-ramon-cioccolato-fondente-con-pepe-malabar-e-cubeb\/#breadcrumb","itemListElement":[{"@type":"ListItem","position":1,"name":"Home","item":"https:\/\/www.chocolate7.com\/en\/"},{"@type":"ListItem","position":2,"name":"Shop","item":"https:\/\/www.chocolate7.com\/en\/store\/"},{"@type":"ListItem","position":3,"name":"Georgia Ramon dark chocolate with Malabar and Cubeb pepper"}]},{"@type":"WebSite","@id":"https:\/\/www.chocolate7.com\/#website","url":"https:\/\/www.chocolate7.com\/","name":"Chocolate7","description":"The fine &amp; luxury chocolate selection","publisher":{"@id":"https:\/\/www.chocolate7.com\/#organization"},"potentialAction":[{"@type":"SearchAction","target":{"@type":"EntryPoint","urlTemplate":"https:\/\/www.chocolate7.com\/?s={search_term_string}"},"query-input":"required name=search_term_string"}],"inLanguage":"en-US"},{"@type":"Organization","@id":"https:\/\/www.chocolate7.com\/#organization","name":"Choc7 di Benedetto Giovanni","url":"https:\/\/www.chocolate7.com\/","logo":{"@type":"ImageObject","inLanguage":"en-US","@id":"https:\/\/www.chocolate7.com\/#\/schema\/logo\/image\/","url":"https:\/\/www.chocolate7.com\/wp-content\/uploads\/2018\/10\/logo_chocolate.png","contentUrl":"https:\/\/www.chocolate7.com\/wp-content\/uploads\/2018\/10\/logo_chocolate.png","width":200,"height":41,"caption":"Choc7 di Benedetto Giovanni"},"image":{"@id":"https:\/\/www.chocolate7.com\/#\/schema\/logo\/image\/"},"sameAs":["https:\/\/www.facebook.com\/cremino.gianduia.1","https:\/\/x.com\/GianduiaCremino","https:\/\/www.instagram.com\/creminogianduia\/","https:\/\/www.pinterest.com.au\/creminogianduia\/","https:\/\/www.youtube.com\/channel\/UCWFQlcc9EQnAsLkD8rBsgig"]}]}},"brands":[{"id":3348,"name":"Georgia Ramon","slug":"georgia-ramon-en"}],"_links":{"self":[{"href":"https:\/\/www.chocolate7.com\/en\/wp-json\/wp\/v2\/product\/32837","targetHints":{"allow":["GET"]}}],"collection":[{"href":"https:\/\/www.chocolate7.com\/en\/wp-json\/wp\/v2\/product"}],"about":[{"href":"https:\/\/www.chocolate7.com\/en\/wp-json\/wp\/v2\/types\/product"}],"wp:featuredmedia":[{"embeddable":true,"href":"https:\/\/www.chocolate7.com\/en\/wp-json\/wp\/v2\/media\/32839"}],"wp:attachment":[{"href":"https:\/\/www.chocolate7.com\/en\/wp-json\/wp\/v2\/media?parent=32837"}],"wp:term":[{"taxonomy":"pwb-brand","embeddable":true,"href":"https:\/\/www.chocolate7.com\/en\/wp-json\/wp\/v2\/pwb-brand?post=32837"},{"taxonomy":"product_brand","embeddable":true,"href":"https:\/\/www.chocolate7.com\/en\/wp-json\/wp\/v2\/product_brand?post=32837"},{"taxonomy":"product_cat","embeddable":true,"href":"https:\/\/www.chocolate7.com\/en\/wp-json\/wp\/v2\/product_cat?post=32837"},{"taxonomy":"product_tag","embeddable":true,"href":"https:\/\/www.chocolate7.com\/en\/wp-json\/wp\/v2\/product_tag?post=32837"},{"taxonomy":"giftcard-category","embeddable":true,"href":"https:\/\/www.chocolate7.com\/en\/wp-json\/wp\/v2\/giftcard-category?post=32837"}],"curies":[{"name":"wp","href":"https:\/\/api.w.org\/{rel}","templated":true}]}}